{"id":13635,"date":"2024-05-03T06:40:27","date_gmt":"2024-05-03T06:40:27","guid":{"rendered":"https:\/\/elfsight.com\/fr\/?page_id=13635"},"modified":"2025-07-10T07:48:45","modified_gmt":"2025-07-10T07:48:45","slug":"magento","status":"publish","type":"page","link":"https:\/\/elfsight.com\/fr\/linkedin-feed-widget\/magento\/","title":{"rendered":"LinkedIn Feed &#8211; Magento"},"content":{"rendered":"\n<div class=\"application-platform-content-item-description application-platform-content-item\" id=\"description\" data-nav-section=\"description\"> <h2>Int\u00e9grez gratuitement le flux LinkedIn sur Magento !<\/h2> <p>Le plugin LinkedIn Feed sans code est l&rsquo;outil id\u00e9al pour les entreprises diffuser et promouvoir leur contenu LinkedIn sur les sites Web Magento\u00a0: afficher des publications, des images, des clips, etc. L&rsquo;installation du plugin est transparente\u00a0: aucune comp\u00e9tence en codage ou technique n&rsquo;est requise.<\/p> <p>Cr\u00e9ez une apparence qui correspond aux pr\u00e9f\u00e9rences de votre site Web. et restez fid\u00e8le \u00e0 votre marque en essayant des attributs de flux, des mod\u00e8les, des mises en page et des styles de publication personnalis\u00e9s. Ajoutez un effet contextuel comme action post-clic pour attirer l&rsquo;attention des utilisateurs. Enfin, b\u00e9n\u00e9ficiez d\u2019une cr\u00e9dibilit\u00e9 accrue et de davantage d\u2019opportunit\u00e9s de branding. <\/p> <ul><li><strong>Optimisez vos canaux de r\u00e9seautage avec la page d&rsquo;entreprise LinkedIn.<\/strong><br>\u00c9tablissez de nouvelles connexions dans le monde du commerce et augmentez le nombre de prospects avec le contenu de votre profil LinkedIn. <\/li><li><strong>\u00c9largissez votre base d&rsquo;audience LinkedIn.<\/strong> <br>Mettez en lumi\u00e8re votre pr\u00e9sence LinkedIn au sein de la communaut\u00e9 du site Web Magento et suscitez un int\u00e9r\u00eat significatif pour vos offres. <\/li><li><strong>Am\u00e9liorez l&rsquo;authenticit\u00e9 de votre entreprise.<\/strong> <br>Donnez \u00e0 votre marque un coup de pouce suppl\u00e9mentaire en termes de cr\u00e9dibilit\u00e9 et de fiabilit\u00e9 en int\u00e9grant la derni\u00e8re activit\u00e9 LinkedIn directement sur la page du site Web. <\/li><\/ul><p><b>Ajoutez le plugin LinkedIn Feed au site Web Magento pour renforcer la cr\u00e9dibilit\u00e9, promouvoir l&rsquo;authenticit\u00e9 et \u00e9largir votre r\u00e9seau en tirant parti d&rsquo;une preuve sociale convaincante.<\/b><\/p> <div class=\"faq\" data-component=\"FAQ\"><div class=\"faq-item\">\r\n\t\t\t\t\t<div class=\"faq-item-question\">\r\n\t\t\t\t\t\t<h3 class=\"faq-item-question-text\">Existe-t-il d'autres outils pour Magento que je peux utiliser sur mon site ? <\/h3>\r\n\r\n\t\t\t\t\t\t<div class=\"faq-item-question-icon\"><\/div>\r\n\t\t\t\t\t<\/div>\r\n\r\n\t\t\t\t\t<div class=\"faq-item-answer\">\r\n\t\t\t\t\t\t<div class=\"faq-item-answer-text\"><p>Oui, absolument\u00a0! En tant qu&rsquo;utilisateur du site Web Magento, vous pouvez obtenir des dizaines d&rsquo;outils sans code d&rsquo;Elfsight, et le plugin LinkedIn Feed n&rsquo;est qu&rsquo;une de ces offres. Quel que soit votre type d\u2019entreprise ou votre niche au sein de l\u2019industrie, il est toujours avantageux de rechercher des opportunit\u00e9s pour afficher vos points forts. Par exemple\u00a0: <\/p><ul><li>Pour cr\u00e9er toute autre application de m\u00e9dias sociaux pour votre site Web Magento, telle que le plugin LinkedIn Feed sans code, envisagez d&rsquo;exp\u00e9rimenter avec <a href=\"https:\/\/elfsight. com\/pinterest-feed-widget\/\">Flux Pinterest<\/a> ou widget <a href=\"https:\/\/elfsight.com\/instagram-feed-instashow\/\">Flux Instagram<\/a>. <\/li><li> Procurez-vous les <a href=\"https:\/\/elfsight.com\/all-in-one-reviews-widget\/\">Avis tout-en-un<\/a> ou <a href=\"https:\/\/elfsight.com\/google-reviews-widget\/\">Google Reviews<\/a> pour afficher les commentaires des clients. <\/li><li>Int\u00e9grez le widget <a href=\"https:\/\/elfsight.com\/online-form-builder\/\">Form Builder<\/a> pour collecter les r\u00e9ponses et permettre les interactions des utilisateurs sur votre site Web Magento. <\/li> <li>Ajoutez le <a href=\"https:\/\/elfsight.com\/countdown-timer-widget\/\">compte \u00e0 rebours<\/a> pour g\u00e9n\u00e9rer de l&rsquo;anticipation et cr\u00e9er un sentiment de raret\u00e9 parmi le public. <\/li><\/ul><p>Et n&rsquo;oubliez pas que ce ne sont que quelques exemples parmi une longue liste d&rsquo;ajouts qui peuvent r\u00e9pondre aux besoins de votre entreprise. Commencez avec LinkedIn Feed et approfondissez notre catalogue pour d\u00e9couvrir d\u2019autres solutions de widgets \u00e0 ajouter\u00a0! <\/p><\/div>\r\n\t\t\t\t\t<\/div>\r\n\t\t\t\t<\/div><div class=\"faq-item\">\r\n\t\t\t\t\t<div class=\"faq-item-question\">\r\n\t\t\t\t\t\t<h3 class=\"faq-item-question-text\">Comment int\u00e9grer LinkedIn Feed gratuitement sur Magento ? <\/h3>\r\n\r\n\t\t\t\t\t\t<div class=\"faq-item-question-icon\"><\/div>\r\n\t\t\t\t\t<\/div>\r\n\r\n\t\t\t\t\t<div class=\"faq-item-answer\">\r\n\t\t\t\t\t\t<div class=\"faq-item-answer-text\"><p>Pour ajouter gratuitement le plugin LinkedIn Feed sans code \u00e0 votre site Web Magento, suivez les \u00e9tapes ci-dessous\u00a0: <\/p> <ol><li>Personnalisez l&rsquo;apparence du widget Flux LinkedIn \u00e0 votre guise. <\/li><li>Connectez-vous \u00e0 votre panneau d&rsquo;administration Elfsight ou enregistrez un profil gratuit. <\/li><li>Recevez le code d&rsquo;installation unique \u00e0 int\u00e9grer. <\/li><li>Acc\u00e9dez \u00e0 votre site Web Magento. <\/li><li>Ins\u00e9rez le code dans votre cr\u00e9ateur de site Web Magento pour ajouter le plugin LinkedIn Feed. Vous avez termin\u00e9\u00a0! <\/li><\/ol><p>Comme il appara\u00eet clairement, il n&rsquo;est pas n\u00e9cessaire de ma\u00eetriser l&rsquo;\u00e9criture de code pour int\u00e9grer le plugin. Cr\u00e9ez facilement le widget de flux LinkedIn pour un site Web Magento et profitez de tous les avantages li\u00e9s au parcours d&rsquo;\u00e9largissement de votre audience. <\/p><\/div>\r\n\t\t\t\t\t<\/div>\r\n\t\t\t\t<\/div><div class=\"faq-item\">\r\n\t\t\t\t\t<div class=\"faq-item-question\">\r\n\t\t\t\t\t\t<h3 class=\"faq-item-question-text\">Dois-je savoir coder ou avoir des comp\u00e9tences en programmation pour ajouter le widget LinkedIn Feed au site Magento ? <\/h3>\r\n\r\n\t\t\t\t\t\t<div class=\"faq-item-question-icon\"><\/div>\r\n\t\t\t\t\t<\/div>\r\n\r\n\t\t\t\t\t<div class=\"faq-item-answer\">\r\n\t\t\t\t\t\t<div class=\"faq-item-answer-text\"><p>Pas du tout. Il est absolument inutile d&rsquo;avoir des comp\u00e9tences en codage. Vous pouvez cr\u00e9er et ajouter le plugin LinkedIn Feed \u00e0 votre site Web Magento, quels que soient vos ant\u00e9c\u00e9dents ou vos connaissances en code. <\/p> <\/div>\r\n\t\t\t\t\t<\/div>\r\n\t\t\t\t<\/div><\/div><div class=\"application-platform-content-item-features application-platform-content-item\" id=\"features\" data-nav-section=\"features\"><\/div> <h2>Vous trouverez ci-dessous les principales fonctionnalit\u00e9s du widget\u00a0: <\/h2> <ul><li>Affichez divers types de contenu LinkedIn\u00a0: articles de blog , images, vid\u00e9os, etc. <\/li><li>Filtrez les publications du fil par mots-cl\u00e9s, hashtags ou URL. <\/li><li>Boutons CTA pour am\u00e9liorer la visibilit\u00e9 du flux LinkedIn de votre entreprise. <\/li><li>Effet popup dynamique pour attirer l&rsquo;attention des gens sur votre contenu LinkedIn. <\/li><li>Personnalisation avanc\u00e9e sans avoir besoin de coder\u00a0: mod\u00e8les pr\u00e9d\u00e9finis, g\u00e9n\u00e9rateur de sch\u00e9mas de couleurs, conceptions de mise en page, styles de publication, CSS personnalis\u00e9, etc. <\/li><\/ul><p><a href=\"#demo\">Vous pouvez d\u00e9couvrir toutes les capacit\u00e9s du widget dans la d\u00e9mo sur cette page<\/a><\/p> <\/div> <div class=\"application-platform-content-item-installation application-platform-content-item\" id=\"installation\" data-nav-section=\"installation\"> <h2>Comment ajouter un flux LinkedIn \u00e0 mon site Web Magento\u00a0? <\/h2> <p>Pour int\u00e9grer le widget de flux LinkedIn sans code sur votre site Web Magento, proc\u00e9dez comme suit\u00a0: <\/p> <ol><li><b>Utilisez notre \u00e9diteur gratuit et commencez \u00e0 cr\u00e9er votre widget de flux LinkedIn personnalis\u00e9. . <\/b><br> Sp\u00e9cifiez l&rsquo;apparence personnalis\u00e9e et les caract\u00e9ristiques du plugin et enregistrez les corrections. <\/li> <li><b>Recevez le code personnel expos\u00e9 dans le formulaire sp\u00e9cial sur Elfsight Apps. <\/b><br> Juste une fois la personnalisation de votre plugin termin\u00e9e, copiez le code individuel dans la fen\u00eatre qui appara\u00eet et enregistrez-le pour une utilisation future. <\/li> <li><b>Commencez \u00e0 utiliser le widget sur votre site Web Magento. <\/b><br> Ajoutez le code enregistr\u00e9 r\u00e9cemment sur votre site Web et enregistrez les modifications. <\/li> <li><b>Fait\u00a0! Le processus d&rsquo;int\u00e9gration est ex\u00e9cut\u00e9 avec succ\u00e8s. <\/b><br> Acc\u00e9dez \u00e0 votre site Web pour inspecter les performances du widget Flux LinkedIn. <\/li><\/ol> <p>Si vous rencontrez des difficult\u00e9s pour ajouter le widget, n&rsquo;h\u00e9sitez pas \u00e0 \u00e9crire \u00e0 notre \u00e9quipe d&rsquo;assistance. Nos sp\u00e9cialistes ont h\u00e2te de vous aider \u00e0 r\u00e9soudre tous les probl\u00e8mes que vous pourriez rencontrer avec le plugin LinkedIn Feed sans code pour les sites Web Magento. <\/p> <\/div>\n","protected":false},"excerpt":{"rendered":"","protected":false},"author":9,"featured_media":0,"parent":7326,"menu_order":0,"comment_status":"closed","ping_status":"closed","template":"templates\/template-application-platform.php","meta":{"publish_to_discourse":"","publish_post_category":"","wpdc_auto_publish_overridden":"","wpdc_topic_tags":"","wpdc_pin_topic":"","wpdc_pin_until":"","discourse_post_id":"","discourse_permalink":"","wpdc_publishing_response":"","wpdc_publishing_error":"","footnotes":""},"class_list":["post-13635","page","type-page","status-publish","hentry"],"yoast_head":"<!-- This site is optimized with the Yoast SEO plugin v25.3.1 - https:\/\/yoast.com\/wordpress\/plugins\/seo\/ -->\n<title>Flux LinkedIn - Ajoutez une extension de flux \u00e0 Magento [gratuitement\u00a0!]<\/title>\n<meta name=\"description\" content=\"Int\u00e9grez l&#039;extension LinkedIn Feed sans codage sur votre site Web Magento. Cr\u00e9ez votre widget \u00e0 l&#039;aide d&#039;une d\u00e9mo en direct et de mod\u00e8les pr\u00e9d\u00e9finis pour disposer d&#039;une solide preuve sociale.\" \/>\n<meta name=\"robots\" content=\"index, follow, max-snippet:-1, max-image-preview:large, max-video-preview:-1\" \/>\n<link rel=\"canonical\" href=\"https:\/\/elfsight.com\/fr\/linkedin-feed-widget\/magento\/\" \/>\n<meta property=\"og:locale\" content=\"fr_FR\" \/>\n<meta property=\"og:type\" content=\"article\" \/>\n<meta property=\"og:title\" content=\"Flux LinkedIn - Ajoutez une extension de flux \u00e0 Magento [gratuitement\u00a0!]\" \/>\n<meta property=\"og:description\" content=\"Int\u00e9grez l&#039;extension LinkedIn Feed sans codage sur votre site Web Magento. Cr\u00e9ez votre widget \u00e0 l&#039;aide d&#039;une d\u00e9mo en direct et de mod\u00e8les pr\u00e9d\u00e9finis pour disposer d&#039;une solide preuve sociale.\" \/>\n<meta property=\"og:url\" content=\"https:\/\/elfsight.com\/fr\/linkedin-feed-widget\/magento\/\" \/>\n<meta property=\"og:site_name\" content=\"Elfsight FR\" \/>\n<meta property=\"article:modified_time\" content=\"2025-07-10T07:48:45+00:00\" \/>\n<meta name=\"twitter:card\" content=\"summary_large_image\" \/>\n<meta name=\"twitter:label1\" content=\"Dur\u00e9e de lecture estim\u00e9e\" \/>\n\t<meta name=\"twitter:data1\" content=\"5 minutes\" \/>\n<!-- \/ Yoast SEO plugin. -->","yoast_head_json":{"title":"Flux LinkedIn - Ajoutez une extension de flux \u00e0 Magento [gratuitement\u00a0!]","description":"Int\u00e9grez l'extension LinkedIn Feed sans codage sur votre site Web Magento. Cr\u00e9ez votre widget \u00e0 l'aide d'une d\u00e9mo en direct et de mod\u00e8les pr\u00e9d\u00e9finis pour disposer d'une solide preuve sociale.","robots":{"index":"index","follow":"follow","max-snippet":"max-snippet:-1","max-image-preview":"max-image-preview:large","max-video-preview":"max-video-preview:-1"},"canonical":"https:\/\/elfsight.com\/fr\/linkedin-feed-widget\/magento\/","og_locale":"fr_FR","og_type":"article","og_title":"Flux LinkedIn - Ajoutez une extension de flux \u00e0 Magento [gratuitement\u00a0!]","og_description":"Int\u00e9grez l'extension LinkedIn Feed sans codage sur votre site Web Magento. Cr\u00e9ez votre widget \u00e0 l'aide d'une d\u00e9mo en direct et de mod\u00e8les pr\u00e9d\u00e9finis pour disposer d'une solide preuve sociale.","og_url":"https:\/\/elfsight.com\/fr\/linkedin-feed-widget\/magento\/","og_site_name":"Elfsight FR","article_modified_time":"2025-07-10T07:48:45+00:00","twitter_card":"summary_large_image","twitter_misc":{"Dur\u00e9e de lecture estim\u00e9e":"5 minutes"},"schema":{"@context":"https:\/\/schema.org","@graph":[{"@type":"WebPage","@id":"https:\/\/elfsight.com\/fr\/linkedin-feed-widget\/magento\/","url":"https:\/\/elfsight.com\/fr\/linkedin-feed-widget\/magento\/","name":"Flux LinkedIn - Ajoutez une extension de flux \u00e0 Magento [gratuitement\u00a0!]","isPartOf":{"@id":"https:\/\/elfsight.com\/fr\/#website"},"datePublished":"2024-05-03T06:40:27+00:00","dateModified":"2025-07-10T07:48:45+00:00","description":"Int\u00e9grez l'extension LinkedIn Feed sans codage sur votre site Web Magento. Cr\u00e9ez votre widget \u00e0 l'aide d'une d\u00e9mo en direct et de mod\u00e8les pr\u00e9d\u00e9finis pour disposer d'une solide preuve sociale.","breadcrumb":{"@id":"https:\/\/elfsight.com\/fr\/linkedin-feed-widget\/magento\/#breadcrumb"},"inLanguage":"fr-FR","potentialAction":[{"@type":"ReadAction","target":["https:\/\/elfsight.com\/fr\/linkedin-feed-widget\/magento\/"]}]},{"@type":"BreadcrumbList","@id":"https:\/\/elfsight.com\/fr\/linkedin-feed-widget\/magento\/#breadcrumb","itemListElement":[{"@type":"ListItem","position":1,"name":"Home","item":"https:\/\/elfsight.com\/fr\/"},{"@type":"ListItem","position":2,"name":"LinkedIn Feed","item":"https:\/\/elfsight.com\/fr\/linkedin-feed-widget\/"},{"@type":"ListItem","position":3,"name":"LinkedIn Feed &#8211; Magento"}]},{"@type":"WebSite","@id":"https:\/\/elfsight.com\/fr\/#website","url":"https:\/\/elfsight.com\/fr\/","name":"Elfsight FR","description":"","potentialAction":[{"@type":"SearchAction","target":{"@type":"EntryPoint","urlTemplate":"https:\/\/elfsight.com\/fr\/?s={search_term_string}"},"query-input":{"@type":"PropertyValueSpecification","valueRequired":true,"valueName":"search_term_string"}}],"inLanguage":"fr-FR"}]}},"meta_box":{"industry":"","seo_heading":"","heading":"","description":"","cta_heading":"","cta_description":"","application":"7313","h1":"Comment int\u00e9grer gratuitement LinkedIn Feed sur Magento\u00a0!","h1_caption":"Affichez les publications de votre profil LinkedIn ou de votre page d'entreprise sur votre site Web, am\u00e9liorant ainsi votre pr\u00e9sence professionnelle en ligne sur votre site Web Magento sans effort.","application_category":[],"applications_title":"","applications_request_title":"","applications_request_button_text":"","hero_text":"","hero_video":"","hero_video_schema_markup":"","selling_points_title":"","selling_points_caption":"","selling_points":[],"selling_points_cta_text":"","features_title":"","features":"","ed_cta_examples_text":"","ed_cta_examples_hidden":"","ed_cta_demo_text":"","ed_cta_demo_hidden":"","why_caption":"","why_editor_title":"","why_editor_text":"","why_team_title":"","why_team_text":"","why_service_title":"","why_service_text":"","template_catalog_visible":"0","template_catalog_title":"","template_catalog_text":"","template_catalog_categories_visible":"","demo_title":"Cr\u00e9ez votre extension de flux LinkedIn","demo_caption":"Configurez votre flux LinkedIn et ajoutez-le \u00e0 votre site Magento gratuitement !","default_faq_hidden":"","app_template_category":[],"platform":"357","template_public_id":"","codecanyon_url":"","codecanyon_item_id":"","codecanyon_price":"","pricing_caption":"","pricing_elfsight_apps_hide_column":"","pricing_elfsight_apps_url":"","pricing_codecanyon_price_caption":"","integration_category":[],"integration_request_title":"","integration_request_cta":"","integration_platform":"","integrations":[],"platform_category":[],"video_schema_markup":"","price":"\u00e0 partir de 0$ \/ mois","trial":"","benefits":[{"text":"Assistance \u00e0 l'installation gratuite"},{"text":"Service client efficace"},{"text":"Garantie de remboursement de 14 jours"},{"text":"Mise \u00e0 jour constante"}],"button_url":"#demo","button_target_blank":"0","button_nofollow":"0","attributes":[{"name":"Installations","content":"10,000 - 100,000"},{"name":"Sensible","content":"Oui"},{"name":"Navigateurs compatibles","content":"Firefox, Safari, Opera, Chrome, Edge"}],"tags":[],"tags_disable_links":"0","hide_more_platforms":"0","video_object":"","demo_hide_cta":"0","demo_hide_cloud_options":"0","pricing_title":"","pricing":[{"pricing_icon":"platform","pricing_title":"Elfsight Apps","pricing_title_caption":"Solution num\u00e9rique ind\u00e9pendante de la plateforme qui fonctionne sur n'importe quel site Web","pricing_price":"from $0 \/ month","pricing_price_caption":"Commencez avec un forfait gratuit","pricing_benefits":[{"text":"Sites Web illimit\u00e9s"},{"text":"Assistance client 24h\/24 et 7j\/7"},{"text":"Assistance \u00e0 l'installation gratuite"},{"text":"Conception flexible"}],"pricing_button_text":"Ajouter au site Web","pricing_button_url":"#demo"}],"related_apps_title":"","related_apps_hidden":"0","author":"","image":[],"title":"","job":"","social_networks":[]},"_links":{"self":[{"href":"https:\/\/elfsight.com\/fr\/wp-json\/wp\/v2\/pages\/13635","targetHints":{"allow":["GET"]}}],"collection":[{"href":"https:\/\/elfsight.com\/fr\/wp-json\/wp\/v2\/pages"}],"about":[{"href":"https:\/\/elfsight.com\/fr\/wp-json\/wp\/v2\/types\/page"}],"author":[{"embeddable":true,"href":"https:\/\/elfsight.com\/fr\/wp-json\/wp\/v2\/users\/9"}],"replies":[{"embeddable":true,"href":"https:\/\/elfsight.com\/fr\/wp-json\/wp\/v2\/comments?post=13635"}],"version-history":[{"count":2,"href":"https:\/\/elfsight.com\/fr\/wp-json\/wp\/v2\/pages\/13635\/revisions"}],"predecessor-version":[{"id":16682,"href":"https:\/\/elfsight.com\/fr\/wp-json\/wp\/v2\/pages\/13635\/revisions\/16682"}],"up":[{"embeddable":true,"href":"https:\/\/elfsight.com\/fr\/wp-json\/wp\/v2\/pages\/7326"}],"wp:attachment":[{"href":"https:\/\/elfsight.com\/fr\/wp-json\/wp\/v2\/media?parent=13635"}],"curies":[{"name":"wp","href":"https:\/\/api.w.org\/{rel}","templated":true}]}}