{"id":13629,"date":"2024-05-03T06:40:25","date_gmt":"2024-05-03T06:40:25","guid":{"rendered":"https:\/\/elfsight.com\/fr\/?page_id=13629"},"modified":"2025-07-10T08:13:51","modified_gmt":"2025-07-10T08:13:51","slug":"blogger","status":"publish","type":"page","link":"https:\/\/elfsight.com\/fr\/linkedin-feed-widget\/blogger\/","title":{"rendered":"LinkedIn Feed &#8211; Blogger"},"content":{"rendered":"<div class=\"application-platform-content-item-description application-platform-content-item\" id=\"description\" data-nav-section=\"description\"> <h2>Int\u00e9grez gratuitement le flux LinkedIn sur Blogger\u00a0!<\/h2> <p>Le plugin LinkedIn Feed est le meilleur outil permettant aux entreprises de pr\u00e9senter et de faire de la publicit\u00e9. leur contenu LinkedIn sur les sites Web Blogger : afficher des articles, des images, des vid\u00e9os, etc. L&rsquo;installation du plugin prend quelques pressions sur un bouton : aucune comp\u00e9tence en codage ou en programmation n&rsquo;est requise. <\/p> <p>Cr\u00e9ez une apparence adapt\u00e9e \u00e0 l&rsquo;esth\u00e9tique de votre site Web et restez fid\u00e8le \u00e0 votre marque en associant des \u00e9l\u00e9ments de flux personnalis\u00e9s, des mod\u00e8les de widgets, des mises en page et des styles de publication. Ajoutez un effet popup comme action post-clic pour capter l&rsquo;attention des utilisateurs. Enfin, b\u00e9n\u00e9ficiez d\u2019une cr\u00e9dibilit\u00e9 accrue et d\u2019un meilleur taux d\u2019engagement. <\/p> <ul><li><strong>Renforcez vos capacit\u00e9s de r\u00e9seautage avec la page d&rsquo;entreprise LinkedIn.<\/strong><br>D\u00e9clenchez de nouvelles connexions dans le monde du commerce et amplifiez le nombre de prospects avec le contenu de votre profil LinkedIn. . <\/li><li><strong>Augmentez votre audience sur LinkedIn.<\/strong> <br>Mettez en valeur votre pr\u00e9sence LinkedIn parmi les utilisateurs du site Web Blogger et suscitez un int\u00e9r\u00eat significatif pour vos offres.<\/li><li><strong>Am\u00e9liorez l&rsquo;authenticit\u00e9 de votre entreprise.<\/strong> <br>Fournissez une couche suppl\u00e9mentaire de cr\u00e9dibilit\u00e9 et de fiabilit\u00e9 \u00e0 votre marque en pr\u00e9sentant l&rsquo;activit\u00e9 LinkedIn la plus r\u00e9cente directement sur la page du site Web.<\/li><\/ul><p><b>Ajoutez le widget de flux LinkedIn sans code au site Web Blogger pour renforcer la confiance, promouvoir l&rsquo;authenticit\u00e9 et \u00e9tendre le r\u00e9seautage avec une preuve sociale solide. <\/b><\/p> <div class=\"faq\" data-component=\"FAQ\"><div class=\"faq-item\">\r\n\t\t\t\t\t<div class=\"faq-item-question\">\r\n\t\t\t\t\t\t<h3 class=\"faq-item-question-text\">Existe-t-il d'autres outils Blogger que je peux utiliser sur mon site ? <\/h3>\r\n\r\n\t\t\t\t\t\t<div class=\"faq-item-question-icon\"><\/div>\r\n\t\t\t\t\t<\/div>\r\n\r\n\t\t\t\t\t<div class=\"faq-item-answer\">\r\n\t\t\t\t\t\t<div class=\"faq-item-answer-text\"><p>Oui, certainement\u00a0! \u00catre un utilisateur de Blogger ouvre des tonnes d&rsquo;outils sans code d&rsquo;Elfsight, et le plugin LinkedIn Feed n&rsquo;est qu&rsquo;une parmi les nombreuses options disponibles. Quel que soit votre cr\u00e9neau commercial ou votre secteur d\u2019activit\u00e9, il est toujours avantageux de rechercher des opportunit\u00e9s pour afficher vos points forts. Voici quelques possibilit\u00e9s\u00a0: <\/p><ul><li>Pour cr\u00e9er toute autre application de m\u00e9dias sociaux pour votre site Web Blogger similaire au flux LinkedIn, pensez \u00e0 utiliser le <a href=\"https:\/\/elfsight.com\/pinterest- feed-widget\/\">Flux Pinterest<\/a> ou <a href=\"https:\/\/elfsight.com\/instagram-feed-instashow\/\">Flux Instagram<\/a>. <\/li><li>Profitez des <a href=\"https:\/\/elfsight.com\/all-in-one-reviews-widget\/\">Avis tout-en-un<\/a> ou <a href>Google Reviews<\/a> pour afficher les pr\u00e9cieux commentaires des clients. <\/li><li>Int\u00e9grez le <a href=\"https:\/\/elfsight.com\/online-form-builder\/\">Form Builder<\/a> pour rationaliser la collecte des r\u00e9ponses et permettre aux utilisateurs de votre site Web Blogger de vous contacter. <\/li> <li>Ajoutez le <a href=\"https:\/\/elfsight.com\/countdown-timer-widget\/\">compte \u00e0 rebours<\/a> pour g\u00e9n\u00e9rer de l&rsquo;engagement et cr\u00e9er un sentiment de raret\u00e9 au sein de votre audience. <\/li><\/ul><p>Et n&rsquo;oubliez pas que ces suggestions ne sont qu&rsquo;un d\u00e9but. Explorez le reste de notre catalogue de widgets \u00e0 ajouter apr\u00e8s la mise en \u0153uvre du plugin LinkedIn Feed sur votre site Web pour d\u00e9couvrir encore plus de fa\u00e7ons de r\u00e9pondre aux besoins sp\u00e9cifiques de votre entreprise ! <\/p><\/div>\r\n\t\t\t\t\t<\/div>\r\n\t\t\t\t<\/div><div class=\"faq-item\">\r\n\t\t\t\t\t<div class=\"faq-item-question\">\r\n\t\t\t\t\t\t<h3 class=\"faq-item-question-text\">Comment int\u00e9grer gratuitement LinkedIn Feed sur Blogger ? <\/h3>\r\n\r\n\t\t\t\t\t\t<div class=\"faq-item-question-icon\"><\/div>\r\n\t\t\t\t\t<\/div>\r\n\r\n\t\t\t\t\t<div class=\"faq-item-answer\">\r\n\t\t\t\t\t\t<div class=\"faq-item-answer-text\"><p>Si vous souhaitez ajouter gratuitement le plugin LinkedIn Feed sans code \u00e0 votre site Web Blogger, suivez ces \u00e9tapes ci-dessous\u00a0: <\/p> <ol><li>Personnalisez l&rsquo;apparence du widget Flux LinkedIn pour refl\u00e9ter le choix de conception de votre site Web. <\/li><li>Connectez-vous \u00e0 votre tableau de bord Elfsight ou cr\u00e9ez un profil gratuit. <\/li><li>Recevez le code d&rsquo;int\u00e9gration g\u00e9n\u00e9r\u00e9 automatiquement \u00e0 ajouter \u00e0 votre site Web. <\/li><li>Acc\u00e9dez \u00e0 votre site Web Blogger. <\/li><li>Ins\u00e9rez le code dans l&rsquo;\u00e9diteur de votre site Web Blogger pour ajouter le widget LinkedIn Feed. Vous avez termin\u00e9! <\/li><\/ol><p>Comme il appara\u00eet clairement, il n&rsquo;est pas n\u00e9cessaire de ma\u00eetriser l&rsquo;\u00e9criture de code pour embarquer le plugin. Cr\u00e9ez facilement le widget de flux LinkedIn sans code pour un site Web Blogger et profitez de divers avantages qui vous permettront d&rsquo;\u00e9largir votre audience. <\/p><\/div>\r\n\t\t\t\t\t<\/div>\r\n\t\t\t\t<\/div><div class=\"faq-item\">\r\n\t\t\t\t\t<div class=\"faq-item-question\">\r\n\t\t\t\t\t\t<h3 class=\"faq-item-question-text\">Dois-je savoir coder ou avoir des comp\u00e9tences en programmation pour ajouter le plugin LinkedIn Feed \u00e0 Blogger ? <\/h3>\r\n\r\n\t\t\t\t\t\t<div class=\"faq-item-question-icon\"><\/div>\r\n\t\t\t\t\t<\/div>\r\n\r\n\t\t\t\t\t<div class=\"faq-item-answer\">\r\n\t\t\t\t\t\t<div class=\"faq-item-answer-text\"><p>Non, vous n&rsquo;\u00eates pas oblig\u00e9 de les avoir. Les comp\u00e9tences en codage sont inutiles. Vous avez toutes les capacit\u00e9s n\u00e9cessaires pour cr\u00e9er et ajouter le plugin LinkedIn Feed \u00e0 votre site Web Blogger, m\u00eame sans aucune connaissance sp\u00e9cialis\u00e9e ni exp\u00e9rience pr\u00e9alable en code. <\/p> <\/div>\r\n\t\t\t\t\t<\/div>\r\n\t\t\t\t<\/div><\/div><div class=\"application-platform-content-item-features application-platform-content-item\" id=\"features\" data-nav-section=\"features\"><\/div> <h2>Les fonctionnalit\u00e9s les plus pr\u00e9cieuses du widget contiennent<\/h2> <ul><li>Affichez une vari\u00e9t\u00e9 de contenus LinkedIn\u00a0: articles de blog, photos , vid\u00e9os, etc. <\/li><li>Regroupez les publications du fil par mots-cl\u00e9s, hashtags ou filtres d&rsquo;URL. <\/li><li>Ajoutez les boutons d&rsquo;appel \u00e0 l&rsquo;action pour augmenter l&rsquo;engagement sur le flux de votre entreprise LinkedIn. <\/li><li>Effet popup accrocheur pour attirer l&rsquo;attention sur votre contenu LinkedIn. <\/li><li>Personnalisation avanc\u00e9e sans avoir besoin de coder\u00a0: mod\u00e8les pr\u00e9d\u00e9finis, cr\u00e9ateur de sch\u00e9mas de couleurs, mises en page multiples, styles de publication, CSS personnalis\u00e9, etc. <\/li><\/ul><p><a href=\"#demo\">Explorez tous les param\u00e8tres dans une d\u00e9mo de widget enti\u00e8rement fonctionnelle<\/a><\/p> <\/div> <div class=\"application-platform-content-item-installation application-platform-content-item\" id=\"installation\" data-nav-section=\"installation\"> <h2>Comment puis-je int\u00e9grer le flux LinkedIn dans mon site Web Blogger\u00a0? <\/h2> <p>Pour ajouter le flux LinkedIn sans code \u00e0 votre site Web Blogger, suivez ces instructions\u00a0: <\/p> <ol><li><b>G\u00e9rez notre d\u00e9mo gratuite et commencez \u00e0 fa\u00e7onner votre widget de flux LinkedIn unique. <\/b><br> Choisissez l&rsquo;interface pr\u00e9f\u00e9r\u00e9e et les caract\u00e9ristiques fonctionnelles du plugin et enregistrez les corrections. <\/li> <li><b>Copiez votre code individuel qui appara\u00eet dans le formulaire sp\u00e9cial sur les applications Elfsight. <\/b><br> Une fois la configuration de votre plugin personnel termin\u00e9e, copiez le code exclusif dans la bo\u00eete qui appara\u00eet et conservez-le pour d&rsquo;autres besoins. <\/li> <li><b>Commencez \u00e0 utiliser le widget sur votre site Web Blogger. <\/b><br> Int\u00e9grez le code que vous avez copi\u00e9 r\u00e9cemment dans votre site Web et enregistrez les corrections. <\/li> <li><b>Fait\u00a0! La configuration est termin\u00e9e avec succ\u00e8s. <\/b><br> Acc\u00e9dez \u00e0 votre site Web pour voir comment fonctionne le plugin LinkedIn Feed. <\/li><\/ol> <p>Si vous rencontrez des obstacles lors de l&rsquo;ajout du widget, n&rsquo;h\u00e9sitez pas \u00e0 demander de l&rsquo;aide \u00e0 notre \u00e9quipe d&rsquo;assistance. Nos consultants ont h\u00e2te de vous aider avec toutes les questions que vous pourriez avoir sur le plugin LinkedIn Feed sans code pour les sites Web Blogger. <\/p> <\/div>","protected":false},"excerpt":{"rendered":"","protected":false},"author":9,"featured_media":0,"parent":7326,"menu_order":0,"comment_status":"closed","ping_status":"closed","template":"templates\/template-application-platform.php","meta":{"publish_to_discourse":"","publish_post_category":"","wpdc_auto_publish_overridden":"","wpdc_topic_tags":"","wpdc_pin_topic":"","wpdc_pin_until":"","discourse_post_id":"","discourse_permalink":"","wpdc_publishing_response":"","wpdc_publishing_error":"","footnotes":""},"class_list":["post-13629","page","type-page","status-publish","hentry"],"yoast_head":"<!-- This site is optimized with the Yoast SEO plugin v25.3.1 - https:\/\/yoast.com\/wordpress\/plugins\/seo\/ -->\n<title>Flux LinkedIn - Ajoutez un widget de flux \u00e0 Blogger [gratuitement\u00a0!]<\/title>\n<meta name=\"description\" content=\"Int\u00e9grez le widget de flux LinkedIn sans codage sur votre site Web Blogger. Cr\u00e9ez votre plugin \u00e0 l&#039;aide d&#039;une d\u00e9mo en direct et de mod\u00e8les pr\u00e9d\u00e9finis pour disposer d&#039;une solide preuve sociale.\" \/>\n<meta name=\"robots\" content=\"index, follow, max-snippet:-1, max-image-preview:large, max-video-preview:-1\" \/>\n<link rel=\"canonical\" href=\"https:\/\/elfsight.com\/fr\/linkedin-feed-widget\/blogger\/\" \/>\n<meta property=\"og:locale\" content=\"fr_FR\" \/>\n<meta property=\"og:type\" content=\"article\" \/>\n<meta property=\"og:title\" content=\"Flux LinkedIn - Ajoutez un widget de flux \u00e0 Blogger [gratuitement\u00a0!]\" \/>\n<meta property=\"og:description\" content=\"Int\u00e9grez le widget de flux LinkedIn sans codage sur votre site Web Blogger. Cr\u00e9ez votre plugin \u00e0 l&#039;aide d&#039;une d\u00e9mo en direct et de mod\u00e8les pr\u00e9d\u00e9finis pour disposer d&#039;une solide preuve sociale.\" \/>\n<meta property=\"og:url\" content=\"https:\/\/elfsight.com\/fr\/linkedin-feed-widget\/blogger\/\" \/>\n<meta property=\"og:site_name\" content=\"Elfsight FR\" \/>\n<meta property=\"article:modified_time\" content=\"2025-07-10T08:13:51+00:00\" \/>\n<meta name=\"twitter:card\" content=\"summary_large_image\" \/>\n<meta name=\"twitter:label1\" content=\"Dur\u00e9e de lecture estim\u00e9e\" \/>\n\t<meta name=\"twitter:data1\" content=\"5 minutes\" \/>\n<!-- \/ Yoast SEO plugin. -->","yoast_head_json":{"title":"Flux LinkedIn - Ajoutez un widget de flux \u00e0 Blogger [gratuitement\u00a0!]","description":"Int\u00e9grez le widget de flux LinkedIn sans codage sur votre site Web Blogger. Cr\u00e9ez votre plugin \u00e0 l'aide d'une d\u00e9mo en direct et de mod\u00e8les pr\u00e9d\u00e9finis pour disposer d'une solide preuve sociale.","robots":{"index":"index","follow":"follow","max-snippet":"max-snippet:-1","max-image-preview":"max-image-preview:large","max-video-preview":"max-video-preview:-1"},"canonical":"https:\/\/elfsight.com\/fr\/linkedin-feed-widget\/blogger\/","og_locale":"fr_FR","og_type":"article","og_title":"Flux LinkedIn - Ajoutez un widget de flux \u00e0 Blogger [gratuitement\u00a0!]","og_description":"Int\u00e9grez le widget de flux LinkedIn sans codage sur votre site Web Blogger. Cr\u00e9ez votre plugin \u00e0 l'aide d'une d\u00e9mo en direct et de mod\u00e8les pr\u00e9d\u00e9finis pour disposer d'une solide preuve sociale.","og_url":"https:\/\/elfsight.com\/fr\/linkedin-feed-widget\/blogger\/","og_site_name":"Elfsight FR","article_modified_time":"2025-07-10T08:13:51+00:00","twitter_card":"summary_large_image","twitter_misc":{"Dur\u00e9e de lecture estim\u00e9e":"5 minutes"},"schema":{"@context":"https:\/\/schema.org","@graph":[{"@type":"WebPage","@id":"https:\/\/elfsight.com\/fr\/linkedin-feed-widget\/blogger\/","url":"https:\/\/elfsight.com\/fr\/linkedin-feed-widget\/blogger\/","name":"Flux LinkedIn - Ajoutez un widget de flux \u00e0 Blogger [gratuitement\u00a0!]","isPartOf":{"@id":"https:\/\/elfsight.com\/fr\/#website"},"datePublished":"2024-05-03T06:40:25+00:00","dateModified":"2025-07-10T08:13:51+00:00","description":"Int\u00e9grez le widget de flux LinkedIn sans codage sur votre site Web Blogger. Cr\u00e9ez votre plugin \u00e0 l'aide d'une d\u00e9mo en direct et de mod\u00e8les pr\u00e9d\u00e9finis pour disposer d'une solide preuve sociale.","breadcrumb":{"@id":"https:\/\/elfsight.com\/fr\/linkedin-feed-widget\/blogger\/#breadcrumb"},"inLanguage":"fr-FR","potentialAction":[{"@type":"ReadAction","target":["https:\/\/elfsight.com\/fr\/linkedin-feed-widget\/blogger\/"]}]},{"@type":"BreadcrumbList","@id":"https:\/\/elfsight.com\/fr\/linkedin-feed-widget\/blogger\/#breadcrumb","itemListElement":[{"@type":"ListItem","position":1,"name":"Home","item":"https:\/\/elfsight.com\/fr\/"},{"@type":"ListItem","position":2,"name":"LinkedIn Feed","item":"https:\/\/elfsight.com\/fr\/linkedin-feed-widget\/"},{"@type":"ListItem","position":3,"name":"LinkedIn Feed &#8211; Blogger"}]},{"@type":"WebSite","@id":"https:\/\/elfsight.com\/fr\/#website","url":"https:\/\/elfsight.com\/fr\/","name":"Elfsight FR","description":"","potentialAction":[{"@type":"SearchAction","target":{"@type":"EntryPoint","urlTemplate":"https:\/\/elfsight.com\/fr\/?s={search_term_string}"},"query-input":{"@type":"PropertyValueSpecification","valueRequired":true,"valueName":"search_term_string"}}],"inLanguage":"fr-FR"}]}},"meta_box":{"industry":"","seo_heading":"","heading":"","description":"","cta_heading":"","cta_description":"","application":"7313","h1":"Comment int\u00e9grer gratuitement le flux LinkedIn sur Blogger\u00a0!","h1_caption":"Affichez les publications de votre profil LinkedIn ou de votre page d'entreprise sur votre site Web, am\u00e9liorant ainsi votre pr\u00e9sence professionnelle en ligne sur votre site Web Blogger sans effort.","application_category":[],"applications_title":"","applications_request_title":"","applications_request_button_text":"","hero_text":"","hero_video":"","hero_video_schema_markup":"","selling_points_title":"","selling_points_caption":"","selling_points":[],"selling_points_cta_text":"","features_title":"","features":"","ed_cta_examples_text":"","ed_cta_examples_hidden":"","ed_cta_demo_text":"","ed_cta_demo_hidden":"","why_caption":"","why_editor_title":"","why_editor_text":"","why_team_title":"","why_team_text":"","why_service_title":"","why_service_text":"","template_catalog_visible":"","template_catalog_title":"","template_catalog_text":"","template_catalog_categories_visible":"","demo_title":"Cr\u00e9ez votre widget de flux LinkedIn","demo_caption":"Configurez votre flux LinkedIn et ajoutez-le gratuitement \u00e0 votre site Web Blogger\u00a0!","default_faq_hidden":"","app_template_category":[],"platform":"348","template_public_id":"","codecanyon_url":"","codecanyon_item_id":"","codecanyon_price":"","pricing_caption":"","pricing_elfsight_apps_hide_column":"","pricing_elfsight_apps_url":"","pricing_codecanyon_price_caption":"","integration_category":[],"integration_request_title":"","integration_request_cta":"","integration_platform":"","integrations":[],"platform_category":[],"video_schema_markup":"","price":"\u00e0 partir de 0$ \/ mois","trial":"","benefits":[{"text":"Service d'installation gratuit"},{"text":"Support client exp\u00e9riment\u00e9"},{"text":"Garantie de remboursement de 14 jours"},{"text":"Mise \u00e0 jour constante"}],"button_url":"#demo","button_target_blank":"","button_nofollow":"","attributes":[{"name":"Installations","content":"10,000 - 100,000"},{"name":"Sensible","content":"Oui"},{"name":"Navigateurs compatibles","content":"Firefox, Safari, Opera, Chrome, Edge"}],"tags":[],"tags_disable_links":"","hide_more_platforms":"","video_object":"","demo_hide_cta":"","demo_hide_cloud_options":"","pricing_title":"","pricing":[{"pricing_icon":"platform","pricing_title":"Elfsight Apps","pricing_title_caption":"Solution num\u00e9rique multiplateforme adapt\u00e9e \u00e0 n'importe quel site Web","pricing_price":"from $0 \/ month","pricing_price_caption":"Commencez avec un forfait gratuit","pricing_benefits":[{"text":"Sites Web illimit\u00e9s"},{"text":"Un accompagnement professionnel et bien document\u00e9"},{"text":"Service d'installation gratuit"},{"text":"Conception flexible"}],"pricing_button_text":"Ajouter au site Web","pricing_button_url":"#demo"}],"related_apps_title":"","related_apps_hidden":"","author":"","image":[],"title":"","job":"","social_networks":[]},"_links":{"self":[{"href":"https:\/\/elfsight.com\/fr\/wp-json\/wp\/v2\/pages\/13629","targetHints":{"allow":["GET"]}}],"collection":[{"href":"https:\/\/elfsight.com\/fr\/wp-json\/wp\/v2\/pages"}],"about":[{"href":"https:\/\/elfsight.com\/fr\/wp-json\/wp\/v2\/types\/page"}],"author":[{"embeddable":true,"href":"https:\/\/elfsight.com\/fr\/wp-json\/wp\/v2\/users\/9"}],"replies":[{"embeddable":true,"href":"https:\/\/elfsight.com\/fr\/wp-json\/wp\/v2\/comments?post=13629"}],"version-history":[{"count":1,"href":"https:\/\/elfsight.com\/fr\/wp-json\/wp\/v2\/pages\/13629\/revisions"}],"predecessor-version":[{"id":13633,"href":"https:\/\/elfsight.com\/fr\/wp-json\/wp\/v2\/pages\/13629\/revisions\/13633"}],"up":[{"embeddable":true,"href":"https:\/\/elfsight.com\/fr\/wp-json\/wp\/v2\/pages\/7326"}],"wp:attachment":[{"href":"https:\/\/elfsight.com\/fr\/wp-json\/wp\/v2\/media?parent=13629"}],"curies":[{"name":"wp","href":"https:\/\/api.w.org\/{rel}","templated":true}]}}