{"id":13627,"date":"2024-05-03T06:40:23","date_gmt":"2024-05-03T06:40:23","guid":{"rendered":"https:\/\/elfsight.com\/fr\/?page_id=13627"},"modified":"2025-07-10T07:45:58","modified_gmt":"2025-07-10T07:45:58","slug":"facebook","status":"publish","type":"page","link":"https:\/\/elfsight.com\/fr\/linkedin-feed-widget\/facebook\/","title":{"rendered":"LinkedIn Feed &#8211; Facebook Page"},"content":{"rendered":"\n<div class=\"application-platform-content-item-description application-platform-content-item\" id=\"description\" data-nav-section=\"description\"> <h2>Int\u00e9grez gratuitement le flux LinkedIn sur votre page Facebook\u00a0!<\/h2> <p>Le widget de flux LinkedIn sans code est la solution id\u00e9ale pour les entreprises pour pr\u00e9senter et annoncer leur contenu LinkedIn sur les sites Web de pages Facebook : afficher des publications, des visuels, des clips, etc. La configuration du plugin est transparente : aucun codage ou comp\u00e9tence technique n&rsquo;est requis. <\/p> <p>Cr\u00e9ez un style de flux qui correspond \u00e0 l&rsquo;esth\u00e9tique de votre site Web et exp\u00e9rimentez en m\u00e9langeant les attributs personnalis\u00e9s, les mod\u00e8les, les mises en page et les styles de publication. Ajoutez un effet popup comme action post-clic pour capter l&rsquo;attention des utilisateurs. Et enfin, profitez d&rsquo;une confiance accrue et d&rsquo;un meilleur taux d&rsquo;engagement.<\/p> <ul><li><strong>Am\u00e9liorez vos capacit\u00e9s de r\u00e9seautage avec la page d&rsquo;entreprise LinkedIn.<\/strong><br>\u00c9tablissez de nouvelles relations dans le monde du commerce. et d\u00e9veloppez la g\u00e9n\u00e9ration de leads en utilisant le contenu de votre profil LinkedIn. <\/li><li><strong>Agrandissez la taille de votre audience LinkedIn.<\/strong> <br>Mettez en lumi\u00e8re votre pr\u00e9sence LinkedIn parmi la communaut\u00e9 des utilisateurs de la page Facebook et suscitez un int\u00e9r\u00eat significatif pour vos offres.<\/li> <li><strong>Amplifiez l&rsquo;authenticit\u00e9 de votre entreprise.<\/strong> <br>Donnez une couche suppl\u00e9mentaire de cr\u00e9dibilit\u00e9 et de fiabilit\u00e9 \u00e0 votre marque en partageant l&rsquo;activit\u00e9 LinkedIn la plus r\u00e9cente directement sur la page du site Web. <\/li><\/ul><p><b>Ajoutez votre plugin LinkedIn Feed au site Web de la page Facebook pour renforcer la cr\u00e9dibilit\u00e9, incarner l&rsquo;authenticit\u00e9 et \u00e9largir votre r\u00e9seau en tirant parti d&rsquo;une solide validation sociale. <\/b><\/p> <div class=\"faq\" data-component=\"FAQ\"><div class=\"faq-item\">\r\n\t\t\t\t\t<div class=\"faq-item-question\">\r\n\t\t\t\t\t\t<h3 class=\"faq-item-question-text\">Existe-t-il d'autres outils pour la page Facebook que je peux utiliser sur mon site ? <\/h3>\r\n\r\n\t\t\t\t\t\t<div class=\"faq-item-question-icon\"><\/div>\r\n\t\t\t\t\t<\/div>\r\n\r\n\t\t\t\t\t<div class=\"faq-item-answer\">\r\n\t\t\t\t\t\t<div class=\"faq-item-answer-text\"><p>Oui, absolument\u00a0! En tant qu&rsquo;utilisateur d&rsquo;une page Facebook, Elfsight vous offre une large s\u00e9lection d&rsquo;outils sans code, et le plugin LinkedIn Feed n&rsquo;est qu&rsquo;une parmi les nombreuses options disponibles \u00e0 ajouter au site Web. Quel que soit le type d\u2019entreprise que vous poss\u00e9dez ou le cr\u00e9neau sp\u00e9cifique dans lequel vous travaillez, il existe toujours des opportunit\u00e9s de montrer vos points forts. Voici quelques id\u00e9es\u00a0: <\/p><ul><li>Pour cr\u00e9er une autre application de m\u00e9dias sociaux pour votre site Web de page Facebook, telle que le flux LinkedIn, essayez le <a href=\"https:\/\/elfsight.com\/pinterest -feed-widget\/\">Flux Pinterest<\/a> ou <a href=\"https:\/\/elfsight.com\/instagram-feed-instashow\/\">Flux Instagram<\/a> widget. <\/li><li>Optez pour les <a href=\"https:\/\/elfsight.com\/all-in-one-reviews-widget\/\">Avis tout-en-un<\/a> ou <a href=\"https:\/\/elfsight.com\/google-reviews-widget\/\">Google Reviews<\/a> pour afficher les pr\u00e9cieux commentaires des clients. <\/li><li>Int\u00e9grez le widget <a href=\"https:\/\/elfsight.com\/online-form-builder\/\">Form Builder<\/a> pour recueillir les r\u00e9ponses et faciliter la communication avec les utilisateurs de votre page Facebook. <\/li> <li>Ajoutez le plugin <a href=\"https:\/\/elfsight.com\/countdown-timer-widget\/\">Countdown Timer<\/a> pour favoriser l&rsquo;engagement et cr\u00e9er un sentiment de raret\u00e9 au sein de votre audience. <\/li><\/ul><p>Ces exemples ne font qu&rsquo;effleurer la vaste gamme d&rsquo;ajouts qui peuvent r\u00e9pondre aux besoins de votre entreprise. Commencez avec le plugin LinkedIn Feed sans code pour revenir plus tard et explorez l&rsquo;assortiment restant de widgets de notre catalogue \u00e0 ajouter \u00e0 la page de votre site Web ! <\/p><\/div>\r\n\t\t\t\t\t<\/div>\r\n\t\t\t\t<\/div><div class=\"faq-item\">\r\n\t\t\t\t\t<div class=\"faq-item-question\">\r\n\t\t\t\t\t\t<h3 class=\"faq-item-question-text\">Comment int\u00e9grer LinkedIn Feed gratuitement sur une page Facebook ? <\/h3>\r\n\r\n\t\t\t\t\t\t<div class=\"faq-item-question-icon\"><\/div>\r\n\t\t\t\t\t<\/div>\r\n\r\n\t\t\t\t\t<div class=\"faq-item-answer\">\r\n\t\t\t\t\t\t<div class=\"faq-item-answer-text\"><p>Si vous souhaitez ajouter gratuitement le plugin LinkedIn Feed \u00e0 votre site Web de page Facebook, suivez ces \u00e9tapes\u00a0: <\/p> <ol><li>Personnalisez l&rsquo;apparence du widget Flux LinkedIn en fonction du style de conception de votre site Web. <\/li><li>Connectez-vous \u00e0 votre panneau d&rsquo;administration Elfsight ou cr\u00e9ez un profil gratuit. <\/li><li>Obtenez le code d&rsquo;installation g\u00e9n\u00e9r\u00e9 automatiquement \u00e0 int\u00e9grer. <\/li><li>Acc\u00e9dez au site Web de votre page Facebook. <\/li><li>Ins\u00e9rez le code dans le g\u00e9n\u00e9rateur de site Web de votre page Facebook pour ajouter le widget LinkedIn Feed. Vous avez termin\u00e9\u00a0! <\/li><\/ol><p>Comme le montre le contexte, il n&rsquo;est pas n\u00e9cessaire d&rsquo;avoir une expertise en \u00e9criture de code pour int\u00e9grer le plugin. Cr\u00e9ez facilement le widget de flux LinkedIn sans code pour votre site Web de page Facebook et profitez de divers avantages qui accompagnent le processus d&rsquo;\u00e9largissement de votre audience. <\/p><\/div>\r\n\t\t\t\t\t<\/div>\r\n\t\t\t\t<\/div><div class=\"faq-item\">\r\n\t\t\t\t\t<div class=\"faq-item-question\">\r\n\t\t\t\t\t\t<h3 class=\"faq-item-question-text\">Dois-je savoir coder ou avoir des comp\u00e9tences en programmation pour int\u00e9grer le flux LinkedIn sur la page Facebook ? <\/h3>\r\n\r\n\t\t\t\t\t\t<div class=\"faq-item-question-icon\"><\/div>\r\n\t\t\t\t\t<\/div>\r\n\r\n\t\t\t\t\t<div class=\"faq-item-answer\">\r\n\t\t\t\t\t\t<div class=\"faq-item-answer-text\"><p>Non. Vous n\u2019\u00eates pas oblig\u00e9 de poss\u00e9der une expertise en codage. Vous avez toute la capacit\u00e9 de cr\u00e9er et d&rsquo;ajouter le plugin LinkedIn Feed sans code \u00e0 votre site Web de page Facebook, quelle que soit votre familiarit\u00e9 ou votre exp\u00e9rience en \u00e9criture de code. <\/p> <\/div>\r\n\t\t\t\t\t<\/div>\r\n\t\t\t\t<\/div><\/div><div class=\"application-platform-content-item-features application-platform-content-item\" id=\"features\" data-nav-section=\"features\"><\/div> <h2>Voici quelques-unes des nombreuses fonctionnalit\u00e9s des widgets\u00a0: <\/h2> <ul><li>Ajoutez diverses formes de contenu\u00a0: articles de blog, images, clips, etc. <\/li><li>Filtrez les articles du fil par mots-cl\u00e9s, hashtags ou URL. <\/li><li>Boutons d&rsquo;appel \u00e0 l&rsquo;action pour augmenter les chiffres sur le flux LinkedIn de votre entreprise. <\/li><li>Effet popup accrocheur pour attirer l&rsquo;attention des gens sur votre contenu LinkedIn. <\/li><li>Options de personnalisation faciles sans avoir besoin d&rsquo;\u00e9crire de code\u00a0: mod\u00e8les pr\u00e9d\u00e9finis, g\u00e9n\u00e9rateur de sch\u00e9mas de couleurs, cinq mod\u00e8les de mise en page, styles de publication, CSS personnalis\u00e9, et bien plus encore. <\/li><\/ul><p><a href=\"#demo\">Consultez simplement cette d\u00e9mo pour voir ce que vaut le widget<\/a><\/p> <\/div> <div class=\"application-platform-content-item-installation application-platform-content-item\" id=\"installation\" data-nav-section=\"installation\"> <h2>Comment puis-je ajouter un flux LinkedIn sur le site Web de ma page Facebook\u00a0? <\/h2> <p>Pour ajouter le plugin LinkedIn Feed \u00e0 votre site Web de page Facebook, effectuez les \u00e9tapes suivantes\u00a0: <\/p> <ol><li><b>Ouvrez notre \u00e9diteur gratuit et commencez \u00e0 fa\u00e7onner votre plugin LinkedIn Feed personnalis\u00e9. <\/b><br> Choisissez le formulaire personnalis\u00e9 et les options de l&rsquo;outil et appliquez les modifications. <\/li> <li><b>Copiez votre code individuel r\u00e9v\u00e9l\u00e9 dans la case sur les applications Elfsight. <\/b><br> Une fois la personnalisation de votre plugin personnel termin\u00e9e, copiez le code exclusif dans la fen\u00eatre qui appara\u00eet et conservez-le pour d&rsquo;autres besoins. <\/li> <li><b>Initiez l&rsquo;utilisation du widget sur votre site Web de page Facebook. <\/b><br> Int\u00e9grez le code copi\u00e9 auparavant sur votre site Web et enregistrez les ajustements. <\/li> <li><b>Fait\u00a0! L&rsquo;int\u00e9gration est effectu\u00e9e avec succ\u00e8s. <\/b><br> Acc\u00e9dez \u00e0 votre site Web pour voir comment fonctionne le widget Flux LinkedIn. <\/li><\/ol> <p>Si vous rencontrez des difficult\u00e9s pour ajouter le widget, veuillez contacter notre \u00e9quipe d&rsquo;assistance. Nos sp\u00e9cialistes ont h\u00e2te de vous aider \u00e0 r\u00e9soudre tous les probl\u00e8mes que vous pourriez rencontrer avec le plugin LinkedIn Feed sans code pour les sites Web de pages Facebook. <\/p> <\/div>\n","protected":false},"excerpt":{"rendered":"","protected":false},"author":9,"featured_media":0,"parent":7326,"menu_order":0,"comment_status":"closed","ping_status":"closed","template":"templates\/template-application-platform.php","meta":{"publish_to_discourse":"","publish_post_category":"","wpdc_auto_publish_overridden":"","wpdc_topic_tags":"","wpdc_pin_topic":"","wpdc_pin_until":"","discourse_post_id":"","discourse_permalink":"","wpdc_publishing_response":"","wpdc_publishing_error":"","footnotes":""},"class_list":["post-13627","page","type-page","status-publish","hentry"],"yoast_head":"<!-- This site is optimized with the Yoast SEO plugin v25.3.1 - https:\/\/yoast.com\/wordpress\/plugins\/seo\/ -->\n<title>LinkedIn Feed - Ajoutez le plugin Feed \u00e0 la page Facebook [gratuitement\u00a0!]<\/title>\n<meta name=\"description\" content=\"Int\u00e9grez le plugin LinkedIn Feed sans codage sur votre site Web de page Facebook. Cr\u00e9ez votre widget \u00e0 l&#039;aide d&#039;une d\u00e9mo en direct et de mod\u00e8les pr\u00e9d\u00e9finis pour disposer d&#039;une solide preuve sociale.\" \/>\n<meta name=\"robots\" content=\"index, follow, max-snippet:-1, max-image-preview:large, max-video-preview:-1\" \/>\n<link rel=\"canonical\" href=\"https:\/\/elfsight.com\/fr\/linkedin-feed-widget\/facebook\/\" \/>\n<meta property=\"og:locale\" content=\"fr_FR\" \/>\n<meta property=\"og:type\" content=\"article\" \/>\n<meta property=\"og:title\" content=\"LinkedIn Feed - Ajoutez le plugin Feed \u00e0 la page Facebook [gratuitement\u00a0!]\" \/>\n<meta property=\"og:description\" content=\"Int\u00e9grez le plugin LinkedIn Feed sans codage sur votre site Web de page Facebook. Cr\u00e9ez votre widget \u00e0 l&#039;aide d&#039;une d\u00e9mo en direct et de mod\u00e8les pr\u00e9d\u00e9finis pour disposer d&#039;une solide preuve sociale.\" \/>\n<meta property=\"og:url\" content=\"https:\/\/elfsight.com\/fr\/linkedin-feed-widget\/facebook\/\" \/>\n<meta property=\"og:site_name\" content=\"Elfsight FR\" \/>\n<meta property=\"article:modified_time\" content=\"2025-07-10T07:45:58+00:00\" \/>\n<meta name=\"twitter:card\" content=\"summary_large_image\" \/>\n<meta name=\"twitter:label1\" content=\"Dur\u00e9e de lecture estim\u00e9e\" \/>\n\t<meta name=\"twitter:data1\" content=\"5 minutes\" \/>\n<!-- \/ Yoast SEO plugin. -->","yoast_head_json":{"title":"LinkedIn Feed - Ajoutez le plugin Feed \u00e0 la page Facebook [gratuitement\u00a0!]","description":"Int\u00e9grez le plugin LinkedIn Feed sans codage sur votre site Web de page Facebook. Cr\u00e9ez votre widget \u00e0 l'aide d'une d\u00e9mo en direct et de mod\u00e8les pr\u00e9d\u00e9finis pour disposer d'une solide preuve sociale.","robots":{"index":"index","follow":"follow","max-snippet":"max-snippet:-1","max-image-preview":"max-image-preview:large","max-video-preview":"max-video-preview:-1"},"canonical":"https:\/\/elfsight.com\/fr\/linkedin-feed-widget\/facebook\/","og_locale":"fr_FR","og_type":"article","og_title":"LinkedIn Feed - Ajoutez le plugin Feed \u00e0 la page Facebook [gratuitement\u00a0!]","og_description":"Int\u00e9grez le plugin LinkedIn Feed sans codage sur votre site Web de page Facebook. Cr\u00e9ez votre widget \u00e0 l'aide d'une d\u00e9mo en direct et de mod\u00e8les pr\u00e9d\u00e9finis pour disposer d'une solide preuve sociale.","og_url":"https:\/\/elfsight.com\/fr\/linkedin-feed-widget\/facebook\/","og_site_name":"Elfsight FR","article_modified_time":"2025-07-10T07:45:58+00:00","twitter_card":"summary_large_image","twitter_misc":{"Dur\u00e9e de lecture estim\u00e9e":"5 minutes"},"schema":{"@context":"https:\/\/schema.org","@graph":[{"@type":"WebPage","@id":"https:\/\/elfsight.com\/fr\/linkedin-feed-widget\/facebook\/","url":"https:\/\/elfsight.com\/fr\/linkedin-feed-widget\/facebook\/","name":"LinkedIn Feed - Ajoutez le plugin Feed \u00e0 la page Facebook [gratuitement\u00a0!]","isPartOf":{"@id":"https:\/\/elfsight.com\/fr\/#website"},"datePublished":"2024-05-03T06:40:23+00:00","dateModified":"2025-07-10T07:45:58+00:00","description":"Int\u00e9grez le plugin LinkedIn Feed sans codage sur votre site Web de page Facebook. Cr\u00e9ez votre widget \u00e0 l'aide d'une d\u00e9mo en direct et de mod\u00e8les pr\u00e9d\u00e9finis pour disposer d'une solide preuve sociale.","breadcrumb":{"@id":"https:\/\/elfsight.com\/fr\/linkedin-feed-widget\/facebook\/#breadcrumb"},"inLanguage":"fr-FR","potentialAction":[{"@type":"ReadAction","target":["https:\/\/elfsight.com\/fr\/linkedin-feed-widget\/facebook\/"]}]},{"@type":"BreadcrumbList","@id":"https:\/\/elfsight.com\/fr\/linkedin-feed-widget\/facebook\/#breadcrumb","itemListElement":[{"@type":"ListItem","position":1,"name":"Home","item":"https:\/\/elfsight.com\/fr\/"},{"@type":"ListItem","position":2,"name":"LinkedIn Feed","item":"https:\/\/elfsight.com\/fr\/linkedin-feed-widget\/"},{"@type":"ListItem","position":3,"name":"LinkedIn Feed &#8211; Facebook Page"}]},{"@type":"WebSite","@id":"https:\/\/elfsight.com\/fr\/#website","url":"https:\/\/elfsight.com\/fr\/","name":"Elfsight FR","description":"","potentialAction":[{"@type":"SearchAction","target":{"@type":"EntryPoint","urlTemplate":"https:\/\/elfsight.com\/fr\/?s={search_term_string}"},"query-input":{"@type":"PropertyValueSpecification","valueRequired":true,"valueName":"search_term_string"}}],"inLanguage":"fr-FR"}]}},"meta_box":{"industry":"","seo_heading":"","heading":"","description":"","cta_heading":"","cta_description":"","application":"7313","h1":"Comment int\u00e9grer gratuitement le flux LinkedIn sur une page Facebook\u00a0!","h1_caption":"Affichez les publications de votre profil LinkedIn ou de votre page d'entreprise sur votre site Web, am\u00e9liorant ainsi votre pr\u00e9sence professionnelle en ligne sur votre page Facebook sans effort.","application_category":[],"applications_title":"","applications_request_title":"","applications_request_button_text":"","hero_text":"","hero_video":"","hero_video_schema_markup":"","selling_points_title":"","selling_points_caption":"","selling_points":[],"selling_points_cta_text":"","features_title":"","features":"","ed_cta_examples_text":"","ed_cta_examples_hidden":"","ed_cta_demo_text":"","ed_cta_demo_hidden":"","why_caption":"","why_editor_title":"","why_editor_text":"","why_team_title":"","why_team_text":"","why_service_title":"","why_service_text":"","template_catalog_visible":"0","template_catalog_title":"","template_catalog_text":"","template_catalog_categories_visible":"","demo_title":"Cr\u00e9ez votre widget de flux LinkedIn","demo_caption":"Configurez votre flux LinkedIn et ajoutez-le gratuitement \u00e0 votre page Facebook\u00a0!","default_faq_hidden":"","app_template_category":[],"platform":"394","template_public_id":"","codecanyon_url":"","codecanyon_item_id":"","codecanyon_price":"","pricing_caption":"","pricing_elfsight_apps_hide_column":"","pricing_elfsight_apps_url":"","pricing_codecanyon_price_caption":"","integration_category":[],"integration_request_title":"","integration_request_cta":"","integration_platform":"","integrations":[],"platform_category":[],"video_schema_markup":"","price":"\u00e0 partir de 0$ \/ mois","trial":"","benefits":[{"text":"Service d'installation gratuit"},{"text":"Service client efficace"},{"text":"Garantie de remboursement de 14 jours"},{"text":"Mises \u00e0 jour futures"}],"button_url":"#demo","button_target_blank":"0","button_nofollow":"0","attributes":[{"name":"Installations","content":"10,000 - 100,000"},{"name":"Sensible","content":"Oui"},{"name":"Navigateurs compatibles","content":"Firefox, Safari, Opera, Chrome, Edge"}],"tags":[],"tags_disable_links":"0","hide_more_platforms":"0","video_object":"","demo_hide_cta":"0","demo_hide_cloud_options":"0","pricing_title":"","pricing":[{"pricing_icon":"platform","pricing_title":"Elfsight Apps","pricing_title_caption":"Solution multiplateforme qui fonctionne sur n'importe quel site Web","pricing_price":"from $0 \/ month","pricing_price_caption":"Commencez avec un forfait gratuit","pricing_benefits":[{"text":"Sites Web illimit\u00e9s"},{"text":"Assistance 24h\/24 et 7j\/7"},{"text":"Service d'installation gratuit"},{"text":"Enti\u00e8rement personnalisable"}],"pricing_button_text":"Ajouter au site Web","pricing_button_url":"#demo"}],"related_apps_title":"","related_apps_hidden":"0","author":"","image":[],"title":"","job":"","social_networks":[]},"_links":{"self":[{"href":"https:\/\/elfsight.com\/fr\/wp-json\/wp\/v2\/pages\/13627","targetHints":{"allow":["GET"]}}],"collection":[{"href":"https:\/\/elfsight.com\/fr\/wp-json\/wp\/v2\/pages"}],"about":[{"href":"https:\/\/elfsight.com\/fr\/wp-json\/wp\/v2\/types\/page"}],"author":[{"embeddable":true,"href":"https:\/\/elfsight.com\/fr\/wp-json\/wp\/v2\/users\/9"}],"replies":[{"embeddable":true,"href":"https:\/\/elfsight.com\/fr\/wp-json\/wp\/v2\/comments?post=13627"}],"version-history":[{"count":2,"href":"https:\/\/elfsight.com\/fr\/wp-json\/wp\/v2\/pages\/13627\/revisions"}],"predecessor-version":[{"id":16681,"href":"https:\/\/elfsight.com\/fr\/wp-json\/wp\/v2\/pages\/13627\/revisions\/16681"}],"up":[{"embeddable":true,"href":"https:\/\/elfsight.com\/fr\/wp-json\/wp\/v2\/pages\/7326"}],"wp:attachment":[{"href":"https:\/\/elfsight.com\/fr\/wp-json\/wp\/v2\/media?parent=13627"}],"curies":[{"name":"wp","href":"https:\/\/api.w.org\/{rel}","templated":true}]}}