{"id":13622,"date":"2024-05-03T06:40:22","date_gmt":"2024-05-03T06:40:22","guid":{"rendered":"https:\/\/elfsight.com\/fr\/?page_id=13622"},"modified":"2025-07-10T07:51:15","modified_gmt":"2025-07-10T07:51:15","slug":"weebly","status":"publish","type":"page","link":"https:\/\/elfsight.com\/fr\/linkedin-feed-widget\/weebly\/","title":{"rendered":"LinkedIn Feed &#8211; Weebly"},"content":{"rendered":"\n<div class=\"application-platform-content-item-description application-platform-content-item\" id=\"description\" data-nav-section=\"description\"> <h2>Int\u00e9grez gratuitement le flux LinkedIn sur Weebly\u00a0!<\/h2> <p>Le plugin LinkedIn Feed offre aux entreprises une opportunit\u00e9 unique de pr\u00e9senter leurs contenus. et faites la publicit\u00e9 de leur contenu LinkedIn sur les sites Web Weebly : affichez des publications, des photos, des clips, etc. La configuration du widget est simple : aucune connaissance en codage ou en programmation n&rsquo;est requise. <\/p> <p>Cr\u00e9ez un style de flux qui refl\u00e8te les besoins de votre site Web et restez fid\u00e8le \u00e0 votre marque en jouant avec des \u00e9l\u00e9ments, des mod\u00e8les, des mises en page et des styles de publication personnalis\u00e9s. Ajoutez un effet contextuel en tant qu&rsquo;action post-clic pour attirer l&rsquo;attention des utilisateurs. Enfin, profitez de la confiance suscit\u00e9e et d&rsquo;une image de marque bien \u00e9tablie dans le secteur.<\/p> <ul><li><strong>Boostez vos canaux de r\u00e9seautage avec la page d&rsquo;entreprise LinkedIn.<\/strong><br>D\u00e9clenchez de nouvelles relations au sein de l&rsquo;entreprise. domaine et augmentez le nombre de prospects en exploitant le contenu de votre profil LinkedIn. <\/li><li><strong>D\u00e9veloppez votre base d&rsquo;audience LinkedIn.<\/strong> <br>Illuminez votre pr\u00e9sence sur LinkedIn parmi les utilisateurs de Weebly et suscitez un int\u00e9r\u00eat \u00e9lev\u00e9 pour vos services.<\/li><li><strong> Rendez votre entreprise plus authentique.<\/strong> <br>Ajoutez une couche suppl\u00e9mentaire de cr\u00e9dibilit\u00e9 et de fiabilit\u00e9 \u00e0 votre marque en int\u00e9grant l&rsquo;activit\u00e9 LinkedIn la plus r\u00e9cente directement sur la page du site Web.<\/li><\/ul><p><b> Ajoutez le widget de flux LinkedIn sans code sur le site Web Weebly pour favoriser la confiance, mettre en valeur l&rsquo;authenticit\u00e9 et \u00e9tendre le r\u00e9seautage gr\u00e2ce \u00e0 une forte confirmation sociale. <\/b><\/p> <div class=\"faq\" data-component=\"FAQ\"><div class=\"faq-item\">\r\n\t\t\t\t\t<div class=\"faq-item-question\">\r\n\t\t\t\t\t\t<h3 class=\"faq-item-question-text\">Existe-t-il d'autres outils pour Weebly que je peux utiliser sur mon site ? <\/h3>\r\n\r\n\t\t\t\t\t\t<div class=\"faq-item-question-icon\"><\/div>\r\n\t\t\t\t\t<\/div>\r\n\r\n\t\t\t\t\t<div class=\"faq-item-answer\">\r\n\t\t\t\t\t\t<div class=\"faq-item-answer-text\"><p>Oui, en effet\u00a0! \u00catre un utilisateur de Weebly vous offre une large s\u00e9lection d&rsquo;outils sans code d&rsquo;Elfsight, y compris le plugin LinkedIn Feed. Quel que soit votre type d\u2019entreprise ou votre niche au sein de l\u2019industrie, il existe toujours des opportunit\u00e9s de d\u00e9montrer vos atouts. Consid\u00e9rez les possibilit\u00e9s suivantes\u00a0: <\/p><ul><li>Pour cr\u00e9er toute autre application de m\u00e9dias sociaux pour votre site Web Weebly similaire au flux LinkedIn, envisagez d&rsquo;exp\u00e9rimenter avec le <a href=\"https:\/\/elfsight.com\/pinterest- feed-widget\/\">Flux Pinterest<\/a> ou <a href=\"https:\/\/elfsight.com\/instagram-feed-instashow\/\">Flux Instagram<\/a>. <\/li><li> Procurez-vous les <a href=\"https:\/\/elfsight.com\/all-in-one-reviews-widget\/\">Avis tout-en-un<\/a> ou <a href=\"https:\/\/elfsight.com\/google-reviews-widget\/\">Google Reviews<\/a> pour afficher les pr\u00e9cieux commentaires des clients. <\/li><li>Int\u00e9grez le plug-in <a href=\"https:\/\/elfsight.com\/online-form-builder\/\">Form Builder<\/a> pour rationaliser la collecte des r\u00e9ponses et permettre les interactions des utilisateurs sur votre site Web Weebly. <\/li> <li>Ajoutez le plugin <a href=\"https:\/\/elfsight.com\/countdown-timer-widget\/\">Countdown Timer<\/a> pour g\u00e9n\u00e9rer de l&rsquo;anticipation et cr\u00e9er un sentiment de raret\u00e9 au sein de votre audience. <\/li><\/ul><p>Et n&rsquo;oubliez pas que ces suggestions d&rsquo;int\u00e9gration ne sont qu&rsquo;un d\u00e9but. Explorez notre vaste catalogue de widgets apr\u00e8s avoir impl\u00e9ment\u00e9 le plugin LinkedIn Feed sans code pour d\u00e9couvrir encore plus de fa\u00e7ons de r\u00e9pondre aux besoins de votre entreprise ! <\/p><\/div>\r\n\t\t\t\t\t<\/div>\r\n\t\t\t\t<\/div><div class=\"faq-item\">\r\n\t\t\t\t\t<div class=\"faq-item-question\">\r\n\t\t\t\t\t\t<h3 class=\"faq-item-question-text\">Comment int\u00e9grer gratuitement le flux LinkedIn sur Weebly ? <\/h3>\r\n\r\n\t\t\t\t\t\t<div class=\"faq-item-question-icon\"><\/div>\r\n\t\t\t\t\t<\/div>\r\n\r\n\t\t\t\t\t<div class=\"faq-item-answer\">\r\n\t\t\t\t\t\t<div class=\"faq-item-answer-text\"><p>Pour inclure gratuitement le widget Flux LinkedIn sur votre site Web Weebly, proc\u00e9dez comme suit\u00a0: <\/p> <ol><li>Personnalisez l&rsquo;apparence du plugin LinkedIn Feed pour qu&rsquo;il corresponde \u00e0 votre esth\u00e9tique et ajoutez du piquant. <\/li><li>Connectez-vous \u00e0 votre tableau de bord Elfsight ou cr\u00e9ez un profil utilisateur gratuit. <\/li><li>Recevez le code d&rsquo;installation unique \u00e0 int\u00e9grer. <\/li><li>Acc\u00e9dez \u00e0 votre site Web Weebly. <\/li><li>Ins\u00e9rez le code dans l&rsquo;\u00e9diteur de votre site Web Weebly pour ajouter le plugin LinkedIn Feed. Fait! <\/li><\/ol><p>Comme vous pouvez le constater, il n&rsquo;est pas n\u00e9cessaire de ma\u00eetriser l&rsquo;\u00e9criture de code pour int\u00e9grer le plugin. Affichez facilement le widget de flux LinkedIn sans code sur un site Web Weebly et profitez de tous les avantages qui d\u00e9coulent de l&rsquo;\u00e9largissement de votre audience. <\/p><\/div>\r\n\t\t\t\t\t<\/div>\r\n\t\t\t\t<\/div><div class=\"faq-item\">\r\n\t\t\t\t\t<div class=\"faq-item-question\">\r\n\t\t\t\t\t\t<h3 class=\"faq-item-question-text\">Dois-je savoir coder ou avoir des comp\u00e9tences en programmation pour int\u00e9grer le widget LinkedIn Feed sur Weebly ? <\/h3>\r\n\r\n\t\t\t\t\t\t<div class=\"faq-item-question-icon\"><\/div>\r\n\t\t\t\t\t<\/div>\r\n\r\n\t\t\t\t\t<div class=\"faq-item-answer\">\r\n\t\t\t\t\t\t<div class=\"faq-item-answer-text\"><p>Pas du tout. La comp\u00e9tence en codage n\u2019est pas du tout n\u00e9cessaire. Vous pouvez facilement cr\u00e9er et ajouter le widget LinkedIn Feed \u00e0 votre site Web Weebly sans aucune exp\u00e9rience sp\u00e9cialis\u00e9e ni connaissance pr\u00e9alable du code. <\/p> <\/div>\r\n\t\t\t\t\t<\/div>\r\n\t\t\t\t<\/div><\/div><div class=\"application-platform-content-item-features application-platform-content-item\" id=\"features\" data-nav-section=\"features\"><\/div> <h2>Nous proposons des fonctionnalit\u00e9s pratiques et simples, v\u00e9rifiez-en quelques-unes\u00a0: <\/h2> <ul><li>Partagez toutes sortes de contenus\u00a0: articles de blog, photos, vid\u00e9os, etc. <\/li><li>Filtrer les articles du fil par mots-cl\u00e9s, hashtags ou URL. <\/li><li>Ajoutez les boutons CTA pour augmenter l&rsquo;engagement sur le flux LinkedIn de votre entreprise. <\/li><li>Mode contextuel dynamique pour attirer l&rsquo;attention des gens sur votre contenu LinkedIn. <\/li><li>Personnalisation avanc\u00e9e sans avoir besoin de coder\u00a0: mod\u00e8les pr\u00e9d\u00e9finis, g\u00e9n\u00e9rateur de sch\u00e9mas de couleurs, mises en page, styles de publication, CSS personnalis\u00e9, etc. <\/li><\/ul><p><a href=\" #demo\">Vous pouvez voir ce que propose le widget en essayant la d\u00e9mo<\/a><\/p> <\/div> <div class=\"application-platform-content-item-installation application-platform-content-item\" id=\"installation\" data-nav-section=\"installation\"> <h2>Comment ajouter un flux LinkedIn \u00e0 mon site Web Weebly\u00a0? <\/h2> <p>Si vous souhaitez ajouter le flux LinkedIn sans code \u00e0 votre site Web Weebly, suivez ces \u00e9tapes\u00a0: <\/p> <ol><li><b>Effectuez notre d\u00e9mo gratuite et commencez \u00e0 cr\u00e9er votre LinkedIn personnalis\u00e9. Plugin de flux. <\/b><br> Recherchez l&rsquo;apparence et les fonctionnalit\u00e9s appropri\u00e9es du widget et enregistrez les modifications. <\/li> <li><b>Acqu\u00e9rez votre code personnel expos\u00e9 dans la fen\u00eatre des applications Elfsight. <\/b><br> D\u00e8s que la configuration de votre outil est termin\u00e9e, copiez le code personnel de la popup qui appara\u00eet et conservez-le pour une utilisation ult\u00e9rieure. <\/li> <li><b>Commencez \u00e0 utiliser le widget sur votre site Web Weebly. <\/b><br> Ajoutez le code que vous avez copi\u00e9 r\u00e9cemment sur votre site Web et enregistrez les modifications. <\/li> <li><b>Vous avez termin\u00e9\u00a0! Le processus d&rsquo;int\u00e9gration s&rsquo;est termin\u00e9 avec succ\u00e8s. <\/b><br> Visitez votre site Web pour v\u00e9rifier le travail du plugin LinkedIn Feed. <\/li><\/ol> <p>Si vous rencontrez des difficult\u00e9s pour ajouter le widget, n&rsquo;h\u00e9sitez pas \u00e0 faire appel \u00e0 notre \u00e9quipe de service client. Nos consultants sont impatients de r\u00e9soudre toutes les difficult\u00e9s que vous pourriez rencontrer avec le plugin LinkedIn Feed sans code pour les sites Web Weebly.<\/p> <\/div>\n","protected":false},"excerpt":{"rendered":"","protected":false},"author":9,"featured_media":0,"parent":7326,"menu_order":0,"comment_status":"closed","ping_status":"closed","template":"templates\/template-application-platform.php","meta":{"publish_to_discourse":"","publish_post_category":"","wpdc_auto_publish_overridden":"","wpdc_topic_tags":"","wpdc_pin_topic":"","wpdc_pin_until":"","discourse_post_id":"","discourse_permalink":"","wpdc_publishing_response":"","wpdc_publishing_error":"","footnotes":""},"class_list":["post-13622","page","type-page","status-publish","hentry"],"yoast_head":"<!-- This site is optimized with the Yoast SEO plugin v25.3.1 - https:\/\/yoast.com\/wordpress\/plugins\/seo\/ -->\n<title>Flux LinkedIn - Ajoutez l&#039;application Feed \u00e0 Weebly [gratuitement\u00a0!]<\/title>\n<meta name=\"description\" content=\"Int\u00e9grez l&#039;application LinkedIn Feed sans codage sur votre site Web Weebly. Cr\u00e9ez votre widget \u00e0 l&#039;aide d&#039;une d\u00e9mo en direct et de mod\u00e8les pr\u00e9d\u00e9finis pour disposer d&#039;une solide preuve sociale.\" \/>\n<meta name=\"robots\" content=\"index, follow, max-snippet:-1, max-image-preview:large, max-video-preview:-1\" \/>\n<link rel=\"canonical\" href=\"https:\/\/elfsight.com\/fr\/linkedin-feed-widget\/weebly\/\" \/>\n<meta property=\"og:locale\" content=\"fr_FR\" \/>\n<meta property=\"og:type\" content=\"article\" \/>\n<meta property=\"og:title\" content=\"Flux LinkedIn - Ajoutez l&#039;application Feed \u00e0 Weebly [gratuitement\u00a0!]\" \/>\n<meta property=\"og:description\" content=\"Int\u00e9grez l&#039;application LinkedIn Feed sans codage sur votre site Web Weebly. Cr\u00e9ez votre widget \u00e0 l&#039;aide d&#039;une d\u00e9mo en direct et de mod\u00e8les pr\u00e9d\u00e9finis pour disposer d&#039;une solide preuve sociale.\" \/>\n<meta property=\"og:url\" content=\"https:\/\/elfsight.com\/fr\/linkedin-feed-widget\/weebly\/\" \/>\n<meta property=\"og:site_name\" content=\"Elfsight FR\" \/>\n<meta property=\"article:modified_time\" content=\"2025-07-10T07:51:15+00:00\" \/>\n<meta name=\"twitter:card\" content=\"summary_large_image\" \/>\n<meta name=\"twitter:label1\" content=\"Dur\u00e9e de lecture estim\u00e9e\" \/>\n\t<meta name=\"twitter:data1\" content=\"5 minutes\" \/>\n<!-- \/ Yoast SEO plugin. -->","yoast_head_json":{"title":"Flux LinkedIn - Ajoutez l'application Feed \u00e0 Weebly [gratuitement\u00a0!]","description":"Int\u00e9grez l'application LinkedIn Feed sans codage sur votre site Web Weebly. Cr\u00e9ez votre widget \u00e0 l'aide d'une d\u00e9mo en direct et de mod\u00e8les pr\u00e9d\u00e9finis pour disposer d'une solide preuve sociale.","robots":{"index":"index","follow":"follow","max-snippet":"max-snippet:-1","max-image-preview":"max-image-preview:large","max-video-preview":"max-video-preview:-1"},"canonical":"https:\/\/elfsight.com\/fr\/linkedin-feed-widget\/weebly\/","og_locale":"fr_FR","og_type":"article","og_title":"Flux LinkedIn - Ajoutez l'application Feed \u00e0 Weebly [gratuitement\u00a0!]","og_description":"Int\u00e9grez l'application LinkedIn Feed sans codage sur votre site Web Weebly. Cr\u00e9ez votre widget \u00e0 l'aide d'une d\u00e9mo en direct et de mod\u00e8les pr\u00e9d\u00e9finis pour disposer d'une solide preuve sociale.","og_url":"https:\/\/elfsight.com\/fr\/linkedin-feed-widget\/weebly\/","og_site_name":"Elfsight FR","article_modified_time":"2025-07-10T07:51:15+00:00","twitter_card":"summary_large_image","twitter_misc":{"Dur\u00e9e de lecture estim\u00e9e":"5 minutes"},"schema":{"@context":"https:\/\/schema.org","@graph":[{"@type":"WebPage","@id":"https:\/\/elfsight.com\/fr\/linkedin-feed-widget\/weebly\/","url":"https:\/\/elfsight.com\/fr\/linkedin-feed-widget\/weebly\/","name":"Flux LinkedIn - Ajoutez l'application Feed \u00e0 Weebly [gratuitement\u00a0!]","isPartOf":{"@id":"https:\/\/elfsight.com\/fr\/#website"},"datePublished":"2024-05-03T06:40:22+00:00","dateModified":"2025-07-10T07:51:15+00:00","description":"Int\u00e9grez l'application LinkedIn Feed sans codage sur votre site Web Weebly. Cr\u00e9ez votre widget \u00e0 l'aide d'une d\u00e9mo en direct et de mod\u00e8les pr\u00e9d\u00e9finis pour disposer d'une solide preuve sociale.","breadcrumb":{"@id":"https:\/\/elfsight.com\/fr\/linkedin-feed-widget\/weebly\/#breadcrumb"},"inLanguage":"fr-FR","potentialAction":[{"@type":"ReadAction","target":["https:\/\/elfsight.com\/fr\/linkedin-feed-widget\/weebly\/"]}]},{"@type":"BreadcrumbList","@id":"https:\/\/elfsight.com\/fr\/linkedin-feed-widget\/weebly\/#breadcrumb","itemListElement":[{"@type":"ListItem","position":1,"name":"Home","item":"https:\/\/elfsight.com\/fr\/"},{"@type":"ListItem","position":2,"name":"LinkedIn Feed","item":"https:\/\/elfsight.com\/fr\/linkedin-feed-widget\/"},{"@type":"ListItem","position":3,"name":"LinkedIn Feed &#8211; Weebly"}]},{"@type":"WebSite","@id":"https:\/\/elfsight.com\/fr\/#website","url":"https:\/\/elfsight.com\/fr\/","name":"Elfsight FR","description":"","potentialAction":[{"@type":"SearchAction","target":{"@type":"EntryPoint","urlTemplate":"https:\/\/elfsight.com\/fr\/?s={search_term_string}"},"query-input":{"@type":"PropertyValueSpecification","valueRequired":true,"valueName":"search_term_string"}}],"inLanguage":"fr-FR"}]}},"meta_box":{"industry":"","seo_heading":"","heading":"","description":"","cta_heading":"","cta_description":"","application":"7313","h1":"Comment int\u00e9grer gratuitement le flux LinkedIn sur Weebly\u00a0!","h1_caption":"Affichez les publications de votre profil LinkedIn ou de votre page d'entreprise sur votre site Web, am\u00e9liorant ainsi votre pr\u00e9sence professionnelle en ligne sur votre site Web Weebly sans effort.","application_category":[],"applications_title":"","applications_request_title":"","applications_request_button_text":"","hero_text":"","hero_video":"","hero_video_schema_markup":"","selling_points_title":"","selling_points_caption":"","selling_points":[],"selling_points_cta_text":"","features_title":"","features":"","ed_cta_examples_text":"","ed_cta_examples_hidden":"","ed_cta_demo_text":"","ed_cta_demo_hidden":"","why_caption":"","why_editor_title":"","why_editor_text":"","why_team_title":"","why_team_text":"","why_service_title":"","why_service_text":"","template_catalog_visible":"0","template_catalog_title":"","template_catalog_text":"","template_catalog_categories_visible":"","demo_title":"Cr\u00e9ez votre application de flux LinkedIn","demo_caption":"Configurez votre flux LinkedIn et ajoutez-le gratuitement \u00e0 votre site Web Weebly !","default_faq_hidden":"","app_template_category":[],"platform":"363","template_public_id":"","codecanyon_url":"","codecanyon_item_id":"","codecanyon_price":"","pricing_caption":"","pricing_elfsight_apps_hide_column":"","pricing_elfsight_apps_url":"","pricing_codecanyon_price_caption":"","integration_category":[],"integration_request_title":"","integration_request_cta":"","integration_platform":"","integrations":[],"platform_category":[],"video_schema_markup":"","price":"\u00e0 partir de 0$ \/ mois","trial":"","benefits":[{"text":"Aide \u00e0 l'installation gratuite"},{"text":"Assistance premium"},{"text":"Garantie de remboursement de 14 jours"},{"text":"Am\u00e9liorations gratuites r\u00e9guli\u00e8res"}],"button_url":"#demo","button_target_blank":"0","button_nofollow":"0","attributes":[{"name":"Installations","content":"10,000 - 100,000"},{"name":"Sensible","content":"Oui"},{"name":"Navigateurs compatibles","content":"Firefox, Safari, Opera, Chrome, Edge"}],"tags":[],"tags_disable_links":"0","hide_more_platforms":"0","video_object":"","demo_hide_cta":"0","demo_hide_cloud_options":"0","pricing_title":"","pricing":[{"pricing_icon":"platform","pricing_title":"Elfsight Apps","pricing_title_caption":"Logiciel ind\u00e9pendant de la plate-forme qui fonctionne sur n'importe quel site Web","pricing_price":"from $0 \/ month","pricing_price_caption":"Commencez avec un forfait gratuit","pricing_benefits":[{"text":"Sites Web illimit\u00e9s"},{"text":"Assistance entreprise premium"},{"text":"Aide \u00e0 l'installation gratuite"},{"text":"Conception flexible"}],"pricing_button_text":"Ajouter au site Web","pricing_button_url":"#demo"}],"related_apps_title":"","related_apps_hidden":"0","author":"","image":[],"title":"","job":"","social_networks":[]},"_links":{"self":[{"href":"https:\/\/elfsight.com\/fr\/wp-json\/wp\/v2\/pages\/13622","targetHints":{"allow":["GET"]}}],"collection":[{"href":"https:\/\/elfsight.com\/fr\/wp-json\/wp\/v2\/pages"}],"about":[{"href":"https:\/\/elfsight.com\/fr\/wp-json\/wp\/v2\/types\/page"}],"author":[{"embeddable":true,"href":"https:\/\/elfsight.com\/fr\/wp-json\/wp\/v2\/users\/9"}],"replies":[{"embeddable":true,"href":"https:\/\/elfsight.com\/fr\/wp-json\/wp\/v2\/comments?post=13622"}],"version-history":[{"count":2,"href":"https:\/\/elfsight.com\/fr\/wp-json\/wp\/v2\/pages\/13622\/revisions"}],"predecessor-version":[{"id":16684,"href":"https:\/\/elfsight.com\/fr\/wp-json\/wp\/v2\/pages\/13622\/revisions\/16684"}],"up":[{"embeddable":true,"href":"https:\/\/elfsight.com\/fr\/wp-json\/wp\/v2\/pages\/7326"}],"wp:attachment":[{"href":"https:\/\/elfsight.com\/fr\/wp-json\/wp\/v2\/media?parent=13622"}],"curies":[{"name":"wp","href":"https:\/\/api.w.org\/{rel}","templated":true}]}}