{"id":13621,"date":"2024-05-03T06:40:21","date_gmt":"2024-05-03T06:40:21","guid":{"rendered":"https:\/\/elfsight.com\/fr\/?page_id=13621"},"modified":"2025-07-10T08:14:19","modified_gmt":"2025-07-10T08:14:19","slug":"joomla","status":"publish","type":"page","link":"https:\/\/elfsight.com\/fr\/linkedin-feed-widget\/joomla\/","title":{"rendered":"LinkedIn Feed &#8211; Joomla"},"content":{"rendered":"<div class=\"application-platform-content-item-description application-platform-content-item\" id=\"description\" data-nav-section=\"description\"> <h2>Int\u00e9grez le flux LinkedIn sur Joomla gratuitement\u00a0! <\/h2> <p>Le widget LinkedIn Feed sans code est sp\u00e9cialement con\u00e7u pour permettre aux entreprises de diffuser et de promouvoir leur contenu LinkedIn sur les sites Joomla\u00a0: affichage de posts, d&rsquo;images, de vid\u00e9os, etc. L&rsquo;int\u00e9gration du widget prend quelques minutes. aucune connaissance en codage ou technique n&rsquo;est n\u00e9cessaire.<\/p> <p>Cr\u00e9ez une apparence qui correspond aux pr\u00e9f\u00e9rences de votre site Web et suivez les tendances en essayant des attributs de flux, des mod\u00e8les, des mises en page et des styles de publication personnalis\u00e9s. Utilisez un mode contextuel comme action post-clic pour attirer l&rsquo;attention des utilisateurs. Et enfin, b\u00e9n\u00e9ficiez d\u2019une cr\u00e9dibilit\u00e9 accrue et de davantage d\u2019opportunit\u00e9s de branding. <\/p> <ul><li><strong>D\u00e9veloppez votre potentiel de r\u00e9seautage avec la page d&rsquo;entreprise LinkedIn.<\/strong><br>\u00c9tablissez de nouvelles connexions dans le monde du commerce et augmentez le nombre de prospects en utilisant le contenu de votre profil LinkedIn. . <\/li><li><strong>Augmentez votre audience sur LinkedIn.<\/strong> <br>Attirez l&rsquo;attention sur votre LinkedIn au sein de la communaut\u00e9 Joomla et suscitez un vif int\u00e9r\u00eat pour vos offres. <\/li><li><strong>Am\u00e9liorez l&rsquo;authenticit\u00e9 de votre entreprise.<\/strong> <br>Ajoutez \u00e0 votre marque un boost suppl\u00e9mentaire de cr\u00e9dibilit\u00e9 et de fiabilit\u00e9 en pr\u00e9sentant la derni\u00e8re activit\u00e9 LinkedIn directement sur la page du site Web. <\/li><\/ul><p><b>Ajoutez le plugin LinkedIn Feed au site Web Joomla pour cultiver la fiabilit\u00e9, diffuser l&rsquo;authenticit\u00e9 et \u00e9tendre les opportunit\u00e9s de r\u00e9seautage avec des preuves sociales convaincantes. <\/b><\/p> <div class=\"faq\" data-component=\"FAQ\"><div class=\"faq-item\">\r\n\t\t\t\t\t<div class=\"faq-item-question\">\r\n\t\t\t\t\t\t<h3 class=\"faq-item-question-text\">Existe-t-il d'autres outils pour Joomla que je peux utiliser sur mon site ? <\/h3>\r\n\r\n\t\t\t\t\t\t<div class=\"faq-item-question-icon\"><\/div>\r\n\t\t\t\t\t<\/div>\r\n\r\n\t\t\t\t\t<div class=\"faq-item-answer\">\r\n\t\t\t\t\t\t<div class=\"faq-item-answer-text\"><p>Oui, bien s\u00fbr\u00a0! En tant qu&rsquo;utilisateur du site Web Joomla, Elfsight vous propose des tonnes d&rsquo;outils sans code, notamment le plugin LinkedIn Feed. Quel que soit le type d\u2019entreprise que vous poss\u00e9dez et le cr\u00e9neau dans le domaine que vous choisissez, vous pouvez toujours rechercher des opportunit\u00e9s pour afficher vos points forts. Jetez un \u0153il aux options\u00a0: <\/p><ul><li>Pour cr\u00e9er une autre application de m\u00e9dias sociaux pour votre site Web Joomla, essayez le <a href=\"https:\/\/elfsight.com\/pinterest-feed-widget \/\">Flux Pinterest<\/a> ou <a href=\"https:\/\/elfsight.com\/instagram-feed-instashow\/\">Flux Instagram<\/a> \u00e0 c\u00f4t\u00e9 du flux LinkedIn. <\/li><li>Profitez des <a href=\"https:\/\/elfsight.com\/all-in-one-reviews-widget\/\">Avis tout-en-un<\/a> ou <a href>Google Reviews<\/a> pour afficher les commentaires des clients. <\/li><li>Int\u00e9grez le plugin <a href=\"https:\/\/elfsight.com\/online-form-builder\/\">Form Builder<\/a> pour collecter les r\u00e9ponses et permettre \u00e0 vos utilisateurs Joomla de vous contacter. . <\/li> <li>Ajoutez le widget <a href=\"https:\/\/elfsight.com\/countdown-timer-widget\/\">Compte \u00e0 rebours<\/a> pour susciter l&rsquo;enthousiasme et cr\u00e9er un sentiment d&rsquo;urgence parmi le public. <\/li><\/ul><p>Et n&rsquo;oubliez pas qu&rsquo;il ne s&rsquo;agit que de quelques exemples d&rsquo;int\u00e9gration parmi une longue liste d&rsquo;ajouts pouvant couvrir les besoins sp\u00e9cifiques de votre entreprise. Commencez par LinkedIn Feed et approfondissez notre catalogue pour d\u00e9couvrir d\u2019autres solutions de widgets \u00e0 ajouter \u00e0 votre site Web\u00a0! <\/p><\/div>\r\n\t\t\t\t\t<\/div>\r\n\t\t\t\t<\/div><div class=\"faq-item\">\r\n\t\t\t\t\t<div class=\"faq-item-question\">\r\n\t\t\t\t\t\t<h3 class=\"faq-item-question-text\">Comment int\u00e9grer LinkedIn Feed gratuitement sur Joomla ? <\/h3>\r\n\r\n\t\t\t\t\t\t<div class=\"faq-item-question-icon\"><\/div>\r\n\t\t\t\t\t<\/div>\r\n\r\n\t\t\t\t\t<div class=\"faq-item-answer\">\r\n\t\t\t\t\t\t<div class=\"faq-item-answer-text\"><p>Si vous souhaitez ajouter gratuitement le plugin LinkedIn Feed sans code \u00e0 votre site Web Joomla, suivez les \u00e9tapes ci-dessous\u00a0: <\/p> <ol><li>Personnalisez l&rsquo;apparence du widget Flux LinkedIn \u00e0 votre go\u00fbt. <\/li><li>Connectez-vous \u00e0 votre tableau de bord Elfsight ou cr\u00e9ez un compte gratuit. <\/li><li>R\u00e9cup\u00e9rez le code d&rsquo;int\u00e9gration g\u00e9n\u00e9r\u00e9. <\/li><li>Acc\u00e9dez \u00e0 votre site Web Joomla. <\/li><li>Collez le code dans votre cr\u00e9ateur de site Web Joomla pour ajouter le widget LinkedIn Feed. C&rsquo;est si simple! <\/li><\/ol><p>Comme cela appara\u00eet clairement, il n&rsquo;est pas n\u00e9cessaire d&rsquo;exceller dans l&rsquo;\u00e9criture de code pour int\u00e9grer le plugin. Cr\u00e9ez facilement un widget de flux LinkedIn pour un site Web Joomla et profitez des nombreux avantages li\u00e9s \u00e0 l&rsquo;\u00e9largissement de votre port\u00e9e. <\/p><\/div>\r\n\t\t\t\t\t<\/div>\r\n\t\t\t\t<\/div><div class=\"faq-item\">\r\n\t\t\t\t\t<div class=\"faq-item-question\">\r\n\t\t\t\t\t\t<h3 class=\"faq-item-question-text\">Dois-je savoir coder ou avoir des comp\u00e9tences en programmation pour ajouter le plugin LinkedIn Feed au site Joomla ? <\/h3>\r\n\r\n\t\t\t\t\t\t<div class=\"faq-item-question-icon\"><\/div>\r\n\t\t\t\t\t<\/div>\r\n\r\n\t\t\t\t\t<div class=\"faq-item-answer\">\r\n\t\t\t\t\t\t<div class=\"faq-item-answer-text\"><p>Non, vous n&rsquo;\u00eates pas oblig\u00e9 de les avoir . Il est absolument inutile d&rsquo;avoir une expertise en codage. Vous pouvez cr\u00e9er et ajouter le plugin LinkedIn Feed sans code \u00e0 votre site Web Joomla, m\u00eame sans aucune exp\u00e9rience sp\u00e9cialis\u00e9e ni exp\u00e9rience pr\u00e9alable en mati\u00e8re de code. <\/p> <\/div>\r\n\t\t\t\t\t<\/div>\r\n\t\t\t\t<\/div><\/div><\/div> <div class=\"application-platform-content-item-features application-platform-content-item\" id=\"features\" data-nav-section=\"features\"> <h2>Voici la liste des meilleures fonctionnalit\u00e9s\u00a0: <\/h2> <ul><li>Promouvoir tous les types de contenu\u00a0: articles de blog, images, clips, etc. <\/li><li>Triez le contenu du flux par mots-cl\u00e9s, hashtags ou filtres d&rsquo;URL. <\/li><li>Affichez les boutons d&rsquo;appel \u00e0 l&rsquo;action pour am\u00e9liorer le taux d&rsquo;engagement sur le flux de votre entreprise LinkedIn. <\/li><li>Effet popup accrocheur pour attirer l&rsquo;attention sur votre contenu LinkedIn. <\/li><li>Personnalisation sans code avec param\u00e8tres de conception avanc\u00e9s \u00e0 ajouter\u00a0: mod\u00e8les pr\u00eats \u00e0 l&#8217;emploi, cr\u00e9ateur de sch\u00e9mas de couleurs, cinq mises en page accessibles, styles de publication, CSS personnalis\u00e9, et bien plus encore. <\/li><\/ul><p><a href=\"#demo\">Vous pouvez tester toutes les fonctionnalit\u00e9s du widget dans la d\u00e9mo <\/a><\/p> <\/div> <div class=\"application-platform-content-item-installation  application-platform-content-item\" id=\"installation \" data-nav-section=\"installation \"> <h2>Comment int\u00e9grer le flux LinkedIn \u00e0 mon site Web Joomla\u00a0? <\/h2> <p>Pour ajouter le plugin LinkedIn Feed sans code \u00e0 votre site Web Joomla, suivez ces \u00e9tapes\u00a0: <\/p> <ol><li><b>Lancez notre configurateur gratuit et commencez \u00e0 cr\u00e9er votre widget LinkedIn Feed personnalis\u00e9 . <\/b><br> D\u00e9terminez le design s\u00e9lectionn\u00e9 et les caract\u00e9ristiques du plugin et appliquez les corrections. <\/li> <li><b>R\u00e9cup\u00e9rez le code unique apparaissant dans le formulaire sp\u00e9cial sur Elfsight Apps. <\/b><br> Une fois la g\u00e9n\u00e9ration de votre widget personnel termin\u00e9e, copiez le code individuel dans la case qui appara\u00eet et enregistrez-le pour de futures occasions. <\/li> <li><b>Commencez \u00e0 appliquer le plugin sur votre site Web Joomla. <\/b><br> Ajoutez le code enregistr\u00e9 auparavant \u00e0 votre site Web et appliquez les am\u00e9liorations. <\/li> <li><b>L&rsquo;installation est enti\u00e8rement termin\u00e9e. <\/b><br> Acc\u00e9dez \u00e0 votre site Web pour examiner les performances du plugin LinkedIn Feed. <\/li><\/ol> <p>En cas de questions ou de probl\u00e8mes li\u00e9s \u00e0 l&rsquo;ajout du widget, n&rsquo;h\u00e9sitez pas \u00e0 contacter notre \u00e9quipe d&rsquo;assistance. Nos collaborateurs seront ravis de r\u00e9pondre \u00e0 toutes vos questions gr\u00e2ce au plugin LinkedIn Feed sans code pour les sites Web Joomla. <\/p> <\/div>","protected":false},"excerpt":{"rendered":"","protected":false},"author":9,"featured_media":0,"parent":7326,"menu_order":0,"comment_status":"closed","ping_status":"closed","template":"templates\/template-application-platform.php","meta":{"publish_to_discourse":"","publish_post_category":"","wpdc_auto_publish_overridden":"","wpdc_topic_tags":"","wpdc_pin_topic":"","wpdc_pin_until":"","discourse_post_id":"","discourse_permalink":"","wpdc_publishing_response":"","wpdc_publishing_error":"","footnotes":""},"class_list":["post-13621","page","type-page","status-publish","hentry"],"yoast_head":"<!-- This site is optimized with the Yoast SEO plugin v25.3.1 - https:\/\/yoast.com\/wordpress\/plugins\/seo\/ -->\n<title>Flux LinkedIn - Ajoutez une extension de flux \u00e0 Joomla [gratuitement\u00a0!]<\/title>\n<meta name=\"description\" content=\"Int\u00e9grez l&#039;extension LinkedIn Feed sans codage sur votre site Web Joomla. Cr\u00e9ez votre widget \u00e0 l&#039;aide d&#039;une d\u00e9mo en direct et de mod\u00e8les pr\u00e9d\u00e9finis pour disposer d&#039;une solide preuve sociale.\" \/>\n<meta name=\"robots\" content=\"index, follow, max-snippet:-1, max-image-preview:large, max-video-preview:-1\" \/>\n<link rel=\"canonical\" href=\"https:\/\/elfsight.com\/fr\/linkedin-feed-widget\/joomla\/\" \/>\n<meta property=\"og:locale\" content=\"fr_FR\" \/>\n<meta property=\"og:type\" content=\"article\" \/>\n<meta property=\"og:title\" content=\"Flux LinkedIn - Ajoutez une extension de flux \u00e0 Joomla [gratuitement\u00a0!]\" \/>\n<meta property=\"og:description\" content=\"Int\u00e9grez l&#039;extension LinkedIn Feed sans codage sur votre site Web Joomla. Cr\u00e9ez votre widget \u00e0 l&#039;aide d&#039;une d\u00e9mo en direct et de mod\u00e8les pr\u00e9d\u00e9finis pour disposer d&#039;une solide preuve sociale.\" \/>\n<meta property=\"og:url\" content=\"https:\/\/elfsight.com\/fr\/linkedin-feed-widget\/joomla\/\" \/>\n<meta property=\"og:site_name\" content=\"Elfsight FR\" \/>\n<meta property=\"article:modified_time\" content=\"2025-07-10T08:14:19+00:00\" \/>\n<meta name=\"twitter:card\" content=\"summary_large_image\" \/>\n<meta name=\"twitter:label1\" content=\"Dur\u00e9e de lecture estim\u00e9e\" \/>\n\t<meta name=\"twitter:data1\" content=\"5 minutes\" \/>\n<!-- \/ Yoast SEO plugin. -->","yoast_head_json":{"title":"Flux LinkedIn - Ajoutez une extension de flux \u00e0 Joomla [gratuitement\u00a0!]","description":"Int\u00e9grez l'extension LinkedIn Feed sans codage sur votre site Web Joomla. Cr\u00e9ez votre widget \u00e0 l'aide d'une d\u00e9mo en direct et de mod\u00e8les pr\u00e9d\u00e9finis pour disposer d'une solide preuve sociale.","robots":{"index":"index","follow":"follow","max-snippet":"max-snippet:-1","max-image-preview":"max-image-preview:large","max-video-preview":"max-video-preview:-1"},"canonical":"https:\/\/elfsight.com\/fr\/linkedin-feed-widget\/joomla\/","og_locale":"fr_FR","og_type":"article","og_title":"Flux LinkedIn - Ajoutez une extension de flux \u00e0 Joomla [gratuitement\u00a0!]","og_description":"Int\u00e9grez l'extension LinkedIn Feed sans codage sur votre site Web Joomla. Cr\u00e9ez votre widget \u00e0 l'aide d'une d\u00e9mo en direct et de mod\u00e8les pr\u00e9d\u00e9finis pour disposer d'une solide preuve sociale.","og_url":"https:\/\/elfsight.com\/fr\/linkedin-feed-widget\/joomla\/","og_site_name":"Elfsight FR","article_modified_time":"2025-07-10T08:14:19+00:00","twitter_card":"summary_large_image","twitter_misc":{"Dur\u00e9e de lecture estim\u00e9e":"5 minutes"},"schema":{"@context":"https:\/\/schema.org","@graph":[{"@type":"WebPage","@id":"https:\/\/elfsight.com\/fr\/linkedin-feed-widget\/joomla\/","url":"https:\/\/elfsight.com\/fr\/linkedin-feed-widget\/joomla\/","name":"Flux LinkedIn - Ajoutez une extension de flux \u00e0 Joomla [gratuitement\u00a0!]","isPartOf":{"@id":"https:\/\/elfsight.com\/fr\/#website"},"datePublished":"2024-05-03T06:40:21+00:00","dateModified":"2025-07-10T08:14:19+00:00","description":"Int\u00e9grez l'extension LinkedIn Feed sans codage sur votre site Web Joomla. Cr\u00e9ez votre widget \u00e0 l'aide d'une d\u00e9mo en direct et de mod\u00e8les pr\u00e9d\u00e9finis pour disposer d'une solide preuve sociale.","breadcrumb":{"@id":"https:\/\/elfsight.com\/fr\/linkedin-feed-widget\/joomla\/#breadcrumb"},"inLanguage":"fr-FR","potentialAction":[{"@type":"ReadAction","target":["https:\/\/elfsight.com\/fr\/linkedin-feed-widget\/joomla\/"]}]},{"@type":"BreadcrumbList","@id":"https:\/\/elfsight.com\/fr\/linkedin-feed-widget\/joomla\/#breadcrumb","itemListElement":[{"@type":"ListItem","position":1,"name":"Home","item":"https:\/\/elfsight.com\/fr\/"},{"@type":"ListItem","position":2,"name":"LinkedIn Feed","item":"https:\/\/elfsight.com\/fr\/linkedin-feed-widget\/"},{"@type":"ListItem","position":3,"name":"LinkedIn Feed &#8211; Joomla"}]},{"@type":"WebSite","@id":"https:\/\/elfsight.com\/fr\/#website","url":"https:\/\/elfsight.com\/fr\/","name":"Elfsight FR","description":"","potentialAction":[{"@type":"SearchAction","target":{"@type":"EntryPoint","urlTemplate":"https:\/\/elfsight.com\/fr\/?s={search_term_string}"},"query-input":{"@type":"PropertyValueSpecification","valueRequired":true,"valueName":"search_term_string"}}],"inLanguage":"fr-FR"}]}},"meta_box":{"industry":"","seo_heading":"","heading":"","description":"","cta_heading":"","cta_description":"","application":"7313","h1":"Comment int\u00e9grer gratuitement LinkedIn Feed sur Joomla\u00a0!","h1_caption":"Affichez les publications de votre profil LinkedIn ou de votre page d'entreprise sur votre site Web, am\u00e9liorant ainsi votre pr\u00e9sence professionnelle en ligne sur votre site Web Joomla sans effort.","application_category":[],"applications_title":"","applications_request_title":"","applications_request_button_text":"","hero_text":"","hero_video":"","hero_video_schema_markup":"","selling_points_title":"","selling_points_caption":"","selling_points":[],"selling_points_cta_text":"","features_title":"","features":"","ed_cta_examples_text":"","ed_cta_examples_hidden":"","ed_cta_demo_text":"","ed_cta_demo_hidden":"","why_caption":"","why_editor_title":"","why_editor_text":"","why_team_title":"","why_team_text":"","why_service_title":"","why_service_text":"","template_catalog_visible":"","template_catalog_title":"","template_catalog_text":"","template_catalog_categories_visible":"","demo_title":"Cr\u00e9ez votre plugin de flux LinkedIn","demo_caption":"Configurez votre flux LinkedIn et ajoutez-le gratuitement \u00e0 votre site Joomla !","default_faq_hidden":"","app_template_category":[],"platform":"354","template_public_id":"","codecanyon_url":"","codecanyon_item_id":"","codecanyon_price":"","pricing_caption":"","pricing_elfsight_apps_hide_column":"","pricing_elfsight_apps_url":"","pricing_codecanyon_price_caption":"","integration_category":[],"integration_request_title":"","integration_request_cta":"","integration_platform":"","integrations":[],"platform_category":[],"video_schema_markup":"","price":"\u00e0 partir de 0$ \/ mois","trial":"","benefits":[{"text":"Assistance \u00e0 l'installation gratuite"},{"text":"Un soutien exceptionnel"},{"text":"Garantie de remboursement de 14 jours"},{"text":"D\u00e9veloppement continu"}],"button_url":"#demo","button_target_blank":"","button_nofollow":"","attributes":[{"name":"Installations","content":"10,000 - 100,000"},{"name":"Sensible","content":"Oui"},{"name":"Navigateurs compatibles","content":"Firefox, Safari, Opera, Chrome, Edge"}],"tags":[],"tags_disable_links":"","hide_more_platforms":"","video_object":"","demo_hide_cta":"","demo_hide_cloud_options":"","pricing_title":"","pricing":[{"pricing_icon":"platform","pricing_title":"Elfsight Apps","pricing_title_caption":"Version multiplateforme qui convient \u00e0 n'importe quel site Web","pricing_price":"from $0 \/ month","pricing_price_caption":"Commencez avec un forfait gratuit","pricing_benefits":[{"text":"Sites Web illimit\u00e9s"},{"text":"Assistance d\u00e9di\u00e9e, ponctuelle et bien document\u00e9e"},{"text":"Aide \u00e0 l'installation gratuite"},{"text":"100% personnalisable"}],"pricing_button_text":"Ajouter au site Web","pricing_button_url":"#demo"}],"related_apps_title":"","related_apps_hidden":"","author":"","image":[],"title":"","job":"","social_networks":[]},"_links":{"self":[{"href":"https:\/\/elfsight.com\/fr\/wp-json\/wp\/v2\/pages\/13621","targetHints":{"allow":["GET"]}}],"collection":[{"href":"https:\/\/elfsight.com\/fr\/wp-json\/wp\/v2\/pages"}],"about":[{"href":"https:\/\/elfsight.com\/fr\/wp-json\/wp\/v2\/types\/page"}],"author":[{"embeddable":true,"href":"https:\/\/elfsight.com\/fr\/wp-json\/wp\/v2\/users\/9"}],"replies":[{"embeddable":true,"href":"https:\/\/elfsight.com\/fr\/wp-json\/wp\/v2\/comments?post=13621"}],"version-history":[{"count":1,"href":"https:\/\/elfsight.com\/fr\/wp-json\/wp\/v2\/pages\/13621\/revisions"}],"predecessor-version":[{"id":13625,"href":"https:\/\/elfsight.com\/fr\/wp-json\/wp\/v2\/pages\/13621\/revisions\/13625"}],"up":[{"embeddable":true,"href":"https:\/\/elfsight.com\/fr\/wp-json\/wp\/v2\/pages\/7326"}],"wp:attachment":[{"href":"https:\/\/elfsight.com\/fr\/wp-json\/wp\/v2\/media?parent=13621"}],"curies":[{"name":"wp","href":"https:\/\/api.w.org\/{rel}","templated":true}]}}