{"id":13614,"date":"2024-05-03T06:40:18","date_gmt":"2024-05-03T06:40:18","guid":{"rendered":"https:\/\/elfsight.com\/fr\/?page_id=13614"},"modified":"2025-01-09T13:48:39","modified_gmt":"2025-01-09T13:48:39","slug":"bigcommerce","status":"publish","type":"page","link":"https:\/\/elfsight.com\/fr\/job-board-widget\/bigcommerce\/","title":{"rendered":"Job Board &#8211; BigCommerce"},"content":{"rendered":"\n<div class=\"application-platform-content-item-description application-platform-content-item\" id=\"description\" data-nav-section=\"description\">\n    <h2>Description<\/h2>\n    <p>Notre Job Board pour BigCommerce est une application remarquable qui vous offre la possibilit\u00e9 de publier des offres d&#8217;emploi et de recevoir des CV de candidats directement sur votre site Web de la mani\u00e8re la plus accessible. En appliquant notre nouveau widget, vous pourrez r\u00e9v\u00e9ler des informations sur votre entreprise, publier des informations sur les postes vacants et recevoir des CV. Le widget vous propose de fa\u00e7onner une fiche de travail accompagn\u00e9e d&rsquo;une description d\u00e9taill\u00e9e et d&rsquo;un bouton Appliquer. Utiliser Elfsight Job Board vous permet de simplifier le processus de recrutement et de dessiner les r\u00e9ponses aux offres d&#8217;emploi en 1-2-3 ! <\/p>\n    <p><b>Formez rapidement les descriptions de poste et les appels \u00e0 l&rsquo;action les plus attrayants pour motiver davantage de recrues possibles \u00e0 travailler avec vous<\/b><\/p>\n<\/div>\n\n<div class=\"application-platform-content-item-features application-platform-content-item\" id=\"features\" data-nav-section=\"features\">\n    <h2>Les fonctionnalit\u00e9s de base de l&rsquo;application contiennent<\/h2>\n    <ul>\n        <li>Cr\u00e9er un lien de candidature pour diriger les employ\u00e9s potentiels vers la page avec les CV<\/li>\n        <li>Afficher les postes vacants de la mani\u00e8re la plus fascinante<\/li>\n        <li>Le nombre de fiches de travail que vous pouvez cr\u00e9er est illimit\u00e9<\/li>\n        <li>Ajoutez de nombreux d\u00e9tails sur le poste : comp\u00e9tences requises, titre du poste et salaire<\/li>\n        <li>Donnez des informations sur votre entreprise : son nom, son emplacement et son d\u00e9partement<\/li>\n    <\/ul>\n    <p><a href=\"#demo\">Essayez simplement cette d\u00e9mo pour avoir une id\u00e9e compl\u00e8te<\/a><\/p>\n<\/div>\n\n<div class=\"application-platform-content-item-installation application-platform-content-item\" id=\"installation\" data-nav-section=\"installation\">\n    <h2>Comment puis-je ajouter un Job Board sur mon site BigCommerce ? <\/h2>\n    <p>Suivez simplement les instructions ci-dessous pour ajouter l&rsquo;outil. <\/p>\n    <ol>\n        <li><b>Lancez notre d\u00e9mo gratuite et commencez \u00e0 cr\u00e9er votre instrument unique. <\/b><br> D\u00e9terminez le formulaire personnalis\u00e9 et les fonctionnalit\u00e9s de l&rsquo;outil et enregistrez les modifications. <\/li>\n        <li><b>Recevez votre code personnel qui s&rsquo;affiche dans la fen\u00eatre des applications Elfsight. <\/b><br> Juste apr\u00e8s la g\u00e9n\u00e9ration de votre widget, copiez le code personnel dans la fen\u00eatre qui appara\u00eet et conservez-le pour une utilisation ult\u00e9rieure. <\/li>\n        <li><b>Entrez pour utiliser l&rsquo;outil sur le site BigCommerce. <\/b><br> Impl\u00e9mentez le code que vous avez enregistr\u00e9 r\u00e9cemment dans votre site Web et appliquez les modifications. <\/li>\n        <li><b>L&rsquo;installation est enti\u00e8rement termin\u00e9e. <\/b><br> Visitez votre page Web pour revoir le travail de l&rsquo;outil. <\/li>\n    <\/ol>\n    <p>Si vous rencontrez des questions ou rencontrez des obstacles, veuillez contacter notre \u00e9quipe d&rsquo;assistance. Nos sp\u00e9cialistes seront ravis de r\u00e9soudre toutes les difficult\u00e9s que vous pourriez rencontrer avec le widget. <\/p>\n<\/div>\n\n<div class=\"faq\" data-component=\"FAQ\">\n    <div class=\"faq-item\">\r\n\t\t\t\t\t<div class=\"faq-item-question\">\r\n\t\t\t\t\t\t<h3 class=\"faq-item-question-text\">Existe-t-il un moyen d'int\u00e9grer un Job Board \u00e0 ma page d'accueil BigCommerce sans codage ?<\/h3>\r\n\r\n\t\t\t\t\t\t<div class=\"faq-item-question-icon\"><\/div>\r\n\t\t\t\t\t<\/div>\r\n\r\n\t\t\t\t\t<div class=\"faq-item-answer\">\r\n\t\t\t\t\t\t<div class=\"faq-item-answer-text\">\n        <p>Elfsight propose une solution SaaS qui permet aux utilisateurs de cr\u00e9er eux-m\u00eames un plugin Job Board, d\u00e9couvrez les \u00e9tapes simples : commencez \u00e0 travailler dans l&rsquo;\u00e9diteur en ligne pour cr\u00e9er une section Job Board que vous souhaitez inclure sur le site BigCommerce. Cliquez sur l&rsquo;un de nos mod\u00e8les pr\u00e9d\u00e9finis et modifiez les param\u00e8tres du Job Board, incluez votre contenu, changez la mise en page et les couleurs sans aucune comp\u00e9tence en codage. Enregistrez le Job Board et copiez son code d&rsquo;installation, que vous pouvez inclure dans la page d&rsquo;accueil de BigCommerce sans avoir besoin d&rsquo;acheter une version payante. Avec notre configurateur simple, chaque utilisateur Web peut g\u00e9n\u00e9rer une section Job Board et l&rsquo;ajouter simplement au site BigCommerce. Vous ne devez pas souscrire \u00e0 un forfait payant ni soumettre les donn\u00e9es de votre carte pour acc\u00e9der au service. Si vous rencontrez des probl\u00e8mes de quelque nature que ce soit, n&rsquo;h\u00e9sitez pas \u00e0 vous adresser \u00e0 notre \u00e9quipe d&rsquo;assistance.<\/p>\n    <\/div>\r\n\t\t\t\t\t<\/div>\r\n\t\t\t\t<\/div>\n<\/div>\n\n","protected":false},"excerpt":{"rendered":"","protected":false},"author":9,"featured_media":0,"parent":3382,"menu_order":0,"comment_status":"closed","ping_status":"closed","template":"templates\/template-application-platform.php","meta":{"publish_to_discourse":"","publish_post_category":"","wpdc_auto_publish_overridden":"","wpdc_topic_tags":"","wpdc_pin_topic":"","wpdc_pin_until":"","discourse_post_id":"","discourse_permalink":"","wpdc_publishing_response":"","wpdc_publishing_error":"","footnotes":""},"class_list":["post-13614","page","type-page","status-publish","hentry"],"yoast_head":"<!-- This site is optimized with the Yoast SEO plugin v25.3.1 - https:\/\/yoast.com\/wordpress\/plugins\/seo\/ -->\n<title>Application Job Board - Ajouter des offres d&#039;emploi \u00e0 BigCommerce (2025)<\/title>\n<meta name=\"description\" content=\"Int\u00e9grez une application Job Board r\u00e9active sur votre site BigCommerce et laissez vos employ\u00e9s potentiels explorer les postes vacants !\" \/>\n<meta name=\"robots\" content=\"index, follow, max-snippet:-1, max-image-preview:large, max-video-preview:-1\" \/>\n<link rel=\"canonical\" href=\"https:\/\/elfsight.com\/fr\/job-board-widget\/bigcommerce\/\" \/>\n<meta property=\"og:locale\" content=\"fr_FR\" \/>\n<meta property=\"og:type\" content=\"article\" \/>\n<meta property=\"og:title\" content=\"Application Job Board - Ajouter des offres d&#039;emploi \u00e0 BigCommerce (2025)\" \/>\n<meta property=\"og:description\" content=\"Int\u00e9grez une application Job Board r\u00e9active sur votre site BigCommerce et laissez vos employ\u00e9s potentiels explorer les postes vacants !\" \/>\n<meta property=\"og:url\" content=\"https:\/\/elfsight.com\/fr\/job-board-widget\/bigcommerce\/\" \/>\n<meta property=\"og:site_name\" content=\"Elfsight FR\" \/>\n<meta property=\"article:modified_time\" content=\"2025-01-09T13:48:39+00:00\" \/>\n<meta name=\"twitter:card\" content=\"summary_large_image\" \/>\n<meta name=\"twitter:label1\" content=\"Dur\u00e9e de lecture estim\u00e9e\" \/>\n\t<meta name=\"twitter:data1\" content=\"3 minutes\" \/>\n<!-- \/ Yoast SEO plugin. -->","yoast_head_json":{"title":"Application Job Board - Ajouter des offres d'emploi \u00e0 BigCommerce (2025)","description":"Int\u00e9grez une application Job Board r\u00e9active sur votre site BigCommerce et laissez vos employ\u00e9s potentiels explorer les postes vacants !","robots":{"index":"index","follow":"follow","max-snippet":"max-snippet:-1","max-image-preview":"max-image-preview:large","max-video-preview":"max-video-preview:-1"},"canonical":"https:\/\/elfsight.com\/fr\/job-board-widget\/bigcommerce\/","og_locale":"fr_FR","og_type":"article","og_title":"Application Job Board - Ajouter des offres d'emploi \u00e0 BigCommerce (2025)","og_description":"Int\u00e9grez une application Job Board r\u00e9active sur votre site BigCommerce et laissez vos employ\u00e9s potentiels explorer les postes vacants !","og_url":"https:\/\/elfsight.com\/fr\/job-board-widget\/bigcommerce\/","og_site_name":"Elfsight FR","article_modified_time":"2025-01-09T13:48:39+00:00","twitter_card":"summary_large_image","twitter_misc":{"Dur\u00e9e de lecture estim\u00e9e":"3 minutes"},"schema":{"@context":"https:\/\/schema.org","@graph":[{"@type":"WebPage","@id":"https:\/\/elfsight.com\/fr\/job-board-widget\/bigcommerce\/","url":"https:\/\/elfsight.com\/fr\/job-board-widget\/bigcommerce\/","name":"Application Job Board - Ajouter des offres d'emploi \u00e0 BigCommerce (2025)","isPartOf":{"@id":"https:\/\/elfsight.com\/fr\/#website"},"datePublished":"2024-05-03T06:40:18+00:00","dateModified":"2025-01-09T13:48:39+00:00","description":"Int\u00e9grez une application Job Board r\u00e9active sur votre site BigCommerce et laissez vos employ\u00e9s potentiels explorer les postes vacants !","breadcrumb":{"@id":"https:\/\/elfsight.com\/fr\/job-board-widget\/bigcommerce\/#breadcrumb"},"inLanguage":"fr-FR","potentialAction":[{"@type":"ReadAction","target":["https:\/\/elfsight.com\/fr\/job-board-widget\/bigcommerce\/"]}]},{"@type":"BreadcrumbList","@id":"https:\/\/elfsight.com\/fr\/job-board-widget\/bigcommerce\/#breadcrumb","itemListElement":[{"@type":"ListItem","position":1,"name":"Home","item":"https:\/\/elfsight.com\/fr\/"},{"@type":"ListItem","position":2,"name":"Job Board","item":"https:\/\/elfsight.com\/fr\/job-board-widget\/"},{"@type":"ListItem","position":3,"name":"Job Board &#8211; BigCommerce"}]},{"@type":"WebSite","@id":"https:\/\/elfsight.com\/fr\/#website","url":"https:\/\/elfsight.com\/fr\/","name":"Elfsight FR","description":"","potentialAction":[{"@type":"SearchAction","target":{"@type":"EntryPoint","urlTemplate":"https:\/\/elfsight.com\/fr\/?s={search_term_string}"},"query-input":{"@type":"PropertyValueSpecification","valueRequired":true,"valueName":"search_term_string"}}],"inLanguage":"fr-FR"}]}},"meta_box":{"industry":"","seo_heading":"","heading":"","description":"","cta_heading":"","cta_description":"","application":"3381","h1":"Application BigCommerce Job Board","h1_caption":"Cr\u00e9ez un site d'emploi pour r\u00e9pertorier les postes vacants sur votre site Web et attirez facilement des candidats potentiels sur votre site Web BigCommerce.","application_category":[],"applications_title":"","applications_request_title":"","applications_request_button_text":"","hero_text":"","hero_video":"","hero_video_schema_markup":"","selling_points_title":"","selling_points_caption":"","selling_points":[],"selling_points_cta_text":"","features_title":"","features":"","ed_cta_examples_text":"","ed_cta_examples_hidden":"","ed_cta_demo_text":"","ed_cta_demo_hidden":"","why_caption":"","why_editor_title":"","why_editor_text":"","why_team_title":"","why_team_text":"","why_service_title":"","why_service_text":"","template_catalog_visible":"0","template_catalog_title":"","template_catalog_text":"","template_catalog_categories_visible":"","demo_title":"Cr\u00e9ez votre application Job Board","demo_caption":"Configurez votre Job Board et ajoutez-le gratuitement \u00e0 votre site Web BigCommerce\u00a0!","default_faq_hidden":"","app_template_category":[],"platform":"347","template_public_id":"","codecanyon_url":"","codecanyon_item_id":"","codecanyon_price":"","pricing_caption":"","pricing_elfsight_apps_hide_column":"","pricing_elfsight_apps_url":"","pricing_codecanyon_price_caption":"","integration_category":[],"integration_request_title":"","integration_request_cta":"","integration_platform":"","integrations":[],"platform_category":[],"video_schema_markup":"","price":"\u00e0 partir de 0$ \/ mois","trial":"","benefits":[{"text":"Aide \u00e0 l'installation gratuite"},{"text":"Service client professionnel"},{"text":"Garantie de remboursement de 14 jours"},{"text":"Mise \u00e0 jour constante"}],"button_url":"#demo","button_target_blank":"0","button_nofollow":"0","attributes":[{"name":"Installations","content":"10,000 - 100,000"},{"name":"Sensible","content":"Oui"},{"name":"Navigateurs compatibles","content":"Firefox, Safari, Opera, Chrome, Edge"}],"tags":[],"tags_disable_links":"0","hide_more_platforms":"","video_object":"","demo_hide_cta":"0","demo_hide_cloud_options":"0","pricing_title":"","pricing":[{"pricing_icon":"platform","pricing_title":"Elfsight Apps","pricing_title_caption":"Version ind\u00e9pendante de la plate-forme qui fonctionne sur n'importe quel site Web","pricing_price":"from $0 \/ month","pricing_price_caption":"commencez avec un forfait gratuit","pricing_benefits":[{"text":"Domaines illimit\u00e9s"},{"text":"Support client 24h\/24 et 7j\/7 et bien document\u00e9"},{"text":"Aide \u00e0 l'installation gratuite"},{"text":"100% personnalisable"}],"pricing_button_text":"Ajouter au site Web","pricing_button_url":"#demo"}],"related_apps_title":"","related_apps_hidden":"0","author":"","image":[],"title":"","job":"","social_networks":[]},"_links":{"self":[{"href":"https:\/\/elfsight.com\/fr\/wp-json\/wp\/v2\/pages\/13614","targetHints":{"allow":["GET"]}}],"collection":[{"href":"https:\/\/elfsight.com\/fr\/wp-json\/wp\/v2\/pages"}],"about":[{"href":"https:\/\/elfsight.com\/fr\/wp-json\/wp\/v2\/types\/page"}],"author":[{"embeddable":true,"href":"https:\/\/elfsight.com\/fr\/wp-json\/wp\/v2\/users\/9"}],"replies":[{"embeddable":true,"href":"https:\/\/elfsight.com\/fr\/wp-json\/wp\/v2\/comments?post=13614"}],"version-history":[{"count":2,"href":"https:\/\/elfsight.com\/fr\/wp-json\/wp\/v2\/pages\/13614\/revisions"}],"predecessor-version":[{"id":16101,"href":"https:\/\/elfsight.com\/fr\/wp-json\/wp\/v2\/pages\/13614\/revisions\/16101"}],"up":[{"embeddable":true,"href":"https:\/\/elfsight.com\/fr\/wp-json\/wp\/v2\/pages\/3382"}],"wp:attachment":[{"href":"https:\/\/elfsight.com\/fr\/wp-json\/wp\/v2\/media?parent=13614"}],"curies":[{"name":"wp","href":"https:\/\/api.w.org\/{rel}","templated":true}]}}