{"id":13613,"date":"2024-05-03T06:40:17","date_gmt":"2024-05-03T06:40:17","guid":{"rendered":"https:\/\/elfsight.com\/fr\/?page_id=13613"},"modified":"2025-01-09T13:49:17","modified_gmt":"2025-01-09T13:49:17","slug":"blogger","status":"publish","type":"page","link":"https:\/\/elfsight.com\/fr\/job-board-widget\/blogger\/","title":{"rendered":"Job Board &#8211; Blogger"},"content":{"rendered":"\n<div class=\"application-platform-content-item-description application-platform-content-item\" id=\"description\" data-nav-section=\"description\"> <h2>Description<\/h2> <p>Le Job Board pour Blogger est un widget exceptionnel vous permettant de r\u00e9v\u00e9ler les postes vacants et de recevoir directement les CV des candidats. sur votre site Web de la mani\u00e8re la plus simple. Gr\u00e2ce \u00e0 notre nouvel outil, vous pourrez parler de votre entreprise, publier des informations sur les offres d&#8217;emploi et collecter des CV. Le widget vous permet de cr\u00e9er une fiche de travail accompagn\u00e9e d&rsquo;une description d\u00e9taill\u00e9e et d&rsquo;un bouton Appliquer. L&rsquo;utilisation du Job Board vous permet de faciliter le processus de recrutement et d&rsquo;acqu\u00e9rir les r\u00e9ponses aux offres d&#8217;emploi en un clic. <\/p> <p><b>Cr\u00e9ez facilement les descriptions de poste et les boutons CTA les plus attrayants pour inciter davantage d&#8217;embauches possibles \u00e0 travailler avec vous<\/b><\/p> <\/div> <div class=\"application-platform-content-item-features application-platform-content-item\" id=\"features\" data-nav-section=\"features\"> <h2>Vous trouverez ci-dessous les caract\u00e9ristiques fondamentales du widget\u00a0: <\/h2> <ul><li>Ajoutez un lien Postuler pour diriger les employ\u00e9s potentiels vers la page qui collecte les CV<\/li><li>Pr\u00e9sentez les offres d&#8217;emploi de la mani\u00e8re la plus fascinante<\/li><li>Ajoutez autant d&#8217;emplois que vous le souhaitez<\/li><li>Ajoutez de nombreux d\u00e9tails sur l&#8217;emploi\u00a0: titre du poste, comp\u00e9tences requises et salaire<\/li><li>Donnez des informations sur votre entreprise\u00a0: service, emplacement et son nom<\/li><\/ul><p><a href=\"#demo\">Vous pouvez consulter toutes les fonctionnalit\u00e9s du widget dans la d\u00e9mo ici<\/a><\/p> <\/div> <div class=\"application-platform-content-item-installation application-platform-content-item\" id=\"installation\" data-nav-section=\"installation\"> <h2>Comment int\u00e9grer un Job Board \u00e0 mon site Web Blogger\u00a0? <\/h2> <p>Appliquez simplement les instructions ci-dessous pour commencer \u00e0 travailler avec le widget. <\/p> <ol><li><b>Utilisez notre configurateur gratuit et commencez \u00e0 cr\u00e9er votre widget sur mesure. <\/b><br> Sp\u00e9cifiez la conception pr\u00e9f\u00e9rable et les caract\u00e9ristiques fonctionnelles du widget et enregistrez les modifications. <\/li> <li><b>Obtenez votre code personnel r\u00e9v\u00e9l\u00e9 dans la fen\u00eatre des applications Elfsight. <\/b><br> Une fois la configuration de votre plugin termin\u00e9e, copiez le code personnel dans la popup apparue et enregistrez-le pour une utilisation ult\u00e9rieure. <\/li> <li><b>Initiez l&rsquo;utilisation du plug-in sur le site Web Blogger. <\/b><br> Ajoutez le code copi\u00e9 r\u00e9cemment dans votre page et appliquez les am\u00e9liorations. <\/li> <li><b>Vous avez termin\u00e9\u00a0! La configuration est termin\u00e9e avec succ\u00e8s. <\/b><br> Visitez votre page Web pour v\u00e9rifier le fonctionnement de l&rsquo;outil. <\/li><\/ol> <p>En cas de complications, n&rsquo;h\u00e9sitez pas \u00e0 \u00e9crire \u00e0 notre \u00e9quipe d&rsquo;assistance. Nos sp\u00e9cialistes seront ravis de r\u00e9soudre toutes les questions que vous pourriez vous poser avec le plugin. <\/p> <div class=\"faq\" data-component=\"FAQ\"><div class=\"faq-item\">\r\n\t\t\t\t\t<div class=\"faq-item-question\">\r\n\t\t\t\t\t\t<h3 class=\"faq-item-question-text\">Comment int\u00e9grer un Job Board sur mon Blogger sans coder ?<\/h3>\r\n\r\n\t\t\t\t\t\t<div class=\"faq-item-question-icon\"><\/div>\r\n\t\t\t\t\t<\/div>\r\n\r\n\t\t\t\t\t<div class=\"faq-item-answer\">\r\n\t\t\t\t\t\t<div class=\"faq-item-answer-text\"> <p>La soci\u00e9t\u00e9 Elfsight propose une solution qui vous permet de g\u00e9n\u00e9rer vous-m\u00eame une section Job Board, d\u00e9couvrez les \u00e9tapes simples\u00a0: Commencez \u00e0 travailler directement dans l&rsquo;\u00e9diteur en ligne pour cr\u00e9er une section Job Board que vous aimeriez voir sur le site Web Blogger. Cliquez sur l&rsquo;un des mod\u00e8les pr\u00eats \u00e0 l&#8217;emploi et modifiez les param\u00e8tres du Job Board, modifiez la mise en page et la palette de couleurs et mettez \u00e0 jour votre contenu, sans aucune comp\u00e9tence en codage. Enregistrez les param\u00e8tres que vous avez d\u00e9finis sur le Job Board et obtenez son code d&rsquo;installation, que vous pouvez facilement inclure dans le site Blogger sans acheter de version payante. Avec l&rsquo;aide de l&rsquo;\u00e9diteur facile \u00e0 utiliser, chaque utilisateur Web peut cr\u00e9er une application Job Board en ligne et la coller facilement sur le site Blogger. Vous ne devez pas payer ni soumettre les informations d&rsquo;identification de votre carte pour acc\u00e9der au service Elfsight. Si vous rencontrez des probl\u00e8mes de quelque nature que ce soit, n&rsquo;h\u00e9sitez pas \u00e0 parler \u00e0 notre \u00e9quipe d&rsquo;assistance technique.<\/p> <\/div>\r\n\t\t\t\t\t<\/div>\r\n\t\t\t\t<\/div> <\/div><\/div>\n","protected":false},"excerpt":{"rendered":"","protected":false},"author":9,"featured_media":0,"parent":3382,"menu_order":0,"comment_status":"closed","ping_status":"closed","template":"templates\/template-application-platform.php","meta":{"publish_to_discourse":"","publish_post_category":"","wpdc_auto_publish_overridden":"","wpdc_topic_tags":"","wpdc_pin_topic":"","wpdc_pin_until":"","discourse_post_id":"","discourse_permalink":"","wpdc_publishing_response":"","wpdc_publishing_error":"","footnotes":""},"class_list":["post-13613","page","type-page","status-publish","hentry"],"yoast_head":"<!-- This site is optimized with the Yoast SEO plugin v25.3.1 - https:\/\/yoast.com\/wordpress\/plugins\/seo\/ -->\n<title>Widget Blogger Job Board - Ajouter des offres d&#039;emploi \u00e0 Blogger (2026)<\/title>\n<meta name=\"description\" content=\"Ajoutez un widget Job Board r\u00e9actif sur votre site Blogger et laissez vos travailleurs potentiels voir les postes vacants\u00a0!\" \/>\n<meta name=\"robots\" content=\"index, follow, max-snippet:-1, max-image-preview:large, max-video-preview:-1\" \/>\n<link rel=\"canonical\" href=\"https:\/\/elfsight.com\/fr\/job-board-widget\/blogger\/\" \/>\n<meta property=\"og:locale\" content=\"fr_FR\" \/>\n<meta property=\"og:type\" content=\"article\" \/>\n<meta property=\"og:title\" content=\"Widget Blogger Job Board - Ajouter des offres d&#039;emploi \u00e0 Blogger (2026)\" \/>\n<meta property=\"og:description\" content=\"Ajoutez un widget Job Board r\u00e9actif sur votre site Blogger et laissez vos travailleurs potentiels voir les postes vacants\u00a0!\" \/>\n<meta property=\"og:url\" content=\"https:\/\/elfsight.com\/fr\/job-board-widget\/blogger\/\" \/>\n<meta property=\"og:site_name\" content=\"Elfsight FR\" \/>\n<meta property=\"article:modified_time\" content=\"2025-01-09T13:49:17+00:00\" \/>\n<meta name=\"twitter:card\" content=\"summary_large_image\" \/>\n<meta name=\"twitter:label1\" content=\"Dur\u00e9e de lecture estim\u00e9e\" \/>\n\t<meta name=\"twitter:data1\" content=\"3 minutes\" \/>\n<!-- \/ Yoast SEO plugin. -->","yoast_head_json":{"title":"Widget Blogger Job Board - Ajouter des offres d'emploi \u00e0 Blogger (2026)","description":"Ajoutez un widget Job Board r\u00e9actif sur votre site Blogger et laissez vos travailleurs potentiels voir les postes vacants\u00a0!","robots":{"index":"index","follow":"follow","max-snippet":"max-snippet:-1","max-image-preview":"max-image-preview:large","max-video-preview":"max-video-preview:-1"},"canonical":"https:\/\/elfsight.com\/fr\/job-board-widget\/blogger\/","og_locale":"fr_FR","og_type":"article","og_title":"Widget Blogger Job Board - Ajouter des offres d'emploi \u00e0 Blogger (2026)","og_description":"Ajoutez un widget Job Board r\u00e9actif sur votre site Blogger et laissez vos travailleurs potentiels voir les postes vacants\u00a0!","og_url":"https:\/\/elfsight.com\/fr\/job-board-widget\/blogger\/","og_site_name":"Elfsight FR","article_modified_time":"2025-01-09T13:49:17+00:00","twitter_card":"summary_large_image","twitter_misc":{"Dur\u00e9e de lecture estim\u00e9e":"3 minutes"},"schema":{"@context":"https:\/\/schema.org","@graph":[{"@type":"WebPage","@id":"https:\/\/elfsight.com\/fr\/job-board-widget\/blogger\/","url":"https:\/\/elfsight.com\/fr\/job-board-widget\/blogger\/","name":"Widget Blogger Job Board - Ajouter des offres d'emploi \u00e0 Blogger (2026)","isPartOf":{"@id":"https:\/\/elfsight.com\/fr\/#website"},"datePublished":"2024-05-03T06:40:17+00:00","dateModified":"2025-01-09T13:49:17+00:00","description":"Ajoutez un widget Job Board r\u00e9actif sur votre site Blogger et laissez vos travailleurs potentiels voir les postes vacants\u00a0!","breadcrumb":{"@id":"https:\/\/elfsight.com\/fr\/job-board-widget\/blogger\/#breadcrumb"},"inLanguage":"fr-FR","potentialAction":[{"@type":"ReadAction","target":["https:\/\/elfsight.com\/fr\/job-board-widget\/blogger\/"]}]},{"@type":"BreadcrumbList","@id":"https:\/\/elfsight.com\/fr\/job-board-widget\/blogger\/#breadcrumb","itemListElement":[{"@type":"ListItem","position":1,"name":"Home","item":"https:\/\/elfsight.com\/fr\/"},{"@type":"ListItem","position":2,"name":"Job Board","item":"https:\/\/elfsight.com\/fr\/job-board-widget\/"},{"@type":"ListItem","position":3,"name":"Job Board &#8211; Blogger"}]},{"@type":"WebSite","@id":"https:\/\/elfsight.com\/fr\/#website","url":"https:\/\/elfsight.com\/fr\/","name":"Elfsight FR","description":"","potentialAction":[{"@type":"SearchAction","target":{"@type":"EntryPoint","urlTemplate":"https:\/\/elfsight.com\/fr\/?s={search_term_string}"},"query-input":{"@type":"PropertyValueSpecification","valueRequired":true,"valueName":"search_term_string"}}],"inLanguage":"fr-FR"}]}},"meta_box":{"industry":"","seo_heading":"","heading":"","description":"","cta_heading":"","cta_description":"","application":"3381","h1":"Widget du site d'emploi Blogger","h1_caption":"Cr\u00e9ez un site d'emploi pour r\u00e9pertorier les postes vacants sur votre site Web et attirez facilement des candidats potentiels sur votre site Web Blogger sans effort.","application_category":[],"applications_title":"","applications_request_title":"","applications_request_button_text":"","hero_text":"","hero_video":"","hero_video_schema_markup":"","selling_points_title":"","selling_points_caption":"","selling_points":[],"selling_points_cta_text":"","features_title":"","features":"","ed_cta_examples_text":"","ed_cta_examples_hidden":"","ed_cta_demo_text":"","ed_cta_demo_hidden":"","why_caption":"","why_editor_title":"","why_editor_text":"","why_team_title":"","why_team_text":"","why_service_title":"","why_service_text":"","template_catalog_visible":"0","template_catalog_title":"","template_catalog_text":"","template_catalog_categories_visible":"","demo_title":"Cr\u00e9ez votre widget Job Board","demo_caption":"Configurez votre Job Board et ajoutez-le gratuitement \u00e0 votre site Web Blogger\u00a0!","default_faq_hidden":"","app_template_category":[],"platform":"348","template_public_id":"","codecanyon_url":"","codecanyon_item_id":"","codecanyon_price":"","pricing_caption":"","pricing_elfsight_apps_hide_column":"","pricing_elfsight_apps_url":"","pricing_codecanyon_price_caption":"","integration_category":[],"integration_request_title":"","integration_request_cta":"","integration_platform":"","integrations":[],"platform_category":[],"video_schema_markup":"","price":"\u00e0 partir de 0$ \/ mois","trial":"","benefits":[{"text":"Service d'installation gratuit"},{"text":"Support client exp\u00e9riment\u00e9"},{"text":"Garantie de remboursement de 14 jours"},{"text":"Futures mises \u00e0 jour gratuites"}],"button_url":"#demo","button_target_blank":"0","button_nofollow":"0","attributes":[{"name":"Installations","content":"10,000 - 100,000"},{"name":"Sensible","content":"Oui"},{"name":"Navigateurs compatibles","content":"Firefox, Safari, Opera, Chrome, Edge"}],"tags":[],"tags_disable_links":"0","hide_more_platforms":"","video_object":"","demo_hide_cta":"0","demo_hide_cloud_options":"0","pricing_title":"","pricing":[{"pricing_icon":"platform","pricing_title":"Elfsight Apps","pricing_title_caption":"Version multiplateforme","pricing_price":"from $0 \/ month","pricing_price_caption":"commencez avec un forfait gratuit","pricing_benefits":[{"text":"Domaines illimit\u00e9s"},{"text":"Assistance professionnelle et ponctuelle"},{"text":"Service d'installation gratuit"},{"text":"Conception flexible"}],"pricing_button_text":"Ajouter au site Web","pricing_button_url":"#demo"}],"related_apps_title":"","related_apps_hidden":"0","author":"","image":[],"title":"","job":"","social_networks":[]},"_links":{"self":[{"href":"https:\/\/elfsight.com\/fr\/wp-json\/wp\/v2\/pages\/13613","targetHints":{"allow":["GET"]}}],"collection":[{"href":"https:\/\/elfsight.com\/fr\/wp-json\/wp\/v2\/pages"}],"about":[{"href":"https:\/\/elfsight.com\/fr\/wp-json\/wp\/v2\/types\/page"}],"author":[{"embeddable":true,"href":"https:\/\/elfsight.com\/fr\/wp-json\/wp\/v2\/users\/9"}],"replies":[{"embeddable":true,"href":"https:\/\/elfsight.com\/fr\/wp-json\/wp\/v2\/comments?post=13613"}],"version-history":[{"count":2,"href":"https:\/\/elfsight.com\/fr\/wp-json\/wp\/v2\/pages\/13613\/revisions"}],"predecessor-version":[{"id":16102,"href":"https:\/\/elfsight.com\/fr\/wp-json\/wp\/v2\/pages\/13613\/revisions\/16102"}],"up":[{"embeddable":true,"href":"https:\/\/elfsight.com\/fr\/wp-json\/wp\/v2\/pages\/3382"}],"wp:attachment":[{"href":"https:\/\/elfsight.com\/fr\/wp-json\/wp\/v2\/media?parent=13613"}],"curies":[{"name":"wp","href":"https:\/\/api.w.org\/{rel}","templated":true}]}}