{"id":13612,"date":"2024-05-03T06:40:16","date_gmt":"2024-05-03T06:40:16","guid":{"rendered":"https:\/\/elfsight.com\/fr\/?page_id=13612"},"modified":"2025-07-10T08:08:08","modified_gmt":"2025-07-10T08:08:08","slug":"drupal","status":"publish","type":"page","link":"https:\/\/elfsight.com\/fr\/job-board-widget\/drupal\/","title":{"rendered":"Job Board &#8211; Drupal"},"content":{"rendered":"<div class=\"application-platform-content-item-description application-platform-content-item\" id=\"description\" data-nav-section=\"description\"> <h2>Description<\/h2> <p>Notre Job Board pour Drupalis est un module remarquable qui vous garantit la possibilit\u00e9 de r\u00e9v\u00e9ler les postes vacants et de recevoir des CV de candidats directement sur votre site Web, de la mani\u00e8re la plus simple. Gr\u00e2ce \u00e0 notre nouvel outil, vous pourrez pr\u00e9senter votre entreprise, publier des informations sur les offres d&#8217;emploi et recevoir des CV. Le widget vous propose de fa\u00e7onner une fiche de travail avec une description pr\u00e9cise et un bouton Appliquer. L&rsquo;utilisation d&rsquo;Elfsight Job Board vous permet de rationaliser le processus de recrutement et d&rsquo;obtenir les r\u00e9ponses aux offres d&#8217;emploi en 1-2-3 !. <\/p> <p><b>Cr\u00e9ez rapidement les descriptions de poste et les appels \u00e0 l&rsquo;action les plus attrayants pour inciter davantage d&#8217;embauches potentielles \u00e0 coop\u00e9rer avec vous<\/b><\/p> <\/div> <div class=\"application-platform-content-item-features  application-platform-content-item\" id=\"features \" data-nav-section=\"features \"> <h2>Nous proposons des fonctionnalit\u00e9s pratiques et simples, en voici quelques-unes\u00a0: <\/h2> <ul><li>Ajouter un lien Postuler pour diriger les candidats potentiels vers la page de collecte des CV<\/li><li>Pr\u00e9senter ouvrez les postes vacants de la mani\u00e8re la plus attrayante<\/li><li>Ajoutez autant d&rsquo;offres d&#8217;emploi que vous le souhaitez<\/li><li>Ajoutez des informations sur l&#8217;emploi\u00a0: comp\u00e9tences requises, titre du poste et salaire<\/li><li> Parlez de votre entreprise\u00a0: son nom, son service et son emplacement<\/li><\/ul><p><a href=\"#demo\">Vous pouvez essayer toutes les fonctionnalit\u00e9s du module dans la d\u00e9mo <\/a><\/p> <\/div> <div class=\"application-platform-content-item-installation application-platform-content-item\" id=\"installation\" data-nav-section=\"installation\"> <h2>Comment int\u00e9grer un Job Board sur mon site Drupal ? <\/h2> <p>Appliquez simplement les instructions ci-dessous pour int\u00e9grer le widget. <\/p> <ol><li><b>Ouvrez notre configurateur gratuit et commencez \u00e0 cr\u00e9er votre propre module. <\/b><br> Sp\u00e9cifiez la forme et les param\u00e8tres souhait\u00e9s de l&rsquo;outil et enregistrez les corrections. <\/li> <li><b>Recevez votre code personnel expos\u00e9 dans le formulaire sp\u00e9cial sur Elfsight Apps. <\/b><br> Une fois la configuration de votre plugin termin\u00e9e, copiez le code individuel de la fen\u00eatre apparue et conservez-le pour une utilisation ult\u00e9rieure. <\/li> <li><b>Initiez l&rsquo;utilisation du widget sur votre page d&rsquo;accueil Drupal. <\/b><br> Collez le code que vous avez copi\u00e9 r\u00e9cemment dans votre site Web et appliquez les modifications. <\/li> <li><b>Fait\u00a0! L&rsquo;int\u00e9gration est enti\u00e8rement r\u00e9alis\u00e9e. <\/b><br> Rendez-vous sur votre site Internet pour v\u00e9rifier le fonctionnement du module. <\/li><\/ol> <p>Si vous devez r\u00e9pondre \u00e0 des demandes de renseignements ou faire face \u00e0 des probl\u00e8mes, n&rsquo;h\u00e9sitez pas \u00e0 vous adresser \u00e0 notre \u00e9quipe d&rsquo;assistance. Nos sp\u00e9cialistes sont impatients de vous aider avec toutes les questions que vous pourriez avoir avec l&rsquo;outil. <\/p> <div class=\"faq\" data-component=\"FAQ\"><div class=\"faq-item\">\r\n\t\t\t\t\t<div class=\"faq-item-question\">\r\n\t\t\t\t\t\t<h3 class=\"faq-item-question-text\">Existe-t-il un moyen d'ajouter un Job Board \u00e0 mon site Drupal sans codage ?<\/h3>\r\n\r\n\t\t\t\t\t\t<div class=\"faq-item-question-icon\"><\/div>\r\n\t\t\t\t\t<\/div>\r\n\r\n\t\t\t\t\t<div class=\"faq-item-answer\">\r\n\t\t\t\t\t\t<div class=\"faq-item-answer-text\"> <p>La soci\u00e9t\u00e9 Elfsight propose une solution qui permet aux utilisateurs de cr\u00e9er eux-m\u00eames un plugin Job Board, regardez comme c&rsquo;est simple\u00a0: acc\u00e9dez \u00e0 la d\u00e9mo en ligne pour g\u00e9n\u00e9rer une section Job Board que vous souhaiteriez voir appara\u00eetre sur votre site Web Drupal. Choisissez l&rsquo;un des nombreux mod\u00e8les pr\u00eats \u00e0 l&#8217;emploi et ajustez les param\u00e8tres du Job Board, mettez \u00e0 jour votre contenu, changez la mise en page et la palette de couleurs sans aucune connaissance en codage. Enregistrez les param\u00e8tres que vous avez d\u00e9finis sur le Job Board et obtenez le code d&rsquo;installation du widget, qui peut \u00eatre facilement inclus dans votre site Drupal sans avoir besoin d&rsquo;acheter une version payante. En travaillant dans le configurateur simple, tout utilisateur Web peut g\u00e9n\u00e9rer une application Job Board et la coller sans effort sur son site Web Drupal. Il n&rsquo;est pas n\u00e9cessaire de payer ou de divulguer les donn\u00e9es de votre carte pour acc\u00e9der au service Elfsight. Si vous rencontrez des probl\u00e8mes de quelque nature que ce soit, n&rsquo;h\u00e9sitez pas \u00e0 vous adresser \u00e0 notre \u00e9quipe d&rsquo;assistance technique.<\/p> <\/div>\r\n\t\t\t\t\t<\/div>\r\n\t\t\t\t<\/div> <\/div><\/div>","protected":false},"excerpt":{"rendered":"","protected":false},"author":9,"featured_media":0,"parent":3382,"menu_order":0,"comment_status":"closed","ping_status":"closed","template":"templates\/template-application-platform.php","meta":{"publish_to_discourse":"","publish_post_category":"","wpdc_auto_publish_overridden":"","wpdc_topic_tags":"","wpdc_pin_topic":"","wpdc_pin_until":"","discourse_post_id":"","discourse_permalink":"","wpdc_publishing_response":"","wpdc_publishing_error":"","footnotes":""},"class_list":["post-13612","page","type-page","status-publish","hentry"],"yoast_head":"<!-- This site is optimized with the Yoast SEO plugin v25.3.1 - https:\/\/yoast.com\/wordpress\/plugins\/seo\/ -->\n<title>Module Drupal Job Board - Ajouter des offres d&#039;emploi \u00e0 Drupal (2026)<\/title>\n<meta name=\"description\" content=\"Int\u00e9grez un module Job Board r\u00e9actif sur votre site Drupal et laissez les employ\u00e9s potentiels explorer les offres d&#039;emploi !\" \/>\n<meta name=\"robots\" content=\"index, follow, max-snippet:-1, max-image-preview:large, max-video-preview:-1\" \/>\n<link rel=\"canonical\" href=\"https:\/\/elfsight.com\/fr\/job-board-widget\/drupal\/\" \/>\n<meta property=\"og:locale\" content=\"fr_FR\" \/>\n<meta property=\"og:type\" content=\"article\" \/>\n<meta property=\"og:title\" content=\"Module Drupal Job Board - Ajouter des offres d&#039;emploi \u00e0 Drupal (2026)\" \/>\n<meta property=\"og:description\" content=\"Int\u00e9grez un module Job Board r\u00e9actif sur votre site Drupal et laissez les employ\u00e9s potentiels explorer les offres d&#039;emploi !\" \/>\n<meta property=\"og:url\" content=\"https:\/\/elfsight.com\/fr\/job-board-widget\/drupal\/\" \/>\n<meta property=\"og:site_name\" content=\"Elfsight FR\" \/>\n<meta property=\"article:modified_time\" content=\"2025-07-10T08:08:08+00:00\" \/>\n<meta name=\"twitter:card\" content=\"summary_large_image\" \/>\n<meta name=\"twitter:label1\" content=\"Dur\u00e9e de lecture estim\u00e9e\" \/>\n\t<meta name=\"twitter:data1\" content=\"3 minutes\" \/>\n<!-- \/ Yoast SEO plugin. -->","yoast_head_json":{"title":"Module Drupal Job Board - Ajouter des offres d'emploi \u00e0 Drupal (2026)","description":"Int\u00e9grez un module Job Board r\u00e9actif sur votre site Drupal et laissez les employ\u00e9s potentiels explorer les offres d'emploi !","robots":{"index":"index","follow":"follow","max-snippet":"max-snippet:-1","max-image-preview":"max-image-preview:large","max-video-preview":"max-video-preview:-1"},"canonical":"https:\/\/elfsight.com\/fr\/job-board-widget\/drupal\/","og_locale":"fr_FR","og_type":"article","og_title":"Module Drupal Job Board - Ajouter des offres d'emploi \u00e0 Drupal (2026)","og_description":"Int\u00e9grez un module Job Board r\u00e9actif sur votre site Drupal et laissez les employ\u00e9s potentiels explorer les offres d'emploi !","og_url":"https:\/\/elfsight.com\/fr\/job-board-widget\/drupal\/","og_site_name":"Elfsight FR","article_modified_time":"2025-07-10T08:08:08+00:00","twitter_card":"summary_large_image","twitter_misc":{"Dur\u00e9e de lecture estim\u00e9e":"3 minutes"},"schema":{"@context":"https:\/\/schema.org","@graph":[{"@type":"WebPage","@id":"https:\/\/elfsight.com\/fr\/job-board-widget\/drupal\/","url":"https:\/\/elfsight.com\/fr\/job-board-widget\/drupal\/","name":"Module Drupal Job Board - Ajouter des offres d'emploi \u00e0 Drupal (2026)","isPartOf":{"@id":"https:\/\/elfsight.com\/fr\/#website"},"datePublished":"2024-05-03T06:40:16+00:00","dateModified":"2025-07-10T08:08:08+00:00","description":"Int\u00e9grez un module Job Board r\u00e9actif sur votre site Drupal et laissez les employ\u00e9s potentiels explorer les offres d'emploi !","breadcrumb":{"@id":"https:\/\/elfsight.com\/fr\/job-board-widget\/drupal\/#breadcrumb"},"inLanguage":"fr-FR","potentialAction":[{"@type":"ReadAction","target":["https:\/\/elfsight.com\/fr\/job-board-widget\/drupal\/"]}]},{"@type":"BreadcrumbList","@id":"https:\/\/elfsight.com\/fr\/job-board-widget\/drupal\/#breadcrumb","itemListElement":[{"@type":"ListItem","position":1,"name":"Home","item":"https:\/\/elfsight.com\/fr\/"},{"@type":"ListItem","position":2,"name":"Job Board","item":"https:\/\/elfsight.com\/fr\/job-board-widget\/"},{"@type":"ListItem","position":3,"name":"Job Board &#8211; Drupal"}]},{"@type":"WebSite","@id":"https:\/\/elfsight.com\/fr\/#website","url":"https:\/\/elfsight.com\/fr\/","name":"Elfsight FR","description":"","potentialAction":[{"@type":"SearchAction","target":{"@type":"EntryPoint","urlTemplate":"https:\/\/elfsight.com\/fr\/?s={search_term_string}"},"query-input":{"@type":"PropertyValueSpecification","valueRequired":true,"valueName":"search_term_string"}}],"inLanguage":"fr-FR"}]}},"meta_box":{"industry":"","seo_heading":"","heading":"","description":"","cta_heading":"","cta_description":"","application":"3381","h1":"Module Job Board Drupal","h1_caption":"Cr\u00e9ez un site d'emploi pour r\u00e9pertorier les postes vacants sur votre site Web et attirez facilement des candidats potentiels sur votre site Web Drupal sans effort.","application_category":[],"applications_title":"","applications_request_title":"","applications_request_button_text":"","hero_text":"","hero_video":"","hero_video_schema_markup":"","selling_points_title":"","selling_points_caption":"","selling_points":[],"selling_points_cta_text":"","features_title":"","features":"","ed_cta_examples_text":"","ed_cta_examples_hidden":"","ed_cta_demo_text":"","ed_cta_demo_hidden":"","why_caption":"","why_editor_title":"","why_editor_text":"","why_team_title":"","why_team_text":"","why_service_title":"","why_service_text":"","template_catalog_visible":"","template_catalog_title":"","template_catalog_text":"","template_catalog_categories_visible":"","demo_title":"Cr\u00e9ez votre module Job Board","demo_caption":"Configurez votre Job Board et ajoutez-le gratuitement \u00e0 votre site Drupal !","default_faq_hidden":"","app_template_category":[],"platform":"351","template_public_id":"","codecanyon_url":"","codecanyon_item_id":"","codecanyon_price":"","pricing_caption":"","pricing_elfsight_apps_hide_column":"","pricing_elfsight_apps_url":"","pricing_codecanyon_price_caption":"","integration_category":[],"integration_request_title":"","integration_request_cta":"","integration_platform":"","integrations":[],"platform_category":[],"video_schema_markup":"","price":"\u00e0 partir de 0$ \/ mois","trial":"","benefits":[{"text":"Service d'installation gratuit"},{"text":"Service client professionnel"},{"text":"Garantie de remboursement de 14 jours"},{"text":"Mise \u00e0 jour constante"}],"button_url":"#demo","button_target_blank":"","button_nofollow":"","attributes":[{"name":"Installations","content":"10,000 - 100,000"},{"name":"Sensible","content":"Oui"},{"name":"Navigateurs compatibles","content":"Firefox, Safari, Opera, Chrome, Edge"}],"tags":[],"tags_disable_links":"","hide_more_platforms":"","video_object":"","demo_hide_cta":"","demo_hide_cloud_options":"","pricing_title":"","pricing":[{"pricing_icon":"platform","pricing_title":"Elfsight Apps","pricing_title_caption":"Solution multiplateforme adapt\u00e9e \u00e0 n'importe quel site Web","pricing_price":"from $0 \/ month","pricing_price_caption":"commencez avec un forfait gratuit","pricing_benefits":[{"text":"Domaines illimit\u00e9s"},{"text":"Accompagnement d\u00e9di\u00e9 de l'entreprise"},{"text":"Assistance \u00e0 l'installation gratuite"},{"text":"Enti\u00e8rement personnalisable"}],"pricing_button_text":"Ajouter au site Web","pricing_button_url":"#demo"}],"related_apps_title":"","related_apps_hidden":"","author":"","image":[],"title":"","job":"","social_networks":[]},"_links":{"self":[{"href":"https:\/\/elfsight.com\/fr\/wp-json\/wp\/v2\/pages\/13612","targetHints":{"allow":["GET"]}}],"collection":[{"href":"https:\/\/elfsight.com\/fr\/wp-json\/wp\/v2\/pages"}],"about":[{"href":"https:\/\/elfsight.com\/fr\/wp-json\/wp\/v2\/types\/page"}],"author":[{"embeddable":true,"href":"https:\/\/elfsight.com\/fr\/wp-json\/wp\/v2\/users\/9"}],"replies":[{"embeddable":true,"href":"https:\/\/elfsight.com\/fr\/wp-json\/wp\/v2\/comments?post=13612"}],"version-history":[{"count":1,"href":"https:\/\/elfsight.com\/fr\/wp-json\/wp\/v2\/pages\/13612\/revisions"}],"predecessor-version":[{"id":13616,"href":"https:\/\/elfsight.com\/fr\/wp-json\/wp\/v2\/pages\/13612\/revisions\/13616"}],"up":[{"embeddable":true,"href":"https:\/\/elfsight.com\/fr\/wp-json\/wp\/v2\/pages\/3382"}],"wp:attachment":[{"href":"https:\/\/elfsight.com\/fr\/wp-json\/wp\/v2\/media?parent=13612"}],"curies":[{"name":"wp","href":"https:\/\/api.w.org\/{rel}","templated":true}]}}