{"id":13611,"date":"2024-05-03T06:40:15","date_gmt":"2024-05-03T06:40:15","guid":{"rendered":"https:\/\/elfsight.com\/fr\/?page_id=13611"},"modified":"2025-07-10T08:08:16","modified_gmt":"2025-07-10T08:08:16","slug":"facebook","status":"publish","type":"page","link":"https:\/\/elfsight.com\/fr\/job-board-widget\/facebook\/","title":{"rendered":"Job Board &#8211; Facebook Page"},"content":{"rendered":"<div class=\"application-platform-content-item-description application-platform-content-item\" id=\"description\" data-nav-section=\"description\"> <h2>Description<\/h2> <p>Elfsight Job Board pour Facebook est un widget visible vous offrant la possibilit\u00e9 de r\u00e9v\u00e9ler les postes vacants et de recevoir des CV de candidats sur votre site de la mani\u00e8re la plus simple. Gr\u00e2ce \u00e0 notre nouveau widget, vous pourrez r\u00e9v\u00e9ler des informations sur votre entreprise, publier des informations sur les offres d&#8217;emploi et collecter des CV. Le widget vous propose de cr\u00e9er une fiche de travail accompagn\u00e9e d&rsquo;une description d\u00e9taill\u00e9e et d&rsquo;un bouton Appliquer. L&rsquo;utilisation d&rsquo;Elfsight Job Board vous permet de rationaliser le processus de recrutement et d&rsquo;obtenir les r\u00e9ponses aux offres d&#8217;emploi en un clic. <\/p> <p><b>Cr\u00e9ez facilement les descriptions de poste et les boutons CTA les plus tentants pour inciter davantage de recrues possibles \u00e0 coop\u00e9rer avec vous<\/b><\/p> <\/div> <div class=\"application-platform-content-item-features application-platform-content-item\" id=\"features\" data-nav-section=\"features\"> <h2>Vous trouverez ci-dessous les principales fonctionnalit\u00e9s du widget\u00a0: <\/h2> <ul><li>Int\u00e9grez un lien Postuler pour diriger les employ\u00e9s potentiels vers la page qui collecte les CV<\/li><li>Pr\u00e9sentez les offres d&#8217;emploi de la mani\u00e8re la plus d\u00e9taill\u00e9e<\/li><li>Ajoutez autant d&#8217;emplois que vous le souhaitez<\/li><li>D\u00e9crivez le poste en d\u00e9tail et indiquez\u00a0: le salaire, les comp\u00e9tences requises et le titre du poste<\/li><li>Laissez les coordonn\u00e9es\u00a0: le service, le nom du nom de votre entreprise et emplacement<\/li><\/ul><p><a href=\"#demo\">Essayez simplement cette d\u00e9mo pour avoir une id\u00e9e compl\u00e8te<\/a><\/p> <\/div> <div class=\"application-platform-content-item-installation application-platform-content-item\" id=\"installation\" data-nav-section=\"installation\"> <h2>Comment int\u00e9grer un Job Board sur mon site Facebook\u00a0? <\/h2> <p>Suivez simplement plusieurs \u00e9tapes pr\u00e9sent\u00e9es ci-dessous pour ins\u00e9rer le widget. <\/p> <ol><li><b>Lancez notre configurateur gratuit et commencez \u00e0 fa\u00e7onner votre instrument sur mesure. <\/b><br> Sp\u00e9cifiez la disposition souhaitable et les caract\u00e9ristiques fonctionnelles du widget et enregistrez les modifications. <\/li> <li><b>Acqu\u00e9rir le code unique affich\u00e9 dans le formulaire sp\u00e9cial sur Elfsight Apps. <\/b><br> Juste une fois la personnalisation de votre widget termin\u00e9e, copiez le code individuel dans la case qui appara\u00eet et enregistrez-le pour une utilisation future. <\/li> <li><b>Initiez l&rsquo;utilisation du widget sur votre site Web Facebook. <\/b><br> Int\u00e9grez le code que vous avez enregistr\u00e9 auparavant dans votre page Web et enregistrez les modifications. <\/li> <li><b>L&rsquo;installation est effectu\u00e9e avec succ\u00e8s. <\/b><br> Visitez votre page Web pour v\u00e9rifier le fonctionnement du widget. <\/li><\/ol> <p>Si vous rencontrez des probl\u00e8mes, n&rsquo;h\u00e9sitez pas \u00e0 demander de l&rsquo;aide \u00e0 notre personnel d&rsquo;assistance. Nos collaborateurs ont h\u00e2te de vous aider avec toutes les questions que vous pourriez avoir avec l&rsquo;outil. <\/p><div class=\"faq\" data-component=\"FAQ\"><div class=\"faq-item\">\r\n\t\t\t\t\t<div class=\"faq-item-question\">\r\n\t\t\t\t\t\t<h3 class=\"faq-item-question-text\">De quelle mani\u00e8re est-il possible d'ajouter un Job Board sur ma page Facebook sans connaissances en codage ?<\/h3>\r\n\r\n\t\t\t\t\t\t<div class=\"faq-item-question-icon\"><\/div>\r\n\t\t\t\t\t<\/div>\r\n\r\n\t\t\t\t\t<div class=\"faq-item-answer\">\r\n\t\t\t\t\t\t<div class=\"faq-item-answer-text\"> <p>La soci\u00e9t\u00e9 Elfsight propose une solution SaaS qui permet de cr\u00e9er un Job Board section vous-m\u00eame, voyez \u00e0 quel point c&rsquo;est simple\u00a0: acc\u00e9dez \u00e0 l&rsquo;\u00e9diteur en direct pour cr\u00e9er une application Job Board que vous souhaitez inclure sur la page Web de la page Facebook. Choisissez l&rsquo;un des mod\u00e8les pr\u00e9d\u00e9finis et modifiez les param\u00e8tres du Job Board, transformez la mise en page et les couleurs, ajoutez votre contenu, sans comp\u00e9tences en codage. Cliquez pour enregistrer les param\u00e8tres que vous avez d\u00e9finis sur le Job Board et obtenir le code du plugin pour l&rsquo;installation, que vous pouvez facilement int\u00e9grer au site Web de la page Facebook sans acheter de forfait payant. En travaillant dans notre \u00e9diteur convivial, chaque internaute peut cr\u00e9er un Job Board en ligne et le coller simplement sur sa page Facebook. Vous ne devez pas souscrire \u00e0 un abonnement payant ni soumettre les informations d\u2019identification de votre carte pour acc\u00e9der \u00e0 notre service. Si vous rencontrez des probl\u00e8mes \u00e0 n&rsquo;importe quelle \u00e9tape, veuillez contacter notre support technique client.<\/p> <\/div>\r\n\t\t\t\t\t<\/div>\r\n\t\t\t\t<\/div> <\/div> <\/div>","protected":false},"excerpt":{"rendered":"","protected":false},"author":9,"featured_media":0,"parent":3382,"menu_order":0,"comment_status":"closed","ping_status":"closed","template":"templates\/template-application-platform.php","meta":{"publish_to_discourse":"","publish_post_category":"","wpdc_auto_publish_overridden":"","wpdc_topic_tags":"","wpdc_pin_topic":"","wpdc_pin_until":"","discourse_post_id":"","discourse_permalink":"","wpdc_publishing_response":"","wpdc_publishing_error":"","footnotes":""},"class_list":["post-13611","page","type-page","status-publish","hentry"],"yoast_head":"<!-- This site is optimized with the Yoast SEO plugin v25.3.1 - https:\/\/yoast.com\/wordpress\/plugins\/seo\/ -->\n<title>Widget Facebook Job Board - Ajouter des offres d&#039;emploi sur Facebook (2025)<\/title>\n<meta name=\"description\" content=\"Int\u00e9grez un widget Job Board r\u00e9actif sur votre site Facebook et laissez les travailleurs potentiels explorer les offres d&#039;emploi !\" \/>\n<meta name=\"robots\" content=\"index, follow, max-snippet:-1, max-image-preview:large, max-video-preview:-1\" \/>\n<link rel=\"canonical\" href=\"https:\/\/elfsight.com\/fr\/job-board-widget\/facebook\/\" \/>\n<meta property=\"og:locale\" content=\"fr_FR\" \/>\n<meta property=\"og:type\" content=\"article\" \/>\n<meta property=\"og:title\" content=\"Widget Facebook Job Board - Ajouter des offres d&#039;emploi sur Facebook (2025)\" \/>\n<meta property=\"og:description\" content=\"Int\u00e9grez un widget Job Board r\u00e9actif sur votre site Facebook et laissez les travailleurs potentiels explorer les offres d&#039;emploi !\" \/>\n<meta property=\"og:url\" content=\"https:\/\/elfsight.com\/fr\/job-board-widget\/facebook\/\" \/>\n<meta property=\"og:site_name\" content=\"Elfsight FR\" \/>\n<meta property=\"article:modified_time\" content=\"2025-07-10T08:08:16+00:00\" \/>\n<meta name=\"twitter:card\" content=\"summary_large_image\" \/>\n<meta name=\"twitter:label1\" content=\"Dur\u00e9e de lecture estim\u00e9e\" \/>\n\t<meta name=\"twitter:data1\" content=\"3 minutes\" \/>\n<!-- \/ Yoast SEO plugin. -->","yoast_head_json":{"title":"Widget Facebook Job Board - Ajouter des offres d'emploi sur Facebook (2025)","description":"Int\u00e9grez un widget Job Board r\u00e9actif sur votre site Facebook et laissez les travailleurs potentiels explorer les offres d'emploi !","robots":{"index":"index","follow":"follow","max-snippet":"max-snippet:-1","max-image-preview":"max-image-preview:large","max-video-preview":"max-video-preview:-1"},"canonical":"https:\/\/elfsight.com\/fr\/job-board-widget\/facebook\/","og_locale":"fr_FR","og_type":"article","og_title":"Widget Facebook Job Board - Ajouter des offres d'emploi sur Facebook (2025)","og_description":"Int\u00e9grez un widget Job Board r\u00e9actif sur votre site Facebook et laissez les travailleurs potentiels explorer les offres d'emploi !","og_url":"https:\/\/elfsight.com\/fr\/job-board-widget\/facebook\/","og_site_name":"Elfsight FR","article_modified_time":"2025-07-10T08:08:16+00:00","twitter_card":"summary_large_image","twitter_misc":{"Dur\u00e9e de lecture estim\u00e9e":"3 minutes"},"schema":{"@context":"https:\/\/schema.org","@graph":[{"@type":"WebPage","@id":"https:\/\/elfsight.com\/fr\/job-board-widget\/facebook\/","url":"https:\/\/elfsight.com\/fr\/job-board-widget\/facebook\/","name":"Widget Facebook Job Board - Ajouter des offres d'emploi sur Facebook (2025)","isPartOf":{"@id":"https:\/\/elfsight.com\/fr\/#website"},"datePublished":"2024-05-03T06:40:15+00:00","dateModified":"2025-07-10T08:08:16+00:00","description":"Int\u00e9grez un widget Job Board r\u00e9actif sur votre site Facebook et laissez les travailleurs potentiels explorer les offres d'emploi !","breadcrumb":{"@id":"https:\/\/elfsight.com\/fr\/job-board-widget\/facebook\/#breadcrumb"},"inLanguage":"fr-FR","potentialAction":[{"@type":"ReadAction","target":["https:\/\/elfsight.com\/fr\/job-board-widget\/facebook\/"]}]},{"@type":"BreadcrumbList","@id":"https:\/\/elfsight.com\/fr\/job-board-widget\/facebook\/#breadcrumb","itemListElement":[{"@type":"ListItem","position":1,"name":"Home","item":"https:\/\/elfsight.com\/fr\/"},{"@type":"ListItem","position":2,"name":"Job Board","item":"https:\/\/elfsight.com\/fr\/job-board-widget\/"},{"@type":"ListItem","position":3,"name":"Job Board &#8211; Facebook Page"}]},{"@type":"WebSite","@id":"https:\/\/elfsight.com\/fr\/#website","url":"https:\/\/elfsight.com\/fr\/","name":"Elfsight FR","description":"","potentialAction":[{"@type":"SearchAction","target":{"@type":"EntryPoint","urlTemplate":"https:\/\/elfsight.com\/fr\/?s={search_term_string}"},"query-input":{"@type":"PropertyValueSpecification","valueRequired":true,"valueName":"search_term_string"}}],"inLanguage":"fr-FR"}]}},"meta_box":{"industry":"","seo_heading":"","heading":"","description":"","cta_heading":"","cta_description":"","application":"3381","h1":"Widget du site d'emploi Facebook","h1_caption":"Cr\u00e9ez un site d'emploi pour r\u00e9pertorier les postes vacants sur votre site Web et attirez facilement des candidats potentiels sur votre page Facebook sans effort.","application_category":[],"applications_title":"","applications_request_title":"","applications_request_button_text":"","hero_text":"","hero_video":"","hero_video_schema_markup":"","selling_points_title":"","selling_points_caption":"","selling_points":[],"selling_points_cta_text":"","features_title":"","features":"","ed_cta_examples_text":"","ed_cta_examples_hidden":"","ed_cta_demo_text":"","ed_cta_demo_hidden":"","why_caption":"","why_editor_title":"","why_editor_text":"","why_team_title":"","why_team_text":"","why_service_title":"","why_service_text":"","template_catalog_visible":"","template_catalog_title":"","template_catalog_text":"","template_catalog_categories_visible":"","demo_title":"Cr\u00e9ez votre widget Job Board","demo_caption":"Configurez votre Job Board et ajoutez-le gratuitement \u00e0 votre page Facebook\u00a0!","default_faq_hidden":"","app_template_category":[],"platform":"394","template_public_id":"","codecanyon_url":"","codecanyon_item_id":"","codecanyon_price":"","pricing_caption":"","pricing_elfsight_apps_hide_column":"","pricing_elfsight_apps_url":"","pricing_codecanyon_price_caption":"","integration_category":[],"integration_request_title":"","integration_request_cta":"","integration_platform":"","integrations":[],"platform_category":[],"video_schema_markup":"","price":"\u00e0 partir de 0$ \/ mois","trial":"","benefits":[{"text":"Aide \u00e0 l'installation gratuite"},{"text":"Service client professionnel"},{"text":"Garantie de remboursement de 14 jours"},{"text":"Mise \u00e0 jour constante"}],"button_url":"#demo","button_target_blank":"","button_nofollow":"","attributes":[{"name":"Installations","content":"10,000 - 100,000"},{"name":"Sensible","content":"Oui"},{"name":"Navigateurs compatibles","content":"Firefox, Safari, Opera, Chrome, Edge"}],"tags":[],"tags_disable_links":"","hide_more_platforms":"","video_object":"","demo_hide_cta":"","demo_hide_cloud_options":"","pricing_title":"","pricing":[{"pricing_icon":"platform","pricing_title":"Elfsight Apps","pricing_title_caption":"Solution ind\u00e9pendante de la plateforme","pricing_price":"from $0 \/ month","pricing_price_caption":"commencez avec un forfait gratuit","pricing_benefits":[{"text":"Sites Web illimit\u00e9s"},{"text":"Support client premium et bien document\u00e9"},{"text":"Service d'installation gratuit"},{"text":"100% personnalisable"}],"pricing_button_text":"Ajouter au site Web","pricing_button_url":"#demo"}],"related_apps_title":"","related_apps_hidden":"","author":"","image":[],"title":"","job":"","social_networks":[]},"_links":{"self":[{"href":"https:\/\/elfsight.com\/fr\/wp-json\/wp\/v2\/pages\/13611","targetHints":{"allow":["GET"]}}],"collection":[{"href":"https:\/\/elfsight.com\/fr\/wp-json\/wp\/v2\/pages"}],"about":[{"href":"https:\/\/elfsight.com\/fr\/wp-json\/wp\/v2\/types\/page"}],"author":[{"embeddable":true,"href":"https:\/\/elfsight.com\/fr\/wp-json\/wp\/v2\/users\/9"}],"replies":[{"embeddable":true,"href":"https:\/\/elfsight.com\/fr\/wp-json\/wp\/v2\/comments?post=13611"}],"version-history":[{"count":1,"href":"https:\/\/elfsight.com\/fr\/wp-json\/wp\/v2\/pages\/13611\/revisions"}],"predecessor-version":[{"id":13615,"href":"https:\/\/elfsight.com\/fr\/wp-json\/wp\/v2\/pages\/13611\/revisions\/13615"}],"up":[{"embeddable":true,"href":"https:\/\/elfsight.com\/fr\/wp-json\/wp\/v2\/pages\/3382"}],"wp:attachment":[{"href":"https:\/\/elfsight.com\/fr\/wp-json\/wp\/v2\/media?parent=13611"}],"curies":[{"name":"wp","href":"https:\/\/api.w.org\/{rel}","templated":true}]}}