{"id":13605,"date":"2024-05-03T06:40:13","date_gmt":"2024-05-03T06:40:13","guid":{"rendered":"https:\/\/elfsight.com\/fr\/?page_id=13605"},"modified":"2025-01-09T13:50:18","modified_gmt":"2025-01-09T13:50:18","slug":"joomla","status":"publish","type":"page","link":"https:\/\/elfsight.com\/fr\/job-board-widget\/joomla\/","title":{"rendered":"Job Board &#8211; Joomla"},"content":{"rendered":"\n<div class=\"application-platform-content-item-description application-platform-content-item\" id=\"description\" data-nav-section=\"description\">\n    <h2>Description<\/h2>\n    <p>Le Job Board pour Joomla est une extension exceptionnelle vous permettant de r\u00e9v\u00e9ler des offres d&#8217;emploi et de collecter les CV des candidats sur votre site Web de la mani\u00e8re la plus simple. Avec notre nouvel outil, vous parviendrez \u00e0 r\u00e9v\u00e9ler des informations sur votre entreprise, \u00e0 publier des informations sur les postes vacants et \u00e0 collecter des CV. Le widget vous permet de cr\u00e9er une carte de travail avec une description d\u00e9taill\u00e9e et un bouton Appliquer. Utiliser Elfsight Job Board vous permet de rationaliser le processus de recrutement et de dessiner les r\u00e9ponses aux offres d&#8217;emploi en un clic.<\/p>\n    <p><b>Cr\u00e9ez facilement les descriptions de poste et les boutons CTA les plus attrayants pour inciter davantage de recrues potentielles \u00e0 travailler avec vous<\/b><\/p>\n<\/div>\n\n<div class=\"application-platform-content-item-features application-platform-content-item\" id=\"features\" data-nav-section=\"features\">\n    <h2>D\u00e9couvrez ci-dessous les fonctionnalit\u00e9s de base de l&rsquo;extension :<\/h2>\n    <ul>\n        <li>Cr\u00e9ez un lien Postuler pour diriger les utilisateurs du site Web vers la page contenant les CV<\/li>\n        <li>Affichez les offres d&#8217;emploi de la mani\u00e8re la plus attrayante<\/li>\n        <li>Le nombre d&#8217;emplois que vous pouvez ouvrir est illimit\u00e9<\/li>\n        <li>D\u00e9crivez le poste en d\u00e9tail et indiquez : le salaire, le titre du poste et les comp\u00e9tences requises<\/li>\n        <li>Laissez les coordonn\u00e9es : d\u00e9partement, le nom de votre entreprise et son emplacement<\/li>\n    <\/ul>\n    <p><a href=\"#demo\">Essayez tous les param\u00e8tres dans la d\u00e9mo compl\u00e8te<\/a><\/p>\n<\/div>\n\n<div class=\"application-platform-content-item-installation application-platform-content-item\" id=\"installation\" data-nav-section=\"installation\">\n    <h2>Comment int\u00e9grer un Job Board \u00e0 ma page Web Joomla ?<\/h2>\n    <p>Appliquez simplement les instructions ci-dessous pour commencer \u00e0 utiliser l&rsquo;outil.<\/p>\n    <ol>\n        <li><b>Lancez notre \u00e9diteur gratuit et commencez \u00e0 cr\u00e9er votre extension personnalis\u00e9e.<\/b><br> Recherchez le design et les fonctionnalit\u00e9s souhaitables du plugin et enregistrez les corrections.<\/li>\n        <li><b>Acqu\u00e9rir le code personnel affich\u00e9 dans la fen\u00eatre sur Elfsight Apps.<\/b><br> Une fois la cr\u00e9ation de votre widget personnel termin\u00e9e, copiez le code individuel de la fen\u00eatre qui appara\u00eet et enregistrez-le pour de futures occasions.<\/li>\n        <li><b>Commencez \u00e0 utiliser l&rsquo;outil sur votre site Web Joomla.<\/b><br> Collez le code copi\u00e9 r\u00e9cemment dans votre site Web et appliquez les modifications.<\/li>\n        <li><b>Vous avez termin\u00e9 ! La configuration est enti\u00e8rement r\u00e9alis\u00e9e.<\/b><br> Acc\u00e9dez \u00e0 votre site pour revoir le travail de l&rsquo;extension.<\/li>\n    <\/ol>\n    <p>\u00c0 condition de r\u00e9pondre \u00e0 des demandes ou de rencontrer quelques difficult\u00e9s, n&rsquo;h\u00e9sitez pas \u00e0 postuler aupr\u00e8s de notre service client. Nos consultants ont h\u00e2te de r\u00e9soudre toutes les difficult\u00e9s que vous pourriez rencontrer avec l&rsquo;outil.<\/p>\n<\/div>\n\n<div class=\"faq\" data-component=\"FAQ\">\n    <div class=\"faq-item\">\r\n\t\t\t\t\t<div class=\"faq-item-question\">\r\n\t\t\t\t\t\t<h3 class=\"faq-item-question-text\">Existe-t-il une m\u00e9thode pour ajouter un Job Board \u00e0 mon site Joomla sans aucune connaissance en codage ?<\/h3>\r\n\r\n\t\t\t\t\t\t<div class=\"faq-item-question-icon\"><\/div>\r\n\t\t\t\t\t<\/div>\r\n\r\n\t\t\t\t\t<div class=\"faq-item-answer\">\r\n\t\t\t\t\t\t<div class=\"faq-item-answer-text\">\n        <p>Elfsight propose une solution SaaS qui permet aux utilisateurs d&rsquo;un widget Job Board de, regardez les \u00e9tapes simples : Acc\u00e9dez \u00e0 l&rsquo;\u00e9diteur en direct pour g\u00e9n\u00e9rer une section Job Board que vous souhaitez ajouter sur votre page Web Joomla. S\u00e9lectionnez l&rsquo;un des mod\u00e8les pr\u00e9d\u00e9finis et adaptez les param\u00e8tres du Job Board, modifiez la mise en page et les jeux de couleurs pour inclure votre contenu, sans exp\u00e9rience en codage. Enregistrez les param\u00e8tres que vous avez d\u00e9finis sur le Job Board et obtenez le code d&rsquo;installation que vous pouvez inclure gratuitement dans la page d&rsquo;accueil de Joomla. \u00c0 l&rsquo;aide de l&rsquo;\u00e9diteur intuitif, chaque utilisateur Web peut cr\u00e9er une section Job Board et l&rsquo;ajouter simplement \u00e0 n&rsquo;importe quel site Joomla. Vous ne devez pas payer ni soumettre les donn\u00e9es de votre carte pour acc\u00e9der au service. Si vous rencontrez des obstacles de quelque nature que ce soit, n&rsquo;h\u00e9sitez pas \u00e0 contacter notre support technique client.<\/p>\n    <\/div>\r\n\t\t\t\t\t<\/div>\r\n\t\t\t\t<\/div>\n<\/div>\n\n","protected":false},"excerpt":{"rendered":"","protected":false},"author":9,"featured_media":0,"parent":3382,"menu_order":0,"comment_status":"closed","ping_status":"closed","template":"templates\/template-application-platform.php","meta":{"publish_to_discourse":"","publish_post_category":"","wpdc_auto_publish_overridden":"","wpdc_topic_tags":"","wpdc_pin_topic":"","wpdc_pin_until":"","discourse_post_id":"","discourse_permalink":"","wpdc_publishing_response":"","wpdc_publishing_error":"","footnotes":""},"class_list":["post-13605","page","type-page","status-publish","hentry"],"yoast_head":"<!-- This site is optimized with the Yoast SEO plugin v25.3.1 - https:\/\/yoast.com\/wordpress\/plugins\/seo\/ -->\n<title>Extension Joomla Job Board - Ajouter des offres d&#039;emploi \u00e0 Joomla (2025)<\/title>\n<meta name=\"description\" content=\"Ins\u00e9rez une extension Job Board r\u00e9active sur votre site Web Joomla et laissez les travailleurs potentiels examiner les postes vacants\u00a0!\" \/>\n<meta name=\"robots\" content=\"index, follow, max-snippet:-1, max-image-preview:large, max-video-preview:-1\" \/>\n<link rel=\"canonical\" href=\"https:\/\/elfsight.com\/fr\/job-board-widget\/joomla\/\" \/>\n<meta property=\"og:locale\" content=\"fr_FR\" \/>\n<meta property=\"og:type\" content=\"article\" \/>\n<meta property=\"og:title\" content=\"Extension Joomla Job Board - Ajouter des offres d&#039;emploi \u00e0 Joomla (2025)\" \/>\n<meta property=\"og:description\" content=\"Ins\u00e9rez une extension Job Board r\u00e9active sur votre site Web Joomla et laissez les travailleurs potentiels examiner les postes vacants\u00a0!\" \/>\n<meta property=\"og:url\" content=\"https:\/\/elfsight.com\/fr\/job-board-widget\/joomla\/\" \/>\n<meta property=\"og:site_name\" content=\"Elfsight FR\" \/>\n<meta property=\"article:modified_time\" content=\"2025-01-09T13:50:18+00:00\" \/>\n<meta name=\"twitter:card\" content=\"summary_large_image\" \/>\n<meta name=\"twitter:label1\" content=\"Dur\u00e9e de lecture estim\u00e9e\" \/>\n\t<meta name=\"twitter:data1\" content=\"3 minutes\" \/>\n<!-- \/ Yoast SEO plugin. -->","yoast_head_json":{"title":"Extension Joomla Job Board - Ajouter des offres d'emploi \u00e0 Joomla (2025)","description":"Ins\u00e9rez une extension Job Board r\u00e9active sur votre site Web Joomla et laissez les travailleurs potentiels examiner les postes vacants\u00a0!","robots":{"index":"index","follow":"follow","max-snippet":"max-snippet:-1","max-image-preview":"max-image-preview:large","max-video-preview":"max-video-preview:-1"},"canonical":"https:\/\/elfsight.com\/fr\/job-board-widget\/joomla\/","og_locale":"fr_FR","og_type":"article","og_title":"Extension Joomla Job Board - Ajouter des offres d'emploi \u00e0 Joomla (2025)","og_description":"Ins\u00e9rez une extension Job Board r\u00e9active sur votre site Web Joomla et laissez les travailleurs potentiels examiner les postes vacants\u00a0!","og_url":"https:\/\/elfsight.com\/fr\/job-board-widget\/joomla\/","og_site_name":"Elfsight FR","article_modified_time":"2025-01-09T13:50:18+00:00","twitter_card":"summary_large_image","twitter_misc":{"Dur\u00e9e de lecture estim\u00e9e":"3 minutes"},"schema":{"@context":"https:\/\/schema.org","@graph":[{"@type":"WebPage","@id":"https:\/\/elfsight.com\/fr\/job-board-widget\/joomla\/","url":"https:\/\/elfsight.com\/fr\/job-board-widget\/joomla\/","name":"Extension Joomla Job Board - Ajouter des offres d'emploi \u00e0 Joomla (2025)","isPartOf":{"@id":"https:\/\/elfsight.com\/fr\/#website"},"datePublished":"2024-05-03T06:40:13+00:00","dateModified":"2025-01-09T13:50:18+00:00","description":"Ins\u00e9rez une extension Job Board r\u00e9active sur votre site Web Joomla et laissez les travailleurs potentiels examiner les postes vacants\u00a0!","breadcrumb":{"@id":"https:\/\/elfsight.com\/fr\/job-board-widget\/joomla\/#breadcrumb"},"inLanguage":"fr-FR","potentialAction":[{"@type":"ReadAction","target":["https:\/\/elfsight.com\/fr\/job-board-widget\/joomla\/"]}]},{"@type":"BreadcrumbList","@id":"https:\/\/elfsight.com\/fr\/job-board-widget\/joomla\/#breadcrumb","itemListElement":[{"@type":"ListItem","position":1,"name":"Home","item":"https:\/\/elfsight.com\/fr\/"},{"@type":"ListItem","position":2,"name":"Job Board","item":"https:\/\/elfsight.com\/fr\/job-board-widget\/"},{"@type":"ListItem","position":3,"name":"Job Board &#8211; Joomla"}]},{"@type":"WebSite","@id":"https:\/\/elfsight.com\/fr\/#website","url":"https:\/\/elfsight.com\/fr\/","name":"Elfsight FR","description":"","potentialAction":[{"@type":"SearchAction","target":{"@type":"EntryPoint","urlTemplate":"https:\/\/elfsight.com\/fr\/?s={search_term_string}"},"query-input":{"@type":"PropertyValueSpecification","valueRequired":true,"valueName":"search_term_string"}}],"inLanguage":"fr-FR"}]}},"meta_box":{"industry":"","seo_heading":"","heading":"","description":"","cta_heading":"","cta_description":"","application":"3381","h1":"Extension du site d'emploi Joomla","h1_caption":"Cr\u00e9ez un site d'emploi pour r\u00e9pertorier les postes vacants sur votre site Web et attirez facilement des candidats potentiels sur votre site Web Joomla.","application_category":[],"applications_title":"","applications_request_title":"","applications_request_button_text":"","hero_text":"","hero_video":"","hero_video_schema_markup":"","selling_points_title":"","selling_points_caption":"","selling_points":[],"selling_points_cta_text":"","features_title":"","features":"","ed_cta_examples_text":"","ed_cta_examples_hidden":"","ed_cta_demo_text":"","ed_cta_demo_hidden":"","why_caption":"","why_editor_title":"","why_editor_text":"","why_team_title":"","why_team_text":"","why_service_title":"","why_service_text":"","template_catalog_visible":"0","template_catalog_title":"","template_catalog_text":"","template_catalog_categories_visible":"","demo_title":"Cr\u00e9ez votre plugin Job Board","demo_caption":"Configurez votre Job Board et ajoutez-le gratuitement \u00e0 votre site Joomla !","default_faq_hidden":"","app_template_category":[],"platform":"354","template_public_id":"","codecanyon_url":"","codecanyon_item_id":"","codecanyon_price":"","pricing_caption":"","pricing_elfsight_apps_hide_column":"","pricing_elfsight_apps_url":"","pricing_codecanyon_price_caption":"","integration_category":[],"integration_request_title":"","integration_request_cta":"","integration_platform":"","integrations":[],"platform_category":[],"video_schema_markup":"","price":"\u00e0 partir de 0$ \/ mois","trial":"","benefits":[{"text":"Service d'installation gratuit"},{"text":"Service client professionnel"},{"text":"Garantie de remboursement de 14 jours"},{"text":"Mises \u00e0 jour gratuites \u00e0 vie"}],"button_url":"#demo","button_target_blank":"0","button_nofollow":"0","attributes":[{"name":"Installations","content":"10,000 - 100,000"},{"name":"Sensible","content":"Oui"},{"name":"Navigateurs compatibles","content":"Firefox, Safari, Opera, Chrome, Edge"}],"tags":[],"tags_disable_links":"0","hide_more_platforms":"","video_object":"","demo_hide_cta":"0","demo_hide_cloud_options":"0","pricing_title":"","pricing":[{"pricing_icon":"platform","pricing_title":"Elfsight Apps","pricing_title_caption":"Solution multiplateforme adapt\u00e9e \u00e0 tous les sites","pricing_price":"from $0 \/ month","pricing_price_caption":"commencez avec un forfait gratuit","pricing_benefits":[{"text":"Domaines illimit\u00e9s"},{"text":"Assistance gratuite pour l'entreprise"},{"text":"Assistance \u00e0 l'installation gratuite"},{"text":"100% personnalisable"}],"pricing_button_text":"Ajouter au site Web","pricing_button_url":"#demo"}],"related_apps_title":"","related_apps_hidden":"0","author":"","image":[],"title":"","job":"","social_networks":[]},"_links":{"self":[{"href":"https:\/\/elfsight.com\/fr\/wp-json\/wp\/v2\/pages\/13605","targetHints":{"allow":["GET"]}}],"collection":[{"href":"https:\/\/elfsight.com\/fr\/wp-json\/wp\/v2\/pages"}],"about":[{"href":"https:\/\/elfsight.com\/fr\/wp-json\/wp\/v2\/types\/page"}],"author":[{"embeddable":true,"href":"https:\/\/elfsight.com\/fr\/wp-json\/wp\/v2\/users\/9"}],"replies":[{"embeddable":true,"href":"https:\/\/elfsight.com\/fr\/wp-json\/wp\/v2\/comments?post=13605"}],"version-history":[{"count":2,"href":"https:\/\/elfsight.com\/fr\/wp-json\/wp\/v2\/pages\/13605\/revisions"}],"predecessor-version":[{"id":16103,"href":"https:\/\/elfsight.com\/fr\/wp-json\/wp\/v2\/pages\/13605\/revisions\/16103"}],"up":[{"embeddable":true,"href":"https:\/\/elfsight.com\/fr\/wp-json\/wp\/v2\/pages\/3382"}],"wp:attachment":[{"href":"https:\/\/elfsight.com\/fr\/wp-json\/wp\/v2\/media?parent=13605"}],"curies":[{"name":"wp","href":"https:\/\/api.w.org\/{rel}","templated":true}]}}