{"id":13597,"date":"2024-05-03T06:40:09","date_gmt":"2024-05-03T06:40:09","guid":{"rendered":"https:\/\/elfsight.com\/fr\/?page_id=13597"},"modified":"2025-07-10T08:11:08","modified_gmt":"2025-07-10T08:11:08","slug":"magento","status":"publish","type":"page","link":"https:\/\/elfsight.com\/fr\/job-board-widget\/magento\/","title":{"rendered":"Job Board &#8211; Magento"},"content":{"rendered":"<div class=\"application-platform-content-item-description application-platform-content-item\" id=\"description\" data-nav-section=\"description\"> <h2>Description<\/h2> <p>Le Job Board pour Magento est une extension remarquable qui vous offre la possibilit\u00e9 de pr\u00e9senter des postes vacants et de collecter des CV. aupr\u00e8s des candidats directement sur votre site Web, de la mani\u00e8re la plus simple. Gr\u00e2ce \u00e0 notre nouveau widget, vous pourrez parler de votre entreprise, publier des informations sur les postes vacants et collecter des CV. Le widget vous permet de cr\u00e9er une carte de travail avec une description d\u00e9taill\u00e9e et un bouton Appliquer. Postuler \u00e0 Elfsight Job Board vous permet de rationaliser le processus de recrutement et d&rsquo;obtenir les r\u00e9ponses aux offres d&#8217;emploi en 1-2-3 !. <\/p> <p><b>Cr\u00e9ez rapidement les descriptions de poste et les boutons CTA les plus all\u00e9chants pour motiver davantage de recrues potentielles \u00e0 coop\u00e9rer avec vous<\/b><\/p> <\/div> <div class=\"application-platform-content-item-features application-platform-content-item\" id=\"features\" data-nav-section=\"features\"> <h2>Affichez la liste des fonctionnalit\u00e9s les plus importantes\u00a0: <\/h2> <ul><li>Int\u00e9grez un lien Postuler pour diriger les employ\u00e9s potentiels vers la page avec les CV<\/li><li>Affichez les offres d&#8217;emploi de la mani\u00e8re la plus attrayante<\/li><li>Le nombre de fiches de travail que vous pouvez cr\u00e9er est illimit\u00e9<\/li><li>D\u00e9crivez le poste en d\u00e9tail et indiquez\u00a0: le titre du poste, les comp\u00e9tences requises et le salaire<\/li><li>Laissez les coordonn\u00e9es\u00a0: le nom de votre entreprise, son emplacement et son service<\/li><\/ul><p><a href=\"#demo\">Cochez simplement cette d\u00e9mo pour comprendre la fonctionnalit\u00e9 du widget<\/a><\/p> <\/div> <div class=\"application-platform-content-item-installation application-platform-content-item\" id=\"installation\" data-nav-section=\"installation\"> <h2>Comment ajouter un Job Board dans ma page Web Magento\u00a0? <\/h2> <p>Suivez simplement les instructions ci-dessous pour commencer \u00e0 utiliser l&rsquo;outil. <\/p> <ol><li><b>Utilisez notre \u00e9diteur gratuit et commencez \u00e0 cr\u00e9er votre extension unique. <\/b><br> Recherchez l&rsquo;interface et les options appropri\u00e9es de l&rsquo;outil et enregistrez les corrections. <\/li> <li><b>Acqu\u00e9rir le code personnel apparaissant dans le formulaire sp\u00e9cial sur Elfsight Apps. <\/b><br> D\u00e8s que la g\u00e9n\u00e9ration de votre plugin est termin\u00e9e, copiez le code individuel de la bo\u00eete qui appara\u00eet et enregistrez-le pour une utilisation ult\u00e9rieure. <\/li> <li><b>Commencez \u00e0 utiliser le widget sur votre site Web Magento. <\/b><br> Placez le code que vous avez enregistr\u00e9 auparavant dans votre page d&rsquo;accueil et appliquez les corrections. <\/li> <li><b>L&rsquo;installation est enti\u00e8rement effectu\u00e9e. <\/b><br> Acc\u00e9dez \u00e0 votre site Web pour inspecter le fonctionnement de l&rsquo;extension. <\/li><\/ol> <p>En cas de questions ou de complications, n&rsquo;h\u00e9sitez pas \u00e0 contacter notre \u00e9quipe d&rsquo;assistance. Nos consultants seront ravis de r\u00e9soudre toutes les difficult\u00e9s que vous pourriez rencontrer avec le plugin. <\/p> <div class=\"faq\" data-component=\"FAQ\"><div class=\"faq-item\">\r\n\t\t\t\t\t<div class=\"faq-item-question\">\r\n\t\t\t\t\t\t<h3 class=\"faq-item-question-text\">Comment puis-je ajouter un Job Board \u00e0 mon site Magento sans comp\u00e9tences en codage ?<\/h3>\r\n\r\n\t\t\t\t\t\t<div class=\"faq-item-question-icon\"><\/div>\r\n\t\t\t\t\t<\/div>\r\n\r\n\t\t\t\t\t<div class=\"faq-item-answer\">\r\n\t\t\t\t\t\t<div class=\"faq-item-answer-text\"> <p>Elfsight fournit une solution SaaS qui vous permet de cr\u00e9er vous-m\u00eame un widget Job Board, voyez \u00e0 quel point il est facile le processus est le suivant\u00a0: travaillez directement dans l&rsquo;\u00e9diteur en ligne pour cr\u00e9er un widget Job Board que vous aimeriez voir sur votre site Web Magento. Choisissez l&rsquo;un des mod\u00e8les pr\u00e9d\u00e9finis et ajustez les param\u00e8tres du Job Board, ajoutez votre contenu, modifiez la mise en page et les couleurs sans comp\u00e9tences en codage. Enregistrez le Job Board et copiez son code d&rsquo;installation, que vous pouvez facilement inclure dans votre site Web Magento sans acheter de version payante. Gr\u00e2ce \u00e0 notre \u00e9diteur intuitif, tout internaute peut cr\u00e9er un widget Job Board en ligne et l&rsquo;int\u00e9grer facilement \u00e0 son site Web Magento. Il n&rsquo;est pas n\u00e9cessaire de payer ou de saisir les informations d&rsquo;identification de votre carte pour acc\u00e9der au service. Si vous rencontrez des probl\u00e8mes \u00e0 n&rsquo;importe quelle \u00e9tape, n&rsquo;h\u00e9sitez pas \u00e0 contacter notre \u00e9quipe d&rsquo;assistance technique.<\/p> <\/div>\r\n\t\t\t\t\t<\/div>\r\n\t\t\t\t<\/div> <\/div><\/div><p><\/p>","protected":false},"excerpt":{"rendered":"","protected":false},"author":9,"featured_media":0,"parent":3382,"menu_order":0,"comment_status":"closed","ping_status":"closed","template":"templates\/template-application-platform.php","meta":{"publish_to_discourse":"","publish_post_category":"","wpdc_auto_publish_overridden":"","wpdc_topic_tags":"","wpdc_pin_topic":"","wpdc_pin_until":"","discourse_post_id":"","discourse_permalink":"","wpdc_publishing_response":"","wpdc_publishing_error":"","footnotes":""},"class_list":["post-13597","page","type-page","status-publish","hentry"],"yoast_head":"<!-- This site is optimized with the Yoast SEO plugin v25.3.1 - https:\/\/yoast.com\/wordpress\/plugins\/seo\/ -->\n<title>Extension Magento Job Board - Ajouter des offres d&#039;emploi \u00e0 Magento (2025)<\/title>\n<meta name=\"description\" content=\"Ajoutez un plugin Job Board r\u00e9actif sur votre site Web Magento et laissez les employ\u00e9s potentiels sonder les offres d&#039;emploi !\" \/>\n<meta name=\"robots\" content=\"index, follow, max-snippet:-1, max-image-preview:large, max-video-preview:-1\" \/>\n<link rel=\"canonical\" href=\"https:\/\/elfsight.com\/fr\/job-board-widget\/magento\/\" \/>\n<meta property=\"og:locale\" content=\"fr_FR\" \/>\n<meta property=\"og:type\" content=\"article\" \/>\n<meta property=\"og:title\" content=\"Extension Magento Job Board - Ajouter des offres d&#039;emploi \u00e0 Magento (2025)\" \/>\n<meta property=\"og:description\" content=\"Ajoutez un plugin Job Board r\u00e9actif sur votre site Web Magento et laissez les employ\u00e9s potentiels sonder les offres d&#039;emploi !\" \/>\n<meta property=\"og:url\" content=\"https:\/\/elfsight.com\/fr\/job-board-widget\/magento\/\" \/>\n<meta property=\"og:site_name\" content=\"Elfsight FR\" \/>\n<meta property=\"article:modified_time\" content=\"2025-07-10T08:11:08+00:00\" \/>\n<meta name=\"twitter:card\" content=\"summary_large_image\" \/>\n<meta name=\"twitter:label1\" content=\"Dur\u00e9e de lecture estim\u00e9e\" \/>\n\t<meta name=\"twitter:data1\" content=\"3 minutes\" \/>\n<!-- \/ Yoast SEO plugin. -->","yoast_head_json":{"title":"Extension Magento Job Board - Ajouter des offres d'emploi \u00e0 Magento (2025)","description":"Ajoutez un plugin Job Board r\u00e9actif sur votre site Web Magento et laissez les employ\u00e9s potentiels sonder les offres d'emploi !","robots":{"index":"index","follow":"follow","max-snippet":"max-snippet:-1","max-image-preview":"max-image-preview:large","max-video-preview":"max-video-preview:-1"},"canonical":"https:\/\/elfsight.com\/fr\/job-board-widget\/magento\/","og_locale":"fr_FR","og_type":"article","og_title":"Extension Magento Job Board - Ajouter des offres d'emploi \u00e0 Magento (2025)","og_description":"Ajoutez un plugin Job Board r\u00e9actif sur votre site Web Magento et laissez les employ\u00e9s potentiels sonder les offres d'emploi !","og_url":"https:\/\/elfsight.com\/fr\/job-board-widget\/magento\/","og_site_name":"Elfsight FR","article_modified_time":"2025-07-10T08:11:08+00:00","twitter_card":"summary_large_image","twitter_misc":{"Dur\u00e9e de lecture estim\u00e9e":"3 minutes"},"schema":{"@context":"https:\/\/schema.org","@graph":[{"@type":"WebPage","@id":"https:\/\/elfsight.com\/fr\/job-board-widget\/magento\/","url":"https:\/\/elfsight.com\/fr\/job-board-widget\/magento\/","name":"Extension Magento Job Board - Ajouter des offres d'emploi \u00e0 Magento (2025)","isPartOf":{"@id":"https:\/\/elfsight.com\/fr\/#website"},"datePublished":"2024-05-03T06:40:09+00:00","dateModified":"2025-07-10T08:11:08+00:00","description":"Ajoutez un plugin Job Board r\u00e9actif sur votre site Web Magento et laissez les employ\u00e9s potentiels sonder les offres d'emploi !","breadcrumb":{"@id":"https:\/\/elfsight.com\/fr\/job-board-widget\/magento\/#breadcrumb"},"inLanguage":"fr-FR","potentialAction":[{"@type":"ReadAction","target":["https:\/\/elfsight.com\/fr\/job-board-widget\/magento\/"]}]},{"@type":"BreadcrumbList","@id":"https:\/\/elfsight.com\/fr\/job-board-widget\/magento\/#breadcrumb","itemListElement":[{"@type":"ListItem","position":1,"name":"Home","item":"https:\/\/elfsight.com\/fr\/"},{"@type":"ListItem","position":2,"name":"Job Board","item":"https:\/\/elfsight.com\/fr\/job-board-widget\/"},{"@type":"ListItem","position":3,"name":"Job Board &#8211; Magento"}]},{"@type":"WebSite","@id":"https:\/\/elfsight.com\/fr\/#website","url":"https:\/\/elfsight.com\/fr\/","name":"Elfsight FR","description":"","potentialAction":[{"@type":"SearchAction","target":{"@type":"EntryPoint","urlTemplate":"https:\/\/elfsight.com\/fr\/?s={search_term_string}"},"query-input":{"@type":"PropertyValueSpecification","valueRequired":true,"valueName":"search_term_string"}}],"inLanguage":"fr-FR"}]}},"meta_box":{"industry":"","seo_heading":"","heading":"","description":"","cta_heading":"","cta_description":"","application":"3381","h1":"Extension du site d'emploi Magento","h1_caption":"Cr\u00e9ez un site d'emploi pour r\u00e9pertorier les postes vacants sur votre site Web et attirez facilement des candidats potentiels sur votre site Web Magento.","application_category":[],"applications_title":"","applications_request_title":"","applications_request_button_text":"","hero_text":"","hero_video":"","hero_video_schema_markup":"","selling_points_title":"","selling_points_caption":"","selling_points":[],"selling_points_cta_text":"","features_title":"","features":"","ed_cta_examples_text":"","ed_cta_examples_hidden":"","ed_cta_demo_text":"","ed_cta_demo_hidden":"","why_caption":"","why_editor_title":"","why_editor_text":"","why_team_title":"","why_team_text":"","why_service_title":"","why_service_text":"","template_catalog_visible":"","template_catalog_title":"","template_catalog_text":"","template_catalog_categories_visible":"","demo_title":"Cr\u00e9ez votre extension Job Board","demo_caption":"Configurez votre Job Board et ajoutez-le gratuitement \u00e0 votre site Web Magento\u00a0!","default_faq_hidden":"","app_template_category":[],"platform":"357","template_public_id":"","codecanyon_url":"","codecanyon_item_id":"","codecanyon_price":"","pricing_caption":"","pricing_elfsight_apps_hide_column":"","pricing_elfsight_apps_url":"","pricing_codecanyon_price_caption":"","integration_category":[],"integration_request_title":"","integration_request_cta":"","integration_platform":"","integrations":[],"platform_category":[],"video_schema_markup":"","price":"\u00e0 partir de 0$ \/ mois","trial":"","benefits":[{"text":"Aide \u00e0 l'installation gratuite"},{"text":"Assistance premium"},{"text":"Garantie de remboursement de 14 jours"},{"text":"D\u00e9veloppement continu"}],"button_url":"#demo","button_target_blank":"","button_nofollow":"","attributes":[{"name":"Installations","content":"10,000 - 100,000"},{"name":"Sensible","content":"Oui"},{"name":"Navigateurs compatibles","content":"Firefox, Safari, Opera, Chrome, Edge"}],"tags":[],"tags_disable_links":"","hide_more_platforms":"","video_object":"","demo_hide_cta":"","demo_hide_cloud_options":"","pricing_title":"","pricing":[{"pricing_icon":"platform","pricing_title":"Elfsight Apps","pricing_title_caption":"Logiciel ind\u00e9pendant de la plate-forme","pricing_price":"from $0 \/ month","pricing_price_caption":"commencez avec un forfait gratuit","pricing_benefits":[{"text":"Domaines illimit\u00e9s"},{"text":"Assistance rapide"},{"text":"Service d'installation gratuit"},{"text":"Conception flexible"}],"pricing_button_text":"Ajouter au site Web","pricing_button_url":"#demo"}],"related_apps_title":"","related_apps_hidden":"","author":"","image":[],"title":"","job":"","social_networks":[]},"_links":{"self":[{"href":"https:\/\/elfsight.com\/fr\/wp-json\/wp\/v2\/pages\/13597","targetHints":{"allow":["GET"]}}],"collection":[{"href":"https:\/\/elfsight.com\/fr\/wp-json\/wp\/v2\/pages"}],"about":[{"href":"https:\/\/elfsight.com\/fr\/wp-json\/wp\/v2\/types\/page"}],"author":[{"embeddable":true,"href":"https:\/\/elfsight.com\/fr\/wp-json\/wp\/v2\/users\/9"}],"replies":[{"embeddable":true,"href":"https:\/\/elfsight.com\/fr\/wp-json\/wp\/v2\/comments?post=13597"}],"version-history":[{"count":1,"href":"https:\/\/elfsight.com\/fr\/wp-json\/wp\/v2\/pages\/13597\/revisions"}],"predecessor-version":[{"id":13601,"href":"https:\/\/elfsight.com\/fr\/wp-json\/wp\/v2\/pages\/13597\/revisions\/13601"}],"up":[{"embeddable":true,"href":"https:\/\/elfsight.com\/fr\/wp-json\/wp\/v2\/pages\/3382"}],"wp:attachment":[{"href":"https:\/\/elfsight.com\/fr\/wp-json\/wp\/v2\/media?parent=13597"}],"curies":[{"name":"wp","href":"https:\/\/api.w.org\/{rel}","templated":true}]}}