{"id":13590,"date":"2024-05-03T06:40:06","date_gmt":"2024-05-03T06:40:06","guid":{"rendered":"https:\/\/elfsight.com\/fr\/?page_id=13590"},"modified":"2025-07-10T08:11:19","modified_gmt":"2025-07-10T08:11:19","slug":"opencart","status":"publish","type":"page","link":"https:\/\/elfsight.com\/fr\/job-board-widget\/opencart\/","title":{"rendered":"Job Board &#8211; OpenCart"},"content":{"rendered":"<div class=\"application-platform-content-item-description application-platform-content-item\" id=\"description\" data-nav-section=\"description\"> <h2>Description<\/h2> <p>Elfsight Job Board pour OpenCart est une extension impressionnante vous permettant de publier des offres d&#8217;emploi et d&rsquo;obtenir correctement les CV des candidats. sur votre site de la mani\u00e8re la plus accessible. En appliquant notre nouveau widget, vous pourrez divulguer votre entreprise, publier des informations sur les postes vacants et recevoir des CV. Le widget vous permet de fa\u00e7onner une fiche de travail avec une description d\u00e9taill\u00e9e et un bouton Appliquer. Utiliser Elfsight Job Board vous permet de faciliter le processus de recrutement et d&rsquo;obtenir les r\u00e9ponses aux offres d&#8217;emploi en un clic. <\/p> <p><b>Cr\u00e9ez facilement les descriptions de poste et les boutons CTA les plus attrayants pour inciter davantage de recrues possibles \u00e0 travailler avec vous<\/b><\/p> <\/div> <div class=\"application-platform-content-item-features application-platform-content-item\" id=\"features\" data-nav-section=\"features\"> <h2>Les fonctionnalit\u00e9s les plus importantes de l&rsquo;extension contiennent<\/h2> <ul><li>Int\u00e9grer un lien Postuler pour diriger les utilisateurs du site Web vers la page qui collecte les CV<\/li><li>Pr\u00e9senter les offres d&#8217;emploi de la mani\u00e8re la plus fascinante<\/li><li>Le nombre d&#8217;emplois que vous pouvez ouvrir est illimit\u00e9<\/li><li>D\u00e9crivez le poste en d\u00e9tail et parlez\u00a0: du salaire, du titre du poste et des comp\u00e9tences requises<\/li><li>Parlez de votre entreprise\u00a0: service, son nom et son emplacement<\/li><\/ul><p><a href=\"#demo\">Essayez simplement cette d\u00e9mo pour avoir une id\u00e9e compl\u00e8te<\/a><\/p> <\/div> <div class=\"application-platform-content-item-installation application-platform-content-item\" id=\"installation\" data-nav-section=\"installation\"> <h2>Comment puis-je int\u00e9grer un Job Board \u00e0 mon site OpenCart\u00a0? <\/h2> <p>Suivez simplement quelques \u00e9tapes d\u00e9crites ci-dessous pour commencer \u00e0 utiliser l&rsquo;outil. <\/p> <ol><li><b>Ex\u00e9cutez notre \u00e9diteur gratuit et commencez \u00e0 fa\u00e7onner votre propre extension. <\/b><br> Choisissez l&rsquo;apparence et les fonctionnalit\u00e9s s\u00e9lectionn\u00e9es de l&rsquo;outil et enregistrez les corrections. <\/li> <li><b>Obtenez votre code unique qui s&rsquo;affiche dans la fen\u00eatre des applications Elfsight. <\/b><br> Une fois la configuration de votre outil personnel termin\u00e9e, copiez le code individuel dans la fen\u00eatre contextuelle qui appara\u00eet et enregistrez-le pour d&rsquo;autres besoins. <\/li> <li><b>Entrez en utilisant l&rsquo;outil sur votre site OpenCart. <\/b><br> Collez le code enregistr\u00e9 r\u00e9cemment dans votre page et appliquez les corrections. <\/li> <li><b>Fait\u00a0! La configuration est enti\u00e8rement effectu\u00e9e. <\/b><br> Acc\u00e9dez \u00e0 votre page Web pour visualiser les performances de l&rsquo;outil. <\/li><\/ol> <p>\u00c0 condition d&rsquo;\u00eatre confront\u00e9 \u00e0 des questions ou \u00e0 des probl\u00e8mes, veuillez postuler pour notre \u00e9quipe de service client. Nos consultants seront ravis de r\u00e9soudre toutes les questions que vous pourriez vous poser avec le widget. <\/p> <div class=\"faq\" data-component=\"FAQ\"><div class=\"faq-item\">\r\n\t\t\t\t\t<div class=\"faq-item-question\">\r\n\t\t\t\t\t\t<h3 class=\"faq-item-question-text\">Comment ajouter un Job Board \u00e0 mon site OpenCart sans comp\u00e9tences en codage ?<\/h3>\r\n\r\n\t\t\t\t\t\t<div class=\"faq-item-question-icon\"><\/div>\r\n\t\t\t\t\t<\/div>\r\n\r\n\t\t\t\t\t<div class=\"faq-item-answer\">\r\n\t\t\t\t\t\t<div class=\"faq-item-answer-text\"> <p>Elfsight fournit une solution SaaS qui vous permet de cr\u00e9er vous-m\u00eame un widget Job Board, voyez \u00e0 quel point il est facile Le processus est le suivant\u00a0: travaillez directement dans l&rsquo;\u00e9diteur en ligne pour cr\u00e9er un widget Job Board que vous aimeriez voir sur votre site Web OpenCart. Choisissez l&rsquo;un des mod\u00e8les pr\u00e9d\u00e9finis et ajustez les param\u00e8tres du Job Board, ajoutez votre contenu, modifiez la mise en page et les couleurs sans aucune comp\u00e9tence en codage. Enregistrez le Job Board et copiez son code d&rsquo;installation, que vous pouvez facilement int\u00e9grer dans votre site Web OpenCart sans avoir besoin d&rsquo;acheter une version payante. Gr\u00e2ce \u00e0 notre \u00e9diteur intuitif, tout internaute peut cr\u00e9er un widget Job Board en ligne et l&rsquo;int\u00e9grer facilement \u00e0 son site Web OpenCart. Il n&rsquo;est pas n\u00e9cessaire de payer ou de saisir les informations d&rsquo;identification de votre carte pour acc\u00e9der au service. Si vous rencontrez des probl\u00e8mes \u00e0 n&rsquo;importe quelle \u00e9tape, n&rsquo;h\u00e9sitez pas \u00e0 contacter notre \u00e9quipe d&rsquo;assistance technique.<\/p> <\/div>\r\n\t\t\t\t\t<\/div>\r\n\t\t\t\t<\/div> <\/div><\/div>","protected":false},"excerpt":{"rendered":"","protected":false},"author":9,"featured_media":0,"parent":3382,"menu_order":0,"comment_status":"closed","ping_status":"closed","template":"templates\/template-application-platform.php","meta":{"publish_to_discourse":"","publish_post_category":"","wpdc_auto_publish_overridden":"","wpdc_topic_tags":"","wpdc_pin_topic":"","wpdc_pin_until":"","discourse_post_id":"","discourse_permalink":"","wpdc_publishing_response":"","wpdc_publishing_error":"","footnotes":""},"class_list":["post-13590","page","type-page","status-publish","hentry"],"yoast_head":"<!-- This site is optimized with the Yoast SEO plugin v25.3.1 - https:\/\/yoast.com\/wordpress\/plugins\/seo\/ -->\n<title>Extension OpenCart Job Board - Ajouter des offres d&#039;emploi \u00e0 OpenCart (2025)<\/title>\n<meta name=\"description\" content=\"Int\u00e9grez une extension Job Board r\u00e9active sur votre site Web OpenCart et laissez les employ\u00e9s potentiels voir les offres d&#039;emploi !\" \/>\n<meta name=\"robots\" content=\"index, follow, max-snippet:-1, max-image-preview:large, max-video-preview:-1\" \/>\n<link rel=\"canonical\" href=\"https:\/\/elfsight.com\/fr\/job-board-widget\/opencart\/\" \/>\n<meta property=\"og:locale\" content=\"fr_FR\" \/>\n<meta property=\"og:type\" content=\"article\" \/>\n<meta property=\"og:title\" content=\"Extension OpenCart Job Board - Ajouter des offres d&#039;emploi \u00e0 OpenCart (2025)\" \/>\n<meta property=\"og:description\" content=\"Int\u00e9grez une extension Job Board r\u00e9active sur votre site Web OpenCart et laissez les employ\u00e9s potentiels voir les offres d&#039;emploi !\" \/>\n<meta property=\"og:url\" content=\"https:\/\/elfsight.com\/fr\/job-board-widget\/opencart\/\" \/>\n<meta property=\"og:site_name\" content=\"Elfsight FR\" \/>\n<meta property=\"article:modified_time\" content=\"2025-07-10T08:11:19+00:00\" \/>\n<meta name=\"twitter:card\" content=\"summary_large_image\" \/>\n<meta name=\"twitter:label1\" content=\"Dur\u00e9e de lecture estim\u00e9e\" \/>\n\t<meta name=\"twitter:data1\" content=\"3 minutes\" \/>\n<!-- \/ Yoast SEO plugin. -->","yoast_head_json":{"title":"Extension OpenCart Job Board - Ajouter des offres d'emploi \u00e0 OpenCart (2025)","description":"Int\u00e9grez une extension Job Board r\u00e9active sur votre site Web OpenCart et laissez les employ\u00e9s potentiels voir les offres d'emploi !","robots":{"index":"index","follow":"follow","max-snippet":"max-snippet:-1","max-image-preview":"max-image-preview:large","max-video-preview":"max-video-preview:-1"},"canonical":"https:\/\/elfsight.com\/fr\/job-board-widget\/opencart\/","og_locale":"fr_FR","og_type":"article","og_title":"Extension OpenCart Job Board - Ajouter des offres d'emploi \u00e0 OpenCart (2025)","og_description":"Int\u00e9grez une extension Job Board r\u00e9active sur votre site Web OpenCart et laissez les employ\u00e9s potentiels voir les offres d'emploi !","og_url":"https:\/\/elfsight.com\/fr\/job-board-widget\/opencart\/","og_site_name":"Elfsight FR","article_modified_time":"2025-07-10T08:11:19+00:00","twitter_card":"summary_large_image","twitter_misc":{"Dur\u00e9e de lecture estim\u00e9e":"3 minutes"},"schema":{"@context":"https:\/\/schema.org","@graph":[{"@type":"WebPage","@id":"https:\/\/elfsight.com\/fr\/job-board-widget\/opencart\/","url":"https:\/\/elfsight.com\/fr\/job-board-widget\/opencart\/","name":"Extension OpenCart Job Board - Ajouter des offres d'emploi \u00e0 OpenCart (2025)","isPartOf":{"@id":"https:\/\/elfsight.com\/fr\/#website"},"datePublished":"2024-05-03T06:40:06+00:00","dateModified":"2025-07-10T08:11:19+00:00","description":"Int\u00e9grez une extension Job Board r\u00e9active sur votre site Web OpenCart et laissez les employ\u00e9s potentiels voir les offres d'emploi !","breadcrumb":{"@id":"https:\/\/elfsight.com\/fr\/job-board-widget\/opencart\/#breadcrumb"},"inLanguage":"fr-FR","potentialAction":[{"@type":"ReadAction","target":["https:\/\/elfsight.com\/fr\/job-board-widget\/opencart\/"]}]},{"@type":"BreadcrumbList","@id":"https:\/\/elfsight.com\/fr\/job-board-widget\/opencart\/#breadcrumb","itemListElement":[{"@type":"ListItem","position":1,"name":"Home","item":"https:\/\/elfsight.com\/fr\/"},{"@type":"ListItem","position":2,"name":"Job Board","item":"https:\/\/elfsight.com\/fr\/job-board-widget\/"},{"@type":"ListItem","position":3,"name":"Job Board &#8211; OpenCart"}]},{"@type":"WebSite","@id":"https:\/\/elfsight.com\/fr\/#website","url":"https:\/\/elfsight.com\/fr\/","name":"Elfsight FR","description":"","potentialAction":[{"@type":"SearchAction","target":{"@type":"EntryPoint","urlTemplate":"https:\/\/elfsight.com\/fr\/?s={search_term_string}"},"query-input":{"@type":"PropertyValueSpecification","valueRequired":true,"valueName":"search_term_string"}}],"inLanguage":"fr-FR"}]}},"meta_box":{"industry":"","seo_heading":"","heading":"","description":"","cta_heading":"","cta_description":"","application":"3381","h1":"Extension du site d'emploi OpenCart","h1_caption":"Cr\u00e9ez un site d'emploi pour r\u00e9pertorier les postes vacants sur votre site Web et attirez facilement des candidats potentiels sur votre site Web Opencart sans effort.","application_category":[],"applications_title":"","applications_request_title":"","applications_request_button_text":"","hero_text":"","hero_video":"","hero_video_schema_markup":"","selling_points_title":"","selling_points_caption":"","selling_points":[],"selling_points_cta_text":"","features_title":"","features":"","ed_cta_examples_text":"","ed_cta_examples_hidden":"","ed_cta_demo_text":"","ed_cta_demo_hidden":"","why_caption":"","why_editor_title":"","why_editor_text":"","why_team_title":"","why_team_text":"","why_service_title":"","why_service_text":"","template_catalog_visible":"","template_catalog_title":"","template_catalog_text":"","template_catalog_categories_visible":"","demo_title":"Cr\u00e9ez votre extension Job Board","demo_caption":"Configurez votre Job Board et ajoutez-le gratuitement \u00e0 votre site Web OpenCart\u00a0!","default_faq_hidden":"","app_template_category":[],"platform":"359","template_public_id":"","codecanyon_url":"","codecanyon_item_id":"","codecanyon_price":"","pricing_caption":"","pricing_elfsight_apps_hide_column":"","pricing_elfsight_apps_url":"","pricing_codecanyon_price_caption":"","integration_category":[],"integration_request_title":"","integration_request_cta":"","integration_platform":"","integrations":[],"platform_category":[],"video_schema_markup":"","price":"\u00e0 partir de 0$ \/ mois","trial":"","benefits":[{"text":"Assistance \u00e0 l'installation gratuite"},{"text":"Assistance premium"},{"text":"Garantie de remboursement de 14 jours"},{"text":"Am\u00e9liorations gratuites et continues"}],"button_url":"#demo","button_target_blank":"","button_nofollow":"","attributes":[{"name":"Installations","content":"10,000 - 100,000"},{"name":"Sensible","content":"Oui"},{"name":"Navigateurs compatibles","content":"Firefox, Safari, Opera, Chrome, Edge"}],"tags":[],"tags_disable_links":"","hide_more_platforms":"","video_object":"","demo_hide_cta":"","demo_hide_cloud_options":"","pricing_title":"","pricing":[{"pricing_icon":"platform","pricing_title":"Elfsight Apps","pricing_title_caption":"Logiciel multiplateforme qui fonctionne sur n'importe quel site","pricing_price":"from $0 \/ month","pricing_price_caption":"commencez avec un forfait gratuit","pricing_benefits":[{"text":"Domaines illimit\u00e9s"},{"text":"Support d'entreprise gratuit et bien document\u00e9"},{"text":"Assistance \u00e0 l'installation gratuite"},{"text":"Conception flexible"}],"pricing_button_text":"Ajouter au site Web","pricing_button_url":"#demo"}],"related_apps_title":"","related_apps_hidden":"","author":"","image":[],"title":"","job":"","social_networks":[]},"_links":{"self":[{"href":"https:\/\/elfsight.com\/fr\/wp-json\/wp\/v2\/pages\/13590","targetHints":{"allow":["GET"]}}],"collection":[{"href":"https:\/\/elfsight.com\/fr\/wp-json\/wp\/v2\/pages"}],"about":[{"href":"https:\/\/elfsight.com\/fr\/wp-json\/wp\/v2\/types\/page"}],"author":[{"embeddable":true,"href":"https:\/\/elfsight.com\/fr\/wp-json\/wp\/v2\/users\/9"}],"replies":[{"embeddable":true,"href":"https:\/\/elfsight.com\/fr\/wp-json\/wp\/v2\/comments?post=13590"}],"version-history":[{"count":1,"href":"https:\/\/elfsight.com\/fr\/wp-json\/wp\/v2\/pages\/13590\/revisions"}],"predecessor-version":[{"id":13594,"href":"https:\/\/elfsight.com\/fr\/wp-json\/wp\/v2\/pages\/13590\/revisions\/13594"}],"up":[{"embeddable":true,"href":"https:\/\/elfsight.com\/fr\/wp-json\/wp\/v2\/pages\/3382"}],"wp:attachment":[{"href":"https:\/\/elfsight.com\/fr\/wp-json\/wp\/v2\/media?parent=13590"}],"curies":[{"name":"wp","href":"https:\/\/api.w.org\/{rel}","templated":true}]}}