{"id":13582,"date":"2024-05-03T06:40:02","date_gmt":"2024-05-03T06:40:02","guid":{"rendered":"https:\/\/elfsight.com\/fr\/?page_id=13582"},"modified":"2025-07-10T08:12:44","modified_gmt":"2025-07-10T08:12:44","slug":"webnode","status":"publish","type":"page","link":"https:\/\/elfsight.com\/fr\/job-board-widget\/webnode\/","title":{"rendered":"Job Board &#8211; Webnode"},"content":{"rendered":"<div class=\"application-platform-content-item-description application-platform-content-item\" id=\"description\" data-nav-section=\"description\"> <h2>Description<\/h2> <p>Elfsight Job Board pour Webnode est un widget remarquable vous donnant la possibilit\u00e9 de r\u00e9v\u00e9ler des postes vacants et d&rsquo;obtenir des CV de candidats sur votre site de la mani\u00e8re la plus accessible. Gr\u00e2ce \u00e0 notre nouveau widget, vous pourrez divulguer votre entreprise, diffuser des informations sur les postes vacants et obtenir des CV. Le widget vous permet de cr\u00e9er une carte de travail accompagn\u00e9e d&rsquo;une description pr\u00e9cise et d&rsquo;un bouton Appliquer. Utiliser Elfsight Job Board vous permet de faciliter le processus de recrutement et de dessiner les r\u00e9ponses aux offres d&#8217;emploi en quelques clics. <\/p> <p><b>Cr\u00e9ez rapidement les offres d&#8217;emploi et les appels \u00e0 l&rsquo;action les plus attrayants pour inciter davantage de recrues possibles \u00e0 travailler avec vous<\/b><\/p> <\/div> <div class=\"application-platform-content-item-features  application-platform-content-item\" id=\"features \" data-nav-section=\"features \"> <h2>Voici les fonctionnalit\u00e9s de base du widget\u00a0: <\/h2> <ul><li>Ajoutez un lien Postuler pour diriger les utilisateurs du site Web vers la page contenant les CV<\/li><li>Pr\u00e9sentez les offres d&#8217;emploi dans la forme la plus attrayante <\/li><li>Ajoutez autant d&#8217;emplois que vous le souhaitez<\/li><li>D\u00e9crivez le poste en d\u00e9tail et indiquez\u00a0: le titre du poste, les comp\u00e9tences requises et le salaire<\/li><li>Donnez des informations sur votre entreprise : localisation, d\u00e9partement et son nom<\/li><\/ul><p><a href=\"#demo\">Vous pouvez voir si le widget est fait pour vous \u00e0 l&rsquo;aide de la d\u00e9mo<\/a><\/p> <\/div> <div class=\"application-platform-content-item-installation application-platform-content-item\" id=\"installation\" data-nav-section=\"installation\"> <h2>Comment puis-je ajouter un Job Board sur mon site Webnode ? <\/h2> <p>Suivez simplement les \u00e9tapes pr\u00e9sent\u00e9es ci-dessous pour int\u00e9grer le widget. <\/p> <ol><li><b>G\u00e9rez notre \u00e9diteur gratuit et commencez \u00e0 cr\u00e9er votre widget personnalis\u00e9. <\/b><br> Sp\u00e9cifiez la conception et les param\u00e8tres personnalis\u00e9s du widget et appliquez les modifications. <\/li> <li><b>Copiez votre code unique qui appara\u00eet dans la fen\u00eatre sur Elfsight Apps. <\/b><br> Juste apr\u00e8s la configuration de votre outil, copiez le code individuel dans la fen\u00eatre qui appara\u00eet et enregistrez-le pour d&rsquo;autres besoins. <\/li> <li><b>Commencez \u00e0 utiliser le plugin sur votre site Webnode. <\/b><br> Saisissez le code copi\u00e9 auparavant dans votre page d&rsquo;accueil et enregistrez les corrections. <\/li> <li><b>Fait\u00a0! La configuration est enti\u00e8rement r\u00e9alis\u00e9e. <\/b><br> Visitez votre site Web pour jeter un \u0153il au fonctionnement de l&rsquo;outil. <\/li><\/ol> <p>Si vous rencontrez des probl\u00e8mes, veuillez \u00e9crire \u00e0 notre \u00e9quipe du service client. Nos collaborateurs sont impatients de vous aider avec tous les probl\u00e8mes que vous pourriez rencontrer avec l&rsquo;outil. <\/p> <div class=\"faq\" data-component=\"FAQ\"><div class=\"faq-item\">\r\n\t\t\t\t\t<div class=\"faq-item-question\">\r\n\t\t\t\t\t\t<h3 class=\"faq-item-question-text\">Comment puis-je ajouter un Job Board \u00e0 mon site Webnode sans comp\u00e9tences en codage ?<\/h3>\r\n\r\n\t\t\t\t\t\t<div class=\"faq-item-question-icon\"><\/div>\r\n\t\t\t\t\t<\/div>\r\n\r\n\t\t\t\t\t<div class=\"faq-item-answer\">\r\n\t\t\t\t\t\t<div class=\"faq-item-answer-text\"> <p>Elfsight fournit une solution SaaS qui vous permet de cr\u00e9er vous-m\u00eame un widget Job Board, voyez \u00e0 quel point il est facile le processus est le suivant\u00a0: Travaillez directement dans l&rsquo;\u00e9diteur en ligne pour cr\u00e9er un widget Job Board que vous aimeriez voir sur votre site Webnode. Choisissez l&rsquo;un des mod\u00e8les pr\u00e9d\u00e9finis et ajustez les param\u00e8tres du Job Board, ajoutez votre contenu, modifiez la mise en page et les couleurs sans aucune comp\u00e9tence en codage. Enregistrez le Job Board et copiez son code d&rsquo;installation, que vous pouvez int\u00e9grer dans votre site Webnode sans acheter de forfait payant. Gr\u00e2ce \u00e0 notre \u00e9diteur intuitif, tout internaute peut cr\u00e9er un widget Job Board en ligne et l&rsquo;int\u00e9grer facilement \u00e0 son site Webnode. Il n&rsquo;est pas n\u00e9cessaire de payer ou de saisir les informations d&rsquo;identification de votre carte pour acc\u00e9der au service. Si vous rencontrez des probl\u00e8mes \u00e0 n&rsquo;importe quelle \u00e9tape, n&rsquo;h\u00e9sitez pas \u00e0 contacter notre \u00e9quipe d&rsquo;assistance technique.<\/p> <\/div>\r\n\t\t\t\t\t<\/div>\r\n\t\t\t\t<\/div> <\/div><\/div>","protected":false},"excerpt":{"rendered":"","protected":false},"author":9,"featured_media":0,"parent":3382,"menu_order":0,"comment_status":"closed","ping_status":"closed","template":"templates\/template-application-platform.php","meta":{"publish_to_discourse":"","publish_post_category":"","wpdc_auto_publish_overridden":"","wpdc_topic_tags":"","wpdc_pin_topic":"","wpdc_pin_until":"","discourse_post_id":"","discourse_permalink":"","wpdc_publishing_response":"","wpdc_publishing_error":"","footnotes":""},"class_list":["post-13582","page","type-page","status-publish","hentry"],"yoast_head":"<!-- This site is optimized with the Yoast SEO plugin v25.3.1 - https:\/\/yoast.com\/wordpress\/plugins\/seo\/ -->\n<title>Widget Webnode Job Board - Ajouter des offres d&#039;emploi \u00e0 Webnode (2025)<\/title>\n<meta name=\"description\" content=\"Int\u00e9grez un widget Job Board r\u00e9actif sur votre site Webnode et laissez les employ\u00e9s potentiels sonder les offres d&#039;emploi !\" \/>\n<meta name=\"robots\" content=\"index, follow, max-snippet:-1, max-image-preview:large, max-video-preview:-1\" \/>\n<link rel=\"canonical\" href=\"https:\/\/elfsight.com\/fr\/job-board-widget\/webnode\/\" \/>\n<meta property=\"og:locale\" content=\"fr_FR\" \/>\n<meta property=\"og:type\" content=\"article\" \/>\n<meta property=\"og:title\" content=\"Widget Webnode Job Board - Ajouter des offres d&#039;emploi \u00e0 Webnode (2025)\" \/>\n<meta property=\"og:description\" content=\"Int\u00e9grez un widget Job Board r\u00e9actif sur votre site Webnode et laissez les employ\u00e9s potentiels sonder les offres d&#039;emploi !\" \/>\n<meta property=\"og:url\" content=\"https:\/\/elfsight.com\/fr\/job-board-widget\/webnode\/\" \/>\n<meta property=\"og:site_name\" content=\"Elfsight FR\" \/>\n<meta property=\"article:modified_time\" content=\"2025-07-10T08:12:44+00:00\" \/>\n<meta name=\"twitter:card\" content=\"summary_large_image\" \/>\n<meta name=\"twitter:label1\" content=\"Dur\u00e9e de lecture estim\u00e9e\" \/>\n\t<meta name=\"twitter:data1\" content=\"3 minutes\" \/>\n<!-- \/ Yoast SEO plugin. -->","yoast_head_json":{"title":"Widget Webnode Job Board - Ajouter des offres d'emploi \u00e0 Webnode (2025)","description":"Int\u00e9grez un widget Job Board r\u00e9actif sur votre site Webnode et laissez les employ\u00e9s potentiels sonder les offres d'emploi !","robots":{"index":"index","follow":"follow","max-snippet":"max-snippet:-1","max-image-preview":"max-image-preview:large","max-video-preview":"max-video-preview:-1"},"canonical":"https:\/\/elfsight.com\/fr\/job-board-widget\/webnode\/","og_locale":"fr_FR","og_type":"article","og_title":"Widget Webnode Job Board - Ajouter des offres d'emploi \u00e0 Webnode (2025)","og_description":"Int\u00e9grez un widget Job Board r\u00e9actif sur votre site Webnode et laissez les employ\u00e9s potentiels sonder les offres d'emploi !","og_url":"https:\/\/elfsight.com\/fr\/job-board-widget\/webnode\/","og_site_name":"Elfsight FR","article_modified_time":"2025-07-10T08:12:44+00:00","twitter_card":"summary_large_image","twitter_misc":{"Dur\u00e9e de lecture estim\u00e9e":"3 minutes"},"schema":{"@context":"https:\/\/schema.org","@graph":[{"@type":"WebPage","@id":"https:\/\/elfsight.com\/fr\/job-board-widget\/webnode\/","url":"https:\/\/elfsight.com\/fr\/job-board-widget\/webnode\/","name":"Widget Webnode Job Board - Ajouter des offres d'emploi \u00e0 Webnode (2025)","isPartOf":{"@id":"https:\/\/elfsight.com\/fr\/#website"},"datePublished":"2024-05-03T06:40:02+00:00","dateModified":"2025-07-10T08:12:44+00:00","description":"Int\u00e9grez un widget Job Board r\u00e9actif sur votre site Webnode et laissez les employ\u00e9s potentiels sonder les offres d'emploi !","breadcrumb":{"@id":"https:\/\/elfsight.com\/fr\/job-board-widget\/webnode\/#breadcrumb"},"inLanguage":"fr-FR","potentialAction":[{"@type":"ReadAction","target":["https:\/\/elfsight.com\/fr\/job-board-widget\/webnode\/"]}]},{"@type":"BreadcrumbList","@id":"https:\/\/elfsight.com\/fr\/job-board-widget\/webnode\/#breadcrumb","itemListElement":[{"@type":"ListItem","position":1,"name":"Home","item":"https:\/\/elfsight.com\/fr\/"},{"@type":"ListItem","position":2,"name":"Job Board","item":"https:\/\/elfsight.com\/fr\/job-board-widget\/"},{"@type":"ListItem","position":3,"name":"Job Board &#8211; Webnode"}]},{"@type":"WebSite","@id":"https:\/\/elfsight.com\/fr\/#website","url":"https:\/\/elfsight.com\/fr\/","name":"Elfsight FR","description":"","potentialAction":[{"@type":"SearchAction","target":{"@type":"EntryPoint","urlTemplate":"https:\/\/elfsight.com\/fr\/?s={search_term_string}"},"query-input":{"@type":"PropertyValueSpecification","valueRequired":true,"valueName":"search_term_string"}}],"inLanguage":"fr-FR"}]}},"meta_box":{"industry":"","seo_heading":"","heading":"","description":"","cta_heading":"","cta_description":"","application":"3381","h1":"Widget du site d'emploi Webnode","h1_caption":"Cr\u00e9ez un site d'emploi pour r\u00e9pertorier les postes vacants sur votre site Web et attirez facilement des candidats potentiels sur votre site Webnode sans effort.","application_category":[],"applications_title":"","applications_request_title":"","applications_request_button_text":"","hero_text":"","hero_video":"","hero_video_schema_markup":"","selling_points_title":"","selling_points_caption":"","selling_points":[],"selling_points_cta_text":"","features_title":"","features":"","ed_cta_examples_text":"","ed_cta_examples_hidden":"","ed_cta_demo_text":"","ed_cta_demo_hidden":"","why_caption":"","why_editor_title":"","why_editor_text":"","why_team_title":"","why_team_text":"","why_service_title":"","why_service_text":"","template_catalog_visible":"","template_catalog_title":"","template_catalog_text":"","template_catalog_categories_visible":"","demo_title":"Cr\u00e9ez votre widget Job Board","demo_caption":"Configurez votre Job Board et ajoutez-le gratuitement \u00e0 votre site Webnode !","default_faq_hidden":"","app_template_category":[],"platform":"364","template_public_id":"","codecanyon_url":"","codecanyon_item_id":"","codecanyon_price":"","pricing_caption":"","pricing_elfsight_apps_hide_column":"","pricing_elfsight_apps_url":"","pricing_codecanyon_price_caption":"","integration_category":[],"integration_request_title":"","integration_request_cta":"","integration_platform":"","integrations":[],"platform_category":[],"video_schema_markup":"","price":"\u00e0 partir de 0$ \/ mois","trial":"","benefits":[{"text":"Service d'installation gratuit"},{"text":"Support client exp\u00e9riment\u00e9"},{"text":"Garantie de remboursement de 14 jours"},{"text":"Am\u00e9liorations continues"}],"button_url":"#demo","button_target_blank":"","button_nofollow":"","attributes":[{"name":"Installations","content":"10,000 - 100,000"},{"name":"Sensible","content":"Oui"},{"name":"Navigateurs compatibles","content":"Firefox, Safari, Opera, Chrome, Edge"}],"tags":[],"tags_disable_links":"","hide_more_platforms":"","video_object":"","demo_hide_cta":"","demo_hide_cloud_options":"","pricing_title":"","pricing":[{"pricing_icon":"platform","pricing_title":"Elfsight Apps","pricing_title_caption":"Solution num\u00e9rique ind\u00e9pendante de la plateforme qui fonctionne sur n'importe quel site Web","pricing_price":"from $0 \/ month","pricing_price_caption":"commencez avec un forfait gratuit","pricing_benefits":[{"text":"Sites Web illimit\u00e9s"},{"text":"Assistance entreprise 24h\/24 et 7j\/7"},{"text":"Assistance \u00e0 l'installation gratuite"},{"text":"Enti\u00e8rement personnalisable"}],"pricing_button_text":"Ajouter au site Web","pricing_button_url":"#demo"}],"related_apps_title":"","related_apps_hidden":"","author":"","image":[],"title":"","job":"","social_networks":[]},"_links":{"self":[{"href":"https:\/\/elfsight.com\/fr\/wp-json\/wp\/v2\/pages\/13582","targetHints":{"allow":["GET"]}}],"collection":[{"href":"https:\/\/elfsight.com\/fr\/wp-json\/wp\/v2\/pages"}],"about":[{"href":"https:\/\/elfsight.com\/fr\/wp-json\/wp\/v2\/types\/page"}],"author":[{"embeddable":true,"href":"https:\/\/elfsight.com\/fr\/wp-json\/wp\/v2\/users\/9"}],"replies":[{"embeddable":true,"href":"https:\/\/elfsight.com\/fr\/wp-json\/wp\/v2\/comments?post=13582"}],"version-history":[{"count":1,"href":"https:\/\/elfsight.com\/fr\/wp-json\/wp\/v2\/pages\/13582\/revisions"}],"predecessor-version":[{"id":13586,"href":"https:\/\/elfsight.com\/fr\/wp-json\/wp\/v2\/pages\/13582\/revisions\/13586"}],"up":[{"embeddable":true,"href":"https:\/\/elfsight.com\/fr\/wp-json\/wp\/v2\/pages\/3382"}],"wp:attachment":[{"href":"https:\/\/elfsight.com\/fr\/wp-json\/wp\/v2\/media?parent=13582"}],"curies":[{"name":"wp","href":"https:\/\/api.w.org\/{rel}","templated":true}]}}