{"id":13580,"date":"2024-05-03T06:40:00","date_gmt":"2024-05-03T06:40:00","guid":{"rendered":"https:\/\/elfsight.com\/fr\/?page_id=13580"},"modified":"2025-07-10T08:13:03","modified_gmt":"2025-07-10T08:13:03","slug":"wix","status":"publish","type":"page","link":"https:\/\/elfsight.com\/fr\/job-board-widget\/wix\/","title":{"rendered":"Job Board &#8211; Wix"},"content":{"rendered":"<div class=\"application-platform-content-item-description application-platform-content-item\" id=\"description\" data-nav-section=\"description\"> <h2>Description<\/h2> <p>Le Job Board pour Wix est une application remarquable qui vous donne l&rsquo;opportunit\u00e9 de pr\u00e9senter des offres d&#8217;emploi et de recevoir des CV de candidats directement sur votre site Web, de la mani\u00e8re la plus simple. Avec notre nouvel outil, vous parviendrez \u00e0 divulguer votre entreprise, \u00e0 publier des informations sur les postes vacants et \u00e0 obtenir des CV. Le widget vous propose de fa\u00e7onner une carte de travail accompagn\u00e9e d&rsquo;une repr\u00e9sentation pr\u00e9cise et d&rsquo;un bouton Appliquer. L&rsquo;utilisation d&rsquo;Elfsight Job Board vous permet de rationaliser le processus de recrutement et d&rsquo;obtenir les r\u00e9ponses aux offres d&#8217;emploi en un clic. <\/p> <p><b>Cr\u00e9ez facilement les offres d&#8217;emploi et les boutons CTA les plus attrayants pour motiver davantage de recrues possibles \u00e0 travailler avec vous<\/b><\/p> <\/div> <div class=\"application-platform-content-item-features application-platform-content-item\" id=\"features\" data-nav-section=\"features\"> <h2>Le widget comprend des fonctionnalit\u00e9s utiles et rapides, cochez-en quelques-unes\u00a0: <\/h2> <ul><li>Cr\u00e9ez un lien Postuler pour diriger les employ\u00e9s potentiels vers la page qui collecte les CV<\/li><li>Pr\u00e9sentez les postes vacants dans le mani\u00e8re la plus attrayante<\/li><li>Ajoutez autant d&#8217;emplois que vous le souhaitez<\/li><li>Ajoutez des informations sur l&#8217;emploi\u00a0: comp\u00e9tences requises, salaire et titre du poste<\/li><li>Laissez les coordonn\u00e9es\u00a0: d\u00e9partement , le nom de votre entreprise et son emplacement<\/li><\/ul><p><a href=\"#demo\">Vous pouvez v\u00e9rifier ce que vaut le widget \u00e0 l&rsquo;aide de la d\u00e9mo<\/a><\/p> <\/div> <div class=\"application-platform-content-item-installation application-platform-content-item\" id=\"installation\" data-nav-section=\"installation\"> <h2>Comment puis-je int\u00e9grer un Job Board dans mon site Web Wix ? <\/h2> <p>Suivez simplement plusieurs \u00e9tapes pr\u00e9sent\u00e9es ci-dessous pour commencer \u00e0 travailler avec l&rsquo;application. <\/p> <ol><li><b>Lancez notre configurateur gratuit et commencez \u00e0 fa\u00e7onner votre application personnalis\u00e9e. <\/b><br> Sp\u00e9cifiez la forme et les fonctionnalit\u00e9s appropri\u00e9es du plugin et appliquez les corrections. <\/li> <li><b>Recevez le code personnel expos\u00e9 dans le formulaire sp\u00e9cial sur Elfsight Apps. <\/b><br> D\u00e8s que la configuration de votre application personnelle est termin\u00e9e, copiez le code exclusif dans la fen\u00eatre qui appara\u00eet et conservez-le pour une utilisation future. <\/li> <li><b>Lancez l&rsquo;application de l&rsquo;application sur votre site Web Wix. <\/b><br> Int\u00e9grez le code enregistr\u00e9 r\u00e9cemment dans votre page Web et appliquez les modifications. <\/li> <li><b>L&rsquo;installation est enti\u00e8rement termin\u00e9e. <\/b><br> Acc\u00e9dez \u00e0 votre page Web pour jeter un \u0153il au fonctionnement de l&rsquo;application. <\/li><\/ol> <p>\u00c0 condition de faire face \u00e0 des demandes de renseignements ou de faire face \u00e0 des difficult\u00e9s, n&rsquo;h\u00e9sitez pas \u00e0 faire appel \u00e0 notre \u00e9quipe de service client. Nos collaborateurs ont h\u00e2te de r\u00e9soudre toutes les questions que vous pourriez vous poser avec le widget. <\/p> <div class=\"faq\" data-component=\"FAQ\"><div class=\"faq-item\">\r\n\t\t\t\t\t<div class=\"faq-item-question\">\r\n\t\t\t\t\t\t<h3 class=\"faq-item-question-text\">De quelle mani\u00e8re puis-je ajouter un Job Board \u00e0 mon site Wix sans exp\u00e9rience en codage ?<\/h3>\r\n\r\n\t\t\t\t\t\t<div class=\"faq-item-question-icon\"><\/div>\r\n\t\t\t\t\t<\/div>\r\n\r\n\t\t\t\t\t<div class=\"faq-item-answer\">\r\n\t\t\t\t\t\t<div class=\"faq-item-answer-text\"> <p>Elfsight fournit une solution Cloud qui permet aux utilisateurs de cr\u00e9er eux-m\u00eames une application Job Board, d\u00e9couvrez \u00e0 quel point le processus est simple\u00a0: travaillez directement dans l&rsquo;\u00e9diteur en direct pour cr\u00e9er une application Job Board que vous souhaitez int\u00e9grer sur votre site Wix. Choisissez l&rsquo;un des nombreux mod\u00e8les pr\u00e9d\u00e9finis et modifiez les param\u00e8tres du Job Board, incluez votre contenu, modifiez la mise en page et la palette de couleurs sans aucune connaissance en codage. Cliquez pour enregistrer les param\u00e8tres que vous avez d\u00e9finis sur le Job Board et obtenir son code d&rsquo;installation, qui peut \u00eatre facilement int\u00e9gr\u00e9 \u00e0 n&rsquo;importe quel site Wix sans acheter d&rsquo;abonnement payant. En travaillant dans notre \u00e9diteur convivial, chaque internaute peut g\u00e9n\u00e9rer un widget Job Board et l&rsquo;ajouter facilement \u00e0 n&rsquo;importe quelle page Web Wix. Il n&rsquo;est pas n\u00e9cessaire de souscrire un abonnement payant ou de saisir les informations d&rsquo;identification de votre carte pour acc\u00e9der \u00e0 Elfsight Editor. Si vous rencontrez des probl\u00e8mes de quelque nature que ce soit, adressez-vous \u00e0 notre \u00e9quipe d&rsquo;assistance technique.<\/p> <\/div>\r\n\t\t\t\t\t<\/div>\r\n\t\t\t\t<\/div> <\/div><\/div>","protected":false},"excerpt":{"rendered":"","protected":false},"author":9,"featured_media":0,"parent":3382,"menu_order":0,"comment_status":"closed","ping_status":"closed","template":"templates\/template-application-platform.php","meta":{"publish_to_discourse":"","publish_post_category":"","wpdc_auto_publish_overridden":"","wpdc_topic_tags":"","wpdc_pin_topic":"","wpdc_pin_until":"","discourse_post_id":"","discourse_permalink":"","wpdc_publishing_response":"","wpdc_publishing_error":"","footnotes":""},"class_list":["post-13580","page","type-page","status-publish","hentry"],"yoast_head":"<!-- This site is optimized with the Yoast SEO plugin v25.3.1 - https:\/\/yoast.com\/wordpress\/plugins\/seo\/ -->\n<title>Application Wix Job Board - Ajouter des offres d&#039;emploi sur Wix (2025)<\/title>\n<meta name=\"description\" content=\"Int\u00e9grez une application Job Board r\u00e9active sur votre site Web Wix et permettez aux employ\u00e9s potentiels de voir rapidement les postes vacants !\" \/>\n<meta name=\"robots\" content=\"index, follow, max-snippet:-1, max-image-preview:large, max-video-preview:-1\" \/>\n<link rel=\"canonical\" href=\"https:\/\/elfsight.com\/fr\/job-board-widget\/wix\/\" \/>\n<meta property=\"og:locale\" content=\"fr_FR\" \/>\n<meta property=\"og:type\" content=\"article\" \/>\n<meta property=\"og:title\" content=\"Application Wix Job Board - Ajouter des offres d&#039;emploi sur Wix (2025)\" \/>\n<meta property=\"og:description\" content=\"Int\u00e9grez une application Job Board r\u00e9active sur votre site Web Wix et permettez aux employ\u00e9s potentiels de voir rapidement les postes vacants !\" \/>\n<meta property=\"og:url\" content=\"https:\/\/elfsight.com\/fr\/job-board-widget\/wix\/\" \/>\n<meta property=\"og:site_name\" content=\"Elfsight FR\" \/>\n<meta property=\"article:modified_time\" content=\"2025-07-10T08:13:03+00:00\" \/>\n<meta name=\"twitter:card\" content=\"summary_large_image\" \/>\n<meta name=\"twitter:label1\" content=\"Dur\u00e9e de lecture estim\u00e9e\" \/>\n\t<meta name=\"twitter:data1\" content=\"3 minutes\" \/>\n<!-- \/ Yoast SEO plugin. -->","yoast_head_json":{"title":"Application Wix Job Board - Ajouter des offres d'emploi sur Wix (2025)","description":"Int\u00e9grez une application Job Board r\u00e9active sur votre site Web Wix et permettez aux employ\u00e9s potentiels de voir rapidement les postes vacants !","robots":{"index":"index","follow":"follow","max-snippet":"max-snippet:-1","max-image-preview":"max-image-preview:large","max-video-preview":"max-video-preview:-1"},"canonical":"https:\/\/elfsight.com\/fr\/job-board-widget\/wix\/","og_locale":"fr_FR","og_type":"article","og_title":"Application Wix Job Board - Ajouter des offres d'emploi sur Wix (2025)","og_description":"Int\u00e9grez une application Job Board r\u00e9active sur votre site Web Wix et permettez aux employ\u00e9s potentiels de voir rapidement les postes vacants !","og_url":"https:\/\/elfsight.com\/fr\/job-board-widget\/wix\/","og_site_name":"Elfsight FR","article_modified_time":"2025-07-10T08:13:03+00:00","twitter_card":"summary_large_image","twitter_misc":{"Dur\u00e9e de lecture estim\u00e9e":"3 minutes"},"schema":{"@context":"https:\/\/schema.org","@graph":[{"@type":"WebPage","@id":"https:\/\/elfsight.com\/fr\/job-board-widget\/wix\/","url":"https:\/\/elfsight.com\/fr\/job-board-widget\/wix\/","name":"Application Wix Job Board - Ajouter des offres d'emploi sur Wix (2025)","isPartOf":{"@id":"https:\/\/elfsight.com\/fr\/#website"},"datePublished":"2024-05-03T06:40:00+00:00","dateModified":"2025-07-10T08:13:03+00:00","description":"Int\u00e9grez une application Job Board r\u00e9active sur votre site Web Wix et permettez aux employ\u00e9s potentiels de voir rapidement les postes vacants !","breadcrumb":{"@id":"https:\/\/elfsight.com\/fr\/job-board-widget\/wix\/#breadcrumb"},"inLanguage":"fr-FR","potentialAction":[{"@type":"ReadAction","target":["https:\/\/elfsight.com\/fr\/job-board-widget\/wix\/"]}]},{"@type":"BreadcrumbList","@id":"https:\/\/elfsight.com\/fr\/job-board-widget\/wix\/#breadcrumb","itemListElement":[{"@type":"ListItem","position":1,"name":"Home","item":"https:\/\/elfsight.com\/fr\/"},{"@type":"ListItem","position":2,"name":"Job Board","item":"https:\/\/elfsight.com\/fr\/job-board-widget\/"},{"@type":"ListItem","position":3,"name":"Job Board &#8211; Wix"}]},{"@type":"WebSite","@id":"https:\/\/elfsight.com\/fr\/#website","url":"https:\/\/elfsight.com\/fr\/","name":"Elfsight FR","description":"","potentialAction":[{"@type":"SearchAction","target":{"@type":"EntryPoint","urlTemplate":"https:\/\/elfsight.com\/fr\/?s={search_term_string}"},"query-input":{"@type":"PropertyValueSpecification","valueRequired":true,"valueName":"search_term_string"}}],"inLanguage":"fr-FR"}]}},"meta_box":{"industry":"","seo_heading":"","heading":"","description":"","cta_heading":"","cta_description":"","application":"3381","h1":"Application Wix Job Board","h1_caption":"Cr\u00e9ez un site d'emploi pour r\u00e9pertorier les postes vacants sur votre site Web et attirez facilement des candidats potentiels sur votre site Web Wix.","application_category":[],"applications_title":"","applications_request_title":"","applications_request_button_text":"","hero_text":"","hero_video":"","hero_video_schema_markup":"","selling_points_title":"","selling_points_caption":"","selling_points":[],"selling_points_cta_text":"","features_title":"","features":"","ed_cta_examples_text":"","ed_cta_examples_hidden":"","ed_cta_demo_text":"","ed_cta_demo_hidden":"","why_caption":"","why_editor_title":"","why_editor_text":"","why_team_title":"","why_team_text":"","why_service_title":"","why_service_text":"","template_catalog_visible":"","template_catalog_title":"","template_catalog_text":"","template_catalog_categories_visible":"","demo_title":"Cr\u00e9ez votre application Job Board","demo_caption":"Configurez votre Job Board et ajoutez-le \u00e0 votre site Wix gratuitement !","default_faq_hidden":"","app_template_category":[],"platform":"345","template_public_id":"","codecanyon_url":"","codecanyon_item_id":"","codecanyon_price":"","pricing_caption":"","pricing_elfsight_apps_hide_column":"","pricing_elfsight_apps_url":"","pricing_codecanyon_price_caption":"","integration_category":[],"integration_request_title":"","integration_request_cta":"","integration_platform":"","integrations":[],"platform_category":[],"video_schema_markup":"","price":"\u00e0 partir de 0$ \/ mois","trial":"","benefits":[{"text":"Service d'installation gratuit"},{"text":"Service client efficace"},{"text":"Garantie de remboursement de 14 jours"},{"text":"Am\u00e9liorations futures"}],"button_url":"#demo","button_target_blank":"","button_nofollow":"","attributes":[{"name":"Installations","content":"10,000 - 100,000"},{"name":"Sensible","content":"Oui"},{"name":"Navigateurs compatibles","content":"Firefox, Safari, Opera, Chrome, Edge"}],"tags":[],"tags_disable_links":"","hide_more_platforms":"","video_object":"","demo_hide_cta":"","demo_hide_cloud_options":"","pricing_title":"","pricing":[{"pricing_icon":"platform","pricing_title":"Elfsight Apps","pricing_title_caption":"Version multiplateforme","pricing_price":"from $0 \/ month","pricing_price_caption":"commencez avec un forfait gratuit","pricing_benefits":[{"text":"Domaines illimit\u00e9s"},{"text":"Accompagnement professionnel et bien document\u00e9"},{"text":"Aide \u00e0 l'installation gratuite"},{"text":"100% personnalisable"}],"pricing_button_text":"Ajouter au site Web","pricing_button_url":"#demo"}],"related_apps_title":"","related_apps_hidden":"","author":"","image":[],"title":"","job":"","social_networks":[]},"_links":{"self":[{"href":"https:\/\/elfsight.com\/fr\/wp-json\/wp\/v2\/pages\/13580","targetHints":{"allow":["GET"]}}],"collection":[{"href":"https:\/\/elfsight.com\/fr\/wp-json\/wp\/v2\/pages"}],"about":[{"href":"https:\/\/elfsight.com\/fr\/wp-json\/wp\/v2\/types\/page"}],"author":[{"embeddable":true,"href":"https:\/\/elfsight.com\/fr\/wp-json\/wp\/v2\/users\/9"}],"replies":[{"embeddable":true,"href":"https:\/\/elfsight.com\/fr\/wp-json\/wp\/v2\/comments?post=13580"}],"version-history":[{"count":1,"href":"https:\/\/elfsight.com\/fr\/wp-json\/wp\/v2\/pages\/13580\/revisions"}],"predecessor-version":[{"id":13584,"href":"https:\/\/elfsight.com\/fr\/wp-json\/wp\/v2\/pages\/13580\/revisions\/13584"}],"up":[{"embeddable":true,"href":"https:\/\/elfsight.com\/fr\/wp-json\/wp\/v2\/pages\/3382"}],"wp:attachment":[{"href":"https:\/\/elfsight.com\/fr\/wp-json\/wp\/v2\/media?parent=13580"}],"curies":[{"name":"wp","href":"https:\/\/api.w.org\/{rel}","templated":true}]}}