{"id":13573,"date":"2024-05-03T06:39:57","date_gmt":"2024-05-03T06:39:57","guid":{"rendered":"https:\/\/elfsight.com\/fr\/?page_id=13573"},"modified":"2025-07-10T08:10:39","modified_gmt":"2025-07-10T08:10:39","slug":"google-sites","status":"publish","type":"page","link":"https:\/\/elfsight.com\/fr\/job-board-widget\/google-sites\/","title":{"rendered":"Job Board &#8211; Google Sites"},"content":{"rendered":"<div class=\"application-platform-content-item-description application-platform-content-item\" id=\"description\" data-nav-section=\"description\"> <h2>Int\u00e9grez des Job Board sur Google Sites avec le widget Elfsight<\/h2> <p>Notre Job Board pour Google Sites est un plugin exceptionnel vous garantissant avec la possibilit\u00e9 de r\u00e9v\u00e9ler des offres d&#8217;emploi et de recevoir les CV des candidats directement sur votre site Web de la mani\u00e8re la plus accessible. En appliquant notre nouvel outil, vous pourrez pr\u00e9senter votre entreprise, diffuser des informations sur les postes vacants et collecter des CV. Le widget vous permet de fa\u00e7onner une carte de travail avec une repr\u00e9sentation pr\u00e9cise et un bouton Appliquer. Utiliser Elfsight Job Board vous permet de faciliter le processus de recrutement et d&rsquo;obtenir les r\u00e9ponses aux offres d&#8217;emploi en quelques clics. <\/p> <p><b>Cr\u00e9ez facilement les offres d&#8217;emploi et les boutons CTA les plus attrayants pour inciter davantage d&#8217;embauches potentielles \u00e0 travailler avec vous<\/b><\/p> <\/div> <div class=\"application-platform-content-item-features application-platform-content-item\" id=\"features\" data-nav-section=\"features\"> <h2>Ce ne sont l\u00e0 que quelques-unes des multiples fonctionnalit\u00e9s du plugin\u00a0: <\/h2> <ul><li>Cr\u00e9ez un lien de candidature pour diriger les candidats potentiels vers la page contenant les CV<\/li><li>Pr\u00e9sentez les postes vacants de la mani\u00e8re la plus attrayante<\/li><li>Ajoutez autant d&rsquo;offres d&#8217;emploi que vous le souhaitez<\/li><li>Ajoutez de nombreux d\u00e9tails sur le poste\u00a0: comp\u00e9tences requises, salaire et titre du poste<\/li><li>Donnez des informations sur l&rsquo;entreprise\u00a0: d\u00e9partement , son nom et son emplacement<\/li><\/ul><p><a href=\"#demo\">Essayez simplement cette d\u00e9mo pour comprendre les fonctionnalit\u00e9s du plugin<\/a><\/p> <\/div> <div class=\"application-platform-content-item-installation application-platform-content-item\" id=\"installation\" data-nav-section=\"installation\"> <h2>Comment int\u00e9grer un Job Board sur mon site Google Sites\u00a0? <\/h2> <p>Suivez simplement les \u00e9tapes d\u00e9crites ci-dessous pour commencer \u00e0 utiliser le plugin. <\/p> <ol><li><b>Utilisez notre configurateur gratuit et commencez \u00e0 fa\u00e7onner votre plugin personnalis\u00e9. <\/b><br> Recherchez le design et les caract\u00e9ristiques souhaitables du plugin et enregistrez les corrections. <\/li> <li><b>Recevez le code individuel apparaissant dans le formulaire sp\u00e9cial sur les applications Elfsight. <\/b><br> Juste une fois la configuration de votre outil personnel termin\u00e9e, copiez le code individuel dans la fen\u00eatre contextuelle qui appara\u00eet et conservez-le pour un besoin ult\u00e9rieur. <\/li> <li><b>Commencez \u00e0 utiliser le plug-in sur votre site Google\u00a0Sites. <\/b><br> Collez le code que vous avez copi\u00e9 auparavant dans votre page Web et enregistrez les ajustements. <\/li> <li><b>L&rsquo;installation est enti\u00e8rement termin\u00e9e. <\/b><br> Visitez votre site Web pour voir en action le travail du plugin. <\/li><\/ol> <div class=\"tip-yellow tip\"><b>En raison des particularit\u00e9s du fonctionnement de Google Sites, le widget peut \u00eatre diff\u00e9rent de la d\u00e9mo en ligne. Nous nous excusons pour tout inconv\u00e9nient caus\u00e9.<\/b><\/div><p>Si vous rencontrez des obstacles, n&rsquo;h\u00e9sitez pas \u00e0 \u00e9crire \u00e0 notre \u00e9quipe d&rsquo;assistance. Nos collaborateurs ont h\u00e2te de r\u00e9soudre toutes les questions que vous pourriez avoir avec le produit. <\/p> <div class=\"faq\" data-component=\"FAQ\"><div class=\"faq-item\">\r\n\t\t\t\t\t<div class=\"faq-item-question\">\r\n\t\t\t\t\t\t<h3 class=\"faq-item-question-text\">Existe-t-il un moyen d'ajouter un Job Board \u00e0 mon site Google Sites sans connaissances en codage ?<\/h3>\r\n\r\n\t\t\t\t\t\t<div class=\"faq-item-question-icon\"><\/div>\r\n\t\t\t\t\t<\/div>\r\n\r\n\t\t\t\t\t<div class=\"faq-item-answer\">\r\n\t\t\t\t\t\t<div class=\"faq-item-answer-text\"> <p>Elfsight fournit une solution qui vous permet de cr\u00e9er vous-m\u00eame un plugin Job Board, D\u00e9couvrez \u00e0 quel point le processus est simple\u00a0: travaillez directement dans l&rsquo;\u00e9diteur en direct pour cr\u00e9er un widget Job Board que vous souhaitez inclure sur votre site Web Google Sites. Cliquez sur l&rsquo;un de nos mod\u00e8les pr\u00e9d\u00e9finis et modifiez les param\u00e8tres du Job Board, changez la mise en page et les couleurs et ajoutez votre contenu, sans codage. Cliquez pour enregistrer les param\u00e8tres que vous avez d\u00e9finis sur le Job Board et obtenir son code d&rsquo;int\u00e9gration, qui peut \u00eatre int\u00e9gr\u00e9 gratuitement dans la page d&rsquo;accueil de Google Sites. \u00c0 l&rsquo;aide du configurateur simple, tout utilisateur Web peut g\u00e9n\u00e9rer une section Job Board et l&rsquo;inclure facilement sur n&rsquo;importe quel site Web Google Sites. Il n&rsquo;est pas n\u00e9cessaire de souscrire un abonnement payant ou de soumettre les informations d&rsquo;identification de votre carte pour acc\u00e9der \u00e0 Elfsight Editor. Si vous rencontrez des obstacles de quelque nature que ce soit, n&rsquo;h\u00e9sitez pas \u00e0 contacter notre \u00e9quipe d&rsquo;assistance.<\/p> <\/div>\r\n\t\t\t\t\t<\/div>\r\n\t\t\t\t<\/div> <\/div><\/div>","protected":false},"excerpt":{"rendered":"","protected":false},"author":9,"featured_media":0,"parent":3382,"menu_order":0,"comment_status":"closed","ping_status":"closed","template":"templates\/template-application-platform.php","meta":{"publish_to_discourse":"","publish_post_category":"","wpdc_auto_publish_overridden":"","wpdc_topic_tags":"","wpdc_pin_topic":"","wpdc_pin_until":"","discourse_post_id":"","discourse_permalink":"","wpdc_publishing_response":"","wpdc_publishing_error":"","footnotes":""},"class_list":["post-13573","page","type-page","status-publish","hentry"],"yoast_head":"<!-- This site is optimized with the Yoast SEO plugin v25.3.1 - https:\/\/yoast.com\/wordpress\/plugins\/seo\/ -->\n<title>Plugin Google Sites Job Board - Ajoutez des offres d&#039;emploi \u00e0 votre site (2025)<\/title>\n<meta name=\"description\" content=\"Ins\u00e9rez un plugin Job Board r\u00e9actif sur votre site Web Google Sites et laissez vos employ\u00e9s potentiels explorer les offres d&#039;emploi\u00a0!\" \/>\n<meta name=\"robots\" content=\"index, follow, max-snippet:-1, max-image-preview:large, max-video-preview:-1\" \/>\n<link rel=\"canonical\" href=\"https:\/\/elfsight.com\/fr\/job-board-widget\/google-sites\/\" \/>\n<meta property=\"og:locale\" content=\"fr_FR\" \/>\n<meta property=\"og:type\" content=\"article\" \/>\n<meta property=\"og:title\" content=\"Plugin Google Sites Job Board - Ajoutez des offres d&#039;emploi \u00e0 votre site (2025)\" \/>\n<meta property=\"og:description\" content=\"Ins\u00e9rez un plugin Job Board r\u00e9actif sur votre site Web Google Sites et laissez vos employ\u00e9s potentiels explorer les offres d&#039;emploi\u00a0!\" \/>\n<meta property=\"og:url\" content=\"https:\/\/elfsight.com\/fr\/job-board-widget\/google-sites\/\" \/>\n<meta property=\"og:site_name\" content=\"Elfsight FR\" \/>\n<meta property=\"article:modified_time\" content=\"2025-07-10T08:10:39+00:00\" \/>\n<meta name=\"twitter:card\" content=\"summary_large_image\" \/>\n<meta name=\"twitter:label1\" content=\"Dur\u00e9e de lecture estim\u00e9e\" \/>\n\t<meta name=\"twitter:data1\" content=\"3 minutes\" \/>\n<!-- \/ Yoast SEO plugin. -->","yoast_head_json":{"title":"Plugin Google Sites Job Board - Ajoutez des offres d'emploi \u00e0 votre site (2025)","description":"Ins\u00e9rez un plugin Job Board r\u00e9actif sur votre site Web Google Sites et laissez vos employ\u00e9s potentiels explorer les offres d'emploi\u00a0!","robots":{"index":"index","follow":"follow","max-snippet":"max-snippet:-1","max-image-preview":"max-image-preview:large","max-video-preview":"max-video-preview:-1"},"canonical":"https:\/\/elfsight.com\/fr\/job-board-widget\/google-sites\/","og_locale":"fr_FR","og_type":"article","og_title":"Plugin Google Sites Job Board - Ajoutez des offres d'emploi \u00e0 votre site (2025)","og_description":"Ins\u00e9rez un plugin Job Board r\u00e9actif sur votre site Web Google Sites et laissez vos employ\u00e9s potentiels explorer les offres d'emploi\u00a0!","og_url":"https:\/\/elfsight.com\/fr\/job-board-widget\/google-sites\/","og_site_name":"Elfsight FR","article_modified_time":"2025-07-10T08:10:39+00:00","twitter_card":"summary_large_image","twitter_misc":{"Dur\u00e9e de lecture estim\u00e9e":"3 minutes"},"schema":{"@context":"https:\/\/schema.org","@graph":[{"@type":"WebPage","@id":"https:\/\/elfsight.com\/fr\/job-board-widget\/google-sites\/","url":"https:\/\/elfsight.com\/fr\/job-board-widget\/google-sites\/","name":"Plugin Google Sites Job Board - Ajoutez des offres d'emploi \u00e0 votre site (2025)","isPartOf":{"@id":"https:\/\/elfsight.com\/fr\/#website"},"datePublished":"2024-05-03T06:39:57+00:00","dateModified":"2025-07-10T08:10:39+00:00","description":"Ins\u00e9rez un plugin Job Board r\u00e9actif sur votre site Web Google Sites et laissez vos employ\u00e9s potentiels explorer les offres d'emploi\u00a0!","breadcrumb":{"@id":"https:\/\/elfsight.com\/fr\/job-board-widget\/google-sites\/#breadcrumb"},"inLanguage":"fr-FR","potentialAction":[{"@type":"ReadAction","target":["https:\/\/elfsight.com\/fr\/job-board-widget\/google-sites\/"]}]},{"@type":"BreadcrumbList","@id":"https:\/\/elfsight.com\/fr\/job-board-widget\/google-sites\/#breadcrumb","itemListElement":[{"@type":"ListItem","position":1,"name":"Home","item":"https:\/\/elfsight.com\/fr\/"},{"@type":"ListItem","position":2,"name":"Job Board","item":"https:\/\/elfsight.com\/fr\/job-board-widget\/"},{"@type":"ListItem","position":3,"name":"Job Board &#8211; Google Sites"}]},{"@type":"WebSite","@id":"https:\/\/elfsight.com\/fr\/#website","url":"https:\/\/elfsight.com\/fr\/","name":"Elfsight FR","description":"","potentialAction":[{"@type":"SearchAction","target":{"@type":"EntryPoint","urlTemplate":"https:\/\/elfsight.com\/fr\/?s={search_term_string}"},"query-input":{"@type":"PropertyValueSpecification","valueRequired":true,"valueName":"search_term_string"}}],"inLanguage":"fr-FR"}]}},"meta_box":{"industry":"","seo_heading":"","heading":"","description":"","cta_heading":"","cta_description":"","application":"3381","h1":"Plugin du site d'emploi Google Sites","h1_caption":"Cr\u00e9ez un site d'offres d'emploi pour r\u00e9pertorier les postes vacants sur votre site Web et attirez facilement des candidats potentiels sur vos sites Google, sans effort.","application_category":[],"applications_title":"","applications_request_title":"","applications_request_button_text":"","hero_text":"","hero_video":"","hero_video_schema_markup":"","selling_points_title":"","selling_points_caption":"","selling_points":[],"selling_points_cta_text":"","features_title":"","features":"","ed_cta_examples_text":"","ed_cta_examples_hidden":"","ed_cta_demo_text":"","ed_cta_demo_hidden":"","why_caption":"","why_editor_title":"","why_editor_text":"","why_team_title":"","why_team_text":"","why_service_title":"","why_service_text":"","template_catalog_visible":"","template_catalog_title":"","template_catalog_text":"","template_catalog_categories_visible":"","demo_title":"Cr\u00e9ez votre widget Job Board","demo_caption":"Configurez votre Job Board et ajoutez-le gratuitement \u00e0 votre site Web Google Sites\u00a0!","default_faq_hidden":"","app_template_category":[],"platform":"423","template_public_id":"","codecanyon_url":"","codecanyon_item_id":"","codecanyon_price":"","pricing_caption":"","pricing_elfsight_apps_hide_column":"","pricing_elfsight_apps_url":"","pricing_codecanyon_price_caption":"","integration_category":[],"integration_request_title":"","integration_request_cta":"","integration_platform":"","integrations":[],"platform_category":[],"video_schema_markup":"","price":"\u00e0 partir de 0$ \/ mois","trial":"","benefits":[{"text":"Service d'installation gratuit"},{"text":"Soutien exceptionnel"},{"text":"Garantie de remboursement de 14 jours"},{"text":"D\u00e9veloppement continu"}],"button_url":"#demo","button_target_blank":"","button_nofollow":"","attributes":[{"name":"Installations","content":"10,000 - 100,000"},{"name":"Sensible","content":"Oui"},{"name":"Navigateurs compatibles","content":"Firefox, Safari, Opera, Chrome, Edge"}],"tags":[],"tags_disable_links":"","hide_more_platforms":"","video_object":"","demo_hide_cta":"","demo_hide_cloud_options":"","pricing_title":"","pricing":[{"pricing_icon":"platform","pricing_title":"Elfsight Apps","pricing_title_caption":"Logiciel ind\u00e9pendant de la plate-forme","pricing_price":"from $0 \/ month","pricing_price_caption":"commencez avec un forfait gratuit","pricing_benefits":[{"text":"Sites Web illimit\u00e9s"},{"text":"Assistance d\u00e9di\u00e9e et ponctuelle"},{"text":"Aide \u00e0 l'installation gratuite"},{"text":"Enti\u00e8rement personnalisable"}],"pricing_button_text":"Ajouter au site Web","pricing_button_url":"#demo"}],"related_apps_title":"","related_apps_hidden":"","author":"","image":[],"title":"","job":"","social_networks":[]},"_links":{"self":[{"href":"https:\/\/elfsight.com\/fr\/wp-json\/wp\/v2\/pages\/13573","targetHints":{"allow":["GET"]}}],"collection":[{"href":"https:\/\/elfsight.com\/fr\/wp-json\/wp\/v2\/pages"}],"about":[{"href":"https:\/\/elfsight.com\/fr\/wp-json\/wp\/v2\/types\/page"}],"author":[{"embeddable":true,"href":"https:\/\/elfsight.com\/fr\/wp-json\/wp\/v2\/users\/9"}],"replies":[{"embeddable":true,"href":"https:\/\/elfsight.com\/fr\/wp-json\/wp\/v2\/comments?post=13573"}],"version-history":[{"count":1,"href":"https:\/\/elfsight.com\/fr\/wp-json\/wp\/v2\/pages\/13573\/revisions"}],"predecessor-version":[{"id":13577,"href":"https:\/\/elfsight.com\/fr\/wp-json\/wp\/v2\/pages\/13573\/revisions\/13577"}],"up":[{"embeddable":true,"href":"https:\/\/elfsight.com\/fr\/wp-json\/wp\/v2\/pages\/3382"}],"wp:attachment":[{"href":"https:\/\/elfsight.com\/fr\/wp-json\/wp\/v2\/media?parent=13573"}],"curies":[{"name":"wp","href":"https:\/\/api.w.org\/{rel}","templated":true}]}}