{"id":13572,"date":"2024-05-03T06:39:56","date_gmt":"2024-05-03T06:39:56","guid":{"rendered":"https:\/\/elfsight.com\/fr\/?page_id=13572"},"modified":"2025-07-10T08:10:34","modified_gmt":"2025-07-10T08:10:34","slug":"godaddy","status":"publish","type":"page","link":"https:\/\/elfsight.com\/fr\/job-board-widget\/godaddy\/","title":{"rendered":"Job Board &#8211; GoDaddy"},"content":{"rendered":"<div class=\"application-platform-content-item-description application-platform-content-item\" id=\"description\" data-nav-section=\"description\"> <h2>Int\u00e9grer un site d&rsquo;offres d&#8217;emploi sur GoDaddy avec le widget Elfsight<\/h2> <p>Le site d&rsquo;offres d&#8217;emploi est un outil impressionnant qui vous garantit la possibilit\u00e9 de publiez les postes vacants et collectez les CV des candidats sur votre site Web de la mani\u00e8re la plus simple. En appliquant notre nouveau plugin, vous parviendrez \u00e0 parler de votre entreprise, \u00e0 diffuser des informations sur les offres d&#8217;emploi et \u00e0 obtenir des CV. Le plugin vous propose de fa\u00e7onner une fiche de travail avec une description d\u00e9taill\u00e9e et un bouton Appliquer. Postuler \u00e0 Elfsight Job Board vous permet de faciliter le processus de recrutement et de dessiner les r\u00e9ponses aux offres d&#8217;emploi en 1-2-3 !. <\/p> <p><b>Formez rapidement les descriptions de poste et les boutons CTA les plus attrayants pour inciter davantage de recrues potentielles \u00e0 travailler avec vous<\/b><\/p> <\/div> <div class=\"application-platform-content-item-features application-platform-content-item\" id=\"features\" data-nav-section=\"features\"> <h2>Voici les fonctionnalit\u00e9s essentielles du plugin\u00a0: <\/h2> <ul><li>Ajoutez un lien Postuler pour diriger les candidats potentiels vers la page qui collecte les CV<\/li><li>Affichez les offres d&#8217;emploi de la mani\u00e8re la plus fascinante<\/li><li>Ajoutez autant d&#8217;emplois que vous le souhaitez<\/li><li>D\u00e9crivez le poste en d\u00e9tail et indiquez\u00a0: le salaire, les comp\u00e9tences requises et l&rsquo;intitul\u00e9 du poste<\/li><li>Donnez des informations sur votre entreprise\u00a0: son nom, emplacement et d\u00e9partement<\/li><\/ul><p><a href=\"#demo\">Vous pouvez d\u00e9couvrir toutes les fonctionnalit\u00e9s du plugin dans la d\u00e9mo <\/a><\/p> <\/div> <div class=\"application-platform-content-item-installation application-platform-content-item\" id=\"installation\" data-nav-section=\"installation\"> <h2>Comment int\u00e9grer un site d&rsquo;offres d&#8217;emploi sur ma page Web GoDaddy\u00a0? <\/h2> <p>Appliquez simplement les instructions ci-dessous pour commencer \u00e0 travailler avec le plugin. <\/p> <ol><li><b>R\u00e9alisez notre d\u00e9mo gratuite et commencez \u00e0 cr\u00e9er votre instrument personnalis\u00e9. <\/b><br> Sp\u00e9cifiez la disposition et les sp\u00e9cifications pr\u00e9f\u00e9rables du plugin et enregistrez les modifications. <\/li> <li><b>Recevez le code personnel affich\u00e9 dans la fen\u00eatre sur Elfsight Apps. <\/b><br> Juste une fois la personnalisation de votre plugin termin\u00e9e, copiez le code exclusif de la bo\u00eete qui appara\u00eet et enregistrez-le pour une utilisation ult\u00e9rieure. <\/li> <li><b>Commencez \u00e0 utiliser le plugin sur la page Web de GoDaddy. <\/b><br> Saisissez le code que vous avez enregistr\u00e9 auparavant sur votre site Web et enregistrez les ajustements. <\/li> <li><b>L&rsquo;installation s&rsquo;est termin\u00e9e avec succ\u00e8s. <\/b><br> Acc\u00e9dez \u00e0 votre site Web pour v\u00e9rifier comment fonctionne le plugin. <\/li><\/ol> <p>Si vous rencontrez des difficult\u00e9s, veuillez vous adresser \u00e0 notre \u00e9quipe d&rsquo;assistance. Nos consultants ont h\u00e2te de vous aider avec tous les probl\u00e8mes que vous pourriez rencontrer avec l&rsquo;outil. <\/p> <div class=\"faq\" data-component=\"FAQ\"><div class=\"faq-item\">\r\n\t\t\t\t\t<div class=\"faq-item-question\">\r\n\t\t\t\t\t\t<h3 class=\"faq-item-question-text\">De quelle mani\u00e8re puis-je ajouter un Job Board \u00e0 mon site GoDaddy sans exp\u00e9rience en codage ?<\/h3>\r\n\r\n\t\t\t\t\t\t<div class=\"faq-item-question-icon\"><\/div>\r\n\t\t\t\t\t<\/div>\r\n\r\n\t\t\t\t\t<div class=\"faq-item-answer\">\r\n\t\t\t\t\t\t<div class=\"faq-item-answer-text\"> <p>La soci\u00e9t\u00e9 Elfsight propose une solution SaaS qui vous permet de cr\u00e9er vous-m\u00eame une section Job Board, consultez les instructions simples\u00a0: Commencez \u00e0 travailler directement dans l&rsquo;\u00e9diteur en ligne pour g\u00e9n\u00e9rer une section Job Board que vous souhaitez ajouter sur votre site Web GoDaddy. Cliquez sur l&rsquo;un des mod\u00e8les pr\u00e9d\u00e9finis et modifiez les param\u00e8tres du Job Board, changez la mise en page et la palette de couleurs et mettez \u00e0 jour votre contenu, sans aucune comp\u00e9tence en codage. Cliquez pour enregistrer le Job Board et obtenir le code \u00e0 int\u00e9grer, que vous pouvez simplement inclure dans n&rsquo;importe quelle page Web GoDaddy sans avoir besoin d&rsquo;acheter un abonnement payant. Avec l&rsquo;aide de l&rsquo;\u00e9diteur convivial, tout utilisateur Web peut cr\u00e9er une application Job Board et la coller facilement sur la page d&rsquo;accueil de GoDaddy. Il n&rsquo;est pas n\u00e9cessaire de souscrire un abonnement payant ou de saisir les donn\u00e9es de votre carte pour acc\u00e9der \u00e0 Elfsight Editor. Si vous rencontrez des probl\u00e8mes \u00e0 un moment donn\u00e9, n&rsquo;h\u00e9sitez pas \u00e0 contacter notre \u00e9quipe d&rsquo;assistance.<\/p> <\/div>\r\n\t\t\t\t\t<\/div>\r\n\t\t\t\t<\/div> <\/div><\/div>","protected":false},"excerpt":{"rendered":"","protected":false},"author":9,"featured_media":0,"parent":3382,"menu_order":0,"comment_status":"closed","ping_status":"closed","template":"templates\/template-application-platform.php","meta":{"publish_to_discourse":"","publish_post_category":"","wpdc_auto_publish_overridden":"","wpdc_topic_tags":"","wpdc_pin_topic":"","wpdc_pin_until":"","discourse_post_id":"","discourse_permalink":"","wpdc_publishing_response":"","wpdc_publishing_error":"","footnotes":""},"class_list":["post-13572","page","type-page","status-publish","hentry"],"yoast_head":"<!-- This site is optimized with the Yoast SEO plugin v25.3.1 - https:\/\/yoast.com\/wordpress\/plugins\/seo\/ -->\n<title>Plugin Job Board - Ajoutez le plugin Job Board au site Web GoDaddy\u00a0!<\/title>\n<meta name=\"description\" content=\"Int\u00e9grez un plugin Job Board r\u00e9actif sur votre site Web GoDaddy et laissez les travailleurs potentiels explorer les offres d&#039;emploi\u00a0!\" \/>\n<meta name=\"robots\" content=\"index, follow, max-snippet:-1, max-image-preview:large, max-video-preview:-1\" \/>\n<link rel=\"canonical\" href=\"https:\/\/elfsight.com\/fr\/job-board-widget\/godaddy\/\" \/>\n<meta property=\"og:locale\" content=\"fr_FR\" \/>\n<meta property=\"og:type\" content=\"article\" \/>\n<meta property=\"og:title\" content=\"Plugin Job Board - Ajoutez le plugin Job Board au site Web GoDaddy\u00a0!\" \/>\n<meta property=\"og:description\" content=\"Int\u00e9grez un plugin Job Board r\u00e9actif sur votre site Web GoDaddy et laissez les travailleurs potentiels explorer les offres d&#039;emploi\u00a0!\" \/>\n<meta property=\"og:url\" content=\"https:\/\/elfsight.com\/fr\/job-board-widget\/godaddy\/\" \/>\n<meta property=\"og:site_name\" content=\"Elfsight FR\" \/>\n<meta property=\"article:modified_time\" content=\"2025-07-10T08:10:34+00:00\" \/>\n<meta name=\"twitter:card\" content=\"summary_large_image\" \/>\n<meta name=\"twitter:label1\" content=\"Dur\u00e9e de lecture estim\u00e9e\" \/>\n\t<meta name=\"twitter:data1\" content=\"3 minutes\" \/>\n<!-- \/ Yoast SEO plugin. -->","yoast_head_json":{"title":"Plugin Job Board - Ajoutez le plugin Job Board au site Web GoDaddy\u00a0!","description":"Int\u00e9grez un plugin Job Board r\u00e9actif sur votre site Web GoDaddy et laissez les travailleurs potentiels explorer les offres d'emploi\u00a0!","robots":{"index":"index","follow":"follow","max-snippet":"max-snippet:-1","max-image-preview":"max-image-preview:large","max-video-preview":"max-video-preview:-1"},"canonical":"https:\/\/elfsight.com\/fr\/job-board-widget\/godaddy\/","og_locale":"fr_FR","og_type":"article","og_title":"Plugin Job Board - Ajoutez le plugin Job Board au site Web GoDaddy\u00a0!","og_description":"Int\u00e9grez un plugin Job Board r\u00e9actif sur votre site Web GoDaddy et laissez les travailleurs potentiels explorer les offres d'emploi\u00a0!","og_url":"https:\/\/elfsight.com\/fr\/job-board-widget\/godaddy\/","og_site_name":"Elfsight FR","article_modified_time":"2025-07-10T08:10:34+00:00","twitter_card":"summary_large_image","twitter_misc":{"Dur\u00e9e de lecture estim\u00e9e":"3 minutes"},"schema":{"@context":"https:\/\/schema.org","@graph":[{"@type":"WebPage","@id":"https:\/\/elfsight.com\/fr\/job-board-widget\/godaddy\/","url":"https:\/\/elfsight.com\/fr\/job-board-widget\/godaddy\/","name":"Plugin Job Board - Ajoutez le plugin Job Board au site Web GoDaddy\u00a0!","isPartOf":{"@id":"https:\/\/elfsight.com\/fr\/#website"},"datePublished":"2024-05-03T06:39:56+00:00","dateModified":"2025-07-10T08:10:34+00:00","description":"Int\u00e9grez un plugin Job Board r\u00e9actif sur votre site Web GoDaddy et laissez les travailleurs potentiels explorer les offres d'emploi\u00a0!","breadcrumb":{"@id":"https:\/\/elfsight.com\/fr\/job-board-widget\/godaddy\/#breadcrumb"},"inLanguage":"fr-FR","potentialAction":[{"@type":"ReadAction","target":["https:\/\/elfsight.com\/fr\/job-board-widget\/godaddy\/"]}]},{"@type":"BreadcrumbList","@id":"https:\/\/elfsight.com\/fr\/job-board-widget\/godaddy\/#breadcrumb","itemListElement":[{"@type":"ListItem","position":1,"name":"Home","item":"https:\/\/elfsight.com\/fr\/"},{"@type":"ListItem","position":2,"name":"Job Board","item":"https:\/\/elfsight.com\/fr\/job-board-widget\/"},{"@type":"ListItem","position":3,"name":"Job Board &#8211; GoDaddy"}]},{"@type":"WebSite","@id":"https:\/\/elfsight.com\/fr\/#website","url":"https:\/\/elfsight.com\/fr\/","name":"Elfsight FR","description":"","potentialAction":[{"@type":"SearchAction","target":{"@type":"EntryPoint","urlTemplate":"https:\/\/elfsight.com\/fr\/?s={search_term_string}"},"query-input":{"@type":"PropertyValueSpecification","valueRequired":true,"valueName":"search_term_string"}}],"inLanguage":"fr-FR"}]}},"meta_box":{"industry":"","seo_heading":"","heading":"","description":"","cta_heading":"","cta_description":"","application":"3381","h1":"Plugin GoDaddy Job Board","h1_caption":"Cr\u00e9ez un site d'emploi pour r\u00e9pertorier les postes vacants sur votre site Web et attirez facilement des candidats potentiels sur votre site Web GoDaddy.","application_category":[],"applications_title":"","applications_request_title":"","applications_request_button_text":"","hero_text":"","hero_video":"","hero_video_schema_markup":"","selling_points_title":"","selling_points_caption":"","selling_points":[],"selling_points_cta_text":"","features_title":"","features":"","ed_cta_examples_text":"","ed_cta_examples_hidden":"","ed_cta_demo_text":"","ed_cta_demo_hidden":"","why_caption":"","why_editor_title":"","why_editor_text":"","why_team_title":"","why_team_text":"","why_service_title":"","why_service_text":"","template_catalog_visible":"","template_catalog_title":"","template_catalog_text":"","template_catalog_categories_visible":"","demo_title":"Cr\u00e9ez votre plugin Job Board","demo_caption":"Configurez votre Job Board et ajoutez-le gratuitement \u00e0 votre site Web GoDaddy\u00a0!","default_faq_hidden":"","app_template_category":[],"platform":"370","template_public_id":"","codecanyon_url":"","codecanyon_item_id":"","codecanyon_price":"","pricing_caption":"","pricing_elfsight_apps_hide_column":"","pricing_elfsight_apps_url":"","pricing_codecanyon_price_caption":"","integration_category":[],"integration_request_title":"","integration_request_cta":"","integration_platform":"","integrations":[],"platform_category":[],"video_schema_markup":"","price":"\u00e0 partir de 0$ \/ mois","trial":"","benefits":[{"text":"Service d'installation gratuit"},{"text":"Soutien exceptionnel"},{"text":"Garantie de remboursement de 14 jours"},{"text":"Mises \u00e0 jour futures"}],"button_url":"#demo","button_target_blank":"","button_nofollow":"","attributes":[{"name":"Installations","content":"10,000 - 100,000"},{"name":"Sensible","content":"Oui"},{"name":"Navigateurs compatibles","content":"IE11, Firefox, Safari, Opera, Chrome, Edge"}],"tags":[],"tags_disable_links":"","hide_more_platforms":"","video_object":"","demo_hide_cta":"","demo_hide_cloud_options":"","pricing_title":"","pricing":[{"pricing_icon":"platform","pricing_title":"Elfsight Apps","pricing_title_caption":"Logiciel ind\u00e9pendant de la plate-forme qui convient \u00e0 n'importe quel site Web","pricing_price":"from $0 \/ month","pricing_price_caption":"commencez avec un forfait gratuit","pricing_benefits":[{"text":"Sites Web illimit\u00e9s"},{"text":"Assistance professionnelle et ponctuelle"},{"text":"Service d'installation gratuit"},{"text":"Enti\u00e8rement personnalisable"}],"pricing_button_text":"Ajouter au site Web","pricing_button_url":"#demo"}],"related_apps_title":"","related_apps_hidden":"","author":"","image":[],"title":"","job":"","social_networks":[]},"_links":{"self":[{"href":"https:\/\/elfsight.com\/fr\/wp-json\/wp\/v2\/pages\/13572","targetHints":{"allow":["GET"]}}],"collection":[{"href":"https:\/\/elfsight.com\/fr\/wp-json\/wp\/v2\/pages"}],"about":[{"href":"https:\/\/elfsight.com\/fr\/wp-json\/wp\/v2\/types\/page"}],"author":[{"embeddable":true,"href":"https:\/\/elfsight.com\/fr\/wp-json\/wp\/v2\/users\/9"}],"replies":[{"embeddable":true,"href":"https:\/\/elfsight.com\/fr\/wp-json\/wp\/v2\/comments?post=13572"}],"version-history":[{"count":1,"href":"https:\/\/elfsight.com\/fr\/wp-json\/wp\/v2\/pages\/13572\/revisions"}],"predecessor-version":[{"id":13576,"href":"https:\/\/elfsight.com\/fr\/wp-json\/wp\/v2\/pages\/13572\/revisions\/13576"}],"up":[{"embeddable":true,"href":"https:\/\/elfsight.com\/fr\/wp-json\/wp\/v2\/pages\/3382"}],"wp:attachment":[{"href":"https:\/\/elfsight.com\/fr\/wp-json\/wp\/v2\/media?parent=13572"}],"curies":[{"name":"wp","href":"https:\/\/api.w.org\/{rel}","templated":true}]}}