{"id":13558,"date":"2024-05-03T06:39:47","date_gmt":"2024-05-03T06:39:47","guid":{"rendered":"https:\/\/elfsight.com\/fr\/?page_id=13558"},"modified":"2025-07-10T08:07:18","modified_gmt":"2025-07-10T08:07:18","slug":"cornerstone","status":"publish","type":"page","link":"https:\/\/elfsight.com\/fr\/instagram-feed-instashow\/cornerstone\/","title":{"rendered":"InstaShow Cornerstone"},"content":{"rendered":"<div class=\"application-platform-content-item-description application-platform-content-item\" id=\"description\" data-nav-section=\"description\"> <h2>Description<\/h2><p>InstaShow est un puissant plugin Instagram, qui permet de concevoir de superbes collections \u00e0 partir d&rsquo;images et de vid\u00e9os Instagram. . Un nombre illimit\u00e9 de variantes de personnalisation de votre page personnelle : tous types de sources, filtres de flux, plus de 70 pr\u00e9f\u00e9rences flexibles et 10 jeux de couleurs, et 100% adaptatifs pour diff\u00e9rentes r\u00e9solutions. Appliquez un plugin totalement r\u00e9actif et efficace, pour susciter l&rsquo;int\u00e9r\u00eat des utilisateurs de votre site en un \u00e9clair. <\/p><ul><li><b>Augmentez l&rsquo;indice de conversion<\/b><br>Parlez de vos produits ou services via des images d&rsquo;Instagram \u00e0 l&rsquo;aide de hashtags, d&#8217;emplacements, de compte ou via une URL n\u00e9cessaire, pour am\u00e9liorer les performances de votre site Web. <\/li> <li><b>Annoncez votre profil Instagram<\/b><br>D\u00e9veloppez votre profil Instagram via le site Web, permettez \u00e0 plus de lecteurs de vous conna\u00eetre et de devenir vos fans.<\/li> <li> <b>Un engagement plus fort des visiteurs<\/b><br>Impressionnez les visiteurs et \u00e9voquez des \u00e9motions profondes des utilisateurs, \u00e0 l&rsquo;aide de photos d&rsquo;Instagram, pour obtenir un engagement plus fort. <\/li><\/ul><\/div><div class=\"application-platform-content-item-features application-platform-content-item\" id=\"features\" data-nav-section=\"features\"><h2>Fonctionnalit\u00e9s<\/h2><p>Les fonctionnalit\u00e9s de base de notre extension qui en font la meilleure m\u00e9thode Cornerstone pour ajouter Instagram\u00a0: <\/p><ul><li>Ajouter du contenu par URL, hashtags et noms d&rsquo;utilisateur\u00a0;<\/li><li>2 pr\u00e9sentations de flux pr\u00eates \u00e0 l&#8217;emploi\u00a0: Slider et Grid\u00a0;<\/li><li>Dupliquer et r\u00e9organiser l&rsquo;appel -boutons d&rsquo;action\u00a0;<\/li><li>11\u00a0\u00e9l\u00e9ments pouvant \u00eatre peints\u00a0;<\/li><li>Option d&rsquo;optimisation mobile pour divers appareils.<\/li><\/ul><p><a href=\"#demo\">Plus de fonctionnalit\u00e9s dans notre \u00e9diteur<\/a><\/p><\/div><div class=\"application-platform-content-item-installation application-platform-content-item\" id=\"installation\" data-nav-section=\"installation\"><h2>Comment puis-je ajouter un flux Instagram \u00e0 ma page Web Cornerstone\u00a0? <\/h2> <p>Suivez simplement les instructions ci-dessous pour commencer \u00e0 utiliser l&rsquo;outil. <\/p> <ol><li><b>R\u00e9alisez notre d\u00e9mo gratuite et commencez \u00e0 cr\u00e9er votre instrument personnalis\u00e9. <\/b><br> Choisissez la conception et les param\u00e8tres pr\u00e9f\u00e9rables du widget et appliquez les corrections. <\/li> <li><b>Recevez votre code personnel qui s&rsquo;affiche dans la fen\u00eatre des applications Elfsight. <\/b><br> D\u00e8s la cr\u00e9ation de votre outil effectu\u00e9e, copiez le code exclusif de la bo\u00eete \u00e9merg\u00e9e et conservez-le pour une utilisation ult\u00e9rieure. <\/li> <li><b>Entrez sur l&rsquo;utilisation du plugin sur votre site Cornerstone. <\/b><br> Collez le code enregistr\u00e9 pr\u00e9c\u00e9demment dans votre page d&rsquo;accueil et appliquez les ajustements. <\/li> <li><b>Fait\u00a0! L&rsquo;int\u00e9gration est effectu\u00e9e avec succ\u00e8s. <\/b><br> Visitez votre site pour voir le fonctionnement du plugin. <\/li><\/ol> <p>Si vous avez des questions ou rencontrez des probl\u00e8mes, n&rsquo;h\u00e9sitez pas \u00e0 contacter notre service client. Nos consultants souhaitent r\u00e9soudre toutes les difficult\u00e9s que vous pourriez rencontrer avec le produit. <\/p> <\/div>","protected":false},"excerpt":{"rendered":"","protected":false},"author":9,"featured_media":0,"parent":725,"menu_order":0,"comment_status":"closed","ping_status":"closed","template":"templates\/template-application-platform.php","meta":{"publish_to_discourse":"","publish_post_category":"","wpdc_auto_publish_overridden":"","wpdc_topic_tags":"","wpdc_pin_topic":"","wpdc_pin_until":"","discourse_post_id":"","discourse_permalink":"","wpdc_publishing_response":"","wpdc_publishing_error":"","footnotes":""},"class_list":["post-13558","page","type-page","status-publish","hentry"],"yoast_head":"<!-- This site is optimized with the Yoast SEO plugin v25.3.1 - https:\/\/yoast.com\/wordpress\/plugins\/seo\/ -->\n<title>Extension de base du flux Instagram - InstaShow<\/title>\n<meta name=\"description\" content=\"Version sp\u00e9ciale d&#039;InstaShow - l&#039;un des meilleurs flux Instagram pour les sites Web avec Cornerstone Page Builder \u00e0 l&#039;int\u00e9rieur. Extension de pierre angulaire de premier ordre.\" \/>\n<meta name=\"robots\" content=\"index, follow, max-snippet:-1, max-image-preview:large, max-video-preview:-1\" \/>\n<link rel=\"canonical\" href=\"https:\/\/elfsight.com\/fr\/instagram-feed-instashow\/cornerstone\/\" \/>\n<meta property=\"og:locale\" content=\"fr_FR\" \/>\n<meta property=\"og:type\" content=\"article\" \/>\n<meta property=\"og:title\" content=\"Extension de base du flux Instagram - InstaShow\" \/>\n<meta property=\"og:description\" content=\"Version sp\u00e9ciale d&#039;InstaShow - l&#039;un des meilleurs flux Instagram pour les sites Web avec Cornerstone Page Builder \u00e0 l&#039;int\u00e9rieur. Extension de pierre angulaire de premier ordre.\" \/>\n<meta property=\"og:url\" content=\"https:\/\/elfsight.com\/fr\/instagram-feed-instashow\/cornerstone\/\" \/>\n<meta property=\"og:site_name\" content=\"Elfsight FR\" \/>\n<meta property=\"article:modified_time\" content=\"2025-07-10T08:07:18+00:00\" \/>\n<meta name=\"twitter:card\" content=\"summary_large_image\" \/>\n<meta name=\"twitter:label1\" content=\"Dur\u00e9e de lecture estim\u00e9e\" \/>\n\t<meta name=\"twitter:data1\" content=\"2 minutes\" \/>\n<!-- \/ Yoast SEO plugin. -->","yoast_head_json":{"title":"Extension de base du flux Instagram - InstaShow","description":"Version sp\u00e9ciale d'InstaShow - l'un des meilleurs flux Instagram pour les sites Web avec Cornerstone Page Builder \u00e0 l'int\u00e9rieur. Extension de pierre angulaire de premier ordre.","robots":{"index":"index","follow":"follow","max-snippet":"max-snippet:-1","max-image-preview":"max-image-preview:large","max-video-preview":"max-video-preview:-1"},"canonical":"https:\/\/elfsight.com\/fr\/instagram-feed-instashow\/cornerstone\/","og_locale":"fr_FR","og_type":"article","og_title":"Extension de base du flux Instagram - InstaShow","og_description":"Version sp\u00e9ciale d'InstaShow - l'un des meilleurs flux Instagram pour les sites Web avec Cornerstone Page Builder \u00e0 l'int\u00e9rieur. Extension de pierre angulaire de premier ordre.","og_url":"https:\/\/elfsight.com\/fr\/instagram-feed-instashow\/cornerstone\/","og_site_name":"Elfsight FR","article_modified_time":"2025-07-10T08:07:18+00:00","twitter_card":"summary_large_image","twitter_misc":{"Dur\u00e9e de lecture estim\u00e9e":"2 minutes"},"schema":{"@context":"https:\/\/schema.org","@graph":[{"@type":"WebPage","@id":"https:\/\/elfsight.com\/fr\/instagram-feed-instashow\/cornerstone\/","url":"https:\/\/elfsight.com\/fr\/instagram-feed-instashow\/cornerstone\/","name":"Extension de base du flux Instagram - InstaShow","isPartOf":{"@id":"https:\/\/elfsight.com\/fr\/#website"},"datePublished":"2024-05-03T06:39:47+00:00","dateModified":"2025-07-10T08:07:18+00:00","description":"Version sp\u00e9ciale d'InstaShow - l'un des meilleurs flux Instagram pour les sites Web avec Cornerstone Page Builder \u00e0 l'int\u00e9rieur. Extension de pierre angulaire de premier ordre.","breadcrumb":{"@id":"https:\/\/elfsight.com\/fr\/instagram-feed-instashow\/cornerstone\/#breadcrumb"},"inLanguage":"fr-FR","potentialAction":[{"@type":"ReadAction","target":["https:\/\/elfsight.com\/fr\/instagram-feed-instashow\/cornerstone\/"]}]},{"@type":"BreadcrumbList","@id":"https:\/\/elfsight.com\/fr\/instagram-feed-instashow\/cornerstone\/#breadcrumb","itemListElement":[{"@type":"ListItem","position":1,"name":"Home","item":"https:\/\/elfsight.com\/fr\/"},{"@type":"ListItem","position":2,"name":"Instagram Feed","item":"https:\/\/elfsight.com\/fr\/instagram-feed-instashow\/"},{"@type":"ListItem","position":3,"name":"InstaShow Cornerstone"}]},{"@type":"WebSite","@id":"https:\/\/elfsight.com\/fr\/#website","url":"https:\/\/elfsight.com\/fr\/","name":"Elfsight FR","description":"","potentialAction":[{"@type":"SearchAction","target":{"@type":"EntryPoint","urlTemplate":"https:\/\/elfsight.com\/fr\/?s={search_term_string}"},"query-input":{"@type":"PropertyValueSpecification","valueRequired":true,"valueName":"search_term_string"}}],"inLanguage":"fr-FR"}]}},"meta_box":{"industry":"","seo_heading":"","heading":"","description":"","cta_heading":"","cta_description":"","application":"718","h1":"Extension de flux Instagram pour Cornerstone","h1_caption":"D\u00e9montrer un flux avec des photos et des vid\u00e9os Instagram pour engager les utilisateurs sur le site Web","application_category":[],"applications_title":"","applications_request_title":"","applications_request_button_text":"","hero_text":"","hero_video":"","hero_video_schema_markup":"","selling_points_title":"","selling_points_caption":"","selling_points":[],"selling_points_cta_text":"","features_title":"","features":"","ed_cta_examples_text":"","ed_cta_examples_hidden":"","ed_cta_demo_text":"","ed_cta_demo_hidden":"","why_caption":"","why_editor_title":"","why_editor_text":"","why_team_title":"","why_team_text":"","why_service_title":"","why_service_text":"","template_catalog_visible":"","template_catalog_title":"","template_catalog_text":"","template_catalog_categories_visible":"","demo_title":"Cr\u00e9ez un flux Instagram gratuitement\u00a0!","demo_caption":"Obtenez votre flux Instagram pour le site BigCommerce \u00e0 l'aide de notre d\u00e9mo gratuite.","default_faq_hidden":"","app_template_category":[],"platform":"417","template_public_id":"","codecanyon_url":"","codecanyon_item_id":"","codecanyon_price":"","pricing_caption":"","pricing_elfsight_apps_hide_column":"","pricing_elfsight_apps_url":"","pricing_codecanyon_price_caption":"","integration_category":[],"integration_request_title":"","integration_request_cta":"","integration_platform":"","integrations":[],"platform_category":[],"video_schema_markup":"","price":"\u00e0 partir de 0$ \/ mois","trial":"","benefits":[{"text":"Service d'installation gratuit"},{"text":"Assistance premium"},{"text":"Garantie de remboursement de 14 jours"},{"text":"Mises \u00e0 jour gratuites et continues"}],"button_url":"#demo","button_target_blank":"","button_nofollow":"","attributes":[{"name":"Installations","content":"10,000 - 100,000"},{"name":"Sensible","content":"Oui"},{"name":"Navigateurs compatibles","content":"IE11, Firefox, Safari, Opera, Chrome, Edge"}],"tags":[],"tags_disable_links":"","hide_more_platforms":"","video_object":"","demo_hide_cta":"","demo_hide_cloud_options":"","pricing_title":"","pricing":[{"pricing_icon":"cloud","pricing_title":"Elfsight Apps","pricing_title_caption":"Version multiplateforme qui fonctionne sur n'importe quel site Web","pricing_price":"from $0 \/ month","pricing_price_caption":"commencez avec un forfait gratuit","pricing_benefits":[{"text":"Sites Web illimit\u00e9s"},{"text":"Assistance premium"},{"text":"Service d'installation gratuit"},{"text":"Offre sp\u00e9ciale pour plusieurs applications"}],"pricing_button_text":"Ajouter au site Web","pricing_button_url":"#demo"}],"related_apps_title":"","related_apps_hidden":"","author":"","image":[],"title":"","job":"","social_networks":[]},"_links":{"self":[{"href":"https:\/\/elfsight.com\/fr\/wp-json\/wp\/v2\/pages\/13558","targetHints":{"allow":["GET"]}}],"collection":[{"href":"https:\/\/elfsight.com\/fr\/wp-json\/wp\/v2\/pages"}],"about":[{"href":"https:\/\/elfsight.com\/fr\/wp-json\/wp\/v2\/types\/page"}],"author":[{"embeddable":true,"href":"https:\/\/elfsight.com\/fr\/wp-json\/wp\/v2\/users\/9"}],"replies":[{"embeddable":true,"href":"https:\/\/elfsight.com\/fr\/wp-json\/wp\/v2\/comments?post=13558"}],"version-history":[{"count":1,"href":"https:\/\/elfsight.com\/fr\/wp-json\/wp\/v2\/pages\/13558\/revisions"}],"predecessor-version":[{"id":13562,"href":"https:\/\/elfsight.com\/fr\/wp-json\/wp\/v2\/pages\/13558\/revisions\/13562"}],"up":[{"embeddable":true,"href":"https:\/\/elfsight.com\/fr\/wp-json\/wp\/v2\/pages\/725"}],"wp:attachment":[{"href":"https:\/\/elfsight.com\/fr\/wp-json\/wp\/v2\/media?parent=13558"}],"curies":[{"name":"wp","href":"https:\/\/api.w.org\/{rel}","templated":true}]}}