{"id":13557,"date":"2024-05-03T06:39:46","date_gmt":"2024-05-03T06:39:46","guid":{"rendered":"https:\/\/elfsight.com\/fr\/?page_id=13557"},"modified":"2025-07-10T08:07:24","modified_gmt":"2025-07-10T08:07:24","slug":"lightspeed","status":"publish","type":"page","link":"https:\/\/elfsight.com\/fr\/instagram-feed-instashow\/lightspeed\/","title":{"rendered":"InstaShow Lightspeed"},"content":{"rendered":"<div class=\"application-platform-content-item-description application-platform-content-item\" id=\"description\" data-nav-section=\"description\"> <h2>Description<\/h2><p>InstaShow est un plugin Instagram r\u00e9actif, qui permet de g\u00e9n\u00e9rer de superbes galeries \u00e0 partir de photos et de vid\u00e9os Instagram. Une quantit\u00e9 infinie de variantes de personnalisation de votre page personnelle : toutes sortes de sources, tri des articles, plus de 60 options personnalisables et 10 variantes de mise en page, et 100 % adaptatif pour toutes les r\u00e9solutions. Utilisez un plugin enti\u00e8rement r\u00e9actif et utile, pour attirer les utilisateurs de votre site Web en un \u00e9clair. <\/p><div class=\"faq\" data-component=\"FAQ\"> <div class=\"faq-item\">\r\n\t\t\t\t\t<div class=\"faq-item-question\">\r\n\t\t\t\t\t\t<h3 class=\"faq-item-question-text\">Le widget est-il compatible avec les smartphones ? <\/h3>\r\n\r\n\t\t\t\t\t\t<div class=\"faq-item-question-icon\"><\/div>\r\n\t\t\t\t\t<\/div>\r\n\r\n\t\t\t\t\t<div class=\"faq-item-answer\">\r\n\t\t\t\t\t\t<div class=\"faq-item-answer-text\"><p>Bien s\u00fbr ! Vos utilisateurs b\u00e9n\u00e9ficieront d&rsquo;une exp\u00e9rience exceptionnelle, quel que soit le type d&rsquo;outil qu&rsquo;ils utilisent, de l&rsquo;ordinateur de bureau au smartphone. <\/p><\/div>\r\n\t\t\t\t\t<\/div>\r\n\t\t\t\t<\/div><div class=\"faq-item\">\r\n\t\t\t\t\t<div class=\"faq-item-question\">\r\n\t\t\t\t\t\t<h3 class=\"faq-item-question-text\">Puis-je travailler avec le plugin gratuitement ? <\/h3>\r\n\r\n\t\t\t\t\t\t<div class=\"faq-item-question-icon\"><\/div>\r\n\t\t\t\t\t<\/div>\r\n\r\n\t\t\t\t\t<div class=\"faq-item-answer\">\r\n\t\t\t\t\t\t<div class=\"faq-item-answer-text\"><p>Oui, nous vous proposons diff\u00e9rents plans tarifaires dont un gratuit. Si vous souhaitez un ensemble de fonctionnalit\u00e9s plus large, vous \u00eates libre de mettre \u00e0 niveau votre forfait \u00e0 tout moment. <\/p><\/div>\r\n\t\t\t\t\t<\/div>\r\n\t\t\t\t<\/div><div class=\"faq-item\">\r\n\t\t\t\t\t<div class=\"faq-item-question\">\r\n\t\t\t\t\t\t<h3 class=\"faq-item-question-text\">Votre widget correspond-il au th\u00e8me appliqu\u00e9 par mon site ?<\/h3>\r\n\r\n\t\t\t\t\t\t<div class=\"faq-item-question-icon\"><\/div>\r\n\t\t\t\t\t<\/div>\r\n\r\n\t\t\t\t\t<div class=\"faq-item-answer\">\r\n\t\t\t\t\t\t<div class=\"faq-item-answer-text\"><p>Bien s\u00fbr\u00a0! L&rsquo;outil est absolument compatible avec les th\u00e8mes et les cr\u00e9ateurs de sites Web qui r\u00e9pondent aux exigences standard de Lightspeed. Et si ce n&rsquo;est pas WordPress que vous postulez, nous vous donnerons un coup de main.<\/p><\/div>\r\n\t\t\t\t\t<\/div>\r\n\t\t\t\t<\/div><\/div><\/div><div class=\"application-platform-content-item-features application-platform-content-item\" id=\"features\" data-nav-section=\"features\"><h2>Fonctionnalit\u00e9s<\/h2> <p>Afin d&rsquo;avoir une perception claire d&rsquo;un <a href=\"https:\/\/elfsight.com\/blog\/how-to-embed-instagram-feed-on-website\/\">Flux Instagram<\/a> Lightspeed , vous pouvez \u00e9tudier la liste des principaux traits. Ils rendent l&rsquo;application vraiment efficace pour vous\u00a0:<\/p><ul><li><b>Renforcez l&rsquo;index des transactions<\/b><br>D\u00e9montrez vos produits ou services via des photos d&rsquo;Instagram \u00e0 l&rsquo;aide de hashtags, de lieux, de comptes. ou par une URL sp\u00e9cifique, pour augmenter les r\u00e9sultats de votre site. <\/li> <li><b>Abonn\u00e9s maximum sur Instagram<\/b><br>Affichez des boutons sp\u00e9ciaux avec un appel pour obtenir un abonnement et augmenter le nombre de fans de votre page Instagram. <\/li> <li><b>Impliquer un plus grand nombre de visiteurs<\/b><br>Affichez sur votre site des photos d&rsquo;Instagram via le plugin Elfsight, et elles attireront plus de lecteurs et les inciteront \u00e0 passer plus de temps sur le site . <\/li><\/ul><p><a href=\"#demo\">Explorez toutes les fonctionnalit\u00e9s dans la d\u00e9mo<\/a><\/p><\/div><div class=\"application-platform-content-item-installation application-platform-content-item\" id=\"installation\" data-nav-section=\"installation\"><h2> Comment ajouter un flux Instagram \u00e0 mon site Web Lightspeed ? <\/h2> <p>Suivez simplement les instructions ci-dessous pour int\u00e9grer le widget. <\/p> <ol><li><b>Utilisez notre d\u00e9mo gratuite et commencez \u00e0 cr\u00e9er votre plugin unique. <\/b><br> Sp\u00e9cifiez l&rsquo;apparence et les options souhait\u00e9es de l&rsquo;outil et enregistrez les corrections. <\/li> <li><b>Copiez votre code individuel qui appara\u00eet dans le formulaire sp\u00e9cial sur les applications Elfsight. <\/b><br> D\u00e8s que la personnalisation de votre widget personnel est termin\u00e9e, copiez le code individuel dans la fen\u00eatre qui appara\u00eet et conservez-le pour une utilisation ult\u00e9rieure. <\/li> <li><b>Commencez \u00e0 utiliser le widget sur un site Web Lightspeed. <\/b><br> Placez le code que vous avez copi\u00e9 r\u00e9cemment dans votre page Web et enregistrez les am\u00e9liorations. <\/li> <li><b>L&rsquo;installation est termin\u00e9e avec succ\u00e8s. <\/b><br> Visitez votre page Web pour v\u00e9rifier comment fonctionne le plugin. <\/li><\/ol> <p>Si vous avez des questions ou si vous rencontrez des complications, veuillez \u00e9crire \u00e0 notre \u00e9quipe d&rsquo;assistance. Nos consultants seront ravis de r\u00e9soudre toutes les questions que vous pourriez avoir avec le widget. <\/p> <\/div>","protected":false},"excerpt":{"rendered":"","protected":false},"author":9,"featured_media":0,"parent":725,"menu_order":0,"comment_status":"closed","ping_status":"closed","template":"templates\/template-application-platform.php","meta":{"publish_to_discourse":"","publish_post_category":"","wpdc_auto_publish_overridden":"","wpdc_topic_tags":"","wpdc_pin_topic":"","wpdc_pin_until":"","discourse_post_id":"","discourse_permalink":"","wpdc_publishing_response":"","wpdc_publishing_error":"","footnotes":""},"class_list":["post-13557","page","type-page","status-publish","hentry"],"yoast_head":"<!-- This site is optimized with the Yoast SEO plugin v25.3.1 - https:\/\/yoast.com\/wordpress\/plugins\/seo\/ -->\n<title>Flux Instagram Lightspeed - InstaShow<\/title>\n<meta name=\"description\" content=\"Utilisez Lightspeed Instagram Feed pour cr\u00e9er de superbes galeries d&#039;images Instagram directement dans votre boutique Lightspeed et attirer le public en un \u00e9clair\u00a0!\" \/>\n<meta name=\"robots\" content=\"index, follow, max-snippet:-1, max-image-preview:large, max-video-preview:-1\" \/>\n<link rel=\"canonical\" href=\"https:\/\/elfsight.com\/fr\/instagram-feed-instashow\/lightspeed\/\" \/>\n<meta property=\"og:locale\" content=\"fr_FR\" \/>\n<meta property=\"og:type\" content=\"article\" \/>\n<meta property=\"og:title\" content=\"Flux Instagram Lightspeed - InstaShow\" \/>\n<meta property=\"og:description\" content=\"Utilisez Lightspeed Instagram Feed pour cr\u00e9er de superbes galeries d&#039;images Instagram directement dans votre boutique Lightspeed et attirer le public en un \u00e9clair\u00a0!\" \/>\n<meta property=\"og:url\" content=\"https:\/\/elfsight.com\/fr\/instagram-feed-instashow\/lightspeed\/\" \/>\n<meta property=\"og:site_name\" content=\"Elfsight FR\" \/>\n<meta property=\"article:modified_time\" content=\"2025-07-10T08:07:24+00:00\" \/>\n<meta name=\"twitter:card\" content=\"summary_large_image\" \/>\n<meta name=\"twitter:label1\" content=\"Dur\u00e9e de lecture estim\u00e9e\" \/>\n\t<meta name=\"twitter:data1\" content=\"3 minutes\" \/>\n<!-- \/ Yoast SEO plugin. -->","yoast_head_json":{"title":"Flux Instagram Lightspeed - InstaShow","description":"Utilisez Lightspeed Instagram Feed pour cr\u00e9er de superbes galeries d'images Instagram directement dans votre boutique Lightspeed et attirer le public en un \u00e9clair\u00a0!","robots":{"index":"index","follow":"follow","max-snippet":"max-snippet:-1","max-image-preview":"max-image-preview:large","max-video-preview":"max-video-preview:-1"},"canonical":"https:\/\/elfsight.com\/fr\/instagram-feed-instashow\/lightspeed\/","og_locale":"fr_FR","og_type":"article","og_title":"Flux Instagram Lightspeed - InstaShow","og_description":"Utilisez Lightspeed Instagram Feed pour cr\u00e9er de superbes galeries d'images Instagram directement dans votre boutique Lightspeed et attirer le public en un \u00e9clair\u00a0!","og_url":"https:\/\/elfsight.com\/fr\/instagram-feed-instashow\/lightspeed\/","og_site_name":"Elfsight FR","article_modified_time":"2025-07-10T08:07:24+00:00","twitter_card":"summary_large_image","twitter_misc":{"Dur\u00e9e de lecture estim\u00e9e":"3 minutes"},"schema":{"@context":"https:\/\/schema.org","@graph":[{"@type":"WebPage","@id":"https:\/\/elfsight.com\/fr\/instagram-feed-instashow\/lightspeed\/","url":"https:\/\/elfsight.com\/fr\/instagram-feed-instashow\/lightspeed\/","name":"Flux Instagram Lightspeed - InstaShow","isPartOf":{"@id":"https:\/\/elfsight.com\/fr\/#website"},"datePublished":"2024-05-03T06:39:46+00:00","dateModified":"2025-07-10T08:07:24+00:00","description":"Utilisez Lightspeed Instagram Feed pour cr\u00e9er de superbes galeries d'images Instagram directement dans votre boutique Lightspeed et attirer le public en un \u00e9clair\u00a0!","breadcrumb":{"@id":"https:\/\/elfsight.com\/fr\/instagram-feed-instashow\/lightspeed\/#breadcrumb"},"inLanguage":"fr-FR","potentialAction":[{"@type":"ReadAction","target":["https:\/\/elfsight.com\/fr\/instagram-feed-instashow\/lightspeed\/"]}]},{"@type":"BreadcrumbList","@id":"https:\/\/elfsight.com\/fr\/instagram-feed-instashow\/lightspeed\/#breadcrumb","itemListElement":[{"@type":"ListItem","position":1,"name":"Home","item":"https:\/\/elfsight.com\/fr\/"},{"@type":"ListItem","position":2,"name":"Instagram Feed","item":"https:\/\/elfsight.com\/fr\/instagram-feed-instashow\/"},{"@type":"ListItem","position":3,"name":"InstaShow Lightspeed"}]},{"@type":"WebSite","@id":"https:\/\/elfsight.com\/fr\/#website","url":"https:\/\/elfsight.com\/fr\/","name":"Elfsight FR","description":"","potentialAction":[{"@type":"SearchAction","target":{"@type":"EntryPoint","urlTemplate":"https:\/\/elfsight.com\/fr\/?s={search_term_string}"},"query-input":{"@type":"PropertyValueSpecification","valueRequired":true,"valueName":"search_term_string"}}],"inLanguage":"fr-FR"}]}},"meta_box":{"industry":"","seo_heading":"","heading":"","description":"","cta_heading":"","cta_description":"","application":"718","h1":"Application de flux Instagram pour Lightspeed","h1_caption":"Affichez des photos et des vid\u00e9os Instagram pour transformer les visiteurs de votre site Web en abonn\u00e9s","application_category":[],"applications_title":"","applications_request_title":"","applications_request_button_text":"","hero_text":"","hero_video":"","hero_video_schema_markup":"","selling_points_title":"","selling_points_caption":"","selling_points":[],"selling_points_cta_text":"","features_title":"","features":"","ed_cta_examples_text":"","ed_cta_examples_hidden":"","ed_cta_demo_text":"","ed_cta_demo_hidden":"","why_caption":"","why_editor_title":"","why_editor_text":"","why_team_title":"","why_team_text":"","why_service_title":"","why_service_text":"","template_catalog_visible":"","template_catalog_title":"","template_catalog_text":"","template_catalog_categories_visible":"","demo_title":"Cr\u00e9ez un flux Instagram gratuitement\u00a0!","demo_caption":"Testez votre flux Instagram pour un site Web Lightspeed \u00e0 l'aide de notre \u00e9diteur rapide et gratuit.","default_faq_hidden":"","app_template_category":[],"platform":"356","template_public_id":"","codecanyon_url":"","codecanyon_item_id":"","codecanyon_price":"","pricing_caption":"","pricing_elfsight_apps_hide_column":"","pricing_elfsight_apps_url":"","pricing_codecanyon_price_caption":"","integration_category":[],"integration_request_title":"","integration_request_cta":"","integration_platform":"","integrations":[],"platform_category":[],"video_schema_markup":"","price":"\u00e0 partir de 4,99$\/mois","trial":"","benefits":[{"text":"Service d'installation gratuit"},{"text":"Assistance premium"},{"text":"Garantie de remboursement de 14 jours"},{"text":"Mises \u00e0 jour gratuites et continues"}],"button_url":"#demo","button_target_blank":"","button_nofollow":"","attributes":[{"name":"Installations","content":"10,000 - 100,000"},{"name":"Sensible","content":"Oui"},{"name":"Navigateurs compatibles","content":"IE11, Firefox, Safari, Opera, Chrome, Edge"}],"tags":[],"tags_disable_links":"","hide_more_platforms":"","video_object":"","demo_hide_cta":"","demo_hide_cloud_options":"","pricing_title":"","pricing":[{"pricing_icon":"platform","pricing_title":"Lightspeed app","pricing_title_caption":"Fonctionne sur n'importe quel site Web Lightspeed","pricing_price":"from $0 \/ month","pricing_price_caption":"Commencez par un essai de 14 jours","pricing_benefits":[{"text":"Application Lightspeed native"},{"text":"Un seul paiement pour votre site Web et votre application"},{"text":"Configurez l'application directement sur votre site Web"},{"text":"Enti\u00e8rement personnalisable pour r\u00e9pondre \u00e0 vos besoins"}],"pricing_button_text":"Ajouter au site Web","pricing_button_url":"#demo"}],"related_apps_title":"","related_apps_hidden":"","author":"","image":[],"title":"","job":"","social_networks":[]},"_links":{"self":[{"href":"https:\/\/elfsight.com\/fr\/wp-json\/wp\/v2\/pages\/13557","targetHints":{"allow":["GET"]}}],"collection":[{"href":"https:\/\/elfsight.com\/fr\/wp-json\/wp\/v2\/pages"}],"about":[{"href":"https:\/\/elfsight.com\/fr\/wp-json\/wp\/v2\/types\/page"}],"author":[{"embeddable":true,"href":"https:\/\/elfsight.com\/fr\/wp-json\/wp\/v2\/users\/9"}],"replies":[{"embeddable":true,"href":"https:\/\/elfsight.com\/fr\/wp-json\/wp\/v2\/comments?post=13557"}],"version-history":[{"count":1,"href":"https:\/\/elfsight.com\/fr\/wp-json\/wp\/v2\/pages\/13557\/revisions"}],"predecessor-version":[{"id":13561,"href":"https:\/\/elfsight.com\/fr\/wp-json\/wp\/v2\/pages\/13557\/revisions\/13561"}],"up":[{"embeddable":true,"href":"https:\/\/elfsight.com\/fr\/wp-json\/wp\/v2\/pages\/725"}],"wp:attachment":[{"href":"https:\/\/elfsight.com\/fr\/wp-json\/wp\/v2\/media?parent=13557"}],"curies":[{"name":"wp","href":"https:\/\/api.w.org\/{rel}","templated":true}]}}