{"id":13534,"date":"2024-05-03T06:38:23","date_gmt":"2024-05-03T06:38:23","guid":{"rendered":"https:\/\/elfsight.com\/fr\/?page_id=13534"},"modified":"2025-07-09T17:35:23","modified_gmt":"2025-07-09T17:35:23","slug":"jquery","status":"publish","type":"page","link":"https:\/\/elfsight.com\/fr\/g2-crowd-reviews-widget\/jquery\/","title":{"rendered":"G2 Crowd Reviews &#8211; jQuery"},"content":{"rendered":"<div class=\"application-platform-content-item-description application-platform-content-item\" id=\"description\" data-nav-section=\"description\"><h2>Description<\/h2> <p>Elfsight G2 Reviews est le meilleur moyen de fa\u00e7onner la r\u00e9putation de votre entreprise en affichant les avis de vrais clients sur vos offres. . S\u00e9lectionnez uniquement les commentaires positifs ou les plus attrayants et organisez-les comme vous le souhaitez. Accumulez des preuves sociales en d\u00e9montrant \u00e0 votre public que votre niveau de cr\u00e9dibilit\u00e9 est \u00e9lev\u00e9. Aidez les gens \u00e0 publier de nouvelles impressions sur votre entreprise et encouragez les conversations avec les clients\u00a0! <\/p><p><b>Augmentez le niveau de confiance dans votre entreprise via les avis G2 Crowd sur votre site<\/b><\/p><\/div><div class=\"application-platform-content-item-features application-platform-content-item\" id=\"features\" data-nav-section=\"features\"><h2>Fonctionnalit\u00e9s<\/h2> <p>Afin de mieux conna\u00eetre le plugin, consultez la liste de ses principales fonctionnalit\u00e9s. Ils rendent ce widget incroyablement efficace pour vous\u00a0: <\/p><ul> <li>Trois filtres pr\u00e9d\u00e9finis\u00a0: par type, par exclusion et par nombre d&rsquo;avis \u00e0 afficher\u00a0; <\/li><li>Quatre variantes de mises en page\u00a0: Liste, Grille, Ma\u00e7onnerie et Slider\u00a0; <\/li><li>En-t\u00eate commutable du plugin\u00a0; <\/li><li>Le bouton de demande de r\u00e9vision dirige les visiteurs vers votre compte G2\u00a0; <\/li><li>Six unit\u00e9s flexibles du plugin\u00a0: le nom de l&rsquo;auteur et la photo, la critique, la date, l&rsquo;ic\u00f4ne G2 et le nombre d&rsquo;\u00e9toiles\u00a0; <\/li><li>2 sc\u00e9narios potentiels apr\u00e8s refus d&rsquo;une demande de r\u00e9vision\u00a0: afficher un texte ou masquer le bouton. <\/li><\/ul><p><a href=\"#demo\">Consultez la liste compl\u00e8te des fonctionnalit\u00e9s dans la d\u00e9mo en direct<\/a><\/p><\/div><div class=\"application-platform-content-item-installation application-platform-content-item\" id=\"installation\" data-nav-section=\"installation\"><h2>Comment ajouter G2 Crowd Reviews au site Web jQuery<\/h2><p>Les actions suivantes sont la seule chose que vous devez faire. <\/p><ol><li><b>Construisez votre plugin G2 Crowd sur mesure<\/b><br>Gr\u00e2ce \u00e0 notre configurateur gratuit, obtenez un plugin avec un look et des fonctionnalit\u00e9s pr\u00e9f\u00e9rables. <\/li> <li><b>Acqu\u00e9rir le code personnel pour int\u00e9grer le plugin<\/b><br>Apr\u00e8s avoir cr\u00e9\u00e9 votre widget, vous obtiendrez le code unique dans la notification apparue sur Elfsight Apps. Copiez-le. <\/li> <li><b> Le plugin sur votre site jQuery<\/b><br>Trouvez l&rsquo;endroit o\u00f9 vous souhaitez afficher le plugin et ajoutez-y le code copi\u00e9. Publiez les modifications. <\/li> <li><b>F\u00e9licitations\u00a0! Vous venez d&rsquo;int\u00e9grer le widget ! <\/b><br>Allez sur votre site pour jeter un oeil \u00e0 votre plugin. <\/li><\/ol><p>Vous n&rsquo;arrivez toujours pas \u00e0 vous d\u00e9cider\u00a0? Ou rencontrez des probl\u00e8mes ? Une simple demande \u00e0 notre \u00e9quipe d\u2019assistance vous aidera \u00e0 r\u00e9soudre tout type de probl\u00e8me. <\/p><div class=\"faq\" data-component=\"FAQ\"> <div class=\"faq-item\">\r\n\t\t\t\t\t<div class=\"faq-item-question\">\r\n\t\t\t\t\t\t<h3 class=\"faq-item-question-text\">Comment ajouter des avis G2 \u00e0 mon site Web jQuery sans comp\u00e9tences en codage ?<\/h3>\r\n\r\n\t\t\t\t\t\t<div class=\"faq-item-question-icon\"><\/div>\r\n\t\t\t\t\t<\/div>\r\n\r\n\t\t\t\t\t<div class=\"faq-item-answer\">\r\n\t\t\t\t\t\t<div class=\"faq-item-answer-text\"> <p>Elfsight fournit une solution SaaS qui vous permet de cr\u00e9er vous-m\u00eame un widget Avis G2, voyez \u00e0 quel point le processus est simple est\u00a0: travaillez directement dans l&rsquo;\u00e9diteur en ligne pour cr\u00e9er un widget G2 Reviews que vous aimeriez voir sur votre site Web jQuery. Choisissez l&rsquo;un des mod\u00e8les pr\u00e9d\u00e9finis et ajustez les param\u00e8tres de G2 Reviews, ajoutez votre contenu, modifiez la disposition et la couleur des \u00e9l\u00e9ments sans aucune comp\u00e9tence en codage. Enregistrez les avis G2 et copiez son code d&rsquo;installation, que vous pouvez facilement ajouter \u00e0 votre site Web jQuery sans acheter d&rsquo;abonnement payant. Avec notre \u00e9diteur intuitif, tout internaute peut cr\u00e9er un widget G2 Reviews en ligne et l&rsquo;int\u00e9grer facilement \u00e0 son site Web jQuery. Il n&rsquo;est pas n\u00e9cessaire de payer ou de saisir les informations d&rsquo;identification de votre carte pour acc\u00e9der au service. Si vous rencontrez des probl\u00e8mes \u00e0 n&rsquo;importe quelle \u00e9tape, n&rsquo;h\u00e9sitez pas \u00e0 contacter notre \u00e9quipe d&rsquo;assistance technique.<\/p> <\/div>\r\n\t\t\t\t\t<\/div>\r\n\t\t\t\t<\/div> <\/div> <\/div>","protected":false},"excerpt":{"rendered":"","protected":false},"author":9,"featured_media":0,"parent":2169,"menu_order":0,"comment_status":"closed","ping_status":"closed","template":"templates\/template-application-platform.php","meta":{"publish_to_discourse":"","publish_post_category":"","wpdc_auto_publish_overridden":"","wpdc_topic_tags":"","wpdc_pin_topic":"","wpdc_pin_until":"","discourse_post_id":"","discourse_permalink":"","wpdc_publishing_response":"","wpdc_publishing_error":"","footnotes":""},"class_list":["post-13534","page","type-page","status-publish","hentry"],"yoast_head":"<!-- This site is optimized with the Yoast SEO plugin v25.3.1 - https:\/\/yoast.com\/wordpress\/plugins\/seo\/ -->\n<title>Int\u00e9grer G2 Crowd Reviews au site Web jQuery (gratuit et rapide)<\/title>\n<meta name=\"description\" content=\"Il est facile de cr\u00e9er votre plugin G2 Crowd Reviews et de l\u2019afficher sur votre site Web jQuery. Le service client Elfsight est gratuit et rapide.\" \/>\n<meta name=\"robots\" content=\"index, follow, max-snippet:-1, max-image-preview:large, max-video-preview:-1\" \/>\n<link rel=\"canonical\" href=\"https:\/\/elfsight.com\/fr\/g2-crowd-reviews-widget\/jquery\/\" \/>\n<meta property=\"og:locale\" content=\"fr_FR\" \/>\n<meta property=\"og:type\" content=\"article\" \/>\n<meta property=\"og:title\" content=\"Int\u00e9grer G2 Crowd Reviews au site Web jQuery (gratuit et rapide)\" \/>\n<meta property=\"og:description\" content=\"Il est facile de cr\u00e9er votre plugin G2 Crowd Reviews et de l\u2019afficher sur votre site Web jQuery. Le service client Elfsight est gratuit et rapide.\" \/>\n<meta property=\"og:url\" content=\"https:\/\/elfsight.com\/fr\/g2-crowd-reviews-widget\/jquery\/\" \/>\n<meta property=\"og:site_name\" content=\"Elfsight FR\" \/>\n<meta property=\"article:modified_time\" content=\"2025-07-09T17:35:23+00:00\" \/>\n<meta name=\"twitter:card\" content=\"summary_large_image\" \/>\n<meta name=\"twitter:label1\" content=\"Dur\u00e9e de lecture estim\u00e9e\" \/>\n\t<meta name=\"twitter:data1\" content=\"3 minutes\" \/>\n<!-- \/ Yoast SEO plugin. -->","yoast_head_json":{"title":"Int\u00e9grer G2 Crowd Reviews au site Web jQuery (gratuit et rapide)","description":"Il est facile de cr\u00e9er votre plugin G2 Crowd Reviews et de l\u2019afficher sur votre site Web jQuery. Le service client Elfsight est gratuit et rapide.","robots":{"index":"index","follow":"follow","max-snippet":"max-snippet:-1","max-image-preview":"max-image-preview:large","max-video-preview":"max-video-preview:-1"},"canonical":"https:\/\/elfsight.com\/fr\/g2-crowd-reviews-widget\/jquery\/","og_locale":"fr_FR","og_type":"article","og_title":"Int\u00e9grer G2 Crowd Reviews au site Web jQuery (gratuit et rapide)","og_description":"Il est facile de cr\u00e9er votre plugin G2 Crowd Reviews et de l\u2019afficher sur votre site Web jQuery. Le service client Elfsight est gratuit et rapide.","og_url":"https:\/\/elfsight.com\/fr\/g2-crowd-reviews-widget\/jquery\/","og_site_name":"Elfsight FR","article_modified_time":"2025-07-09T17:35:23+00:00","twitter_card":"summary_large_image","twitter_misc":{"Dur\u00e9e de lecture estim\u00e9e":"3 minutes"},"schema":{"@context":"https:\/\/schema.org","@graph":[{"@type":"WebPage","@id":"https:\/\/elfsight.com\/fr\/g2-crowd-reviews-widget\/jquery\/","url":"https:\/\/elfsight.com\/fr\/g2-crowd-reviews-widget\/jquery\/","name":"Int\u00e9grer G2 Crowd Reviews au site Web jQuery (gratuit et rapide)","isPartOf":{"@id":"https:\/\/elfsight.com\/fr\/#website"},"datePublished":"2024-05-03T06:38:23+00:00","dateModified":"2025-07-09T17:35:23+00:00","description":"Il est facile de cr\u00e9er votre plugin G2 Crowd Reviews et de l\u2019afficher sur votre site Web jQuery. Le service client Elfsight est gratuit et rapide.","breadcrumb":{"@id":"https:\/\/elfsight.com\/fr\/g2-crowd-reviews-widget\/jquery\/#breadcrumb"},"inLanguage":"fr-FR","potentialAction":[{"@type":"ReadAction","target":["https:\/\/elfsight.com\/fr\/g2-crowd-reviews-widget\/jquery\/"]}]},{"@type":"BreadcrumbList","@id":"https:\/\/elfsight.com\/fr\/g2-crowd-reviews-widget\/jquery\/#breadcrumb","itemListElement":[{"@type":"ListItem","position":1,"name":"Home","item":"https:\/\/elfsight.com\/fr\/"},{"@type":"ListItem","position":2,"name":"G2 Crowd Reviews","item":"https:\/\/elfsight.com\/fr\/g2-crowd-reviews-widget\/"},{"@type":"ListItem","position":3,"name":"G2 Crowd Reviews &#8211; jQuery"}]},{"@type":"WebSite","@id":"https:\/\/elfsight.com\/fr\/#website","url":"https:\/\/elfsight.com\/fr\/","name":"Elfsight FR","description":"","potentialAction":[{"@type":"SearchAction","target":{"@type":"EntryPoint","urlTemplate":"https:\/\/elfsight.com\/fr\/?s={search_term_string}"},"query-input":{"@type":"PropertyValueSpecification","valueRequired":true,"valueName":"search_term_string"}}],"inLanguage":"fr-FR"}]}},"meta_box":{"industry":"","seo_heading":"","heading":"","description":"","cta_heading":"","cta_description":"","application":"2168","h1":"Critiques de G2 Crowd pour jQuery","h1_caption":"Pr\u00e9sentez les avis g2 pour mettre en \u00e9vidence le succ\u00e8s et la r\u00e9putation de votre logiciel aupr\u00e8s des utilisateurs sur votre site Web jQuery sans effort.","application_category":[],"applications_title":"","applications_request_title":"","applications_request_button_text":"","hero_text":"","hero_video":"","hero_video_schema_markup":"","selling_points_title":"","selling_points_caption":"","selling_points":[],"selling_points_cta_text":"","features_title":"","features":"","ed_cta_examples_text":"","ed_cta_examples_hidden":"","ed_cta_demo_text":"","ed_cta_demo_hidden":"","why_caption":"","why_editor_title":"","why_editor_text":"","why_team_title":"","why_team_text":"","why_service_title":"","why_service_text":"","template_catalog_visible":"","template_catalog_title":"","template_catalog_text":"","template_catalog_categories_visible":"","demo_title":"Cr\u00e9ez votre plugin G2 Crowd Reviews","demo_caption":"Configurez vos G2 Crowd Reviews et ajoutez-le gratuitement \u00e0 votre site Web jQuery\u00a0!","default_faq_hidden":"","app_template_category":[],"platform":"355","template_public_id":"","codecanyon_url":"","codecanyon_item_id":"","codecanyon_price":"","pricing_caption":"","pricing_elfsight_apps_hide_column":"","pricing_elfsight_apps_url":"","pricing_codecanyon_price_caption":"","integration_category":[],"integration_request_title":"","integration_request_cta":"","integration_platform":"","integrations":[],"platform_category":[],"video_schema_markup":"","price":"\u00e0 partir de 0$ \/ mois","trial":"","benefits":[{"text":"Assistance \u00e0 l'installation gratuite"},{"text":"Assistance premium"},{"text":"Garantie de remboursement de 14 jours"},{"text":"Mise \u00e0 jour constante"}],"button_url":"#demo","button_target_blank":"","button_nofollow":"","attributes":[{"name":"Installations","content":"10,000 - 100,000"},{"name":"Sensible","content":"Oui"},{"name":"Navigateurs compatibles","content":"Firefox, Safari, Opera, Chrome, Edge"}],"tags":[],"tags_disable_links":"","hide_more_platforms":"","video_object":"","demo_hide_cta":"","demo_hide_cloud_options":"","pricing_title":"","pricing":[{"pricing_icon":"platform","pricing_title":"Elfsight Apps","pricing_title_caption":"Version multiplateforme adapt\u00e9e \u00e0 n'importe quel site Web","pricing_price":"from $0 \/ month","pricing_price_caption":"commencez avec un forfait gratuit","pricing_benefits":[{"text":"Sites Web illimit\u00e9s"},{"text":"Assistance premium et ponctuelle"},{"text":"Assistance \u00e0 l'installation gratuite"},{"text":"100% personnalisable"}],"pricing_button_text":"Ajouter au site Web","pricing_button_url":"#demo"}],"related_apps_title":"","related_apps_hidden":"","author":"","image":[],"title":"","job":"","social_networks":[]},"_links":{"self":[{"href":"https:\/\/elfsight.com\/fr\/wp-json\/wp\/v2\/pages\/13534","targetHints":{"allow":["GET"]}}],"collection":[{"href":"https:\/\/elfsight.com\/fr\/wp-json\/wp\/v2\/pages"}],"about":[{"href":"https:\/\/elfsight.com\/fr\/wp-json\/wp\/v2\/types\/page"}],"author":[{"embeddable":true,"href":"https:\/\/elfsight.com\/fr\/wp-json\/wp\/v2\/users\/9"}],"replies":[{"embeddable":true,"href":"https:\/\/elfsight.com\/fr\/wp-json\/wp\/v2\/comments?post=13534"}],"version-history":[{"count":1,"href":"https:\/\/elfsight.com\/fr\/wp-json\/wp\/v2\/pages\/13534\/revisions"}],"predecessor-version":[{"id":13538,"href":"https:\/\/elfsight.com\/fr\/wp-json\/wp\/v2\/pages\/13534\/revisions\/13538"}],"up":[{"embeddable":true,"href":"https:\/\/elfsight.com\/fr\/wp-json\/wp\/v2\/pages\/2169"}],"wp:attachment":[{"href":"https:\/\/elfsight.com\/fr\/wp-json\/wp\/v2\/media?parent=13534"}],"curies":[{"name":"wp","href":"https:\/\/api.w.org\/{rel}","templated":true}]}}