{"id":13532,"date":"2024-05-03T06:38:21","date_gmt":"2024-05-03T06:38:21","guid":{"rendered":"https:\/\/elfsight.com\/fr\/?page_id=13532"},"modified":"2025-07-09T17:35:42","modified_gmt":"2025-07-09T17:35:42","slug":"magento","status":"publish","type":"page","link":"https:\/\/elfsight.com\/fr\/g2-crowd-reviews-widget\/magento\/","title":{"rendered":"G2 Crowd Reviews &#8211; Magento"},"content":{"rendered":"<div class=\"application-platform-content-item-description application-platform-content-item\" id=\"description\" data-nav-section=\"description\"><h2>Description<\/h2> <p>Elfsight G2 Reviews est le moyen le plus simple de fa\u00e7onner la r\u00e9putation de votre entreprise en d\u00e9montrant les avis de vrais clients sur vos offres. . S\u00e9lectionnez uniquement les avis les meilleurs ou les plus significatifs et organisez-les comme vous le souhaitez. Rassemblez des preuves sociales en montrant \u00e0 votre public que vous avez confiance. Inspirez les utilisateurs \u00e0 ajouter de nouvelles impressions sur votre entreprise et encouragez les conversations avec les clients\u00a0! <\/p><p><b>Int\u00e9grez les meilleures publications sur n&rsquo;importe quelle page de votre site<\/b><\/p><\/div><div class=\"application-platform-content-item-features application-platform-content-item\" id=\"features\" data-nav-section=\"features\"><h2>Fonctionnalit\u00e9s<\/h2> <p>D\u00e9couvrez la liste des fonctionnalit\u00e9s essentielles de notre extension. Ils le rendent incroyablement efficace pour votre boutique\u00a0: <\/p><ul> <li>3 filtres disponibles\u00a0: par type, exclure par et quantit\u00e9 d&rsquo;avis \u00e0 afficher\u00a0; <\/li><li>4 mises en page pr\u00e9d\u00e9finies\u00a0: liste, grille, ma\u00e7onnerie et curseur\u00a0; <\/li><li>Une option pour afficher ou masquer l&rsquo;en-t\u00eate de l&rsquo;extension\u00a0; <\/li><li>Le bouton de demande de r\u00e9vision redirige les visiteurs vers votre compte G2\u00a0; <\/li><li>6 unit\u00e9s commutables des critiques\u00a0: nom de l&rsquo;auteur et photo, critique, date de sortie, signe G2 et nombre d&rsquo;\u00e9toiles\u00a0; <\/li><li>2 variantes de sc\u00e9narios de rejet de demande de r\u00e9vision\u00a0: d\u00e9montrer votre texte ou masquer le bouton. <\/li><\/ul><p><a href=\"#demo\">D\u00e9couvrez toutes les fonctionnalit\u00e9s de notre d\u00e9mo en direct<\/a><\/p><\/div><div class=\"application-platform-content-item-installation application-platform-content-item\" id=\"installation\" data-nav-section=\"installation\"> <h2>Comment ajouter G2 Crowd Reviews au site Web Magento<\/h2><p>Suivez simplement les instructions ci-dessous pour ajouter le widget sur Magento.<\/p> <ol><li><b>Utilisez notre \u00e9diteur gratuit et commencez \u00e0 fa\u00e7onner votre instrument personnalis\u00e9. <\/b><br> Choisissez l&rsquo;apparence et les sp\u00e9cifications souhait\u00e9es du widget et appliquez les corrections. <\/li> <li><b>Obtenez votre code unique expos\u00e9 dans la fen\u00eatre des applications Elfsight. <\/b><br> Juste apr\u00e8s la cr\u00e9ation de votre extension, copiez le code exclusif dans la fen\u00eatre qui appara\u00eet et conservez-le pour une utilisation future. <\/li> <li><b>Inscrivez-vous pour utiliser l&rsquo;extension G2 Crowd Reviews sur le site Web de Magento. <\/b><br> Impl\u00e9mentez le code enregistr\u00e9 pr\u00e9c\u00e9demment dans votre page et appliquez les modifications. <\/li> <li><b>L&rsquo;installation est effectu\u00e9e avec succ\u00e8s. <\/b><br> Rendez-vous sur votre site Internet pour observer le fonctionnement de l&rsquo;outil. <\/li><\/ol><p>Toujours pas encore d\u00e9cid\u00e9\u00a0? Ou vous \u00eates tomb\u00e9 sur quelque chose ? \u00c9crivez simplement une demande \u00e0 notre \u00e9quipe de support client pour r\u00e9soudre tout type de probl\u00e8me. <\/p><div class=\"faq\" data-component=\"FAQ\"> <div class=\"faq-item\">\r\n\t\t\t\t\t<div class=\"faq-item-question\">\r\n\t\t\t\t\t\t<h3 class=\"faq-item-question-text\">Comment ajouter des avis G2 \u00e0 mon site Magento sans comp\u00e9tences en codage ?<\/h3>\r\n\r\n\t\t\t\t\t\t<div class=\"faq-item-question-icon\"><\/div>\r\n\t\t\t\t\t<\/div>\r\n\r\n\t\t\t\t\t<div class=\"faq-item-answer\">\r\n\t\t\t\t\t\t<div class=\"faq-item-answer-text\"> <p>Elfsight fournit une solution SaaS qui vous permet de cr\u00e9er vous-m\u00eame un widget Avis G2, voyez \u00e0 quel point le processus est simple est\u00a0: travaillez directement dans l&rsquo;\u00e9diteur en ligne pour cr\u00e9er un widget G2 Reviews que vous aimeriez voir sur votre site Web Magento. Choisissez l&rsquo;un des mod\u00e8les pr\u00e9d\u00e9finis et ajustez les param\u00e8tres de G2 Reviews, ajoutez votre contenu, modifiez la mise en page et les couleurs sans aucune comp\u00e9tence en codage. Enregistrez les avis G2 et copiez son code d&rsquo;installation, que vous pouvez facilement coller sur votre site Web Magento sans avoir besoin d&rsquo;acheter un abonnement payant. Gr\u00e2ce \u00e0 notre \u00e9diteur intuitif, tout internaute peut cr\u00e9er un widget G2 Reviews en ligne et l&rsquo;int\u00e9grer facilement \u00e0 son site Web Magento. Il n&rsquo;est pas n\u00e9cessaire de payer ou de saisir les informations d&rsquo;identification de votre carte pour acc\u00e9der au service. Si vous rencontrez des probl\u00e8mes \u00e0 n&rsquo;importe quelle \u00e9tape, n&rsquo;h\u00e9sitez pas \u00e0 contacter notre \u00e9quipe d&rsquo;assistance technique.<\/p> <\/div>\r\n\t\t\t\t\t<\/div>\r\n\t\t\t\t<\/div> <\/div> <\/div>","protected":false},"excerpt":{"rendered":"","protected":false},"author":9,"featured_media":0,"parent":2169,"menu_order":0,"comment_status":"closed","ping_status":"closed","template":"templates\/template-application-platform.php","meta":{"publish_to_discourse":"","publish_post_category":"","wpdc_auto_publish_overridden":"","wpdc_topic_tags":"","wpdc_pin_topic":"","wpdc_pin_until":"","discourse_post_id":"","discourse_permalink":"","wpdc_publishing_response":"","wpdc_publishing_error":"","footnotes":""},"class_list":["post-13532","page","type-page","status-publish","hentry"],"yoast_head":"<!-- This site is optimized with the Yoast SEO plugin v25.3.1 - https:\/\/yoast.com\/wordpress\/plugins\/seo\/ -->\n<title>Int\u00e9grer les avis G2 Crowd sur le site Web Magento (gratuit et rapide)<\/title>\n<meta name=\"description\" content=\"Voici une chance de cr\u00e9er votre extension G2 Crowd Reviews et de l\u2019ajouter au site Web Magento. Profitez du service client gratuit et d&#039;autres bonus d&#039;Elfsight.\" \/>\n<meta name=\"robots\" content=\"index, follow, max-snippet:-1, max-image-preview:large, max-video-preview:-1\" \/>\n<link rel=\"canonical\" href=\"https:\/\/elfsight.com\/fr\/g2-crowd-reviews-widget\/magento\/\" \/>\n<meta property=\"og:locale\" content=\"fr_FR\" \/>\n<meta property=\"og:type\" content=\"article\" \/>\n<meta property=\"og:title\" content=\"Int\u00e9grer les avis G2 Crowd sur le site Web Magento (gratuit et rapide)\" \/>\n<meta property=\"og:description\" content=\"Voici une chance de cr\u00e9er votre extension G2 Crowd Reviews et de l\u2019ajouter au site Web Magento. Profitez du service client gratuit et d&#039;autres bonus d&#039;Elfsight.\" \/>\n<meta property=\"og:url\" content=\"https:\/\/elfsight.com\/fr\/g2-crowd-reviews-widget\/magento\/\" \/>\n<meta property=\"og:site_name\" content=\"Elfsight FR\" \/>\n<meta property=\"article:modified_time\" content=\"2025-07-09T17:35:42+00:00\" \/>\n<meta name=\"twitter:card\" content=\"summary_large_image\" \/>\n<meta name=\"twitter:label1\" content=\"Dur\u00e9e de lecture estim\u00e9e\" \/>\n\t<meta name=\"twitter:data1\" content=\"3 minutes\" \/>\n<!-- \/ Yoast SEO plugin. -->","yoast_head_json":{"title":"Int\u00e9grer les avis G2 Crowd sur le site Web Magento (gratuit et rapide)","description":"Voici une chance de cr\u00e9er votre extension G2 Crowd Reviews et de l\u2019ajouter au site Web Magento. Profitez du service client gratuit et d'autres bonus d'Elfsight.","robots":{"index":"index","follow":"follow","max-snippet":"max-snippet:-1","max-image-preview":"max-image-preview:large","max-video-preview":"max-video-preview:-1"},"canonical":"https:\/\/elfsight.com\/fr\/g2-crowd-reviews-widget\/magento\/","og_locale":"fr_FR","og_type":"article","og_title":"Int\u00e9grer les avis G2 Crowd sur le site Web Magento (gratuit et rapide)","og_description":"Voici une chance de cr\u00e9er votre extension G2 Crowd Reviews et de l\u2019ajouter au site Web Magento. Profitez du service client gratuit et d'autres bonus d'Elfsight.","og_url":"https:\/\/elfsight.com\/fr\/g2-crowd-reviews-widget\/magento\/","og_site_name":"Elfsight FR","article_modified_time":"2025-07-09T17:35:42+00:00","twitter_card":"summary_large_image","twitter_misc":{"Dur\u00e9e de lecture estim\u00e9e":"3 minutes"},"schema":{"@context":"https:\/\/schema.org","@graph":[{"@type":"WebPage","@id":"https:\/\/elfsight.com\/fr\/g2-crowd-reviews-widget\/magento\/","url":"https:\/\/elfsight.com\/fr\/g2-crowd-reviews-widget\/magento\/","name":"Int\u00e9grer les avis G2 Crowd sur le site Web Magento (gratuit et rapide)","isPartOf":{"@id":"https:\/\/elfsight.com\/fr\/#website"},"datePublished":"2024-05-03T06:38:21+00:00","dateModified":"2025-07-09T17:35:42+00:00","description":"Voici une chance de cr\u00e9er votre extension G2 Crowd Reviews et de l\u2019ajouter au site Web Magento. Profitez du service client gratuit et d'autres bonus d'Elfsight.","breadcrumb":{"@id":"https:\/\/elfsight.com\/fr\/g2-crowd-reviews-widget\/magento\/#breadcrumb"},"inLanguage":"fr-FR","potentialAction":[{"@type":"ReadAction","target":["https:\/\/elfsight.com\/fr\/g2-crowd-reviews-widget\/magento\/"]}]},{"@type":"BreadcrumbList","@id":"https:\/\/elfsight.com\/fr\/g2-crowd-reviews-widget\/magento\/#breadcrumb","itemListElement":[{"@type":"ListItem","position":1,"name":"Home","item":"https:\/\/elfsight.com\/fr\/"},{"@type":"ListItem","position":2,"name":"G2 Crowd Reviews","item":"https:\/\/elfsight.com\/fr\/g2-crowd-reviews-widget\/"},{"@type":"ListItem","position":3,"name":"G2 Crowd Reviews &#8211; Magento"}]},{"@type":"WebSite","@id":"https:\/\/elfsight.com\/fr\/#website","url":"https:\/\/elfsight.com\/fr\/","name":"Elfsight FR","description":"","potentialAction":[{"@type":"SearchAction","target":{"@type":"EntryPoint","urlTemplate":"https:\/\/elfsight.com\/fr\/?s={search_term_string}"},"query-input":{"@type":"PropertyValueSpecification","valueRequired":true,"valueName":"search_term_string"}}],"inLanguage":"fr-FR"}]}},"meta_box":{"industry":"","seo_heading":"","heading":"","description":"","cta_heading":"","cta_description":"","application":"2168","h1":"Critiques de G2 Crowd pour Magento","h1_caption":"Pr\u00e9sentez les avis g2 pour mettre en \u00e9vidence le succ\u00e8s et la r\u00e9putation de votre logiciel aupr\u00e8s des utilisateurs sur votre site Web Magento sans effort.","application_category":[],"applications_title":"","applications_request_title":"","applications_request_button_text":"","hero_text":"","hero_video":"","hero_video_schema_markup":"","selling_points_title":"","selling_points_caption":"","selling_points":[],"selling_points_cta_text":"","features_title":"","features":"","ed_cta_examples_text":"","ed_cta_examples_hidden":"","ed_cta_demo_text":"","ed_cta_demo_hidden":"","why_caption":"","why_editor_title":"","why_editor_text":"","why_team_title":"","why_team_text":"","why_service_title":"","why_service_text":"","template_catalog_visible":"","template_catalog_title":"","template_catalog_text":"","template_catalog_categories_visible":"","demo_title":"Cr\u00e9ez votre extension G2 Crowd Reviews","demo_caption":"Configurez vos G2 Crowd Reviews et ajoutez-les gratuitement \u00e0 votre site Web Magento\u00a0!","default_faq_hidden":"","app_template_category":[],"platform":"357","template_public_id":"","codecanyon_url":"","codecanyon_item_id":"","codecanyon_price":"","pricing_caption":"","pricing_elfsight_apps_hide_column":"","pricing_elfsight_apps_url":"","pricing_codecanyon_price_caption":"","integration_category":[],"integration_request_title":"","integration_request_cta":"","integration_platform":"","integrations":[],"platform_category":[],"video_schema_markup":"","price":"\u00e0 partir de 0$ \/ mois","trial":"","benefits":[{"text":"Aide \u00e0 l'installation gratuite"},{"text":"Assistance premium"},{"text":"Garantie de remboursement de 14 jours"},{"text":"Mises \u00e0 jour gratuites \u00e0 vie"}],"button_url":"#demo","button_target_blank":"","button_nofollow":"","attributes":[{"name":"Installations","content":"10,000 - 100,000"},{"name":"Sensible","content":"Oui"},{"name":"Navigateurs compatibles","content":"Firefox, Safari, Opera, Chrome, Edge"}],"tags":[],"tags_disable_links":"","hide_more_platforms":"","video_object":"","demo_hide_cta":"","demo_hide_cloud_options":"","pricing_title":"","pricing":[{"pricing_icon":"platform","pricing_title":"Elfsight Apps","pricing_title_caption":"Logiciel multiplateforme","pricing_price":"from $0 \/ month","pricing_price_caption":"commencez avec un forfait gratuit","pricing_benefits":[{"text":"Domaines illimit\u00e9s"},{"text":"Support client rapide et bien document\u00e9"},{"text":"Assistance \u00e0 l'installation gratuite"},{"text":"100% personnalisable"}],"pricing_button_text":"Ajouter au site Web","pricing_button_url":"#demo"}],"related_apps_title":"","related_apps_hidden":"","author":"","image":[],"title":"","job":"","social_networks":[]},"_links":{"self":[{"href":"https:\/\/elfsight.com\/fr\/wp-json\/wp\/v2\/pages\/13532","targetHints":{"allow":["GET"]}}],"collection":[{"href":"https:\/\/elfsight.com\/fr\/wp-json\/wp\/v2\/pages"}],"about":[{"href":"https:\/\/elfsight.com\/fr\/wp-json\/wp\/v2\/types\/page"}],"author":[{"embeddable":true,"href":"https:\/\/elfsight.com\/fr\/wp-json\/wp\/v2\/users\/9"}],"replies":[{"embeddable":true,"href":"https:\/\/elfsight.com\/fr\/wp-json\/wp\/v2\/comments?post=13532"}],"version-history":[{"count":1,"href":"https:\/\/elfsight.com\/fr\/wp-json\/wp\/v2\/pages\/13532\/revisions"}],"predecessor-version":[{"id":13536,"href":"https:\/\/elfsight.com\/fr\/wp-json\/wp\/v2\/pages\/13532\/revisions\/13536"}],"up":[{"embeddable":true,"href":"https:\/\/elfsight.com\/fr\/wp-json\/wp\/v2\/pages\/2169"}],"wp:attachment":[{"href":"https:\/\/elfsight.com\/fr\/wp-json\/wp\/v2\/media?parent=13532"}],"curies":[{"name":"wp","href":"https:\/\/api.w.org\/{rel}","templated":true}]}}