{"id":13518,"date":"2024-05-03T06:38:15","date_gmt":"2024-05-03T06:38:15","guid":{"rendered":"https:\/\/elfsight.com\/fr\/?page_id=13518"},"modified":"2025-07-09T17:36:24","modified_gmt":"2025-07-09T17:36:24","slug":"webflow","status":"publish","type":"page","link":"https:\/\/elfsight.com\/fr\/g2-crowd-reviews-widget\/webflow\/","title":{"rendered":"G2 Crowd Reviews &#8211; Webflow"},"content":{"rendered":"<div class=\"application-platform-content-item-description application-platform-content-item\" id=\"description\" data-nav-section=\"description\"><h2>Int\u00e9grer les avis de foule G2 sur Webflow avec le widget Elfsight<\/h2> <p>Le widget Avis Elfsight G2 est le moyen le plus simple d&rsquo;am\u00e9liorer votre entreprise. r\u00e9putation en affichant les avis de vrais clients sur vos produits. R\u00e9v\u00e9lez uniquement les commentaires les meilleurs ou les plus significatifs et organisez-les exactement selon vos besoins. Collectez des preuves sociales en montrant \u00e0 votre public que vous \u00eates un partenaire cr\u00e9dible. Aidez les utilisateurs \u00e0 partager plus d&rsquo;impressions sur votre entreprise et encouragez les communications des utilisateurs\u00a0! <\/p><p><b>Ins\u00e9rez les meilleurs articles sur n&rsquo;importe quelle page de votre site Web<\/b><\/p><\/div><div class=\"application-platform-content-item-features application-platform-content-item\" id=\"features\" data-nav-section=\"features\"><h2>Principales fonctionnalit\u00e9s de G2 Crowd Reviews widget<\/h2> <p>Afin de mieux comprendre le widget G2 Crowd, consultez la liste de ses principales caract\u00e9ristiques. Ils rendent notre widget incroyablement b\u00e9n\u00e9fique pour votre site Web\u00a0: <\/p><ul> <li>3 variantes de filtres\u00a0: par type, par exclusion et par nombre d&rsquo;avis \u00e0 afficher\u00a0; <\/li><li>Quatre dispositions pr\u00e9d\u00e9finies\u00a0: liste, grille, ma\u00e7onnerie et curseur\u00a0; <\/li><li>En-t\u00eate commutable du widget\u00a0; <\/li><li>Le bouton actif pour laisser un autre avis redirige les utilisateurs vers le compte G2\u00a0; <\/li><li>Six parties commutables de l&rsquo;interface\u00a0: nom de l&rsquo;auteur et photo, critique, date de publication, signe G2 et nombre d&rsquo;\u00e9toiles\u00a0; <\/li><li>Deux variantes de sc\u00e9narios apr\u00e8s refus de demande de r\u00e9vision : r\u00e9v\u00e9ler un texte personnalis\u00e9 ou supprimer le bouton. <\/li><\/ul><p><a href=\"#demo\">D\u00e9couvrez plus de fonctionnalit\u00e9s dans la d\u00e9mo en direct<\/a><\/p><\/div><div class=\"application-platform-content-item-installation application-platform-content-item\" id=\"installation\" data-nav-section=\"installation\"><h2>Comment pour ajouter G2 Crowd Reviews au site Web Webflow<\/h2><p>Ces plusieurs actions sont la seule chose que vous devez faire. <\/p><ol><li><b>Cr\u00e9ez votre propre plugin G2 Crowd<\/b><br>Dans notre \u00e9diteur gratuit, cr\u00e9ez un plugin avec une composition et des fonctionnalit\u00e9s personnalis\u00e9es. <\/li> <li><b>Copiez le code individuel pour int\u00e9grer le plugin<\/b><br>Apr\u00e8s avoir configur\u00e9 votre widget, vous obtiendrez votre code personnel \u00e0 partir de la notification apparue sur Elfsight Apps. Copiez-le. <\/li> <li><b>Int\u00e9grez le plugin sur votre site Web Webflow<\/b><br>Trouvez la zone o\u00f9 vous souhaitez r\u00e9v\u00e9ler le plugin et ajoutez-y le code copi\u00e9. Enregistrez les modifications. <\/li> <li><b>L&rsquo;int\u00e9gration est r\u00e9ussie\u00a0! <\/b><br>Allez sur votre site pour jeter un oeil \u00e0 votre plugin. <\/li><\/ol><p>Vous n&rsquo;arrivez toujours pas \u00e0 vous d\u00e9cider\u00a0? Ou vous rencontrez des probl\u00e8mes ? \u00c9crivez simplement une demande \u00e0 notre \u00e9quipe d\u2019assistance. Ils r\u00e9gleront tous les probl\u00e8mes. <\/p><div class=\"faq\" data-component=\"FAQ\"> <div class=\"faq-item\">\r\n\t\t\t\t\t<div class=\"faq-item-question\">\r\n\t\t\t\t\t\t<h3 class=\"faq-item-question-text\">Comment puis-je ajouter des avis G2 \u00e0 mon site Web Webflow sans comp\u00e9tences en codage ?<\/h3>\r\n\r\n\t\t\t\t\t\t<div class=\"faq-item-question-icon\"><\/div>\r\n\t\t\t\t\t<\/div>\r\n\r\n\t\t\t\t\t<div class=\"faq-item-answer\">\r\n\t\t\t\t\t\t<div class=\"faq-item-answer-text\"> <p>Elfsight fournit une solution SaaS qui vous permet de cr\u00e9er vous-m\u00eame un widget d&rsquo;avis G2. Voyez \u00e0 quel point il est facile Le processus est le suivant\u00a0: travaillez directement dans l&rsquo;\u00e9diteur en ligne pour cr\u00e9er un widget G2 Reviews que vous aimeriez voir sur votre site Web Webflow. Choisissez l&rsquo;un des mod\u00e8les pr\u00e9d\u00e9finis et ajustez les param\u00e8tres de G2 Reviews, ajoutez votre contenu, modifiez la mise en page et la palette de couleurs sans aucune comp\u00e9tence en codage. Enregistrez les avis G2 et copiez son code d&rsquo;installation, que vous pouvez int\u00e9grer sans effort dans votre site Web Webflow sans avoir besoin d&rsquo;acheter une version payante. Gr\u00e2ce \u00e0 notre \u00e9diteur intuitif, tout internaute peut cr\u00e9er un widget G2 Reviews en ligne et l&rsquo;int\u00e9grer facilement \u00e0 son site Web Webflow. Il n&rsquo;est pas n\u00e9cessaire de payer ou de saisir les informations d&rsquo;identification de votre carte pour acc\u00e9der au service. Si vous rencontrez des probl\u00e8mes \u00e0 n&rsquo;importe quelle \u00e9tape, n&rsquo;h\u00e9sitez pas \u00e0 contacter notre \u00e9quipe d&rsquo;assistance technique.<\/p> <\/div>\r\n\t\t\t\t\t<\/div>\r\n\t\t\t\t<\/div> <\/div> <\/div>","protected":false},"excerpt":{"rendered":"","protected":false},"author":9,"featured_media":0,"parent":2169,"menu_order":0,"comment_status":"closed","ping_status":"closed","template":"templates\/template-application-platform.php","meta":{"publish_to_discourse":"","publish_post_category":"","wpdc_auto_publish_overridden":"","wpdc_topic_tags":"","wpdc_pin_topic":"","wpdc_pin_until":"","discourse_post_id":"","discourse_permalink":"","wpdc_publishing_response":"","wpdc_publishing_error":"","footnotes":""},"class_list":["post-13518","page","type-page","status-publish","hentry"],"yoast_head":"<!-- This site is optimized with the Yoast SEO plugin v25.3.1 - https:\/\/yoast.com\/wordpress\/plugins\/seo\/ -->\n<title>Int\u00e9grez G2 Crowd Reviews au site Web Webflow (gratuit et rapide)<\/title>\n<meta name=\"description\" content=\"Avec Elfsight, cr\u00e9ez votre widget G2 Crowd Reviews et ajoutez-le facilement \u00e0 votre site Web Webflow. Nous offrons un service client gratuit et d&#039;autres bonus.\" \/>\n<meta name=\"robots\" content=\"index, follow, max-snippet:-1, max-image-preview:large, max-video-preview:-1\" \/>\n<link rel=\"canonical\" href=\"https:\/\/elfsight.com\/fr\/g2-crowd-reviews-widget\/webflow\/\" \/>\n<meta property=\"og:locale\" content=\"fr_FR\" \/>\n<meta property=\"og:type\" content=\"article\" \/>\n<meta property=\"og:title\" content=\"Int\u00e9grez G2 Crowd Reviews au site Web Webflow (gratuit et rapide)\" \/>\n<meta property=\"og:description\" content=\"Avec Elfsight, cr\u00e9ez votre widget G2 Crowd Reviews et ajoutez-le facilement \u00e0 votre site Web Webflow. Nous offrons un service client gratuit et d&#039;autres bonus.\" \/>\n<meta property=\"og:url\" content=\"https:\/\/elfsight.com\/fr\/g2-crowd-reviews-widget\/webflow\/\" \/>\n<meta property=\"og:site_name\" content=\"Elfsight FR\" \/>\n<meta property=\"article:modified_time\" content=\"2025-07-09T17:36:24+00:00\" \/>\n<meta name=\"twitter:card\" content=\"summary_large_image\" \/>\n<meta name=\"twitter:label1\" content=\"Dur\u00e9e de lecture estim\u00e9e\" \/>\n\t<meta name=\"twitter:data1\" content=\"3 minutes\" \/>\n<!-- \/ Yoast SEO plugin. -->","yoast_head_json":{"title":"Int\u00e9grez G2 Crowd Reviews au site Web Webflow (gratuit et rapide)","description":"Avec Elfsight, cr\u00e9ez votre widget G2 Crowd Reviews et ajoutez-le facilement \u00e0 votre site Web Webflow. Nous offrons un service client gratuit et d'autres bonus.","robots":{"index":"index","follow":"follow","max-snippet":"max-snippet:-1","max-image-preview":"max-image-preview:large","max-video-preview":"max-video-preview:-1"},"canonical":"https:\/\/elfsight.com\/fr\/g2-crowd-reviews-widget\/webflow\/","og_locale":"fr_FR","og_type":"article","og_title":"Int\u00e9grez G2 Crowd Reviews au site Web Webflow (gratuit et rapide)","og_description":"Avec Elfsight, cr\u00e9ez votre widget G2 Crowd Reviews et ajoutez-le facilement \u00e0 votre site Web Webflow. Nous offrons un service client gratuit et d'autres bonus.","og_url":"https:\/\/elfsight.com\/fr\/g2-crowd-reviews-widget\/webflow\/","og_site_name":"Elfsight FR","article_modified_time":"2025-07-09T17:36:24+00:00","twitter_card":"summary_large_image","twitter_misc":{"Dur\u00e9e de lecture estim\u00e9e":"3 minutes"},"schema":{"@context":"https:\/\/schema.org","@graph":[{"@type":"WebPage","@id":"https:\/\/elfsight.com\/fr\/g2-crowd-reviews-widget\/webflow\/","url":"https:\/\/elfsight.com\/fr\/g2-crowd-reviews-widget\/webflow\/","name":"Int\u00e9grez G2 Crowd Reviews au site Web Webflow (gratuit et rapide)","isPartOf":{"@id":"https:\/\/elfsight.com\/fr\/#website"},"datePublished":"2024-05-03T06:38:15+00:00","dateModified":"2025-07-09T17:36:24+00:00","description":"Avec Elfsight, cr\u00e9ez votre widget G2 Crowd Reviews et ajoutez-le facilement \u00e0 votre site Web Webflow. Nous offrons un service client gratuit et d'autres bonus.","breadcrumb":{"@id":"https:\/\/elfsight.com\/fr\/g2-crowd-reviews-widget\/webflow\/#breadcrumb"},"inLanguage":"fr-FR","potentialAction":[{"@type":"ReadAction","target":["https:\/\/elfsight.com\/fr\/g2-crowd-reviews-widget\/webflow\/"]}]},{"@type":"BreadcrumbList","@id":"https:\/\/elfsight.com\/fr\/g2-crowd-reviews-widget\/webflow\/#breadcrumb","itemListElement":[{"@type":"ListItem","position":1,"name":"Home","item":"https:\/\/elfsight.com\/fr\/"},{"@type":"ListItem","position":2,"name":"G2 Crowd Reviews","item":"https:\/\/elfsight.com\/fr\/g2-crowd-reviews-widget\/"},{"@type":"ListItem","position":3,"name":"G2 Crowd Reviews &#8211; Webflow"}]},{"@type":"WebSite","@id":"https:\/\/elfsight.com\/fr\/#website","url":"https:\/\/elfsight.com\/fr\/","name":"Elfsight FR","description":"","potentialAction":[{"@type":"SearchAction","target":{"@type":"EntryPoint","urlTemplate":"https:\/\/elfsight.com\/fr\/?s={search_term_string}"},"query-input":{"@type":"PropertyValueSpecification","valueRequired":true,"valueName":"search_term_string"}}],"inLanguage":"fr-FR"}]}},"meta_box":{"industry":"","seo_heading":"","heading":"","description":"","cta_heading":"","cta_description":"","application":"2168","h1":"Critiques de G2 Crowd pour Webflow","h1_caption":"Pr\u00e9sentez les avis g2 pour mettre en \u00e9vidence le succ\u00e8s et la r\u00e9putation de votre logiciel aupr\u00e8s des utilisateurs sur votre site Web Webflow sans effort.","application_category":[],"applications_title":"","applications_request_title":"","applications_request_button_text":"","hero_text":"","hero_video":"","hero_video_schema_markup":"","selling_points_title":"","selling_points_caption":"","selling_points":[],"selling_points_cta_text":"","features_title":"","features":"","ed_cta_examples_text":"","ed_cta_examples_hidden":"","ed_cta_demo_text":"","ed_cta_demo_hidden":"","why_caption":"","why_editor_title":"","why_editor_text":"","why_team_title":"","why_team_text":"","why_service_title":"","why_service_text":"","template_catalog_visible":"","template_catalog_title":"","template_catalog_text":"","template_catalog_categories_visible":"","demo_title":"Cr\u00e9ez votre widget G2 Crowd Reviews","demo_caption":"Configurez vos G2 Crowd Reviews et ajoutez-le gratuitement \u00e0 votre site Web Webflow\u00a0!","default_faq_hidden":"","app_template_category":[],"platform":"362","template_public_id":"","codecanyon_url":"","codecanyon_item_id":"","codecanyon_price":"","pricing_caption":"","pricing_elfsight_apps_hide_column":"","pricing_elfsight_apps_url":"","pricing_codecanyon_price_caption":"","integration_category":[],"integration_request_title":"","integration_request_cta":"","integration_platform":"","integrations":[],"platform_category":[],"video_schema_markup":"","price":"\u00e0 partir de 0$ \/ mois","trial":"","benefits":[{"text":"Aide \u00e0 l'installation gratuite"},{"text":"Service client comp\u00e9tent"},{"text":"Garantie de remboursement de 14 jours"},{"text":"Mises \u00e0 jour gratuites en continu"}],"button_url":"#demo","button_target_blank":"","button_nofollow":"","attributes":[{"name":"Installations","content":"10,000 - 100,000"},{"name":"Sensible","content":"Oui"},{"name":"Navigateurs compatibles","content":"Chrome, Firefox, Opera, Safari, Edge"}],"tags":[],"tags_disable_links":"","hide_more_platforms":"","video_object":"","demo_hide_cta":"","demo_hide_cloud_options":"","pricing_title":"","pricing":[{"pricing_icon":"platform","pricing_title":"Elfsight Apps","pricing_title_caption":"Version multiplateforme qui convient \u00e0 n'importe quel site","pricing_price":"from $0 \/ month","pricing_price_caption":"commencez avec un forfait gratuit","pricing_benefits":[{"text":"Nombre illimit\u00e9 de domaines"},{"text":"Accompagnement professionnel"},{"text":"Service d'installation gratuit"},{"text":"Prix \u200b\u200bsp\u00e9cial pour plusieurs applications"}],"pricing_button_text":"Ajouter au site Web","pricing_button_url":"#demo"}],"related_apps_title":"","related_apps_hidden":"","author":"","image":[],"title":"","job":"","social_networks":[]},"_links":{"self":[{"href":"https:\/\/elfsight.com\/fr\/wp-json\/wp\/v2\/pages\/13518","targetHints":{"allow":["GET"]}}],"collection":[{"href":"https:\/\/elfsight.com\/fr\/wp-json\/wp\/v2\/pages"}],"about":[{"href":"https:\/\/elfsight.com\/fr\/wp-json\/wp\/v2\/types\/page"}],"author":[{"embeddable":true,"href":"https:\/\/elfsight.com\/fr\/wp-json\/wp\/v2\/users\/9"}],"replies":[{"embeddable":true,"href":"https:\/\/elfsight.com\/fr\/wp-json\/wp\/v2\/comments?post=13518"}],"version-history":[{"count":1,"href":"https:\/\/elfsight.com\/fr\/wp-json\/wp\/v2\/pages\/13518\/revisions"}],"predecessor-version":[{"id":13522,"href":"https:\/\/elfsight.com\/fr\/wp-json\/wp\/v2\/pages\/13518\/revisions\/13522"}],"up":[{"embeddable":true,"href":"https:\/\/elfsight.com\/fr\/wp-json\/wp\/v2\/pages\/2169"}],"wp:attachment":[{"href":"https:\/\/elfsight.com\/fr\/wp-json\/wp\/v2\/media?parent=13518"}],"curies":[{"name":"wp","href":"https:\/\/api.w.org\/{rel}","templated":true}]}}