{"id":13517,"date":"2024-05-03T06:38:14","date_gmt":"2024-05-03T06:38:14","guid":{"rendered":"https:\/\/elfsight.com\/fr\/?page_id=13517"},"modified":"2025-07-09T17:36:28","modified_gmt":"2025-07-09T17:36:28","slug":"webnode","status":"publish","type":"page","link":"https:\/\/elfsight.com\/fr\/g2-crowd-reviews-widget\/webnode\/","title":{"rendered":"G2 Crowd Reviews &#8211; Webnode"},"content":{"rendered":"<div class=\"application-platform-content-item-description application-platform-content-item\" id=\"description\" data-nav-section=\"description\"><h2>Description<\/h2> <p>Elfsight G2 Reviews est la m\u00e9thode la plus confortable pour maintenir la r\u00e9putation de votre entreprise en affichant les avis de vrais clients sur votre des offres. R\u00e9v\u00e9lez uniquement les commentaires les meilleurs ou les plus attrayants et organisez-les comme vous le souhaitez. Collectez des preuves sociales d\u00e9montrant \u00e0 votre public que votre niveau de cr\u00e9dibilit\u00e9 est \u00e9lev\u00e9. Inspirez les gens \u00e0 ajouter de nouvelles impressions sur vos offres et services et encouragez les conversations des utilisateurs\u00a0! <\/p><p><b>Int\u00e9grez les avis G2 Crowd sur votre site Web de mani\u00e8re fluide et rapide<\/b><\/p><\/div><div class=\"application-platform-content-item-features application-platform-content-item\" id=\"features\" data-nav-section=\"features\"><h2>Fonctionnalit\u00e9s<\/h2> <p>Pour avoir une perception plus claire du widget G2 Crowd, examinez la liste de ses fonctionnalit\u00e9s essentielles. Ils rendent notre widget vraiment efficace pour votre boutique\u00a0: <\/p><ul> <li>3 types de filtres\u00a0: par type, par exclusion et par quantit\u00e9 d&rsquo;avis \u00e0 afficher\u00a0; <\/li><li>4 variantes de mises en page\u00a0: Liste, Grille, Ma\u00e7onnerie et Slider\u00a0; <\/li><li>Une opportunit\u00e9 d&rsquo;afficher ou de masquer l&rsquo;en-t\u00eate du widget\u00a0; <\/li><li>Le bouton permettant de demander un examen dirige les visiteurs vers votre page G2\u00a0; <\/li><li>Six parties flexibles du widget\u00a0: nom de l&rsquo;auteur et photo, critique, date, ic\u00f4ne G2 et nombre d&rsquo;\u00e9toiles\u00a0; <\/li><li>Deux alternatives de sc\u00e9narios de refus de demande d&rsquo;avis\u00a0: afficher un message ou masquer le bouton. <\/li><\/ul><p><a href=\"#demo\">D\u00e9couvrez une liste compl\u00e8te des fonctionnalit\u00e9s dans notre d\u00e9mo en direct<\/a><\/p><\/div><div class=\"application-platform-content-item-installation application-platform-content-item\" id=\"installation\" data-nav-section=\"installation\"> <h2>Comment ajouter G2 Crowd Reviews au site Webnode<\/h2><p> Quelques actions simples sont la seule chose que vous devez int\u00e9grer. <\/p><ol><li><b>Construisez votre propre plugin G2 Crowd<\/b><br>Dans notre configurateur gratuit, fa\u00e7onnez un plugin avec une composition et des caract\u00e9ristiques fonctionnelles pr\u00e9f\u00e9r\u00e9es. <\/li> <li><b>Recevez le code personnel pour configurer le plugin<\/b><br>Apr\u00e8s avoir cr\u00e9\u00e9 votre widget, vous recevrez un code unique dans la fen\u00eatre contextuelle d&rsquo;Elfsight Apps. Copiez ce code pour une utilisation future. <\/li> <li><b>Affichez le plugin sur votre site Webnode<\/b><br>Allez \u00e0 l&rsquo;endroit o\u00f9 vous souhaitez placer le plugin et ajoutez-y le code enregistr\u00e9. Enregistrez les modifications. <\/li> <li><b>Fait\u00a0! <\/b><br>Entrez sur la page, pour v\u00e9rifier vos t\u00e9moignages. <\/li><\/ol><p>Vous avez encore des doutes\u00a0? Ou vous avez des probl\u00e8mes ? Envoyez simplement votre demande \u00e0 notre service client pour vous aider \u00e0 r\u00e9soudre tout probl\u00e8me. <\/p><div class=\"faq\" data-component=\"FAQ\"> <div class=\"faq-item\">\r\n\t\t\t\t\t<div class=\"faq-item-question\">\r\n\t\t\t\t\t\t<h3 class=\"faq-item-question-text\">Comment ajouter des avis G2 \u00e0 mon site Webnode sans comp\u00e9tences en codage ?<\/h3>\r\n\r\n\t\t\t\t\t\t<div class=\"faq-item-question-icon\"><\/div>\r\n\t\t\t\t\t<\/div>\r\n\r\n\t\t\t\t\t<div class=\"faq-item-answer\">\r\n\t\t\t\t\t\t<div class=\"faq-item-answer-text\"> <p>Elfsight fournit une solution SaaS qui vous permet de cr\u00e9er vous-m\u00eame un widget Avis G2, voyez \u00e0 quel point le processus est simple est\u00a0: travaillez directement dans l&rsquo;\u00e9diteur en ligne pour cr\u00e9er un widget G2 Reviews que vous aimeriez voir sur votre site Webnode. Choisissez l&rsquo;un des mod\u00e8les pr\u00e9d\u00e9finis et ajustez les param\u00e8tres de G2 Reviews, ajoutez votre contenu, modifiez la mise en page et les couleurs sans aucune comp\u00e9tence en codage. Enregistrez les avis G2 et copiez son code d&rsquo;installation, que vous pouvez facilement coller sur votre site Webnode sans avoir besoin d&rsquo;acheter un forfait payant. Gr\u00e2ce \u00e0 notre \u00e9diteur intuitif, tout internaute peut cr\u00e9er un widget G2 Reviews en ligne et l&rsquo;int\u00e9grer facilement \u00e0 son site Webnode. Il n&rsquo;est pas n\u00e9cessaire de payer ou de saisir les informations d&rsquo;identification de votre carte pour acc\u00e9der au service. Si vous rencontrez des probl\u00e8mes \u00e0 n&rsquo;importe quelle \u00e9tape, n&rsquo;h\u00e9sitez pas \u00e0 contacter notre \u00e9quipe d&rsquo;assistance technique.<\/p> <\/div>\r\n\t\t\t\t\t<\/div>\r\n\t\t\t\t<\/div> <\/div> <\/div>","protected":false},"excerpt":{"rendered":"","protected":false},"author":9,"featured_media":0,"parent":2169,"menu_order":0,"comment_status":"closed","ping_status":"closed","template":"templates\/template-application-platform.php","meta":{"publish_to_discourse":"","publish_post_category":"","wpdc_auto_publish_overridden":"","wpdc_topic_tags":"","wpdc_pin_topic":"","wpdc_pin_until":"","discourse_post_id":"","discourse_permalink":"","wpdc_publishing_response":"","wpdc_publishing_error":"","footnotes":""},"class_list":["post-13517","page","type-page","status-publish","hentry"],"yoast_head":"<!-- This site is optimized with the Yoast SEO plugin v25.3.1 - https:\/\/yoast.com\/wordpress\/plugins\/seo\/ -->\n<title>Int\u00e9grez G2 Crowd Reviews au site Webnode (gratuit et rapide)<\/title>\n<meta name=\"description\" content=\"Voici une opportunit\u00e9 de cr\u00e9er des G2 Crowd Reviews et de les int\u00e9grer sur votre site Webnode. Profitez du service client gratuit et d\u2019autres avantages d\u2019Elfsight.\" \/>\n<meta name=\"robots\" content=\"index, follow, max-snippet:-1, max-image-preview:large, max-video-preview:-1\" \/>\n<link rel=\"canonical\" href=\"https:\/\/elfsight.com\/fr\/g2-crowd-reviews-widget\/webnode\/\" \/>\n<meta property=\"og:locale\" content=\"fr_FR\" \/>\n<meta property=\"og:type\" content=\"article\" \/>\n<meta property=\"og:title\" content=\"Int\u00e9grez G2 Crowd Reviews au site Webnode (gratuit et rapide)\" \/>\n<meta property=\"og:description\" content=\"Voici une opportunit\u00e9 de cr\u00e9er des G2 Crowd Reviews et de les int\u00e9grer sur votre site Webnode. Profitez du service client gratuit et d\u2019autres avantages d\u2019Elfsight.\" \/>\n<meta property=\"og:url\" content=\"https:\/\/elfsight.com\/fr\/g2-crowd-reviews-widget\/webnode\/\" \/>\n<meta property=\"og:site_name\" content=\"Elfsight FR\" \/>\n<meta property=\"article:modified_time\" content=\"2025-07-09T17:36:28+00:00\" \/>\n<meta name=\"twitter:card\" content=\"summary_large_image\" \/>\n<meta name=\"twitter:label1\" content=\"Dur\u00e9e de lecture estim\u00e9e\" \/>\n\t<meta name=\"twitter:data1\" content=\"3 minutes\" \/>\n<!-- \/ Yoast SEO plugin. -->","yoast_head_json":{"title":"Int\u00e9grez G2 Crowd Reviews au site Webnode (gratuit et rapide)","description":"Voici une opportunit\u00e9 de cr\u00e9er des G2 Crowd Reviews et de les int\u00e9grer sur votre site Webnode. Profitez du service client gratuit et d\u2019autres avantages d\u2019Elfsight.","robots":{"index":"index","follow":"follow","max-snippet":"max-snippet:-1","max-image-preview":"max-image-preview:large","max-video-preview":"max-video-preview:-1"},"canonical":"https:\/\/elfsight.com\/fr\/g2-crowd-reviews-widget\/webnode\/","og_locale":"fr_FR","og_type":"article","og_title":"Int\u00e9grez G2 Crowd Reviews au site Webnode (gratuit et rapide)","og_description":"Voici une opportunit\u00e9 de cr\u00e9er des G2 Crowd Reviews et de les int\u00e9grer sur votre site Webnode. Profitez du service client gratuit et d\u2019autres avantages d\u2019Elfsight.","og_url":"https:\/\/elfsight.com\/fr\/g2-crowd-reviews-widget\/webnode\/","og_site_name":"Elfsight FR","article_modified_time":"2025-07-09T17:36:28+00:00","twitter_card":"summary_large_image","twitter_misc":{"Dur\u00e9e de lecture estim\u00e9e":"3 minutes"},"schema":{"@context":"https:\/\/schema.org","@graph":[{"@type":"WebPage","@id":"https:\/\/elfsight.com\/fr\/g2-crowd-reviews-widget\/webnode\/","url":"https:\/\/elfsight.com\/fr\/g2-crowd-reviews-widget\/webnode\/","name":"Int\u00e9grez G2 Crowd Reviews au site Webnode (gratuit et rapide)","isPartOf":{"@id":"https:\/\/elfsight.com\/fr\/#website"},"datePublished":"2024-05-03T06:38:14+00:00","dateModified":"2025-07-09T17:36:28+00:00","description":"Voici une opportunit\u00e9 de cr\u00e9er des G2 Crowd Reviews et de les int\u00e9grer sur votre site Webnode. Profitez du service client gratuit et d\u2019autres avantages d\u2019Elfsight.","breadcrumb":{"@id":"https:\/\/elfsight.com\/fr\/g2-crowd-reviews-widget\/webnode\/#breadcrumb"},"inLanguage":"fr-FR","potentialAction":[{"@type":"ReadAction","target":["https:\/\/elfsight.com\/fr\/g2-crowd-reviews-widget\/webnode\/"]}]},{"@type":"BreadcrumbList","@id":"https:\/\/elfsight.com\/fr\/g2-crowd-reviews-widget\/webnode\/#breadcrumb","itemListElement":[{"@type":"ListItem","position":1,"name":"Home","item":"https:\/\/elfsight.com\/fr\/"},{"@type":"ListItem","position":2,"name":"G2 Crowd Reviews","item":"https:\/\/elfsight.com\/fr\/g2-crowd-reviews-widget\/"},{"@type":"ListItem","position":3,"name":"G2 Crowd Reviews &#8211; Webnode"}]},{"@type":"WebSite","@id":"https:\/\/elfsight.com\/fr\/#website","url":"https:\/\/elfsight.com\/fr\/","name":"Elfsight FR","description":"","potentialAction":[{"@type":"SearchAction","target":{"@type":"EntryPoint","urlTemplate":"https:\/\/elfsight.com\/fr\/?s={search_term_string}"},"query-input":{"@type":"PropertyValueSpecification","valueRequired":true,"valueName":"search_term_string"}}],"inLanguage":"fr-FR"}]}},"meta_box":{"industry":"","seo_heading":"","heading":"","description":"","cta_heading":"","cta_description":"","application":"2168","h1":"Critiques de G2 Crowd pour Webnode","h1_caption":"Pr\u00e9sentez les avis g2 pour mettre en \u00e9vidence le succ\u00e8s et la r\u00e9putation de votre logiciel aupr\u00e8s des utilisateurs sur votre site Webnode sans effort.","application_category":[],"applications_title":"","applications_request_title":"","applications_request_button_text":"","hero_text":"","hero_video":"","hero_video_schema_markup":"","selling_points_title":"","selling_points_caption":"","selling_points":[],"selling_points_cta_text":"","features_title":"","features":"","ed_cta_examples_text":"","ed_cta_examples_hidden":"","ed_cta_demo_text":"","ed_cta_demo_hidden":"","why_caption":"","why_editor_title":"","why_editor_text":"","why_team_title":"","why_team_text":"","why_service_title":"","why_service_text":"","template_catalog_visible":"","template_catalog_title":"","template_catalog_text":"","template_catalog_categories_visible":"","demo_title":"Cr\u00e9ez votre widget G2 Crowd Reviews","demo_caption":"Configurez votre G2 Crowd Reviews et ajoutez-le gratuitement \u00e0 votre site Webnode !","default_faq_hidden":"","app_template_category":[],"platform":"364","template_public_id":"","codecanyon_url":"","codecanyon_item_id":"","codecanyon_price":"","pricing_caption":"","pricing_elfsight_apps_hide_column":"","pricing_elfsight_apps_url":"","pricing_codecanyon_price_caption":"","integration_category":[],"integration_request_title":"","integration_request_cta":"","integration_platform":"","integrations":[],"platform_category":[],"video_schema_markup":"","price":"\u00e0 partir de 0$ \/ mois","trial":"","benefits":[{"text":"Assistance \u00e0 l'installation gratuite"},{"text":"Assistance premium"},{"text":"Garantie de remboursement de 14 jours"},{"text":"D\u00e9veloppement continu"}],"button_url":"#demo","button_target_blank":"","button_nofollow":"","attributes":[{"name":"Installations","content":"10,000 - 100,000"},{"name":"Sensible","content":"Oui"},{"name":"Navigateurs compatibles","content":"Firefox, Safari, Opera, Chrome, Edge"}],"tags":[],"tags_disable_links":"","hide_more_platforms":"","video_object":"","demo_hide_cta":"","demo_hide_cloud_options":"","pricing_title":"","pricing":[{"pricing_icon":"platform","pricing_title":"Elfsight Apps","pricing_title_caption":"Logiciel multiplateforme","pricing_price":"from $0 \/ month","pricing_price_caption":"commencez avec un forfait gratuit","pricing_benefits":[{"text":"Sites Web illimit\u00e9s"},{"text":"Un support d\u00e9di\u00e9 et bien document\u00e9"},{"text":"Service d'installation gratuit"},{"text":"Tr\u00e8s bonne affaire pour plusieurs applications"}],"pricing_button_text":"Ajouter au site Web","pricing_button_url":"#demo"}],"related_apps_title":"","related_apps_hidden":"","author":"","image":[],"title":"","job":"","social_networks":[]},"_links":{"self":[{"href":"https:\/\/elfsight.com\/fr\/wp-json\/wp\/v2\/pages\/13517","targetHints":{"allow":["GET"]}}],"collection":[{"href":"https:\/\/elfsight.com\/fr\/wp-json\/wp\/v2\/pages"}],"about":[{"href":"https:\/\/elfsight.com\/fr\/wp-json\/wp\/v2\/types\/page"}],"author":[{"embeddable":true,"href":"https:\/\/elfsight.com\/fr\/wp-json\/wp\/v2\/users\/9"}],"replies":[{"embeddable":true,"href":"https:\/\/elfsight.com\/fr\/wp-json\/wp\/v2\/comments?post=13517"}],"version-history":[{"count":1,"href":"https:\/\/elfsight.com\/fr\/wp-json\/wp\/v2\/pages\/13517\/revisions"}],"predecessor-version":[{"id":13521,"href":"https:\/\/elfsight.com\/fr\/wp-json\/wp\/v2\/pages\/13517\/revisions\/13521"}],"up":[{"embeddable":true,"href":"https:\/\/elfsight.com\/fr\/wp-json\/wp\/v2\/pages\/2169"}],"wp:attachment":[{"href":"https:\/\/elfsight.com\/fr\/wp-json\/wp\/v2\/media?parent=13517"}],"curies":[{"name":"wp","href":"https:\/\/api.w.org\/{rel}","templated":true}]}}