{"id":13516,"date":"2024-05-03T06:38:13","date_gmt":"2024-05-03T06:38:13","guid":{"rendered":"https:\/\/elfsight.com\/fr\/?page_id=13516"},"modified":"2025-07-09T17:36:34","modified_gmt":"2025-07-09T17:36:34","slug":"weebly","status":"publish","type":"page","link":"https:\/\/elfsight.com\/fr\/g2-crowd-reviews-widget\/weebly\/","title":{"rendered":"G2 Crowd Reviews &#8211; Weebly"},"content":{"rendered":"<div class=\"application-platform-content-item-description application-platform-content-item\" id=\"description\" data-nav-section=\"description\"><h2>Description<\/h2> <p>Elfsight G2 Reviews est la meilleure m\u00e9thode pour maintenir la r\u00e9putation de votre entreprise en affichant les avis des utilisateurs r\u00e9els sur vos services. . Publiez uniquement les meilleures critiques ou les plus attrayantes et organisez-les exactement comme vous le souhaitez. Accumulez des preuves sociales en montrant \u00e0 votre public que votre taux de cr\u00e9dibilit\u00e9 est \u00e9lev\u00e9. Aidez les gens \u00e0 partager de nouveaux commentaires sur votre entreprise et encouragez les communications avec les clients\u00a0! <\/p><p><b>Ins\u00e9rez des avis G2 Crowd sur votre site Web de mani\u00e8re fluide et rapide<\/b><\/p><\/div><div class=\"application-platform-content-item-features application-platform-content-item\" id=\"features\" data-nav-section=\"features\"><h2>Fonctionnalit\u00e9s<\/h2> <p>Afin d&rsquo;avoir une id\u00e9e pr\u00e9cise de l&rsquo;application G2 Crowd, consultez la liste de ses fonctions les plus int\u00e9ressantes. Ils rendent ce widget incroyablement efficace pour vous\u00a0: <\/p><ul> <li>3 filtres pr\u00e9d\u00e9finis\u00a0: par type, par exclusion et par quantit\u00e9 d&rsquo;avis \u00e0 afficher\u00a0; <\/li><li>Quatre pr\u00e9sentations disponibles\u00a0: liste, grille, ma\u00e7onnerie et curseur\u00a0; <\/li><li>Une opportunit\u00e9 d&rsquo;activer\/d\u00e9sactiver l&rsquo;en-t\u00eate de l&rsquo;application\u00a0; <\/li><li>Le bouton de demande de r\u00e9vision redirige les utilisateurs vers votre page G2\u00a0; <\/li><li>6 parties r\u00e9glables de l&rsquo;interface\u00a0: le nom de l&rsquo;auteur et la photo, la recommandation, la date, le signe G2 et le nombre d&rsquo;\u00e9toiles\u00a0; <\/li><li>2 alternatives de sc\u00e9narios apr\u00e8s rejet d&rsquo;une demande d&rsquo;avis : afficher votre message ou supprimer le bouton. <\/li><\/ul><p><a href=\"#demo\">V\u00e9rifiez plus de fonctionnalit\u00e9s dans la d\u00e9mo<\/a><\/p><\/div><div class=\"application-platform-content-item-installation application-platform-content-item\" id=\"installation\" data-nav-section=\"installation\"><h2>Comment ajoutez G2 Crowd Reviews au site Web Weebly<\/h2><p> Configurez l&rsquo;application en quelques \u00e9tapes simples. <\/p><ol><li><b>Utilisez notre d\u00e9mo gratuite et commencez \u00e0 cr\u00e9er votre application unique. <\/b><br> Choisissez le formulaire personnalis\u00e9 et les fonctionnalit\u00e9s de l&rsquo;application et enregistrez toutes les modifications. <\/li> <li><b>Obtenez le code personnel qui est affich\u00e9 dans le formulaire sp\u00e9cial sur les applications Elfsight. <\/b><br> Juste une fois la configuration de votre application termin\u00e9e, copiez votre code dans la zone qui appara\u00eet et enregistrez-le pour vos besoins futurs. <\/li> <li><b>Commencez \u00e0 utiliser l&rsquo;application sur votre page Web Weebly. <\/b><br> Entrez le code que vous avez enregistr\u00e9 auparavant sur votre site et enregistrez les am\u00e9liorations. <\/li> <li><b>Vous avez termin\u00e9\u00a0! L&rsquo;int\u00e9gration est termin\u00e9e avec succ\u00e8s. <\/b><br> Rendez-vous sur votre site pour jeter un \u0153il au fonctionnement de l&rsquo;application. <\/li><\/ol><p>Vous avez encore des doutes sur quelque chose\u00a0? Ou vous avez des questions ? \u00c9crivez simplement une demande \u00e0 notre service client pour r\u00e9soudre tout probl\u00e8me. <\/p><div class=\"faq\" data-component=\"FAQ\"> <div class=\"faq-item\">\r\n\t\t\t\t\t<div class=\"faq-item-question\">\r\n\t\t\t\t\t\t<h3 class=\"faq-item-question-text\">Comment puis-je ajouter des avis G2 \u00e0 mon site Web Weebly sans comp\u00e9tences en codage ?<\/h3>\r\n\r\n\t\t\t\t\t\t<div class=\"faq-item-question-icon\"><\/div>\r\n\t\t\t\t\t<\/div>\r\n\r\n\t\t\t\t\t<div class=\"faq-item-answer\">\r\n\t\t\t\t\t\t<div class=\"faq-item-answer-text\"> <p>Elfsight fournit une solution SaaS qui vous permet de cr\u00e9er vous-m\u00eame un widget d&rsquo;avis G2. Voyez \u00e0 quel point il est facile Le processus est le suivant\u00a0: travaillez directement dans l&rsquo;\u00e9diteur en ligne pour cr\u00e9er un widget G2 Reviews que vous aimeriez voir sur votre site Web Weebly. Choisissez l&rsquo;un des mod\u00e8les pr\u00e9d\u00e9finis et ajustez les param\u00e8tres de G2 Reviews, ajoutez votre contenu, modifiez la mise en page et la palette de couleurs sans comp\u00e9tences en codage. Enregistrez les avis G2 et copiez son code d&rsquo;installation, afin que vous puissiez l&rsquo;ajouter sans effort \u00e0 votre site Web Weebly sans acheter de forfait payant. Gr\u00e2ce \u00e0 notre \u00e9diteur intuitif, tout internaute peut cr\u00e9er un widget G2 Reviews en ligne et l&rsquo;int\u00e9grer facilement \u00e0 son site Web Weebly. Il n&rsquo;est pas n\u00e9cessaire de payer ou de saisir les informations d&rsquo;identification de votre carte pour acc\u00e9der au service. Si vous rencontrez des probl\u00e8mes \u00e0 n&rsquo;importe quelle \u00e9tape, n&rsquo;h\u00e9sitez pas \u00e0 contacter notre \u00e9quipe d&rsquo;assistance technique.<\/p> <\/div>\r\n\t\t\t\t\t<\/div>\r\n\t\t\t\t<\/div> <\/div> <\/div>","protected":false},"excerpt":{"rendered":"","protected":false},"author":9,"featured_media":0,"parent":2169,"menu_order":0,"comment_status":"closed","ping_status":"closed","template":"templates\/template-application-platform.php","meta":{"publish_to_discourse":"","publish_post_category":"","wpdc_auto_publish_overridden":"","wpdc_topic_tags":"","wpdc_pin_topic":"","wpdc_pin_until":"","discourse_post_id":"","discourse_permalink":"","wpdc_publishing_response":"","wpdc_publishing_error":"","footnotes":""},"class_list":["post-13516","page","type-page","status-publish","hentry"],"yoast_head":"<!-- This site is optimized with the Yoast SEO plugin v25.3.1 - https:\/\/yoast.com\/wordpress\/plugins\/seo\/ -->\n<title>Int\u00e9grer les avis G2 Crowd sur le site Web Weebly (gratuit et rapide)<\/title>\n<meta name=\"description\" content=\"Voici une opportunit\u00e9 de cr\u00e9er une application G2 Crowd Reviews et de l\u2019ajouter \u00e0 votre site Web Weebly. B\u00e9n\u00e9ficiez d&#039;un support client gratuit et d&#039;autres bonus d&#039;Elfsight.\" \/>\n<meta name=\"robots\" content=\"index, follow, max-snippet:-1, max-image-preview:large, max-video-preview:-1\" \/>\n<link rel=\"canonical\" href=\"https:\/\/elfsight.com\/fr\/g2-crowd-reviews-widget\/weebly\/\" \/>\n<meta property=\"og:locale\" content=\"fr_FR\" \/>\n<meta property=\"og:type\" content=\"article\" \/>\n<meta property=\"og:title\" content=\"Int\u00e9grer les avis G2 Crowd sur le site Web Weebly (gratuit et rapide)\" \/>\n<meta property=\"og:description\" content=\"Voici une opportunit\u00e9 de cr\u00e9er une application G2 Crowd Reviews et de l\u2019ajouter \u00e0 votre site Web Weebly. B\u00e9n\u00e9ficiez d&#039;un support client gratuit et d&#039;autres bonus d&#039;Elfsight.\" \/>\n<meta property=\"og:url\" content=\"https:\/\/elfsight.com\/fr\/g2-crowd-reviews-widget\/weebly\/\" \/>\n<meta property=\"og:site_name\" content=\"Elfsight FR\" \/>\n<meta property=\"article:modified_time\" content=\"2025-07-09T17:36:34+00:00\" \/>\n<meta name=\"twitter:card\" content=\"summary_large_image\" \/>\n<meta name=\"twitter:label1\" content=\"Dur\u00e9e de lecture estim\u00e9e\" \/>\n\t<meta name=\"twitter:data1\" content=\"3 minutes\" \/>\n<!-- \/ Yoast SEO plugin. -->","yoast_head_json":{"title":"Int\u00e9grer les avis G2 Crowd sur le site Web Weebly (gratuit et rapide)","description":"Voici une opportunit\u00e9 de cr\u00e9er une application G2 Crowd Reviews et de l\u2019ajouter \u00e0 votre site Web Weebly. B\u00e9n\u00e9ficiez d'un support client gratuit et d'autres bonus d'Elfsight.","robots":{"index":"index","follow":"follow","max-snippet":"max-snippet:-1","max-image-preview":"max-image-preview:large","max-video-preview":"max-video-preview:-1"},"canonical":"https:\/\/elfsight.com\/fr\/g2-crowd-reviews-widget\/weebly\/","og_locale":"fr_FR","og_type":"article","og_title":"Int\u00e9grer les avis G2 Crowd sur le site Web Weebly (gratuit et rapide)","og_description":"Voici une opportunit\u00e9 de cr\u00e9er une application G2 Crowd Reviews et de l\u2019ajouter \u00e0 votre site Web Weebly. B\u00e9n\u00e9ficiez d'un support client gratuit et d'autres bonus d'Elfsight.","og_url":"https:\/\/elfsight.com\/fr\/g2-crowd-reviews-widget\/weebly\/","og_site_name":"Elfsight FR","article_modified_time":"2025-07-09T17:36:34+00:00","twitter_card":"summary_large_image","twitter_misc":{"Dur\u00e9e de lecture estim\u00e9e":"3 minutes"},"schema":{"@context":"https:\/\/schema.org","@graph":[{"@type":"WebPage","@id":"https:\/\/elfsight.com\/fr\/g2-crowd-reviews-widget\/weebly\/","url":"https:\/\/elfsight.com\/fr\/g2-crowd-reviews-widget\/weebly\/","name":"Int\u00e9grer les avis G2 Crowd sur le site Web Weebly (gratuit et rapide)","isPartOf":{"@id":"https:\/\/elfsight.com\/fr\/#website"},"datePublished":"2024-05-03T06:38:13+00:00","dateModified":"2025-07-09T17:36:34+00:00","description":"Voici une opportunit\u00e9 de cr\u00e9er une application G2 Crowd Reviews et de l\u2019ajouter \u00e0 votre site Web Weebly. B\u00e9n\u00e9ficiez d'un support client gratuit et d'autres bonus d'Elfsight.","breadcrumb":{"@id":"https:\/\/elfsight.com\/fr\/g2-crowd-reviews-widget\/weebly\/#breadcrumb"},"inLanguage":"fr-FR","potentialAction":[{"@type":"ReadAction","target":["https:\/\/elfsight.com\/fr\/g2-crowd-reviews-widget\/weebly\/"]}]},{"@type":"BreadcrumbList","@id":"https:\/\/elfsight.com\/fr\/g2-crowd-reviews-widget\/weebly\/#breadcrumb","itemListElement":[{"@type":"ListItem","position":1,"name":"Home","item":"https:\/\/elfsight.com\/fr\/"},{"@type":"ListItem","position":2,"name":"G2 Crowd Reviews","item":"https:\/\/elfsight.com\/fr\/g2-crowd-reviews-widget\/"},{"@type":"ListItem","position":3,"name":"G2 Crowd Reviews &#8211; Weebly"}]},{"@type":"WebSite","@id":"https:\/\/elfsight.com\/fr\/#website","url":"https:\/\/elfsight.com\/fr\/","name":"Elfsight FR","description":"","potentialAction":[{"@type":"SearchAction","target":{"@type":"EntryPoint","urlTemplate":"https:\/\/elfsight.com\/fr\/?s={search_term_string}"},"query-input":{"@type":"PropertyValueSpecification","valueRequired":true,"valueName":"search_term_string"}}],"inLanguage":"fr-FR"}]}},"meta_box":{"industry":"","seo_heading":"","heading":"","description":"","cta_heading":"","cta_description":"","application":"2168","h1":"Critiques de G2 Crowd pour Weebly","h1_caption":"Pr\u00e9sentez les avis g2 pour mettre en \u00e9vidence le succ\u00e8s et la r\u00e9putation de votre logiciel aupr\u00e8s des utilisateurs sur votre site Web Weebly sans effort.","application_category":[],"applications_title":"","applications_request_title":"","applications_request_button_text":"","hero_text":"","hero_video":"","hero_video_schema_markup":"","selling_points_title":"","selling_points_caption":"","selling_points":[],"selling_points_cta_text":"","features_title":"","features":"","ed_cta_examples_text":"","ed_cta_examples_hidden":"","ed_cta_demo_text":"","ed_cta_demo_hidden":"","why_caption":"","why_editor_title":"","why_editor_text":"","why_team_title":"","why_team_text":"","why_service_title":"","why_service_text":"","template_catalog_visible":"","template_catalog_title":"","template_catalog_text":"","template_catalog_categories_visible":"","demo_title":"Cr\u00e9ez votre application G2 Crowd Reviews","demo_caption":"Configurez vos G2 Crowd Reviews et ajoutez-les gratuitement \u00e0 votre site Web Weebly\u00a0!","default_faq_hidden":"","app_template_category":[],"platform":"363","template_public_id":"","codecanyon_url":"","codecanyon_item_id":"","codecanyon_price":"","pricing_caption":"","pricing_elfsight_apps_hide_column":"","pricing_elfsight_apps_url":"","pricing_codecanyon_price_caption":"","integration_category":[],"integration_request_title":"","integration_request_cta":"","integration_platform":"","integrations":[],"platform_category":[],"video_schema_markup":"","price":"\u00e0 partir de 0$ \/ mois","trial":"","benefits":[{"text":"Aide \u00e0 l'installation gratuite"},{"text":"Service client comp\u00e9tent"},{"text":"Garantie de remboursement de 14 jours"},{"text":"D\u00e9veloppement continu"}],"button_url":"#demo","button_target_blank":"","button_nofollow":"","attributes":[{"name":"Installations","content":"10,000 - 100,000"},{"name":"Sensible","content":"Oui"},{"name":"Navigateurs compatibles","content":"Firefox, Safari, Opera, Chrome, Edge"}],"tags":[],"tags_disable_links":"","hide_more_platforms":"","video_object":"","demo_hide_cta":"","demo_hide_cloud_options":"","pricing_title":"","pricing":[{"pricing_icon":"platform","pricing_title":"Elfsight Apps","pricing_title_caption":"Version multiplateforme","pricing_price":"from $0 \/ month","pricing_price_caption":"commencez avec un forfait gratuit","pricing_benefits":[{"text":"Sites Web illimit\u00e9s"},{"text":"Assistance rapide et ponctuelle et bien document\u00e9e"},{"text":"Service d'installation gratuit"},{"text":"100% personnalisable"}],"pricing_button_text":"Ajouter au site Web","pricing_button_url":"#demo"}],"related_apps_title":"","related_apps_hidden":"","author":"","image":[],"title":"","job":"","social_networks":[]},"_links":{"self":[{"href":"https:\/\/elfsight.com\/fr\/wp-json\/wp\/v2\/pages\/13516","targetHints":{"allow":["GET"]}}],"collection":[{"href":"https:\/\/elfsight.com\/fr\/wp-json\/wp\/v2\/pages"}],"about":[{"href":"https:\/\/elfsight.com\/fr\/wp-json\/wp\/v2\/types\/page"}],"author":[{"embeddable":true,"href":"https:\/\/elfsight.com\/fr\/wp-json\/wp\/v2\/users\/9"}],"replies":[{"embeddable":true,"href":"https:\/\/elfsight.com\/fr\/wp-json\/wp\/v2\/comments?post=13516"}],"version-history":[{"count":1,"href":"https:\/\/elfsight.com\/fr\/wp-json\/wp\/v2\/pages\/13516\/revisions"}],"predecessor-version":[{"id":13520,"href":"https:\/\/elfsight.com\/fr\/wp-json\/wp\/v2\/pages\/13516\/revisions\/13520"}],"up":[{"embeddable":true,"href":"https:\/\/elfsight.com\/fr\/wp-json\/wp\/v2\/pages\/2169"}],"wp:attachment":[{"href":"https:\/\/elfsight.com\/fr\/wp-json\/wp\/v2\/media?parent=13516"}],"curies":[{"name":"wp","href":"https:\/\/api.w.org\/{rel}","templated":true}]}}