{"id":13515,"date":"2024-05-03T06:38:12","date_gmt":"2024-05-03T06:38:12","guid":{"rendered":"https:\/\/elfsight.com\/fr\/?page_id=13515"},"modified":"2025-07-09T17:36:40","modified_gmt":"2025-07-09T17:36:40","slug":"wix","status":"publish","type":"page","link":"https:\/\/elfsight.com\/fr\/g2-crowd-reviews-widget\/wix\/","title":{"rendered":"G2 Crowd Reviews &#8211; Wix"},"content":{"rendered":"<div class=\"application-platform-content-item-description application-platform-content-item\" id=\"description\" data-nav-section=\"description\"><h2>Description<\/h2> <p>L&rsquo;application Elfsight G2 Reviews est l&rsquo;un des meilleurs outils pour contribuer \u00e0 la r\u00e9putation de votre marque. Il affiche les avis de vrais clients sur vos produits. Choisissez uniquement les commentaires positifs ou les plus attrayants et disposez-les exactement selon vos besoins. Rassemblez des preuves sociales en d\u00e9montrant aux visiteurs de votre site Web que vous avez confiance. Incitez les gens \u00e0 partager davantage de commentaires sur votre entreprise et encouragez les conversations des utilisateurs\u00a0! <\/p><p><b>Affichez les meilleurs avis sur n&rsquo;importe quelle page du site<\/b><\/p><\/div><div class=\"application-platform-content-item-features application-platform-content-item\" id=\"features\" data-nav-section=\"features\"><h2>Fonctionnalit\u00e9s<\/h2> <p>Pour avoir une id\u00e9e plus claire de l&rsquo;application G2 Crowd, consultez la liste des principales caract\u00e9ristiques. Ils rendent notre widget le plus efficace possible pour vous\u00a0: <\/p><ul><li>3 filtres pr\u00e9d\u00e9finis\u00a0: par type, par exclusion et par nombre d&rsquo;avis \u00e0 afficher\u00a0; <\/li><li>4 options de mise en page\u00a0: liste, grille, ma\u00e7onnerie et curseur\u00a0; <\/li><li>En-t\u00eate d&rsquo;application personnalisable\u00a0; <\/li><li>Le bouton de demande de r\u00e9vision redirige les utilisateurs vers votre compte G2\u00a0; <\/li><li>6 unit\u00e9s personnalisables de l&rsquo;application\u00a0: nom de l&rsquo;auteur et photo, recommandation, date de d\u00e9part, ic\u00f4ne G2 et note par \u00e9toiles\u00a0;<\/li><li>Deux sc\u00e9narios potentiels apr\u00e8s rejet de la demande d&rsquo;avis\u00a0: d\u00e9montrer votre texte ou masquez le bouton.<\/li><\/ul><p><a href=\"#demo\">Pour explorer toutes les fonctionnalit\u00e9s, voir la d\u00e9mo en direct<\/a><\/p><\/div><div class=\"application-platform-content-item-installation application-platform-content-item\" id=\"installation\" data-nav-section=\"installation\"><h2>Comment ajouter G2 Crowd Reviews au site Web Wix<\/h2><p>Pour int\u00e9grer l&rsquo;application \u00e0 votre site, suivez simplement ces \u00e9tapes simples. <\/p><ol><li><b>Concevez votre propre plugin G2 Crowd<\/b><br>Dans notre configurateur gratuit, configurez un plugin avec une pr\u00e9sentation et des fonctionnalit\u00e9s pr\u00e9f\u00e9rables. <\/li><li><b>Recevez le code individuel pour configurer le plugin<\/b><br>Apr\u00e8s avoir cr\u00e9\u00e9 votre widget, vous obtiendrez le code d&rsquo;installation dans la fen\u00eatre apparue sur Elfsight Apps. Copiez le code pour une utilisation ult\u00e9rieure. <\/li><li><b>Int\u00e9grez le plugin sur votre site Wix<\/b><br>Trouvez la zone dans laquelle vous souhaitez ajouter le plugin et collez-y le code enregistr\u00e9. Publier les r\u00e9sultats. <\/li><li><b>F\u00e9licitations\u00a0! Vous venez d&rsquo;int\u00e9grer le widget\u00a0! <\/b><br>Entrez sur votre site, pour v\u00e9rifier vos t\u00e9moignages. <\/li><\/ol><p>Il y a encore quelque chose qui vous rend incertain\u00a0? Ou vous avez des questions ? Adressez simplement une demande \u00e0 notre \u00e9quipe d&rsquo;assistance, elle r\u00e9soudra tout probl\u00e8me. <\/p><div class=\"faq\" data-component=\"FAQ\"> <div class=\"faq-item\">\r\n\t\t\t\t\t<div class=\"faq-item-question\">\r\n\t\t\t\t\t\t<h3 class=\"faq-item-question-text\">Comment ajouter des avis G2 \u00e0 mon site Wix sans comp\u00e9tences en codage ?<\/h3>\r\n\r\n\t\t\t\t\t\t<div class=\"faq-item-question-icon\"><\/div>\r\n\t\t\t\t\t<\/div>\r\n\r\n\t\t\t\t\t<div class=\"faq-item-answer\">\r\n\t\t\t\t\t\t<div class=\"faq-item-answer-text\"> <p>Elfsight fournit une solution SaaS qui vous permet de cr\u00e9er vous-m\u00eame un widget Avis G2, voyez \u00e0 quel point le processus est simple est\u00a0: travaillez directement dans l&rsquo;\u00e9diteur en ligne pour cr\u00e9er un widget G2 Reviews que vous aimeriez voir sur votre site Web Wix. Choisissez l&rsquo;un des mod\u00e8les pr\u00e9d\u00e9finis et ajustez les param\u00e8tres de G2 Reviews, ajoutez votre contenu, modifiez la mise en page et la palette de couleurs sans comp\u00e9tences en codage. Enregistrez les avis G2 et copiez son code d&rsquo;installation, que vous pouvez simplement int\u00e9grer dans votre site Web Wix sans acheter d&rsquo;abonnement payant. Gr\u00e2ce \u00e0 notre \u00e9diteur intuitif, tout internaute peut cr\u00e9er un widget G2 Reviews en ligne et l&rsquo;int\u00e9grer facilement \u00e0 son site Web Wix. Il n&rsquo;est pas n\u00e9cessaire de payer ou de saisir les informations d&rsquo;identification de votre carte pour acc\u00e9der au service. Si vous rencontrez des probl\u00e8mes \u00e0 n&rsquo;importe quelle \u00e9tape, n&rsquo;h\u00e9sitez pas \u00e0 contacter notre \u00e9quipe d&rsquo;assistance technique.<\/p> <\/div>\r\n\t\t\t\t\t<\/div>\r\n\t\t\t\t<\/div> <\/div> <\/div>","protected":false},"excerpt":{"rendered":"","protected":false},"author":9,"featured_media":0,"parent":2169,"menu_order":0,"comment_status":"closed","ping_status":"closed","template":"templates\/template-application-platform.php","meta":{"publish_to_discourse":"","publish_post_category":"","wpdc_auto_publish_overridden":"","wpdc_topic_tags":"","wpdc_pin_topic":"","wpdc_pin_until":"","discourse_post_id":"","discourse_permalink":"","wpdc_publishing_response":"","wpdc_publishing_error":"","footnotes":""},"class_list":["post-13515","page","type-page","status-publish","hentry"],"yoast_head":"<!-- This site is optimized with the Yoast SEO plugin v25.3.1 - https:\/\/yoast.com\/wordpress\/plugins\/seo\/ -->\n<title>Int\u00e9grer les avis G2 Crowd sur le site Web Wix (gratuit et rapide)<\/title>\n<meta name=\"description\" content=\"Il est parfaitement simple de concevoir votre application G2 Crowd Reviews et de l&#039;afficher sur le site Web de Wix. Le support client Elfsight est gratuit et rapide.\" \/>\n<meta name=\"robots\" content=\"index, follow, max-snippet:-1, max-image-preview:large, max-video-preview:-1\" \/>\n<link rel=\"canonical\" href=\"https:\/\/elfsight.com\/fr\/g2-crowd-reviews-widget\/wix\/\" \/>\n<meta property=\"og:locale\" content=\"fr_FR\" \/>\n<meta property=\"og:type\" content=\"article\" \/>\n<meta property=\"og:title\" content=\"Int\u00e9grer les avis G2 Crowd sur le site Web Wix (gratuit et rapide)\" \/>\n<meta property=\"og:description\" content=\"Il est parfaitement simple de concevoir votre application G2 Crowd Reviews et de l&#039;afficher sur le site Web de Wix. Le support client Elfsight est gratuit et rapide.\" \/>\n<meta property=\"og:url\" content=\"https:\/\/elfsight.com\/fr\/g2-crowd-reviews-widget\/wix\/\" \/>\n<meta property=\"og:site_name\" content=\"Elfsight FR\" \/>\n<meta property=\"article:modified_time\" content=\"2025-07-09T17:36:40+00:00\" \/>\n<meta name=\"twitter:card\" content=\"summary_large_image\" \/>\n<meta name=\"twitter:label1\" content=\"Dur\u00e9e de lecture estim\u00e9e\" \/>\n\t<meta name=\"twitter:data1\" content=\"3 minutes\" \/>\n<!-- \/ Yoast SEO plugin. -->","yoast_head_json":{"title":"Int\u00e9grer les avis G2 Crowd sur le site Web Wix (gratuit et rapide)","description":"Il est parfaitement simple de concevoir votre application G2 Crowd Reviews et de l'afficher sur le site Web de Wix. Le support client Elfsight est gratuit et rapide.","robots":{"index":"index","follow":"follow","max-snippet":"max-snippet:-1","max-image-preview":"max-image-preview:large","max-video-preview":"max-video-preview:-1"},"canonical":"https:\/\/elfsight.com\/fr\/g2-crowd-reviews-widget\/wix\/","og_locale":"fr_FR","og_type":"article","og_title":"Int\u00e9grer les avis G2 Crowd sur le site Web Wix (gratuit et rapide)","og_description":"Il est parfaitement simple de concevoir votre application G2 Crowd Reviews et de l'afficher sur le site Web de Wix. Le support client Elfsight est gratuit et rapide.","og_url":"https:\/\/elfsight.com\/fr\/g2-crowd-reviews-widget\/wix\/","og_site_name":"Elfsight FR","article_modified_time":"2025-07-09T17:36:40+00:00","twitter_card":"summary_large_image","twitter_misc":{"Dur\u00e9e de lecture estim\u00e9e":"3 minutes"},"schema":{"@context":"https:\/\/schema.org","@graph":[{"@type":"WebPage","@id":"https:\/\/elfsight.com\/fr\/g2-crowd-reviews-widget\/wix\/","url":"https:\/\/elfsight.com\/fr\/g2-crowd-reviews-widget\/wix\/","name":"Int\u00e9grer les avis G2 Crowd sur le site Web Wix (gratuit et rapide)","isPartOf":{"@id":"https:\/\/elfsight.com\/fr\/#website"},"datePublished":"2024-05-03T06:38:12+00:00","dateModified":"2025-07-09T17:36:40+00:00","description":"Il est parfaitement simple de concevoir votre application G2 Crowd Reviews et de l'afficher sur le site Web de Wix. Le support client Elfsight est gratuit et rapide.","breadcrumb":{"@id":"https:\/\/elfsight.com\/fr\/g2-crowd-reviews-widget\/wix\/#breadcrumb"},"inLanguage":"fr-FR","potentialAction":[{"@type":"ReadAction","target":["https:\/\/elfsight.com\/fr\/g2-crowd-reviews-widget\/wix\/"]}]},{"@type":"BreadcrumbList","@id":"https:\/\/elfsight.com\/fr\/g2-crowd-reviews-widget\/wix\/#breadcrumb","itemListElement":[{"@type":"ListItem","position":1,"name":"Home","item":"https:\/\/elfsight.com\/fr\/"},{"@type":"ListItem","position":2,"name":"G2 Crowd Reviews","item":"https:\/\/elfsight.com\/fr\/g2-crowd-reviews-widget\/"},{"@type":"ListItem","position":3,"name":"G2 Crowd Reviews &#8211; Wix"}]},{"@type":"WebSite","@id":"https:\/\/elfsight.com\/fr\/#website","url":"https:\/\/elfsight.com\/fr\/","name":"Elfsight FR","description":"","potentialAction":[{"@type":"SearchAction","target":{"@type":"EntryPoint","urlTemplate":"https:\/\/elfsight.com\/fr\/?s={search_term_string}"},"query-input":{"@type":"PropertyValueSpecification","valueRequired":true,"valueName":"search_term_string"}}],"inLanguage":"fr-FR"}]}},"meta_box":{"industry":"","seo_heading":"","heading":"","description":"","cta_heading":"","cta_description":"","application":"2168","h1":"Critiques de G2 Crowd pour Wix","h1_caption":"Pr\u00e9sentez les avis g2 pour mettre en \u00e9vidence le succ\u00e8s et la r\u00e9putation de votre logiciel aupr\u00e8s des utilisateurs sur votre site Web Wix sans effort.","application_category":[],"applications_title":"","applications_request_title":"","applications_request_button_text":"","hero_text":"","hero_video":"","hero_video_schema_markup":"","selling_points_title":"","selling_points_caption":"","selling_points":[],"selling_points_cta_text":"","features_title":"","features":"","ed_cta_examples_text":"","ed_cta_examples_hidden":"","ed_cta_demo_text":"","ed_cta_demo_hidden":"","why_caption":"","why_editor_title":"","why_editor_text":"","why_team_title":"","why_team_text":"","why_service_title":"","why_service_text":"","template_catalog_visible":"","template_catalog_title":"","template_catalog_text":"","template_catalog_categories_visible":"","demo_title":"Cr\u00e9ez votre application G2 Crowd Reviews","demo_caption":"Configurez vos avis G2 Crowd et ajoutez-le \u00e0 votre site Web Wix gratuitement !","default_faq_hidden":"","app_template_category":[],"platform":"345","template_public_id":"","codecanyon_url":"","codecanyon_item_id":"","codecanyon_price":"","pricing_caption":"","pricing_elfsight_apps_hide_column":"","pricing_elfsight_apps_url":"","pricing_codecanyon_price_caption":"","integration_category":[],"integration_request_title":"","integration_request_cta":"","integration_platform":"","integrations":[],"platform_category":[],"video_schema_markup":"","price":"\u00e0 partir de 0$ \/ mois","trial":"","benefits":[{"text":"Aide \u00e0 l'installation gratuite"},{"text":"Support client exp\u00e9riment\u00e9"},{"text":"Garantie de remboursement de 14 jours"},{"text":"D\u00e9veloppement continu"}],"button_url":"#demo","button_target_blank":"","button_nofollow":"","attributes":[{"name":"Installations","content":"10,000 - 100,000"},{"name":"Sensible","content":"Oui"},{"name":"Navigateurs compatibles","content":"Firefox, Opera, Edge, Chrome, Safari"}],"tags":[],"tags_disable_links":"","hide_more_platforms":"","video_object":"","demo_hide_cta":"","demo_hide_cloud_options":"","pricing_title":"","pricing":[{"pricing_icon":"platform","pricing_title":"Elfsight Apps","pricing_title_caption":"Solution ind\u00e9pendante de la plateforme","pricing_price":"from $0 \/ month","pricing_price_caption":"commencez avec un forfait gratuit","pricing_benefits":[{"text":"Domaines illimit\u00e9s"},{"text":"Support client professionnel"},{"text":"Aide \u00e0 l'installation gratuite"},{"text":"Offre sp\u00e9ciale pour plusieurs applications"}],"pricing_button_text":"Ajouter au site Web","pricing_button_url":"#demo"}],"related_apps_title":"","related_apps_hidden":"","author":"","image":[],"title":"","job":"","social_networks":[]},"_links":{"self":[{"href":"https:\/\/elfsight.com\/fr\/wp-json\/wp\/v2\/pages\/13515","targetHints":{"allow":["GET"]}}],"collection":[{"href":"https:\/\/elfsight.com\/fr\/wp-json\/wp\/v2\/pages"}],"about":[{"href":"https:\/\/elfsight.com\/fr\/wp-json\/wp\/v2\/types\/page"}],"author":[{"embeddable":true,"href":"https:\/\/elfsight.com\/fr\/wp-json\/wp\/v2\/users\/9"}],"replies":[{"embeddable":true,"href":"https:\/\/elfsight.com\/fr\/wp-json\/wp\/v2\/comments?post=13515"}],"version-history":[{"count":1,"href":"https:\/\/elfsight.com\/fr\/wp-json\/wp\/v2\/pages\/13515\/revisions"}],"predecessor-version":[{"id":13519,"href":"https:\/\/elfsight.com\/fr\/wp-json\/wp\/v2\/pages\/13515\/revisions\/13519"}],"up":[{"embeddable":true,"href":"https:\/\/elfsight.com\/fr\/wp-json\/wp\/v2\/pages\/2169"}],"wp:attachment":[{"href":"https:\/\/elfsight.com\/fr\/wp-json\/wp\/v2\/media?parent=13515"}],"curies":[{"name":"wp","href":"https:\/\/api.w.org\/{rel}","templated":true}]}}