{"id":13499,"date":"2024-05-03T06:38:04","date_gmt":"2024-05-03T06:38:04","guid":{"rendered":"https:\/\/elfsight.com\/fr\/?page_id=13499"},"modified":"2025-07-09T17:35:10","modified_gmt":"2025-07-09T17:35:10","slug":"jimdo","status":"publish","type":"page","link":"https:\/\/elfsight.com\/fr\/g2-crowd-reviews-widget\/jimdo\/","title":{"rendered":"G2 Crowd Reviews &#8211; Jimdo"},"content":{"rendered":"<div class=\"application-platform-content-item-description application-platform-content-item\" id=\"description\" data-nav-section=\"description\"> <h2>Description<\/h2> <p>G2 Crowd Reviews est un widget pratique vous offrant la possibilit\u00e9 de r\u00e9v\u00e9ler les avis sur vos offres directement sur votre site de tous les sites d\u2019\u00e9valuation r\u00e9put\u00e9s. Avec l&rsquo;aide de notre widget, vous parviendrez \u00e0 appliquer des filtres pour masquer les avis ind\u00e9sirables, \u00e0 afficher votre note par \u00e9toiles et votre note num\u00e9rique directement depuis votre page sur n&rsquo;importe quel site d&rsquo;avis, \u00e0 ajouter des informations sur les auteurs des avis et \u00e0 attacher un bouton CTA qui motivera les visiteurs \u00e0 \u00e9crire leurs pens\u00e9es. Le widget G2 Crowd Reviews vous poussera \u00e0 pr\u00e9senter votre merveilleuse preuve sociale directement sur la page Web et \u00e0 commencer \u00e0 g\u00e9n\u00e9rer davantage de nouvelles ventes. <\/p> <p><b>Utilisez G2 Crowd Reviews pour atteindre plus efficacement vos objectifs de commerce \u00e9lectronique\u00a0! <\/b><\/p> <\/div> <div class=\"application-platform-content-item-features application-platform-content-item\" id=\"features\" data-nav-section=\"features\"> <h2>Trouvez ci-dessous les principales fonctionnalit\u00e9s du widget\u00a0: <\/h2> <ul><li>Int\u00e9grez les avis clients du compte G2 Crowd<\/li><li>Trois types de filtres\u00a0: par type, quantit\u00e9 d&rsquo;avis et exclusion par<\/li><li>Quatre types de mise en page\u00a0: Slider, Ma\u00e7onnerie, Liste et Grille<\/li><li>Types de navigation et de fl\u00e8ches par glisser-d\u00e9placer dans la disposition Slider<\/li><li>D\u00e9finir la vitesse de lecture automatique et la vitesse de glissement<\/li><li>S\u00e9lectionner le type de pagination dans la disposition Slider<\/li><li>Bouton d&rsquo;appel \u00e0 l&rsquo;action pour obtenir les avis des nouveaux utilisateurs sur G2 Crowd page<\/li><li>Trois mod\u00e8les d&rsquo;avis\u00a0: Classique, Bulle, Spotlight<\/li><li>6 \u00e9l\u00e9ments flexibles des avis\u00a0: ic\u00f4ne et photo G2 Crowd, recommandation, nombre d&rsquo;\u00e9toiles, date et nom de l&rsquo;auteur<\/li><li>Une option pour modifier la taille de la police du texte de r\u00e9vision<\/li><\/ul><p><a href=\"#demo\">Vous pouvez voir ce que vaut le widget \u00e0 l&rsquo;aide de la d\u00e9mo<\/a> <\/p> <\/div> <div class=\"application-platform-content-item-installation application-platform-content-item\" id=\"installation\" data-nav-section=\"installation\"> <h2>Comment int\u00e9grer G2 Crowd Reviews sur mon site Jimdo ? <\/h2> <p>Remplissez simplement les instructions ci-dessous pour ins\u00e9rer l&rsquo;outil. <\/p> <ol><li><b>R\u00e9alisez notre d\u00e9mo gratuite et commencez \u00e0 fa\u00e7onner votre widget personnalis\u00e9. <\/b><br> Choisissez l&rsquo;apparence et les param\u00e8tres pr\u00e9f\u00e9r\u00e9s du widget et enregistrez les modifications. <\/li> <li><b>Acqu\u00e9rir le code personnel r\u00e9v\u00e9l\u00e9 dans le formulaire sp\u00e9cial sur Elfsight Apps. <\/b><br> D\u00e8s que la configuration de votre widget est termin\u00e9e, copiez le code personnel dans la case et enregistrez-le pour une utilisation ult\u00e9rieure. <\/li> <li><b>Initiez l&rsquo;utilisation du widget sur votre page Web Jimdo. <\/b><br> Int\u00e9grez le code que vous avez copi\u00e9 r\u00e9cemment dans votre site Web et enregistrez les am\u00e9liorations. <\/li> <li><b>L&rsquo;installation est effectu\u00e9e avec succ\u00e8s. <\/b><br> Rendez-vous sur votre site pour observer le fonctionnement de l&rsquo;outil. <\/li><\/ol> <p>En cas de questions ou de complications, n&rsquo;h\u00e9sitez pas \u00e0 faire appel \u00e0 notre \u00e9quipe d&rsquo;assistance. Nos collaborateurs seront ravis de r\u00e9soudre toutes les questions que vous pourriez vous poser avec le widget. <\/p> <div class=\"faq\" data-component=\"FAQ\"> <div class=\"faq-item\">\r\n\t\t\t\t\t<div class=\"faq-item-question\">\r\n\t\t\t\t\t\t<h3 class=\"faq-item-question-text\">Comment puis-je ajouter des avis G2 \u00e0 mon site Jimdo sans comp\u00e9tences en codage ?<\/h3>\r\n\r\n\t\t\t\t\t\t<div class=\"faq-item-question-icon\"><\/div>\r\n\t\t\t\t\t<\/div>\r\n\r\n\t\t\t\t\t<div class=\"faq-item-answer\">\r\n\t\t\t\t\t\t<div class=\"faq-item-answer-text\"> <p>Elfsight fournit une solution SaaS qui vous permet de cr\u00e9er vous-m\u00eame un widget Avis G2, voyez \u00e0 quel point il est facile Le processus est le suivant\u00a0: Travaillez directement dans l&rsquo;\u00e9diteur en ligne pour cr\u00e9er un widget G2 Reviews que vous aimeriez voir sur votre site Jimdo. Choisissez l&rsquo;un des mod\u00e8les pr\u00e9d\u00e9finis et ajustez les param\u00e8tres de G2 Reviews, ajoutez votre contenu, modifiez la mise en page et la palette de couleurs sans comp\u00e9tences en codage. Enregistrez les avis G2 et copiez son code d&rsquo;installation, que vous pouvez facilement coller sur votre site Web Jimdo sans acheter d&rsquo;abonnement payant. Gr\u00e2ce \u00e0 notre \u00e9diteur intuitif, tout internaute peut cr\u00e9er un widget G2 Reviews en ligne et l&rsquo;int\u00e9grer facilement \u00e0 son site Jimdo. Il n&rsquo;est pas n\u00e9cessaire de payer ou de saisir les informations d&rsquo;identification de votre carte pour acc\u00e9der au service. Si vous rencontrez des probl\u00e8mes \u00e0 n&rsquo;importe quelle \u00e9tape, n&rsquo;h\u00e9sitez pas \u00e0 contacter notre \u00e9quipe d&rsquo;assistance technique.<\/p> <\/div>\r\n\t\t\t\t\t<\/div>\r\n\t\t\t\t<\/div> <\/div> <\/div>","protected":false},"excerpt":{"rendered":"","protected":false},"author":9,"featured_media":0,"parent":2169,"menu_order":0,"comment_status":"closed","ping_status":"closed","template":"templates\/template-application-platform.php","meta":{"publish_to_discourse":"","publish_post_category":"","wpdc_auto_publish_overridden":"","wpdc_topic_tags":"","wpdc_pin_topic":"","wpdc_pin_until":"","discourse_post_id":"","discourse_permalink":"","wpdc_publishing_response":"","wpdc_publishing_error":"","footnotes":""},"class_list":["post-13499","page","type-page","status-publish","hentry"],"yoast_head":"<!-- This site is optimized with the Yoast SEO plugin v25.3.1 - https:\/\/yoast.com\/wordpress\/plugins\/seo\/ -->\n<title>Int\u00e9grez les avis G2 Crowd au site Web Jimdo (gratuit et rapide)<\/title>\n<meta name=\"description\" content=\"Avec Elfsight, cr\u00e9ez votre widget G2 Crowd Reviews et ins\u00e9rez-le sur votre site Jimdo en un rien de temps. Nous avons un service client gratuit et plus de bonus.\" \/>\n<meta name=\"robots\" content=\"index, follow, max-snippet:-1, max-image-preview:large, max-video-preview:-1\" \/>\n<link rel=\"canonical\" href=\"https:\/\/elfsight.com\/fr\/g2-crowd-reviews-widget\/jimdo\/\" \/>\n<meta property=\"og:locale\" content=\"fr_FR\" \/>\n<meta property=\"og:type\" content=\"article\" \/>\n<meta property=\"og:title\" content=\"Int\u00e9grez les avis G2 Crowd au site Web Jimdo (gratuit et rapide)\" \/>\n<meta property=\"og:description\" content=\"Avec Elfsight, cr\u00e9ez votre widget G2 Crowd Reviews et ins\u00e9rez-le sur votre site Jimdo en un rien de temps. Nous avons un service client gratuit et plus de bonus.\" \/>\n<meta property=\"og:url\" content=\"https:\/\/elfsight.com\/fr\/g2-crowd-reviews-widget\/jimdo\/\" \/>\n<meta property=\"og:site_name\" content=\"Elfsight FR\" \/>\n<meta property=\"article:modified_time\" content=\"2025-07-09T17:35:10+00:00\" \/>\n<meta name=\"twitter:card\" content=\"summary_large_image\" \/>\n<meta name=\"twitter:label1\" content=\"Dur\u00e9e de lecture estim\u00e9e\" \/>\n\t<meta name=\"twitter:data1\" content=\"3 minutes\" \/>\n<!-- \/ Yoast SEO plugin. -->","yoast_head_json":{"title":"Int\u00e9grez les avis G2 Crowd au site Web Jimdo (gratuit et rapide)","description":"Avec Elfsight, cr\u00e9ez votre widget G2 Crowd Reviews et ins\u00e9rez-le sur votre site Jimdo en un rien de temps. Nous avons un service client gratuit et plus de bonus.","robots":{"index":"index","follow":"follow","max-snippet":"max-snippet:-1","max-image-preview":"max-image-preview:large","max-video-preview":"max-video-preview:-1"},"canonical":"https:\/\/elfsight.com\/fr\/g2-crowd-reviews-widget\/jimdo\/","og_locale":"fr_FR","og_type":"article","og_title":"Int\u00e9grez les avis G2 Crowd au site Web Jimdo (gratuit et rapide)","og_description":"Avec Elfsight, cr\u00e9ez votre widget G2 Crowd Reviews et ins\u00e9rez-le sur votre site Jimdo en un rien de temps. Nous avons un service client gratuit et plus de bonus.","og_url":"https:\/\/elfsight.com\/fr\/g2-crowd-reviews-widget\/jimdo\/","og_site_name":"Elfsight FR","article_modified_time":"2025-07-09T17:35:10+00:00","twitter_card":"summary_large_image","twitter_misc":{"Dur\u00e9e de lecture estim\u00e9e":"3 minutes"},"schema":{"@context":"https:\/\/schema.org","@graph":[{"@type":"WebPage","@id":"https:\/\/elfsight.com\/fr\/g2-crowd-reviews-widget\/jimdo\/","url":"https:\/\/elfsight.com\/fr\/g2-crowd-reviews-widget\/jimdo\/","name":"Int\u00e9grez les avis G2 Crowd au site Web Jimdo (gratuit et rapide)","isPartOf":{"@id":"https:\/\/elfsight.com\/fr\/#website"},"datePublished":"2024-05-03T06:38:04+00:00","dateModified":"2025-07-09T17:35:10+00:00","description":"Avec Elfsight, cr\u00e9ez votre widget G2 Crowd Reviews et ins\u00e9rez-le sur votre site Jimdo en un rien de temps. Nous avons un service client gratuit et plus de bonus.","breadcrumb":{"@id":"https:\/\/elfsight.com\/fr\/g2-crowd-reviews-widget\/jimdo\/#breadcrumb"},"inLanguage":"fr-FR","potentialAction":[{"@type":"ReadAction","target":["https:\/\/elfsight.com\/fr\/g2-crowd-reviews-widget\/jimdo\/"]}]},{"@type":"BreadcrumbList","@id":"https:\/\/elfsight.com\/fr\/g2-crowd-reviews-widget\/jimdo\/#breadcrumb","itemListElement":[{"@type":"ListItem","position":1,"name":"Home","item":"https:\/\/elfsight.com\/fr\/"},{"@type":"ListItem","position":2,"name":"G2 Crowd Reviews","item":"https:\/\/elfsight.com\/fr\/g2-crowd-reviews-widget\/"},{"@type":"ListItem","position":3,"name":"G2 Crowd Reviews &#8211; Jimdo"}]},{"@type":"WebSite","@id":"https:\/\/elfsight.com\/fr\/#website","url":"https:\/\/elfsight.com\/fr\/","name":"Elfsight FR","description":"","potentialAction":[{"@type":"SearchAction","target":{"@type":"EntryPoint","urlTemplate":"https:\/\/elfsight.com\/fr\/?s={search_term_string}"},"query-input":{"@type":"PropertyValueSpecification","valueRequired":true,"valueName":"search_term_string"}}],"inLanguage":"fr-FR"}]}},"meta_box":{"industry":"","seo_heading":"","heading":"","description":"","cta_heading":"","cta_description":"","application":"2168","h1":"Critiques de G2 Crowd pour Jimdo","h1_caption":"Pr\u00e9sentez les avis g2 pour mettre en \u00e9vidence le succ\u00e8s et la r\u00e9putation de votre logiciel aupr\u00e8s des utilisateurs sur votre site Web Jimdo sans effort.","application_category":[],"applications_title":"","applications_request_title":"","applications_request_button_text":"","hero_text":"","hero_video":"","hero_video_schema_markup":"","selling_points_title":"","selling_points_caption":"","selling_points":[],"selling_points_cta_text":"","features_title":"","features":"","ed_cta_examples_text":"","ed_cta_examples_hidden":"","ed_cta_demo_text":"","ed_cta_demo_hidden":"","why_caption":"","why_editor_title":"","why_editor_text":"","why_team_title":"","why_team_text":"","why_service_title":"","why_service_text":"","template_catalog_visible":"","template_catalog_title":"","template_catalog_text":"","template_catalog_categories_visible":"","demo_title":"Cr\u00e9ez votre widget G2 Crowd Reviews","demo_caption":"Configurez vos avis G2 Crowd et ajoutez-le gratuitement \u00e0 votre site Jimdo !","default_faq_hidden":"","app_template_category":[],"platform":"372","template_public_id":"","codecanyon_url":"","codecanyon_item_id":"","codecanyon_price":"","pricing_caption":"","pricing_elfsight_apps_hide_column":"","pricing_elfsight_apps_url":"","pricing_codecanyon_price_caption":"","integration_category":[],"integration_request_title":"","integration_request_cta":"","integration_platform":"","integrations":[],"platform_category":[],"video_schema_markup":"","price":"\u00e0 partir de 0$ \/ mois","trial":"","benefits":[{"text":"Service d'installation gratuit"},{"text":"Service client comp\u00e9tent"},{"text":"Garantie de remboursement de 14 jours"},{"text":"Mises \u00e0 jour r\u00e9guli\u00e8res"}],"button_url":"#demo","button_target_blank":"","button_nofollow":"","attributes":[{"name":"Installations","content":"10,000 - 100,000"},{"name":"Sensible","content":"Oui"},{"name":"Navigateurs compatibles","content":"Firefox, Safari, Opera, Chrome, Edge"}],"tags":[],"tags_disable_links":"","hide_more_platforms":"","video_object":"","demo_hide_cta":"","demo_hide_cloud_options":"","pricing_title":"","pricing":[{"pricing_icon":"platform","pricing_title":"Elfsight Apps","pricing_title_caption":"Version multiplateforme adapt\u00e9e \u00e0 n'importe quel site Web","pricing_price":"from $0 \/ month","pricing_price_caption":"commencez avec un forfait gratuit","pricing_benefits":[{"text":"Sites Web illimit\u00e9s"},{"text":"Assistance 24h\/24 et 7j\/7, ponctuelle et bien document\u00e9e"},{"text":"Aide \u00e0 l'installation gratuite"},{"text":"Conception flexible"}],"pricing_button_text":"Ajouter au site Web","pricing_button_url":"#demo"}],"related_apps_title":"","related_apps_hidden":"","author":"","image":[],"title":"","job":"","social_networks":[]},"_links":{"self":[{"href":"https:\/\/elfsight.com\/fr\/wp-json\/wp\/v2\/pages\/13499","targetHints":{"allow":["GET"]}}],"collection":[{"href":"https:\/\/elfsight.com\/fr\/wp-json\/wp\/v2\/pages"}],"about":[{"href":"https:\/\/elfsight.com\/fr\/wp-json\/wp\/v2\/types\/page"}],"author":[{"embeddable":true,"href":"https:\/\/elfsight.com\/fr\/wp-json\/wp\/v2\/users\/9"}],"replies":[{"embeddable":true,"href":"https:\/\/elfsight.com\/fr\/wp-json\/wp\/v2\/comments?post=13499"}],"version-history":[{"count":1,"href":"https:\/\/elfsight.com\/fr\/wp-json\/wp\/v2\/pages\/13499\/revisions"}],"predecessor-version":[{"id":13503,"href":"https:\/\/elfsight.com\/fr\/wp-json\/wp\/v2\/pages\/13499\/revisions\/13503"}],"up":[{"embeddable":true,"href":"https:\/\/elfsight.com\/fr\/wp-json\/wp\/v2\/pages\/2169"}],"wp:attachment":[{"href":"https:\/\/elfsight.com\/fr\/wp-json\/wp\/v2\/media?parent=13499"}],"curies":[{"name":"wp","href":"https:\/\/api.w.org\/{rel}","templated":true}]}}