{"id":13486,"date":"2024-05-03T06:37:34","date_gmt":"2024-05-03T06:37:34","guid":{"rendered":"https:\/\/elfsight.com\/fr\/?page_id=13486"},"modified":"2025-07-09T17:31:28","modified_gmt":"2025-07-09T17:31:28","slug":"blogspot","status":"publish","type":"page","link":"https:\/\/elfsight.com\/fr\/online-form-builder\/blogspot\/","title":{"rendered":"Form Builder &#8211; Blogspot"},"content":{"rendered":"<div class=\"application-platform-content-item-description application-platform-content-item\" id=\"description\" data-nav-section=\"description\"><h2>Description<\/h2>Notre g\u00e9n\u00e9rateur de formulaires offre une solution polyvalente pour cr\u00e9er diff\u00e9rents types de formulaires de remplissage pour votre site Web Blogspot. Vous pouvez recueillir des informations aupr\u00e8s de vos clients, existants et potentiels, gr\u00e2ce \u00e0 des enqu\u00eates faciles \u00e0 remplir, des formulaires de commentaires, des demandes d&rsquo;\u00e9valuation, etc. Vous pouvez personnaliser la structure du formulaire en choisissant des \u00e9l\u00e9ments, en sp\u00e9cifiant des types de saisie, en ajoutant des \u00e9chelles et bien plus encore, ce qui en fait un outil efficace pour la collecte de donn\u00e9es.<b>D\u00e9marrez avec Form Builder et atteignez vos objectifs commerciaux plus rapidement\u00a0! <\/b><\/div> <div class=\"application-platform-content-item-features application-platform-content-item\" id=\"features\" data-nav-section=\"features\"><h2>D\u00e9couvrez nos fonctionnalit\u00e9s utiles et faciles \u00e0 utiliser\u00a0:<\/h2><ul> <li>Ajoutez des CTA pour guider les utilisateurs vers votre objectif. <\/li> <li>Ajustez la dur\u00e9e de changement de diapositive.<\/li> <li>Choisissez parmi plusieurs variantes.<\/li> <li>Placez votre texte n&rsquo;importe o\u00f9 sur la page \u00e0 l&rsquo;aide du positionnement avanc\u00e9.<\/li> <li>Modifiez cinq \u00e9l\u00e9ments de contenu.<\/li><\/ul><a href=\"#demo\">Essayez tous les param\u00e8tres dans notre d\u00e9mo 100\u00a0% fonctionnelle<\/a><\/div> <div class=\"application-platform-content-item-installation application-platform-content-item\" id=\"installation\" data-nav-section=\"installation\"><h2> Comment int\u00e9grer Form Builder sur mon site Web Blogspot\u00a0?<\/h2>L&rsquo;int\u00e9gration de notre widget est simple. Suivez ces \u00e9tapes\u00a0:<ol> <li><b>Ouvrez notre configurateur gratuit et cr\u00e9ez votre plugin personnalis\u00e9. <\/b>Choisissez l&rsquo;apparence et les fonctionnalit\u00e9s du plugin que vous pr\u00e9f\u00e9rez et appliquez les modifications.<\/li> <li><b>Copiez le code personnel qui appara\u00eet dans la fen\u00eatre des applications Elfsight. <\/b>Apr\u00e8s avoir cr\u00e9\u00e9 votre widget, copiez le code de la fen\u00eatre qui appara\u00eet et enregistrez-le pour une utilisation ult\u00e9rieure.<\/li> <li><b>Ins\u00e9rez le code dans votre page Web et enregistrez les modifications. <\/b>Commencez \u00e0 utiliser le plugin sur votre site Blogspot.<\/li> <li><b>V\u00e9rifiez les performances du plugin sur votre site Web. <\/b>L&rsquo;installation est termin\u00e9e.<\/li><\/ol>Si vous rencontrez des difficult\u00e9s, veuillez contacter notre \u00e9quipe d&rsquo;assistance. Nos sp\u00e9cialistes se feront un plaisir de r\u00e9pondre \u00e0 toutes vos questions sur le produit.<\/div>","protected":false},"excerpt":{"rendered":"","protected":false},"author":9,"featured_media":0,"parent":1158,"menu_order":0,"comment_status":"closed","ping_status":"closed","template":"templates\/template-application-platform.php","meta":{"publish_to_discourse":"","publish_post_category":"","wpdc_auto_publish_overridden":"","wpdc_topic_tags":"","wpdc_pin_topic":"","wpdc_pin_until":"","discourse_post_id":"","discourse_permalink":"","wpdc_publishing_response":"","wpdc_publishing_error":"","footnotes":""},"class_list":["post-13486","page","type-page","status-publish","hentry"],"yoast_head":"<!-- This site is optimized with the Yoast SEO plugin v25.3.1 - https:\/\/yoast.com\/wordpress\/plugins\/seo\/ -->\n<title>Blogspot Form Builder - Ajouter un widget de formulaire au site Web Blogspot<\/title>\n<meta name=\"description\" content=\"Cr\u00e9ez un g\u00e9n\u00e9rateur de formulaires en ligne sur Blogspot en seulement 1 minute. Essayez tous les avantages de base du meilleur widget de formulaire dans un configurateur gratuit.\" \/>\n<meta name=\"robots\" content=\"index, follow, max-snippet:-1, max-image-preview:large, max-video-preview:-1\" \/>\n<link rel=\"canonical\" href=\"https:\/\/elfsight.com\/fr\/online-form-builder\/blogspot\/\" \/>\n<meta property=\"og:locale\" content=\"fr_FR\" \/>\n<meta property=\"og:type\" content=\"article\" \/>\n<meta property=\"og:title\" content=\"Blogspot Form Builder - Ajouter un widget de formulaire au site Web Blogspot\" \/>\n<meta property=\"og:description\" content=\"Cr\u00e9ez un g\u00e9n\u00e9rateur de formulaires en ligne sur Blogspot en seulement 1 minute. Essayez tous les avantages de base du meilleur widget de formulaire dans un configurateur gratuit.\" \/>\n<meta property=\"og:url\" content=\"https:\/\/elfsight.com\/fr\/online-form-builder\/blogspot\/\" \/>\n<meta property=\"og:site_name\" content=\"Elfsight FR\" \/>\n<meta property=\"article:modified_time\" content=\"2025-07-09T17:31:28+00:00\" \/>\n<meta name=\"twitter:card\" content=\"summary_large_image\" \/>\n<meta name=\"twitter:label1\" content=\"Dur\u00e9e de lecture estim\u00e9e\" \/>\n\t<meta name=\"twitter:data1\" content=\"2 minutes\" \/>\n<!-- \/ Yoast SEO plugin. -->","yoast_head_json":{"title":"Blogspot Form Builder - Ajouter un widget de formulaire au site Web Blogspot","description":"Cr\u00e9ez un g\u00e9n\u00e9rateur de formulaires en ligne sur Blogspot en seulement 1 minute. Essayez tous les avantages de base du meilleur widget de formulaire dans un configurateur gratuit.","robots":{"index":"index","follow":"follow","max-snippet":"max-snippet:-1","max-image-preview":"max-image-preview:large","max-video-preview":"max-video-preview:-1"},"canonical":"https:\/\/elfsight.com\/fr\/online-form-builder\/blogspot\/","og_locale":"fr_FR","og_type":"article","og_title":"Blogspot Form Builder - Ajouter un widget de formulaire au site Web Blogspot","og_description":"Cr\u00e9ez un g\u00e9n\u00e9rateur de formulaires en ligne sur Blogspot en seulement 1 minute. Essayez tous les avantages de base du meilleur widget de formulaire dans un configurateur gratuit.","og_url":"https:\/\/elfsight.com\/fr\/online-form-builder\/blogspot\/","og_site_name":"Elfsight FR","article_modified_time":"2025-07-09T17:31:28+00:00","twitter_card":"summary_large_image","twitter_misc":{"Dur\u00e9e de lecture estim\u00e9e":"2 minutes"},"schema":{"@context":"https:\/\/schema.org","@graph":[{"@type":"WebPage","@id":"https:\/\/elfsight.com\/fr\/online-form-builder\/blogspot\/","url":"https:\/\/elfsight.com\/fr\/online-form-builder\/blogspot\/","name":"Blogspot Form Builder - Ajouter un widget de formulaire au site Web Blogspot","isPartOf":{"@id":"https:\/\/elfsight.com\/fr\/#website"},"datePublished":"2024-05-03T06:37:34+00:00","dateModified":"2025-07-09T17:31:28+00:00","description":"Cr\u00e9ez un g\u00e9n\u00e9rateur de formulaires en ligne sur Blogspot en seulement 1 minute. Essayez tous les avantages de base du meilleur widget de formulaire dans un configurateur gratuit.","breadcrumb":{"@id":"https:\/\/elfsight.com\/fr\/online-form-builder\/blogspot\/#breadcrumb"},"inLanguage":"fr-FR","potentialAction":[{"@type":"ReadAction","target":["https:\/\/elfsight.com\/fr\/online-form-builder\/blogspot\/"]}]},{"@type":"BreadcrumbList","@id":"https:\/\/elfsight.com\/fr\/online-form-builder\/blogspot\/#breadcrumb","itemListElement":[{"@type":"ListItem","position":1,"name":"Home","item":"https:\/\/elfsight.com\/fr\/"},{"@type":"ListItem","position":2,"name":"Form Builder","item":"https:\/\/elfsight.com\/fr\/online-form-builder\/"},{"@type":"ListItem","position":3,"name":"Form Builder &#8211; Blogspot"}]},{"@type":"WebSite","@id":"https:\/\/elfsight.com\/fr\/#website","url":"https:\/\/elfsight.com\/fr\/","name":"Elfsight FR","description":"","potentialAction":[{"@type":"SearchAction","target":{"@type":"EntryPoint","urlTemplate":"https:\/\/elfsight.com\/fr\/?s={search_term_string}"},"query-input":{"@type":"PropertyValueSpecification","valueRequired":true,"valueName":"search_term_string"}}],"inLanguage":"fr-FR"}]}},"meta_box":{"industry":"","seo_heading":"","heading":"","description":"","cta_heading":"","cta_description":"","application":"1157","h1":"G\u00e9n\u00e9rateur de formulaires en ligne pour Blogspot","h1_caption":"Cr\u00e9ez des formulaires personnalisables pour n'importe quel objectif (commentaires, enqu\u00eates, formulaires de contact) sans codage, ce qui facilite la collecte d'informations aupr\u00e8s de vos utilisateurs sur votre site Web Blogspot, sans effort.","application_category":[],"applications_title":"","applications_request_title":"","applications_request_button_text":"","hero_text":"","hero_video":"","hero_video_schema_markup":"","selling_points_title":"","selling_points_caption":"","selling_points":[],"selling_points_cta_text":"","features_title":"","features":"","ed_cta_examples_text":"","ed_cta_examples_hidden":"","ed_cta_demo_text":"","ed_cta_demo_hidden":"","why_caption":"","why_editor_title":"","why_editor_text":"","why_team_title":"","why_team_text":"","why_service_title":"","why_service_text":"","template_catalog_visible":"","template_catalog_title":"","template_catalog_text":"","template_catalog_categories_visible":"","demo_title":"Personnalisez-le et ajoutez-le \u00e0 votre site avec notre d\u00e9mo en direct","demo_caption":"Am\u00e9liorez l'exp\u00e9rience utilisateur de votre site Web et attirez de nouveaux visiteurs avec Elfsight Form Builder","default_faq_hidden":"","app_template_category":[],"platform":"367","template_public_id":"","codecanyon_url":"","codecanyon_item_id":"","codecanyon_price":"","pricing_caption":"","pricing_elfsight_apps_hide_column":"","pricing_elfsight_apps_url":"","pricing_codecanyon_price_caption":"","integration_category":[],"integration_request_title":"","integration_request_cta":"","integration_platform":"","integrations":[],"platform_category":[],"video_schema_markup":"","price":"\u00e0 partir de 0$ \/ mois","trial":"","benefits":[{"text":"Service d'installation gratuit"},{"text":"Assistance premium"},{"text":"Garantie de remboursement de 14 jours"},{"text":"D\u00e9veloppement continu"}],"button_url":"#demo","button_target_blank":"","button_nofollow":"","attributes":[{"name":"Installations","content":"100,000 - 500,000"},{"name":"Sensible","content":"Oui"},{"name":"Navigateurs compatibles","content":"IE11, Firefox, Safari, Opera, Chrome, Edge"}],"tags":[],"tags_disable_links":"","hide_more_platforms":"","video_object":"","demo_hide_cta":"","demo_hide_cloud_options":"","pricing_title":"","pricing":[{"pricing_icon":"platform","pricing_title":"Muse widget","pricing_title_caption":"Solution multiplateforme adapt\u00e9e \u00e0 n'importe quel site Web","pricing_price":"from $0 \/ month","pricing_price_caption":"commencez avec un forfait gratuit","pricing_benefits":[{"text":"Sites Web illimit\u00e9s"},{"text":"Assistance 24h\/24 et 7j\/7, ponctuelle et bien document\u00e9e"},{"text":"Aide \u00e0 l'installation gratuite"},{"text":"Offre \u00e0 dur\u00e9e limit\u00e9e pour plusieurs applications"}],"pricing_button_text":"Ajouter au site Web","pricing_button_url":"#demo"}],"related_apps_title":"","related_apps_hidden":"","author":"","image":[],"title":"","job":"","social_networks":[]},"_links":{"self":[{"href":"https:\/\/elfsight.com\/fr\/wp-json\/wp\/v2\/pages\/13486","targetHints":{"allow":["GET"]}}],"collection":[{"href":"https:\/\/elfsight.com\/fr\/wp-json\/wp\/v2\/pages"}],"about":[{"href":"https:\/\/elfsight.com\/fr\/wp-json\/wp\/v2\/types\/page"}],"author":[{"embeddable":true,"href":"https:\/\/elfsight.com\/fr\/wp-json\/wp\/v2\/users\/9"}],"replies":[{"embeddable":true,"href":"https:\/\/elfsight.com\/fr\/wp-json\/wp\/v2\/comments?post=13486"}],"version-history":[{"count":1,"href":"https:\/\/elfsight.com\/fr\/wp-json\/wp\/v2\/pages\/13486\/revisions"}],"predecessor-version":[{"id":13490,"href":"https:\/\/elfsight.com\/fr\/wp-json\/wp\/v2\/pages\/13486\/revisions\/13490"}],"up":[{"embeddable":true,"href":"https:\/\/elfsight.com\/fr\/wp-json\/wp\/v2\/pages\/1158"}],"wp:attachment":[{"href":"https:\/\/elfsight.com\/fr\/wp-json\/wp\/v2\/media?parent=13486"}],"curies":[{"name":"wp","href":"https:\/\/api.w.org\/{rel}","templated":true}]}}