{"id":13478,"date":"2024-05-03T06:37:30","date_gmt":"2024-05-03T06:37:30","guid":{"rendered":"https:\/\/elfsight.com\/fr\/?page_id=13478"},"modified":"2025-07-09T17:32:13","modified_gmt":"2025-07-09T17:32:13","slug":"duda","status":"publish","type":"page","link":"https:\/\/elfsight.com\/fr\/online-form-builder\/duda\/","title":{"rendered":"Form Builder &#8211; Duda"},"content":{"rendered":"<div class=\"application-platform-content-item-description application-platform-content-item\" id=\"description\" data-nav-section=\"description\"><h2>Description<\/h2>Il s&rsquo;agit d&rsquo;une solution polyvalente qui vous permet de cr\u00e9er diff\u00e9rents types de formulaires et de les afficher sur votre site Web Duda. Vous pouvez recueillir des informations aupr\u00e8s de vos clients actuels et potentiels via des enqu\u00eates faciles \u00e0 remplir, des formulaires de commentaires, des demandes d&rsquo;\u00e9valuation et d&rsquo;autres formats. Avec cet outil, vous pouvez cr\u00e9er la structure du formulaire, choisir des \u00e9l\u00e9ments, sp\u00e9cifier des types d&rsquo;entr\u00e9e, ajouter des \u00e9chelles et bien plus encore pour d\u00e9velopper des formulaires g\u00e9rables et efficaces pour la collecte de donn\u00e9es.<b>Essayez d&rsquo;utiliser Form Builder pour atteindre vos objectifs commerciaux plus efficacement\u00a0!<\/b><\/div> <div class=\"application-platform-content-item-features application-platform-content-item\" id=\"features\" data-nav-section=\"features\"><h2>Nous proposons des fonctionnalit\u00e9s utiles et conviviales. D\u00e9couvrez-en quelques-uns\u00a0:<\/h2><ul> <li>Ajoutez des CTA pour guider les utilisateurs vers votre objectif.<\/li> <li>Ajustez la dur\u00e9e de changement de diapositive.<\/li> <li>Choisissez entre plusieurs variantes.<\/li> <li>Placez votre texte n&rsquo;importe o\u00f9 sur la page en utilisant le positionnement avanc\u00e9.<\/li> <li>Modifiez cinq \u00e9l\u00e9ments de contenu.<\/li><\/ul><a href=\"#demo\">Essayez tous les param\u00e8tres dans notre d\u00e9mo enti\u00e8rement fonctionnelle<\/a><\/div> <div class=\"application-platform-content-item-installation application-platform-content-item\" id=\"installation\" data-nav-section=\"installation\"><h2>Comment puis-je int\u00e9grer Form Builder sur mon site Web Duda\u00a0?<\/h2>Suivez simplement les \u00e9tapes d\u00e9crites ci-dessous pour int\u00e9grer le widget\u00a0: <ol> <li><b>Ouvrez notre configurateur gratuit et commencez \u00e0 cr\u00e9er votre plugin personnalis\u00e9.<\/b> Choisissez l&rsquo;apparence et les fonctionnalit\u00e9s pr\u00e9f\u00e9r\u00e9es du plugin et appliquez les modifications.<\/li> <li><b>Copiez le code personnel qui appara\u00eet dans la fen\u00eatre sur les applications Elfsight.<\/b>Apr\u00e8s avoir termin\u00e9 la cr\u00e9ation de votre widget personnalis\u00e9, copiez le code individuel de la fen\u00eatre qui appara\u00eet et enregistrez-le pour une utilisation ult\u00e9rieure.<\/li> <li><b>Commencez \u00e0 utiliser le plugin sur votre site Duda.<\/b>Ins\u00e9rez le code que vous avez r\u00e9cemment copi\u00e9 dans votre page Web et enregistrez les modifications.<\/li> <li><b>L&rsquo;installation est r\u00e9ussie\u00a0!<\/b> Acc\u00e9dez \u00e0 votre site Web pour v\u00e9rifiez le fonctionnement du plugin.<\/li><\/ol>Si vous rencontrez des difficult\u00e9s, veuillez contacter notre \u00e9quipe d&rsquo;assistance. Nos sp\u00e9cialistes seront ravis de r\u00e9pondre \u00e0 toutes vos questions sur le produit.<\/div>","protected":false},"excerpt":{"rendered":"","protected":false},"author":9,"featured_media":0,"parent":1158,"menu_order":0,"comment_status":"closed","ping_status":"closed","template":"templates\/template-application-platform.php","meta":{"publish_to_discourse":"","publish_post_category":"","wpdc_auto_publish_overridden":"","wpdc_topic_tags":"","wpdc_pin_topic":"","wpdc_pin_until":"","discourse_post_id":"","discourse_permalink":"","wpdc_publishing_response":"","wpdc_publishing_error":"","footnotes":""},"class_list":["post-13478","page","type-page","status-publish","hentry"],"yoast_head":"<!-- This site is optimized with the Yoast SEO plugin v25.3.1 - https:\/\/yoast.com\/wordpress\/plugins\/seo\/ -->\n<title>Duda Form Builder - Ajouter un widget de formulaire au site Web Duda (facile)<\/title>\n<meta name=\"description\" content=\"Cr\u00e9ez un g\u00e9n\u00e9rateur de formulaires en ligne sur Adobe Muse en seulement 1 minute. Essayez tous les avantages de base du meilleur widget de formulaire dans un configurateur gratuit.\" \/>\n<meta name=\"robots\" content=\"index, follow, max-snippet:-1, max-image-preview:large, max-video-preview:-1\" \/>\n<link rel=\"canonical\" href=\"https:\/\/elfsight.com\/fr\/online-form-builder\/duda\/\" \/>\n<meta property=\"og:locale\" content=\"fr_FR\" \/>\n<meta property=\"og:type\" content=\"article\" \/>\n<meta property=\"og:title\" content=\"Duda Form Builder - Ajouter un widget de formulaire au site Web Duda (facile)\" \/>\n<meta property=\"og:description\" content=\"Cr\u00e9ez un g\u00e9n\u00e9rateur de formulaires en ligne sur Adobe Muse en seulement 1 minute. Essayez tous les avantages de base du meilleur widget de formulaire dans un configurateur gratuit.\" \/>\n<meta property=\"og:url\" content=\"https:\/\/elfsight.com\/fr\/online-form-builder\/duda\/\" \/>\n<meta property=\"og:site_name\" content=\"Elfsight FR\" \/>\n<meta property=\"article:modified_time\" content=\"2025-07-09T17:32:13+00:00\" \/>\n<meta name=\"twitter:card\" content=\"summary_large_image\" \/>\n<meta name=\"twitter:label1\" content=\"Dur\u00e9e de lecture estim\u00e9e\" \/>\n\t<meta name=\"twitter:data1\" content=\"2 minutes\" \/>\n<!-- \/ Yoast SEO plugin. -->","yoast_head_json":{"title":"Duda Form Builder - Ajouter un widget de formulaire au site Web Duda (facile)","description":"Cr\u00e9ez un g\u00e9n\u00e9rateur de formulaires en ligne sur Adobe Muse en seulement 1 minute. Essayez tous les avantages de base du meilleur widget de formulaire dans un configurateur gratuit.","robots":{"index":"index","follow":"follow","max-snippet":"max-snippet:-1","max-image-preview":"max-image-preview:large","max-video-preview":"max-video-preview:-1"},"canonical":"https:\/\/elfsight.com\/fr\/online-form-builder\/duda\/","og_locale":"fr_FR","og_type":"article","og_title":"Duda Form Builder - Ajouter un widget de formulaire au site Web Duda (facile)","og_description":"Cr\u00e9ez un g\u00e9n\u00e9rateur de formulaires en ligne sur Adobe Muse en seulement 1 minute. Essayez tous les avantages de base du meilleur widget de formulaire dans un configurateur gratuit.","og_url":"https:\/\/elfsight.com\/fr\/online-form-builder\/duda\/","og_site_name":"Elfsight FR","article_modified_time":"2025-07-09T17:32:13+00:00","twitter_card":"summary_large_image","twitter_misc":{"Dur\u00e9e de lecture estim\u00e9e":"2 minutes"},"schema":{"@context":"https:\/\/schema.org","@graph":[{"@type":"WebPage","@id":"https:\/\/elfsight.com\/fr\/online-form-builder\/duda\/","url":"https:\/\/elfsight.com\/fr\/online-form-builder\/duda\/","name":"Duda Form Builder - Ajouter un widget de formulaire au site Web Duda (facile)","isPartOf":{"@id":"https:\/\/elfsight.com\/fr\/#website"},"datePublished":"2024-05-03T06:37:30+00:00","dateModified":"2025-07-09T17:32:13+00:00","description":"Cr\u00e9ez un g\u00e9n\u00e9rateur de formulaires en ligne sur Adobe Muse en seulement 1 minute. Essayez tous les avantages de base du meilleur widget de formulaire dans un configurateur gratuit.","breadcrumb":{"@id":"https:\/\/elfsight.com\/fr\/online-form-builder\/duda\/#breadcrumb"},"inLanguage":"fr-FR","potentialAction":[{"@type":"ReadAction","target":["https:\/\/elfsight.com\/fr\/online-form-builder\/duda\/"]}]},{"@type":"BreadcrumbList","@id":"https:\/\/elfsight.com\/fr\/online-form-builder\/duda\/#breadcrumb","itemListElement":[{"@type":"ListItem","position":1,"name":"Home","item":"https:\/\/elfsight.com\/fr\/"},{"@type":"ListItem","position":2,"name":"Form Builder","item":"https:\/\/elfsight.com\/fr\/online-form-builder\/"},{"@type":"ListItem","position":3,"name":"Form Builder &#8211; Duda"}]},{"@type":"WebSite","@id":"https:\/\/elfsight.com\/fr\/#website","url":"https:\/\/elfsight.com\/fr\/","name":"Elfsight FR","description":"","potentialAction":[{"@type":"SearchAction","target":{"@type":"EntryPoint","urlTemplate":"https:\/\/elfsight.com\/fr\/?s={search_term_string}"},"query-input":{"@type":"PropertyValueSpecification","valueRequired":true,"valueName":"search_term_string"}}],"inLanguage":"fr-FR"}]}},"meta_box":{"industry":"","seo_heading":"","heading":"","description":"","cta_heading":"","cta_description":"","application":"1157","h1":"G\u00e9n\u00e9rateur de formulaires en ligne pour Duda","h1_caption":"Cr\u00e9ez des formulaires personnalisables pour n'importe quel objectif (commentaires, enqu\u00eates, formulaires de contact) sans codage, ce qui facilite la collecte d'informations aupr\u00e8s de vos utilisateurs sur votre site Web Duda, sans effort.","application_category":[],"applications_title":"","applications_request_title":"","applications_request_button_text":"","hero_text":"","hero_video":"","hero_video_schema_markup":"","selling_points_title":"","selling_points_caption":"","selling_points":[],"selling_points_cta_text":"","features_title":"","features":"","ed_cta_examples_text":"","ed_cta_examples_hidden":"","ed_cta_demo_text":"","ed_cta_demo_hidden":"","why_caption":"","why_editor_title":"","why_editor_text":"","why_team_title":"","why_team_text":"","why_service_title":"","why_service_text":"","template_catalog_visible":"","template_catalog_title":"","template_catalog_text":"","template_catalog_categories_visible":"","demo_title":"Personnalisez votre g\u00e9n\u00e9rateur de formulaires Duda","demo_caption":"Personnalisez-le et ajoutez-le \u00e0 votre site Web avec notre d\u00e9mo en direct.","default_faq_hidden":"","app_template_category":[],"platform":"368","template_public_id":"","codecanyon_url":"","codecanyon_item_id":"","codecanyon_price":"","pricing_caption":"","pricing_elfsight_apps_hide_column":"","pricing_elfsight_apps_url":"","pricing_codecanyon_price_caption":"","integration_category":[],"integration_request_title":"","integration_request_cta":"","integration_platform":"","integrations":[],"platform_category":[],"video_schema_markup":"","price":"\u00e0 partir de 0$ \/ mois","trial":"","benefits":[{"text":"Service d'installation gratuit"},{"text":"Assistance premium"},{"text":"Garantie de remboursement de 14 jours"},{"text":"D\u00e9veloppement continu"}],"button_url":"#demo","button_target_blank":"","button_nofollow":"","attributes":[{"name":"Installations","content":"100,000 - 500,000"},{"name":"Sensible","content":"Oui"},{"name":"Navigateurs compatibles","content":"IE11, Firefox, Safari, Opera, Chrome, Edge"}],"tags":[],"tags_disable_links":"","hide_more_platforms":"","video_object":"","demo_hide_cta":"","demo_hide_cloud_options":"","pricing_title":"","pricing":[{"pricing_icon":"platform","pricing_title":"Duda widget","pricing_title_caption":"Solution multiplateforme adapt\u00e9e \u00e0 n'importe quel site Web","pricing_price":"from $0 \/ month","pricing_price_caption":"commencez avec un forfait gratuit","pricing_benefits":[{"text":"Sites Web illimit\u00e9s"},{"text":"Assistance 24h\/24 et 7j\/7, ponctuelle et bien document\u00e9e"},{"text":"Aide \u00e0 l'installation gratuite"},{"text":"Offre \u00e0 dur\u00e9e limit\u00e9e pour plusieurs applications"}],"pricing_button_text":"Ajouter au site Web","pricing_button_url":"#demo"}],"related_apps_title":"","related_apps_hidden":"","author":"","image":[],"title":"","job":"","social_networks":[]},"_links":{"self":[{"href":"https:\/\/elfsight.com\/fr\/wp-json\/wp\/v2\/pages\/13478","targetHints":{"allow":["GET"]}}],"collection":[{"href":"https:\/\/elfsight.com\/fr\/wp-json\/wp\/v2\/pages"}],"about":[{"href":"https:\/\/elfsight.com\/fr\/wp-json\/wp\/v2\/types\/page"}],"author":[{"embeddable":true,"href":"https:\/\/elfsight.com\/fr\/wp-json\/wp\/v2\/users\/9"}],"replies":[{"embeddable":true,"href":"https:\/\/elfsight.com\/fr\/wp-json\/wp\/v2\/comments?post=13478"}],"version-history":[{"count":1,"href":"https:\/\/elfsight.com\/fr\/wp-json\/wp\/v2\/pages\/13478\/revisions"}],"predecessor-version":[{"id":13482,"href":"https:\/\/elfsight.com\/fr\/wp-json\/wp\/v2\/pages\/13478\/revisions\/13482"}],"up":[{"embeddable":true,"href":"https:\/\/elfsight.com\/fr\/wp-json\/wp\/v2\/pages\/1158"}],"wp:attachment":[{"href":"https:\/\/elfsight.com\/fr\/wp-json\/wp\/v2\/media?parent=13478"}],"curies":[{"name":"wp","href":"https:\/\/api.w.org\/{rel}","templated":true}]}}