{"id":13477,"date":"2024-05-03T06:37:29","date_gmt":"2024-05-03T06:37:29","guid":{"rendered":"https:\/\/elfsight.com\/fr\/?page_id=13477"},"modified":"2025-07-09T17:32:28","modified_gmt":"2025-07-09T17:32:28","slug":"expressionengine","status":"publish","type":"page","link":"https:\/\/elfsight.com\/fr\/online-form-builder\/expressionengine\/","title":{"rendered":"Form Builder &#8211; ExpressionEngine"},"content":{"rendered":"<div class=\"application-platform-content-item-description application-platform-content-item\" id=\"description\" data-nav-section=\"description\"><h2>Description<\/h2>Form Builder est une solution flexible qui vous permet de cr\u00e9er diff\u00e9rents types de formulaires et de les afficher sur votre site Web ExpressionEngine. Vous pouvez recueillir des informations pr\u00e9cieuses aupr\u00e8s de vos clients actuels et potentiels en utilisant des enqu\u00eates, des formulaires de commentaires, des demandes d&rsquo;\u00e9valuation et d&rsquo;autres formats faciles \u00e0 remplir. Vous pouvez personnaliser la structure du formulaire, s\u00e9lectionner des \u00e9l\u00e9ments, sp\u00e9cifier des types de saisie, ajouter des \u00e9chelles et bien plus encore pour cr\u00e9er des formulaires conviviaux et efficaces pour la collecte de donn\u00e9es.<b>D\u00e9marrez avec Form Builder pour atteindre vos objectifs commerciaux plus rapidement\u00a0!<\/b><\/div> <div class=\"application-platform-content-item-features application-platform-content-item\" id=\"features\" data-nav-section=\"features\"><h2>Explorez nos fonctionnalit\u00e9s utiles et conviviales\u00a0:<\/h2><ul> <li>Ajoutez des CTA pour guider les utilisateurs vers vos objectifs.<\/li> <li>Ajustez la dur\u00e9e de changement de diapositive.<\/li> <li>S\u00e9lectionnez parmi diff\u00e9rentes options.<\/li> <li>Placez votre texte n&rsquo;importe o\u00f9 sur la page avec un positionnement avanc\u00e9.<\/li> <li>Modifiez cinq \u00e9l\u00e9ments de contenu.<\/li> <li>Modifiez cinq \u00e9l\u00e9ments de contenu.<\/li> <li> li&gt;<\/ul><a href=\"#demo\">Essayez toutes les fonctionnalit\u00e9s de notre d\u00e9mo enti\u00e8rement fonctionnelle.<\/a><\/div> <div class=\"application-platform-content-item-installation application-platform-content-item\" id=\"installation\" data-nav-section=\"installation\"><h2>Comment int\u00e9grer le g\u00e9n\u00e9rateur de formulaires dans votre site Web ExpressionEngine<\/h2>Suivez ces \u00e9tapes simples pour int\u00e9grer Form Builder dans votre site Web\u00a0:<ol> <li><b>Concevez votre plugin personnalis\u00e9 \u00e0 l&rsquo;aide de notre configurateur gratuit.<\/b> Choisissez l&rsquo;apparence et les fonctionnalit\u00e9s pr\u00e9f\u00e9r\u00e9es du plugin et effectuez vos modifications.<\/li> <li><b>Copiez le code unique affich\u00e9 dans la fen\u00eatre des applications Elfsight.<\/b>Une fois que vous avez cr\u00e9\u00e9 votre widget personnalis\u00e9, copiez le code individuel de la fen\u00eatre qui appara\u00eet et enregistrez pour une utilisation ult\u00e9rieure.<\/li> <li><b>Ajoutez le plugin \u00e0 votre site ExpressionEngine.<\/b>Collez le code que vous avez r\u00e9cemment copi\u00e9 dans votre page Web et enregistrez vos modifications.<\/li> <li><b>L&rsquo;installation est termin\u00e9e.<\/b>Visitez votre site Web pour vous assurer que le plugin fonctionne correctement.<\/li><\/ol>Si vous rencontrez des probl\u00e8mes, veuillez contacter notre \u00e9quipe d&rsquo;assistance. Nos experts sont impatients de r\u00e9pondre \u00e0 toutes vos questions concernant notre produit.<\/div>","protected":false},"excerpt":{"rendered":"","protected":false},"author":9,"featured_media":0,"parent":1158,"menu_order":0,"comment_status":"closed","ping_status":"closed","template":"templates\/template-application-platform.php","meta":{"publish_to_discourse":"","publish_post_category":"","wpdc_auto_publish_overridden":"","wpdc_topic_tags":"","wpdc_pin_topic":"","wpdc_pin_until":"","discourse_post_id":"","discourse_permalink":"","wpdc_publishing_response":"","wpdc_publishing_error":"","footnotes":""},"class_list":["post-13477","page","type-page","status-publish","hentry"],"yoast_head":"<!-- This site is optimized with the Yoast SEO plugin v25.3.1 - https:\/\/yoast.com\/wordpress\/plugins\/seo\/ -->\n<title>ExpressionEngine Form Builder - Ajoutez un widget de formulaire \u00e0 votre site Web<\/title>\n<meta name=\"description\" content=\"Cr\u00e9ez un g\u00e9n\u00e9rateur de formulaires en ligne sur ExpressionEngine en seulement 1 minute. Essayez tous les avantages de base du meilleur widget de formulaire dans un configurateur gratuit.\" \/>\n<meta name=\"robots\" content=\"index, follow, max-snippet:-1, max-image-preview:large, max-video-preview:-1\" \/>\n<link rel=\"canonical\" href=\"https:\/\/elfsight.com\/fr\/online-form-builder\/expressionengine\/\" \/>\n<meta property=\"og:locale\" content=\"fr_FR\" \/>\n<meta property=\"og:type\" content=\"article\" \/>\n<meta property=\"og:title\" content=\"ExpressionEngine Form Builder - Ajoutez un widget de formulaire \u00e0 votre site Web\" \/>\n<meta property=\"og:description\" content=\"Cr\u00e9ez un g\u00e9n\u00e9rateur de formulaires en ligne sur ExpressionEngine en seulement 1 minute. Essayez tous les avantages de base du meilleur widget de formulaire dans un configurateur gratuit.\" \/>\n<meta property=\"og:url\" content=\"https:\/\/elfsight.com\/fr\/online-form-builder\/expressionengine\/\" \/>\n<meta property=\"og:site_name\" content=\"Elfsight FR\" \/>\n<meta property=\"article:modified_time\" content=\"2025-07-09T17:32:28+00:00\" \/>\n<meta name=\"twitter:card\" content=\"summary_large_image\" \/>\n<meta name=\"twitter:label1\" content=\"Dur\u00e9e de lecture estim\u00e9e\" \/>\n\t<meta name=\"twitter:data1\" content=\"2 minutes\" \/>\n<!-- \/ Yoast SEO plugin. -->","yoast_head_json":{"title":"ExpressionEngine Form Builder - Ajoutez un widget de formulaire \u00e0 votre site Web","description":"Cr\u00e9ez un g\u00e9n\u00e9rateur de formulaires en ligne sur ExpressionEngine en seulement 1 minute. Essayez tous les avantages de base du meilleur widget de formulaire dans un configurateur gratuit.","robots":{"index":"index","follow":"follow","max-snippet":"max-snippet:-1","max-image-preview":"max-image-preview:large","max-video-preview":"max-video-preview:-1"},"canonical":"https:\/\/elfsight.com\/fr\/online-form-builder\/expressionengine\/","og_locale":"fr_FR","og_type":"article","og_title":"ExpressionEngine Form Builder - Ajoutez un widget de formulaire \u00e0 votre site Web","og_description":"Cr\u00e9ez un g\u00e9n\u00e9rateur de formulaires en ligne sur ExpressionEngine en seulement 1 minute. Essayez tous les avantages de base du meilleur widget de formulaire dans un configurateur gratuit.","og_url":"https:\/\/elfsight.com\/fr\/online-form-builder\/expressionengine\/","og_site_name":"Elfsight FR","article_modified_time":"2025-07-09T17:32:28+00:00","twitter_card":"summary_large_image","twitter_misc":{"Dur\u00e9e de lecture estim\u00e9e":"2 minutes"},"schema":{"@context":"https:\/\/schema.org","@graph":[{"@type":"WebPage","@id":"https:\/\/elfsight.com\/fr\/online-form-builder\/expressionengine\/","url":"https:\/\/elfsight.com\/fr\/online-form-builder\/expressionengine\/","name":"ExpressionEngine Form Builder - Ajoutez un widget de formulaire \u00e0 votre site Web","isPartOf":{"@id":"https:\/\/elfsight.com\/fr\/#website"},"datePublished":"2024-05-03T06:37:29+00:00","dateModified":"2025-07-09T17:32:28+00:00","description":"Cr\u00e9ez un g\u00e9n\u00e9rateur de formulaires en ligne sur ExpressionEngine en seulement 1 minute. Essayez tous les avantages de base du meilleur widget de formulaire dans un configurateur gratuit.","breadcrumb":{"@id":"https:\/\/elfsight.com\/fr\/online-form-builder\/expressionengine\/#breadcrumb"},"inLanguage":"fr-FR","potentialAction":[{"@type":"ReadAction","target":["https:\/\/elfsight.com\/fr\/online-form-builder\/expressionengine\/"]}]},{"@type":"BreadcrumbList","@id":"https:\/\/elfsight.com\/fr\/online-form-builder\/expressionengine\/#breadcrumb","itemListElement":[{"@type":"ListItem","position":1,"name":"Home","item":"https:\/\/elfsight.com\/fr\/"},{"@type":"ListItem","position":2,"name":"Form Builder","item":"https:\/\/elfsight.com\/fr\/online-form-builder\/"},{"@type":"ListItem","position":3,"name":"Form Builder &#8211; ExpressionEngine"}]},{"@type":"WebSite","@id":"https:\/\/elfsight.com\/fr\/#website","url":"https:\/\/elfsight.com\/fr\/","name":"Elfsight FR","description":"","potentialAction":[{"@type":"SearchAction","target":{"@type":"EntryPoint","urlTemplate":"https:\/\/elfsight.com\/fr\/?s={search_term_string}"},"query-input":{"@type":"PropertyValueSpecification","valueRequired":true,"valueName":"search_term_string"}}],"inLanguage":"fr-FR"}]}},"meta_box":{"industry":"","seo_heading":"","heading":"","description":"","cta_heading":"","cta_description":"","application":"1157","h1":"G\u00e9n\u00e9rateur de formulaires en ligne pour ExpressionEngine","h1_caption":"Cr\u00e9ez des formulaires personnalisables pour n'importe quel objectif (commentaires, enqu\u00eates, formulaires de contact) sans codage, ce qui facilite la collecte d'informations aupr\u00e8s de vos utilisateurs sur votre site Web ExpressionEngine, sans effort.","application_category":[],"applications_title":"","applications_request_title":"","applications_request_button_text":"","hero_text":"","hero_video":"","hero_video_schema_markup":"","selling_points_title":"","selling_points_caption":"","selling_points":[],"selling_points_cta_text":"","features_title":"","features":"","ed_cta_examples_text":"","ed_cta_examples_hidden":"","ed_cta_demo_text":"","ed_cta_demo_hidden":"","why_caption":"","why_editor_title":"","why_editor_text":"","why_team_title":"","why_team_text":"","why_service_title":"","why_service_text":"","template_catalog_visible":"","template_catalog_title":"","template_catalog_text":"","template_catalog_categories_visible":"","demo_title":"Personnalisez le g\u00e9n\u00e9rateur de formulaires pour votre site ExpressionEngine","demo_caption":"Personnalisez Form Builder et ajoutez-le \u00e0 votre site Web \u00e0 l'aide de notre d\u00e9mo en direct","default_faq_hidden":"","app_template_category":[],"platform":"378","template_public_id":"","codecanyon_url":"","codecanyon_item_id":"","codecanyon_price":"","pricing_caption":"","pricing_elfsight_apps_hide_column":"","pricing_elfsight_apps_url":"","pricing_codecanyon_price_caption":"","integration_category":[],"integration_request_title":"","integration_request_cta":"","integration_platform":"","integrations":[],"platform_category":[],"video_schema_markup":"","price":"\u00e0 partir de 0$ \/ mois","trial":"","benefits":[{"text":"Service d'installation gratuit"},{"text":"Assistance premium"},{"text":"Garantie de remboursement de 14 jours"},{"text":"D\u00e9veloppement continu"}],"button_url":"#demo","button_target_blank":"","button_nofollow":"","attributes":[{"name":"Installations","content":"100,000 - 500,000"},{"name":"Sensible","content":"Oui"},{"name":"Navigateurs compatibles","content":"IE11, Firefox, Safari, Opera, Chrome, Edge"}],"tags":[],"tags_disable_links":"","hide_more_platforms":"","video_object":"","demo_hide_cta":"","demo_hide_cloud_options":"","pricing_title":"","pricing":[{"pricing_icon":"platform","pricing_title":"ExpressionEngine widget","pricing_title_caption":"Solution multiplateforme adapt\u00e9e \u00e0 n'importe quel site Web","pricing_price":"from $0 \/ month","pricing_price_caption":"commencez avec un forfait gratuit","pricing_benefits":[{"text":"Sites Web illimit\u00e9s"},{"text":"Assistance 24h\/24 et 7j\/7, ponctuelle et bien document\u00e9e"},{"text":"Aide \u00e0 l'installation gratuite"},{"text":"Offre \u00e0 dur\u00e9e limit\u00e9e pour plusieurs applications"}],"pricing_button_text":"Ajouter au site Web","pricing_button_url":"#demo"}],"related_apps_title":"","related_apps_hidden":"","author":"","image":[],"title":"","job":"","social_networks":[]},"_links":{"self":[{"href":"https:\/\/elfsight.com\/fr\/wp-json\/wp\/v2\/pages\/13477","targetHints":{"allow":["GET"]}}],"collection":[{"href":"https:\/\/elfsight.com\/fr\/wp-json\/wp\/v2\/pages"}],"about":[{"href":"https:\/\/elfsight.com\/fr\/wp-json\/wp\/v2\/types\/page"}],"author":[{"embeddable":true,"href":"https:\/\/elfsight.com\/fr\/wp-json\/wp\/v2\/users\/9"}],"replies":[{"embeddable":true,"href":"https:\/\/elfsight.com\/fr\/wp-json\/wp\/v2\/comments?post=13477"}],"version-history":[{"count":1,"href":"https:\/\/elfsight.com\/fr\/wp-json\/wp\/v2\/pages\/13477\/revisions"}],"predecessor-version":[{"id":13481,"href":"https:\/\/elfsight.com\/fr\/wp-json\/wp\/v2\/pages\/13477\/revisions\/13481"}],"up":[{"embeddable":true,"href":"https:\/\/elfsight.com\/fr\/wp-json\/wp\/v2\/pages\/1158"}],"wp:attachment":[{"href":"https:\/\/elfsight.com\/fr\/wp-json\/wp\/v2\/media?parent=13477"}],"curies":[{"name":"wp","href":"https:\/\/api.w.org\/{rel}","templated":true}]}}