{"id":13467,"date":"2024-05-03T06:37:23","date_gmt":"2024-05-03T06:37:23","guid":{"rendered":"https:\/\/elfsight.com\/fr\/?page_id=13467"},"modified":"2025-07-09T17:26:14","modified_gmt":"2025-07-09T17:26:14","slug":"blogger","status":"publish","type":"page","link":"https:\/\/elfsight.com\/fr\/file-embed-widget\/blogger\/","title":{"rendered":"File Embed &#8211; Blogger"},"content":{"rendered":"<div class=\"application-platform-content-item-description application-platform-content-item\" id=\"description\" data-nav-section=\"description\"> <h2>Description<\/h2> <p>Elfsight File Embed est l&rsquo;outil le plus simple et imm\u00e9diat pour ajouter des fichiers sur votre site Web. Ajoutez tous les formats courants : PDF, Docx, Xlsx, Pptx \u2013 au total une vingtaine de types. Pour une meilleure facilit\u00e9 d&rsquo;utilisation, les fichiers peuvent \u00eatre int\u00e9gr\u00e9s en t\u00e9l\u00e9chargeant, en ajoutant les URL ou en choisissant parmi le dernier t\u00e9l\u00e9charg\u00e9. Vous \u00eates libre de donner un titre \u00e0 chaque fichier, de t\u00e9l\u00e9charger votre propre ic\u00f4ne ou image, de choisir la disposition des fichiers, etc. Les visiteurs du site peuvent lire les documents directement sur votre site, les visualiser dans un nouvel onglet et les t\u00e9l\u00e9charger. <\/p> <div class=\"faq\" data-component=\"FAQ\"> <div class=\"faq-item\">\r\n\t\t\t\t\t<div class=\"faq-item-question\">\r\n\t\t\t\t\t\t<h3 class=\"faq-item-question-text\">O\u00f9 puis-je afficher l'int\u00e9gration de fichiers ?<\/h3>\r\n\r\n\t\t\t\t\t\t<div class=\"faq-item-question-icon\"><\/div>\r\n\t\t\t\t\t<\/div>\r\n\r\n\t\t\t\t\t<div class=\"faq-item-answer\">\r\n\t\t\t\t\t\t<div class=\"faq-item-answer-text\"> <p>Vous pouvez afficher l&rsquo;int\u00e9gration de fichiers sur n&rsquo;importe quelle page de votre site Web. Par exemple, il peut \u00eatre appliqu\u00e9 pour coller votre documentation technologique ou vos sp\u00e9cifications sur les pages produits correspondantes, ou publier vos dipl\u00f4mes et qualifications sur la landing page. <\/p> <\/div>\r\n\t\t\t\t\t<\/div>\r\n\t\t\t\t<\/div> <div class=\"faq-item\">\r\n\t\t\t\t\t<div class=\"faq-item-question\">\r\n\t\t\t\t\t\t<h3 class=\"faq-item-question-text\">Comment vais-je b\u00e9n\u00e9ficier du widget ?<\/h3>\r\n\r\n\t\t\t\t\t\t<div class=\"faq-item-question-icon\"><\/div>\r\n\t\t\t\t\t<\/div>\r\n\r\n\t\t\t\t\t<div class=\"faq-item-answer\">\r\n\t\t\t\t\t\t<div class=\"faq-item-answer-text\"> <p>Ce widget vous fera gagner beaucoup de temps, car gr\u00e2ce \u00e0 lui, la publication de documents sur votre site se fait en quelques secondes seulement. De plus, il vous aide \u00e0 fournir de nombreuses informations utiles sur vos produits et services et \u00e0 sensibiliser les utilisateurs \u00e0 vos articles. <\/p> <\/div>\r\n\t\t\t\t\t<\/div>\r\n\t\t\t\t<\/div> <div class=\"faq-item\">\r\n\t\t\t\t\t<div class=\"faq-item-question\">\r\n\t\t\t\t\t\t<h3 class=\"faq-item-question-text\">De quoi ai-je besoin pour ajouter un fichier int\u00e9gr\u00e9 \u00e0 mon site Web Blogger ?<\/h3>\r\n\r\n\t\t\t\t\t\t<div class=\"faq-item-question-icon\"><\/div>\r\n\t\t\t\t\t<\/div>\r\n\r\n\t\t\t\t\t<div class=\"faq-item-answer\">\r\n\t\t\t\t\t\t<div class=\"faq-item-answer-text\"> <p>Vous n&rsquo;avez besoin que de quelques minutes pour commencer \u00e0 utiliser le widget. L&rsquo;installation est ultra rapide, gratuite et sans codage. <\/p> <ol> <li>Vous pouvez placer le widget sur votre page Web dans notre service. V\u00e9rifiez simplement les instructions ci-dessous sur cette page. <\/li> <li>Elfsight File Embed peut \u00eatre ins\u00e9r\u00e9 directement via notre service ou via la place de march\u00e9. Ici, vous pouvez en savoir plus sur ces options et choisir la v\u00f4tre. <\/li> <\/ol> <\/div>\r\n\t\t\t\t\t<\/div>\r\n\t\t\t\t<\/div> <\/div> <\/div> <div class=\"application-platform-content-item-features application-platform-content-item\" id=\"features\" data-nav-section=\"features\"> <h2>Fonctionnalit\u00e9s<\/h2> <p>Pour mieux comprendre l&rsquo;int\u00e9gration de fichiers, voici les liste de ses principales caract\u00e9ristiques. Ils rendent le widget le plus efficace possible pour votre promotion\u00a0: <\/p> <ul><li>Collez n&rsquo;importe quelle quantit\u00e9 de fichiers\u00a0; <\/li> <li>Option de mise en page de la visionneuse de fichiers pour lire les documents sur la page\u00a0; <\/li> <li>T\u00e9l\u00e9charger des images pour les ic\u00f4nes et les aper\u00e7us des fichiers\u00a0; <\/li> <li>Afficher ou masquer l&rsquo;\u00e9tiquette du document de t\u00e9l\u00e9chargement\u00a0; <\/li> <li>Six d\u00e9tails colorables de l&rsquo;interface. <\/li> <\/ul><p>Notre d\u00e9mo en direct vous montrera toutes les fonctionnalit\u00e9s<\/p> <\/div> <div class=\"application-platform-content-item-installation application-platform-content-item\" id=\"installation\" data-nav-section=\"installation\"> <h2>D\u00e9couvrez comment coller le widget Int\u00e9gration de fichiers sur votre Blogger page. C&rsquo;est facile et simple.<\/h2> <div class=\"video-container\"><iframe width=\"720\" height=\"405\" src=\"https:\/\/www.youtube.com\/embed\/BZoWoCp1_jo\" frameborder=\"0\" allowfullscreen=\"\"><\/iframe><\/div><p>Les actions suivantes sont la seule chose que vous devez effectuer pour \u00e9tablir le widget. <\/p> <ol><li><b>Construisez votre propre plugin File Embed<\/b><br> En g\u00e9rant notre \u00e9diteur gratuit, configurez un plugin avec une mise en page et des fonctions personnalis\u00e9es. <\/li><li><b>Obtenez le code individuel pour publier le plugin<\/b><br> Apr\u00e8s avoir personnalis\u00e9 votre widget, vous recevrez le code unique de la notification apparue sur Elfsight Apps. Copiez ce code pour une utilisation future. <\/li> <li><b>Int\u00e9grez le plugin sur votre site Blogger<\/b><br> D\u00e9finissez la zone dans laquelle vous pr\u00e9voyez d&rsquo;int\u00e9grer le plugin et ajoutez-y le code enregistr\u00e9. Publiez les modifications. <\/li> <li><b>Fait\u00a0! <\/b><br> Acc\u00e9dez \u00e0 votre boutique pour jeter un \u0153il \u00e0 votre plugin. <\/li> <\/ol><p>Vous n&rsquo;arrivez toujours pas \u00e0 vous d\u00e9cider\u00a0? Ou vous avez des probl\u00e8mes ? Envoyez simplement une demande \u00e0 notre \u00e9quipe de support client. Ils r\u00e9gleront chaque probl\u00e8me. <\/p> <\/div>","protected":false},"excerpt":{"rendered":"","protected":false},"author":9,"featured_media":0,"parent":2628,"menu_order":0,"comment_status":"closed","ping_status":"closed","template":"templates\/template-application-platform.php","meta":{"publish_to_discourse":"","publish_post_category":"","wpdc_auto_publish_overridden":"","wpdc_topic_tags":"","wpdc_pin_topic":"","wpdc_pin_until":"","discourse_post_id":"","discourse_permalink":"","wpdc_publishing_response":"","wpdc_publishing_error":"","footnotes":""},"class_list":["post-13467","page","type-page","status-publish","hentry"],"yoast_head":"<!-- This site is optimized with the Yoast SEO plugin v25.3.1 - https:\/\/yoast.com\/wordpress\/plugins\/seo\/ -->\n<title>Widget Visionneuse de fichiers - Int\u00e9grez tous les fichiers sur votre site Web Blogger (2025)<\/title>\n<meta name=\"description\" content=\"Avec Elfsight, fa\u00e7onnez votre widget File Embed et ajoutez-le rapidement sur le site Web Blogger. Nous offrons un service client gratuit et plus de bonus.\" \/>\n<meta name=\"robots\" content=\"index, follow, max-snippet:-1, max-image-preview:large, max-video-preview:-1\" \/>\n<link rel=\"canonical\" href=\"https:\/\/elfsight.com\/fr\/file-embed-widget\/blogger\/\" \/>\n<meta property=\"og:locale\" content=\"fr_FR\" \/>\n<meta property=\"og:type\" content=\"article\" \/>\n<meta property=\"og:title\" content=\"Widget Visionneuse de fichiers - Int\u00e9grez tous les fichiers sur votre site Web Blogger (2025)\" \/>\n<meta property=\"og:description\" content=\"Avec Elfsight, fa\u00e7onnez votre widget File Embed et ajoutez-le rapidement sur le site Web Blogger. Nous offrons un service client gratuit et plus de bonus.\" \/>\n<meta property=\"og:url\" content=\"https:\/\/elfsight.com\/fr\/file-embed-widget\/blogger\/\" \/>\n<meta property=\"og:site_name\" content=\"Elfsight FR\" \/>\n<meta property=\"article:modified_time\" content=\"2025-07-09T17:26:14+00:00\" \/>\n<meta name=\"twitter:card\" content=\"summary_large_image\" \/>\n<meta name=\"twitter:label1\" content=\"Dur\u00e9e de lecture estim\u00e9e\" \/>\n\t<meta name=\"twitter:data1\" content=\"3 minutes\" \/>\n<!-- \/ Yoast SEO plugin. -->","yoast_head_json":{"title":"Widget Visionneuse de fichiers - Int\u00e9grez tous les fichiers sur votre site Web Blogger (2025)","description":"Avec Elfsight, fa\u00e7onnez votre widget File Embed et ajoutez-le rapidement sur le site Web Blogger. Nous offrons un service client gratuit et plus de bonus.","robots":{"index":"index","follow":"follow","max-snippet":"max-snippet:-1","max-image-preview":"max-image-preview:large","max-video-preview":"max-video-preview:-1"},"canonical":"https:\/\/elfsight.com\/fr\/file-embed-widget\/blogger\/","og_locale":"fr_FR","og_type":"article","og_title":"Widget Visionneuse de fichiers - Int\u00e9grez tous les fichiers sur votre site Web Blogger (2025)","og_description":"Avec Elfsight, fa\u00e7onnez votre widget File Embed et ajoutez-le rapidement sur le site Web Blogger. Nous offrons un service client gratuit et plus de bonus.","og_url":"https:\/\/elfsight.com\/fr\/file-embed-widget\/blogger\/","og_site_name":"Elfsight FR","article_modified_time":"2025-07-09T17:26:14+00:00","twitter_card":"summary_large_image","twitter_misc":{"Dur\u00e9e de lecture estim\u00e9e":"3 minutes"},"schema":{"@context":"https:\/\/schema.org","@graph":[{"@type":"WebPage","@id":"https:\/\/elfsight.com\/fr\/file-embed-widget\/blogger\/","url":"https:\/\/elfsight.com\/fr\/file-embed-widget\/blogger\/","name":"Widget Visionneuse de fichiers - Int\u00e9grez tous les fichiers sur votre site Web Blogger (2025)","isPartOf":{"@id":"https:\/\/elfsight.com\/fr\/#website"},"datePublished":"2024-05-03T06:37:23+00:00","dateModified":"2025-07-09T17:26:14+00:00","description":"Avec Elfsight, fa\u00e7onnez votre widget File Embed et ajoutez-le rapidement sur le site Web Blogger. Nous offrons un service client gratuit et plus de bonus.","breadcrumb":{"@id":"https:\/\/elfsight.com\/fr\/file-embed-widget\/blogger\/#breadcrumb"},"inLanguage":"fr-FR","potentialAction":[{"@type":"ReadAction","target":["https:\/\/elfsight.com\/fr\/file-embed-widget\/blogger\/"]}]},{"@type":"BreadcrumbList","@id":"https:\/\/elfsight.com\/fr\/file-embed-widget\/blogger\/#breadcrumb","itemListElement":[{"@type":"ListItem","position":1,"name":"Home","item":"https:\/\/elfsight.com\/fr\/"},{"@type":"ListItem","position":2,"name":"File Embed","item":"https:\/\/elfsight.com\/fr\/file-embed-widget\/"},{"@type":"ListItem","position":3,"name":"File Embed &#8211; Blogger"}]},{"@type":"WebSite","@id":"https:\/\/elfsight.com\/fr\/#website","url":"https:\/\/elfsight.com\/fr\/","name":"Elfsight FR","description":"","potentialAction":[{"@type":"SearchAction","target":{"@type":"EntryPoint","urlTemplate":"https:\/\/elfsight.com\/fr\/?s={search_term_string}"},"query-input":{"@type":"PropertyValueSpecification","valueRequired":true,"valueName":"search_term_string"}}],"inLanguage":"fr-FR"}]}},"meta_box":{"industry":"","seo_heading":"","heading":"","description":"","cta_heading":"","cta_description":"","application":"2627","h1":"Widget d'int\u00e9gration de fichiers Blogger","h1_caption":"Int\u00e9grez des documents, des feuilles de calcul et d'autres fichiers sur votre site Web pour les visualiser et les t\u00e9l\u00e9charger facilement sur votre site Web Blogger.","application_category":[],"applications_title":"","applications_request_title":"","applications_request_button_text":"","hero_text":"","hero_video":"","hero_video_schema_markup":"","selling_points_title":"","selling_points_caption":"","selling_points":[],"selling_points_cta_text":"","features_title":"","features":"","ed_cta_examples_text":"","ed_cta_examples_hidden":"","ed_cta_demo_text":"","ed_cta_demo_hidden":"","why_caption":"","why_editor_title":"","why_editor_text":"","why_team_title":"","why_team_text":"","why_service_title":"","why_service_text":"","template_catalog_visible":"","template_catalog_title":"","template_catalog_text":"","template_catalog_categories_visible":"","demo_title":"Cr\u00e9ez votre widget d'int\u00e9gration de fichiers","demo_caption":"Configurez votre int\u00e9gration de fichiers et ajoutez-le gratuitement \u00e0 votre site Web Blogger\u00a0!","default_faq_hidden":"","app_template_category":[],"platform":"348","template_public_id":"","codecanyon_url":"","codecanyon_item_id":"","codecanyon_price":"","pricing_caption":"","pricing_elfsight_apps_hide_column":"","pricing_elfsight_apps_url":"","pricing_codecanyon_price_caption":"","integration_category":[],"integration_request_title":"","integration_request_cta":"","integration_platform":"","integrations":[],"platform_category":[],"video_schema_markup":"","price":"\u00e0 partir de 0$ \/ mois","trial":"","benefits":[{"text":"Aide \u00e0 l'installation gratuite"},{"text":"Support client exp\u00e9riment\u00e9"},{"text":"Garantie de remboursement de 14 jours"},{"text":"Am\u00e9liorations r\u00e9guli\u00e8res"}],"button_url":"#demo","button_target_blank":"","button_nofollow":"","attributes":[{"name":"Installations","content":"10,000 - 100,000"},{"name":"Sensible","content":"Oui"},{"name":"Navigateurs compatibles","content":"Firefox, Safari, Opera, Chrome, Edge"}],"tags":[],"tags_disable_links":"","hide_more_platforms":"","video_object":"","demo_hide_cta":"","demo_hide_cloud_options":"","pricing_title":"","pricing":[{"pricing_icon":"platform","pricing_title":"Elfsight Apps","pricing_title_caption":"Version multiplateforme adapt\u00e9e \u00e0 n'importe quel site Web","pricing_price":"from $0 \/ month","pricing_price_caption":"commencez avec un forfait gratuit","pricing_benefits":[{"text":"Domaines illimit\u00e9s"},{"text":"Support client professionnel et bien document\u00e9"},{"text":"Aide \u00e0 l'installation gratuite"},{"text":"100% personnalisable"}],"pricing_button_text":"Ajouter au site Web","pricing_button_url":"#demo"}],"related_apps_title":"","related_apps_hidden":"","author":"","image":[],"title":"","job":"","social_networks":[]},"_links":{"self":[{"href":"https:\/\/elfsight.com\/fr\/wp-json\/wp\/v2\/pages\/13467","targetHints":{"allow":["GET"]}}],"collection":[{"href":"https:\/\/elfsight.com\/fr\/wp-json\/wp\/v2\/pages"}],"about":[{"href":"https:\/\/elfsight.com\/fr\/wp-json\/wp\/v2\/types\/page"}],"author":[{"embeddable":true,"href":"https:\/\/elfsight.com\/fr\/wp-json\/wp\/v2\/users\/9"}],"replies":[{"embeddable":true,"href":"https:\/\/elfsight.com\/fr\/wp-json\/wp\/v2\/comments?post=13467"}],"version-history":[{"count":1,"href":"https:\/\/elfsight.com\/fr\/wp-json\/wp\/v2\/pages\/13467\/revisions"}],"predecessor-version":[{"id":13471,"href":"https:\/\/elfsight.com\/fr\/wp-json\/wp\/v2\/pages\/13467\/revisions\/13471"}],"up":[{"embeddable":true,"href":"https:\/\/elfsight.com\/fr\/wp-json\/wp\/v2\/pages\/2628"}],"wp:attachment":[{"href":"https:\/\/elfsight.com\/fr\/wp-json\/wp\/v2\/media?parent=13467"}],"curies":[{"name":"wp","href":"https:\/\/api.w.org\/{rel}","templated":true}]}}