{"id":13454,"date":"2024-05-03T06:37:18","date_gmt":"2024-05-03T06:37:18","guid":{"rendered":"https:\/\/elfsight.com\/fr\/?page_id=13454"},"modified":"2025-07-09T17:26:52","modified_gmt":"2025-07-09T17:26:52","slug":"html","status":"publish","type":"page","link":"https:\/\/elfsight.com\/fr\/file-embed-widget\/html\/","title":{"rendered":"File Embed &#8211; HTML"},"content":{"rendered":"<div class=\"application-platform-content-item-description application-platform-content-item\" id=\"description\" data-nav-section=\"description\"> <h2>Description<\/h2> <p>Le widget Elfsight File Embed est l&rsquo;outil le plus simple et le plus rapide pour ins\u00e9rer des fichiers dans votre site. Collez tous les formats les plus utilis\u00e9s : PDF, Docx, Jpg, Jpeg \u2013 au total une vingtaine de types. Pour plus de commodit\u00e9, les fichiers peuvent \u00eatre coll\u00e9s simplement en les t\u00e9l\u00e9chargeant, en saisissant les URL ou en les s\u00e9lectionnant parmi les derniers t\u00e9l\u00e9charg\u00e9s. Vous pouvez donner \u00e0 chaque fichier votre propre nom, t\u00e9l\u00e9charger une ic\u00f4ne ou pr\u00e9visualiser une image, choisir la mise en page, etc. Les visiteurs du site Web peuvent consulter les documents directement sur votre site Web, les visualiser dans un nouvel onglet et les t\u00e9l\u00e9charger. <\/p> <div class=\"faq\" data-component=\"FAQ\"> <div class=\"faq-item\">\r\n\t\t\t\t\t<div class=\"faq-item-question\">\r\n\t\t\t\t\t\t<h3 class=\"faq-item-question-text\">O\u00f9 puis-je installer File Embed ?<\/h3>\r\n\r\n\t\t\t\t\t\t<div class=\"faq-item-question-icon\"><\/div>\r\n\t\t\t\t\t<\/div>\r\n\r\n\t\t\t\t\t<div class=\"faq-item-answer\">\r\n\t\t\t\t\t\t<div class=\"faq-item-answer-text\"> <p>Vous pouvez afficher le widget File Embed sur n&rsquo;importe quelle page du site. Par exemple, vous pouvez l&rsquo;utiliser pour publier vos documents technologiques ou directives sur les pages produits, ou afficher vos dipl\u00f4mes et certificats sur la page de destination. <\/p> <\/div>\r\n\t\t\t\t\t<\/div>\r\n\t\t\t\t<\/div> <div class=\"faq-item\">\r\n\t\t\t\t\t<div class=\"faq-item-question\">\r\n\t\t\t\t\t\t<h3 class=\"faq-item-question-text\">Quels avantages cela m'apporte-t-il ?<\/h3>\r\n\r\n\t\t\t\t\t\t<div class=\"faq-item-question-icon\"><\/div>\r\n\t\t\t\t\t<\/div>\r\n\r\n\t\t\t\t\t<div class=\"faq-item-answer\">\r\n\t\t\t\t\t\t<div class=\"faq-item-answer-text\"> <p>Notre widget peut vous faire gagner beaucoup de temps, car avec son aide, l&rsquo;int\u00e9gration des fichiers dans votre site se fait en quelques secondes seulement. . En outre, il vous aide \u00e0 afficher de nombreuses donn\u00e9es utiles sur vos offres ou services afin que les clients connaissent mieux vos articles. <\/p> <\/div>\r\n\t\t\t\t\t<\/div>\r\n\t\t\t\t<\/div> <div class=\"faq-item\">\r\n\t\t\t\t\t<div class=\"faq-item-question\">\r\n\t\t\t\t\t\t<h3 class=\"faq-item-question-text\">De quoi ai-je besoin pour ajouter un fichier int\u00e9gr\u00e9 \u00e0 mon site Web HTML ?<\/h3>\r\n\r\n\t\t\t\t\t\t<div class=\"faq-item-question-icon\"><\/div>\r\n\t\t\t\t\t<\/div>\r\n\r\n\t\t\t\t\t<div class=\"faq-item-answer\">\r\n\t\t\t\t\t\t<div class=\"faq-item-answer-text\"> <p>Cela ne prend qu&rsquo;une minute de votre temps pour commencer \u00e0 utiliser le widget. Le processus d&rsquo;int\u00e9gration est tr\u00e8s rapide, gratuit et sans codage. <\/p> <ol> <li>Vous pouvez coller le fichier int\u00e9gr\u00e9 sur le site Web directement dans notre service. Pour cela, vous devez consulter les instructions ci-dessous sur cette page. <\/li> <li>Le widget peut \u00eatre int\u00e9gr\u00e9 via notre service ou via la marketplace. Ici, vous pouvez conna\u00eetre tous les d\u00e9tails des deux variantes et d\u00e9cider laquelle est la v\u00f4tre. <\/li> <\/ol> <\/div>\r\n\t\t\t\t\t<\/div>\r\n\t\t\t\t<\/div> <\/div> <\/div> <div class=\"application-platform-content-item-features application-platform-content-item\" id=\"features\" data-nav-section=\"features\"> <h2>Fonctionnalit\u00e9s<\/h2> <p>Ayez une id\u00e9e claire de l&rsquo;int\u00e9gration de fichiers en v\u00e9rifiant une liste des traits principaux. Ils rendent le widget plus efficace pour votre promotion\u00a0: <\/p> <ul><li>Ins\u00e9rez un nombre illimit\u00e9 de documents\u00a0; <\/li> <li>Option de mise en page de la visionneuse de fichiers pour parcourir les documents sur le site Web\u00a0; <\/li> <li>La possibilit\u00e9 de t\u00e9l\u00e9charger des images pour les ic\u00f4nes et les aper\u00e7us des documents\u00a0; <\/li> <li>Afficher ou supprimer l&rsquo;\u00e9tiquette de t\u00e9l\u00e9chargement du document\u00a0; <\/li> <li>Six d\u00e9tails \u00e0 peindre de l&rsquo;interface du widget. <\/li> <\/ul><p>Pour voir toutes les fonctionnalit\u00e9s, voir la d\u00e9mo en direct<\/p> <\/div> <div class=\"application-platform-content-item-installation application-platform-content-item\" id=\"installation\" data-nav-section=\"installation\"> <h2>V\u00e9rifions comment placer le widget File Embed dans votre HTML site web. C&rsquo;est incroyablement simple.<\/h2> <div class=\"video-container\"><iframe width=\"720\" height=\"405\" src=\"https:\/\/www.youtube.com\/embed\/Wn6XsosWI8M\" frameborder=\"0\" allowfullscreen=\"\"><\/iframe><\/div><p>Les actions suivantes sont la seule chose que vous devez effectuer pour que l&rsquo;op\u00e9ration soit sans codage. <\/p> <ol><li><b>Cr\u00e9ez votre plugin File Embed personnalis\u00e9<\/b><br> Gr\u00e2ce \u00e0 notre configurateur gratuit, obtenez un plugin avec une composition et des fonctionnalit\u00e9s pr\u00e9f\u00e9r\u00e9es. <\/li><li><b>Copiez le code individuel pour afficher le plugin<\/b><br> Apr\u00e8s avoir configur\u00e9 votre widget, vous recevrez le code d&rsquo;installation dans la fen\u00eatre qui appara\u00eet sur Elfsight Apps. Copiez-le. <\/li> <li><b>Ajoutez le plugin sur votre site HTML<\/b><br> Choisissez l&rsquo;endroit sur l&rsquo;\u00e2ge o\u00f9 vous souhaitez afficher le plugin et collez-y le code copi\u00e9. Appliquez les r\u00e9sultats. <\/li> <li><b>Fait\u00a0! <\/b><br> Visitez votre site, pour voir votre travail. <\/li> <\/ol><p>Toujours instable ? Ou vous \u00eates tomb\u00e9 sur quelque chose ? Envoyez simplement une demande \u00e0 notre \u00e9quipe d&rsquo;assistance pour r\u00e9soudre chaque probl\u00e8me. <\/p> <\/div>","protected":false},"excerpt":{"rendered":"","protected":false},"author":9,"featured_media":0,"parent":2628,"menu_order":0,"comment_status":"closed","ping_status":"closed","template":"templates\/template-application-platform.php","meta":{"publish_to_discourse":"","publish_post_category":"","wpdc_auto_publish_overridden":"","wpdc_topic_tags":"","wpdc_pin_topic":"","wpdc_pin_until":"","discourse_post_id":"","discourse_permalink":"","wpdc_publishing_response":"","wpdc_publishing_error":"","footnotes":""},"class_list":["post-13454","page","type-page","status-publish","hentry"],"yoast_head":"<!-- This site is optimized with the Yoast SEO plugin v25.3.1 - https:\/\/yoast.com\/wordpress\/plugins\/seo\/ -->\n<title>Widget Visionneuse de fichiers - Int\u00e9grez tous les fichiers sur votre site Web HTML (2025)<\/title>\n<meta name=\"description\" content=\"Il est facile de cr\u00e9er votre widget File Embed et de le publier sur votre site Web HTML. Le service client Elfsight est gratuit et rapide.\" \/>\n<meta name=\"robots\" content=\"index, follow, max-snippet:-1, max-image-preview:large, max-video-preview:-1\" \/>\n<link rel=\"canonical\" href=\"https:\/\/elfsight.com\/fr\/file-embed-widget\/html\/\" \/>\n<meta property=\"og:locale\" content=\"fr_FR\" \/>\n<meta property=\"og:type\" content=\"article\" \/>\n<meta property=\"og:title\" content=\"Widget Visionneuse de fichiers - Int\u00e9grez tous les fichiers sur votre site Web HTML (2025)\" \/>\n<meta property=\"og:description\" content=\"Il est facile de cr\u00e9er votre widget File Embed et de le publier sur votre site Web HTML. Le service client Elfsight est gratuit et rapide.\" \/>\n<meta property=\"og:url\" content=\"https:\/\/elfsight.com\/fr\/file-embed-widget\/html\/\" \/>\n<meta property=\"og:site_name\" content=\"Elfsight FR\" \/>\n<meta property=\"article:modified_time\" content=\"2025-07-09T17:26:52+00:00\" \/>\n<meta name=\"twitter:card\" content=\"summary_large_image\" \/>\n<meta name=\"twitter:label1\" content=\"Dur\u00e9e de lecture estim\u00e9e\" \/>\n\t<meta name=\"twitter:data1\" content=\"3 minutes\" \/>\n<!-- \/ Yoast SEO plugin. -->","yoast_head_json":{"title":"Widget Visionneuse de fichiers - Int\u00e9grez tous les fichiers sur votre site Web HTML (2025)","description":"Il est facile de cr\u00e9er votre widget File Embed et de le publier sur votre site Web HTML. Le service client Elfsight est gratuit et rapide.","robots":{"index":"index","follow":"follow","max-snippet":"max-snippet:-1","max-image-preview":"max-image-preview:large","max-video-preview":"max-video-preview:-1"},"canonical":"https:\/\/elfsight.com\/fr\/file-embed-widget\/html\/","og_locale":"fr_FR","og_type":"article","og_title":"Widget Visionneuse de fichiers - Int\u00e9grez tous les fichiers sur votre site Web HTML (2025)","og_description":"Il est facile de cr\u00e9er votre widget File Embed et de le publier sur votre site Web HTML. Le service client Elfsight est gratuit et rapide.","og_url":"https:\/\/elfsight.com\/fr\/file-embed-widget\/html\/","og_site_name":"Elfsight FR","article_modified_time":"2025-07-09T17:26:52+00:00","twitter_card":"summary_large_image","twitter_misc":{"Dur\u00e9e de lecture estim\u00e9e":"3 minutes"},"schema":{"@context":"https:\/\/schema.org","@graph":[{"@type":"WebPage","@id":"https:\/\/elfsight.com\/fr\/file-embed-widget\/html\/","url":"https:\/\/elfsight.com\/fr\/file-embed-widget\/html\/","name":"Widget Visionneuse de fichiers - Int\u00e9grez tous les fichiers sur votre site Web HTML (2025)","isPartOf":{"@id":"https:\/\/elfsight.com\/fr\/#website"},"datePublished":"2024-05-03T06:37:18+00:00","dateModified":"2025-07-09T17:26:52+00:00","description":"Il est facile de cr\u00e9er votre widget File Embed et de le publier sur votre site Web HTML. Le service client Elfsight est gratuit et rapide.","breadcrumb":{"@id":"https:\/\/elfsight.com\/fr\/file-embed-widget\/html\/#breadcrumb"},"inLanguage":"fr-FR","potentialAction":[{"@type":"ReadAction","target":["https:\/\/elfsight.com\/fr\/file-embed-widget\/html\/"]}]},{"@type":"BreadcrumbList","@id":"https:\/\/elfsight.com\/fr\/file-embed-widget\/html\/#breadcrumb","itemListElement":[{"@type":"ListItem","position":1,"name":"Home","item":"https:\/\/elfsight.com\/fr\/"},{"@type":"ListItem","position":2,"name":"File Embed","item":"https:\/\/elfsight.com\/fr\/file-embed-widget\/"},{"@type":"ListItem","position":3,"name":"File Embed &#8211; HTML"}]},{"@type":"WebSite","@id":"https:\/\/elfsight.com\/fr\/#website","url":"https:\/\/elfsight.com\/fr\/","name":"Elfsight FR","description":"","potentialAction":[{"@type":"SearchAction","target":{"@type":"EntryPoint","urlTemplate":"https:\/\/elfsight.com\/fr\/?s={search_term_string}"},"query-input":{"@type":"PropertyValueSpecification","valueRequired":true,"valueName":"search_term_string"}}],"inLanguage":"fr-FR"}]}},"meta_box":{"industry":"","seo_heading":"","heading":"","description":"","cta_heading":"","cta_description":"","application":"2627","h1":"Widget d'int\u00e9gration de fichier HTML","h1_caption":"Int\u00e9grez des documents, des feuilles de calcul et d'autres fichiers sur votre site Web pour une visualisation et un t\u00e9l\u00e9chargement faciles sur votre site Web HTML sans effort.","application_category":[],"applications_title":"","applications_request_title":"","applications_request_button_text":"","hero_text":"","hero_video":"","hero_video_schema_markup":"","selling_points_title":"","selling_points_caption":"","selling_points":[],"selling_points_cta_text":"","features_title":"","features":"","ed_cta_examples_text":"","ed_cta_examples_hidden":"","ed_cta_demo_text":"","ed_cta_demo_hidden":"","why_caption":"","why_editor_title":"","why_editor_text":"","why_team_title":"","why_team_text":"","why_service_title":"","why_service_text":"","template_catalog_visible":"","template_catalog_title":"","template_catalog_text":"","template_catalog_categories_visible":"","demo_title":"Cr\u00e9ez votre widget d'int\u00e9gration de fichiers","demo_caption":"Configurez votre File Embed et ajoutez-le \u00e0 votre site Web HTML gratuitement\u00a0!","default_faq_hidden":"","app_template_category":[],"platform":"352","template_public_id":"","codecanyon_url":"","codecanyon_item_id":"","codecanyon_price":"","pricing_caption":"","pricing_elfsight_apps_hide_column":"","pricing_elfsight_apps_url":"","pricing_codecanyon_price_caption":"","integration_category":[],"integration_request_title":"","integration_request_cta":"","integration_platform":"","integrations":[],"platform_category":[],"video_schema_markup":"","price":"\u00e0 partir de 0$ \/ mois","trial":"","benefits":[{"text":"Service d'installation gratuit"},{"text":"Support client exp\u00e9riment\u00e9"},{"text":"Garantie de remboursement de 14 jours"},{"text":"Mise \u00e0 jour constante"}],"button_url":"#demo","button_target_blank":"","button_nofollow":"","attributes":[{"name":"Installations","content":"10,000 - 100,000"},{"name":"Sensible","content":"Oui"},{"name":"Navigateurs compatibles","content":"Firefox, Safari, Opera, Chrome, Edge"}],"tags":[],"tags_disable_links":"","hide_more_platforms":"","video_object":"","demo_hide_cta":"","demo_hide_cloud_options":"","pricing_title":"","pricing":[{"pricing_icon":"platform","pricing_title":"Elfsight Apps","pricing_title_caption":"Version multiplateforme","pricing_price":"from $0 \/ month","pricing_price_caption":"commencez avec un forfait gratuit","pricing_benefits":[{"text":"Sites Web illimit\u00e9s"},{"text":"Assistance premium et ponctuelle"},{"text":"Assistance \u00e0 l'installation gratuite"},{"text":"Prix \u200b\u200bsp\u00e9cial pour plusieurs applications"}],"pricing_button_text":"Ajouter au site Web","pricing_button_url":"#demo"}],"related_apps_title":"","related_apps_hidden":"","author":"","image":[],"title":"","job":"","social_networks":[]},"_links":{"self":[{"href":"https:\/\/elfsight.com\/fr\/wp-json\/wp\/v2\/pages\/13454","targetHints":{"allow":["GET"]}}],"collection":[{"href":"https:\/\/elfsight.com\/fr\/wp-json\/wp\/v2\/pages"}],"about":[{"href":"https:\/\/elfsight.com\/fr\/wp-json\/wp\/v2\/types\/page"}],"author":[{"embeddable":true,"href":"https:\/\/elfsight.com\/fr\/wp-json\/wp\/v2\/users\/9"}],"replies":[{"embeddable":true,"href":"https:\/\/elfsight.com\/fr\/wp-json\/wp\/v2\/comments?post=13454"}],"version-history":[{"count":1,"href":"https:\/\/elfsight.com\/fr\/wp-json\/wp\/v2\/pages\/13454\/revisions"}],"predecessor-version":[{"id":13458,"href":"https:\/\/elfsight.com\/fr\/wp-json\/wp\/v2\/pages\/13454\/revisions\/13458"}],"up":[{"embeddable":true,"href":"https:\/\/elfsight.com\/fr\/wp-json\/wp\/v2\/pages\/2628"}],"wp:attachment":[{"href":"https:\/\/elfsight.com\/fr\/wp-json\/wp\/v2\/media?parent=13454"}],"curies":[{"name":"wp","href":"https:\/\/api.w.org\/{rel}","templated":true}]}}