{"id":13451,"date":"2024-05-03T06:37:15","date_gmt":"2024-05-03T06:37:15","guid":{"rendered":"https:\/\/elfsight.com\/fr\/?page_id=13451"},"modified":"2025-07-09T17:27:45","modified_gmt":"2025-07-09T17:27:45","slug":"shopify","status":"publish","type":"page","link":"https:\/\/elfsight.com\/fr\/file-embed-widget\/shopify\/","title":{"rendered":"File Embed &#8211; Shopify"},"content":{"rendered":"<div class=\"application-platform-content-item-description application-platform-content-item\" id=\"description\" data-nav-section=\"description\"> <h2>Int\u00e9grer un fichier sur Shopify avec le widget Elfsight<\/h2> <p>Le widget Elfsight File Embed est le moyen le plus pratique et le plus rapide d&rsquo;ajouter fichiers sur un site. Int\u00e9grez tous les formats de fichiers r\u00e9pandus : PDF, Docx, Jpg, Pptx \u2013 au total une vingtaine de formats. Pour votre facilit\u00e9 d&rsquo;utilisation, les documents peuvent \u00eatre int\u00e9gr\u00e9s en les t\u00e9l\u00e9chargeant simplement, en saisissant leurs URL ou en choisissant parmi les derniers t\u00e9l\u00e9charg\u00e9s. Vous pouvez donner \u00e0 chaque fichier votre propre titre, t\u00e9l\u00e9charger votre propre ic\u00f4ne et image, choisir une variante de mise en page, etc. Le public du site Web peut visualiser les fichiers directement sur la page, les ouvrir dans un nouvel onglet de navigateur et les t\u00e9l\u00e9charger. <\/p> <div class=\"faq\" data-component=\"FAQ\"> <div class=\"faq-item\">\r\n\t\t\t\t\t<div class=\"faq-item-question\">\r\n\t\t\t\t\t\t<h3 class=\"faq-item-question-text\">O\u00f9 sur mon site Web puis-je l'afficher<\/h3>\r\n\r\n\t\t\t\t\t\t<div class=\"faq-item-question-icon\"><\/div>\r\n\t\t\t\t\t<\/div>\r\n\r\n\t\t\t\t\t<div class=\"faq-item-answer\">\r\n\t\t\t\t\t\t<div class=\"faq-item-answer-text\"> <p>Vous pouvez ajouter un widget File Embed sur n&rsquo;importe quelle ou toutes les pages de votre site Web. Ainsi, avec lui, vous pouvez ajouter votre documentation technologique ou vos sp\u00e9cifications sur les pages produits, ou ajouter vos dipl\u00f4mes et qualifications sur la page \u00c0 propos de nous. <\/p> <\/div>\r\n\t\t\t\t\t<\/div>\r\n\t\t\t\t<\/div> <div class=\"faq-item\">\r\n\t\t\t\t\t<div class=\"faq-item-question\">\r\n\t\t\t\t\t\t<h3 class=\"faq-item-question-text\">Quels sont les avantages d'avoir File Embed pour moi ?<\/h3>\r\n\r\n\t\t\t\t\t\t<div class=\"faq-item-question-icon\"><\/div>\r\n\t\t\t\t\t<\/div>\r\n\r\n\t\t\t\t\t<div class=\"faq-item-answer\">\r\n\t\t\t\t\t\t<div class=\"faq-item-answer-text\"> <p>Ce widget peut vous faire gagner beaucoup de temps, car avec lui, l&rsquo;ajout de documents \u00e0 votre site se fait simplement secondes. De plus, vous pr\u00e9senterez de nombreuses donn\u00e9es pr\u00e9cieuses sur vos produits ou services pour am\u00e9liorer la compr\u00e9hension de vos offres par les utilisateurs. <\/p> <\/div>\r\n\t\t\t\t\t<\/div>\r\n\t\t\t\t<\/div> <div class=\"faq-item\">\r\n\t\t\t\t\t<div class=\"faq-item-question\">\r\n\t\t\t\t\t\t<h3 class=\"faq-item-question-text\">Comment ajouter un fichier int\u00e9gr\u00e9 \u00e0 mon site Web Shopify ?<\/h3>\r\n\r\n\t\t\t\t\t\t<div class=\"faq-item-question-icon\"><\/div>\r\n\t\t\t\t\t<\/div>\r\n\r\n\t\t\t\t\t<div class=\"faq-item-answer\">\r\n\t\t\t\t\t\t<div class=\"faq-item-answer-text\"> <p>Cela ne prend que deux minutes pour commencer \u00e0 utiliser le widget. Le processus est vraiment rapide, gratuit et sans codage. <\/p> <ol> <li>Vous pouvez ajouter le widget au site directement via notre service. Pour cela, suivez le guide ci-dessous sur cette page. <\/li> <li>Le widget peut \u00eatre int\u00e9gr\u00e9 directement via notre service ou via la marketplace. Vous pouvez voir des informations sur les deux options et choisir la v\u00f4tre. <\/li> <\/ol> <\/div>\r\n\t\t\t\t\t<\/div>\r\n\t\t\t\t<\/div> <\/div> <\/div> <div class=\"application-platform-content-item-features application-platform-content-item\" id=\"features\" data-nav-section=\"features\"> <h2>Principales fonctionnalit\u00e9s du widget File Embed<\/h2> <p>Pour avoir une id\u00e9e compl\u00e8te de File Embed, d\u00e9couvrez la liste des fonctions majeures. Ils rendent notre widget incroyablement avantageux pour vous\u00a0: <\/p> <ul><li>Int\u00e9grez un nombre illimit\u00e9 de documents\u00a0; <\/li> <li>Option de mise en page de la visionneuse de fichiers pour afficher les documents sur la page\u00a0; <\/li> <li>T\u00e9l\u00e9chargement d&rsquo;images pour les ic\u00f4nes et les aper\u00e7us\u00a0; <\/li> <li>Afficher ou masquer T\u00e9l\u00e9charger l&rsquo;\u00e9tiquette du fichier\u00a0; <\/li> <li>6 \u00e9l\u00e9ments colorables de l&rsquo;interface. <\/li> <\/ul><p>Pour d\u00e9couvrir toutes les fonctionnalit\u00e9s, voir la d\u00e9mo en direct<\/p> <\/div> <div class=\"application-platform-content-item-installation application-platform-content-item\" id=\"installation\" data-nav-section=\"installation\"> <h2>Voici comment ajouter le widget File Embed \u00e0 votre Boutique Shopify. C&rsquo;est incroyablement simple.<\/h2> <div class=\"video-container\"><iframe width=\"720\" height=\"405\" src=\"https:\/\/www.youtube.com\/embed\/_5fIgCodjcA\" frameborder=\"0\" allowfullscreen=\"\"><\/iframe><\/div><p>Ces plusieurs \u00e9tapes sont la seule chose que vous devez faire. <\/p> <ol><li><b>Utilisez notre d\u00e9mo gratuite et commencez \u00e0 travailler avec votre application personnalis\u00e9e. <\/b><br> Choisissez la mise en page et les aspects appropri\u00e9s de l&rsquo;application et appliquez toutes les modifications. <\/li> <li><b>Obtenez votre code individuel qui est affich\u00e9 dans le formulaire sp\u00e9cial sur les applications Elfsight. <\/b><br> Juste apr\u00e8s la configuration de votre application personnelle, copiez le code exclusif dans la zone qui appara\u00eet et enregistrez-le pour une utilisation future. <\/li> <li><b>Commencez \u00e0 utiliser l&rsquo;application sur le site Shopify. <\/b><br> Impl\u00e9mentez le code enregistr\u00e9 pr\u00e9c\u00e9demment dans votre site et appliquez les am\u00e9liorations. <\/li> <li><b>L&rsquo;installation est enti\u00e8rement termin\u00e9e. <\/b><br> Acc\u00e9dez \u00e0 votre site pour examiner les performances de l&rsquo;application. <\/li><\/ol><p>Toujours instable\u00a0? Ou rencontrez des probl\u00e8mes ? Une simple demande \u00e0 notre service client r\u00e9glera tout probl\u00e8me. <\/p> <\/div>","protected":false},"excerpt":{"rendered":"","protected":false},"author":9,"featured_media":0,"parent":2628,"menu_order":0,"comment_status":"closed","ping_status":"closed","template":"templates\/template-application-platform.php","meta":{"publish_to_discourse":"","publish_post_category":"","wpdc_auto_publish_overridden":"","wpdc_topic_tags":"","wpdc_pin_topic":"","wpdc_pin_until":"","discourse_post_id":"","discourse_permalink":"","wpdc_publishing_response":"","wpdc_publishing_error":"","footnotes":""},"class_list":["post-13451","page","type-page","status-publish","hentry"],"yoast_head":"<!-- This site is optimized with the Yoast SEO plugin v25.3.1 - https:\/\/yoast.com\/wordpress\/plugins\/seo\/ -->\n<title>Application File Viewer - Int\u00e9grez tous les fichiers sur votre site Web Shopify (2025)<\/title>\n<meta name=\"description\" content=\"Avec Elfsight, concevez votre application File Embed et ins\u00e9rez-la facilement dans votre boutique Shopify. Nous avons un service client gratuit et d&#039;autres bonus.\" \/>\n<meta name=\"robots\" content=\"index, follow, max-snippet:-1, max-image-preview:large, max-video-preview:-1\" \/>\n<link rel=\"canonical\" href=\"https:\/\/elfsight.com\/fr\/file-embed-widget\/shopify\/\" \/>\n<meta property=\"og:locale\" content=\"fr_FR\" \/>\n<meta property=\"og:type\" content=\"article\" \/>\n<meta property=\"og:title\" content=\"Application File Viewer - Int\u00e9grez tous les fichiers sur votre site Web Shopify (2025)\" \/>\n<meta property=\"og:description\" content=\"Avec Elfsight, concevez votre application File Embed et ins\u00e9rez-la facilement dans votre boutique Shopify. Nous avons un service client gratuit et d&#039;autres bonus.\" \/>\n<meta property=\"og:url\" content=\"https:\/\/elfsight.com\/fr\/file-embed-widget\/shopify\/\" \/>\n<meta property=\"og:site_name\" content=\"Elfsight FR\" \/>\n<meta property=\"article:modified_time\" content=\"2025-07-09T17:27:45+00:00\" \/>\n<meta name=\"twitter:card\" content=\"summary_large_image\" \/>\n<meta name=\"twitter:label1\" content=\"Dur\u00e9e de lecture estim\u00e9e\" \/>\n\t<meta name=\"twitter:data1\" content=\"3 minutes\" \/>\n<!-- \/ Yoast SEO plugin. -->","yoast_head_json":{"title":"Application File Viewer - Int\u00e9grez tous les fichiers sur votre site Web Shopify (2025)","description":"Avec Elfsight, concevez votre application File Embed et ins\u00e9rez-la facilement dans votre boutique Shopify. Nous avons un service client gratuit et d'autres bonus.","robots":{"index":"index","follow":"follow","max-snippet":"max-snippet:-1","max-image-preview":"max-image-preview:large","max-video-preview":"max-video-preview:-1"},"canonical":"https:\/\/elfsight.com\/fr\/file-embed-widget\/shopify\/","og_locale":"fr_FR","og_type":"article","og_title":"Application File Viewer - Int\u00e9grez tous les fichiers sur votre site Web Shopify (2025)","og_description":"Avec Elfsight, concevez votre application File Embed et ins\u00e9rez-la facilement dans votre boutique Shopify. Nous avons un service client gratuit et d'autres bonus.","og_url":"https:\/\/elfsight.com\/fr\/file-embed-widget\/shopify\/","og_site_name":"Elfsight FR","article_modified_time":"2025-07-09T17:27:45+00:00","twitter_card":"summary_large_image","twitter_misc":{"Dur\u00e9e de lecture estim\u00e9e":"3 minutes"},"schema":{"@context":"https:\/\/schema.org","@graph":[{"@type":"WebPage","@id":"https:\/\/elfsight.com\/fr\/file-embed-widget\/shopify\/","url":"https:\/\/elfsight.com\/fr\/file-embed-widget\/shopify\/","name":"Application File Viewer - Int\u00e9grez tous les fichiers sur votre site Web Shopify (2025)","isPartOf":{"@id":"https:\/\/elfsight.com\/fr\/#website"},"datePublished":"2024-05-03T06:37:15+00:00","dateModified":"2025-07-09T17:27:45+00:00","description":"Avec Elfsight, concevez votre application File Embed et ins\u00e9rez-la facilement dans votre boutique Shopify. Nous avons un service client gratuit et d'autres bonus.","breadcrumb":{"@id":"https:\/\/elfsight.com\/fr\/file-embed-widget\/shopify\/#breadcrumb"},"inLanguage":"fr-FR","potentialAction":[{"@type":"ReadAction","target":["https:\/\/elfsight.com\/fr\/file-embed-widget\/shopify\/"]}]},{"@type":"BreadcrumbList","@id":"https:\/\/elfsight.com\/fr\/file-embed-widget\/shopify\/#breadcrumb","itemListElement":[{"@type":"ListItem","position":1,"name":"Home","item":"https:\/\/elfsight.com\/fr\/"},{"@type":"ListItem","position":2,"name":"File Embed","item":"https:\/\/elfsight.com\/fr\/file-embed-widget\/"},{"@type":"ListItem","position":3,"name":"File Embed &#8211; Shopify"}]},{"@type":"WebSite","@id":"https:\/\/elfsight.com\/fr\/#website","url":"https:\/\/elfsight.com\/fr\/","name":"Elfsight FR","description":"","potentialAction":[{"@type":"SearchAction","target":{"@type":"EntryPoint","urlTemplate":"https:\/\/elfsight.com\/fr\/?s={search_term_string}"},"query-input":{"@type":"PropertyValueSpecification","valueRequired":true,"valueName":"search_term_string"}}],"inLanguage":"fr-FR"}]}},"meta_box":{"industry":"","seo_heading":"","heading":"","description":"","cta_heading":"","cta_description":"","application":"2627","h1":"Application Shopify Int\u00e9gration de fichiers","h1_caption":"Int\u00e9grez des documents, des feuilles de calcul et d'autres fichiers sur votre site Web pour une visualisation et un t\u00e9l\u00e9chargement faciles sur votre site Web Shopify sans effort.","application_category":[],"applications_title":"","applications_request_title":"","applications_request_button_text":"","hero_text":"","hero_video":"","hero_video_schema_markup":"","selling_points_title":"","selling_points_caption":"","selling_points":[],"selling_points_cta_text":"","features_title":"","features":"","ed_cta_examples_text":"","ed_cta_examples_hidden":"","ed_cta_demo_text":"","ed_cta_demo_hidden":"","why_caption":"","why_editor_title":"","why_editor_text":"","why_team_title":"","why_team_text":"","why_service_title":"","why_service_text":"","template_catalog_visible":"","template_catalog_title":"","template_catalog_text":"","template_catalog_categories_visible":"","demo_title":"Cr\u00e9ez votre application d'int\u00e9gration de fichiers","demo_caption":"Configurez votre File Embed et ajoutez-le \u00e0 votre site Web Shopify gratuitement\u00a0!","default_faq_hidden":"","app_template_category":[],"platform":"360","template_public_id":"","codecanyon_url":"","codecanyon_item_id":"","codecanyon_price":"","pricing_caption":"","pricing_elfsight_apps_hide_column":"","pricing_elfsight_apps_url":"","pricing_codecanyon_price_caption":"","integration_category":[],"integration_request_title":"","integration_request_cta":"","integration_platform":"","integrations":[],"platform_category":[],"video_schema_markup":"","price":"\u00e0 partir de 0$ \/ mois","trial":"","benefits":[{"text":"Service d'installation gratuit"},{"text":"Assistance premium"},{"text":"Garantie de remboursement de 14 jours"},{"text":"Mises \u00e0 jour gratuites et continues"}],"button_url":"#demo","button_target_blank":"","button_nofollow":"","attributes":[{"name":"Installations","content":"10,000 - 100,000"},{"name":"Sensible","content":"Oui"},{"name":"Navigateurs compatibles","content":"Firefox, Safari, Opera, Chrome, Edge"}],"tags":[],"tags_disable_links":"","hide_more_platforms":"","video_object":"","demo_hide_cta":"","demo_hide_cloud_options":"","pricing_title":"","pricing":[{"pricing_icon":"cloud","pricing_title":"Elfsight Apps","pricing_title_caption":"Version multiplateforme qui fonctionne sur n'importe quel site Web","pricing_price":"from $0 \/ month","pricing_price_caption":"commencez avec un forfait gratuit","pricing_benefits":[{"text":"Sites Web illimit\u00e9s"},{"text":"Assistance premium"},{"text":"Service d'installation gratuit"},{"text":"Offre sp\u00e9ciale pour plusieurs applications"}],"pricing_button_text":"Ajouter au site Web","pricing_button_url":"#demo"}],"related_apps_title":"","related_apps_hidden":"","author":"","image":[],"title":"","job":"","social_networks":[]},"_links":{"self":[{"href":"https:\/\/elfsight.com\/fr\/wp-json\/wp\/v2\/pages\/13451","targetHints":{"allow":["GET"]}}],"collection":[{"href":"https:\/\/elfsight.com\/fr\/wp-json\/wp\/v2\/pages"}],"about":[{"href":"https:\/\/elfsight.com\/fr\/wp-json\/wp\/v2\/types\/page"}],"author":[{"embeddable":true,"href":"https:\/\/elfsight.com\/fr\/wp-json\/wp\/v2\/users\/9"}],"replies":[{"embeddable":true,"href":"https:\/\/elfsight.com\/fr\/wp-json\/wp\/v2\/comments?post=13451"}],"version-history":[{"count":2,"href":"https:\/\/elfsight.com\/fr\/wp-json\/wp\/v2\/pages\/13451\/revisions"}],"predecessor-version":[{"id":14854,"href":"https:\/\/elfsight.com\/fr\/wp-json\/wp\/v2\/pages\/13451\/revisions\/14854"}],"up":[{"embeddable":true,"href":"https:\/\/elfsight.com\/fr\/wp-json\/wp\/v2\/pages\/2628"}],"wp:attachment":[{"href":"https:\/\/elfsight.com\/fr\/wp-json\/wp\/v2\/media?parent=13451"}],"curies":[{"name":"wp","href":"https:\/\/api.w.org\/{rel}","templated":true}]}}