{"id":13446,"date":"2024-05-03T06:37:14","date_gmt":"2024-05-03T06:37:14","guid":{"rendered":"https:\/\/elfsight.com\/fr\/?page_id=13446"},"modified":"2025-07-09T17:27:49","modified_gmt":"2025-07-09T17:27:49","slug":"squarespace","status":"publish","type":"page","link":"https:\/\/elfsight.com\/fr\/file-embed-widget\/squarespace\/","title":{"rendered":"File Embed &#8211; Squarespace"},"content":{"rendered":"<div class=\"application-platform-content-item-description application-platform-content-item\" id=\"description\" data-nav-section=\"description\"> <h2>Int\u00e9grer un fichier sur Squarespace avec le widget Elfsight<\/h2> <p>Le widget Elfsight File Embed est l&rsquo;outil le plus simple et le plus rapide pour ajouter des fichiers. dans un site Web. Int\u00e9grez tous les fichiers courants : PDF, Docx, Jpg, Jpeg \u2013 au total environ 20 formats. Pour la commodit\u00e9 de l&rsquo;utilisateur, les fichiers peuvent \u00eatre int\u00e9gr\u00e9s par t\u00e9l\u00e9chargement, par URL ou en choisissant parmi ceux r\u00e9cemment t\u00e9l\u00e9charg\u00e9s. Les fonctionnalit\u00e9s vous permettent de donner \u00e0 chaque fichier votre propre nom, de t\u00e9l\u00e9charger une ic\u00f4ne et une image personnalis\u00e9es, de s\u00e9lectionner une variante de pr\u00e9sentation des fichiers, etc. Les visiteurs du site peuvent \u00e9tudier les fichiers directement sur le site, les ouvrir dans un nouvel onglet de navigateur et les t\u00e9l\u00e9charger. <\/p> <div class=\"faq\" data-component=\"FAQ\"> <div class=\"faq-item\">\r\n\t\t\t\t\t<div class=\"faq-item-question\">\r\n\t\t\t\t\t\t<h3 class=\"faq-item-question-text\">O\u00f9 puis-je afficher ce plugin<\/h3>\r\n\r\n\t\t\t\t\t\t<div class=\"faq-item-question-icon\"><\/div>\r\n\t\t\t\t\t<\/div>\r\n\r\n\t\t\t\t\t<div class=\"faq-item-answer\">\r\n\t\t\t\t\t\t<div class=\"faq-item-answer-text\"> <p>Il est facile d&rsquo;appliquer File Embed sur n&rsquo;importe quelle page du site. Par exemple, il peut \u00eatre appliqu\u00e9 pour coller votre documentation technologique ou vos instructions sur les pages produits, ou pour d\u00e9montrer vos dipl\u00f4mes et certificats sur la page de destination. <\/p> <\/div>\r\n\t\t\t\t\t<\/div>\r\n\t\t\t\t<\/div> <div class=\"faq-item\">\r\n\t\t\t\t\t<div class=\"faq-item-question\">\r\n\t\t\t\t\t\t<h3 class=\"faq-item-question-text\">Comment vais-je en b\u00e9n\u00e9ficier ?<\/h3>\r\n\r\n\t\t\t\t\t\t<div class=\"faq-item-question-icon\"><\/div>\r\n\t\t\t\t\t<\/div>\r\n\r\n\t\t\t\t\t<div class=\"faq-item-answer\">\r\n\t\t\t\t\t\t<div class=\"faq-item-answer-text\"> <p>Notre widget vous fera gagner beaucoup de temps, car gr\u00e2ce \u00e0 lui, l&rsquo;ajout de documents sur votre site se fait en quelques secondes seulement. De plus, vous serez en mesure de fournir de nombreuses informations pr\u00e9cieuses sur vos articles et services pour am\u00e9liorer la connaissance des clients sur vos articles. <\/p> <\/div>\r\n\t\t\t\t\t<\/div>\r\n\t\t\t\t<\/div> <div class=\"faq-item\">\r\n\t\t\t\t\t<div class=\"faq-item-question\">\r\n\t\t\t\t\t\t<h3 class=\"faq-item-question-text\">De quoi ai-je besoin pour int\u00e9grer un fichier sur mon site Web Squarespace ?<\/h3>\r\n\r\n\t\t\t\t\t\t<div class=\"faq-item-question-icon\"><\/div>\r\n\t\t\t\t\t<\/div>\r\n\r\n\t\t\t\t\t<div class=\"faq-item-answer\">\r\n\t\t\t\t\t\t<div class=\"faq-item-answer-text\"> <p>Vous n&rsquo;avez besoin que d&rsquo;une minute pour commencer \u00e0 utiliser le widget. Le processus est ultra rapide, gratuit et n\u2019inclut pas de codage. <\/p> <ol> <li>Vous pouvez ajouter le widget \u00e0 votre site Web directement via notre service. Pour le r\u00e9aliser, consultez le guide en bas de cette page. <\/li> <li>Le widget peut \u00eatre introduit via notre service ou via la place de march\u00e9. Vous pouvez en apprendre davantage sur les deux options et d\u00e9cider laquelle est la v\u00f4tre. <\/li> <\/ol> <\/div>\r\n\t\t\t\t\t<\/div>\r\n\t\t\t\t<\/div> <\/div> <\/div> <div class=\"application-platform-content-item-features application-platform-content-item\" id=\"features\" data-nav-section=\"features\"> <h2>Principales fonctionnalit\u00e9s du widget File Embed<\/h2> <p>Afin de former un En comprenant parfaitement le widget, vous pouvez \u00e9tudier la liste de ses fonctionnalit\u00e9s les plus pr\u00e9cieuses. Ils rendent le widget incroyablement avantageux pour vous\u00a0: <\/p> <ul><li>Int\u00e9grez un nombre illimit\u00e9 de documents\u00a0; <\/li> <li>Option de mise en page de la visionneuse de fichiers pour lire les documents sur le site\u00a0; <\/li> <li>T\u00e9l\u00e9chargement d&rsquo;images pour les ic\u00f4nes et les aper\u00e7us\u00a0; <\/li> <li>Afficher ou masquer l&rsquo;\u00e9tiquette du document de t\u00e9l\u00e9chargement\u00a0; <\/li> <li> L&rsquo;option pour peindre six \u00e9l\u00e9ments d&rsquo;interface. <\/li> <\/ul><p>Explorez une liste compl\u00e8te des fonctionnalit\u00e9s dans notre d\u00e9mo en direct <\/p> <\/div> <div class=\"application-platform-content-item-installation application-platform-content-item\" id=\"installation\" data-nav-section=\"installation\"> <h2>D\u00e9couvrez comment int\u00e9grer le widget \u00e0 votre site Web Squarespace . Il n&rsquo;y a pas de codage<\/h2> <div class=\"video-container\"><iframe width=\"720\" height=\"405\" src=\"https:\/\/www.youtube.com\/embed\/w2cueLjk6Oo\" frameborder=\"0\" allowfullscreen=\"\"><\/iframe><\/div><p>Ces plusieurs actions sont la seule chose que vous devez effectuer pour \u00e9tablir. <\/p> <ol><li><b>Cr\u00e9ez votre plugin d&rsquo;int\u00e9gration de fichiers sur mesure<\/b><br> Dans notre \u00e9diteur gratuit, fa\u00e7onnez une interface de configuration de plugin et des options de conception. <\/li><li><b>Obtenir le code personnel pour int\u00e9grer le plugin<\/b><br> Apr\u00e8s avoir configur\u00e9 votre widget, vous obtiendrez le code unique dans la fen\u00eatre qui appara\u00eet sur Elfsight Apps. Copiez ce code pour une utilisation ult\u00e9rieure. <\/li> <li><b>Publiez le plugin sur votre site Squarespace<\/b><br> Acc\u00e9dez \u00e0 la zone dans laquelle vous souhaitez afficher le plugin et collez-y le code enregistr\u00e9. Publier les r\u00e9sultats. <\/li> <li><b>Vous avez enti\u00e8rement effectu\u00e9 l&rsquo;installation<\/b><br> Visitez le magasin pour v\u00e9rifier votre plugin. <\/li> <\/ol><p>Toujours instable ? Ou vous \u00eates tomb\u00e9 sur quelque chose ? \u00c9crivez simplement une demande \u00e0 notre service client. Nous r\u00e9soudrons tout probl\u00e8me en temps opportun et professionnellement. <\/p> <\/div>","protected":false},"excerpt":{"rendered":"","protected":false},"author":9,"featured_media":0,"parent":2628,"menu_order":0,"comment_status":"closed","ping_status":"closed","template":"templates\/template-application-platform.php","meta":{"publish_to_discourse":"","publish_post_category":"","wpdc_auto_publish_overridden":"","wpdc_topic_tags":"","wpdc_pin_topic":"","wpdc_pin_until":"","discourse_post_id":"","discourse_permalink":"","wpdc_publishing_response":"","wpdc_publishing_error":"","footnotes":""},"class_list":["post-13446","page","type-page","status-publish","hentry"],"yoast_head":"<!-- This site is optimized with the Yoast SEO plugin v25.3.1 - https:\/\/yoast.com\/wordpress\/plugins\/seo\/ -->\n<title>Plugin File Viewer - Int\u00e9grez tous les fichiers sur votre site Web Squarespace (2026)<\/title>\n<meta name=\"description\" content=\"Voici une possibilit\u00e9 de cr\u00e9er le plugin File Embed et de l\u2019ajouter \u00e0 votre site Web Squarespace. B\u00e9n\u00e9ficiez d&#039;un support client gratuit et d&#039;autres bonus d&#039;Elfsight.\" \/>\n<meta name=\"robots\" content=\"index, follow, max-snippet:-1, max-image-preview:large, max-video-preview:-1\" \/>\n<link rel=\"canonical\" href=\"https:\/\/elfsight.com\/fr\/file-embed-widget\/squarespace\/\" \/>\n<meta property=\"og:locale\" content=\"fr_FR\" \/>\n<meta property=\"og:type\" content=\"article\" \/>\n<meta property=\"og:title\" content=\"Plugin File Viewer - Int\u00e9grez tous les fichiers sur votre site Web Squarespace (2026)\" \/>\n<meta property=\"og:description\" content=\"Voici une possibilit\u00e9 de cr\u00e9er le plugin File Embed et de l\u2019ajouter \u00e0 votre site Web Squarespace. B\u00e9n\u00e9ficiez d&#039;un support client gratuit et d&#039;autres bonus d&#039;Elfsight.\" \/>\n<meta property=\"og:url\" content=\"https:\/\/elfsight.com\/fr\/file-embed-widget\/squarespace\/\" \/>\n<meta property=\"og:site_name\" content=\"Elfsight FR\" \/>\n<meta property=\"article:modified_time\" content=\"2025-07-09T17:27:49+00:00\" \/>\n<meta name=\"twitter:card\" content=\"summary_large_image\" \/>\n<meta name=\"twitter:label1\" content=\"Dur\u00e9e de lecture estim\u00e9e\" \/>\n\t<meta name=\"twitter:data1\" content=\"3 minutes\" \/>\n<!-- \/ Yoast SEO plugin. -->","yoast_head_json":{"title":"Plugin File Viewer - Int\u00e9grez tous les fichiers sur votre site Web Squarespace (2026)","description":"Voici une possibilit\u00e9 de cr\u00e9er le plugin File Embed et de l\u2019ajouter \u00e0 votre site Web Squarespace. B\u00e9n\u00e9ficiez d'un support client gratuit et d'autres bonus d'Elfsight.","robots":{"index":"index","follow":"follow","max-snippet":"max-snippet:-1","max-image-preview":"max-image-preview:large","max-video-preview":"max-video-preview:-1"},"canonical":"https:\/\/elfsight.com\/fr\/file-embed-widget\/squarespace\/","og_locale":"fr_FR","og_type":"article","og_title":"Plugin File Viewer - Int\u00e9grez tous les fichiers sur votre site Web Squarespace (2026)","og_description":"Voici une possibilit\u00e9 de cr\u00e9er le plugin File Embed et de l\u2019ajouter \u00e0 votre site Web Squarespace. B\u00e9n\u00e9ficiez d'un support client gratuit et d'autres bonus d'Elfsight.","og_url":"https:\/\/elfsight.com\/fr\/file-embed-widget\/squarespace\/","og_site_name":"Elfsight FR","article_modified_time":"2025-07-09T17:27:49+00:00","twitter_card":"summary_large_image","twitter_misc":{"Dur\u00e9e de lecture estim\u00e9e":"3 minutes"},"schema":{"@context":"https:\/\/schema.org","@graph":[{"@type":"WebPage","@id":"https:\/\/elfsight.com\/fr\/file-embed-widget\/squarespace\/","url":"https:\/\/elfsight.com\/fr\/file-embed-widget\/squarespace\/","name":"Plugin File Viewer - Int\u00e9grez tous les fichiers sur votre site Web Squarespace (2026)","isPartOf":{"@id":"https:\/\/elfsight.com\/fr\/#website"},"datePublished":"2024-05-03T06:37:14+00:00","dateModified":"2025-07-09T17:27:49+00:00","description":"Voici une possibilit\u00e9 de cr\u00e9er le plugin File Embed et de l\u2019ajouter \u00e0 votre site Web Squarespace. B\u00e9n\u00e9ficiez d'un support client gratuit et d'autres bonus d'Elfsight.","breadcrumb":{"@id":"https:\/\/elfsight.com\/fr\/file-embed-widget\/squarespace\/#breadcrumb"},"inLanguage":"fr-FR","potentialAction":[{"@type":"ReadAction","target":["https:\/\/elfsight.com\/fr\/file-embed-widget\/squarespace\/"]}]},{"@type":"BreadcrumbList","@id":"https:\/\/elfsight.com\/fr\/file-embed-widget\/squarespace\/#breadcrumb","itemListElement":[{"@type":"ListItem","position":1,"name":"Home","item":"https:\/\/elfsight.com\/fr\/"},{"@type":"ListItem","position":2,"name":"File Embed","item":"https:\/\/elfsight.com\/fr\/file-embed-widget\/"},{"@type":"ListItem","position":3,"name":"File Embed &#8211; Squarespace"}]},{"@type":"WebSite","@id":"https:\/\/elfsight.com\/fr\/#website","url":"https:\/\/elfsight.com\/fr\/","name":"Elfsight FR","description":"","potentialAction":[{"@type":"SearchAction","target":{"@type":"EntryPoint","urlTemplate":"https:\/\/elfsight.com\/fr\/?s={search_term_string}"},"query-input":{"@type":"PropertyValueSpecification","valueRequired":true,"valueName":"search_term_string"}}],"inLanguage":"fr-FR"}]}},"meta_box":{"industry":"","seo_heading":"","heading":"","description":"","cta_heading":"","cta_description":"","application":"2627","h1":"Plugin d'int\u00e9gration de fichiers Squarespace","h1_caption":"Int\u00e9grez des documents, des feuilles de calcul et d'autres fichiers sur votre site Web pour les visualiser et les t\u00e9l\u00e9charger facilement sur votre site Web Squarespace.","application_category":[],"applications_title":"","applications_request_title":"","applications_request_button_text":"","hero_text":"","hero_video":"","hero_video_schema_markup":"","selling_points_title":"","selling_points_caption":"","selling_points":[],"selling_points_cta_text":"","features_title":"","features":"","ed_cta_examples_text":"","ed_cta_examples_hidden":"","ed_cta_demo_text":"","ed_cta_demo_hidden":"","why_caption":"","why_editor_title":"","why_editor_text":"","why_team_title":"","why_team_text":"","why_service_title":"","why_service_text":"","template_catalog_visible":"","template_catalog_title":"","template_catalog_text":"","template_catalog_categories_visible":"","demo_title":"Cr\u00e9ez votre plugin File Embed","demo_caption":"Configurez votre File Embed et ajoutez-le \u00e0 votre site Web Squarespace gratuitement\u00a0!","default_faq_hidden":"","app_template_category":[],"platform":"361","template_public_id":"","codecanyon_url":"","codecanyon_item_id":"","codecanyon_price":"","pricing_caption":"","pricing_elfsight_apps_hide_column":"","pricing_elfsight_apps_url":"","pricing_codecanyon_price_caption":"","integration_category":[],"integration_request_title":"","integration_request_cta":"","integration_platform":"","integrations":[],"platform_category":[],"video_schema_markup":"","price":"\u00e0 partir de 0$ \/ mois","trial":"","benefits":[{"text":"Aide \u00e0 l'installation gratuite"},{"text":"Service client efficace"},{"text":"Garantie de remboursement de 14 jours"},{"text":"D\u00e9veloppement continu"}],"button_url":"#demo","button_target_blank":"","button_nofollow":"","attributes":[{"name":"Installations","content":"10,000 - 100,000"},{"name":"Sensible","content":"Oui"},{"name":"Navigateurs compatibles","content":"Firefox, Safari, Opera, Chrome, Edge"}],"tags":[],"tags_disable_links":"","hide_more_platforms":"","video_object":"","demo_hide_cta":"","demo_hide_cloud_options":"","pricing_title":"","pricing":[{"pricing_icon":"platform","pricing_title":"Elfsight Apps","pricing_title_caption":"Version multiplateforme","pricing_price":"from $0 \/ month","pricing_price_caption":"commencez avec un forfait gratuit","pricing_benefits":[{"text":"Domaines illimit\u00e9s"},{"text":"Support premium et ponctuel et bien document\u00e9"},{"text":"Service d'installation gratuit"},{"text":"100% personnalisable"}],"pricing_button_text":"Ajouter au site Web","pricing_button_url":"#demo"}],"related_apps_title":"","related_apps_hidden":"","author":"","image":[],"title":"","job":"","social_networks":[]},"_links":{"self":[{"href":"https:\/\/elfsight.com\/fr\/wp-json\/wp\/v2\/pages\/13446","targetHints":{"allow":["GET"]}}],"collection":[{"href":"https:\/\/elfsight.com\/fr\/wp-json\/wp\/v2\/pages"}],"about":[{"href":"https:\/\/elfsight.com\/fr\/wp-json\/wp\/v2\/types\/page"}],"author":[{"embeddable":true,"href":"https:\/\/elfsight.com\/fr\/wp-json\/wp\/v2\/users\/9"}],"replies":[{"embeddable":true,"href":"https:\/\/elfsight.com\/fr\/wp-json\/wp\/v2\/comments?post=13446"}],"version-history":[{"count":1,"href":"https:\/\/elfsight.com\/fr\/wp-json\/wp\/v2\/pages\/13446\/revisions"}],"predecessor-version":[{"id":13450,"href":"https:\/\/elfsight.com\/fr\/wp-json\/wp\/v2\/pages\/13446\/revisions\/13450"}],"up":[{"embeddable":true,"href":"https:\/\/elfsight.com\/fr\/wp-json\/wp\/v2\/pages\/2628"}],"wp:attachment":[{"href":"https:\/\/elfsight.com\/fr\/wp-json\/wp\/v2\/media?parent=13446"}],"curies":[{"name":"wp","href":"https:\/\/api.w.org\/{rel}","templated":true}]}}