{"id":13445,"date":"2024-05-03T06:37:13","date_gmt":"2024-05-03T06:37:13","guid":{"rendered":"https:\/\/elfsight.com\/fr\/?page_id=13445"},"modified":"2025-07-09T17:27:56","modified_gmt":"2025-07-09T17:27:56","slug":"webflow","status":"publish","type":"page","link":"https:\/\/elfsight.com\/fr\/file-embed-widget\/webflow\/","title":{"rendered":"File Embed &#8211; Webflow"},"content":{"rendered":"<div class=\"application-platform-content-item-description application-platform-content-item\" id=\"description\" data-nav-section=\"description\"> <h2>Int\u00e9grer un fichier sur Webflow avec le widget Elfsight<\/h2> <p>Elfsight File Embed est l&rsquo;outil le plus simple et le plus rapide pour coller des fichiers dans votre site. Pr\u00e9sentez tous les fichiers les plus utilis\u00e9s : PDF, Docx, Jpg, Pptx \u2013 au total environ 20 types. Pour une plus grande facilit\u00e9 d&rsquo;utilisation, les documents peuvent \u00eatre ins\u00e9r\u00e9s par t\u00e9l\u00e9chargement direct, en saisissant les URL ou en choisissant parmi le dernier t\u00e9l\u00e9charg\u00e9. Vous pouvez donner \u00e0 chaque document votre propre nom, t\u00e9l\u00e9charger une ic\u00f4ne ou pr\u00e9visualiser une image, choisir l&rsquo;option de mise en page des fichiers, etc. Les visiteurs du site Web peuvent visualiser les fichiers directement sur votre page, les ouvrir dans un nouvel onglet et les t\u00e9l\u00e9charger. <\/p> <div class=\"faq\" data-component=\"FAQ\"> <div class=\"faq-item\">\r\n\t\t\t\t\t<div class=\"faq-item-question\">\r\n\t\t\t\t\t\t<h3 class=\"faq-item-question-text\">O\u00f9 puis-je ajouter ce plugin<\/h3>\r\n\r\n\t\t\t\t\t\t<div class=\"faq-item-question-icon\"><\/div>\r\n\t\t\t\t\t<\/div>\r\n\r\n\t\t\t\t\t<div class=\"faq-item-answer\">\r\n\t\t\t\t\t\t<div class=\"faq-item-answer-text\"> <p>Vous pouvez afficher l&rsquo;int\u00e9gration de fichiers sur chaque page de votre site Web. Par exemple, il peut \u00eatre utilis\u00e9 pour ins\u00e9rer votre documentation technologique ou vos directives sur les pages produits correspondantes, et d\u00e9montrer vos dipl\u00f4mes et certificats sur la page de destination. <\/p> <\/div>\r\n\t\t\t\t\t<\/div>\r\n\t\t\t\t<\/div> <div class=\"faq-item\">\r\n\t\t\t\t\t<div class=\"faq-item-question\">\r\n\t\t\t\t\t\t<h3 class=\"faq-item-question-text\">Quels avantages cela m'apporte-t-il ?<\/h3>\r\n\r\n\t\t\t\t\t\t<div class=\"faq-item-question-icon\"><\/div>\r\n\t\t\t\t\t<\/div>\r\n\r\n\t\t\t\t\t<div class=\"faq-item-answer\">\r\n\t\t\t\t\t\t<div class=\"faq-item-answer-text\"> <p>Le widget d&rsquo;Elfsight vous fera gagner beaucoup de temps, car avec lui, l&rsquo;int\u00e9gration de documents dans votre site Web ne prend que quelques secondes . En outre, vous serez en mesure de fournir de nombreux d\u00e9tails significatifs sur vos articles et services et de mieux comprendre vos offres aupr\u00e8s des utilisateurs. <\/p> <\/div>\r\n\t\t\t\t\t<\/div>\r\n\t\t\t\t<\/div> <div class=\"faq-item\">\r\n\t\t\t\t\t<div class=\"faq-item-question\">\r\n\t\t\t\t\t\t<h3 class=\"faq-item-question-text\">De quoi ai-je besoin pour int\u00e9grer File Embed sur mon site Web Webflow ?<\/h3>\r\n\r\n\t\t\t\t\t\t<div class=\"faq-item-question-icon\"><\/div>\r\n\t\t\t\t\t<\/div>\r\n\r\n\t\t\t\t\t<div class=\"faq-item-answer\">\r\n\t\t\t\t\t\t<div class=\"faq-item-answer-text\"> <p>L&rsquo;int\u00e9gration du widget ne prend que trois minutes. L\u2019ajout est vraiment rapide, gratuit et ne n\u00e9cessite aucun codage. <\/p> <ol> <li>Il existe une option pour introduire l&rsquo;int\u00e9gration de fichiers sur la page Web via notre service. Pour cela, utilisez la br\u00e8ve description ci-dessous sur cette page. <\/li> <li>Elfsight File Embed peut \u00eatre int\u00e9gr\u00e9 via notre service ou via la place de march\u00e9. Vous pouvez voir tous les d\u00e9tails des deux variantes et choisir la v\u00f4tre. <\/li> <\/ol> <\/div>\r\n\t\t\t\t\t<\/div>\r\n\t\t\t\t<\/div> <\/div> <\/div> <div class=\"application-platform-content-item-features application-platform-content-item\" id=\"features\" data-nav-section=\"features\"> <h2>Principales fonctionnalit\u00e9s du widget File Embed<\/h2> <p>Pour mieux comprendre de File Embed, d\u00e9couvrez la liste des fonctionnalit\u00e9s essentielles. Ils rendent le widget incroyablement b\u00e9n\u00e9fique pour votre promotion\u00a0: <\/p> <ul><li>Affichez une quantit\u00e9 illimit\u00e9e de documents\u00a0; <\/li> <li>Option de mise en page de la visionneuse de fichiers pour afficher les fichiers sur le site Web\u00a0; <\/li> <li>T\u00e9l\u00e9charger des images pour les ic\u00f4nes et les aper\u00e7us des fichiers\u00a0; <\/li> <li>L&rsquo;option pour afficher ou masquer le texte du fichier de t\u00e9l\u00e9chargement\u00a0; <\/li> <li> Colorez six d\u00e9tails de l&rsquo;interface. <\/li> <\/ul><p>Pour en savoir plus sur les fonctionnalit\u00e9s, voir la d\u00e9mo<\/p> <\/div> <div class=\"application-platform-content-item-installation application-platform-content-item\" id=\"installation\" data-nav-section=\"installation\"> <h2>D\u00e9couvrez comment placer le widget File Embed sur votre site Webflow. C&rsquo;est facile<\/h2> <div class=\"video-container\"><iframe width=\"720\" height=\"405\" src=\"https:\/\/www.youtube.com\/embed\/p0rwdqYR5z8\" frameborder=\"0\" allowfullscreen=\"\"><\/iframe><\/div><p>Les actions suivantes sont la seule chose que vous devez effectuer pour l&rsquo;int\u00e9gration. <\/p> <ol><li><b>Cr\u00e9ez votre plugin d&rsquo;int\u00e9gration de fichiers sur mesure<\/b><br> En g\u00e9rant notre \u00e9diteur gratuit, fa\u00e7onnez un plugin avec une mise en page et des caract\u00e9ristiques fonctionnelles s\u00e9lectionn\u00e9es. <\/li><li><b>Copiez le code personnel pour installer le plugin<\/b><br> Apr\u00e8s avoir cr\u00e9\u00e9 votre widget, vous recevrez le code d&rsquo;installation depuis la fen\u00eatre apparue sur Elfsight Apps. Copiez ce code. <\/li> <li><b>Publiez le plugin sur votre site Webflow<\/b><br> Choisissez la zone dans laquelle vous souhaitez int\u00e9grer le plugin et ins\u00e9rez-y le code copi\u00e9. Publier les r\u00e9sultats. <\/li> <li><b>F\u00e9licitations\u00a0! Vous venez d&rsquo;int\u00e9grer le widget ! <\/b><br> Visitez le site Web pour voir votre plugin. <\/li> <\/ol><p>Vous n&rsquo;arrivez toujours pas \u00e0 vous d\u00e9cider\u00a0? Ou vous avez des questions ? \u00c9crivez simplement une demande \u00e0 notre service client pour r\u00e9soudre chaque probl\u00e8me. <\/p> <\/div>","protected":false},"excerpt":{"rendered":"","protected":false},"author":9,"featured_media":0,"parent":2628,"menu_order":0,"comment_status":"closed","ping_status":"closed","template":"templates\/template-application-platform.php","meta":{"publish_to_discourse":"","publish_post_category":"","wpdc_auto_publish_overridden":"","wpdc_topic_tags":"","wpdc_pin_topic":"","wpdc_pin_until":"","discourse_post_id":"","discourse_permalink":"","wpdc_publishing_response":"","wpdc_publishing_error":"","footnotes":""},"class_list":["post-13445","page","type-page","status-publish","hentry"],"yoast_head":"<!-- This site is optimized with the Yoast SEO plugin v25.3.1 - https:\/\/yoast.com\/wordpress\/plugins\/seo\/ -->\n<title>Visionneuse de fichiers - Int\u00e9grez tous les fichiers sur votre site Web Webflow (2025)<\/title>\n<meta name=\"description\" content=\"Il est parfaitement simple de cr\u00e9er votre widget File Embed et de l\u2019ajouter sur votre site Web Webflow. Le support client Elfsight est gratuit.\" \/>\n<meta name=\"robots\" content=\"index, follow, max-snippet:-1, max-image-preview:large, max-video-preview:-1\" \/>\n<link rel=\"canonical\" href=\"https:\/\/elfsight.com\/fr\/file-embed-widget\/webflow\/\" \/>\n<meta property=\"og:locale\" content=\"fr_FR\" \/>\n<meta property=\"og:type\" content=\"article\" \/>\n<meta property=\"og:title\" content=\"Visionneuse de fichiers - Int\u00e9grez tous les fichiers sur votre site Web Webflow (2025)\" \/>\n<meta property=\"og:description\" content=\"Il est parfaitement simple de cr\u00e9er votre widget File Embed et de l\u2019ajouter sur votre site Web Webflow. Le support client Elfsight est gratuit.\" \/>\n<meta property=\"og:url\" content=\"https:\/\/elfsight.com\/fr\/file-embed-widget\/webflow\/\" \/>\n<meta property=\"og:site_name\" content=\"Elfsight FR\" \/>\n<meta property=\"article:modified_time\" content=\"2025-07-09T17:27:56+00:00\" \/>\n<meta name=\"twitter:card\" content=\"summary_large_image\" \/>\n<meta name=\"twitter:label1\" content=\"Dur\u00e9e de lecture estim\u00e9e\" \/>\n\t<meta name=\"twitter:data1\" content=\"3 minutes\" \/>\n<!-- \/ Yoast SEO plugin. -->","yoast_head_json":{"title":"Visionneuse de fichiers - Int\u00e9grez tous les fichiers sur votre site Web Webflow (2025)","description":"Il est parfaitement simple de cr\u00e9er votre widget File Embed et de l\u2019ajouter sur votre site Web Webflow. Le support client Elfsight est gratuit.","robots":{"index":"index","follow":"follow","max-snippet":"max-snippet:-1","max-image-preview":"max-image-preview:large","max-video-preview":"max-video-preview:-1"},"canonical":"https:\/\/elfsight.com\/fr\/file-embed-widget\/webflow\/","og_locale":"fr_FR","og_type":"article","og_title":"Visionneuse de fichiers - Int\u00e9grez tous les fichiers sur votre site Web Webflow (2025)","og_description":"Il est parfaitement simple de cr\u00e9er votre widget File Embed et de l\u2019ajouter sur votre site Web Webflow. Le support client Elfsight est gratuit.","og_url":"https:\/\/elfsight.com\/fr\/file-embed-widget\/webflow\/","og_site_name":"Elfsight FR","article_modified_time":"2025-07-09T17:27:56+00:00","twitter_card":"summary_large_image","twitter_misc":{"Dur\u00e9e de lecture estim\u00e9e":"3 minutes"},"schema":{"@context":"https:\/\/schema.org","@graph":[{"@type":"WebPage","@id":"https:\/\/elfsight.com\/fr\/file-embed-widget\/webflow\/","url":"https:\/\/elfsight.com\/fr\/file-embed-widget\/webflow\/","name":"Visionneuse de fichiers - Int\u00e9grez tous les fichiers sur votre site Web Webflow (2025)","isPartOf":{"@id":"https:\/\/elfsight.com\/fr\/#website"},"datePublished":"2024-05-03T06:37:13+00:00","dateModified":"2025-07-09T17:27:56+00:00","description":"Il est parfaitement simple de cr\u00e9er votre widget File Embed et de l\u2019ajouter sur votre site Web Webflow. Le support client Elfsight est gratuit.","breadcrumb":{"@id":"https:\/\/elfsight.com\/fr\/file-embed-widget\/webflow\/#breadcrumb"},"inLanguage":"fr-FR","potentialAction":[{"@type":"ReadAction","target":["https:\/\/elfsight.com\/fr\/file-embed-widget\/webflow\/"]}]},{"@type":"BreadcrumbList","@id":"https:\/\/elfsight.com\/fr\/file-embed-widget\/webflow\/#breadcrumb","itemListElement":[{"@type":"ListItem","position":1,"name":"Home","item":"https:\/\/elfsight.com\/fr\/"},{"@type":"ListItem","position":2,"name":"File Embed","item":"https:\/\/elfsight.com\/fr\/file-embed-widget\/"},{"@type":"ListItem","position":3,"name":"File Embed &#8211; Webflow"}]},{"@type":"WebSite","@id":"https:\/\/elfsight.com\/fr\/#website","url":"https:\/\/elfsight.com\/fr\/","name":"Elfsight FR","description":"","potentialAction":[{"@type":"SearchAction","target":{"@type":"EntryPoint","urlTemplate":"https:\/\/elfsight.com\/fr\/?s={search_term_string}"},"query-input":{"@type":"PropertyValueSpecification","valueRequired":true,"valueName":"search_term_string"}}],"inLanguage":"fr-FR"}]}},"meta_box":{"industry":"","seo_heading":"","heading":"","description":"","cta_heading":"","cta_description":"","application":"2627","h1":"Widget d'int\u00e9gration de fichiers Webflow","h1_caption":"Int\u00e9grez des documents, des feuilles de calcul et d'autres fichiers sur votre site Web pour une visualisation et un t\u00e9l\u00e9chargement faciles sur votre site Web Webflow sans effort.","application_category":[],"applications_title":"","applications_request_title":"","applications_request_button_text":"","hero_text":"","hero_video":"","hero_video_schema_markup":"","selling_points_title":"","selling_points_caption":"","selling_points":[],"selling_points_cta_text":"","features_title":"","features":"","ed_cta_examples_text":"","ed_cta_examples_hidden":"","ed_cta_demo_text":"","ed_cta_demo_hidden":"","why_caption":"","why_editor_title":"","why_editor_text":"","why_team_title":"","why_team_text":"","why_service_title":"","why_service_text":"","template_catalog_visible":"","template_catalog_title":"","template_catalog_text":"","template_catalog_categories_visible":"","demo_title":"Cr\u00e9ez votre widget d'int\u00e9gration de fichiers","demo_caption":"Configurez votre File Embed et ajoutez-le \u00e0 votre site Web Webflow gratuitement\u00a0!","default_faq_hidden":"","app_template_category":[],"platform":"362","template_public_id":"","codecanyon_url":"","codecanyon_item_id":"","codecanyon_price":"","pricing_caption":"","pricing_elfsight_apps_hide_column":"","pricing_elfsight_apps_url":"","pricing_codecanyon_price_caption":"","integration_category":[],"integration_request_title":"","integration_request_cta":"","integration_platform":"","integrations":[],"platform_category":[],"video_schema_markup":"","price":"\u00e0 partir de 0$ \/ mois","trial":"","benefits":[{"text":"Assistance \u00e0 l'installation gratuite"},{"text":"Service client efficace"},{"text":"Garantie de remboursement de 14 jours"},{"text":"Am\u00e9liorations futures"}],"button_url":"#demo","button_target_blank":"","button_nofollow":"","attributes":[{"name":"Installations","content":"10,000 - 100,000"},{"name":"Sensible","content":"Oui"},{"name":"Navigateurs compatibles","content":"Edge, Opera, Firefox, Safari, Chrome"}],"tags":[],"tags_disable_links":"","hide_more_platforms":"","video_object":"","demo_hide_cta":"","demo_hide_cloud_options":"","pricing_title":"","pricing":[{"pricing_icon":"platform","pricing_title":"Elfsight Apps","pricing_title_caption":"Solution num\u00e9rique multiplateforme qui fonctionne sur n'importe quel site Web","pricing_price":"from $0 \/ month","pricing_price_caption":"commencez avec un forfait gratuit","pricing_benefits":[{"text":"Nombre illimit\u00e9 de sites Web"},{"text":"Assistance premium"},{"text":"Service d'installation gratuit"},{"text":"Offre sp\u00e9ciale pour plusieurs applications"}],"pricing_button_text":"Ajouter au site Web","pricing_button_url":"#demo"}],"related_apps_title":"","related_apps_hidden":"","author":"","image":[],"title":"","job":"","social_networks":[]},"_links":{"self":[{"href":"https:\/\/elfsight.com\/fr\/wp-json\/wp\/v2\/pages\/13445","targetHints":{"allow":["GET"]}}],"collection":[{"href":"https:\/\/elfsight.com\/fr\/wp-json\/wp\/v2\/pages"}],"about":[{"href":"https:\/\/elfsight.com\/fr\/wp-json\/wp\/v2\/types\/page"}],"author":[{"embeddable":true,"href":"https:\/\/elfsight.com\/fr\/wp-json\/wp\/v2\/users\/9"}],"replies":[{"embeddable":true,"href":"https:\/\/elfsight.com\/fr\/wp-json\/wp\/v2\/comments?post=13445"}],"version-history":[{"count":2,"href":"https:\/\/elfsight.com\/fr\/wp-json\/wp\/v2\/pages\/13445\/revisions"}],"predecessor-version":[{"id":14853,"href":"https:\/\/elfsight.com\/fr\/wp-json\/wp\/v2\/pages\/13445\/revisions\/14853"}],"up":[{"embeddable":true,"href":"https:\/\/elfsight.com\/fr\/wp-json\/wp\/v2\/pages\/2628"}],"wp:attachment":[{"href":"https:\/\/elfsight.com\/fr\/wp-json\/wp\/v2\/media?parent=13445"}],"curies":[{"name":"wp","href":"https:\/\/api.w.org\/{rel}","templated":true}]}}