{"id":13443,"date":"2024-05-03T06:37:11","date_gmt":"2024-05-03T06:37:11","guid":{"rendered":"https:\/\/elfsight.com\/fr\/?page_id=13443"},"modified":"2025-07-09T17:28:07","modified_gmt":"2025-07-09T17:28:07","slug":"weebly","status":"publish","type":"page","link":"https:\/\/elfsight.com\/fr\/file-embed-widget\/weebly\/","title":{"rendered":"File Embed &#8211; Weebly"},"content":{"rendered":"<div class=\"application-platform-content-item-description application-platform-content-item\" id=\"description\" data-nav-section=\"description\"> <h2>Description<\/h2> <p>Elfsight File Embed est l&rsquo;un des widgets les plus simples pour coller des fichiers dans un site. Ajoutez tous les formats populaires : PDF, Docx, Jpg, Jpeg \u2013 au total environ 20 types. Pour votre commodit\u00e9, les documents peuvent \u00eatre ajout\u00e9s par simple t\u00e9l\u00e9chargement, par leur URL ou en choisissant parmi le dernier t\u00e9l\u00e9charg\u00e9. Les fonctionnalit\u00e9s vous permettent de donner \u00e0 chaque document votre propre titre, de t\u00e9l\u00e9charger une ic\u00f4ne et un aper\u00e7u de l&rsquo;image, de choisir une variante de mise en page des fichiers, etc. Les visiteurs du site Web peuvent consulter les documents directement sur votre site, les ouvrir dans un nouvel onglet et les t\u00e9l\u00e9charger. <\/p> <div class=\"faq\" data-component=\"FAQ\"> <div class=\"faq-item\">\r\n\t\t\t\t\t<div class=\"faq-item-question\">\r\n\t\t\t\t\t\t<h3 class=\"faq-item-question-text\">O\u00f9 puis-je le publier<\/h3>\r\n\r\n\t\t\t\t\t\t<div class=\"faq-item-question-icon\"><\/div>\r\n\t\t\t\t\t<\/div>\r\n\r\n\t\t\t\t\t<div class=\"faq-item-answer\">\r\n\t\t\t\t\t\t<div class=\"faq-item-answer-text\"> <p>Vous pouvez ajouter un fichier int\u00e9gr\u00e9 sur chaque page du site Web. Ainsi, avec lui, vous pouvez int\u00e9grer vos documents techniques ou directives sur les pages produits correspondantes, et vanter vos dipl\u00f4mes et qualifications sur la page \u00c0 propos de nous. <\/p> <\/div>\r\n\t\t\t\t\t<\/div>\r\n\t\t\t\t<\/div> <div class=\"faq-item\">\r\n\t\t\t\t\t<div class=\"faq-item-question\">\r\n\t\t\t\t\t\t<h3 class=\"faq-item-question-text\">Comment pourrais-je b\u00e9n\u00e9ficier de ce plugin ?<\/h3>\r\n\r\n\t\t\t\t\t\t<div class=\"faq-item-question-icon\"><\/div>\r\n\t\t\t\t\t<\/div>\r\n\r\n\t\t\t\t\t<div class=\"faq-item-answer\">\r\n\t\t\t\t\t\t<div class=\"faq-item-answer-text\"> <p>Ce widget peut vous faire gagner beaucoup de temps, car avec son aide, l&rsquo;ajout de fichiers dans votre site ne prendra que secondes. De plus, cela vous aide \u00e0 transmettre de nombreux d\u00e9tails significatifs sur vos articles ou services afin de sensibiliser les utilisateurs \u00e0 vos articles. <\/p> <\/div>\r\n\t\t\t\t\t<\/div>\r\n\t\t\t\t<\/div> <div class=\"faq-item\">\r\n\t\t\t\t\t<div class=\"faq-item-question\">\r\n\t\t\t\t\t\t<h3 class=\"faq-item-question-text\">Comment installer File Embed sur mon site Web Weebly ?<\/h3>\r\n\r\n\t\t\t\t\t\t<div class=\"faq-item-question-icon\"><\/div>\r\n\t\t\t\t\t<\/div>\r\n\r\n\t\t\t\t\t<div class=\"faq-item-answer\">\r\n\t\t\t\t\t\t<div class=\"faq-item-answer-text\"> <p>Vous n&rsquo;avez besoin que de trois minutes de votre temps pour commencer \u00e0 utiliser le widget. L&rsquo;int\u00e9gration est ultra rapide, gratuite et sans codage. <\/p> <ol> <li>Vous pouvez introduire File Embed sur votre site dans notre service. Suivez simplement les \u00e9tapes du guide ci-dessous sur cette page. <\/li> <li>Elfsight File Embed peut \u00eatre configur\u00e9 via notre service ou via la place de march\u00e9. Ici, vous pouvez en savoir plus sur ces variantes et choisir la v\u00f4tre. <\/li> <\/ol> <\/div>\r\n\t\t\t\t\t<\/div>\r\n\t\t\t\t<\/div> <\/div> <\/div> <div class=\"application-platform-content-item-features application-platform-content-item\" id=\"features\" data-nav-section=\"features\"> <h2>Fonctionnalit\u00e9s<\/h2> <p>Afin d&rsquo;avoir une perception plus claire de l&rsquo;int\u00e9gration de fichiers, examinez la liste des fonctionnalit\u00e9s les plus remarquables. Ils rendent ce widget incroyablement avantageux pour vous\u00a0: <\/p> <ul><li>Ajoutez un nombre illimit\u00e9 de documents\u00a0; <\/li> <li>Variante de pr\u00e9sentation de la visionneuse de fichiers pour visualiser les documents sur le site\u00a0Web\u00a0; <\/li> <li>T\u00e9l\u00e9charger des images pour les ic\u00f4nes et les aper\u00e7us\u00a0; <\/li> <li>Afficher ou d\u00e9sactiver l&rsquo;\u00e9tiquette du fichier de t\u00e9l\u00e9chargement\u00a0; <\/li> <li> Peignez six \u00e9l\u00e9ments d&rsquo;interface. <\/li> <\/ul><p>Pour d\u00e9couvrir plus de fonctionnalit\u00e9s, voir la d\u00e9mo en direct<\/p> <\/div> <div class=\"application-platform-content-item-installation application-platform-content-item\" id=\"installation\" data-nav-section=\"installation\"> <h2>D\u00e9couvrez comment int\u00e9grer le widget File Embed \u00e0 votre site Weebly . <\/h2> <div class=\"video-container\"><iframe width=\"720\" height=\"405\" src=\"https:\/\/www.youtube.com\/embed\/IJAWKe7ltnw\" frameborder=\"0\" allowfullscreen=\"\"><\/iframe><\/div><p>Les actions suivantes sont la seule chose que vous devez effectuer pour publier le widget. <\/p> <ol><li><b>R\u00e9alisez notre d\u00e9mo gratuite et commencez \u00e0 cr\u00e9er votre application personnalis\u00e9e. <\/b><br> Choisissez la disposition et les performances pr\u00e9f\u00e9rables de l&rsquo;application et appliquez toutes les modifications. <\/li> <li><b>Copiez le code unique pr\u00e9sent\u00e9 dans le formulaire sp\u00e9cial sur les applications Elfsight. <\/b><br> D\u00e8s que la configuration de votre application est termin\u00e9e, copiez le code exclusif dans la fen\u00eatre contextuelle qui appara\u00eet et enregistrez-le pour une utilisation future. <\/li> <li><b>Commencez \u00e0 utiliser l&rsquo;application sur la page Web Weebly. <\/b><br> Placez le code que vous avez copi\u00e9 r\u00e9cemment dans votre page et enregistrez les corrections. <\/li> <li><b>Fait\u00a0! L&rsquo;int\u00e9gration est pleinement r\u00e9alis\u00e9e. <\/b><br> Visitez votre page Web pour jeter un \u0153il aux performances de l&rsquo;application. <\/li><\/ol><p>Toujours pas encore d\u00e9cid\u00e9\u00a0? Ou rencontrez des probl\u00e8mes ? Une seule demande \u00e0 notre \u00e9quipe d&rsquo;assistance r\u00e9soudra chaque probl\u00e8me. <\/p> <\/div>","protected":false},"excerpt":{"rendered":"","protected":false},"author":9,"featured_media":0,"parent":2628,"menu_order":0,"comment_status":"closed","ping_status":"closed","template":"templates\/template-application-platform.php","meta":{"publish_to_discourse":"","publish_post_category":"","wpdc_auto_publish_overridden":"","wpdc_topic_tags":"","wpdc_pin_topic":"","wpdc_pin_until":"","discourse_post_id":"","discourse_permalink":"","wpdc_publishing_response":"","wpdc_publishing_error":"","footnotes":""},"class_list":["post-13443","page","type-page","status-publish","hentry"],"yoast_head":"<!-- This site is optimized with the Yoast SEO plugin v25.3.1 - https:\/\/yoast.com\/wordpress\/plugins\/seo\/ -->\n<title>Application File Viewer - Int\u00e9grez tous les fichiers sur votre site Web Weebly (2026)<\/title>\n<meta name=\"description\" content=\"Avec Elfsight, produisez votre application File Embed et placez-la facilement sur votre site Web Weebly. Nous offrons un service client gratuit et plus de bonus.\" \/>\n<meta name=\"robots\" content=\"index, follow, max-snippet:-1, max-image-preview:large, max-video-preview:-1\" \/>\n<link rel=\"canonical\" href=\"https:\/\/elfsight.com\/fr\/file-embed-widget\/weebly\/\" \/>\n<meta property=\"og:locale\" content=\"fr_FR\" \/>\n<meta property=\"og:type\" content=\"article\" \/>\n<meta property=\"og:title\" content=\"Application File Viewer - Int\u00e9grez tous les fichiers sur votre site Web Weebly (2026)\" \/>\n<meta property=\"og:description\" content=\"Avec Elfsight, produisez votre application File Embed et placez-la facilement sur votre site Web Weebly. Nous offrons un service client gratuit et plus de bonus.\" \/>\n<meta property=\"og:url\" content=\"https:\/\/elfsight.com\/fr\/file-embed-widget\/weebly\/\" \/>\n<meta property=\"og:site_name\" content=\"Elfsight FR\" \/>\n<meta property=\"article:modified_time\" content=\"2025-07-09T17:28:07+00:00\" \/>\n<meta name=\"twitter:card\" content=\"summary_large_image\" \/>\n<meta name=\"twitter:label1\" content=\"Dur\u00e9e de lecture estim\u00e9e\" \/>\n\t<meta name=\"twitter:data1\" content=\"3 minutes\" \/>\n<!-- \/ Yoast SEO plugin. -->","yoast_head_json":{"title":"Application File Viewer - Int\u00e9grez tous les fichiers sur votre site Web Weebly (2026)","description":"Avec Elfsight, produisez votre application File Embed et placez-la facilement sur votre site Web Weebly. Nous offrons un service client gratuit et plus de bonus.","robots":{"index":"index","follow":"follow","max-snippet":"max-snippet:-1","max-image-preview":"max-image-preview:large","max-video-preview":"max-video-preview:-1"},"canonical":"https:\/\/elfsight.com\/fr\/file-embed-widget\/weebly\/","og_locale":"fr_FR","og_type":"article","og_title":"Application File Viewer - Int\u00e9grez tous les fichiers sur votre site Web Weebly (2026)","og_description":"Avec Elfsight, produisez votre application File Embed et placez-la facilement sur votre site Web Weebly. Nous offrons un service client gratuit et plus de bonus.","og_url":"https:\/\/elfsight.com\/fr\/file-embed-widget\/weebly\/","og_site_name":"Elfsight FR","article_modified_time":"2025-07-09T17:28:07+00:00","twitter_card":"summary_large_image","twitter_misc":{"Dur\u00e9e de lecture estim\u00e9e":"3 minutes"},"schema":{"@context":"https:\/\/schema.org","@graph":[{"@type":"WebPage","@id":"https:\/\/elfsight.com\/fr\/file-embed-widget\/weebly\/","url":"https:\/\/elfsight.com\/fr\/file-embed-widget\/weebly\/","name":"Application File Viewer - Int\u00e9grez tous les fichiers sur votre site Web Weebly (2026)","isPartOf":{"@id":"https:\/\/elfsight.com\/fr\/#website"},"datePublished":"2024-05-03T06:37:11+00:00","dateModified":"2025-07-09T17:28:07+00:00","description":"Avec Elfsight, produisez votre application File Embed et placez-la facilement sur votre site Web Weebly. Nous offrons un service client gratuit et plus de bonus.","breadcrumb":{"@id":"https:\/\/elfsight.com\/fr\/file-embed-widget\/weebly\/#breadcrumb"},"inLanguage":"fr-FR","potentialAction":[{"@type":"ReadAction","target":["https:\/\/elfsight.com\/fr\/file-embed-widget\/weebly\/"]}]},{"@type":"BreadcrumbList","@id":"https:\/\/elfsight.com\/fr\/file-embed-widget\/weebly\/#breadcrumb","itemListElement":[{"@type":"ListItem","position":1,"name":"Home","item":"https:\/\/elfsight.com\/fr\/"},{"@type":"ListItem","position":2,"name":"File Embed","item":"https:\/\/elfsight.com\/fr\/file-embed-widget\/"},{"@type":"ListItem","position":3,"name":"File Embed &#8211; Weebly"}]},{"@type":"WebSite","@id":"https:\/\/elfsight.com\/fr\/#website","url":"https:\/\/elfsight.com\/fr\/","name":"Elfsight FR","description":"","potentialAction":[{"@type":"SearchAction","target":{"@type":"EntryPoint","urlTemplate":"https:\/\/elfsight.com\/fr\/?s={search_term_string}"},"query-input":{"@type":"PropertyValueSpecification","valueRequired":true,"valueName":"search_term_string"}}],"inLanguage":"fr-FR"}]}},"meta_box":{"industry":"","seo_heading":"","heading":"","description":"","cta_heading":"","cta_description":"","application":"2627","h1":"Application Weebly File Embed","h1_caption":"Int\u00e9grez des documents, des feuilles de calcul et d'autres fichiers sur votre site Web pour une visualisation et un t\u00e9l\u00e9chargement faciles sur votre site Web Weebly sans effort.","application_category":[],"applications_title":"","applications_request_title":"","applications_request_button_text":"","hero_text":"","hero_video":"","hero_video_schema_markup":"","selling_points_title":"","selling_points_caption":"","selling_points":[],"selling_points_cta_text":"","features_title":"","features":"","ed_cta_examples_text":"","ed_cta_examples_hidden":"","ed_cta_demo_text":"","ed_cta_demo_hidden":"","why_caption":"","why_editor_title":"","why_editor_text":"","why_team_title":"","why_team_text":"","why_service_title":"","why_service_text":"","template_catalog_visible":"","template_catalog_title":"","template_catalog_text":"","template_catalog_categories_visible":"","demo_title":"Cr\u00e9ez votre application d'int\u00e9gration de fichiers","demo_caption":"Configurez votre int\u00e9gration de fichiers et ajoutez-le gratuitement \u00e0 votre site Web Weebly\u00a0!","default_faq_hidden":"","app_template_category":[],"platform":"363","template_public_id":"","codecanyon_url":"","codecanyon_item_id":"","codecanyon_price":"","pricing_caption":"","pricing_elfsight_apps_hide_column":"","pricing_elfsight_apps_url":"","pricing_codecanyon_price_caption":"","integration_category":[],"integration_request_title":"","integration_request_cta":"","integration_platform":"","integrations":[],"platform_category":[],"video_schema_markup":"","price":"\u00e0 partir de 0$ \/ mois","trial":"","benefits":[{"text":"Aide \u00e0 l'installation gratuite"},{"text":"Service client professionnel"},{"text":"Garantie de remboursement de 14 jours"},{"text":"Am\u00e9liorations futures"}],"button_url":"#demo","button_target_blank":"","button_nofollow":"","attributes":[{"name":"Installations","content":"10,000 - 100,000"},{"name":"Sensible","content":"Oui"},{"name":"Navigateurs compatibles","content":"Firefox, Safari, Opera, Chrome, Edge"}],"tags":[],"tags_disable_links":"","hide_more_platforms":"","video_object":"","demo_hide_cta":"","demo_hide_cloud_options":"","pricing_title":"","pricing":[{"pricing_icon":"platform","pricing_title":"Elfsight Apps","pricing_title_caption":"Solution multiplateforme qui fonctionne sur n'importe quel site Web","pricing_price":"from $0 \/ month","pricing_price_caption":"commencez avec un forfait gratuit","pricing_benefits":[{"text":"Domaines illimit\u00e9s"},{"text":"Assistance gratuite"},{"text":"Assistance \u00e0 l'installation gratuite"},{"text":"100% personnalisable"}],"pricing_button_text":"Ajouter au site Web","pricing_button_url":"#demo"}],"related_apps_title":"","related_apps_hidden":"","author":"","image":[],"title":"","job":"","social_networks":[]},"_links":{"self":[{"href":"https:\/\/elfsight.com\/fr\/wp-json\/wp\/v2\/pages\/13443","targetHints":{"allow":["GET"]}}],"collection":[{"href":"https:\/\/elfsight.com\/fr\/wp-json\/wp\/v2\/pages"}],"about":[{"href":"https:\/\/elfsight.com\/fr\/wp-json\/wp\/v2\/types\/page"}],"author":[{"embeddable":true,"href":"https:\/\/elfsight.com\/fr\/wp-json\/wp\/v2\/users\/9"}],"replies":[{"embeddable":true,"href":"https:\/\/elfsight.com\/fr\/wp-json\/wp\/v2\/comments?post=13443"}],"version-history":[{"count":1,"href":"https:\/\/elfsight.com\/fr\/wp-json\/wp\/v2\/pages\/13443\/revisions"}],"predecessor-version":[{"id":13447,"href":"https:\/\/elfsight.com\/fr\/wp-json\/wp\/v2\/pages\/13443\/revisions\/13447"}],"up":[{"embeddable":true,"href":"https:\/\/elfsight.com\/fr\/wp-json\/wp\/v2\/pages\/2628"}],"wp:attachment":[{"href":"https:\/\/elfsight.com\/fr\/wp-json\/wp\/v2\/media?parent=13443"}],"curies":[{"name":"wp","href":"https:\/\/api.w.org\/{rel}","templated":true}]}}