{"id":13438,"date":"2024-05-03T06:37:10","date_gmt":"2024-05-03T06:37:10","guid":{"rendered":"https:\/\/elfsight.com\/fr\/?page_id=13438"},"modified":"2025-07-09T17:28:13","modified_gmt":"2025-07-09T17:28:13","slug":"wix","status":"publish","type":"page","link":"https:\/\/elfsight.com\/fr\/file-embed-widget\/wix\/","title":{"rendered":"File Embed &#8211; Wix"},"content":{"rendered":"<div class=\"application-platform-content-item-description application-platform-content-item\" id=\"description\" data-nav-section=\"description\"> <h2>Description<\/h2> <p>Le widget Elfsight File Embed est le widget le plus simple pour ins\u00e9rer vos fichiers dans un site. Ins\u00e9rez tous les formats populaires : PDF, Docx, Xlsx, Pptx \u2013 au total environ 20 types. Pour plus de commodit\u00e9, les fichiers peuvent \u00eatre ajout\u00e9s simplement en les t\u00e9l\u00e9chargeant, en entrant leurs URL ou en les s\u00e9lectionnant parmi ceux r\u00e9cemment t\u00e9l\u00e9charg\u00e9s. Vous \u00eates libre de donner un nom \u00e0 chaque document, de t\u00e9l\u00e9charger votre propre ic\u00f4ne ou image, de choisir la disposition des fichiers, etc. Les utilisateurs du site peuvent \u00e9tudier les fichiers directement sur le site Web, les ouvrir dans un nouvel onglet de navigateur et les t\u00e9l\u00e9charger. <\/p> <div class=\"faq\" data-component=\"FAQ\"> <div class=\"faq-item\">\r\n\t\t\t\t\t<div class=\"faq-item-question\">\r\n\t\t\t\t\t\t<h3 class=\"faq-item-question-text\">O\u00f9 puis-je publier File Embed ?<\/h3>\r\n\r\n\t\t\t\t\t\t<div class=\"faq-item-question-icon\"><\/div>\r\n\t\t\t\t\t<\/div>\r\n\r\n\t\t\t\t\t<div class=\"faq-item-answer\">\r\n\t\t\t\t\t\t<div class=\"faq-item-answer-text\"> <p>Il est facile d&rsquo;appliquer File Embed pour une ou toutes les pages du site Web. Par exemple, vous pouvez gr\u00e2ce \u00e0 lui publier vos documents technologiques ou vos directives sur les pages produits, et vanter vos dipl\u00f4mes et qualifications sur la page de destination. <\/p> <\/div>\r\n\t\t\t\t\t<\/div>\r\n\t\t\t\t<\/div> <div class=\"faq-item\">\r\n\t\t\t\t\t<div class=\"faq-item-question\">\r\n\t\t\t\t\t\t<h3 class=\"faq-item-question-text\">Comment vais-je b\u00e9n\u00e9ficier de File Embed ?<\/h3>\r\n\r\n\t\t\t\t\t\t<div class=\"faq-item-question-icon\"><\/div>\r\n\t\t\t\t\t<\/div>\r\n\r\n\t\t\t\t\t<div class=\"faq-item-answer\">\r\n\t\t\t\t\t\t<div class=\"faq-item-answer-text\"> <p>Notre widget peut vous faire gagner beaucoup de temps, car avec son aide, l&rsquo;ajout de fichiers sur votre site Web ne prend que quelques secondes. . De plus, vous pouvez publier de nombreuses donn\u00e9es pr\u00e9cieuses sur vos offres et services pour am\u00e9liorer la compr\u00e9hension de vos articles par les clients. <\/p> <\/div>\r\n\t\t\t\t\t<\/div>\r\n\t\t\t\t<\/div> <div class=\"faq-item\">\r\n\t\t\t\t\t<div class=\"faq-item-question\">\r\n\t\t\t\t\t\t<h3 class=\"faq-item-question-text\">Comment puis-je obtenir l'int\u00e9gration de fichiers sur mon site Wix ?<\/h3>\r\n\r\n\t\t\t\t\t\t<div class=\"faq-item-question-icon\"><\/div>\r\n\t\t\t\t\t<\/div>\r\n\r\n\t\t\t\t\t<div class=\"faq-item-answer\">\r\n\t\t\t\t\t\t<div class=\"faq-item-answer-text\"> <p>Cela prendra trois minutes de votre temps pour commencer \u00e0 utiliser le widget. Le processus d&rsquo;int\u00e9gration est ultra rapide, gratuit et n&rsquo;inclut pas de codage. <\/p> <ol> <li>Il existe une option pour coller le fichier int\u00e9gr\u00e9 sur votre site Web directement via notre service. Il suffit de consulter le guide sur cette page. <\/li> <li>Elfsight File Embed peut \u00eatre int\u00e9gr\u00e9 via notre service ou via le march\u00e9. Ici, vous pouvez voir plus de d\u00e9tails sur ces options et en choisir une plus appropri\u00e9e. <\/li> <\/ol> <\/div>\r\n\t\t\t\t\t<\/div>\r\n\t\t\t\t<\/div> <\/div> <\/div> <div class=\"application-platform-content-item-features application-platform-content-item\" id=\"features\" data-nav-section=\"features\"> <h2>Fonctionnalit\u00e9s<\/h2> <p>Pour fa\u00e7onner une meilleure perception du widget, consultez le liste de ses fonctions principales. Ils rendent ce widget le plus efficace possible\u00a0: <\/p> <ul><li>Ins\u00e9rez un nombre illimit\u00e9 de fichiers\u00a0; <\/li> <li>Option de mise en page de la visionneuse de fichiers pour lire les documents sur le site\u00a0; <\/li> <li>T\u00e9l\u00e9chargez des images pour les ic\u00f4nes et les aper\u00e7us\u00a0; <\/li> <li>Afficher ou cacher T\u00e9l\u00e9charger le texte du document\u00a0; <\/li> <li> D\u00e9tails de l&rsquo;interface Couleur 6. <\/li> <\/ul><p>Voir toutes les fonctionnalit\u00e9s dans notre d\u00e9mo en direct <\/p> <\/div> <div class=\"application-platform-content-item-installation application-platform-content-item\" id=\"installation\" data-nav-section=\"installation\"> <h2>D\u00e9couvrez comment ins\u00e9rer le widget File Embed dans votre site Wix . Ce n&rsquo;est pas compliqu\u00e9.<\/h2> <div class=\"video-container\"><iframe width=\"720\" height=\"405\" src=\"https:\/\/www.youtube.com\/embed\/QMT_L_FRewE\" frameborder=\"0\" allowfullscreen=\"\"><\/iframe><\/div><p>Les \u00e9tapes suivantes sont la seule chose que vous devez effectuer pour effectuer une d\u00e9monstration. <\/p> <ol><li><b>Cr\u00e9ez votre propre plugin File Embed<\/b><br> Dans notre configurateur gratuit, fa\u00e7onnez un plugin avec une composition et des caract\u00e9ristiques fonctionnelles s\u00e9lectionn\u00e9es. <\/li><li><b>Obtenez le code individuel pour afficher le plugin<\/b><br> Apr\u00e8s avoir configur\u00e9 votre widget, vous obtiendrez le code d&rsquo;installation dans la fen\u00eatre qui appara\u00eet sur Elfsight Apps. Copiez ce code. <\/li> <li><b>Affichez le plugin sur votre site Wix<\/b><br> D\u00e9finissez la zone dans laquelle vous pr\u00e9voyez d&rsquo;ajouter le plugin et collez-y le code copi\u00e9. Enregistrez les r\u00e9sultats. <\/li> <li><b>L&rsquo;int\u00e9gration est r\u00e9ussie\u00a0! <\/b><br> Visitez votre magasin pour jeter un \u0153il \u00e0 votre travail. <\/li> <\/ol><p>Toujours instable ? Ou rencontrez des probl\u00e8mes ? \u00c9crivez simplement une demande \u00e0 notre \u00e9quipe d&rsquo;assistance, elle fera de son mieux pour vous aider. <\/p> <\/div>","protected":false},"excerpt":{"rendered":"","protected":false},"author":9,"featured_media":0,"parent":2628,"menu_order":0,"comment_status":"closed","ping_status":"closed","template":"templates\/template-application-platform.php","meta":{"publish_to_discourse":"","publish_post_category":"","wpdc_auto_publish_overridden":"","wpdc_topic_tags":"","wpdc_pin_topic":"","wpdc_pin_until":"","discourse_post_id":"","discourse_permalink":"","wpdc_publishing_response":"","wpdc_publishing_error":"","footnotes":""},"class_list":["post-13438","page","type-page","status-publish","hentry"],"yoast_head":"<!-- This site is optimized with the Yoast SEO plugin v25.3.1 - https:\/\/yoast.com\/wordpress\/plugins\/seo\/ -->\n<title>Application File Viewer - Int\u00e9grez n&#039;importe quel fichier sur votre site Web Wix (2025)<\/title>\n<meta name=\"description\" content=\"Il n\u2019y a aucun probl\u00e8me \u00e0 cr\u00e9er votre application File Embed et \u00e0 la placer sur le site Web de Wix. Le support client Elfsight est gratuit et rapide.\" \/>\n<meta name=\"robots\" content=\"index, follow, max-snippet:-1, max-image-preview:large, max-video-preview:-1\" \/>\n<link rel=\"canonical\" href=\"https:\/\/elfsight.com\/fr\/file-embed-widget\/wix\/\" \/>\n<meta property=\"og:locale\" content=\"fr_FR\" \/>\n<meta property=\"og:type\" content=\"article\" \/>\n<meta property=\"og:title\" content=\"Application File Viewer - Int\u00e9grez n&#039;importe quel fichier sur votre site Web Wix (2025)\" \/>\n<meta property=\"og:description\" content=\"Il n\u2019y a aucun probl\u00e8me \u00e0 cr\u00e9er votre application File Embed et \u00e0 la placer sur le site Web de Wix. Le support client Elfsight est gratuit et rapide.\" \/>\n<meta property=\"og:url\" content=\"https:\/\/elfsight.com\/fr\/file-embed-widget\/wix\/\" \/>\n<meta property=\"og:site_name\" content=\"Elfsight FR\" \/>\n<meta property=\"article:modified_time\" content=\"2025-07-09T17:28:13+00:00\" \/>\n<meta name=\"twitter:card\" content=\"summary_large_image\" \/>\n<meta name=\"twitter:label1\" content=\"Dur\u00e9e de lecture estim\u00e9e\" \/>\n\t<meta name=\"twitter:data1\" content=\"3 minutes\" \/>\n<!-- \/ Yoast SEO plugin. -->","yoast_head_json":{"title":"Application File Viewer - Int\u00e9grez n'importe quel fichier sur votre site Web Wix (2025)","description":"Il n\u2019y a aucun probl\u00e8me \u00e0 cr\u00e9er votre application File Embed et \u00e0 la placer sur le site Web de Wix. Le support client Elfsight est gratuit et rapide.","robots":{"index":"index","follow":"follow","max-snippet":"max-snippet:-1","max-image-preview":"max-image-preview:large","max-video-preview":"max-video-preview:-1"},"canonical":"https:\/\/elfsight.com\/fr\/file-embed-widget\/wix\/","og_locale":"fr_FR","og_type":"article","og_title":"Application File Viewer - Int\u00e9grez n'importe quel fichier sur votre site Web Wix (2025)","og_description":"Il n\u2019y a aucun probl\u00e8me \u00e0 cr\u00e9er votre application File Embed et \u00e0 la placer sur le site Web de Wix. Le support client Elfsight est gratuit et rapide.","og_url":"https:\/\/elfsight.com\/fr\/file-embed-widget\/wix\/","og_site_name":"Elfsight FR","article_modified_time":"2025-07-09T17:28:13+00:00","twitter_card":"summary_large_image","twitter_misc":{"Dur\u00e9e de lecture estim\u00e9e":"3 minutes"},"schema":{"@context":"https:\/\/schema.org","@graph":[{"@type":"WebPage","@id":"https:\/\/elfsight.com\/fr\/file-embed-widget\/wix\/","url":"https:\/\/elfsight.com\/fr\/file-embed-widget\/wix\/","name":"Application File Viewer - Int\u00e9grez n'importe quel fichier sur votre site Web Wix (2025)","isPartOf":{"@id":"https:\/\/elfsight.com\/fr\/#website"},"datePublished":"2024-05-03T06:37:10+00:00","dateModified":"2025-07-09T17:28:13+00:00","description":"Il n\u2019y a aucun probl\u00e8me \u00e0 cr\u00e9er votre application File Embed et \u00e0 la placer sur le site Web de Wix. Le support client Elfsight est gratuit et rapide.","breadcrumb":{"@id":"https:\/\/elfsight.com\/fr\/file-embed-widget\/wix\/#breadcrumb"},"inLanguage":"fr-FR","potentialAction":[{"@type":"ReadAction","target":["https:\/\/elfsight.com\/fr\/file-embed-widget\/wix\/"]}]},{"@type":"BreadcrumbList","@id":"https:\/\/elfsight.com\/fr\/file-embed-widget\/wix\/#breadcrumb","itemListElement":[{"@type":"ListItem","position":1,"name":"Home","item":"https:\/\/elfsight.com\/fr\/"},{"@type":"ListItem","position":2,"name":"File Embed","item":"https:\/\/elfsight.com\/fr\/file-embed-widget\/"},{"@type":"ListItem","position":3,"name":"File Embed &#8211; Wix"}]},{"@type":"WebSite","@id":"https:\/\/elfsight.com\/fr\/#website","url":"https:\/\/elfsight.com\/fr\/","name":"Elfsight FR","description":"","potentialAction":[{"@type":"SearchAction","target":{"@type":"EntryPoint","urlTemplate":"https:\/\/elfsight.com\/fr\/?s={search_term_string}"},"query-input":{"@type":"PropertyValueSpecification","valueRequired":true,"valueName":"search_term_string"}}],"inLanguage":"fr-FR"}]}},"meta_box":{"industry":"","seo_heading":"","heading":"","description":"","cta_heading":"","cta_description":"","application":"2627","h1":"Application Wix File Embed","h1_caption":"Int\u00e9grez des documents, des feuilles de calcul et d'autres fichiers sur votre site Web pour les visualiser et les t\u00e9l\u00e9charger facilement sur votre site Web Wix.","application_category":[],"applications_title":"","applications_request_title":"","applications_request_button_text":"","hero_text":"","hero_video":"","hero_video_schema_markup":"","selling_points_title":"","selling_points_caption":"","selling_points":[],"selling_points_cta_text":"","features_title":"","features":"","ed_cta_examples_text":"","ed_cta_examples_hidden":"","ed_cta_demo_text":"","ed_cta_demo_hidden":"","why_caption":"","why_editor_title":"","why_editor_text":"","why_team_title":"","why_team_text":"","why_service_title":"","why_service_text":"","template_catalog_visible":"","template_catalog_title":"","template_catalog_text":"","template_catalog_categories_visible":"","demo_title":"Cr\u00e9ez votre application d'int\u00e9gration de fichiers","demo_caption":"Configurez votre int\u00e9gration de fichiers et ajoutez-le \u00e0 votre site Web Wix gratuitement\u00a0!","default_faq_hidden":"","app_template_category":[],"platform":"345","template_public_id":"","codecanyon_url":"","codecanyon_item_id":"","codecanyon_price":"","pricing_caption":"","pricing_elfsight_apps_hide_column":"","pricing_elfsight_apps_url":"","pricing_codecanyon_price_caption":"","integration_category":[],"integration_request_title":"","integration_request_cta":"","integration_platform":"","integrations":[],"platform_category":[],"video_schema_markup":"","price":"\u00e0 partir de 0$ \/ mois","trial":"","benefits":[{"text":"Aide \u00e0 l'installation gratuite"},{"text":"Service client efficace"},{"text":"Garantie de remboursement de 14 jours"},{"text":"Mise \u00e0 jour constante"}],"button_url":"#demo","button_target_blank":"","button_nofollow":"","attributes":[{"name":"Installations","content":"10,000 - 100,000"},{"name":"Sensible","content":"Oui"},{"name":"Navigateurs compatibles","content":"Firefox, Edge, Chrome, Safari, Opera"}],"tags":[],"tags_disable_links":"","hide_more_platforms":"","video_object":"","demo_hide_cta":"","demo_hide_cloud_options":"","pricing_title":"","pricing":[{"pricing_icon":"platform","pricing_title":"Elfsight Apps","pricing_title_caption":"Logiciel ind\u00e9pendant de la plate-forme qui fonctionne sur n'importe quel site Web","pricing_price":"from $0 \/ month","pricing_price_caption":"commencez avec un forfait gratuit","pricing_benefits":[{"text":"Domaines illimit\u00e9s"},{"text":"Support client rapide"},{"text":"Service d'installation gratuit"},{"text":"Offre sp\u00e9ciale pour plusieurs applications"}],"pricing_button_text":"Ajouter au site Web","pricing_button_url":"#demo"}],"related_apps_title":"","related_apps_hidden":"","author":"","image":[],"title":"","job":"","social_networks":[]},"_links":{"self":[{"href":"https:\/\/elfsight.com\/fr\/wp-json\/wp\/v2\/pages\/13438","targetHints":{"allow":["GET"]}}],"collection":[{"href":"https:\/\/elfsight.com\/fr\/wp-json\/wp\/v2\/pages"}],"about":[{"href":"https:\/\/elfsight.com\/fr\/wp-json\/wp\/v2\/types\/page"}],"author":[{"embeddable":true,"href":"https:\/\/elfsight.com\/fr\/wp-json\/wp\/v2\/users\/9"}],"replies":[{"embeddable":true,"href":"https:\/\/elfsight.com\/fr\/wp-json\/wp\/v2\/comments?post=13438"}],"version-history":[{"count":2,"href":"https:\/\/elfsight.com\/fr\/wp-json\/wp\/v2\/pages\/13438\/revisions"}],"predecessor-version":[{"id":14852,"href":"https:\/\/elfsight.com\/fr\/wp-json\/wp\/v2\/pages\/13438\/revisions\/14852"}],"up":[{"embeddable":true,"href":"https:\/\/elfsight.com\/fr\/wp-json\/wp\/v2\/pages\/2628"}],"wp:attachment":[{"href":"https:\/\/elfsight.com\/fr\/wp-json\/wp\/v2\/media?parent=13438"}],"curies":[{"name":"wp","href":"https:\/\/api.w.org\/{rel}","templated":true}]}}