{"id":13436,"date":"2024-05-03T06:37:08","date_gmt":"2024-05-03T06:37:08","guid":{"rendered":"https:\/\/elfsight.com\/fr\/?page_id=13436"},"modified":"2025-07-09T17:26:25","modified_gmt":"2025-07-09T17:26:25","slug":"elementor","status":"publish","type":"page","link":"https:\/\/elfsight.com\/fr\/file-embed-widget\/elementor\/","title":{"rendered":"File Embed &#8211; Elementor"},"content":{"rendered":"<div class=\"application-platform-content-item-description application-platform-content-item\" id=\"description\" data-nav-section=\"description\"> <h2>Int\u00e9grer un fichier sur Elementor avec le widget Elfsight<\/h2> <p>Le widget Elfsight File Embed est le widget le plus pratique et le plus rapide pour ins\u00e9rer des fichiers dans votre site. Ajoutez tous les formats de fichiers les plus utilis\u00e9s : PDF, Docx, Xlsx, Jpeg \u2013 au total environ 20 types. Pour plus de commodit\u00e9, les documents peuvent \u00eatre int\u00e9gr\u00e9s en les t\u00e9l\u00e9chargeant, en ajoutant les URL ou en les s\u00e9lectionnant dans la liste des derniers t\u00e9l\u00e9charg\u00e9s. Vous pouvez donner \u00e0 chaque document votre propre titre, t\u00e9l\u00e9charger une ic\u00f4ne ou une image, choisir une option de mise en page et bien plus encore. Les utilisateurs du site Web peuvent afficher les fichiers directement sur votre site Web, les visualiser dans un nouvel onglet de navigateur et les t\u00e9l\u00e9charger.<\/p> <div class=\"faq\" data-component=\"FAQ\"> <div class=\"faq-item\">\r\n\t\t\t\t\t<div class=\"faq-item-question\">\r\n\t\t\t\t\t\t<h3 class=\"faq-item-question-text\">O\u00f9 puis-je ins\u00e9rer un fichier int\u00e9gr\u00e9 ?<\/h3>\r\n\r\n\t\t\t\t\t\t<div class=\"faq-item-question-icon\"><\/div>\r\n\t\t\t\t\t<\/div>\r\n\r\n\t\t\t\t\t<div class=\"faq-item-answer\">\r\n\t\t\t\t\t\t<div class=\"faq-item-answer-text\"> <p>Vous pouvez afficher le fichier Int\u00e9grez le widget sur toutes les pages du site. Ainsi, il peut \u00eatre utilis\u00e9 pour afficher vos documents techniques ou directives sur les pages produits, et d\u00e9montrer vos dipl\u00f4mes et qualifications sur la page de destination.<\/p> <\/div>\r\n\t\t\t\t\t<\/div>\r\n\t\t\t\t<\/div> <div class=\"faq-item\">\r\n\t\t\t\t\t<div class=\"faq-item-question\">\r\n\t\t\t\t\t\t<h3 class=\"faq-item-question-text\">Comment b\u00e9n\u00e9ficier de File Embed ?<\/h3>\r\n\r\n\t\t\t\t\t\t<div class=\"faq-item-question-icon\"><\/div>\r\n\t\t\t\t\t<\/div>\r\n\r\n\t\t\t\t\t<div class=\"faq-item-answer\">\r\n\t\t\t\t\t\t<div class=\"faq-item-answer-text\"> <p>Ce widget vous fera gagner beaucoup de temps, car gr\u00e2ce \u00e0 son aide, coller des documents sur votre site ne prend que quelques secondes. En outre, vous pouvez fournir de nombreuses informations significatives sur vos produits et services pour accro\u00eetre la connaissance des clients sur vos offres.<\/p> <\/div>\r\n\t\t\t\t\t<\/div>\r\n\t\t\t\t<\/div> <div class=\"faq-item\">\r\n\t\t\t\t\t<div class=\"faq-item-question\">\r\n\t\t\t\t\t\t<h3 class=\"faq-item-question-text\">Comment ajouter un fichier int\u00e9gr\u00e9 \u00e0 mon site Web Elementor ?<\/h3>\r\n\r\n\t\t\t\t\t\t<div class=\"faq-item-question-icon\"><\/div>\r\n\t\t\t\t\t<\/div>\r\n\r\n\t\t\t\t\t<div class=\"faq-item-answer\">\r\n\t\t\t\t\t\t<div class=\"faq-item-answer-text\"> <p>Cela ne prendra qu&rsquo;une minute pour commencer \u00e0 utiliser le widget. Le processus est ultra rapide, gratuit et sans codage.<\/p> <p>Vous pouvez int\u00e9grer File Embed dans le site Web directement via le service. Consultez simplement un guide ci-dessous sur cette page.<\/p> <\/div>\r\n\t\t\t\t\t<\/div>\r\n\t\t\t\t<\/div> <\/div> <\/div><div class=\"application-platform-content-item-features application-platform-content-item\" id=\"features\" data-nav-section=\"features\"> <h2>Principales fonctionnalit\u00e9s du widget File Embed<\/h2> <p> Afin d&rsquo;acqu\u00e9rir une connaissance compl\u00e8te du widget, vous pouvez \u00e9tudier la liste de ses caract\u00e9ristiques les plus pr\u00e9cieuses\u00a0:<\/p> <ul><li>Coller n&rsquo;importe quelle quantit\u00e9 de documents\u00a0;<\/li> <li>Variante de mise en page de la visionneuse de fichiers dans lire des documents sur le site\u00a0;<\/li> <li>T\u00e9l\u00e9charger des images pour les ic\u00f4nes et les aper\u00e7us des documents\u00a0;<\/li> <li>Afficher ou d\u00e9sactiver le texte du fichier de t\u00e9l\u00e9chargement\u00a0;<\/li> <li> Choisissez les couleurs pour six \u00e9l\u00e9ments de l&rsquo;interface. <\/li> <\/ul><p><a href=\"#demo\">Notre d\u00e9mo vous pr\u00e9sentera une liste compl\u00e8te des fonctionnalit\u00e9s<\/a><\/p> <\/div><div class=\"application-platform-content-item-installation application-platform-content-item\" id=\"installation\" data-nav-section=\"installation\"> <h2>Voici comment placer la visionneuse de fichiers sur votre site Elementor<\/h2> <div class=\"video-container\"><iframe width=\"720\" height=\"405\" src=\"https:\/\/www.youtube.com\/embed\/IUdQd3n6jR4\" frameborder=\"0\" allowfullscreen=\"\"><\/iframe><\/div><p>Les actions suivantes sont la seule chose que vous devez faire. Ils sont tous sans codage.<\/p> <ul><li><b>Cr\u00e9ez votre widget de fichier personnalis\u00e9<\/b><br>Avec l&rsquo;aide de notre d\u00e9mo gratuite, cr\u00e9ez un plugin avec un design et des options pr\u00e9f\u00e9rables.<\/li><li><b>Acqu\u00e9rir un code pour ajouter le plugin<\/b><br>Apr\u00e8s le r\u00e9glage du widget, recevez un code pour le widget Fichier dans la fen\u00eatre contextuelle des applications Elfsight.<\/li><li><b>Placez le plugin sur le site Web<\/b><br>Affichez le plugin \u00e0 l&rsquo;endroit souhait\u00e9 du site Web et enregistrez les modifications.<\/li><li><b>Vous avez termin\u00e9 l&rsquo;installation avec succ\u00e8s<\/b><br> Acc\u00e9dez \u00e0 votre site Elementor pour v\u00e9rifier votre plugin.<\/li><\/ul><p>Vous avez encore des doutes\u00a0? Vous rencontrez des probl\u00e8mes ? Envoyez simplement votre demande \u00e0 notre service client, qui vous fournira une aide professionnelle en temps opportun.<\/p> <\/div>","protected":false},"excerpt":{"rendered":"","protected":false},"author":9,"featured_media":0,"parent":2628,"menu_order":0,"comment_status":"closed","ping_status":"closed","template":"templates\/template-application-platform.php","meta":{"publish_to_discourse":"","publish_post_category":"","wpdc_auto_publish_overridden":"","wpdc_topic_tags":"","wpdc_pin_topic":"","wpdc_pin_until":"","discourse_post_id":"","discourse_permalink":"","wpdc_publishing_response":"","wpdc_publishing_error":"","footnotes":""},"class_list":["post-13436","page","type-page","status-publish","hentry"],"yoast_head":"<!-- This site is optimized with the Yoast SEO plugin v25.3.1 - https:\/\/yoast.com\/wordpress\/plugins\/seo\/ -->\n<title>Visionneuse de fichiers - Int\u00e9grer le widget de fichier sur le site Web Elementor (gratuit et rapide)<\/title>\n<meta name=\"description\" content=\"Avec Elfsight, concevez votre widget File Viewer et int\u00e9grez-le rapidement sur votre site Elementor. Nous avons un service client gratuit et plus de bonus.\" \/>\n<meta name=\"robots\" content=\"index, follow, max-snippet:-1, max-image-preview:large, max-video-preview:-1\" \/>\n<link rel=\"canonical\" href=\"https:\/\/elfsight.com\/fr\/file-embed-widget\/elementor\/\" \/>\n<meta property=\"og:locale\" content=\"fr_FR\" \/>\n<meta property=\"og:type\" content=\"article\" \/>\n<meta property=\"og:title\" content=\"Visionneuse de fichiers - Int\u00e9grer le widget de fichier sur le site Web Elementor (gratuit et rapide)\" \/>\n<meta property=\"og:description\" content=\"Avec Elfsight, concevez votre widget File Viewer et int\u00e9grez-le rapidement sur votre site Elementor. Nous avons un service client gratuit et plus de bonus.\" \/>\n<meta property=\"og:url\" content=\"https:\/\/elfsight.com\/fr\/file-embed-widget\/elementor\/\" \/>\n<meta property=\"og:site_name\" content=\"Elfsight FR\" \/>\n<meta property=\"article:modified_time\" content=\"2025-07-09T17:26:25+00:00\" \/>\n<meta name=\"twitter:card\" content=\"summary_large_image\" \/>\n<meta name=\"twitter:label1\" content=\"Dur\u00e9e de lecture estim\u00e9e\" \/>\n\t<meta name=\"twitter:data1\" content=\"3 minutes\" \/>\n<!-- \/ Yoast SEO plugin. -->","yoast_head_json":{"title":"Visionneuse de fichiers - Int\u00e9grer le widget de fichier sur le site Web Elementor (gratuit et rapide)","description":"Avec Elfsight, concevez votre widget File Viewer et int\u00e9grez-le rapidement sur votre site Elementor. Nous avons un service client gratuit et plus de bonus.","robots":{"index":"index","follow":"follow","max-snippet":"max-snippet:-1","max-image-preview":"max-image-preview:large","max-video-preview":"max-video-preview:-1"},"canonical":"https:\/\/elfsight.com\/fr\/file-embed-widget\/elementor\/","og_locale":"fr_FR","og_type":"article","og_title":"Visionneuse de fichiers - Int\u00e9grer le widget de fichier sur le site Web Elementor (gratuit et rapide)","og_description":"Avec Elfsight, concevez votre widget File Viewer et int\u00e9grez-le rapidement sur votre site Elementor. Nous avons un service client gratuit et plus de bonus.","og_url":"https:\/\/elfsight.com\/fr\/file-embed-widget\/elementor\/","og_site_name":"Elfsight FR","article_modified_time":"2025-07-09T17:26:25+00:00","twitter_card":"summary_large_image","twitter_misc":{"Dur\u00e9e de lecture estim\u00e9e":"3 minutes"},"schema":{"@context":"https:\/\/schema.org","@graph":[{"@type":"WebPage","@id":"https:\/\/elfsight.com\/fr\/file-embed-widget\/elementor\/","url":"https:\/\/elfsight.com\/fr\/file-embed-widget\/elementor\/","name":"Visionneuse de fichiers - Int\u00e9grer le widget de fichier sur le site Web Elementor (gratuit et rapide)","isPartOf":{"@id":"https:\/\/elfsight.com\/fr\/#website"},"datePublished":"2024-05-03T06:37:08+00:00","dateModified":"2025-07-09T17:26:25+00:00","description":"Avec Elfsight, concevez votre widget File Viewer et int\u00e9grez-le rapidement sur votre site Elementor. Nous avons un service client gratuit et plus de bonus.","breadcrumb":{"@id":"https:\/\/elfsight.com\/fr\/file-embed-widget\/elementor\/#breadcrumb"},"inLanguage":"fr-FR","potentialAction":[{"@type":"ReadAction","target":["https:\/\/elfsight.com\/fr\/file-embed-widget\/elementor\/"]}]},{"@type":"BreadcrumbList","@id":"https:\/\/elfsight.com\/fr\/file-embed-widget\/elementor\/#breadcrumb","itemListElement":[{"@type":"ListItem","position":1,"name":"Home","item":"https:\/\/elfsight.com\/fr\/"},{"@type":"ListItem","position":2,"name":"File Embed","item":"https:\/\/elfsight.com\/fr\/file-embed-widget\/"},{"@type":"ListItem","position":3,"name":"File Embed &#8211; Elementor"}]},{"@type":"WebSite","@id":"https:\/\/elfsight.com\/fr\/#website","url":"https:\/\/elfsight.com\/fr\/","name":"Elfsight FR","description":"","potentialAction":[{"@type":"SearchAction","target":{"@type":"EntryPoint","urlTemplate":"https:\/\/elfsight.com\/fr\/?s={search_term_string}"},"query-input":{"@type":"PropertyValueSpecification","valueRequired":true,"valueName":"search_term_string"}}],"inLanguage":"fr-FR"}]}},"meta_box":{"industry":"","seo_heading":"","heading":"","description":"","cta_heading":"","cta_description":"","application":"2627","h1":"Widget Visionneuse de fichiers Elementor","h1_caption":"Int\u00e9grez des documents, des feuilles de calcul et d'autres fichiers sur votre site Web pour une visualisation et un t\u00e9l\u00e9chargement faciles sur votre site Web Elementor sans effort.","application_category":[],"applications_title":"","applications_request_title":"","applications_request_button_text":"","hero_text":"","hero_video":"","hero_video_schema_markup":"","selling_points_title":"","selling_points_caption":"","selling_points":[],"selling_points_cta_text":"","features_title":"","features":"","ed_cta_examples_text":"","ed_cta_examples_hidden":"","ed_cta_demo_text":"","ed_cta_demo_hidden":"","why_caption":"","why_editor_title":"","why_editor_text":"","why_team_title":"","why_team_text":"","why_service_title":"","why_service_text":"","template_catalog_visible":"","template_catalog_title":"","template_catalog_text":"","template_catalog_categories_visible":"","demo_title":"Cr\u00e9ez votre widget d'int\u00e9gration de fichiers","demo_caption":"Configurez votre File Embed et ajoutez-le \u00e0 votre site Web Elementor gratuitement\u00a0!","default_faq_hidden":"","app_template_category":[],"platform":"385","template_public_id":"","codecanyon_url":"","codecanyon_item_id":"","codecanyon_price":"","pricing_caption":"","pricing_elfsight_apps_hide_column":"","pricing_elfsight_apps_url":"","pricing_codecanyon_price_caption":"","integration_category":[],"integration_request_title":"","integration_request_cta":"","integration_platform":"","integrations":[],"platform_category":[],"video_schema_markup":"","price":"\u00e0 partir de 0$ \/ mois","trial":"","benefits":[{"text":"Assistance \u00e0 l'installation gratuite"},{"text":"Support client exp\u00e9riment\u00e9"},{"text":"Garantie de remboursement de 14 jours"},{"text":"Mises \u00e0 jour gratuites r\u00e9guli\u00e8res"}],"button_url":"#demo","button_target_blank":"","button_nofollow":"","attributes":[{"name":"Installations","content":"10,000 - 100,000"},{"name":"Sensible","content":"Oui"},{"name":"Navigateurs compatibles","content":"Firefox, Safari, Opera, Chrome, Edge"}],"tags":[],"tags_disable_links":"","hide_more_platforms":"","video_object":"","demo_hide_cta":"","demo_hide_cloud_options":"","pricing_title":"","pricing":[{"pricing_icon":"platform","pricing_title":"Elfsight Apps","pricing_title_caption":"Version multiplateforme qui fonctionne sur n'importe quel site Web","pricing_price":"from $0 \/ month","pricing_price_caption":"commencez avec un forfait gratuit","pricing_benefits":[{"text":"Sites Web illimit\u00e9s"},{"text":"Assistance 24h\/24 et 7j\/7, ponctuelle et bien document\u00e9e"},{"text":"Aide \u00e0 l'installation gratuite"},{"text":"Prix \u200b\u200b\u00e0 attraper pour plusieurs applications"}],"pricing_button_text":"Ajouter au site Web","pricing_button_url":"#demo"}],"related_apps_title":"","related_apps_hidden":"","author":"","image":[],"title":"","job":"","social_networks":[]},"_links":{"self":[{"href":"https:\/\/elfsight.com\/fr\/wp-json\/wp\/v2\/pages\/13436","targetHints":{"allow":["GET"]}}],"collection":[{"href":"https:\/\/elfsight.com\/fr\/wp-json\/wp\/v2\/pages"}],"about":[{"href":"https:\/\/elfsight.com\/fr\/wp-json\/wp\/v2\/types\/page"}],"author":[{"embeddable":true,"href":"https:\/\/elfsight.com\/fr\/wp-json\/wp\/v2\/users\/9"}],"replies":[{"embeddable":true,"href":"https:\/\/elfsight.com\/fr\/wp-json\/wp\/v2\/comments?post=13436"}],"version-history":[{"count":2,"href":"https:\/\/elfsight.com\/fr\/wp-json\/wp\/v2\/pages\/13436\/revisions"}],"predecessor-version":[{"id":14855,"href":"https:\/\/elfsight.com\/fr\/wp-json\/wp\/v2\/pages\/13436\/revisions\/14855"}],"up":[{"embeddable":true,"href":"https:\/\/elfsight.com\/fr\/wp-json\/wp\/v2\/pages\/2628"}],"wp:attachment":[{"href":"https:\/\/elfsight.com\/fr\/wp-json\/wp\/v2\/media?parent=13436"}],"curies":[{"name":"wp","href":"https:\/\/api.w.org\/{rel}","templated":true}]}}