{"id":13430,"date":"2024-05-03T06:37:06","date_gmt":"2024-05-03T06:37:06","guid":{"rendered":"https:\/\/elfsight.com\/fr\/?page_id=13430"},"modified":"2025-07-09T17:26:31","modified_gmt":"2025-07-09T17:26:31","slug":"facebook","status":"publish","type":"page","link":"https:\/\/elfsight.com\/fr\/file-embed-widget\/facebook\/","title":{"rendered":"File Embed &#8211; Facebook Page"},"content":{"rendered":"<div class=\"application-platform-content-item-description application-platform-content-item\" id=\"description\" data-nav-section=\"description\"><h2>Description<\/h2><p>Le widget Elfsight File est l&rsquo;un des outils les plus simples et les plus rapides pour t\u00e9l\u00e9charger des fichiers sur votre page. Int\u00e9grez tous les fichiers les plus utilis\u00e9s : PDF, Docx, Jpg, Jpeg \u2013 au total une vingtaine de types. Pour la commodit\u00e9 de l&rsquo;utilisateur, les fichiers peuvent \u00eatre ajout\u00e9s par t\u00e9l\u00e9chargement direct, en ajoutant leurs URL ou en choisissant parmi ceux r\u00e9cemment t\u00e9l\u00e9charg\u00e9s. Vous pouvez donner un titre \u00e0 chaque document, t\u00e9l\u00e9charger une ic\u00f4ne ou une image personnalis\u00e9e, s\u00e9lectionner la mise en page et bien plus encore. Les utilisateurs de la page peuvent lire les fichiers directement sur la page, les visualiser dans un nouvel onglet de navigateur et les t\u00e9l\u00e9charger. <\/p><p><b>T\u00e9l\u00e9chargez des mots, des documents, des images et bien plus encore sur votre page Facebook en quelques secondes\u00a0!<\/b><\/p><\/div><div class=\"application-platform-content-item-features application-platform-content-item\" id=\"features\" data-nav-section=\"features\"><h2>Fonctionnalit\u00e9s <\/h2><p>V\u00e9rifiez toutes les caract\u00e9ristiques fonctionnelles du produit. Ils sont disponibles directement dans l&rsquo;\u00e9diteur et vous aideront \u00e0 configurer le widget sp\u00e9cialement pour votre cas d&rsquo;utilisation. <\/p><ul><li>T\u00e9l\u00e9chargez un nombre illimit\u00e9 de documents\u00a0; <\/li><li>Option de mise en page de la visionneuse de fichiers pour lire les documents sur la page\u00a0; <\/li><li>T\u00e9l\u00e9chargement d&rsquo;images pour les ic\u00f4nes et les aper\u00e7us\u00a0; <\/li><li>Afficher ou supprimer le texte du document t\u00e9l\u00e9charg\u00e9\u00a0; <\/li><li>6 \u00e9l\u00e9ments colorables de l&rsquo;interface. <\/li><\/ul><p><a href=\"#demo\">V\u00e9rifiez toutes les autres fonctions dans la d\u00e9mo<\/a><\/p><\/div> <div class=\"application-platform-content-item-installation application-platform-content-item\" id=\"installation\" data-nav-section=\"installation\"><h2> Comment t\u00e9l\u00e9charger un fichier sur une page Facebook\u00a0?<\/h2><p>Pour ajouter le widget \u00e0 votre page Facebook Business, suivez simplement les instructions ci-dessous<\/p><ul><li><b>Concevez votre widget de fichier personnalis\u00e9<\/b><br>G\u00e9rer notre d\u00e9mo gratuite, fa\u00e7onner un plugin &#8211; s\u00e9lectionner une mise en page, choisir des couleurs et ajouter des fichiers.<\/li><li><b>Acqu\u00e9rir le code personnel pour publier le plugin<\/b><br> Apr\u00e8s avoir personnalis\u00e9 votre widget, vous obtiendrez un code d&rsquo;installation dans la fen\u00eatre apparue sur Elfsight Apps. Copiez ce code pour une utilisation future. <\/li><li><b>Ajoutez le widget Fichier \u00e0 la page Facebook<\/b><br> Cr\u00e9ez votre onglet Facebook personnalis\u00e9. Ins\u00e9rez le code que vous avez re\u00e7u sur les applications elfsight dans l&rsquo;onglet. Si vous rencontrez des probl\u00e8mes, consultez simplement notre guide sur <a href=\"https:\/\/elfsight.com\/blog\/how-to-add-custom-tab-to-facebook-page\/\" target=\"_blank\" rel=\"noopener noreferrer\">cr\u00e9ation d&rsquo;un onglet Facebook personnalis\u00e9<\/a><\/li><li><b>Vous avez r\u00e9ussi l&rsquo;installation<\/b><br>Visitez votre page pour jeter un \u0153il \u00e0 votre travail.<\/li><\/ul><p>Prenez une minute pour contacter le support client si vous avez besoin d&rsquo;aide ou si vous rencontrez des probl\u00e8mes. Nous serons heureux de r\u00e9pondre \u00e0 chaque demande.<\/p><div class=\"faq\" data-component=\"FAQ\"><div class=\"faq-item\">\r\n\t\t\t\t\t<div class=\"faq-item-question\">\r\n\t\t\t\t\t\t<h3 class=\"faq-item-question-text\">Comment puis-je ajouter une FAQ \u00e0 ma page Facebook sans comp\u00e9tences en codage ?<\/h3>\r\n\r\n\t\t\t\t\t\t<div class=\"faq-item-question-icon\"><\/div>\r\n\t\t\t\t\t<\/div>\r\n\r\n\t\t\t\t\t<div class=\"faq-item-answer\">\r\n\t\t\t\t\t\t<div class=\"faq-item-answer-text\"> <p>Elfsight fournit une solution SaaS qui vous permet de cr\u00e9er un widget FAQ vous-m\u00eame, voyez \u00e0 quel point le processus est simple\u00a0: travaillez directement dans l&rsquo;\u00e9diteur en ligne pour cr\u00e9er un widget FAQ que vous aimeriez voir sur votre site Web de page Facebook. Choisissez l&rsquo;un des mod\u00e8les pr\u00e9d\u00e9finis et ajustez les param\u00e8tres de la FAQ, ajoutez votre contenu, modifiez la mise en page et les couleurs sans aucune comp\u00e9tence en codage. Enregistrez la FAQ et copiez son code d&rsquo;installation, que vous pouvez simplement inclure dans votre page Facebook sans acheter d&rsquo;abonnement payant. Gr\u00e2ce \u00e0 notre \u00e9diteur intuitif, tout internaute peut cr\u00e9er un widget FAQ en ligne et l&rsquo;int\u00e9grer facilement \u00e0 sa page Facebook. Il n&rsquo;est pas n\u00e9cessaire de payer ou de saisir les informations d&rsquo;identification de votre carte pour acc\u00e9der au service. Si vous rencontrez des probl\u00e8mes \u00e0 n&rsquo;importe quelle \u00e9tape, n&rsquo;h\u00e9sitez pas \u00e0 contacter notre \u00e9quipe d&rsquo;assistance technique.<\/p> <\/div>\r\n\t\t\t\t\t<\/div>\r\n\t\t\t\t<\/div> <\/div><\/div>","protected":false},"excerpt":{"rendered":"","protected":false},"author":9,"featured_media":0,"parent":2628,"menu_order":0,"comment_status":"closed","ping_status":"closed","template":"templates\/template-application-platform.php","meta":{"publish_to_discourse":"","publish_post_category":"","wpdc_auto_publish_overridden":"","wpdc_topic_tags":"","wpdc_pin_topic":"","wpdc_pin_until":"","discourse_post_id":"","discourse_permalink":"","wpdc_publishing_response":"","wpdc_publishing_error":"","footnotes":""},"class_list":["post-13430","page","type-page","status-publish","hentry"],"yoast_head":"<!-- This site is optimized with the Yoast SEO plugin v25.3.1 - https:\/\/yoast.com\/wordpress\/plugins\/seo\/ -->\n<title>Comment ajouter un fichier \u00e0 une page Facebook - File Uploader &amp; Viewer (2025)<\/title>\n<meta name=\"description\" content=\"Avec Elfsight, cr\u00e9ez votre t\u00e9l\u00e9chargeur et visionneuse de fichiers et ajoutez rapidement des fichiers \u00e0 votre page Facebook. Nous offrons un service client gratuit et d&#039;autres bonus.\" \/>\n<meta name=\"robots\" content=\"index, follow, max-snippet:-1, max-image-preview:large, max-video-preview:-1\" \/>\n<link rel=\"canonical\" href=\"https:\/\/elfsight.com\/fr\/file-embed-widget\/facebook\/\" \/>\n<meta property=\"og:locale\" content=\"fr_FR\" \/>\n<meta property=\"og:type\" content=\"article\" \/>\n<meta property=\"og:title\" content=\"Comment ajouter un fichier \u00e0 une page Facebook - File Uploader &amp; Viewer (2025)\" \/>\n<meta property=\"og:description\" content=\"Avec Elfsight, cr\u00e9ez votre t\u00e9l\u00e9chargeur et visionneuse de fichiers et ajoutez rapidement des fichiers \u00e0 votre page Facebook. Nous offrons un service client gratuit et d&#039;autres bonus.\" \/>\n<meta property=\"og:url\" content=\"https:\/\/elfsight.com\/fr\/file-embed-widget\/facebook\/\" \/>\n<meta property=\"og:site_name\" content=\"Elfsight FR\" \/>\n<meta property=\"article:modified_time\" content=\"2025-07-09T17:26:31+00:00\" \/>\n<meta name=\"twitter:card\" content=\"summary_large_image\" \/>\n<meta name=\"twitter:label1\" content=\"Dur\u00e9e de lecture estim\u00e9e\" \/>\n\t<meta name=\"twitter:data1\" content=\"3 minutes\" \/>\n<!-- \/ Yoast SEO plugin. -->","yoast_head_json":{"title":"Comment ajouter un fichier \u00e0 une page Facebook - File Uploader & Viewer (2025)","description":"Avec Elfsight, cr\u00e9ez votre t\u00e9l\u00e9chargeur et visionneuse de fichiers et ajoutez rapidement des fichiers \u00e0 votre page Facebook. Nous offrons un service client gratuit et d'autres bonus.","robots":{"index":"index","follow":"follow","max-snippet":"max-snippet:-1","max-image-preview":"max-image-preview:large","max-video-preview":"max-video-preview:-1"},"canonical":"https:\/\/elfsight.com\/fr\/file-embed-widget\/facebook\/","og_locale":"fr_FR","og_type":"article","og_title":"Comment ajouter un fichier \u00e0 une page Facebook - File Uploader & Viewer (2025)","og_description":"Avec Elfsight, cr\u00e9ez votre t\u00e9l\u00e9chargeur et visionneuse de fichiers et ajoutez rapidement des fichiers \u00e0 votre page Facebook. Nous offrons un service client gratuit et d'autres bonus.","og_url":"https:\/\/elfsight.com\/fr\/file-embed-widget\/facebook\/","og_site_name":"Elfsight FR","article_modified_time":"2025-07-09T17:26:31+00:00","twitter_card":"summary_large_image","twitter_misc":{"Dur\u00e9e de lecture estim\u00e9e":"3 minutes"},"schema":{"@context":"https:\/\/schema.org","@graph":[{"@type":"WebPage","@id":"https:\/\/elfsight.com\/fr\/file-embed-widget\/facebook\/","url":"https:\/\/elfsight.com\/fr\/file-embed-widget\/facebook\/","name":"Comment ajouter un fichier \u00e0 une page Facebook - File Uploader & Viewer (2025)","isPartOf":{"@id":"https:\/\/elfsight.com\/fr\/#website"},"datePublished":"2024-05-03T06:37:06+00:00","dateModified":"2025-07-09T17:26:31+00:00","description":"Avec Elfsight, cr\u00e9ez votre t\u00e9l\u00e9chargeur et visionneuse de fichiers et ajoutez rapidement des fichiers \u00e0 votre page Facebook. Nous offrons un service client gratuit et d'autres bonus.","breadcrumb":{"@id":"https:\/\/elfsight.com\/fr\/file-embed-widget\/facebook\/#breadcrumb"},"inLanguage":"fr-FR","potentialAction":[{"@type":"ReadAction","target":["https:\/\/elfsight.com\/fr\/file-embed-widget\/facebook\/"]}]},{"@type":"BreadcrumbList","@id":"https:\/\/elfsight.com\/fr\/file-embed-widget\/facebook\/#breadcrumb","itemListElement":[{"@type":"ListItem","position":1,"name":"Home","item":"https:\/\/elfsight.com\/fr\/"},{"@type":"ListItem","position":2,"name":"File Embed","item":"https:\/\/elfsight.com\/fr\/file-embed-widget\/"},{"@type":"ListItem","position":3,"name":"File Embed &#8211; Facebook Page"}]},{"@type":"WebSite","@id":"https:\/\/elfsight.com\/fr\/#website","url":"https:\/\/elfsight.com\/fr\/","name":"Elfsight FR","description":"","potentialAction":[{"@type":"SearchAction","target":{"@type":"EntryPoint","urlTemplate":"https:\/\/elfsight.com\/fr\/?s={search_term_string}"},"query-input":{"@type":"PropertyValueSpecification","valueRequired":true,"valueName":"search_term_string"}}],"inLanguage":"fr-FR"}]}},"meta_box":{"industry":"","seo_heading":"","heading":"","description":"","cta_heading":"","cta_description":"","application":"2627","h1":"Comment ajouter un fichier \u00e0 une page Facebook","h1_caption":"Int\u00e9grez des documents, des feuilles de calcul et d'autres fichiers sur votre site Web pour une visualisation et un t\u00e9l\u00e9chargement faciles sur votre site Web de page Facebook sans effort.","application_category":[],"applications_title":"","applications_request_title":"","applications_request_button_text":"","hero_text":"","hero_video":"","hero_video_schema_markup":"","selling_points_title":"","selling_points_caption":"","selling_points":[],"selling_points_cta_text":"","features_title":"","features":"","ed_cta_examples_text":"","ed_cta_examples_hidden":"","ed_cta_demo_text":"","ed_cta_demo_hidden":"","why_caption":"","why_editor_title":"","why_editor_text":"","why_team_title":"","why_team_text":"","why_service_title":"","why_service_text":"","template_catalog_visible":"","template_catalog_title":"","template_catalog_text":"","template_catalog_categories_visible":"","demo_title":"Cr\u00e9ez votre widget d'int\u00e9gration de fichiers","demo_caption":"Configurez votre int\u00e9gration de fichiers et ajoutez-le gratuitement au site Web de votre page Facebook\u00a0!","default_faq_hidden":"","app_template_category":[],"platform":"394","template_public_id":"","codecanyon_url":"","codecanyon_item_id":"","codecanyon_price":"","pricing_caption":"","pricing_elfsight_apps_hide_column":"","pricing_elfsight_apps_url":"","pricing_codecanyon_price_caption":"","integration_category":[],"integration_request_title":"","integration_request_cta":"","integration_platform":"","integrations":[],"platform_category":[],"video_schema_markup":"","price":"\u00e0 partir de 0$ \/ mois","trial":"","benefits":[{"text":"Service d'installation gratuit"},{"text":"Support client exp\u00e9riment\u00e9"},{"text":"Garantie de remboursement de 14 jours"},{"text":"Mises \u00e0 jour continues"}],"button_url":"#demo","button_target_blank":"","button_nofollow":"","attributes":[{"name":"Installations","content":"10,000 - 100,000"},{"name":"R\u00e9activit\u00e9","content":"Fonctionne sur les sites Web mobiles"},{"name":"Navigateurs compatibles","content":"Edge, Opera, Safari, Firefox, Chrome"}],"tags":[],"tags_disable_links":"","hide_more_platforms":"","video_object":"","demo_hide_cta":"","demo_hide_cloud_options":"","pricing_title":"","pricing":[{"pricing_icon":"platform","pricing_title":"Elfsight Apps","pricing_title_caption":"Logiciel multiplateforme","pricing_price":"from $0 \/ month","pricing_price_caption":"commencez avec un forfait gratuit","pricing_benefits":[{"text":"Sites Web illimit\u00e9s"},{"text":"Assistance entreprise premium"},{"text":"Assistance \u00e0 l'installation gratuite"},{"text":"100% personnalisable"}],"pricing_button_text":"Ajouter au site Web","pricing_button_url":"#demo"}],"related_apps_title":"","related_apps_hidden":"","author":"","image":[],"title":"","job":"","social_networks":[]},"_links":{"self":[{"href":"https:\/\/elfsight.com\/fr\/wp-json\/wp\/v2\/pages\/13430","targetHints":{"allow":["GET"]}}],"collection":[{"href":"https:\/\/elfsight.com\/fr\/wp-json\/wp\/v2\/pages"}],"about":[{"href":"https:\/\/elfsight.com\/fr\/wp-json\/wp\/v2\/types\/page"}],"author":[{"embeddable":true,"href":"https:\/\/elfsight.com\/fr\/wp-json\/wp\/v2\/users\/9"}],"replies":[{"embeddable":true,"href":"https:\/\/elfsight.com\/fr\/wp-json\/wp\/v2\/comments?post=13430"}],"version-history":[{"count":1,"href":"https:\/\/elfsight.com\/fr\/wp-json\/wp\/v2\/pages\/13430\/revisions"}],"predecessor-version":[{"id":13434,"href":"https:\/\/elfsight.com\/fr\/wp-json\/wp\/v2\/pages\/13430\/revisions\/13434"}],"up":[{"embeddable":true,"href":"https:\/\/elfsight.com\/fr\/wp-json\/wp\/v2\/pages\/2628"}],"wp:attachment":[{"href":"https:\/\/elfsight.com\/fr\/wp-json\/wp\/v2\/media?parent=13430"}],"curies":[{"name":"wp","href":"https:\/\/api.w.org\/{rel}","templated":true}]}}