{"id":13429,"date":"2024-05-03T06:37:05","date_gmt":"2024-05-03T06:37:05","guid":{"rendered":"https:\/\/elfsight.com\/fr\/?page_id=13429"},"modified":"2024-12-23T14:50:17","modified_gmt":"2024-12-23T14:50:17","slug":"woocommerce","status":"publish","type":"page","link":"https:\/\/elfsight.com\/fr\/file-embed-widget\/woocommerce\/","title":{"rendered":"File Embed &#8211; WooCommerce"},"content":{"rendered":"\n<div class=\"application-platform-content-item-description application-platform-content-item\" id=\"description\" data-nav-section=\"description\"><h2>Description<\/h2><p>Elfsight File Viewer est l&rsquo;un des outils les plus pratiques et les plus rapides pour coller des fichiers sur un site Web. Ins\u00e9rez tous les formats courants : PDF, Docx, Xlsx, Jpeg \u2013 au total une vingtaine d\u2019options. Pour faciliter l&rsquo;utilisation, les fichiers peuvent \u00eatre int\u00e9gr\u00e9s en les t\u00e9l\u00e9chargeant via les URL ou en les s\u00e9lectionnant dans la liste des derniers t\u00e9l\u00e9charg\u00e9s. Vous pouvez donner \u00e0 chaque fichier votre propre titre, t\u00e9l\u00e9charger votre propre ic\u00f4ne ou image, choisir la mise en page, etc. Les utilisateurs du site Web peuvent consulter les documents directement sur le site, les visualiser dans un nouvel onglet de navigateur et les t\u00e9l\u00e9charger.<\/p><p><b>Utilisez File Embed pour atteindre vos objectifs commerciaux plus rapidement\u00a0!<\/b><\/p><\/div> <div class=\"application-platform-content-item-features application-platform-content-item\" id=\"features\" data-nav-section=\"features\"><h2>Les fonctionnalit\u00e9s fondamentales du widget incluent<\/h2><ul><li>Coller un nombre illimit\u00e9 de documents\u00a0;<\/li><li>Option de mise en page de la visionneuse de fichiers pour lire les fichiers sur le site\u00a0; <\/li><li>T\u00e9l\u00e9charger des images pour les ic\u00f4nes de fichiers et les aper\u00e7us\u00a0;<\/li><li>Afficher ou masquer le texte du document t\u00e9l\u00e9charg\u00e9\u00a0;<\/li><li>6 d\u00e9tails de l&rsquo;interface du widget qui peuvent \u00eatre repeints.<\/li><\/ul><p><a href=\"#demo\">Cochez simplement cette d\u00e9mo pour avoir une id\u00e9e compl\u00e8te<\/a><\/p><\/div><div class=\"application-platform-content-item-installation application-platform-content-item\" id=\"installation\" data-nav-section=\"installation\"><h2>Comment puis-je ajouter File Viewer \u00e0 mon site Web WooCommerce\u00a0?<\/h2><p>Suivez simplement les \u00e9tapes d\u00e9crites ci-dessous pour ajouter le plugin.<\/p><ol><li><b>G\u00e9rez notre configurateur gratuit et commencez \u00e0 fa\u00e7onner votre propre instrument .<\/b><br>Trouvez la conception et les sp\u00e9cifications pr\u00e9f\u00e9r\u00e9es de l&rsquo;outil et enregistrez les modifications.<\/li><li><b>Recevez votre code personnel qui appara\u00eet dans la fen\u00eatre sur les applications Elfsight.<\/b><br>Lorsque la configuration de votre plugin est termin\u00e9e, copiez le code exclusif dans la fen\u00eatre contextuelle qui appara\u00eet et enregistrez-le pour une utilisation ult\u00e9rieure.<\/li><li><b>Commencez l&rsquo;utilisation du plugin sur le site WooCommerce.<\/b><br>Ajoutez le code enregistr\u00e9 pr\u00e9c\u00e9demment dans votre page d&rsquo;accueil et appliquez les am\u00e9liorations.<\/li><li><b>L&rsquo;installation est effectu\u00e9e avec succ\u00e8s.<\/b><br>Acc\u00e9dez \u00e0 votre page Web pour v\u00e9rifier les performances du plugin. <\/li><\/ol><p>En cas d&rsquo;obstacles, n&rsquo;h\u00e9sitez pas \u00e0 \u00e9crire \u00e0 notre \u00e9quipe d&rsquo;assistance. Nos consultants ont h\u00e2te de r\u00e9soudre toutes les difficult\u00e9s que vous pourriez rencontrer avec le plugin.<\/p><div class=\"faq\" data-component=\"FAQ\"><div class=\"faq-item\">\r\n\t\t\t\t\t<div class=\"faq-item-question\">\r\n\t\t\t\t\t\t<h3 class=\"faq-item-question-text\">Comment ajouter File Embed \u00e0 mon site WooCommerce sans comp\u00e9tences en codage ?<\/h3>\r\n\r\n\t\t\t\t\t\t<div class=\"faq-item-question-icon\"><\/div>\r\n\t\t\t\t\t<\/div>\r\n\r\n\t\t\t\t\t<div class=\"faq-item-answer\">\r\n\t\t\t\t\t\t<div class=\"faq-item-answer-text\"> <p>Elfsight propose un SaaS qui vous permet de cr\u00e9er vous-m\u00eame un widget File Embed, voyez \u00e0 quel point le processus est simple\u00a0: travaillez directement dans l&rsquo;\u00e9diteur en ligne pour cr\u00e9er un widget File Embed que vous aimeriez voir sur votre site Web WooCommerce. Choisissez l&rsquo;un des mod\u00e8les pr\u00e9d\u00e9finis et ajustez les param\u00e8tres d&rsquo;int\u00e9gration de fichiers, ajoutez votre contenu, modifiez la mise en page et les couleurs sans aucune comp\u00e9tence en codage. Enregistrez le fichier int\u00e9gr\u00e9 et copiez son code d&rsquo;installation, que vous pouvez facilement inclure dans votre site Web WooCommerce sans acheter d&rsquo;abonnement payant. Avec notre \u00e9diteur intuitif, tout internaute peut cr\u00e9er un widget File Embed en ligne et l&rsquo;int\u00e9grer facilement \u00e0 son site Web WooCommerce. Il n&rsquo;est pas n\u00e9cessaire de payer ou de saisir les informations d&rsquo;identification de votre carte pour acc\u00e9der au service. Si vous rencontrez des probl\u00e8mes \u00e0 n&rsquo;importe quelle \u00e9tape, n&rsquo;h\u00e9sitez pas \u00e0 contacter notre \u00e9quipe d&rsquo;assistance technique.<\/p> <\/div>\r\n\t\t\t\t\t<\/div>\r\n\t\t\t\t<\/div> <\/div><\/div>\n","protected":false},"excerpt":{"rendered":"","protected":false},"author":9,"featured_media":0,"parent":2628,"menu_order":0,"comment_status":"closed","ping_status":"closed","template":"templates\/template-application-platform.php","meta":{"publish_to_discourse":"","publish_post_category":"","wpdc_auto_publish_overridden":"","wpdc_topic_tags":"","wpdc_pin_topic":"","wpdc_pin_until":"","discourse_post_id":"","discourse_permalink":"","wpdc_publishing_response":"","wpdc_publishing_error":"","footnotes":""},"class_list":["post-13429","page","type-page","status-publish","hentry"],"yoast_head":"<!-- This site is optimized with the Yoast SEO plugin v25.3.1 - https:\/\/yoast.com\/wordpress\/plugins\/seo\/ -->\n<title>Plugin WooCommerce File Viewer &amp; Embedder pour votre site Web (2026)<\/title>\n<meta name=\"description\" content=\"Vous pouvez personnaliser le plugin File Viewer &amp; Embedder d\u00e8s maintenant et l\u2019ajouter directement \u00e0 votre site Web WooCommerce via la d\u00e9mo.\" \/>\n<meta name=\"robots\" content=\"index, follow, max-snippet:-1, max-image-preview:large, max-video-preview:-1\" \/>\n<link rel=\"canonical\" href=\"https:\/\/elfsight.com\/fr\/file-embed-widget\/woocommerce\/\" \/>\n<meta property=\"og:locale\" content=\"fr_FR\" \/>\n<meta property=\"og:type\" content=\"article\" \/>\n<meta property=\"og:title\" content=\"Plugin WooCommerce File Viewer &amp; Embedder pour votre site Web (2026)\" \/>\n<meta property=\"og:description\" content=\"Vous pouvez personnaliser le plugin File Viewer &amp; Embedder d\u00e8s maintenant et l\u2019ajouter directement \u00e0 votre site Web WooCommerce via la d\u00e9mo.\" \/>\n<meta property=\"og:url\" content=\"https:\/\/elfsight.com\/fr\/file-embed-widget\/woocommerce\/\" \/>\n<meta property=\"og:site_name\" content=\"Elfsight FR\" \/>\n<meta property=\"article:modified_time\" content=\"2024-12-23T14:50:17+00:00\" \/>\n<meta name=\"twitter:card\" content=\"summary_large_image\" \/>\n<meta name=\"twitter:label1\" content=\"Dur\u00e9e de lecture estim\u00e9e\" \/>\n\t<meta name=\"twitter:data1\" content=\"3 minutes\" \/>\n<!-- \/ Yoast SEO plugin. -->","yoast_head_json":{"title":"Plugin WooCommerce File Viewer & Embedder pour votre site Web (2026)","description":"Vous pouvez personnaliser le plugin File Viewer & Embedder d\u00e8s maintenant et l\u2019ajouter directement \u00e0 votre site Web WooCommerce via la d\u00e9mo.","robots":{"index":"index","follow":"follow","max-snippet":"max-snippet:-1","max-image-preview":"max-image-preview:large","max-video-preview":"max-video-preview:-1"},"canonical":"https:\/\/elfsight.com\/fr\/file-embed-widget\/woocommerce\/","og_locale":"fr_FR","og_type":"article","og_title":"Plugin WooCommerce File Viewer & Embedder pour votre site Web (2026)","og_description":"Vous pouvez personnaliser le plugin File Viewer & Embedder d\u00e8s maintenant et l\u2019ajouter directement \u00e0 votre site Web WooCommerce via la d\u00e9mo.","og_url":"https:\/\/elfsight.com\/fr\/file-embed-widget\/woocommerce\/","og_site_name":"Elfsight FR","article_modified_time":"2024-12-23T14:50:17+00:00","twitter_card":"summary_large_image","twitter_misc":{"Dur\u00e9e de lecture estim\u00e9e":"3 minutes"},"schema":{"@context":"https:\/\/schema.org","@graph":[{"@type":"WebPage","@id":"https:\/\/elfsight.com\/fr\/file-embed-widget\/woocommerce\/","url":"https:\/\/elfsight.com\/fr\/file-embed-widget\/woocommerce\/","name":"Plugin WooCommerce File Viewer & Embedder pour votre site Web (2026)","isPartOf":{"@id":"https:\/\/elfsight.com\/fr\/#website"},"datePublished":"2024-05-03T06:37:05+00:00","dateModified":"2024-12-23T14:50:17+00:00","description":"Vous pouvez personnaliser le plugin File Viewer & Embedder d\u00e8s maintenant et l\u2019ajouter directement \u00e0 votre site Web WooCommerce via la d\u00e9mo.","breadcrumb":{"@id":"https:\/\/elfsight.com\/fr\/file-embed-widget\/woocommerce\/#breadcrumb"},"inLanguage":"fr-FR","potentialAction":[{"@type":"ReadAction","target":["https:\/\/elfsight.com\/fr\/file-embed-widget\/woocommerce\/"]}]},{"@type":"BreadcrumbList","@id":"https:\/\/elfsight.com\/fr\/file-embed-widget\/woocommerce\/#breadcrumb","itemListElement":[{"@type":"ListItem","position":1,"name":"Home","item":"https:\/\/elfsight.com\/fr\/"},{"@type":"ListItem","position":2,"name":"File Embed","item":"https:\/\/elfsight.com\/fr\/file-embed-widget\/"},{"@type":"ListItem","position":3,"name":"File Embed &#8211; WooCommerce"}]},{"@type":"WebSite","@id":"https:\/\/elfsight.com\/fr\/#website","url":"https:\/\/elfsight.com\/fr\/","name":"Elfsight FR","description":"","potentialAction":[{"@type":"SearchAction","target":{"@type":"EntryPoint","urlTemplate":"https:\/\/elfsight.com\/fr\/?s={search_term_string}"},"query-input":{"@type":"PropertyValueSpecification","valueRequired":true,"valueName":"search_term_string"}}],"inLanguage":"fr-FR"}]}},"meta_box":{"industry":"","seo_heading":"","heading":"","description":"","cta_heading":"","cta_description":"","application":"2627","h1":"Plugin de visualisation de fichiers WooCommerce","h1_caption":"Int\u00e9grez des documents, des feuilles de calcul et d'autres fichiers sur votre site Web pour une visualisation et un t\u00e9l\u00e9chargement faciles sur votre site Web WooCommerce sans effort.","application_category":[],"applications_title":"","applications_request_title":"","applications_request_button_text":"","hero_text":"","hero_video":"","hero_video_schema_markup":"","selling_points_title":"","selling_points_caption":"","selling_points":[],"selling_points_cta_text":"","features_title":"","features":"","ed_cta_examples_text":"","ed_cta_examples_hidden":"","ed_cta_demo_text":"","ed_cta_demo_hidden":"","why_caption":"","why_editor_title":"","why_editor_text":"","why_team_title":"","why_team_text":"","why_service_title":"","why_service_text":"","template_catalog_visible":"0","template_catalog_title":"","template_catalog_text":"","template_catalog_categories_visible":"","demo_title":"Cr\u00e9ez votre application d'int\u00e9gration de fichiers","demo_caption":"Configurez votre File Embed et ajoutez-le \u00e0 votre site Web WooCommerce gratuitement\u00a0!","default_faq_hidden":"","app_template_category":[],"platform":"397","template_public_id":"","codecanyon_url":"","codecanyon_item_id":"","codecanyon_price":"","pricing_caption":"","pricing_elfsight_apps_hide_column":"","pricing_elfsight_apps_url":"","pricing_codecanyon_price_caption":"","integration_category":[],"integration_request_title":"","integration_request_cta":"","integration_platform":"","integrations":[],"platform_category":[],"video_schema_markup":"","price":"\u00e0 partir de 0$ \/ mois","trial":"","benefits":[{"text":"Service d'installation gratuit"},{"text":"Service client efficace"},{"text":"Garantie de remboursement de 14 jours"},{"text":"D\u00e9veloppement continu"}],"button_url":"#demo","button_target_blank":"0","button_nofollow":"0","attributes":[{"name":"Installations","content":"10,000 - 100,000"},{"name":"Sensible","content":"Oui"},{"name":"Navigateurs compatibles","content":"Firefox, Safari, Opera, Chrome, Edge"}],"tags":[],"tags_disable_links":"0","hide_more_platforms":"","video_object":"","demo_hide_cta":"0","demo_hide_cloud_options":"0","pricing_title":"","pricing":[{"pricing_icon":"platform","pricing_title":"Elfsight Apps","pricing_title_caption":"Logiciel ind\u00e9pendant de la plate-forme qui convient \u00e0 n'importe quel site","pricing_price":"from $0 \/ month","pricing_price_caption":"commencez avec un forfait gratuit","pricing_benefits":[{"text":"Sites Web illimit\u00e9s"},{"text":"Assistance entreprise 24h\/24 et 7j\/7"},{"text":"Assistance \u00e0 l'installation gratuite"},{"text":"100% personnalisable"}],"pricing_button_text":"Ajouter au site Web","pricing_button_url":"#demo"}],"related_apps_title":"","related_apps_hidden":"0","author":"","image":[],"title":"","job":"","social_networks":[]},"_links":{"self":[{"href":"https:\/\/elfsight.com\/fr\/wp-json\/wp\/v2\/pages\/13429","targetHints":{"allow":["GET"]}}],"collection":[{"href":"https:\/\/elfsight.com\/fr\/wp-json\/wp\/v2\/pages"}],"about":[{"href":"https:\/\/elfsight.com\/fr\/wp-json\/wp\/v2\/types\/page"}],"author":[{"embeddable":true,"href":"https:\/\/elfsight.com\/fr\/wp-json\/wp\/v2\/users\/9"}],"replies":[{"embeddable":true,"href":"https:\/\/elfsight.com\/fr\/wp-json\/wp\/v2\/comments?post=13429"}],"version-history":[{"count":2,"href":"https:\/\/elfsight.com\/fr\/wp-json\/wp\/v2\/pages\/13429\/revisions"}],"predecessor-version":[{"id":16061,"href":"https:\/\/elfsight.com\/fr\/wp-json\/wp\/v2\/pages\/13429\/revisions\/16061"}],"up":[{"embeddable":true,"href":"https:\/\/elfsight.com\/fr\/wp-json\/wp\/v2\/pages\/2628"}],"wp:attachment":[{"href":"https:\/\/elfsight.com\/fr\/wp-json\/wp\/v2\/media?parent=13429"}],"curies":[{"name":"wp","href":"https:\/\/api.w.org\/{rel}","templated":true}]}}