{"id":13427,"date":"2024-05-03T06:37:03","date_gmt":"2024-05-03T06:37:03","guid":{"rendered":"https:\/\/elfsight.com\/fr\/?page_id=13427"},"modified":"2025-07-09T17:26:44","modified_gmt":"2025-07-09T17:26:44","slug":"google-sites","status":"publish","type":"page","link":"https:\/\/elfsight.com\/fr\/file-embed-widget\/google-sites\/","title":{"rendered":"File Embed &#8211; Google Sites"},"content":{"rendered":"<div class=\"application-platform-content-item-description application-platform-content-item\" id=\"description\" data-nav-section=\"description\"> <h2>Int\u00e9grer des fichiers sur Google Sites avec le widget Elfsight<\/h2> <p>Elfsight File Embed pour Google est le widget le plus pratique et le plus rapide pour t\u00e9l\u00e9charger des fichiers sur votre site. Ajoutez tous les formats de fichiers les plus utilis\u00e9s : PDF, Docx, Xlsx, Jpeg \u2013 au total environ 20 types. Pour plus de commodit\u00e9, les documents peuvent \u00eatre int\u00e9gr\u00e9s en les t\u00e9l\u00e9chargeant, en ajoutant les URL ou en les s\u00e9lectionnant dans la liste des derniers t\u00e9l\u00e9charg\u00e9s. Vous pouvez donner \u00e0 chaque document votre propre titre, t\u00e9l\u00e9charger une ic\u00f4ne ou une image, choisir une option de mise en page et bien plus encore. Les utilisateurs du site Web peuvent afficher les fichiers directement sur votre site Web, les afficher dans un nouvel onglet de navigateur et les t\u00e9l\u00e9charger. <\/p> <p><b>Commencez \u00e0 appliquer File Viewer pour faciliter les pics de votre activit\u00e9\u00a0!<\/b><\/p> <\/div> <div class=\"application-platform-content-item-features application-platform-content-item\" id=\"features\" data-nav-section=\"features\"> <h2>Trouvez ci-dessous les fonctionnalit\u00e9s de base de widget\u00a0: <\/h2> <ul><li>Collez n&rsquo;importe quelle quantit\u00e9 de documents\u00a0; <\/li> <li>Variante de pr\u00e9sentation de la visionneuse de fichiers pour lire les documents sur le site\u00a0; <\/li> <li>T\u00e9l\u00e9chargement d&rsquo;images pour les ic\u00f4nes et les aper\u00e7us des documents\u00a0; <\/li> <li>Afficher ou d\u00e9sactiver le texte du fichier de t\u00e9l\u00e9chargement\u00a0; <\/li> <li> Choisissez des couleurs pour six \u00e9l\u00e9ments d&rsquo;interface. <\/li> <\/ul><p><a href=\"#demo\">Vous pouvez ressentir les fonctionnalit\u00e9s du widget \u00e0 l&rsquo;aide de la d\u00e9mo<\/a><\/p> <\/div> <div class=\"application-platform-content-item- installation application-platform-content-item\" id=\" installation\" data-nav-section=\" installation\"> <h2>Comment t\u00e9l\u00e9charger un widget File Viewer sur Google Sites\u00a0?<\/h2> <p>Suivez simplement plusieurs \u00e9tapes pr\u00e9sent\u00e9es ci-dessous pour commencer \u00e0 utiliser l&rsquo;outil.<\/p> <ol><li><b> Utilisez notre configurateur gratuit et commencez \u00e0 cr\u00e9er votre plugin sur mesure.<\/b><br> D\u00e9terminez la disposition et les caract\u00e9ristiques pr\u00e9f\u00e9rables du plugin et enregistrez les corrections.<\/li> <li><b>Obtenez votre code individuel affich\u00e9 dans la fen\u00eatre sur les applications Elfsight.<\/b><br> Juste apr\u00e8s la configuration de votre plugin personnel, copiez le code personnel dans la bo\u00eete qui appara\u00eet et enregistrez-le pour une utilisation ult\u00e9rieure.<\/li> <li><b>Lancez l&rsquo;utilisation du fichier int\u00e9gr\u00e9 sur Google Sites.<\/b><br> Entrez le code copi\u00e9 pr\u00e9c\u00e9demment dans votre site Web et appliquez les am\u00e9liorations.<\/li> <li><b>L&rsquo;installation est effectu\u00e9e avec succ\u00e8s.<\/b><br> Visitez votre site pour voir comment fonctionne l&rsquo;outil.<\/li><\/ol> <div class=\"tip-yellow tip\"><b>En raison des particularit\u00e9s du fonctionnement de Google Sites, le widget peut \u00eatre diff\u00e9rent de la d\u00e9mo en ligne. Nous nous excusons pour tout inconv\u00e9nient caus\u00e9.<\/b><\/div><p>Si vous avez des questions ou rencontrez des probl\u00e8mes, veuillez faire appel \u00e0 notre \u00e9quipe d&rsquo;assistance. Nos sp\u00e9cialistes ont h\u00e2te de vous aider \u00e0 r\u00e9soudre tous les probl\u00e8mes que vous pourriez rencontrer avec le plugin.<\/p> <div class=\"faq\" data-component=\"FAQ\"><div class=\"faq-item\">\r\n\t\t\t\t\t<div class=\"faq-item-question\">\r\n\t\t\t\t\t\t<h3 class=\"faq-item-question-text\">Comment ajouter une FAQ \u00e0 mon site Web Google Sites sans comp\u00e9tences en codage ?<\/h3>\r\n\r\n\t\t\t\t\t\t<div class=\"faq-item-question-icon\"><\/div>\r\n\t\t\t\t\t<\/div>\r\n\r\n\t\t\t\t\t<div class=\"faq-item-answer\">\r\n\t\t\t\t\t\t<div class=\"faq-item-answer-text\"> <p>Elfsight propose une solution SaaS qui vous permet de cr\u00e9er vous-m\u00eame un widget FAQ. D\u00e9couvrez \u00e0 quel point le processus est simple\u00a0: travaillez directement dans l&rsquo;\u00e9diteur en ligne pour cr\u00e9er un widget FAQ que vous aimeriez voir sur votre site Web Google Sites. Choisissez l&rsquo;un des mod\u00e8les pr\u00e9d\u00e9finis et ajustez les param\u00e8tres de la FAQ, ajoutez votre contenu, modifiez la mise en page et les couleurs sans aucune comp\u00e9tence en codage. Enregistrez la FAQ et copiez son code d&rsquo;installation, que vous pouvez facilement int\u00e9grer \u00e0 votre site Web Google Sites sans avoir besoin d&rsquo;acheter un forfait payant. Gr\u00e2ce \u00e0 notre \u00e9diteur intuitif, tout internaute peut cr\u00e9er un widget FAQ en ligne et l&rsquo;int\u00e9grer facilement \u00e0 son site Web Google Sites. Il n&rsquo;est pas n\u00e9cessaire de payer ou de saisir les informations d&rsquo;identification de votre carte pour acc\u00e9der au service. Si vous rencontrez des probl\u00e8mes \u00e0 n&rsquo;importe quelle \u00e9tape, n&rsquo;h\u00e9sitez pas \u00e0 contacter notre \u00e9quipe d&rsquo;assistance technique.<\/p> <\/div>\r\n\t\t\t\t\t<\/div>\r\n\t\t\t\t<\/div> <\/div><\/div>","protected":false},"excerpt":{"rendered":"","protected":false},"author":9,"featured_media":0,"parent":2628,"menu_order":0,"comment_status":"closed","ping_status":"closed","template":"templates\/template-application-platform.php","meta":{"publish_to_discourse":"","publish_post_category":"","wpdc_auto_publish_overridden":"","wpdc_topic_tags":"","wpdc_pin_topic":"","wpdc_pin_until":"","discourse_post_id":"","discourse_permalink":"","wpdc_publishing_response":"","wpdc_publishing_error":"","footnotes":""},"class_list":["post-13427","page","type-page","status-publish","hentry"],"yoast_head":"<!-- This site is optimized with the Yoast SEO plugin v25.3.1 - https:\/\/yoast.com\/wordpress\/plugins\/seo\/ -->\n<title>Visionneuse de fichiers - T\u00e9l\u00e9chargez n&#039;importe quel fichier sur Google Sites en 1 minute (2025)<\/title>\n<meta name=\"description\" content=\"Ajoutez un widget de visualisation de fichiers r\u00e9actif sur vos sites Google et obtenez une confiance totale. Utilisez la d\u00e9mo utile d&#039;Elfsight pour cr\u00e9er votre widget unique d&#039;int\u00e9gration de fichiers.\" \/>\n<meta name=\"robots\" content=\"index, follow, max-snippet:-1, max-image-preview:large, max-video-preview:-1\" \/>\n<link rel=\"canonical\" href=\"https:\/\/elfsight.com\/fr\/file-embed-widget\/google-sites\/\" \/>\n<meta property=\"og:locale\" content=\"fr_FR\" \/>\n<meta property=\"og:type\" content=\"article\" \/>\n<meta property=\"og:title\" content=\"Visionneuse de fichiers - T\u00e9l\u00e9chargez n&#039;importe quel fichier sur Google Sites en 1 minute (2025)\" \/>\n<meta property=\"og:description\" content=\"Ajoutez un widget de visualisation de fichiers r\u00e9actif sur vos sites Google et obtenez une confiance totale. Utilisez la d\u00e9mo utile d&#039;Elfsight pour cr\u00e9er votre widget unique d&#039;int\u00e9gration de fichiers.\" \/>\n<meta property=\"og:url\" content=\"https:\/\/elfsight.com\/fr\/file-embed-widget\/google-sites\/\" \/>\n<meta property=\"og:site_name\" content=\"Elfsight FR\" \/>\n<meta property=\"article:modified_time\" content=\"2025-07-09T17:26:44+00:00\" \/>\n<meta name=\"twitter:card\" content=\"summary_large_image\" \/>\n<meta name=\"twitter:label1\" content=\"Dur\u00e9e de lecture estim\u00e9e\" \/>\n\t<meta name=\"twitter:data1\" content=\"3 minutes\" \/>\n<!-- \/ Yoast SEO plugin. -->","yoast_head_json":{"title":"Visionneuse de fichiers - T\u00e9l\u00e9chargez n'importe quel fichier sur Google Sites en 1 minute (2025)","description":"Ajoutez un widget de visualisation de fichiers r\u00e9actif sur vos sites Google et obtenez une confiance totale. Utilisez la d\u00e9mo utile d'Elfsight pour cr\u00e9er votre widget unique d'int\u00e9gration de fichiers.","robots":{"index":"index","follow":"follow","max-snippet":"max-snippet:-1","max-image-preview":"max-image-preview:large","max-video-preview":"max-video-preview:-1"},"canonical":"https:\/\/elfsight.com\/fr\/file-embed-widget\/google-sites\/","og_locale":"fr_FR","og_type":"article","og_title":"Visionneuse de fichiers - T\u00e9l\u00e9chargez n'importe quel fichier sur Google Sites en 1 minute (2025)","og_description":"Ajoutez un widget de visualisation de fichiers r\u00e9actif sur vos sites Google et obtenez une confiance totale. Utilisez la d\u00e9mo utile d'Elfsight pour cr\u00e9er votre widget unique d'int\u00e9gration de fichiers.","og_url":"https:\/\/elfsight.com\/fr\/file-embed-widget\/google-sites\/","og_site_name":"Elfsight FR","article_modified_time":"2025-07-09T17:26:44+00:00","twitter_card":"summary_large_image","twitter_misc":{"Dur\u00e9e de lecture estim\u00e9e":"3 minutes"},"schema":{"@context":"https:\/\/schema.org","@graph":[{"@type":"WebPage","@id":"https:\/\/elfsight.com\/fr\/file-embed-widget\/google-sites\/","url":"https:\/\/elfsight.com\/fr\/file-embed-widget\/google-sites\/","name":"Visionneuse de fichiers - T\u00e9l\u00e9chargez n'importe quel fichier sur Google Sites en 1 minute (2025)","isPartOf":{"@id":"https:\/\/elfsight.com\/fr\/#website"},"datePublished":"2024-05-03T06:37:03+00:00","dateModified":"2025-07-09T17:26:44+00:00","description":"Ajoutez un widget de visualisation de fichiers r\u00e9actif sur vos sites Google et obtenez une confiance totale. Utilisez la d\u00e9mo utile d'Elfsight pour cr\u00e9er votre widget unique d'int\u00e9gration de fichiers.","breadcrumb":{"@id":"https:\/\/elfsight.com\/fr\/file-embed-widget\/google-sites\/#breadcrumb"},"inLanguage":"fr-FR","potentialAction":[{"@type":"ReadAction","target":["https:\/\/elfsight.com\/fr\/file-embed-widget\/google-sites\/"]}]},{"@type":"BreadcrumbList","@id":"https:\/\/elfsight.com\/fr\/file-embed-widget\/google-sites\/#breadcrumb","itemListElement":[{"@type":"ListItem","position":1,"name":"Home","item":"https:\/\/elfsight.com\/fr\/"},{"@type":"ListItem","position":2,"name":"File Embed","item":"https:\/\/elfsight.com\/fr\/file-embed-widget\/"},{"@type":"ListItem","position":3,"name":"File Embed &#8211; Google Sites"}]},{"@type":"WebSite","@id":"https:\/\/elfsight.com\/fr\/#website","url":"https:\/\/elfsight.com\/fr\/","name":"Elfsight FR","description":"","potentialAction":[{"@type":"SearchAction","target":{"@type":"EntryPoint","urlTemplate":"https:\/\/elfsight.com\/fr\/?s={search_term_string}"},"query-input":{"@type":"PropertyValueSpecification","valueRequired":true,"valueName":"search_term_string"}}],"inLanguage":"fr-FR"}]}},"meta_box":{"industry":"","seo_heading":"","heading":"","description":"","cta_heading":"","cta_description":"","application":"2627","h1":"Widget Visionneuse de fichiers Google Sites","h1_caption":"Int\u00e9grez des documents, des feuilles de calcul et d'autres fichiers sur votre site Web pour les visualiser et les t\u00e9l\u00e9charger facilement sur vos sites Google.","application_category":[],"applications_title":"","applications_request_title":"","applications_request_button_text":"","hero_text":"","hero_video":"","hero_video_schema_markup":"","selling_points_title":"","selling_points_caption":"","selling_points":[],"selling_points_cta_text":"","features_title":"","features":"","ed_cta_examples_text":"","ed_cta_examples_hidden":"","ed_cta_demo_text":"","ed_cta_demo_hidden":"","why_caption":"","why_editor_title":"","why_editor_text":"","why_team_title":"","why_team_text":"","why_service_title":"","why_service_text":"","template_catalog_visible":"","template_catalog_title":"","template_catalog_text":"","template_catalog_categories_visible":"","demo_title":"Cr\u00e9ez votre widget d'int\u00e9gration de fichiers","demo_caption":"Configurez votre File Embed et ajoutez-le gratuitement \u00e0 votre site Web Google Sites\u00a0!","default_faq_hidden":"","app_template_category":[],"platform":"423","template_public_id":"","codecanyon_url":"","codecanyon_item_id":"","codecanyon_price":"","pricing_caption":"","pricing_elfsight_apps_hide_column":"","pricing_elfsight_apps_url":"","pricing_codecanyon_price_caption":"","integration_category":[],"integration_request_title":"","integration_request_cta":"","integration_platform":"","integrations":[],"platform_category":[],"video_schema_markup":"","price":"\u00e0 partir de 0$ \/ mois","trial":"","benefits":[{"text":"Aide \u00e0 l'installation gratuite"},{"text":"Support client exp\u00e9riment\u00e9"},{"text":"Garantie de remboursement de 14 jours"},{"text":"Mise \u00e0 jour constante"}],"button_url":"#demo","button_target_blank":"","button_nofollow":"","attributes":[{"name":"Installations","content":"10,000 - 100,000"},{"name":"Sensible","content":"Oui"},{"name":"Navigateurs compatibles","content":"Safari, Firefox, Chrome, Edge, Opera"}],"tags":[],"tags_disable_links":"","hide_more_platforms":"","video_object":"","demo_hide_cta":"","demo_hide_cloud_options":"","pricing_title":"","pricing":[{"pricing_icon":"platform","pricing_title":"Elfsight Apps","pricing_title_caption":"Logiciel multiplateforme adapt\u00e9 \u00e0 n'importe quel site Web","pricing_price":"from $0 \/ month","pricing_price_caption":"commencez avec un forfait gratuit","pricing_benefits":[{"text":"Sites Web illimit\u00e9s"},{"text":"Assistance premium"},{"text":"Assistance \u00e0 l'installation gratuite"},{"text":"Offre limit\u00e9e pour plusieurs applications"}],"pricing_button_text":"Ajouter au site Web","pricing_button_url":"#demo"}],"related_apps_title":"","related_apps_hidden":"","author":"","image":[],"title":"","job":"","social_networks":[]},"_links":{"self":[{"href":"https:\/\/elfsight.com\/fr\/wp-json\/wp\/v2\/pages\/13427","targetHints":{"allow":["GET"]}}],"collection":[{"href":"https:\/\/elfsight.com\/fr\/wp-json\/wp\/v2\/pages"}],"about":[{"href":"https:\/\/elfsight.com\/fr\/wp-json\/wp\/v2\/types\/page"}],"author":[{"embeddable":true,"href":"https:\/\/elfsight.com\/fr\/wp-json\/wp\/v2\/users\/9"}],"replies":[{"embeddable":true,"href":"https:\/\/elfsight.com\/fr\/wp-json\/wp\/v2\/comments?post=13427"}],"version-history":[{"count":1,"href":"https:\/\/elfsight.com\/fr\/wp-json\/wp\/v2\/pages\/13427\/revisions"}],"predecessor-version":[{"id":13431,"href":"https:\/\/elfsight.com\/fr\/wp-json\/wp\/v2\/pages\/13427\/revisions\/13431"}],"up":[{"embeddable":true,"href":"https:\/\/elfsight.com\/fr\/wp-json\/wp\/v2\/pages\/2628"}],"wp:attachment":[{"href":"https:\/\/elfsight.com\/fr\/wp-json\/wp\/v2\/media?parent=13427"}],"curies":[{"name":"wp","href":"https:\/\/api.w.org\/{rel}","templated":true}]}}