{"id":13422,"date":"2024-05-03T06:37:02","date_gmt":"2024-05-03T06:37:02","guid":{"rendered":"https:\/\/elfsight.com\/fr\/?page_id=13422"},"modified":"2025-07-09T17:26:38","modified_gmt":"2025-07-09T17:26:38","slug":"godaddy","status":"publish","type":"page","link":"https:\/\/elfsight.com\/fr\/file-embed-widget\/godaddy\/","title":{"rendered":"File Embed &#8211; GoDaddy"},"content":{"rendered":"<div class=\"application-platform-content-item-description application-platform-content-item\" id=\"description\" data-nav-section=\"description\"> <h2>Int\u00e9grer un fichier sur GoDaddy avec le widget Elfsight<\/h2> <p>Le plugin d&rsquo;int\u00e9gration de fichier Elfsight pour GoDaddy est le moyen le plus simple pour vous de ins\u00e9rez un fichier dans la page de votre site Web. Vous pouvez joindre n&rsquo;importe quel type de fichier courant\u00a0: PDF, Docx, Xlsx, Jpeg et autres formats &#8211; en quelques clics. Choisissez l&rsquo;une des mises en page qui permettent de visualiser les fichiers directement sur la page ou d&rsquo;afficher leurs ic\u00f4nes. Nous proposons des ic\u00f4nes de tous les formats populaires, des \u00e9l\u00e9ments d&rsquo;interface pouvant \u00eatre peints, des options de taille de police et un en-t\u00eate de plugin modifiable. Int\u00e9grez vos certificats, documentation technique, instructions et bien plus encore en quelques secondes\u00a0!<\/p> <p><b>Plus de connaissances clients sur vos produits<\/b><\/p> <\/div> <div class=\"application-platform-content-item-features  application-platform-content-item\" id=\"features \" data-nav-section=\"features \"> <h2>Voici seulement quelques-unes des fonctionnalit\u00e9s utiles du plugin\u00a0: <\/h2> <ul><li>Int\u00e9grer un nombre illimit\u00e9 de fichiers\u00a0; <\/li> <li>Variante de pr\u00e9sentation de la visionneuse de fichiers pour lire les fichiers sur le site\u00a0; <\/li> <li>T\u00e9l\u00e9chargez des images pour les ic\u00f4nes et les aper\u00e7us\u00a0; <\/li> <li>Afficher ou supprimer le texte du document t\u00e9l\u00e9charg\u00e9\u00a0; <\/li> <li>Six d\u00e9tails colorables de l&rsquo;interface. <\/li> <\/ul><p><a href=\"#demo\">Essayez simplement cette d\u00e9mo pour avoir une id\u00e9e compl\u00e8te<\/a><\/p> <\/div> <div class=\"application-platform-content-item-installation application-platform-content-item\" id=\"installation\" data-nav-section=\"installation\"> <h2>Comment int\u00e9grer File Embed \u00e0 ma page Web GoDaddy\u00a0? <\/h2> <p>Suivez simplement les instructions ci-dessous pour int\u00e9grer l&rsquo;outil. <\/p> <ol><li><b>Lancez notre configurateur gratuit et commencez \u00e0 cr\u00e9er votre propre instrument. <\/b><br> Choisissez la conception et les fonctionnalit\u00e9s appropri\u00e9es de l&rsquo;outil et appliquez les corrections. <\/li> <li><b>Obtenez le code unique qui appara\u00eet dans la case sur les applications Elfsight. <\/b><br> D\u00e8s que la g\u00e9n\u00e9ration de votre outil est termin\u00e9e, copiez le code individuel de la fen\u00eatre contextuelle qui appara\u00eet et conservez-le pour d&rsquo;autres besoins. <\/li> <li><b>Commencez \u00e0 utiliser l&rsquo;outil sur votre site Web GoDaddy. <\/b><br> Collez le code que vous avez copi\u00e9 r\u00e9cemment dans votre page Web et appliquez les modifications. <\/li> <li><b>L&rsquo;installation est enti\u00e8rement effectu\u00e9e. <\/b><br> Acc\u00e9dez \u00e0 votre page pour voir comment fonctionne le plugin. <\/li><\/ol> <p>\u00c0 condition de vous poser des questions ou de faire face \u00e0 des difficult\u00e9s, n&rsquo;h\u00e9sitez pas \u00e0 contacter notre \u00e9quipe d&rsquo;assistance. Nos sp\u00e9cialistes seront ravis de r\u00e9soudre toutes les questions que vous pourriez avoir avec le produit. <\/p> <div class=\"faq\" data-component=\"FAQ\"><div class=\"faq-item\">\r\n\t\t\t\t\t<div class=\"faq-item-question\">\r\n\t\t\t\t\t\t<h3 class=\"faq-item-question-text\">Comment ajouter une FAQ \u00e0 mon site Web GoDaddy sans comp\u00e9tences en codage ?<\/h3>\r\n\r\n\t\t\t\t\t\t<div class=\"faq-item-question-icon\"><\/div>\r\n\t\t\t\t\t<\/div>\r\n\r\n\t\t\t\t\t<div class=\"faq-item-answer\">\r\n\t\t\t\t\t\t<div class=\"faq-item-answer-text\"> <p>Elfsight fournit une solution SaaS qui vous permet de cr\u00e9er vous-m\u00eame un widget FAQ. Voyez \u00e0 quel point le processus est simple\u00a0: Travaillez directement dans l&rsquo;\u00e9diteur en ligne pour cr\u00e9er un widget FAQ que vous aimeriez voir sur votre site Web GoDaddy. Choisissez l&rsquo;un des mod\u00e8les pr\u00e9d\u00e9finis et ajustez les param\u00e8tres de la FAQ, ajoutez votre contenu, modifiez la mise en page et les couleurs sans aucune comp\u00e9tence en codage. Enregistrez la FAQ et copiez son code d&rsquo;installation, que vous pourrez facilement int\u00e9grer \u00e0 votre site Web GoDaddy sans avoir besoin d&rsquo;acheter un abonnement payant. Gr\u00e2ce \u00e0 notre \u00e9diteur intuitif, tout internaute peut cr\u00e9er un widget FAQ en ligne et l&rsquo;int\u00e9grer facilement \u00e0 son site Web GoDaddy. Il n&rsquo;est pas n\u00e9cessaire de payer ou de saisir les informations d&rsquo;identification de votre carte pour acc\u00e9der au service. Si vous rencontrez des probl\u00e8mes \u00e0 n&rsquo;importe quelle \u00e9tape, n&rsquo;h\u00e9sitez pas \u00e0 contacter notre \u00e9quipe d&rsquo;assistance technique.<\/p> <\/div>\r\n\t\t\t\t\t<\/div>\r\n\t\t\t\t<\/div> <\/div><\/div>","protected":false},"excerpt":{"rendered":"","protected":false},"author":9,"featured_media":0,"parent":2628,"menu_order":0,"comment_status":"closed","ping_status":"closed","template":"templates\/template-application-platform.php","meta":{"publish_to_discourse":"","publish_post_category":"","wpdc_auto_publish_overridden":"","wpdc_topic_tags":"","wpdc_pin_topic":"","wpdc_pin_until":"","discourse_post_id":"","discourse_permalink":"","wpdc_publishing_response":"","wpdc_publishing_error":"","footnotes":""},"class_list":["post-13422","page","type-page","status-publish","hentry"],"yoast_head":"<!-- This site is optimized with the Yoast SEO plugin v25.3.1 - https:\/\/yoast.com\/wordpress\/plugins\/seo\/ -->\n<title>Plugin d&#039;int\u00e9gration de fichiers - Ajoutez le plugin d&#039;int\u00e9gration de fichiers au site Web GoDaddy\u00a0!<\/title>\n<meta name=\"description\" content=\"Int\u00e9grez un fichier de n&#039;importe quel type \u00e0 votre site Web au moyen du plugin d&#039;int\u00e9gration de fichiers Elfsight pour GoDaddy. Doux et facile !\" \/>\n<meta name=\"robots\" content=\"index, follow, max-snippet:-1, max-image-preview:large, max-video-preview:-1\" \/>\n<link rel=\"canonical\" href=\"https:\/\/elfsight.com\/fr\/file-embed-widget\/godaddy\/\" \/>\n<meta property=\"og:locale\" content=\"fr_FR\" \/>\n<meta property=\"og:type\" content=\"article\" \/>\n<meta property=\"og:title\" content=\"Plugin d&#039;int\u00e9gration de fichiers - Ajoutez le plugin d&#039;int\u00e9gration de fichiers au site Web GoDaddy\u00a0!\" \/>\n<meta property=\"og:description\" content=\"Int\u00e9grez un fichier de n&#039;importe quel type \u00e0 votre site Web au moyen du plugin d&#039;int\u00e9gration de fichiers Elfsight pour GoDaddy. Doux et facile !\" \/>\n<meta property=\"og:url\" content=\"https:\/\/elfsight.com\/fr\/file-embed-widget\/godaddy\/\" \/>\n<meta property=\"og:site_name\" content=\"Elfsight FR\" \/>\n<meta property=\"article:modified_time\" content=\"2025-07-09T17:26:38+00:00\" \/>\n<meta name=\"twitter:card\" content=\"summary_large_image\" \/>\n<meta name=\"twitter:label1\" content=\"Dur\u00e9e de lecture estim\u00e9e\" \/>\n\t<meta name=\"twitter:data1\" content=\"3 minutes\" \/>\n<!-- \/ Yoast SEO plugin. -->","yoast_head_json":{"title":"Plugin d'int\u00e9gration de fichiers - Ajoutez le plugin d'int\u00e9gration de fichiers au site Web GoDaddy\u00a0!","description":"Int\u00e9grez un fichier de n'importe quel type \u00e0 votre site Web au moyen du plugin d'int\u00e9gration de fichiers Elfsight pour GoDaddy. Doux et facile !","robots":{"index":"index","follow":"follow","max-snippet":"max-snippet:-1","max-image-preview":"max-image-preview:large","max-video-preview":"max-video-preview:-1"},"canonical":"https:\/\/elfsight.com\/fr\/file-embed-widget\/godaddy\/","og_locale":"fr_FR","og_type":"article","og_title":"Plugin d'int\u00e9gration de fichiers - Ajoutez le plugin d'int\u00e9gration de fichiers au site Web GoDaddy\u00a0!","og_description":"Int\u00e9grez un fichier de n'importe quel type \u00e0 votre site Web au moyen du plugin d'int\u00e9gration de fichiers Elfsight pour GoDaddy. Doux et facile !","og_url":"https:\/\/elfsight.com\/fr\/file-embed-widget\/godaddy\/","og_site_name":"Elfsight FR","article_modified_time":"2025-07-09T17:26:38+00:00","twitter_card":"summary_large_image","twitter_misc":{"Dur\u00e9e de lecture estim\u00e9e":"3 minutes"},"schema":{"@context":"https:\/\/schema.org","@graph":[{"@type":"WebPage","@id":"https:\/\/elfsight.com\/fr\/file-embed-widget\/godaddy\/","url":"https:\/\/elfsight.com\/fr\/file-embed-widget\/godaddy\/","name":"Plugin d'int\u00e9gration de fichiers - Ajoutez le plugin d'int\u00e9gration de fichiers au site Web GoDaddy\u00a0!","isPartOf":{"@id":"https:\/\/elfsight.com\/fr\/#website"},"datePublished":"2024-05-03T06:37:02+00:00","dateModified":"2025-07-09T17:26:38+00:00","description":"Int\u00e9grez un fichier de n'importe quel type \u00e0 votre site Web au moyen du plugin d'int\u00e9gration de fichiers Elfsight pour GoDaddy. Doux et facile !","breadcrumb":{"@id":"https:\/\/elfsight.com\/fr\/file-embed-widget\/godaddy\/#breadcrumb"},"inLanguage":"fr-FR","potentialAction":[{"@type":"ReadAction","target":["https:\/\/elfsight.com\/fr\/file-embed-widget\/godaddy\/"]}]},{"@type":"BreadcrumbList","@id":"https:\/\/elfsight.com\/fr\/file-embed-widget\/godaddy\/#breadcrumb","itemListElement":[{"@type":"ListItem","position":1,"name":"Home","item":"https:\/\/elfsight.com\/fr\/"},{"@type":"ListItem","position":2,"name":"File Embed","item":"https:\/\/elfsight.com\/fr\/file-embed-widget\/"},{"@type":"ListItem","position":3,"name":"File Embed &#8211; GoDaddy"}]},{"@type":"WebSite","@id":"https:\/\/elfsight.com\/fr\/#website","url":"https:\/\/elfsight.com\/fr\/","name":"Elfsight FR","description":"","potentialAction":[{"@type":"SearchAction","target":{"@type":"EntryPoint","urlTemplate":"https:\/\/elfsight.com\/fr\/?s={search_term_string}"},"query-input":{"@type":"PropertyValueSpecification","valueRequired":true,"valueName":"search_term_string"}}],"inLanguage":"fr-FR"}]}},"meta_box":{"industry":"","seo_heading":"","heading":"","description":"","cta_heading":"","cta_description":"","application":"2627","h1":"Plugin d'int\u00e9gration de fichiers GoDaddy","h1_caption":"Int\u00e9grez des documents, des feuilles de calcul et d'autres fichiers sur votre site Web pour les visualiser et les t\u00e9l\u00e9charger facilement sur votre site Web GoDaddy.","application_category":[],"applications_title":"","applications_request_title":"","applications_request_button_text":"","hero_text":"","hero_video":"","hero_video_schema_markup":"","selling_points_title":"","selling_points_caption":"","selling_points":[],"selling_points_cta_text":"","features_title":"","features":"","ed_cta_examples_text":"","ed_cta_examples_hidden":"","ed_cta_demo_text":"","ed_cta_demo_hidden":"","why_caption":"","why_editor_title":"","why_editor_text":"","why_team_title":"","why_team_text":"","why_service_title":"","why_service_text":"","template_catalog_visible":"","template_catalog_title":"","template_catalog_text":"","template_catalog_categories_visible":"","demo_title":"Cr\u00e9ez votre plugin File Embed","demo_caption":"Configurez votre int\u00e9gration de fichiers et ajoutez-le gratuitement \u00e0 votre site Web GoDaddy\u00a0!","default_faq_hidden":"","app_template_category":[],"platform":"370","template_public_id":"","codecanyon_url":"","codecanyon_item_id":"","codecanyon_price":"","pricing_caption":"","pricing_elfsight_apps_hide_column":"","pricing_elfsight_apps_url":"","pricing_codecanyon_price_caption":"","integration_category":[],"integration_request_title":"","integration_request_cta":"","integration_platform":"","integrations":[],"platform_category":[],"video_schema_markup":"","price":"\u00e0 partir de 0$ \/ mois","trial":"","benefits":[{"text":"Assistance \u00e0 l'installation gratuite"},{"text":"Service client efficace"},{"text":"Garantie de remboursement de 14 jours"},{"text":"D\u00e9veloppement continu"}],"button_url":"#demo","button_target_blank":"","button_nofollow":"","attributes":[{"name":"Installations","content":"10,000 - 100,000"},{"name":"Sensible","content":"Oui"},{"name":"Navigateurs compatibles","content":"IE11, Firefox, Safari, Opera, Chrome, Edge"}],"tags":[],"tags_disable_links":"","hide_more_platforms":"","video_object":"","demo_hide_cta":"","demo_hide_cloud_options":"","pricing_title":"","pricing":[{"pricing_icon":"platform","pricing_title":"Elfsight Apps","pricing_title_caption":"Logiciel multiplateforme","pricing_price":"from $0 \/ month","pricing_price_caption":"commencez avec un forfait gratuit","pricing_benefits":[{"text":"Domaines illimit\u00e9s"},{"text":"Assistance d\u00e9di\u00e9e, ponctuelle et bien document\u00e9e"},{"text":"Aide \u00e0 l'installation gratuite"},{"text":"100% personnalisable"}],"pricing_button_text":"Ajouter au site Web","pricing_button_url":"#demo"}],"related_apps_title":"","related_apps_hidden":"","author":"","image":[],"title":"","job":"","social_networks":[]},"_links":{"self":[{"href":"https:\/\/elfsight.com\/fr\/wp-json\/wp\/v2\/pages\/13422","targetHints":{"allow":["GET"]}}],"collection":[{"href":"https:\/\/elfsight.com\/fr\/wp-json\/wp\/v2\/pages"}],"about":[{"href":"https:\/\/elfsight.com\/fr\/wp-json\/wp\/v2\/types\/page"}],"author":[{"embeddable":true,"href":"https:\/\/elfsight.com\/fr\/wp-json\/wp\/v2\/users\/9"}],"replies":[{"embeddable":true,"href":"https:\/\/elfsight.com\/fr\/wp-json\/wp\/v2\/comments?post=13422"}],"version-history":[{"count":1,"href":"https:\/\/elfsight.com\/fr\/wp-json\/wp\/v2\/pages\/13422\/revisions"}],"predecessor-version":[{"id":13426,"href":"https:\/\/elfsight.com\/fr\/wp-json\/wp\/v2\/pages\/13422\/revisions\/13426"}],"up":[{"embeddable":true,"href":"https:\/\/elfsight.com\/fr\/wp-json\/wp\/v2\/pages\/2628"}],"wp:attachment":[{"href":"https:\/\/elfsight.com\/fr\/wp-json\/wp\/v2\/media?parent=13422"}],"curies":[{"name":"wp","href":"https:\/\/api.w.org\/{rel}","templated":true}]}}