{"id":13421,"date":"2024-05-03T06:37:01","date_gmt":"2024-05-03T06:37:01","guid":{"rendered":"https:\/\/elfsight.com\/fr\/?page_id=13421"},"modified":"2025-07-09T17:27:40","modified_gmt":"2025-07-09T17:27:40","slug":"prestashop","status":"publish","type":"page","link":"https:\/\/elfsight.com\/fr\/file-embed-widget\/prestashop\/","title":{"rendered":"File Embed &#8211; PrestaShop"},"content":{"rendered":"<div class=\"application-platform-content-item-description application-platform-content-item\" id=\"description\" data-nav-section=\"description\"> <h2>Description<\/h2> <p>Le widget Elfsight File Embed est le moyen le plus simple et le plus rapide d&rsquo;int\u00e9grer des fichiers dans votre site Web. Pr\u00e9sentation de tous les formats les plus utilis\u00e9s : PDF, Docx, JPG, PPTX \u2013 au total une vingtaine de formats. Pour une meilleure facilit\u00e9 d&rsquo;utilisation, les fichiers peuvent \u00eatre coll\u00e9s par t\u00e9l\u00e9chargement direct, en saisissant leurs URL ou en les choisissant dans la liste des derniers t\u00e9l\u00e9charg\u00e9s. Vous pouvez donner un titre \u00e0 chaque document, t\u00e9l\u00e9charger une ic\u00f4ne et une image, choisir une variante de mise en page des fichiers et bien plus encore. Le public du site peut consulter les documents directement sur le site Web, les ouvrir dans un nouvel onglet de navigateur et les t\u00e9l\u00e9charger. <\/p><p><b>Ins\u00e9rez un fichier int\u00e9gr\u00e9 pour atteindre vos objectifs de commerce \u00e9lectronique avec moins d&rsquo;effort\u00a0! <\/b><\/p> <\/div> <div class=\"application-platform-content-item-features application-platform-content-item\" id=\"features\" data-nav-section=\"features\"> <h2>Voici seulement quelques-unes des nombreuses fonctionnalit\u00e9s des widgets\u00a0: <\/h2> <ul><li>Int\u00e9grez plus de 20\u00a0formats de fichiers pour visualiser et t\u00e9l\u00e9charger<\/li><li>Ajouter un nombre illimit\u00e9 de fichiers<\/li><li>Dupliquez, supprimez, clonez et r\u00e9organisez vos fichiers<\/li><li>Int\u00e9grez en t\u00e9l\u00e9chargeant, par URL ou en choisissant le fichier parmi les mises en page r\u00e9cemment t\u00e9l\u00e9charg\u00e9es<\/li><li>3\u00a0mises en page incluses\u00a0: Liste, Grille et Visionneuse de fichiers<\/li><li>Mise en page de la visionneuse de fichiers pour afficher les fichiers sur la page<\/li><li>zoom, d\u00e9filement et pagination pris en charge dans la pr\u00e9sentation de la visionneuse de fichiers<\/li><li>Option pour afficher ou t\u00e9l\u00e9charger l&rsquo;\u00e9tiquette du fichier<\/li><li>Ic\u00f4ne de fichier commutable<\/li><li>Option pour peindre l&rsquo;ic\u00f4ne du fichier<\/li><\/ul><p><a href=\"#demo\">Examinez toutes les fonctionnalit\u00e9s de personnalisation dans la d\u00e9mo compl\u00e8te<\/a><\/p> <\/div> <div class=\"application-platform-content-item-installation application-platform-content-item\" id=\"installation\" data-nav-section=\"installation\"> <h2>Comment ajouter l&rsquo;int\u00e9gration de fichiers \u00e0 ma page web PrestaShop ? <\/h2> <p>Appliquez simplement les instructions ci-dessous pour ajouter l&rsquo;addon. <\/p> <ol><li><b>Lancez notre \u00e9diteur gratuit et commencez \u00e0 cr\u00e9er votre widget personnalis\u00e9. <\/b><br> Recherchez l&rsquo;interface et les fonctionnalit\u00e9s pr\u00e9f\u00e9r\u00e9es du widget et enregistrez les modifications. <\/li> <li><b>Acqu\u00e9rir le code individuel affich\u00e9 dans le formulaire sp\u00e9cial sur Elfsight Apps. <\/b><br> Une fois la cr\u00e9ation de votre outil termin\u00e9e, copiez le code individuel de la fen\u00eatre apparue et conservez-le pour une occasion ult\u00e9rieure. <\/li> <li><b>Commencez \u00e0 utiliser l&rsquo;outil sur la page Web PrestaShop. <\/b><br> Impl\u00e9mentez le code que vous avez enregistr\u00e9 auparavant dans votre site Web et enregistrez les corrections. <\/li> <li><b>L&rsquo;installation est termin\u00e9e avec succ\u00e8s. <\/b><br> Acc\u00e9dez \u00e0 votre page Web pour voir le fonctionnement de l&rsquo;outil. <\/li><\/ol> <p>En cas de questions ou de complications, n&rsquo;h\u00e9sitez pas \u00e0 contacter notre \u00e9quipe d&rsquo;assistance. Nos sp\u00e9cialistes seront ravis de vous aider avec toutes les difficult\u00e9s que vous pourriez rencontrer avec l&rsquo;outil. <\/p> <div class=\"faq\" data-component=\"FAQ\"><div class=\"faq-item\">\r\n\t\t\t\t\t<div class=\"faq-item-question\">\r\n\t\t\t\t\t\t<h3 class=\"faq-item-question-text\">Comment ajouter File Embed \u00e0 mon site PrestaShop sans comp\u00e9tences en codage ?<\/h3>\r\n\r\n\t\t\t\t\t\t<div class=\"faq-item-question-icon\"><\/div>\r\n\t\t\t\t\t<\/div>\r\n\r\n\t\t\t\t\t<div class=\"faq-item-answer\">\r\n\t\t\t\t\t\t<div class=\"faq-item-answer-text\"> <p>Elfsight fournit une solution SaaS qui vous permet de cr\u00e9er vous-m\u00eame un widget File Embed, voyez \u00e0 quel point le processus est simple est\u00a0: travaillez directement dans l&rsquo;\u00e9diteur en ligne pour cr\u00e9er un widget d&rsquo;int\u00e9gration de fichiers que vous aimeriez voir sur votre site PrestaShop. Choisissez l&rsquo;un des mod\u00e8les pr\u00e9d\u00e9finis et ajustez les param\u00e8tres d&rsquo;int\u00e9gration de fichiers, ajoutez votre contenu, modifiez la mise en page et les couleurs sans aucune comp\u00e9tence en codage. Enregistrez le fichier Embed et copiez son code d&rsquo;installation, que vous pourrez ajouter sur votre site PrestaShop sans acheter de version payante. Avec notre \u00e9diteur intuitif, tout internaute peut cr\u00e9er un widget File Embed en ligne et l&rsquo;int\u00e9grer facilement \u00e0 son site PrestaShop. Il n&rsquo;est pas n\u00e9cessaire de payer ou de saisir les informations d&rsquo;identification de votre carte pour acc\u00e9der au service. Si vous rencontrez des probl\u00e8mes \u00e0 n&rsquo;importe quelle \u00e9tape, n&rsquo;h\u00e9sitez pas \u00e0 contacter notre \u00e9quipe d&rsquo;assistance technique.<\/p> <\/div>\r\n\t\t\t\t\t<\/div>\r\n\t\t\t\t<\/div> <\/div><\/div>","protected":false},"excerpt":{"rendered":"","protected":false},"author":9,"featured_media":0,"parent":2628,"menu_order":0,"comment_status":"closed","ping_status":"closed","template":"templates\/template-application-platform.php","meta":{"publish_to_discourse":"","publish_post_category":"","wpdc_auto_publish_overridden":"","wpdc_topic_tags":"","wpdc_pin_topic":"","wpdc_pin_until":"","discourse_post_id":"","discourse_permalink":"","wpdc_publishing_response":"","wpdc_publishing_error":"","footnotes":""},"class_list":["post-13421","page","type-page","status-publish","hentry"],"yoast_head":"<!-- This site is optimized with the Yoast SEO plugin v25.3.1 - https:\/\/yoast.com\/wordpress\/plugins\/seo\/ -->\n<title>Plugin File Viewer - Int\u00e9grez n&#039;importe quel fichier sur votre site Web PrestaShop (2025)<\/title>\n<meta name=\"description\" content=\"Voici une possibilit\u00e9 de cr\u00e9er un module compl\u00e9mentaire File Embed et de l\u2019ajouter au site Web PrestaShop. B\u00e9n\u00e9ficiez d&#039;un support client gratuit et d&#039;autres bonus d&#039;Elfsight.\" \/>\n<meta name=\"robots\" content=\"index, follow, max-snippet:-1, max-image-preview:large, max-video-preview:-1\" \/>\n<link rel=\"canonical\" href=\"https:\/\/elfsight.com\/fr\/file-embed-widget\/prestashop\/\" \/>\n<meta property=\"og:locale\" content=\"fr_FR\" \/>\n<meta property=\"og:type\" content=\"article\" \/>\n<meta property=\"og:title\" content=\"Plugin File Viewer - Int\u00e9grez n&#039;importe quel fichier sur votre site Web PrestaShop (2025)\" \/>\n<meta property=\"og:description\" content=\"Voici une possibilit\u00e9 de cr\u00e9er un module compl\u00e9mentaire File Embed et de l\u2019ajouter au site Web PrestaShop. B\u00e9n\u00e9ficiez d&#039;un support client gratuit et d&#039;autres bonus d&#039;Elfsight.\" \/>\n<meta property=\"og:url\" content=\"https:\/\/elfsight.com\/fr\/file-embed-widget\/prestashop\/\" \/>\n<meta property=\"og:site_name\" content=\"Elfsight FR\" \/>\n<meta property=\"article:modified_time\" content=\"2025-07-09T17:27:40+00:00\" \/>\n<meta name=\"twitter:card\" content=\"summary_large_image\" \/>\n<meta name=\"twitter:label1\" content=\"Dur\u00e9e de lecture estim\u00e9e\" \/>\n\t<meta name=\"twitter:data1\" content=\"3 minutes\" \/>\n<!-- \/ Yoast SEO plugin. -->","yoast_head_json":{"title":"Plugin File Viewer - Int\u00e9grez n'importe quel fichier sur votre site Web PrestaShop (2025)","description":"Voici une possibilit\u00e9 de cr\u00e9er un module compl\u00e9mentaire File Embed et de l\u2019ajouter au site Web PrestaShop. B\u00e9n\u00e9ficiez d'un support client gratuit et d'autres bonus d'Elfsight.","robots":{"index":"index","follow":"follow","max-snippet":"max-snippet:-1","max-image-preview":"max-image-preview:large","max-video-preview":"max-video-preview:-1"},"canonical":"https:\/\/elfsight.com\/fr\/file-embed-widget\/prestashop\/","og_locale":"fr_FR","og_type":"article","og_title":"Plugin File Viewer - Int\u00e9grez n'importe quel fichier sur votre site Web PrestaShop (2025)","og_description":"Voici une possibilit\u00e9 de cr\u00e9er un module compl\u00e9mentaire File Embed et de l\u2019ajouter au site Web PrestaShop. B\u00e9n\u00e9ficiez d'un support client gratuit et d'autres bonus d'Elfsight.","og_url":"https:\/\/elfsight.com\/fr\/file-embed-widget\/prestashop\/","og_site_name":"Elfsight FR","article_modified_time":"2025-07-09T17:27:40+00:00","twitter_card":"summary_large_image","twitter_misc":{"Dur\u00e9e de lecture estim\u00e9e":"3 minutes"},"schema":{"@context":"https:\/\/schema.org","@graph":[{"@type":"WebPage","@id":"https:\/\/elfsight.com\/fr\/file-embed-widget\/prestashop\/","url":"https:\/\/elfsight.com\/fr\/file-embed-widget\/prestashop\/","name":"Plugin File Viewer - Int\u00e9grez n'importe quel fichier sur votre site Web PrestaShop (2025)","isPartOf":{"@id":"https:\/\/elfsight.com\/fr\/#website"},"datePublished":"2024-05-03T06:37:01+00:00","dateModified":"2025-07-09T17:27:40+00:00","description":"Voici une possibilit\u00e9 de cr\u00e9er un module compl\u00e9mentaire File Embed et de l\u2019ajouter au site Web PrestaShop. B\u00e9n\u00e9ficiez d'un support client gratuit et d'autres bonus d'Elfsight.","breadcrumb":{"@id":"https:\/\/elfsight.com\/fr\/file-embed-widget\/prestashop\/#breadcrumb"},"inLanguage":"fr-FR","potentialAction":[{"@type":"ReadAction","target":["https:\/\/elfsight.com\/fr\/file-embed-widget\/prestashop\/"]}]},{"@type":"BreadcrumbList","@id":"https:\/\/elfsight.com\/fr\/file-embed-widget\/prestashop\/#breadcrumb","itemListElement":[{"@type":"ListItem","position":1,"name":"Home","item":"https:\/\/elfsight.com\/fr\/"},{"@type":"ListItem","position":2,"name":"File Embed","item":"https:\/\/elfsight.com\/fr\/file-embed-widget\/"},{"@type":"ListItem","position":3,"name":"File Embed &#8211; PrestaShop"}]},{"@type":"WebSite","@id":"https:\/\/elfsight.com\/fr\/#website","url":"https:\/\/elfsight.com\/fr\/","name":"Elfsight FR","description":"","potentialAction":[{"@type":"SearchAction","target":{"@type":"EntryPoint","urlTemplate":"https:\/\/elfsight.com\/fr\/?s={search_term_string}"},"query-input":{"@type":"PropertyValueSpecification","valueRequired":true,"valueName":"search_term_string"}}],"inLanguage":"fr-FR"}]}},"meta_box":{"industry":"","seo_heading":"","heading":"","description":"","cta_heading":"","cta_description":"","application":"2627","h1":"Module compl\u00e9mentaire d'int\u00e9gration de fichiers PrestaShop","h1_caption":"Int\u00e9grez des documents, des feuilles de calcul et d'autres fichiers sur votre site Web pour une visualisation et un t\u00e9l\u00e9chargement faciles sur votre site Web Prestashop sans effort.","application_category":[],"applications_title":"","applications_request_title":"","applications_request_button_text":"","hero_text":"","hero_video":"","hero_video_schema_markup":"","selling_points_title":"","selling_points_caption":"","selling_points":[],"selling_points_cta_text":"","features_title":"","features":"","ed_cta_examples_text":"","ed_cta_examples_hidden":"","ed_cta_demo_text":"","ed_cta_demo_hidden":"","why_caption":"","why_editor_title":"","why_editor_text":"","why_team_title":"","why_team_text":"","why_service_title":"","why_service_text":"","template_catalog_visible":"","template_catalog_title":"","template_catalog_text":"","template_catalog_categories_visible":"","demo_title":"Cr\u00e9ez votre module compl\u00e9mentaire d'int\u00e9gration de fichiers","demo_caption":"Configurez votre File Embed et ajoutez-le \u00e0 votre site PrestaShop gratuitement !","default_faq_hidden":"","app_template_category":[],"platform":"3190","template_public_id":"","codecanyon_url":"","codecanyon_item_id":"","codecanyon_price":"","pricing_caption":"","pricing_elfsight_apps_hide_column":"","pricing_elfsight_apps_url":"","pricing_codecanyon_price_caption":"","integration_category":[],"integration_request_title":"","integration_request_cta":"","integration_platform":"","integrations":[],"platform_category":[],"video_schema_markup":"","price":"\u00e0 partir de 0$ \/ mois","trial":"","benefits":[{"text":"Aide \u00e0 l'installation gratuite"},{"text":"Service client efficace"},{"text":"Garantie de remboursement de 14 jours"},{"text":"D\u00e9veloppement continu"}],"button_url":"#demo","button_target_blank":"","button_nofollow":"","attributes":[{"name":"Installations","content":"10,000 - 100,000"},{"name":"Sensible","content":"Oui"},{"name":"Navigateurs compatibles","content":"Firefox, Safari, Opera, Chrome, Edge"}],"tags":[],"tags_disable_links":"","hide_more_platforms":"","video_object":"","demo_hide_cta":"","demo_hide_cloud_options":"","pricing_title":"","pricing":[{"pricing_icon":"platform","pricing_title":"Elfsight Apps","pricing_title_caption":"Version multiplateforme","pricing_price":"from $0 \/ month","pricing_price_caption":"commencez avec un forfait gratuit","pricing_benefits":[{"text":"Domaines illimit\u00e9s"},{"text":"Support premium et ponctuel et bien document\u00e9"},{"text":"Assistance \u00e0 l'installation gratuite"},{"text":"Conception flexible"}],"pricing_button_text":"Ajouter au site Web","pricing_button_url":"#demo"}],"related_apps_title":"","related_apps_hidden":"","author":"","image":[],"title":"","job":"","social_networks":[]},"_links":{"self":[{"href":"https:\/\/elfsight.com\/fr\/wp-json\/wp\/v2\/pages\/13421","targetHints":{"allow":["GET"]}}],"collection":[{"href":"https:\/\/elfsight.com\/fr\/wp-json\/wp\/v2\/pages"}],"about":[{"href":"https:\/\/elfsight.com\/fr\/wp-json\/wp\/v2\/types\/page"}],"author":[{"embeddable":true,"href":"https:\/\/elfsight.com\/fr\/wp-json\/wp\/v2\/users\/9"}],"replies":[{"embeddable":true,"href":"https:\/\/elfsight.com\/fr\/wp-json\/wp\/v2\/comments?post=13421"}],"version-history":[{"count":1,"href":"https:\/\/elfsight.com\/fr\/wp-json\/wp\/v2\/pages\/13421\/revisions"}],"predecessor-version":[{"id":13425,"href":"https:\/\/elfsight.com\/fr\/wp-json\/wp\/v2\/pages\/13421\/revisions\/13425"}],"up":[{"embeddable":true,"href":"https:\/\/elfsight.com\/fr\/wp-json\/wp\/v2\/pages\/2628"}],"wp:attachment":[{"href":"https:\/\/elfsight.com\/fr\/wp-json\/wp\/v2\/media?parent=13421"}],"curies":[{"name":"wp","href":"https:\/\/api.w.org\/{rel}","templated":true}]}}