{"id":13420,"date":"2024-05-03T06:37:00","date_gmt":"2024-05-03T06:37:00","guid":{"rendered":"https:\/\/elfsight.com\/fr\/?page_id=13420"},"modified":"2025-07-09T17:27:01","modified_gmt":"2025-07-09T17:27:01","slug":"jimdo","status":"publish","type":"page","link":"https:\/\/elfsight.com\/fr\/file-embed-widget\/jimdo\/","title":{"rendered":"File Embed &#8211; Jimdo"},"content":{"rendered":"<div class=\"application-platform-content-item-description application-platform-content-item\" id=\"description\" data-nav-section=\"description\"> <h2>Description<\/h2> <p>Elfsight File Embed est l&rsquo;un des outils les plus simples et imm\u00e9diats pour int\u00e9grer des fichiers dans un site. Int\u00e9grez tous les fichiers les plus utilis\u00e9s : PDF, Docx, Xlsx, Jpeg \u2013 au total une vingtaine de formats. Pour une plus grande facilit\u00e9 d&rsquo;utilisation, les fichiers peuvent \u00eatre coll\u00e9s simplement en les t\u00e9l\u00e9chargeant, en entrant leurs URL ou en les s\u00e9lectionnant parmi ceux r\u00e9cemment t\u00e9l\u00e9charg\u00e9s. Les fonctionnalit\u00e9s vous permettent de donner un titre \u00e0 chaque fichier, de t\u00e9l\u00e9charger votre propre ic\u00f4ne et image, de choisir des options de mise en page et bien plus encore. Les visiteurs du site Web peuvent consulter les documents directement sur le site, les ouvrir dans un nouvel onglet de navigateur et les t\u00e9l\u00e9charger. <\/p><p><b>Avec File Embed, ayez un d\u00e9veloppement commercial actif et am\u00e9liorez vos ventes <\/b><\/p> <\/div> <div class=\"application-platform-content-item-features application-platform-content-item\" id=\"features\" data-nav-section=\"features\"> <h2>Voici les principales fonctionnalit\u00e9s du widget\u00a0: <\/h2> <ul><li>Int\u00e9grez plus de 20\u00a0formats de fichiers pour le t\u00e9l\u00e9chargement et la visualisation<\/li><li>Ajoutez un nombre illimit\u00e9 de fichiers<\/li><li>Dupliquez, supprimez, clonez et r\u00e9organisez vos fichiers<\/li><li>Int\u00e9grez en choisissant le fichier r\u00e9cemment t\u00e9l\u00e9charg\u00e9, par URL ou en t\u00e9l\u00e9chargeant<\/li><li>3 mises en page incluses\u00a0: liste, grille et visionneuse de fichiers<\/li><li>Mise en page de la visionneuse de fichiers \u00e0 afficher fichiers sur la page<\/li><li>zoom, d\u00e9filement et pagination pris en charge dans la disposition de la visionneuse de fichiers<\/li><li>Option pour afficher ou t\u00e9l\u00e9charger l&rsquo;\u00e9tiquette du fichier<\/li><li>Ic\u00f4ne de fichier commutable<\/li> <li>Option pour peindre l&rsquo;ic\u00f4ne du fichier<\/li><\/ul><p><a href=\"#demo\">Vous pouvez essayer toutes les fonctionnalit\u00e9s du widget dans la d\u00e9mo sur cette page<\/a><\/p> <\/div> <div class=\"application-platform-content-item-installation application-platform-content-item\" id=\"installation\" data-nav-section=\"installation\"> <h2>Comment ajouter un fichier int\u00e9gr\u00e9 au site Jimdo\u00a0? <\/h2> <p>Suivez simplement les instructions ci-dessous pour int\u00e9grer l&rsquo;outil. <\/p> <ol><li><b>Utilisez notre \u00e9diteur gratuit et commencez \u00e0 cr\u00e9er votre widget personnalis\u00e9. <\/b><br> Sp\u00e9cifiez la disposition personnalis\u00e9e et les caract\u00e9ristiques fonctionnelles de l&rsquo;outil et enregistrez les modifications. <\/li> <li><b>Faites appara\u00eetre votre code personnel dans la fen\u00eatre des applications Elfsight. <\/b><br> Une fois la personnalisation de votre widget termin\u00e9e, copiez le code exclusif pr\u00e9sent dans la bo\u00eete et conservez-le pour une utilisation ult\u00e9rieure. <\/li> <li><b>Initiez l&rsquo;application du widget sur la page d&rsquo;accueil de Jimdo. <\/b><br> Collez le code que vous avez copi\u00e9 r\u00e9cemment dans votre site Web et enregistrez les am\u00e9liorations. <\/li> <li><b>L&rsquo;installation est enti\u00e8rement termin\u00e9e. <\/b><br> Acc\u00e9dez \u00e0 votre site pour v\u00e9rifier le fonctionnement du widget. <\/li><\/ol> <p>Si vous avez des questions ou rencontrez des probl\u00e8mes, n&rsquo;h\u00e9sitez pas \u00e0 vous adresser \u00e0 notre \u00e9quipe d&rsquo;assistance. Nos collaborateurs se feront un plaisir de r\u00e9soudre toutes les difficult\u00e9s que vous pourriez rencontrer avec l&rsquo;outil. <\/p> <div class=\"faq\" data-component=\"FAQ\"><div class=\"faq-item\">\r\n\t\t\t\t\t<div class=\"faq-item-question\">\r\n\t\t\t\t\t\t<h3 class=\"faq-item-question-text\">Comment ajouter une FAQ \u00e0 mon site Jimdo sans comp\u00e9tences en codage ?<\/h3>\r\n\r\n\t\t\t\t\t\t<div class=\"faq-item-question-icon\"><\/div>\r\n\t\t\t\t\t<\/div>\r\n\r\n\t\t\t\t\t<div class=\"faq-item-answer\">\r\n\t\t\t\t\t\t<div class=\"faq-item-answer-text\"> <p>Elfsight propose une solution SaaS qui vous permet de cr\u00e9er vous-m\u00eame un widget FAQ, voyez \u00e0 quel point le processus est simple\u00a0: Travaillez directement dans l&rsquo;\u00e9diteur en ligne pour cr\u00e9er un widget FAQ que vous aimeriez voir sur votre site Jimdo. Choisissez l&rsquo;un des mod\u00e8les pr\u00e9d\u00e9finis et ajustez les param\u00e8tres de la FAQ, ajoutez votre contenu, modifiez la mise en page et les couleurs sans aucune comp\u00e9tence en codage. Enregistrez la FAQ et copiez son code d&rsquo;installation, que vous pourrez simplement inclure dans votre site Jimdo sans acheter d&rsquo;abonnement payant. Gr\u00e2ce \u00e0 notre \u00e9diteur intuitif, tout internaute peut cr\u00e9er un widget FAQ en ligne et l&rsquo;int\u00e9grer facilement \u00e0 son site Jimdo. Il n&rsquo;est pas n\u00e9cessaire de payer ou de saisir les informations d&rsquo;identification de votre carte pour acc\u00e9der au service. Si vous rencontrez des probl\u00e8mes \u00e0 n&rsquo;importe quelle \u00e9tape, n&rsquo;h\u00e9sitez pas \u00e0 contacter notre \u00e9quipe d&rsquo;assistance technique.<\/p> <\/div>\r\n\t\t\t\t\t<\/div>\r\n\t\t\t\t<\/div> <\/div><\/div>","protected":false},"excerpt":{"rendered":"","protected":false},"author":9,"featured_media":0,"parent":2628,"menu_order":0,"comment_status":"closed","ping_status":"closed","template":"templates\/template-application-platform.php","meta":{"publish_to_discourse":"","publish_post_category":"","wpdc_auto_publish_overridden":"","wpdc_topic_tags":"","wpdc_pin_topic":"","wpdc_pin_until":"","discourse_post_id":"","discourse_permalink":"","wpdc_publishing_response":"","wpdc_publishing_error":"","footnotes":""},"class_list":["post-13420","page","type-page","status-publish","hentry"],"yoast_head":"<!-- This site is optimized with the Yoast SEO plugin v25.3.1 - https:\/\/yoast.com\/wordpress\/plugins\/seo\/ -->\n<title>Widget File Viewer - Int\u00e9grez n&#039;importe quel fichier sur votre site Jimdo (2025)<\/title>\n<meta name=\"description\" content=\"Voici une possibilit\u00e9 de cr\u00e9er un widget File Embed et de l\u2019ajouter \u00e0 votre site Jimdo. B\u00e9n\u00e9ficiez de l\u2019assistance gratuite et d\u2019autres bonus d\u2019Elfsight.\" \/>\n<meta name=\"robots\" content=\"index, follow, max-snippet:-1, max-image-preview:large, max-video-preview:-1\" \/>\n<link rel=\"canonical\" href=\"https:\/\/elfsight.com\/fr\/file-embed-widget\/jimdo\/\" \/>\n<meta property=\"og:locale\" content=\"fr_FR\" \/>\n<meta property=\"og:type\" content=\"article\" \/>\n<meta property=\"og:title\" content=\"Widget File Viewer - Int\u00e9grez n&#039;importe quel fichier sur votre site Jimdo (2025)\" \/>\n<meta property=\"og:description\" content=\"Voici une possibilit\u00e9 de cr\u00e9er un widget File Embed et de l\u2019ajouter \u00e0 votre site Jimdo. B\u00e9n\u00e9ficiez de l\u2019assistance gratuite et d\u2019autres bonus d\u2019Elfsight.\" \/>\n<meta property=\"og:url\" content=\"https:\/\/elfsight.com\/fr\/file-embed-widget\/jimdo\/\" \/>\n<meta property=\"og:site_name\" content=\"Elfsight FR\" \/>\n<meta property=\"article:modified_time\" content=\"2025-07-09T17:27:01+00:00\" \/>\n<meta name=\"twitter:card\" content=\"summary_large_image\" \/>\n<meta name=\"twitter:label1\" content=\"Dur\u00e9e de lecture estim\u00e9e\" \/>\n\t<meta name=\"twitter:data1\" content=\"3 minutes\" \/>\n<!-- \/ Yoast SEO plugin. -->","yoast_head_json":{"title":"Widget File Viewer - Int\u00e9grez n'importe quel fichier sur votre site Jimdo (2025)","description":"Voici une possibilit\u00e9 de cr\u00e9er un widget File Embed et de l\u2019ajouter \u00e0 votre site Jimdo. B\u00e9n\u00e9ficiez de l\u2019assistance gratuite et d\u2019autres bonus d\u2019Elfsight.","robots":{"index":"index","follow":"follow","max-snippet":"max-snippet:-1","max-image-preview":"max-image-preview:large","max-video-preview":"max-video-preview:-1"},"canonical":"https:\/\/elfsight.com\/fr\/file-embed-widget\/jimdo\/","og_locale":"fr_FR","og_type":"article","og_title":"Widget File Viewer - Int\u00e9grez n'importe quel fichier sur votre site Jimdo (2025)","og_description":"Voici une possibilit\u00e9 de cr\u00e9er un widget File Embed et de l\u2019ajouter \u00e0 votre site Jimdo. B\u00e9n\u00e9ficiez de l\u2019assistance gratuite et d\u2019autres bonus d\u2019Elfsight.","og_url":"https:\/\/elfsight.com\/fr\/file-embed-widget\/jimdo\/","og_site_name":"Elfsight FR","article_modified_time":"2025-07-09T17:27:01+00:00","twitter_card":"summary_large_image","twitter_misc":{"Dur\u00e9e de lecture estim\u00e9e":"3 minutes"},"schema":{"@context":"https:\/\/schema.org","@graph":[{"@type":"WebPage","@id":"https:\/\/elfsight.com\/fr\/file-embed-widget\/jimdo\/","url":"https:\/\/elfsight.com\/fr\/file-embed-widget\/jimdo\/","name":"Widget File Viewer - Int\u00e9grez n'importe quel fichier sur votre site Jimdo (2025)","isPartOf":{"@id":"https:\/\/elfsight.com\/fr\/#website"},"datePublished":"2024-05-03T06:37:00+00:00","dateModified":"2025-07-09T17:27:01+00:00","description":"Voici une possibilit\u00e9 de cr\u00e9er un widget File Embed et de l\u2019ajouter \u00e0 votre site Jimdo. B\u00e9n\u00e9ficiez de l\u2019assistance gratuite et d\u2019autres bonus d\u2019Elfsight.","breadcrumb":{"@id":"https:\/\/elfsight.com\/fr\/file-embed-widget\/jimdo\/#breadcrumb"},"inLanguage":"fr-FR","potentialAction":[{"@type":"ReadAction","target":["https:\/\/elfsight.com\/fr\/file-embed-widget\/jimdo\/"]}]},{"@type":"BreadcrumbList","@id":"https:\/\/elfsight.com\/fr\/file-embed-widget\/jimdo\/#breadcrumb","itemListElement":[{"@type":"ListItem","position":1,"name":"Home","item":"https:\/\/elfsight.com\/fr\/"},{"@type":"ListItem","position":2,"name":"File Embed","item":"https:\/\/elfsight.com\/fr\/file-embed-widget\/"},{"@type":"ListItem","position":3,"name":"File Embed &#8211; Jimdo"}]},{"@type":"WebSite","@id":"https:\/\/elfsight.com\/fr\/#website","url":"https:\/\/elfsight.com\/fr\/","name":"Elfsight FR","description":"","potentialAction":[{"@type":"SearchAction","target":{"@type":"EntryPoint","urlTemplate":"https:\/\/elfsight.com\/fr\/?s={search_term_string}"},"query-input":{"@type":"PropertyValueSpecification","valueRequired":true,"valueName":"search_term_string"}}],"inLanguage":"fr-FR"}]}},"meta_box":{"industry":"","seo_heading":"","heading":"","description":"","cta_heading":"","cta_description":"","application":"2627","h1":"Widget d'int\u00e9gration de fichiers Jimdo","h1_caption":"Int\u00e9grez des documents, des feuilles de calcul et d'autres fichiers sur votre site Web pour les visualiser et les t\u00e9l\u00e9charger facilement sur votre site Web Jimdo.","application_category":[],"applications_title":"","applications_request_title":"","applications_request_button_text":"","hero_text":"","hero_video":"","hero_video_schema_markup":"","selling_points_title":"","selling_points_caption":"","selling_points":[],"selling_points_cta_text":"","features_title":"","features":"","ed_cta_examples_text":"","ed_cta_examples_hidden":"","ed_cta_demo_text":"","ed_cta_demo_hidden":"","why_caption":"","why_editor_title":"","why_editor_text":"","why_team_title":"","why_team_text":"","why_service_title":"","why_service_text":"","template_catalog_visible":"","template_catalog_title":"","template_catalog_text":"","template_catalog_categories_visible":"","demo_title":"Cr\u00e9ez votre widget d'int\u00e9gration de fichiers","demo_caption":"Configurez votre File Embed et ajoutez-le gratuitement \u00e0 votre site Jimdo !","default_faq_hidden":"","app_template_category":[],"platform":"372","template_public_id":"","codecanyon_url":"","codecanyon_item_id":"","codecanyon_price":"","pricing_caption":"","pricing_elfsight_apps_hide_column":"","pricing_elfsight_apps_url":"","pricing_codecanyon_price_caption":"","integration_category":[],"integration_request_title":"","integration_request_cta":"","integration_platform":"","integrations":[],"platform_category":[],"video_schema_markup":"","price":"24\u00a0$","trial":"","benefits":[{"text":"Aide \u00e0 l'installation gratuite"},{"text":"Service client efficace"},{"text":"Garantie de remboursement de 14 jours"},{"text":"D\u00e9veloppement continu"}],"button_url":"#demo","button_target_blank":"","button_nofollow":"","attributes":[{"name":"Installations","content":"10,000 - 100,000"},{"name":"Sensible","content":"Oui"},{"name":"Navigateurs compatibles","content":"Firefox, Safari, Opera, Chrome, Edge"}],"tags":[],"tags_disable_links":"","hide_more_platforms":"","video_object":"","demo_hide_cta":"","demo_hide_cloud_options":"","pricing_title":"","pricing":[{"pricing_icon":"platform","pricing_title":"Elfsight Apps","pricing_title_caption":"Version multiplateforme","pricing_price":"from $0 \/ month","pricing_price_caption":"commencez avec un forfait gratuit","pricing_benefits":[{"text":"Domaines illimit\u00e9s"},{"text":"Support premium et ponctuel et bien document\u00e9"},{"text":"Service d'installation gratuit"},{"text":"100% personnalisable"}],"pricing_button_text":"Ajouter au site Web","pricing_button_url":"#demo"}],"related_apps_title":"","related_apps_hidden":"","author":"","image":[],"title":"","job":"","social_networks":[]},"_links":{"self":[{"href":"https:\/\/elfsight.com\/fr\/wp-json\/wp\/v2\/pages\/13420","targetHints":{"allow":["GET"]}}],"collection":[{"href":"https:\/\/elfsight.com\/fr\/wp-json\/wp\/v2\/pages"}],"about":[{"href":"https:\/\/elfsight.com\/fr\/wp-json\/wp\/v2\/types\/page"}],"author":[{"embeddable":true,"href":"https:\/\/elfsight.com\/fr\/wp-json\/wp\/v2\/users\/9"}],"replies":[{"embeddable":true,"href":"https:\/\/elfsight.com\/fr\/wp-json\/wp\/v2\/comments?post=13420"}],"version-history":[{"count":1,"href":"https:\/\/elfsight.com\/fr\/wp-json\/wp\/v2\/pages\/13420\/revisions"}],"predecessor-version":[{"id":13424,"href":"https:\/\/elfsight.com\/fr\/wp-json\/wp\/v2\/pages\/13420\/revisions\/13424"}],"up":[{"embeddable":true,"href":"https:\/\/elfsight.com\/fr\/wp-json\/wp\/v2\/pages\/2628"}],"wp:attachment":[{"href":"https:\/\/elfsight.com\/fr\/wp-json\/wp\/v2\/media?parent=13420"}],"curies":[{"name":"wp","href":"https:\/\/api.w.org\/{rel}","templated":true}]}}