{"id":13405,"date":"2024-05-03T06:35:40","date_gmt":"2024-05-03T06:35:40","guid":{"rendered":"https:\/\/elfsight.com\/fr\/?page_id=13405"},"modified":"2025-07-09T17:20:36","modified_gmt":"2025-07-09T17:20:36","slug":"blogger","status":"publish","type":"page","link":"https:\/\/elfsight.com\/fr\/facebook-chat-widget\/blogger\/","title":{"rendered":"Facebook Chat &#8211; Blogger"},"content":{"rendered":"<div class=\"application-platform-content-item-description application-platform-content-item\" id=\"description\" data-nav-section=\"description\"> <h2>Description<\/h2> <p>Facebook Chat Box cr\u00e9\u00e9 par Elfsight est un outil pratique permettant aux clients de votre site Web de d\u00e9marrer une conversation avec vous et obtenir des r\u00e9ponses \u00e0 leurs questions et demandes. Vous pouvez rester disponible d\u00e8s maintenant pour les personnes dans leur messagerie confortable, o\u00f9 que vous soyez. Introduisez le widget de discussion sur la page Web et choisissez-le pour qu&rsquo;il apparaisse sur des pages sp\u00e9cifiques ou pour des cat\u00e9gories d&rsquo;utilisateurs s\u00e9lectionn\u00e9es, d\u00e9finissez des d\u00e9clencheurs de d\u00e9marrage de discussion, envoyez votre message de bienvenue personnalis\u00e9, d\u00e9finissez des ic\u00f4nes et appliquez d&rsquo;autres personnalisations. En utilisant Facebook Messenger sur votre page web, vous resterez connect\u00e9 \u00e0 votre client\u00e8le \u00e0 tout moment et de n&rsquo;importe o\u00f9.<\/p> <div class=\"faq\" data-component=\"FAQ\"> <div class=\"faq-item\">\r\n\t\t\t\t\t<div class=\"faq-item-question\">\r\n\t\t\t\t\t\t<h3 class=\"faq-item-question-text\">O\u00f9 puis-je int\u00e9grer le widget<\/h3>\r\n\r\n\t\t\t\t\t\t<div class=\"faq-item-question-icon\"><\/div>\r\n\t\t\t\t\t<\/div>\r\n\r\n\t\t\t\t\t<div class=\"faq-item-answer\">\r\n\t\t\t\t\t\t<div class=\"faq-item-answer-text\"> <p>Vous pouvez le pr\u00e9senter \u00e0 chaque page de votre site Web, ou uniquement aux pages o\u00f9 vous en avez besoin. Il existe \u00e9galement une option pour exclure les pages choisies si vous ne souhaitez pas que le widget s&rsquo;y trouve. <\/p> <\/div>\r\n\t\t\t\t\t<\/div>\r\n\t\t\t\t<\/div> <div class=\"faq-item\">\r\n\t\t\t\t\t<div class=\"faq-item-question\">\r\n\t\t\t\t\t\t<h3 class=\"faq-item-question-text\">Quels sont les avantages d'avoir ce plugin pour moi ?<\/h3>\r\n\r\n\t\t\t\t\t\t<div class=\"faq-item-question-icon\"><\/div>\r\n\t\t\t\t\t<\/div>\r\n\r\n\t\t\t\t\t<div class=\"faq-item-answer\">\r\n\t\t\t\t\t\t<div class=\"faq-item-answer-text\"> <p>Ce plugin aidera les utilisateurs \u00e0 vous communiquer facilement leurs requ\u00eates, demandes ou probl\u00e8mes. Cela peut aider \u00e0 augmenter le nombre de prospects et d\u2019achats. De plus, une r\u00e9ponse imm\u00e9diate et une approche personnalis\u00e9e augmenteront la qualit\u00e9 de votre relation client. <\/p> <\/div>\r\n\t\t\t\t\t<\/div>\r\n\t\t\t\t<\/div> <div class=\"faq-item\">\r\n\t\t\t\t\t<div class=\"faq-item-question\">\r\n\t\t\t\t\t\t<h3 class=\"faq-item-question-text\">Comment puis-je int\u00e9grer Facebook Chat sur mon site ?<\/h3>\r\n\r\n\t\t\t\t\t\t<div class=\"faq-item-question-icon\"><\/div>\r\n\t\t\t\t\t<\/div>\r\n\r\n\t\t\t\t\t<div class=\"faq-item-answer\">\r\n\t\t\t\t\t\t<div class=\"faq-item-answer-text\"> <p>Vous n&rsquo;aurez besoin que d&rsquo;une minute pour commencer \u00e0 utiliser le widget. C&rsquo;est tr\u00e8s rapide, gratuit et sans codage. <\/p> <p>Vous pouvez introduire le widget sur votre site dans notre service. Pour cela, suivez les instructions ci-apr\u00e8s sur cette page. <\/p> <\/div>\r\n\t\t\t\t\t<\/div>\r\n\t\t\t\t<\/div> <\/div> <\/div> <div class=\"application-platform-content-item-features application-platform-content-item\" id=\"features\" data-nav-section=\"features\"> <h2>Fonctionnalit\u00e9s<\/h2> <p>Afin d&rsquo;avoir une id\u00e9e claire de Facebook Messenger pour Blogger, examinez les liste de ses principales caract\u00e9ristiques. Ils rendent ce widget extr\u00eamement b\u00e9n\u00e9fique pour vous\u00a0: <\/p> <ul><li>Introduisez Facebook Messenger sur votre boutique pour \u00e9tablir la communication avec les visiteurs\u00a0; <\/li><li>R\u00e9pondez aux messages directement depuis votre page Facebook\u00a0; <\/li><li>Utilisez 3 types d&#8217;emplacement de discussion\u00a0: bulle flottante, bulle int\u00e9gr\u00e9e et fen\u00eatre de discussion int\u00e9gr\u00e9e\u00a0; <\/li><li> S\u00e9lectionnez votre variante d&rsquo;ic\u00f4ne de bulle dans notre biblioth\u00e8que d&rsquo;ic\u00f4nes disponibles\u00a0; <\/li><li>Entrez votre propre texte de la bulle de discussion. <\/li><\/ul><p><a href=\"#demo\">Explorez une liste compl\u00e8te des fonctionnalit\u00e9s dans notre d\u00e9mo<\/a><\/p> <\/div> <div class=\"application-platform-content-item-installation application-platform-content-item\" id=\"installation\" data-nav-section=\"installation\"> <h2>Comment ajouter le chat Facebook \u00e0 votre page Blogger<\/h2><div class=\"video-container\"><iframe width=\"720\" height=\"405\" src=\"https:\/\/www.youtube.com\/embed\/KK7oHClT1uU\" frameborder=\"0\" allowfullscreen=\"\"><\/iframe><\/div><p>Les actions suivantes sont la seule chose que vous devez \u00e9tablir. <\/p> <ol><li><b>Construisez votre propre plugin Facebook Messenger<\/b><br> \u00c0 l&rsquo;aide de notre configurateur gratuit, g\u00e9n\u00e9rez un plugin avec une mise en page et des fonctionnalit\u00e9s s\u00e9lectionn\u00e9es. <\/li><li><b>Copiez le code personnel pour ajouter le plugin<\/b><br> Apr\u00e8s avoir cr\u00e9\u00e9 votre widget, vous recevrez le code unique de la notification contextuelle sur Elfsight Apps. Copiez le code pour une utilisation ult\u00e9rieure. <\/li> <li><b>Int\u00e9grez le widget sur votre site Web<\/b><br> D\u00e9finissez la zone dans laquelle vous souhaitez ajouter le plugin et ins\u00e9rez-y le code copi\u00e9. Appliquez les r\u00e9sultats. <\/li> <li><b>La configuration est termin\u00e9e<\/b><br> Visitez votre site Web pour jeter un \u0153il \u00e0 votre plugin. <\/li> <\/ol><p>Il y a encore quelque chose qui vous rend incertain\u00a0? Ou vous rencontrez des probl\u00e8mes ? Une seule demande \u00e0 notre \u00e9quipe d&rsquo;assistance r\u00e9soudra chaque probl\u00e8me. <\/p> <\/div>","protected":false},"excerpt":{"rendered":"","protected":false},"author":9,"featured_media":0,"parent":1415,"menu_order":0,"comment_status":"closed","ping_status":"closed","template":"templates\/template-application-platform.php","meta":{"publish_to_discourse":"","publish_post_category":"","wpdc_auto_publish_overridden":"","wpdc_topic_tags":"","wpdc_pin_topic":"","wpdc_pin_until":"","discourse_post_id":"","discourse_permalink":"","wpdc_publishing_response":"","wpdc_publishing_error":"","footnotes":""},"class_list":["post-13405","page","type-page","status-publish","hentry"],"yoast_head":"<!-- This site is optimized with the Yoast SEO plugin v25.3.1 - https:\/\/yoast.com\/wordpress\/plugins\/seo\/ -->\n<title>Facebook Messenger - ajoutez Chat Box au site Web Blogger (facile et rapide)<\/title>\n<meta name=\"description\" content=\"Avec Elfsight, fa\u00e7onnez votre widget Facebook Chat et ajoutez-le facilement sur le site Blogger. Nous disposons d&#039;un support client gratuit et d&#039;autres bonus.\" \/>\n<meta name=\"robots\" content=\"index, follow, max-snippet:-1, max-image-preview:large, max-video-preview:-1\" \/>\n<link rel=\"canonical\" href=\"https:\/\/elfsight.com\/fr\/facebook-chat-widget\/blogger\/\" \/>\n<meta property=\"og:locale\" content=\"fr_FR\" \/>\n<meta property=\"og:type\" content=\"article\" \/>\n<meta property=\"og:title\" content=\"Facebook Messenger - ajoutez Chat Box au site Web Blogger (facile et rapide)\" \/>\n<meta property=\"og:description\" content=\"Avec Elfsight, fa\u00e7onnez votre widget Facebook Chat et ajoutez-le facilement sur le site Blogger. Nous disposons d&#039;un support client gratuit et d&#039;autres bonus.\" \/>\n<meta property=\"og:url\" content=\"https:\/\/elfsight.com\/fr\/facebook-chat-widget\/blogger\/\" \/>\n<meta property=\"og:site_name\" content=\"Elfsight FR\" \/>\n<meta property=\"article:modified_time\" content=\"2025-07-09T17:20:36+00:00\" \/>\n<meta name=\"twitter:card\" content=\"summary_large_image\" \/>\n<meta name=\"twitter:label1\" content=\"Dur\u00e9e de lecture estim\u00e9e\" \/>\n\t<meta name=\"twitter:data1\" content=\"3 minutes\" \/>\n<!-- \/ Yoast SEO plugin. -->","yoast_head_json":{"title":"Facebook Messenger - ajoutez Chat Box au site Web Blogger (facile et rapide)","description":"Avec Elfsight, fa\u00e7onnez votre widget Facebook Chat et ajoutez-le facilement sur le site Blogger. Nous disposons d'un support client gratuit et d'autres bonus.","robots":{"index":"index","follow":"follow","max-snippet":"max-snippet:-1","max-image-preview":"max-image-preview:large","max-video-preview":"max-video-preview:-1"},"canonical":"https:\/\/elfsight.com\/fr\/facebook-chat-widget\/blogger\/","og_locale":"fr_FR","og_type":"article","og_title":"Facebook Messenger - ajoutez Chat Box au site Web Blogger (facile et rapide)","og_description":"Avec Elfsight, fa\u00e7onnez votre widget Facebook Chat et ajoutez-le facilement sur le site Blogger. Nous disposons d'un support client gratuit et d'autres bonus.","og_url":"https:\/\/elfsight.com\/fr\/facebook-chat-widget\/blogger\/","og_site_name":"Elfsight FR","article_modified_time":"2025-07-09T17:20:36+00:00","twitter_card":"summary_large_image","twitter_misc":{"Dur\u00e9e de lecture estim\u00e9e":"3 minutes"},"schema":{"@context":"https:\/\/schema.org","@graph":[{"@type":"WebPage","@id":"https:\/\/elfsight.com\/fr\/facebook-chat-widget\/blogger\/","url":"https:\/\/elfsight.com\/fr\/facebook-chat-widget\/blogger\/","name":"Facebook Messenger - ajoutez Chat Box au site Web Blogger (facile et rapide)","isPartOf":{"@id":"https:\/\/elfsight.com\/fr\/#website"},"datePublished":"2024-05-03T06:35:40+00:00","dateModified":"2025-07-09T17:20:36+00:00","description":"Avec Elfsight, fa\u00e7onnez votre widget Facebook Chat et ajoutez-le facilement sur le site Blogger. Nous disposons d'un support client gratuit et d'autres bonus.","breadcrumb":{"@id":"https:\/\/elfsight.com\/fr\/facebook-chat-widget\/blogger\/#breadcrumb"},"inLanguage":"fr-FR","potentialAction":[{"@type":"ReadAction","target":["https:\/\/elfsight.com\/fr\/facebook-chat-widget\/blogger\/"]}]},{"@type":"BreadcrumbList","@id":"https:\/\/elfsight.com\/fr\/facebook-chat-widget\/blogger\/#breadcrumb","itemListElement":[{"@type":"ListItem","position":1,"name":"Home","item":"https:\/\/elfsight.com\/fr\/"},{"@type":"ListItem","position":2,"name":"Facebook Chat","item":"https:\/\/elfsight.com\/fr\/facebook-chat-widget\/"},{"@type":"ListItem","position":3,"name":"Facebook Chat &#8211; Blogger"}]},{"@type":"WebSite","@id":"https:\/\/elfsight.com\/fr\/#website","url":"https:\/\/elfsight.com\/fr\/","name":"Elfsight FR","description":"","potentialAction":[{"@type":"SearchAction","target":{"@type":"EntryPoint","urlTemplate":"https:\/\/elfsight.com\/fr\/?s={search_term_string}"},"query-input":{"@type":"PropertyValueSpecification","valueRequired":true,"valueName":"search_term_string"}}],"inLanguage":"fr-FR"}]}},"meta_box":{"industry":"","seo_heading":"","heading":"","description":"","cta_heading":"","cta_description":"","application":"1406","h1":"Widget de chat Facebook Blogger","h1_caption":"Ajoutez un widget de chat Facebook Messenger \u00e0 votre site Web, offrant ainsi aux utilisateurs un moyen simple de vous contacter sans effort sur votre site Web Blogger.","application_category":[],"applications_title":"","applications_request_title":"","applications_request_button_text":"","hero_text":"","hero_video":"","hero_video_schema_markup":"","selling_points_title":"","selling_points_caption":"","selling_points":[],"selling_points_cta_text":"","features_title":"","features":"","ed_cta_examples_text":"","ed_cta_examples_hidden":"","ed_cta_demo_text":"","ed_cta_demo_hidden":"","why_caption":"","why_editor_title":"","why_editor_text":"","why_team_title":"","why_team_text":"","why_service_title":"","why_service_text":"","template_catalog_visible":"","template_catalog_title":"","template_catalog_text":"","template_catalog_categories_visible":"","demo_title":"Cr\u00e9ez votre widget de chat Facebook","demo_caption":"Configurez votre chat Facebook et ajoutez-le gratuitement \u00e0 votre site Blogger\u00a0!","default_faq_hidden":"","app_template_category":[],"platform":"348","template_public_id":"","codecanyon_url":"","codecanyon_item_id":"","codecanyon_price":"","pricing_caption":"","pricing_elfsight_apps_hide_column":"","pricing_elfsight_apps_url":"","pricing_codecanyon_price_caption":"","integration_category":[],"integration_request_title":"","integration_request_cta":"","integration_platform":"","integrations":[],"platform_category":[],"video_schema_markup":"","price":"\u00e0 partir de 0$ \/ mois","trial":"","benefits":[{"text":"Aide \u00e0 l'installation gratuite"},{"text":"Service client comp\u00e9tent"},{"text":"Garantie de remboursement de 14 jours"},{"text":"Am\u00e9liorations gratuites r\u00e9guli\u00e8res"}],"button_url":"#demo","button_target_blank":"","button_nofollow":"","attributes":[{"name":"Installations","content":"10,000 - 100,000"},{"name":"Sensible","content":"Oui"},{"name":"Navigateurs compatibles","content":"Firefox, Safari, Opera, Chrome, Edge"}],"tags":[],"tags_disable_links":"","hide_more_platforms":"","video_object":"","demo_hide_cta":"","demo_hide_cloud_options":"","pricing_title":"","pricing":[{"pricing_icon":"platform","pricing_title":"Elfsight Apps","pricing_title_caption":"Solution num\u00e9rique multiplateforme","pricing_price":"from $0 \/ month","pricing_price_caption":"commencez avec un forfait gratuit","pricing_benefits":[{"text":"Sites Web illimit\u00e9s"},{"text":"Assistance d\u00e9di\u00e9e, ponctuelle et bien document\u00e9e"},{"text":"Aide \u00e0 l'installation gratuite"},{"text":"100% personnalisable"}],"pricing_button_text":"Ajouter au site Web","pricing_button_url":"#demo"}],"related_apps_title":"","related_apps_hidden":"","author":"","image":[],"title":"","job":"","social_networks":[]},"_links":{"self":[{"href":"https:\/\/elfsight.com\/fr\/wp-json\/wp\/v2\/pages\/13405","targetHints":{"allow":["GET"]}}],"collection":[{"href":"https:\/\/elfsight.com\/fr\/wp-json\/wp\/v2\/pages"}],"about":[{"href":"https:\/\/elfsight.com\/fr\/wp-json\/wp\/v2\/types\/page"}],"author":[{"embeddable":true,"href":"https:\/\/elfsight.com\/fr\/wp-json\/wp\/v2\/users\/9"}],"replies":[{"embeddable":true,"href":"https:\/\/elfsight.com\/fr\/wp-json\/wp\/v2\/comments?post=13405"}],"version-history":[{"count":2,"href":"https:\/\/elfsight.com\/fr\/wp-json\/wp\/v2\/pages\/13405\/revisions"}],"predecessor-version":[{"id":15191,"href":"https:\/\/elfsight.com\/fr\/wp-json\/wp\/v2\/pages\/13405\/revisions\/15191"}],"up":[{"embeddable":true,"href":"https:\/\/elfsight.com\/fr\/wp-json\/wp\/v2\/pages\/1415"}],"wp:attachment":[{"href":"https:\/\/elfsight.com\/fr\/wp-json\/wp\/v2\/media?parent=13405"}],"curies":[{"name":"wp","href":"https:\/\/api.w.org\/{rel}","templated":true}]}}