{"id":13404,"date":"2024-05-03T06:35:39","date_gmt":"2024-05-03T06:35:39","guid":{"rendered":"https:\/\/elfsight.com\/fr\/?page_id=13404"},"modified":"2025-07-09T17:21:25","modified_gmt":"2025-07-09T17:21:25","slug":"jquery","status":"publish","type":"page","link":"https:\/\/elfsight.com\/fr\/facebook-chat-widget\/jquery\/","title":{"rendered":"Facebook Chat &#8211; jQuery"},"content":{"rendered":"<div class=\"application-platform-content-item-description application-platform-content-item\" id=\"description\" data-nav-section=\"description\"> <h2>Description<\/h2> <p>La Facebook Chat Box cr\u00e9\u00e9e par Elfsight est la variante la plus pratique permettant \u00e0 la client\u00e8le de votre site Web de communiquer avec vous et de recevoir des r\u00e9ponses. \u00e0 leurs questions. Vous pouvez \u00eatre disponible en ligne pour la client\u00e8le dans l&rsquo;un des services de messagerie pr\u00e9f\u00e9r\u00e9s. Ajoutez un chat sur votre boutique \u2013 le widget peut appara\u00eetre uniquement sur des pages sp\u00e9cifi\u00e9es ou uniquement pour certains groupes de personnes, attribuer des d\u00e9clencheurs de d\u00e9marrage de chat, inclure votre message de bienvenue personnel, aligner les ic\u00f4nes et bien plus encore. Avec l&rsquo;aide de Facebook Messenger install\u00e9 sur le site Web, vous serez en contact avec vos utilisateurs \u00e0 tout moment et depuis n&rsquo;importe quel endroit. <\/p> <div class=\"faq\" data-component=\"FAQ\"> <div class=\"faq-item\">\r\n\t\t\t\t\t<div class=\"faq-item-question\">\r\n\t\t\t\t\t\t<h3 class=\"faq-item-question-text\">O\u00f9 sur mon site puis-je ins\u00e9rer ce plugin<\/h3>\r\n\r\n\t\t\t\t\t\t<div class=\"faq-item-question-icon\"><\/div>\r\n\t\t\t\t\t<\/div>\r\n\r\n\t\t\t\t\t<div class=\"faq-item-answer\">\r\n\t\t\t\t\t\t<div class=\"faq-item-answer-text\"> <p>Il peut s&rsquo;afficher sur toutes les pages de votre site Web, ou uniquement sur celles que vous avez d\u00e9finies. Le plugin offre \u00e9galement une option pour restreindre certaines pages affichant le chat. <\/p> <\/div>\r\n\t\t\t\t\t<\/div>\r\n\t\t\t\t<\/div> <div class=\"faq-item\">\r\n\t\t\t\t\t<div class=\"faq-item-question\">\r\n\t\t\t\t\t\t<h3 class=\"faq-item-question-text\">Quels avantages cela va-t-il m'apporter ?<\/h3>\r\n\r\n\t\t\t\t\t\t<div class=\"faq-item-question-icon\"><\/div>\r\n\t\t\t\t\t<\/div>\r\n\r\n\t\t\t\t\t<div class=\"faq-item-answer\">\r\n\t\t\t\t\t\t<div class=\"faq-item-answer-text\"> <p>Cela permettra \u00e0 votre client\u00e8le de vous contacter plus facilement avec ses requ\u00eates ou ses questions. Cela peut aider \u00e0 augmenter le nombre de prospects et d\u2019achats. De plus, une r\u00e9ponse rapide et une approche individuelle am\u00e9lioreront la qualit\u00e9 de votre service client.<\/p> <\/div>\r\n\t\t\t\t\t<\/div>\r\n\t\t\t\t<\/div> <div class=\"faq-item\">\r\n\t\t\t\t\t<div class=\"faq-item-question\">\r\n\t\t\t\t\t\t<h3 class=\"faq-item-question-text\">De quoi ai-je besoin pour int\u00e9grer le plugin de message jQuery sur mon site ?<\/h3>\r\n\r\n\t\t\t\t\t\t<div class=\"faq-item-question-icon\"><\/div>\r\n\t\t\t\t\t<\/div>\r\n\r\n\t\t\t\t\t<div class=\"faq-item-answer\">\r\n\t\t\t\t\t\t<div class=\"faq-item-answer-text\"> <p>Il ne prendra que quelques minutes pour int\u00e9grer le plugin. Ce processus est extr\u00eamement rapide, gratuit et sans codage. <\/p> <p>Vous pouvez ajouter la bo\u00eete de discussion en utilisant jQuery \u00e0 votre site Web directement dans notre service. Suivez simplement les instructions ci-dessous sur cette page. <\/p> <\/div>\r\n\t\t\t\t\t<\/div>\r\n\t\t\t\t<\/div> <\/div> <\/div> <div class=\"application-platform-content-item-features application-platform-content-item\" id=\"features\" data-nav-section=\"features\"> <h2>Fonctionnalit\u00e9s<\/h2> <p>Pour vous faire une id\u00e9e claire du widget, examinez la liste de ses principaux caract\u00e9ristiques. Ils rendent le plugin le plus avantageux pour vous\u00a0:<\/p> <ul><li>Int\u00e9grez Facebook Messenger sur votre page Web pour rester en contact avec les utilisateurs\u00a0; <\/li><li>Fournissez des r\u00e9ponses directement depuis votre compte Facebook\u00a0;<\/li><li>S\u00e9lectionnez l&rsquo;une des 3\u00a0options de position du chat\u00a0: sous forme de bulle flottante, bulle int\u00e9gr\u00e9e et fen\u00eatre de discussion int\u00e9gr\u00e9e\u00a0;<\/li><li> Choisissez votre ic\u00f4ne de bulle parmi notre ensemble d&rsquo;ic\u00f4nes disponibles\u00a0;<\/li><li>Texte de bulle modifiable.<\/li><\/ul><p><a href=\"#demo\">Notre d\u00e9mo affichera une image compl\u00e8te liste des fonctionnalit\u00e9s pour vous<\/a><\/p> <\/div> <div class=\"application-platform-content-item-installation application-platform-content-item\" id=\"installation\" data-nav-section=\"installation\"> <h2>D\u00e9couvrez comment ajouter la bo\u00eete de discussion Facebook \u00e0 votre site Web jQuery. C&rsquo;est rapide et sans codage.<\/h2> <p>Les actions suivantes sont la seule chose dont vous avez besoin pour l&rsquo;int\u00e9gration. <\/p> <ol><li><b>Cr\u00e9ez votre plugin Facebook Messenger unique<\/b><br> \u00c0 l&rsquo;aide de notre configurateur gratuit, g\u00e9n\u00e9rez un widget avec une mise en page personnalis\u00e9e et des caract\u00e9ristiques fonctionnelles.<\/li><li><b>Obtenir le code personnel pour int\u00e9grer le plugin<\/b><br> Apr\u00e8s avoir d\u00e9fini votre widget, vous obtiendrez le code individuel dans la fen\u00eatre contextuelle des applications Elfsight. Copiez ce code pour une utilisation ult\u00e9rieure.<\/li> <li><b>Int\u00e9grez le plugin Chat Box sur votre site jQuery<\/b><br> Trouvez l&rsquo;endroit o\u00f9 vous devez r\u00e9v\u00e9ler le widget et ins\u00e9rez-y le code copi\u00e9. Appliquez les modifications.<\/li> <li><b>Termin\u00e9\u00a0!<\/b><br> Entrez dans votre page Web pour voir votre plugin.<\/li> <\/ol><p>Vous avez encore des doutes sur quelque chose\u00a0? Ou vous avez des questions ? Envoyez simplement une demande \u00e0 notre \u00e9quipe de support client pour vous aider \u00e0 r\u00e9soudre tout type de probl\u00e8me. <\/p> <\/div>","protected":false},"excerpt":{"rendered":"","protected":false},"author":9,"featured_media":0,"parent":1415,"menu_order":0,"comment_status":"closed","ping_status":"closed","template":"templates\/template-application-platform.php","meta":{"publish_to_discourse":"","publish_post_category":"","wpdc_auto_publish_overridden":"","wpdc_topic_tags":"","wpdc_pin_topic":"","wpdc_pin_until":"","discourse_post_id":"","discourse_permalink":"","wpdc_publishing_response":"","wpdc_publishing_error":"","footnotes":""},"class_list":["post-13404","page","type-page","status-publish","hentry"],"yoast_head":"<!-- This site is optimized with the Yoast SEO plugin v25.3.1 - https:\/\/yoast.com\/wordpress\/plugins\/seo\/ -->\n<title>Facebook Chat Box - ajouter le plugin Messenger au site Web jQuery (2025)<\/title>\n<meta name=\"description\" content=\"Il est parfaitement simple de cr\u00e9er votre plugin Facebook Chat et de le publier sur votre site jQuery. Le service client Elfsight est gratuit\" \/>\n<meta name=\"robots\" content=\"index, follow, max-snippet:-1, max-image-preview:large, max-video-preview:-1\" \/>\n<link rel=\"canonical\" href=\"https:\/\/elfsight.com\/fr\/facebook-chat-widget\/jquery\/\" \/>\n<meta property=\"og:locale\" content=\"fr_FR\" \/>\n<meta property=\"og:type\" content=\"article\" \/>\n<meta property=\"og:title\" content=\"Facebook Chat Box - ajouter le plugin Messenger au site Web jQuery (2025)\" \/>\n<meta property=\"og:description\" content=\"Il est parfaitement simple de cr\u00e9er votre plugin Facebook Chat et de le publier sur votre site jQuery. Le service client Elfsight est gratuit\" \/>\n<meta property=\"og:url\" content=\"https:\/\/elfsight.com\/fr\/facebook-chat-widget\/jquery\/\" \/>\n<meta property=\"og:site_name\" content=\"Elfsight FR\" \/>\n<meta property=\"article:modified_time\" content=\"2025-07-09T17:21:25+00:00\" \/>\n<meta name=\"twitter:card\" content=\"summary_large_image\" \/>\n<meta name=\"twitter:label1\" content=\"Dur\u00e9e de lecture estim\u00e9e\" \/>\n\t<meta name=\"twitter:data1\" content=\"3 minutes\" \/>\n<!-- \/ Yoast SEO plugin. -->","yoast_head_json":{"title":"Facebook Chat Box - ajouter le plugin Messenger au site Web jQuery (2025)","description":"Il est parfaitement simple de cr\u00e9er votre plugin Facebook Chat et de le publier sur votre site jQuery. Le service client Elfsight est gratuit","robots":{"index":"index","follow":"follow","max-snippet":"max-snippet:-1","max-image-preview":"max-image-preview:large","max-video-preview":"max-video-preview:-1"},"canonical":"https:\/\/elfsight.com\/fr\/facebook-chat-widget\/jquery\/","og_locale":"fr_FR","og_type":"article","og_title":"Facebook Chat Box - ajouter le plugin Messenger au site Web jQuery (2025)","og_description":"Il est parfaitement simple de cr\u00e9er votre plugin Facebook Chat et de le publier sur votre site jQuery. Le service client Elfsight est gratuit","og_url":"https:\/\/elfsight.com\/fr\/facebook-chat-widget\/jquery\/","og_site_name":"Elfsight FR","article_modified_time":"2025-07-09T17:21:25+00:00","twitter_card":"summary_large_image","twitter_misc":{"Dur\u00e9e de lecture estim\u00e9e":"3 minutes"},"schema":{"@context":"https:\/\/schema.org","@graph":[{"@type":"WebPage","@id":"https:\/\/elfsight.com\/fr\/facebook-chat-widget\/jquery\/","url":"https:\/\/elfsight.com\/fr\/facebook-chat-widget\/jquery\/","name":"Facebook Chat Box - ajouter le plugin Messenger au site Web jQuery (2025)","isPartOf":{"@id":"https:\/\/elfsight.com\/fr\/#website"},"datePublished":"2024-05-03T06:35:39+00:00","dateModified":"2025-07-09T17:21:25+00:00","description":"Il est parfaitement simple de cr\u00e9er votre plugin Facebook Chat et de le publier sur votre site jQuery. Le service client Elfsight est gratuit","breadcrumb":{"@id":"https:\/\/elfsight.com\/fr\/facebook-chat-widget\/jquery\/#breadcrumb"},"inLanguage":"fr-FR","potentialAction":[{"@type":"ReadAction","target":["https:\/\/elfsight.com\/fr\/facebook-chat-widget\/jquery\/"]}]},{"@type":"BreadcrumbList","@id":"https:\/\/elfsight.com\/fr\/facebook-chat-widget\/jquery\/#breadcrumb","itemListElement":[{"@type":"ListItem","position":1,"name":"Home","item":"https:\/\/elfsight.com\/fr\/"},{"@type":"ListItem","position":2,"name":"Facebook Chat","item":"https:\/\/elfsight.com\/fr\/facebook-chat-widget\/"},{"@type":"ListItem","position":3,"name":"Facebook Chat &#8211; jQuery"}]},{"@type":"WebSite","@id":"https:\/\/elfsight.com\/fr\/#website","url":"https:\/\/elfsight.com\/fr\/","name":"Elfsight FR","description":"","potentialAction":[{"@type":"SearchAction","target":{"@type":"EntryPoint","urlTemplate":"https:\/\/elfsight.com\/fr\/?s={search_term_string}"},"query-input":{"@type":"PropertyValueSpecification","valueRequired":true,"valueName":"search_term_string"}}],"inLanguage":"fr-FR"}]}},"meta_box":{"industry":"","seo_heading":"","heading":"","description":"","cta_heading":"","cta_description":"","application":"1406","h1":"Plugin jQuery Facebook Chat","h1_caption":"Ajoutez un plugin de chat Facebook Messenger \u00e0 votre site Web, offrant ainsi aux utilisateurs un moyen simple de vous contacter sans effort sur votre site Web jQuery.","application_category":[],"applications_title":"","applications_request_title":"","applications_request_button_text":"","hero_text":"","hero_video":"","hero_video_schema_markup":"","selling_points_title":"","selling_points_caption":"","selling_points":[],"selling_points_cta_text":"","features_title":"","features":"","ed_cta_examples_text":"","ed_cta_examples_hidden":"","ed_cta_demo_text":"","ed_cta_demo_hidden":"","why_caption":"","why_editor_title":"","why_editor_text":"","why_team_title":"","why_team_text":"","why_service_title":"","why_service_text":"","template_catalog_visible":"","template_catalog_title":"","template_catalog_text":"","template_catalog_categories_visible":"","demo_title":"Cr\u00e9ez votre plugin Facebook Chat","demo_caption":"Configurez votre chat Facebook et ajoutez-le \u00e0 votre site Web jQuery gratuitement\u00a0!","default_faq_hidden":"","app_template_category":[],"platform":"355","template_public_id":"","codecanyon_url":"","codecanyon_item_id":"","codecanyon_price":"","pricing_caption":"","pricing_elfsight_apps_hide_column":"","pricing_elfsight_apps_url":"","pricing_codecanyon_price_caption":"","integration_category":[],"integration_request_title":"","integration_request_cta":"","integration_platform":"","integrations":[],"platform_category":[],"video_schema_markup":"","price":"\u00e0 partir de 0$ \/ mois","trial":"","benefits":[{"text":"Aide \u00e0 l'installation gratuite"},{"text":"Service client professionnel"},{"text":"Garantie de remboursement de 14 jours"},{"text":"Mises \u00e0 jour gratuites en continu"}],"button_url":"#demo","button_target_blank":"","button_nofollow":"","attributes":[{"name":"Installations","content":"10,000 - 100,000"},{"name":"Sensible","content":"Oui"},{"name":"Navigateurs compatibles","content":"Firefox, Safari, Opera, Chrome, Edge"}],"tags":[],"tags_disable_links":"","hide_more_platforms":"","video_object":"","demo_hide_cta":"","demo_hide_cloud_options":"","pricing_title":"","pricing":[{"pricing_icon":"platform","pricing_title":"Elfsight Apps","pricing_title_caption":"Logiciel multiplateforme","pricing_price":"from $0 \/ month","pricing_price_caption":"commencez avec un forfait gratuit","pricing_benefits":[{"text":"Domaines illimit\u00e9s"},{"text":"Support rapide de l\u2019entreprise et bien document\u00e9"},{"text":"Assistance \u00e0 l'installation gratuite"},{"text":"100% personnalisable"}],"pricing_button_text":"Ajouter au site Web","pricing_button_url":"#demo"}],"related_apps_title":"","related_apps_hidden":"","author":"","image":[],"title":"","job":"","social_networks":[]},"_links":{"self":[{"href":"https:\/\/elfsight.com\/fr\/wp-json\/wp\/v2\/pages\/13404","targetHints":{"allow":["GET"]}}],"collection":[{"href":"https:\/\/elfsight.com\/fr\/wp-json\/wp\/v2\/pages"}],"about":[{"href":"https:\/\/elfsight.com\/fr\/wp-json\/wp\/v2\/types\/page"}],"author":[{"embeddable":true,"href":"https:\/\/elfsight.com\/fr\/wp-json\/wp\/v2\/users\/9"}],"replies":[{"embeddable":true,"href":"https:\/\/elfsight.com\/fr\/wp-json\/wp\/v2\/comments?post=13404"}],"version-history":[{"count":1,"href":"https:\/\/elfsight.com\/fr\/wp-json\/wp\/v2\/pages\/13404\/revisions"}],"predecessor-version":[{"id":13408,"href":"https:\/\/elfsight.com\/fr\/wp-json\/wp\/v2\/pages\/13404\/revisions\/13408"}],"up":[{"embeddable":true,"href":"https:\/\/elfsight.com\/fr\/wp-json\/wp\/v2\/pages\/1415"}],"wp:attachment":[{"href":"https:\/\/elfsight.com\/fr\/wp-json\/wp\/v2\/media?parent=13404"}],"curies":[{"name":"wp","href":"https:\/\/api.w.org\/{rel}","templated":true}]}}