{"id":13403,"date":"2024-05-03T06:35:38","date_gmt":"2024-05-03T06:35:38","guid":{"rendered":"https:\/\/elfsight.com\/fr\/?page_id=13403"},"modified":"2025-07-09T17:21:03","modified_gmt":"2025-07-09T17:21:03","slug":"html","status":"publish","type":"page","link":"https:\/\/elfsight.com\/fr\/facebook-chat-widget\/html\/","title":{"rendered":"Facebook Chat &#8211; HTML"},"content":{"rendered":"<div class=\"application-platform-content-item-description application-platform-content-item\" id=\"description\" data-nav-section=\"description\"> <h2>Description<\/h2> <p>Facebook Chat cr\u00e9\u00e9 par Elfsight est une variante simple permettant aux clients de votre site Web de vous envoyer un message et d&rsquo;avoir r\u00e9ponses \u00e0 leurs questions et demandes. Vous \u00eates libre de rester disponible en ligne pour votre public dans l&rsquo;une des messageries les plus populaires toute la journ\u00e9e. Int\u00e9grez le code de discussion sur la page Web et il appara\u00eetra sur les pages s\u00e9lectionn\u00e9es ou pour des types d&rsquo;audience sp\u00e9cifi\u00e9s, introduirez des d\u00e9clencheurs de d\u00e9marrage de discussion, r\u00e9digerez votre message de bienvenue personnalis\u00e9, s\u00e9lectionnerez des ic\u00f4nes et bien plus encore. En utilisant Facebook Messenger int\u00e9gr\u00e9 au site Web, vous resterez facilement joignable pour vos visiteurs \u00e0 toute heure et quel que soit l&rsquo;endroit o\u00f9 vous vous trouvez.<\/p> <div class=\"faq\" data-component=\"FAQ\"> <div class=\"faq-item\">\r\n\t\t\t\t\t<div class=\"faq-item-question\">\r\n\t\t\t\t\t\t<h3 class=\"faq-item-question-text\">O\u00f9 puis-je l'installer<\/h3>\r\n\r\n\t\t\t\t\t\t<div class=\"faq-item-question-icon\"><\/div>\r\n\t\t\t\t\t<\/div>\r\n\r\n\t\t\t\t\t<div class=\"faq-item-answer\">\r\n\t\t\t\t\t\t<div class=\"faq-item-answer-text\"> <p>Le widget peut appara\u00eetre sur chaque page de votre site Web, ou uniquement sur les pages o\u00f9 vous en avez besoin. Il est \u00e9galement possible de le restreindre sur des pages choisies si vous le souhaitez sans le chat.<\/p> <\/div>\r\n\t\t\t\t\t<\/div>\r\n\t\t\t\t<\/div> <div class=\"faq-item\">\r\n\t\t\t\t\t<div class=\"faq-item-question\">\r\n\t\t\t\t\t\t<h3 class=\"faq-item-question-text\">Quels sont les avantages d'avoir ce plugin pour moi ?<\/h3>\r\n\r\n\t\t\t\t\t\t<div class=\"faq-item-question-icon\"><\/div>\r\n\t\t\t\t\t<\/div>\r\n\r\n\t\t\t\t\t<div class=\"faq-item-answer\">\r\n\t\t\t\t\t\t<div class=\"faq-item-answer-text\"> <p>Facebook Live Chat fera il est plus facile pour vos visiteurs de vous envoyer leurs questions, demandes ou probl\u00e8mes. Cela peut aider \u00e0 renforcer le nombre de prospects et de ventes. Un autre avantage est qu\u2019une r\u00e9ponse rapide et une approche personnelle envers les personnes feront progresser le niveau de votre support client. <\/p> <\/div>\r\n\t\t\t\t\t<\/div>\r\n\t\t\t\t<\/div> <div class=\"faq-item\">\r\n\t\t\t\t\t<div class=\"faq-item-question\">\r\n\t\t\t\t\t\t<h3 class=\"faq-item-question-text\">De quoi ai-je besoin pour ajouter Facebook Chat \u00e0 mon site Web HTML ? <\/h3>\r\n\r\n\t\t\t\t\t\t<div class=\"faq-item-question-icon\"><\/div>\r\n\t\t\t\t\t<\/div>\r\n\r\n\t\t\t\t\t<div class=\"faq-item-answer\">\r\n\t\t\t\t\t\t<div class=\"faq-item-answer-text\"> <p>Vous n&rsquo;avez besoin que d&rsquo;une minute pour que le widget soit op\u00e9rationnel. Le processus est extr\u00eamement rapide, gratuit et n\u2019inclut pas de codage. <\/p> <p>Vous pouvez configurer le widget sur votre page Web via notre service. Pour cela, appliquez la br\u00e8ve description ci-dessous sur cette page. <\/p> <\/div>\r\n\t\t\t\t\t<\/div>\r\n\t\t\t\t<\/div> <\/div> <\/div> <div class=\"application-platform-content-item-features application-platform-content-item\" id=\"features\" data-nav-section=\"features\"> <h2>Fonctionnalit\u00e9s<\/h2> <p>Pour avoir une id\u00e9e claire de Facebook Chat Box, consultez la liste des options les plus pr\u00e9cieuses. Ils rendent le widget le plus efficace possible pour vous\u00a0:<\/p> <ol><li>Int\u00e9grez Facebook Messenger sur votre boutique pour rester en contact avec la client\u00e8le\u00a0; <\/li><li>Conservez la messagerie directement depuis votre compte Facebook\u00a0; <\/li><li>3 options d&#8217;emplacement de discussion\u00a0: sous forme de bulle flottante, bulle int\u00e9gr\u00e9e et fen\u00eatre de discussion int\u00e9gr\u00e9e\u00a0; <\/li><li> Recherchez votre variante d&rsquo;ic\u00f4ne de bulle parmi l&rsquo;ensemble des ic\u00f4nes disponibles\u00a0; <\/li><li>Entrez votre texte unique de la bulle de discussion. <\/li><\/ol><p><a href=\"#demo\">Pour d\u00e9couvrir plus de fonctionnalit\u00e9s, voir la d\u00e9mo en direct<\/a><\/p> <\/div> <div class=\"application-platform-content-item-installation application-platform-content-item\" id=\"installation\" data-nav-section=\"installation\"> <h2>D\u00e9couvrez comment ajouter le code Facebook Messenger \u00e0 votre site HTML. C&rsquo;est rapide<\/h2><div class=\"video-container\"><iframe width=\"720\" height=\"405\" src=\"https:\/\/www.youtube.com\/embed\/YguUGtdzKKk\" frameborder=\"0\" allowfullscreen=\"\"><\/iframe><\/div><p>Quelques \u00e9tapes simples suffisent pour que Chat soit op\u00e9rationnel.<\/p><ul><li><b>Concevez votre propre plugin de chat<\/b><br> \u00c0 l&rsquo;aide de notre configurateur gratuit, obtenez un plugin avec un design et des fonctionnalit\u00e9s pr\u00e9f\u00e9rables.<\/li><li><b>Obtenez le code individuel pour publier le plugin<\/b><br> Apr\u00e8s avoir configur\u00e9 votre widget, vous obtiendrez le code unique dans la fen\u00eatre qui appara\u00eet sur Elfsight Apps. Copiez le code pour une utilisation ult\u00e9rieure.<\/li><li><b>Le plugin sur votre site HTML<\/b><br> Choisissez la zone dans laquelle vous souhaitez int\u00e9grer le plugin et ajoutez-y le code copi\u00e9. Appliquez les modifications.<\/li> <li><b>La configuration est termin\u00e9e<\/b><br> Visitez la page Web pour v\u00e9rifier votre chat.<\/li> <\/ul><p>Vous avez encore des doutes\u00a0? Ou rencontrez des probl\u00e8mes ? Une simple demande \u00e0 notre \u00e9quipe de support client r\u00e9glera tout type de probl\u00e8me.<\/p> <\/div>","protected":false},"excerpt":{"rendered":"","protected":false},"author":9,"featured_media":0,"parent":1415,"menu_order":0,"comment_status":"closed","ping_status":"closed","template":"templates\/template-application-platform.php","meta":{"publish_to_discourse":"","publish_post_category":"","wpdc_auto_publish_overridden":"","wpdc_topic_tags":"","wpdc_pin_topic":"","wpdc_pin_until":"","discourse_post_id":"","discourse_permalink":"","wpdc_publishing_response":"","wpdc_publishing_error":"","footnotes":""},"class_list":["post-13403","page","type-page","status-publish","hentry"],"yoast_head":"<!-- This site is optimized with the Yoast SEO plugin v25.3.1 - https:\/\/yoast.com\/wordpress\/plugins\/seo\/ -->\n<title>Facebook Chat - ajoutez du code Messenger au site Web HTML (facile et rapide)<\/title>\n<meta name=\"description\" content=\"Avec Elfsight, cr\u00e9ez votre widget Facebook Chat et publiez-le rapidement sur le site HTML. Nous offrons un service client gratuit et plus de bonus.\" \/>\n<meta name=\"robots\" content=\"index, follow, max-snippet:-1, max-image-preview:large, max-video-preview:-1\" \/>\n<link rel=\"canonical\" href=\"https:\/\/elfsight.com\/fr\/facebook-chat-widget\/html\/\" \/>\n<meta property=\"og:locale\" content=\"fr_FR\" \/>\n<meta property=\"og:type\" content=\"article\" \/>\n<meta property=\"og:title\" content=\"Facebook Chat - ajoutez du code Messenger au site Web HTML (facile et rapide)\" \/>\n<meta property=\"og:description\" content=\"Avec Elfsight, cr\u00e9ez votre widget Facebook Chat et publiez-le rapidement sur le site HTML. Nous offrons un service client gratuit et plus de bonus.\" \/>\n<meta property=\"og:url\" content=\"https:\/\/elfsight.com\/fr\/facebook-chat-widget\/html\/\" \/>\n<meta property=\"og:site_name\" content=\"Elfsight FR\" \/>\n<meta property=\"article:modified_time\" content=\"2025-07-09T17:21:03+00:00\" \/>\n<meta name=\"twitter:card\" content=\"summary_large_image\" \/>\n<meta name=\"twitter:label1\" content=\"Dur\u00e9e de lecture estim\u00e9e\" \/>\n\t<meta name=\"twitter:data1\" content=\"3 minutes\" \/>\n<!-- \/ Yoast SEO plugin. -->","yoast_head_json":{"title":"Facebook Chat - ajoutez du code Messenger au site Web HTML (facile et rapide)","description":"Avec Elfsight, cr\u00e9ez votre widget Facebook Chat et publiez-le rapidement sur le site HTML. Nous offrons un service client gratuit et plus de bonus.","robots":{"index":"index","follow":"follow","max-snippet":"max-snippet:-1","max-image-preview":"max-image-preview:large","max-video-preview":"max-video-preview:-1"},"canonical":"https:\/\/elfsight.com\/fr\/facebook-chat-widget\/html\/","og_locale":"fr_FR","og_type":"article","og_title":"Facebook Chat - ajoutez du code Messenger au site Web HTML (facile et rapide)","og_description":"Avec Elfsight, cr\u00e9ez votre widget Facebook Chat et publiez-le rapidement sur le site HTML. Nous offrons un service client gratuit et plus de bonus.","og_url":"https:\/\/elfsight.com\/fr\/facebook-chat-widget\/html\/","og_site_name":"Elfsight FR","article_modified_time":"2025-07-09T17:21:03+00:00","twitter_card":"summary_large_image","twitter_misc":{"Dur\u00e9e de lecture estim\u00e9e":"3 minutes"},"schema":{"@context":"https:\/\/schema.org","@graph":[{"@type":"WebPage","@id":"https:\/\/elfsight.com\/fr\/facebook-chat-widget\/html\/","url":"https:\/\/elfsight.com\/fr\/facebook-chat-widget\/html\/","name":"Facebook Chat - ajoutez du code Messenger au site Web HTML (facile et rapide)","isPartOf":{"@id":"https:\/\/elfsight.com\/fr\/#website"},"datePublished":"2024-05-03T06:35:38+00:00","dateModified":"2025-07-09T17:21:03+00:00","description":"Avec Elfsight, cr\u00e9ez votre widget Facebook Chat et publiez-le rapidement sur le site HTML. Nous offrons un service client gratuit et plus de bonus.","breadcrumb":{"@id":"https:\/\/elfsight.com\/fr\/facebook-chat-widget\/html\/#breadcrumb"},"inLanguage":"fr-FR","potentialAction":[{"@type":"ReadAction","target":["https:\/\/elfsight.com\/fr\/facebook-chat-widget\/html\/"]}]},{"@type":"BreadcrumbList","@id":"https:\/\/elfsight.com\/fr\/facebook-chat-widget\/html\/#breadcrumb","itemListElement":[{"@type":"ListItem","position":1,"name":"Home","item":"https:\/\/elfsight.com\/fr\/"},{"@type":"ListItem","position":2,"name":"Facebook Chat","item":"https:\/\/elfsight.com\/fr\/facebook-chat-widget\/"},{"@type":"ListItem","position":3,"name":"Facebook Chat &#8211; HTML"}]},{"@type":"WebSite","@id":"https:\/\/elfsight.com\/fr\/#website","url":"https:\/\/elfsight.com\/fr\/","name":"Elfsight FR","description":"","potentialAction":[{"@type":"SearchAction","target":{"@type":"EntryPoint","urlTemplate":"https:\/\/elfsight.com\/fr\/?s={search_term_string}"},"query-input":{"@type":"PropertyValueSpecification","valueRequired":true,"valueName":"search_term_string"}}],"inLanguage":"fr-FR"}]}},"meta_box":{"industry":"","seo_heading":"","heading":"","description":"","cta_heading":"","cta_description":"","application":"1406","h1":"Code HTML Facebook Messenger","h1_caption":"Ajoutez un widget de chat Facebook Messenger \u00e0 votre site Web, offrant ainsi aux utilisateurs un moyen simple de vous contacter sans effort sur votre site Web HTML.","application_category":[],"applications_title":"","applications_request_title":"","applications_request_button_text":"","hero_text":"","hero_video":"","hero_video_schema_markup":"","selling_points_title":"","selling_points_caption":"","selling_points":[],"selling_points_cta_text":"","features_title":"","features":"","ed_cta_examples_text":"","ed_cta_examples_hidden":"","ed_cta_demo_text":"","ed_cta_demo_hidden":"","why_caption":"","why_editor_title":"","why_editor_text":"","why_team_title":"","why_team_text":"","why_service_title":"","why_service_text":"","template_catalog_visible":"","template_catalog_title":"","template_catalog_text":"","template_catalog_categories_visible":"","demo_title":"Cr\u00e9ez votre widget de chat Facebook","demo_caption":"Configurez votre chat Facebook et ajoutez-le \u00e0 votre site HTML gratuitement !","default_faq_hidden":"","app_template_category":[],"platform":"352","template_public_id":"","codecanyon_url":"","codecanyon_item_id":"","codecanyon_price":"","pricing_caption":"","pricing_elfsight_apps_hide_column":"","pricing_elfsight_apps_url":"","pricing_codecanyon_price_caption":"","integration_category":[],"integration_request_title":"","integration_request_cta":"","integration_platform":"","integrations":[],"platform_category":[],"video_schema_markup":"","price":"\u00e0 partir de 0$ \/ mois","trial":"","benefits":[{"text":"Service d'installation gratuit"},{"text":"Un support client efficace"},{"text":"Garantie de remboursement de 14 jours"},{"text":"Mise \u00e0 jour constante"}],"button_url":"#demo","button_target_blank":"","button_nofollow":"","attributes":[{"name":"Installations","content":"10,000 - 100,000"},{"name":"Sensible","content":"Oui"},{"name":"Navigateurs compatibles","content":"Firefox, Safari, Opera, Chrome, Edge"}],"tags":[],"tags_disable_links":"","hide_more_platforms":"","video_object":"","demo_hide_cta":"","demo_hide_cloud_options":"","pricing_title":"","pricing":[{"pricing_icon":"platform","pricing_title":"Elfsight Apps","pricing_title_caption":"Logiciel multiplateforme","pricing_price":"from $0 \/ month","pricing_price_caption":"commencez avec un forfait gratuit","pricing_benefits":[{"text":"Sites Web illimit\u00e9s"},{"text":"Accompagnement professionnel et bien document\u00e9"},{"text":"Aide \u00e0 l'installation gratuite"},{"text":"Tr\u00e8s bonne affaire pour plusieurs applications"}],"pricing_button_text":"Ajouter au site Web","pricing_button_url":"#demo"}],"related_apps_title":"","related_apps_hidden":"","author":"","image":[],"title":"","job":"","social_networks":[]},"_links":{"self":[{"href":"https:\/\/elfsight.com\/fr\/wp-json\/wp\/v2\/pages\/13403","targetHints":{"allow":["GET"]}}],"collection":[{"href":"https:\/\/elfsight.com\/fr\/wp-json\/wp\/v2\/pages"}],"about":[{"href":"https:\/\/elfsight.com\/fr\/wp-json\/wp\/v2\/types\/page"}],"author":[{"embeddable":true,"href":"https:\/\/elfsight.com\/fr\/wp-json\/wp\/v2\/users\/9"}],"replies":[{"embeddable":true,"href":"https:\/\/elfsight.com\/fr\/wp-json\/wp\/v2\/comments?post=13403"}],"version-history":[{"count":2,"href":"https:\/\/elfsight.com\/fr\/wp-json\/wp\/v2\/pages\/13403\/revisions"}],"predecessor-version":[{"id":15190,"href":"https:\/\/elfsight.com\/fr\/wp-json\/wp\/v2\/pages\/13403\/revisions\/15190"}],"up":[{"embeddable":true,"href":"https:\/\/elfsight.com\/fr\/wp-json\/wp\/v2\/pages\/1415"}],"wp:attachment":[{"href":"https:\/\/elfsight.com\/fr\/wp-json\/wp\/v2\/media?parent=13403"}],"curies":[{"name":"wp","href":"https:\/\/api.w.org\/{rel}","templated":true}]}}