{"id":13397,"date":"2024-05-03T06:35:36","date_gmt":"2024-05-03T06:35:36","guid":{"rendered":"https:\/\/elfsight.com\/fr\/?page_id=13397"},"modified":"2025-07-09T17:21:20","modified_gmt":"2025-07-09T17:21:20","slug":"joomla","status":"publish","type":"page","link":"https:\/\/elfsight.com\/fr\/facebook-chat-widget\/joomla\/","title":{"rendered":"Facebook Chat &#8211; Joomla"},"content":{"rendered":"<div class=\"application-platform-content-item-description application-platform-content-item\" id=\"description\" data-nav-section=\"description\"> <h2>Description<\/h2> <p>Le chat Facebook d\u00e9velopp\u00e9 par Elfsight est le moyen le plus rapide pour permettre \u00e0 l&rsquo;audience de votre site Web de vous envoyer ses messages et de recevoir ses questions r\u00e9pondues. Vous pouvez rester disponible en ligne pour les clients dans la messagerie la plus appr\u00e9ci\u00e9e \u00e0 tout moment. Int\u00e9grez Live Chat Box dans votre boutique et configurez-la pour qu&rsquo;elle apparaisse sur certaines pages ou pour des cat\u00e9gories d&rsquo;audience s\u00e9lectionn\u00e9es, choisissez les d\u00e9clencheurs de d\u00e9marrage du chat, saisissez votre message de bienvenue unique, d\u00e9finissez des ic\u00f4nes et appliquez d&rsquo;autres personnalisations. Avec Facebook Messenger install\u00e9 sur la page web, vous serez en contact avec vos clients \u00e0 tout moment et quel que soit votre lieu. <\/p> <div class=\"faq\" data-component=\"FAQ\"> <div class=\"faq-item\">\r\n\t\t\t\t\t<div class=\"faq-item-question\">\r\n\t\t\t\t\t\t<h3 class=\"faq-item-question-text\">O\u00f9 puis-je publier le chat Facebook Messenger<\/h3>\r\n\r\n\t\t\t\t\t\t<div class=\"faq-item-question-icon\"><\/div>\r\n\t\t\t\t\t<\/div>\r\n\r\n\t\t\t\t\t<div class=\"faq-item-answer\">\r\n\t\t\t\t\t\t<div class=\"faq-item-answer-text\"> <p>Le widget peut appara\u00eetre sur chaque page de votre site Web, ou uniquement sur des pages s\u00e9lectionn\u00e9es. Il est \u00e9galement possible de le restreindre \u00e0 des pages particuli\u00e8res sur lesquelles vous n\u2019avez pas besoin du chat. <\/p> <\/div>\r\n\t\t\t\t\t<\/div>\r\n\t\t\t\t<\/div> <div class=\"faq-item\">\r\n\t\t\t\t\t<div class=\"faq-item-question\">\r\n\t\t\t\t\t\t<h3 class=\"faq-item-question-text\">Quels avantages cela va-t-il m'apporter ? <\/h3>\r\n\r\n\t\t\t\t\t\t<div class=\"faq-item-question-icon\"><\/div>\r\n\t\t\t\t\t<\/div>\r\n\r\n\t\t\t\t\t<div class=\"faq-item-answer\">\r\n\t\t\t\t\t\t<div class=\"faq-item-answer-text\"> <p>Cela aidera davantage de publics \u00e0 vous contacter avec leurs requ\u00eates, demandes ou probl\u00e8mes. Cela peut aider \u00e0 augmenter le nombre de prospects et de ventes. De plus, des r\u00e9ponses rapides et une approche personnelle envers les gens am\u00e9lioreront la qualit\u00e9 de vos relations clients. <\/p> <\/div>\r\n\t\t\t\t\t<\/div>\r\n\t\t\t\t<\/div> <div class=\"faq-item\">\r\n\t\t\t\t\t<div class=\"faq-item-question\">\r\n\t\t\t\t\t\t<h3 class=\"faq-item-question-text\">Comment installer Facebook Chat sur mon site Joomla ? <\/h3>\r\n\r\n\t\t\t\t\t\t<div class=\"faq-item-question-icon\"><\/div>\r\n\t\t\t\t\t<\/div>\r\n\r\n\t\t\t\t\t<div class=\"faq-item-answer\">\r\n\t\t\t\t\t\t<div class=\"faq-item-answer-text\"> <p>Vous n&rsquo;aurez besoin que d&rsquo;une minute de votre temps pour que le widget soit op\u00e9rationnel. L&rsquo;installation est extr\u00eamement rapide, gratuite et sans codage. <\/p> <p>Le widget peut \u00eatre int\u00e9gr\u00e9 directement sur notre service ou sur la marketplace. Vous pouvez comparer tous les d\u00e9tails des deux options et en choisir une plus appropri\u00e9e. <\/p> <\/div>\r\n\t\t\t\t\t<\/div>\r\n\t\t\t\t<\/div> <\/div> <\/div> <div class=\"application-platform-content-item-features application-platform-content-item\" id=\"features\" data-nav-section=\"features\"> <h2>Fonctionnalit\u00e9s<\/h2> <p>Afin de comprendre les fonctionnalit\u00e9s de Facebook Chat, d\u00e9couvrez-en la liste caract\u00e9ristiques principales. Ils rendent ce widget incroyablement efficace pour votre promotion\u00a0: <\/p> <ul><li>Ajoutez Facebook Live Messenger sur votre site Web pour \u00e9tablir la communication avec les clients\u00a0; <\/li><li>Fournissez une r\u00e9ponse directement depuis votre compte Facebook\u00a0; <\/li><li>Choisissez entre 3 options d&#8217;emplacement de discussion\u00a0: bulle flottante, bulle int\u00e9gr\u00e9e et fen\u00eatre de discussion int\u00e9gr\u00e9e\u00a0; <\/li><li>Explorez une collection d&rsquo;ic\u00f4nes de bulles parmi lesquelles prendre | S\u00e9lectionnez votre variante d&rsquo;ic\u00f4ne de bulle dans la biblioth\u00e8que d&rsquo;ic\u00f4nes disponibles\u00a0; <\/li><li>Modifiez le texte de la bulle de discussion. <\/li><\/ul><p><a href=\"#demo\">Notre d\u00e9mo vous ouvrira toutes les fonctionnalit\u00e9s<\/a><\/p> <\/div> <div class=\"application-platform-content-item-installation application-platform-content-item\" id=\"installation\" data-nav-section=\"installation\"> <h2>Voici comment int\u00e9grer le chat Facebook sur votre site Joomla.<\/h2> <p>Suivez simplement les instructions ci-dessous pour commencer \u00e0 travailler avec le chat Facebook sur Joomla.<\/p> <ol><li><b>Utilisez notre service gratuit \u00e9diteur et commencez \u00e0 fa\u00e7onner votre extension personnalis\u00e9e. <\/b><br> D\u00e9terminez la conception et les sp\u00e9cifications pr\u00e9f\u00e9rables du widget et enregistrez les modifications. <\/li> <li><b>Recevez votre code unique r\u00e9v\u00e9l\u00e9 dans la bo\u00eete sur Elfsight Apps. <\/b><br> Une fois la personnalisation de votre plugin termin\u00e9e, copiez le code individuel dans la case qui appara\u00eet et conservez-le pour une utilisation ult\u00e9rieure. <\/li> <li><b>Commencez \u00e0 utiliser l&rsquo;extension sur le site Joomla. <\/b><br> Collez le code enregistr\u00e9 pr\u00e9c\u00e9demment dans votre site Web et enregistrez les modifications. <\/li> <li><b>Fait\u00a0! La configuration est termin\u00e9e avec succ\u00e8s. <\/b><br> Visitez votre site pour voir comment fonctionne l&rsquo;outil. <\/li><\/ol><p>Vous n&rsquo;arrivez toujours pas \u00e0 vous d\u00e9cider\u00a0? Ou vous \u00eates tomb\u00e9 sur quelque chose ? Adressez simplement votre demande \u00e0 notre \u00e9quipe de support client et ils vous aideront pour tout probl\u00e8me. <\/p> <\/div>","protected":false},"excerpt":{"rendered":"","protected":false},"author":9,"featured_media":0,"parent":1415,"menu_order":0,"comment_status":"closed","ping_status":"closed","template":"templates\/template-application-platform.php","meta":{"publish_to_discourse":"","publish_post_category":"","wpdc_auto_publish_overridden":"","wpdc_topic_tags":"","wpdc_pin_topic":"","wpdc_pin_until":"","discourse_post_id":"","discourse_permalink":"","wpdc_publishing_response":"","wpdc_publishing_error":"","footnotes":""},"class_list":["post-13397","page","type-page","status-publish","hentry"],"yoast_head":"<!-- This site is optimized with the Yoast SEO plugin v25.3.1 - https:\/\/yoast.com\/wordpress\/plugins\/seo\/ -->\n<title>Facebook Chat - ajoutez l&#039;extension Messenger au site Web Joomla (en 2 min)<\/title>\n<meta name=\"description\" content=\"Il est facile de cr\u00e9er votre extension Facebook Chat et de la placer sur votre site Web Joomla. Le support client Elfsight est gratuit.\" \/>\n<meta name=\"robots\" content=\"index, follow, max-snippet:-1, max-image-preview:large, max-video-preview:-1\" \/>\n<link rel=\"canonical\" href=\"https:\/\/elfsight.com\/fr\/facebook-chat-widget\/joomla\/\" \/>\n<meta property=\"og:locale\" content=\"fr_FR\" \/>\n<meta property=\"og:type\" content=\"article\" \/>\n<meta property=\"og:title\" content=\"Facebook Chat - ajoutez l&#039;extension Messenger au site Web Joomla (en 2 min)\" \/>\n<meta property=\"og:description\" content=\"Il est facile de cr\u00e9er votre extension Facebook Chat et de la placer sur votre site Web Joomla. Le support client Elfsight est gratuit.\" \/>\n<meta property=\"og:url\" content=\"https:\/\/elfsight.com\/fr\/facebook-chat-widget\/joomla\/\" \/>\n<meta property=\"og:site_name\" content=\"Elfsight FR\" \/>\n<meta property=\"article:modified_time\" content=\"2025-07-09T17:21:20+00:00\" \/>\n<meta name=\"twitter:card\" content=\"summary_large_image\" \/>\n<meta name=\"twitter:label1\" content=\"Dur\u00e9e de lecture estim\u00e9e\" \/>\n\t<meta name=\"twitter:data1\" content=\"3 minutes\" \/>\n<!-- \/ Yoast SEO plugin. -->","yoast_head_json":{"title":"Facebook Chat - ajoutez l'extension Messenger au site Web Joomla (en 2 min)","description":"Il est facile de cr\u00e9er votre extension Facebook Chat et de la placer sur votre site Web Joomla. Le support client Elfsight est gratuit.","robots":{"index":"index","follow":"follow","max-snippet":"max-snippet:-1","max-image-preview":"max-image-preview:large","max-video-preview":"max-video-preview:-1"},"canonical":"https:\/\/elfsight.com\/fr\/facebook-chat-widget\/joomla\/","og_locale":"fr_FR","og_type":"article","og_title":"Facebook Chat - ajoutez l'extension Messenger au site Web Joomla (en 2 min)","og_description":"Il est facile de cr\u00e9er votre extension Facebook Chat et de la placer sur votre site Web Joomla. Le support client Elfsight est gratuit.","og_url":"https:\/\/elfsight.com\/fr\/facebook-chat-widget\/joomla\/","og_site_name":"Elfsight FR","article_modified_time":"2025-07-09T17:21:20+00:00","twitter_card":"summary_large_image","twitter_misc":{"Dur\u00e9e de lecture estim\u00e9e":"3 minutes"},"schema":{"@context":"https:\/\/schema.org","@graph":[{"@type":"WebPage","@id":"https:\/\/elfsight.com\/fr\/facebook-chat-widget\/joomla\/","url":"https:\/\/elfsight.com\/fr\/facebook-chat-widget\/joomla\/","name":"Facebook Chat - ajoutez l'extension Messenger au site Web Joomla (en 2 min)","isPartOf":{"@id":"https:\/\/elfsight.com\/fr\/#website"},"datePublished":"2024-05-03T06:35:36+00:00","dateModified":"2025-07-09T17:21:20+00:00","description":"Il est facile de cr\u00e9er votre extension Facebook Chat et de la placer sur votre site Web Joomla. Le support client Elfsight est gratuit.","breadcrumb":{"@id":"https:\/\/elfsight.com\/fr\/facebook-chat-widget\/joomla\/#breadcrumb"},"inLanguage":"fr-FR","potentialAction":[{"@type":"ReadAction","target":["https:\/\/elfsight.com\/fr\/facebook-chat-widget\/joomla\/"]}]},{"@type":"BreadcrumbList","@id":"https:\/\/elfsight.com\/fr\/facebook-chat-widget\/joomla\/#breadcrumb","itemListElement":[{"@type":"ListItem","position":1,"name":"Home","item":"https:\/\/elfsight.com\/fr\/"},{"@type":"ListItem","position":2,"name":"Facebook Chat","item":"https:\/\/elfsight.com\/fr\/facebook-chat-widget\/"},{"@type":"ListItem","position":3,"name":"Facebook Chat &#8211; Joomla"}]},{"@type":"WebSite","@id":"https:\/\/elfsight.com\/fr\/#website","url":"https:\/\/elfsight.com\/fr\/","name":"Elfsight FR","description":"","potentialAction":[{"@type":"SearchAction","target":{"@type":"EntryPoint","urlTemplate":"https:\/\/elfsight.com\/fr\/?s={search_term_string}"},"query-input":{"@type":"PropertyValueSpecification","valueRequired":true,"valueName":"search_term_string"}}],"inLanguage":"fr-FR"}]}},"meta_box":{"industry":"","seo_heading":"","heading":"","description":"","cta_heading":"","cta_description":"","application":"1406","h1":"Extension de chat Facebook Joomla","h1_caption":"Ajoutez une extension de chat Facebook Messenger \u00e0 votre site Web, offrant ainsi aux utilisateurs un moyen simple de vous contacter sans effort sur votre site Web Joomla.","application_category":[],"applications_title":"","applications_request_title":"","applications_request_button_text":"","hero_text":"","hero_video":"","hero_video_schema_markup":"","selling_points_title":"","selling_points_caption":"","selling_points":[],"selling_points_cta_text":"","features_title":"","features":"","ed_cta_examples_text":"","ed_cta_examples_hidden":"","ed_cta_demo_text":"","ed_cta_demo_hidden":"","why_caption":"","why_editor_title":"","why_editor_text":"","why_team_title":"","why_team_text":"","why_service_title":"","why_service_text":"","template_catalog_visible":"","template_catalog_title":"","template_catalog_text":"","template_catalog_categories_visible":"","demo_title":"Cr\u00e9ez votre plugin Facebook Chat","demo_caption":"Configurez votre chat Facebook et ajoutez-le \u00e0 votre site Joomla gratuitement !","default_faq_hidden":"","app_template_category":[],"platform":"354","template_public_id":"","codecanyon_url":"","codecanyon_item_id":"","codecanyon_price":"","pricing_caption":"","pricing_elfsight_apps_hide_column":"","pricing_elfsight_apps_url":"","pricing_codecanyon_price_caption":"","integration_category":[],"integration_request_title":"","integration_request_cta":"","integration_platform":"","integrations":[],"platform_category":[],"video_schema_markup":"","price":"\u00e0 partir de 0$ \/ mois","trial":"","benefits":[{"text":"Service d'installation gratuit"},{"text":"Service client comp\u00e9tent"},{"text":"Garantie de remboursement de 14 jours"},{"text":"Am\u00e9liorations \u00e0 vie"}],"button_url":"#demo","button_target_blank":"","button_nofollow":"","attributes":[{"name":"Installations","content":"10,000 - 100,000"},{"name":"Sensible","content":"Oui"},{"name":"Navigateurs compatibles","content":"IE11, Firefox, Safari, Opera, Chrome, Edge"}],"tags":[],"tags_disable_links":"","hide_more_platforms":"","video_object":"","demo_hide_cta":"","demo_hide_cloud_options":"","pricing_title":"","pricing":[{"pricing_icon":"platform","pricing_title":"Elfsight Apps","pricing_title_caption":"Solution multiplateforme qui fonctionne sur n'importe quel site Web","pricing_price":"from $0 \/ month","pricing_price_caption":"commencez avec un forfait gratuit","pricing_benefits":[{"text":"Sites Web illimit\u00e9s"},{"text":"Support premium et ponctuel et bien document\u00e9"},{"text":"Service d'installation gratuit"},{"text":"Prix \u200b\u200b\u00e0 attraper pour plusieurs applications"}],"pricing_button_text":"Ajouter au site Web","pricing_button_url":"#demo"}],"related_apps_title":"","related_apps_hidden":"","author":"","image":[],"title":"","job":"","social_networks":[]},"_links":{"self":[{"href":"https:\/\/elfsight.com\/fr\/wp-json\/wp\/v2\/pages\/13397","targetHints":{"allow":["GET"]}}],"collection":[{"href":"https:\/\/elfsight.com\/fr\/wp-json\/wp\/v2\/pages"}],"about":[{"href":"https:\/\/elfsight.com\/fr\/wp-json\/wp\/v2\/types\/page"}],"author":[{"embeddable":true,"href":"https:\/\/elfsight.com\/fr\/wp-json\/wp\/v2\/users\/9"}],"replies":[{"embeddable":true,"href":"https:\/\/elfsight.com\/fr\/wp-json\/wp\/v2\/comments?post=13397"}],"version-history":[{"count":1,"href":"https:\/\/elfsight.com\/fr\/wp-json\/wp\/v2\/pages\/13397\/revisions"}],"predecessor-version":[{"id":13401,"href":"https:\/\/elfsight.com\/fr\/wp-json\/wp\/v2\/pages\/13397\/revisions\/13401"}],"up":[{"embeddable":true,"href":"https:\/\/elfsight.com\/fr\/wp-json\/wp\/v2\/pages\/1415"}],"wp:attachment":[{"href":"https:\/\/elfsight.com\/fr\/wp-json\/wp\/v2\/media?parent=13397"}],"curies":[{"name":"wp","href":"https:\/\/api.w.org\/{rel}","templated":true}]}}