{"id":13396,"date":"2024-05-03T06:35:35","date_gmt":"2024-05-03T06:35:35","guid":{"rendered":"https:\/\/elfsight.com\/fr\/?page_id=13396"},"modified":"2025-07-09T17:22:05","modified_gmt":"2025-07-09T17:22:05","slug":"squarespace","status":"publish","type":"page","link":"https:\/\/elfsight.com\/fr\/facebook-chat-widget\/squarespace\/","title":{"rendered":"Facebook Chat &#8211; Squarespace"},"content":{"rendered":"<div class=\"application-platform-content-item-description application-platform-content-item\" id=\"description\" data-nav-section=\"description\"> <h2>Int\u00e9grez le chat Facebook sur Squarespace avec le widget Elfsight<\/h2> <p>Le chat Facebook d&rsquo;Elfsight est un moyen simple et rapide pour votre site Web. les visiteurs de vous envoyer leurs messages et de recevoir des r\u00e9ponses \u00e0 leurs questions et demandes. Restez disponible pour vos utilisateurs dans leur messagerie la plus populaire, n&rsquo;importe o\u00f9 et \u00e0 tout moment. Placez le chat sur votre site Web et faites-le appara\u00eetre sur certaines pages ou pour certains types de client\u00e8le, s\u00e9lectionnez les d\u00e9clencheurs de d\u00e9marrage du chat, saisissez votre propre message de bienvenue, choisissez des ic\u00f4nes et appliquez d&rsquo;autres personnalisations. Avec Facebook Messenger fonctionnant sur la page Web, vous serez connect\u00e9 \u00e0 vos clients \u00e0 toute heure et quel que soit votre emplacement. <\/p> <div class=\"faq\" data-component=\"FAQ\"> <div class=\"faq-item\">\r\n\t\t\t\t\t<div class=\"faq-item-question\">\r\n\t\t\t\t\t\t<h3 class=\"faq-item-question-text\">O\u00f9 puis-je installer le widget<\/h3>\r\n\r\n\t\t\t\t\t\t<div class=\"faq-item-question-icon\"><\/div>\r\n\t\t\t\t\t<\/div>\r\n\r\n\t\t\t\t\t<div class=\"faq-item-answer\">\r\n\t\t\t\t\t\t<div class=\"faq-item-answer-text\"> <p>Vous pouvez configurer le widget et l&rsquo;afficher sur toutes les pages de votre site, ou seulement sur ceux s\u00e9lectionn\u00e9s. Vous pouvez \u00e9galement exclure certaines pages sur lesquelles vous n&rsquo;avez pas besoin du widget.<\/p> <\/div>\r\n\t\t\t\t\t<\/div>\r\n\t\t\t\t<\/div> <div class=\"faq-item\">\r\n\t\t\t\t\t<div class=\"faq-item-question\">\r\n\t\t\t\t\t\t<h3 class=\"faq-item-question-text\">Comment puis-je b\u00e9n\u00e9ficier du chat Facebook ?<\/h3>\r\n\r\n\t\t\t\t\t\t<div class=\"faq-item-question-icon\"><\/div>\r\n\t\t\t\t\t<\/div>\r\n\r\n\t\t\t\t\t<div class=\"faq-item-answer\">\r\n\t\t\t\t\t\t<div class=\"faq-item-answer-text\"> <p>Facebook Messenger il sera plus facile pour les gens de vous adresser leurs questions et demandes. Cela peut aider \u00e0 augmenter le nombre de prospects et de ventes. Un autre avantage est que des r\u00e9ponses rapides et une approche individuelle des personnes augmenteront le niveau de vos relations clients. <\/p> <\/div>\r\n\t\t\t\t\t<\/div>\r\n\t\t\t\t<\/div> <div class=\"faq-item\">\r\n\t\t\t\t\t<div class=\"faq-item-question\">\r\n\t\t\t\t\t\t<h3 class=\"faq-item-question-text\">Comment puis-je installer le plugin Facebook Chat sur mon site Web Squarespace ?<\/h3>\r\n\r\n\t\t\t\t\t\t<div class=\"faq-item-question-icon\"><\/div>\r\n\t\t\t\t\t<\/div>\r\n\r\n\t\t\t\t\t<div class=\"faq-item-answer\">\r\n\t\t\t\t\t\t<div class=\"faq-item-answer-text\"> <p>La configuration du widget ne prend que deux minutes de votre temps. Le processus est tr\u00e8s rapide, gratuit et ne n\u00e9cessite aucun codage. <\/p> <p>Vous pouvez ajouter Facebook Messenger \u00e0 votre site Web directement dans notre service. Pour le r\u00e9aliser, suivez simplement les \u00e9tapes du guide d\u00e9crit ci-apr\u00e8s sur cette page. <\/p> <\/div>\r\n\t\t\t\t\t<\/div>\r\n\t\t\t\t<\/div> <div class=\"faq-item\">\r\n\t\t\t\t\t<div class=\"faq-item-question\">\r\n\t\t\t\t\t\t<h3 class=\"faq-item-question-text\">Comment int\u00e9grer un widget Facebook Messenger dans mon site Web Squarespace sans comp\u00e9tences en codage ?<\/h3>\r\n\r\n\t\t\t\t\t\t<div class=\"faq-item-question-icon\"><\/div>\r\n\t\t\t\t\t<\/div>\r\n\r\n\t\t\t\t\t<div class=\"faq-item-answer\">\r\n\t\t\t\t\t\t<div class=\"faq-item-answer-text\"><p>Elfsight fournit une solution SaaS qui vous permet de cr\u00e9er vous-m\u00eame un widget Facebook Messenger ; observez \u00e0 quel point le processus est simple\u00a0: utilisez directement l&rsquo;\u00e9diteur en ligne pour cr\u00e9er un widget Facebook Messenger que vous aimeriez avoir sur votre site Web Squarespace. Choisissez l&rsquo;un des mod\u00e8les pr\u00e9d\u00e9finis et personnalisez les param\u00e8tres du widget Messenger, int\u00e9grez votre contenu, ajustez la mise en page et les couleurs, le tout sans avoir besoin de comp\u00e9tences en codage. Enregistrez le widget Messenger et copiez son code d&rsquo;installation, ce qui vous permettra de l&rsquo;ins\u00e9rer sans effort dans votre site Web Squarespace sans avoir besoin d&rsquo;acheter un forfait premium. Gr\u00e2ce \u00e0 notre \u00e9diteur convivial, tout internaute peut cr\u00e9er un widget Facebook Messenger en ligne et l&rsquo;int\u00e9grer facilement sur son site Web Squarespace. Il n&rsquo;est pas n\u00e9cessaire d&rsquo;effectuer un paiement ou de fournir les informations de votre carte pour acc\u00e9der au service. Si vous rencontrez des difficult\u00e9s \u00e0 un moment donn\u00e9, n&rsquo;h\u00e9sitez pas \u00e0 contacter notre \u00e9quipe d&rsquo;assistance technique.<\/p><\/div>\r\n\t\t\t\t\t<\/div>\r\n\t\t\t\t<\/div><\/div> <\/div> <div class=\"application-platform-content-item-features application-platform-content-item\" id=\"features\" data-nav-section=\"features\"> <h2> Principales fonctionnalit\u00e9s du widget Facebook Chat<\/h2> <p>Pour avoir une id\u00e9e compl\u00e8te de Facebook Live Chat, voici la liste de ses fonctions les plus remarquables. Ils rendent ce widget extr\u00eamement b\u00e9n\u00e9fique pour votre site Web\u00a0: <\/p> <ul><li>Configurez Facebook Messenger sur votre site pour communiquer avec les clients\u00a0; <\/li><li>Fournissez une r\u00e9ponse directement depuis votre page Facebook\u00a0; <\/li><li>Utilisez trois variantes de pr\u00e9sentation de discussion\u00a0: bulle flottante, bulle int\u00e9gr\u00e9e et fen\u00eatre de discussion int\u00e9gr\u00e9e\u00a0; <\/li><li> Choisissez votre variante d&rsquo;ic\u00f4ne de bulle parmi la collection d&rsquo;ic\u00f4nes disponibles\u00a0; <\/li><li>Modifiez le texte de la bulle de discussion. <\/li><\/ul><p><a href=\"#demo\">Voir plus de fonctionnalit\u00e9s dans la d\u00e9mo en direct<\/a><\/p> <\/div> <div class=\"application-platform-content-item-installation application-platform-content-item\" id=\"installation\" data-nav-section=\"installation\"> <h2>V\u00e9rifiez comment ajouter le chat Facebook \u00e0 votre site Web Squarespace.<\/h2><div class=\"video-container\"><iframe width=\"720\" height=\"405\" src=\"https:\/\/www.youtube.com\/embed\/g_HY8FqeTeo\" frameborder=\"0\" allowfullscreen=\"\"><\/iframe><\/div><p>Pour installer Chat, il vous suffit de suivre un guide simple ci-dessous. C\u2019est rapide et ne n\u00e9cessite pas de codage. <\/p> <ol><li><b>Cr\u00e9ez votre plugin Facebook Messenger personnalis\u00e9<\/b><br> Dans notre d\u00e9mo gratuite, fa\u00e7onnez un plugin avec une composition et des fonctions personnalis\u00e9es. <\/li><li><b>Acqu\u00e9rir le code individuel pour int\u00e9grer le plugin<\/b><br> Apr\u00e8s avoir g\u00e9n\u00e9r\u00e9 votre widget, vous recevrez le code unique de la notification apparaissant sur Elfsight Apps. Copiez le code pour une utilisation ult\u00e9rieure. <\/li> <li><b>Publiez le plugin sur votre site Squarespace<\/b><br> D\u00e9finissez l&rsquo;endroit o\u00f9 vous devez publier le plugin et collez-y le code copi\u00e9. Publier les r\u00e9sultats. <\/li> <li><b>Vous avez termin\u00e9\u00a0! <\/b><br> Visitez votre page pour voir votre travail.<\/li> <\/ol><p>Vous avez encore des doutes sur quelque chose\u00a0? Ou vous rencontrez des probl\u00e8mes ? Adressez simplement une demande \u00e0 notre \u00e9quipe d&rsquo;assistance et elle r\u00e9glera tout type de probl\u00e8me. <\/p> <\/div>","protected":false},"excerpt":{"rendered":"","protected":false},"author":9,"featured_media":0,"parent":1415,"menu_order":0,"comment_status":"closed","ping_status":"closed","template":"templates\/template-application-platform.php","meta":{"publish_to_discourse":"","publish_post_category":"","wpdc_auto_publish_overridden":"","wpdc_topic_tags":"","wpdc_pin_topic":"","wpdc_pin_until":"","discourse_post_id":"","discourse_permalink":"","wpdc_publishing_response":"","wpdc_publishing_error":"","footnotes":""},"class_list":["post-13396","page","type-page","status-publish","hentry"],"yoast_head":"<!-- This site is optimized with the Yoast SEO plugin v25.3.1 - https:\/\/yoast.com\/wordpress\/plugins\/seo\/ -->\n<title>Facebook Chat - ajoutez Messenger au site Web Squarespace (en 2 min)<\/title>\n<meta name=\"description\" content=\"Avec Elfsight, fa\u00e7onnez votre chat Facebook et ajoutez-le facilement sur la page Web. Nous offrons un support client gratuit et d&#039;autres bonus.\" \/>\n<meta name=\"robots\" content=\"index, follow, max-snippet:-1, max-image-preview:large, max-video-preview:-1\" \/>\n<link rel=\"canonical\" href=\"https:\/\/elfsight.com\/fr\/facebook-chat-widget\/squarespace\/\" \/>\n<meta property=\"og:locale\" content=\"fr_FR\" \/>\n<meta property=\"og:type\" content=\"article\" \/>\n<meta property=\"og:title\" content=\"Facebook Chat - ajoutez Messenger au site Web Squarespace (en 2 min)\" \/>\n<meta property=\"og:description\" content=\"Avec Elfsight, fa\u00e7onnez votre chat Facebook et ajoutez-le facilement sur la page Web. Nous offrons un support client gratuit et d&#039;autres bonus.\" \/>\n<meta property=\"og:url\" content=\"https:\/\/elfsight.com\/fr\/facebook-chat-widget\/squarespace\/\" \/>\n<meta property=\"og:site_name\" content=\"Elfsight FR\" \/>\n<meta property=\"article:modified_time\" content=\"2025-07-09T17:22:05+00:00\" \/>\n<meta name=\"twitter:card\" content=\"summary_large_image\" \/>\n<meta name=\"twitter:label1\" content=\"Dur\u00e9e de lecture estim\u00e9e\" \/>\n\t<meta name=\"twitter:data1\" content=\"4 minutes\" \/>\n<!-- \/ Yoast SEO plugin. -->","yoast_head_json":{"title":"Facebook Chat - ajoutez Messenger au site Web Squarespace (en 2 min)","description":"Avec Elfsight, fa\u00e7onnez votre chat Facebook et ajoutez-le facilement sur la page Web. Nous offrons un support client gratuit et d'autres bonus.","robots":{"index":"index","follow":"follow","max-snippet":"max-snippet:-1","max-image-preview":"max-image-preview:large","max-video-preview":"max-video-preview:-1"},"canonical":"https:\/\/elfsight.com\/fr\/facebook-chat-widget\/squarespace\/","og_locale":"fr_FR","og_type":"article","og_title":"Facebook Chat - ajoutez Messenger au site Web Squarespace (en 2 min)","og_description":"Avec Elfsight, fa\u00e7onnez votre chat Facebook et ajoutez-le facilement sur la page Web. Nous offrons un support client gratuit et d'autres bonus.","og_url":"https:\/\/elfsight.com\/fr\/facebook-chat-widget\/squarespace\/","og_site_name":"Elfsight FR","article_modified_time":"2025-07-09T17:22:05+00:00","twitter_card":"summary_large_image","twitter_misc":{"Dur\u00e9e de lecture estim\u00e9e":"4 minutes"},"schema":{"@context":"https:\/\/schema.org","@graph":[{"@type":"WebPage","@id":"https:\/\/elfsight.com\/fr\/facebook-chat-widget\/squarespace\/","url":"https:\/\/elfsight.com\/fr\/facebook-chat-widget\/squarespace\/","name":"Facebook Chat - ajoutez Messenger au site Web Squarespace (en 2 min)","isPartOf":{"@id":"https:\/\/elfsight.com\/fr\/#website"},"datePublished":"2024-05-03T06:35:35+00:00","dateModified":"2025-07-09T17:22:05+00:00","description":"Avec Elfsight, fa\u00e7onnez votre chat Facebook et ajoutez-le facilement sur la page Web. Nous offrons un support client gratuit et d'autres bonus.","breadcrumb":{"@id":"https:\/\/elfsight.com\/fr\/facebook-chat-widget\/squarespace\/#breadcrumb"},"inLanguage":"fr-FR","potentialAction":[{"@type":"ReadAction","target":["https:\/\/elfsight.com\/fr\/facebook-chat-widget\/squarespace\/"]}]},{"@type":"BreadcrumbList","@id":"https:\/\/elfsight.com\/fr\/facebook-chat-widget\/squarespace\/#breadcrumb","itemListElement":[{"@type":"ListItem","position":1,"name":"Home","item":"https:\/\/elfsight.com\/fr\/"},{"@type":"ListItem","position":2,"name":"Facebook Chat","item":"https:\/\/elfsight.com\/fr\/facebook-chat-widget\/"},{"@type":"ListItem","position":3,"name":"Facebook Chat &#8211; Squarespace"}]},{"@type":"WebSite","@id":"https:\/\/elfsight.com\/fr\/#website","url":"https:\/\/elfsight.com\/fr\/","name":"Elfsight FR","description":"","potentialAction":[{"@type":"SearchAction","target":{"@type":"EntryPoint","urlTemplate":"https:\/\/elfsight.com\/fr\/?s={search_term_string}"},"query-input":{"@type":"PropertyValueSpecification","valueRequired":true,"valueName":"search_term_string"}}],"inLanguage":"fr-FR"}]}},"meta_box":{"industry":"","seo_heading":"","heading":"","description":"","cta_heading":"","cta_description":"","application":"1406","h1":"Widget Squarespace Facebook Messenger","h1_caption":"Ajoutez un plugin de chat Facebook Messenger \u00e0 votre site Web, offrant ainsi aux utilisateurs un moyen simple de vous contacter sans effort sur votre site Web Squarespace.","application_category":[],"applications_title":"","applications_request_title":"","applications_request_button_text":"","hero_text":"","hero_video":"","hero_video_schema_markup":"","selling_points_title":"","selling_points_caption":"","selling_points":[],"selling_points_cta_text":"","features_title":"","features":"","ed_cta_examples_text":"","ed_cta_examples_hidden":"","ed_cta_demo_text":"","ed_cta_demo_hidden":"","why_caption":"","why_editor_title":"","why_editor_text":"","why_team_title":"","why_team_text":"","why_service_title":"","why_service_text":"","template_catalog_visible":"","template_catalog_title":"","template_catalog_text":"","template_catalog_categories_visible":"","demo_title":"Cr\u00e9ez votre plugin Facebook Chat","demo_caption":"Configurez votre chat Facebook et ajoutez-le gratuitement \u00e0 votre site Web Squarespace !","default_faq_hidden":"","app_template_category":[],"platform":"361","template_public_id":"","codecanyon_url":"","codecanyon_item_id":"","codecanyon_price":"","pricing_caption":"","pricing_elfsight_apps_hide_column":"","pricing_elfsight_apps_url":"","pricing_codecanyon_price_caption":"","integration_category":[],"integration_request_title":"","integration_request_cta":"","integration_platform":"","integrations":[],"platform_category":[],"video_schema_markup":"","price":"\u00e0 partir de 0$ \/ mois","trial":"","benefits":[{"text":"Aide \u00e0 l'installation gratuite"},{"text":"Assistance premium"},{"text":"Garantie de remboursement de 14 jours"},{"text":"Am\u00e9liorations r\u00e9guli\u00e8res"}],"button_url":"#demo","button_target_blank":"","button_nofollow":"","attributes":[{"name":"Installations","content":"10,000 - 100,000"},{"name":"Sensible","content":"Oui"},{"name":"Navigateurs compatibles","content":"Firefox, Safari, Opera, Chrome, Edge"}],"tags":[],"tags_disable_links":"","hide_more_platforms":"","video_object":"","demo_hide_cta":"","demo_hide_cloud_options":"","pricing_title":"","pricing":[{"pricing_icon":"platform","pricing_title":"Elfsight Apps","pricing_title_caption":"Solution num\u00e9rique multiplateforme adapt\u00e9e \u00e0 n'importe quel site Web","pricing_price":"from $0 \/ month","pricing_price_caption":"commencez avec un forfait gratuit","pricing_benefits":[{"text":"Sites Web illimit\u00e9s"},{"text":"Accompagnement professionnel de l'entreprise"},{"text":"Aide \u00e0 l'installation gratuite"},{"text":"Enti\u00e8rement personnalisable"}],"pricing_button_text":"Ajouter au site Web","pricing_button_url":"#demo"}],"related_apps_title":"","related_apps_hidden":"","author":"","image":[],"title":"","job":"","social_networks":[]},"_links":{"self":[{"href":"https:\/\/elfsight.com\/fr\/wp-json\/wp\/v2\/pages\/13396","targetHints":{"allow":["GET"]}}],"collection":[{"href":"https:\/\/elfsight.com\/fr\/wp-json\/wp\/v2\/pages"}],"about":[{"href":"https:\/\/elfsight.com\/fr\/wp-json\/wp\/v2\/types\/page"}],"author":[{"embeddable":true,"href":"https:\/\/elfsight.com\/fr\/wp-json\/wp\/v2\/users\/9"}],"replies":[{"embeddable":true,"href":"https:\/\/elfsight.com\/fr\/wp-json\/wp\/v2\/comments?post=13396"}],"version-history":[{"count":1,"href":"https:\/\/elfsight.com\/fr\/wp-json\/wp\/v2\/pages\/13396\/revisions"}],"predecessor-version":[{"id":13400,"href":"https:\/\/elfsight.com\/fr\/wp-json\/wp\/v2\/pages\/13396\/revisions\/13400"}],"up":[{"embeddable":true,"href":"https:\/\/elfsight.com\/fr\/wp-json\/wp\/v2\/pages\/1415"}],"wp:attachment":[{"href":"https:\/\/elfsight.com\/fr\/wp-json\/wp\/v2\/media?parent=13396"}],"curies":[{"name":"wp","href":"https:\/\/api.w.org\/{rel}","templated":true}]}}