{"id":13395,"date":"2024-05-03T06:35:34","date_gmt":"2024-05-03T06:35:34","guid":{"rendered":"https:\/\/elfsight.com\/fr\/?page_id=13395"},"modified":"2025-07-09T17:22:15","modified_gmt":"2025-07-09T17:22:15","slug":"webnode","status":"publish","type":"page","link":"https:\/\/elfsight.com\/fr\/facebook-chat-widget\/webnode\/","title":{"rendered":"Facebook Chat &#8211; Webnode"},"content":{"rendered":"<div class=\"application-platform-content-item-description application-platform-content-item\" id=\"description\" data-nav-section=\"description\"> <h2>Description<\/h2> <p>La bo\u00eete de discussion Facebook cr\u00e9\u00e9e par Elfsight est le moyen le plus simple pour les utilisateurs de votre site Web de vous contacter et d&rsquo;obtenir des r\u00e9ponses \u00e0 vos questions. leurs questions. Soyez disponible en direct pour vos visiteurs dans la messagerie pr\u00e9f\u00e9r\u00e9e \u00e0 tout moment. Int\u00e9grez le chat en direct sur votre page Web et il appara\u00eetra sur des pages sp\u00e9cifi\u00e9es ou pour des groupes de clients sp\u00e9cifi\u00e9s, \u00e9tablissez des d\u00e9clencheurs de d\u00e9marrage de chat, composez votre message de bienvenue unique, modifiez les ic\u00f4nes et faites plus encore. Avec Facebook Messenger, vous serez facilement joignable pour vos collaborateurs \u00e0 tout moment et depuis n&rsquo;importe quel endroit. <\/p> <div class=\"faq\" data-component=\"FAQ\"> <div class=\"faq-item\">\r\n\t\t\t\t\t<div class=\"faq-item-question\">\r\n\t\t\t\t\t\t<h3 class=\"faq-item-question-text\">O\u00f9 sur mon site Web puis-je afficher le chat Facebook<\/h3>\r\n\r\n\t\t\t\t\t\t<div class=\"faq-item-question-icon\"><\/div>\r\n\t\t\t\t\t<\/div>\r\n\r\n\t\t\t\t\t<div class=\"faq-item-answer\">\r\n\t\t\t\t\t\t<div class=\"faq-item-answer-text\"> <p>Le chat en direct Facebook peut s&rsquo;afficher sur chaque page de votre site, ou uniquement sur les pages que vous choisissez. Une autre option consiste \u00e0 exclure des pages particuli\u00e8res si vous les souhaitez sans le chat. <\/p> <\/div>\r\n\t\t\t\t\t<\/div>\r\n\t\t\t\t<\/div> <div class=\"faq-item\">\r\n\t\t\t\t\t<div class=\"faq-item-question\">\r\n\t\t\t\t\t\t<h3 class=\"faq-item-question-text\">Quels avantages cela m'apportera-t-il ? <\/h3>\r\n\r\n\t\t\t\t\t\t<div class=\"faq-item-question-icon\"><\/div>\r\n\t\t\t\t\t<\/div>\r\n\r\n\t\t\t\t\t<div class=\"faq-item-answer\">\r\n\t\t\t\t\t\t<div class=\"faq-item-answer-text\"> <p>Ce plugin permettra aux clients de vous envoyer tr\u00e8s facilement leurs demandes ou probl\u00e8mes. Ainsi, vous pouvez augmenter le nombre de leads et d\u2019achats. De plus, des r\u00e9ponses rapides et une approche personnalis\u00e9e des personnes \u00e9l\u00e8veront le niveau de vos relations clients. <\/p> <\/div>\r\n\t\t\t\t\t<\/div>\r\n\t\t\t\t<\/div> <div class=\"faq-item\">\r\n\t\t\t\t\t<div class=\"faq-item-question\">\r\n\t\t\t\t\t\t<h3 class=\"faq-item-question-text\">Comment puis-je obtenir Facebook Messenger sur mon site Web ? <\/h3>\r\n\r\n\t\t\t\t\t\t<div class=\"faq-item-question-icon\"><\/div>\r\n\t\t\t\t\t<\/div>\r\n\r\n\t\t\t\t\t<div class=\"faq-item-answer\">\r\n\t\t\t\t\t\t<div class=\"faq-item-answer-text\"> <p>Vous n&rsquo;aurez besoin que de trois minutes de votre temps pour commencer \u00e0 utiliser le widget. L&rsquo;ajout est tr\u00e8s rapide, gratuit et sans codage. <\/p> <p>Le chat Facebook Elfsight peut \u00eatre configur\u00e9 sur notre service ou via la place de march\u00e9. Ici, vous pouvez comparer tous les d\u00e9tails des deux options et choisir la v\u00f4tre. <\/p> <\/div>\r\n\t\t\t\t\t<\/div>\r\n\t\t\t\t<\/div> <\/div> <\/div><div class=\"application-platform-content-item-features application-platform-content-item\" id=\"features\" data-nav-section=\"features\"> <h2>Fonctionnalit\u00e9s<\/h2> <p>Afin d&rsquo;avoir une compr\u00e9hension claire de Facebook Chat Box, vous pouvez regarder \u00e0 travers la liste des traits primaires. Ils rendent ce widget plus efficace pour vous\u00a0: <\/p> <ul><li>Placez Facebook Messenger sur votre site pour discuter en direct avec les gens\u00a0;<\/li><li>Continuez \u00e0 discuter directement depuis votre page Facebook\u00a0;<\/li><li>S\u00e9lectionnez l&rsquo;une des 3 options d&#8217;emplacement de discussion\u00a0: sous forme de bulle flottante, bulle int\u00e9gr\u00e9e et fen\u00eatre de discussion int\u00e9gr\u00e9e\u00a0;<\/li><li> Choisissez votre ic\u00f4ne de bulle dans notre collection\u00a0; <\/li><li>Modifiez le texte de la bulle de discussion.<\/li><\/ul><p><a href=\"#demo\">Voir la liste compl\u00e8te des fonctionnalit\u00e9s dans notre d\u00e9mo<\/a><\/p> <\/div><div class=\"application-platform-content-item-installation application-platform-content-item\" id=\"installation\" data-nav-section=\"installation\"> <h2>Voici comment int\u00e9grer le chat Facebook sur votre site Webnode. C&rsquo;est simple et rapide.<\/h2> <p>Les \u00e9tapes suivantes sont la seule chose dont vous avez besoin pour activer Messenger. <\/p> <ol><li><b>Construisez votre plugin de chat personnalis\u00e9<\/b><br> \u00c0 l&rsquo;aide de notre configurateur gratuit, configurez un plugin avec une interface et des fonctions personnalis\u00e9es. <\/li><li><b>Recevoir le code personnel pour afficher le plugin<\/b><br> Apr\u00e8s avoir configur\u00e9 votre widget, vous obtiendrez le code unique de la notification contextuelle sur Elfsight Apps. Copiez le code.<\/li> <li><b>Int\u00e9grez le plugin sur votre site Web<\/b><br> S\u00e9lectionnez la zone dans laquelle vous pr\u00e9voyez d&rsquo;int\u00e9grer le plugin et collez-y le code enregistr\u00e9. Appliquez les r\u00e9sultats.<\/li> <li><b>Vous avez termin\u00e9\u00a0! <\/b><br> Visitez votre page Web pour jeter un \u0153il \u00e0 votre travail.<\/li> <\/ol><p>Toujours instable\u00a0? Ou vous avez des questions ? Envoyez simplement une demande \u00e0 notre service client. Nous r\u00e9glerons tous les probl\u00e8mes. <\/p> <\/div>","protected":false},"excerpt":{"rendered":"","protected":false},"author":9,"featured_media":0,"parent":1415,"menu_order":0,"comment_status":"closed","ping_status":"closed","template":"templates\/template-application-platform.php","meta":{"publish_to_discourse":"","publish_post_category":"","wpdc_auto_publish_overridden":"","wpdc_topic_tags":"","wpdc_pin_topic":"","wpdc_pin_until":"","discourse_post_id":"","discourse_permalink":"","wpdc_publishing_response":"","wpdc_publishing_error":"","footnotes":""},"class_list":["post-13395","page","type-page","status-publish","hentry"],"yoast_head":"<!-- This site is optimized with the Yoast SEO plugin v25.3.1 - https:\/\/yoast.com\/wordpress\/plugins\/seo\/ -->\n<title>Facebook Chat - ajouter Messenger au site Webnode (2025)<\/title>\n<meta name=\"description\" content=\"Avec Elfsight, produisez votre Chat Facebook et affichez-le sur votre site Webnode en un rien de temps. Nous disposons d&#039;un support client gratuit et d&#039;autres bonus.\" \/>\n<meta name=\"robots\" content=\"index, follow, max-snippet:-1, max-image-preview:large, max-video-preview:-1\" \/>\n<link rel=\"canonical\" href=\"https:\/\/elfsight.com\/fr\/facebook-chat-widget\/webnode\/\" \/>\n<meta property=\"og:locale\" content=\"fr_FR\" \/>\n<meta property=\"og:type\" content=\"article\" \/>\n<meta property=\"og:title\" content=\"Facebook Chat - ajouter Messenger au site Webnode (2025)\" \/>\n<meta property=\"og:description\" content=\"Avec Elfsight, produisez votre Chat Facebook et affichez-le sur votre site Webnode en un rien de temps. Nous disposons d&#039;un support client gratuit et d&#039;autres bonus.\" \/>\n<meta property=\"og:url\" content=\"https:\/\/elfsight.com\/fr\/facebook-chat-widget\/webnode\/\" \/>\n<meta property=\"og:site_name\" content=\"Elfsight FR\" \/>\n<meta property=\"article:modified_time\" content=\"2025-07-09T17:22:15+00:00\" \/>\n<meta name=\"twitter:card\" content=\"summary_large_image\" \/>\n<meta name=\"twitter:label1\" content=\"Dur\u00e9e de lecture estim\u00e9e\" \/>\n\t<meta name=\"twitter:data1\" content=\"3 minutes\" \/>\n<!-- \/ Yoast SEO plugin. -->","yoast_head_json":{"title":"Facebook Chat - ajouter Messenger au site Webnode (2025)","description":"Avec Elfsight, produisez votre Chat Facebook et affichez-le sur votre site Webnode en un rien de temps. Nous disposons d'un support client gratuit et d'autres bonus.","robots":{"index":"index","follow":"follow","max-snippet":"max-snippet:-1","max-image-preview":"max-image-preview:large","max-video-preview":"max-video-preview:-1"},"canonical":"https:\/\/elfsight.com\/fr\/facebook-chat-widget\/webnode\/","og_locale":"fr_FR","og_type":"article","og_title":"Facebook Chat - ajouter Messenger au site Webnode (2025)","og_description":"Avec Elfsight, produisez votre Chat Facebook et affichez-le sur votre site Webnode en un rien de temps. Nous disposons d'un support client gratuit et d'autres bonus.","og_url":"https:\/\/elfsight.com\/fr\/facebook-chat-widget\/webnode\/","og_site_name":"Elfsight FR","article_modified_time":"2025-07-09T17:22:15+00:00","twitter_card":"summary_large_image","twitter_misc":{"Dur\u00e9e de lecture estim\u00e9e":"3 minutes"},"schema":{"@context":"https:\/\/schema.org","@graph":[{"@type":"WebPage","@id":"https:\/\/elfsight.com\/fr\/facebook-chat-widget\/webnode\/","url":"https:\/\/elfsight.com\/fr\/facebook-chat-widget\/webnode\/","name":"Facebook Chat - ajouter Messenger au site Webnode (2025)","isPartOf":{"@id":"https:\/\/elfsight.com\/fr\/#website"},"datePublished":"2024-05-03T06:35:34+00:00","dateModified":"2025-07-09T17:22:15+00:00","description":"Avec Elfsight, produisez votre Chat Facebook et affichez-le sur votre site Webnode en un rien de temps. Nous disposons d'un support client gratuit et d'autres bonus.","breadcrumb":{"@id":"https:\/\/elfsight.com\/fr\/facebook-chat-widget\/webnode\/#breadcrumb"},"inLanguage":"fr-FR","potentialAction":[{"@type":"ReadAction","target":["https:\/\/elfsight.com\/fr\/facebook-chat-widget\/webnode\/"]}]},{"@type":"BreadcrumbList","@id":"https:\/\/elfsight.com\/fr\/facebook-chat-widget\/webnode\/#breadcrumb","itemListElement":[{"@type":"ListItem","position":1,"name":"Home","item":"https:\/\/elfsight.com\/fr\/"},{"@type":"ListItem","position":2,"name":"Facebook Chat","item":"https:\/\/elfsight.com\/fr\/facebook-chat-widget\/"},{"@type":"ListItem","position":3,"name":"Facebook Chat &#8211; Webnode"}]},{"@type":"WebSite","@id":"https:\/\/elfsight.com\/fr\/#website","url":"https:\/\/elfsight.com\/fr\/","name":"Elfsight FR","description":"","potentialAction":[{"@type":"SearchAction","target":{"@type":"EntryPoint","urlTemplate":"https:\/\/elfsight.com\/fr\/?s={search_term_string}"},"query-input":{"@type":"PropertyValueSpecification","valueRequired":true,"valueName":"search_term_string"}}],"inLanguage":"fr-FR"}]}},"meta_box":{"industry":"","seo_heading":"","heading":"","description":"","cta_heading":"","cta_description":"","application":"1406","h1":"Messagerie Facebook Webnode","h1_caption":"Le canal de communication le plus pratique pour les utilisateurs de votre site Web","application_category":[],"applications_title":"","applications_request_title":"","applications_request_button_text":"","hero_text":"","hero_video":"","hero_video_schema_markup":"","selling_points_title":"","selling_points_caption":"","selling_points":[],"selling_points_cta_text":"","features_title":"","features":"","ed_cta_examples_text":"","ed_cta_examples_hidden":"","ed_cta_demo_text":"","ed_cta_demo_hidden":"","why_caption":"","why_editor_title":"","why_editor_text":"","why_team_title":"","why_team_text":"","why_service_title":"","why_service_text":"","template_catalog_visible":"","template_catalog_title":"","template_catalog_text":"","template_catalog_categories_visible":"","demo_title":"Cr\u00e9ez votre widget de chat Facebook","demo_caption":"Configurez votre Chat Facebook et ajoutez-le gratuitement \u00e0 votre site Webnode !","default_faq_hidden":"","app_template_category":[],"platform":"364","template_public_id":"","codecanyon_url":"","codecanyon_item_id":"","codecanyon_price":"","pricing_caption":"","pricing_elfsight_apps_hide_column":"","pricing_elfsight_apps_url":"","pricing_codecanyon_price_caption":"","integration_category":[],"integration_request_title":"","integration_request_cta":"","integration_platform":"","integrations":[],"platform_category":[],"video_schema_markup":"","price":"\u00e0 partir de 0$ \/ mois","trial":"","benefits":[{"text":"Aide \u00e0 l'installation gratuite"},{"text":"Support client exp\u00e9riment\u00e9"},{"text":"Garantie de remboursement de 14 jours"},{"text":"D\u00e9veloppement continu"}],"button_url":"#demo","button_target_blank":"","button_nofollow":"","attributes":[{"name":"Installations","content":"10,000 - 100,000"},{"name":"Sensible","content":"Oui"},{"name":"Navigateurs compatibles","content":"Firefox, Safari, Opera, Chrome, Edge"}],"tags":[],"tags_disable_links":"","hide_more_platforms":"","video_object":"","demo_hide_cta":"","demo_hide_cloud_options":"","pricing_title":"","pricing":[{"pricing_icon":"platform","pricing_title":"Elfsight Apps","pricing_title_caption":"Version multiplateforme qui convient \u00e0 n'importe quel site","pricing_price":"from $0 \/ month","pricing_price_caption":"commencez avec un forfait gratuit","pricing_benefits":[{"text":"Domaines illimit\u00e9s"},{"text":"Assistance \u00e0 l'installation gratuite"},{"text":"Accompagnement professionnel"},{"text":"Offre sp\u00e9ciale pour plusieurs applications"}],"pricing_button_text":"Ajouter au site Web","pricing_button_url":"#demo"}],"related_apps_title":"","related_apps_hidden":"","author":"","image":[],"title":"","job":"","social_networks":[]},"_links":{"self":[{"href":"https:\/\/elfsight.com\/fr\/wp-json\/wp\/v2\/pages\/13395","targetHints":{"allow":["GET"]}}],"collection":[{"href":"https:\/\/elfsight.com\/fr\/wp-json\/wp\/v2\/pages"}],"about":[{"href":"https:\/\/elfsight.com\/fr\/wp-json\/wp\/v2\/types\/page"}],"author":[{"embeddable":true,"href":"https:\/\/elfsight.com\/fr\/wp-json\/wp\/v2\/users\/9"}],"replies":[{"embeddable":true,"href":"https:\/\/elfsight.com\/fr\/wp-json\/wp\/v2\/comments?post=13395"}],"version-history":[{"count":1,"href":"https:\/\/elfsight.com\/fr\/wp-json\/wp\/v2\/pages\/13395\/revisions"}],"predecessor-version":[{"id":13399,"href":"https:\/\/elfsight.com\/fr\/wp-json\/wp\/v2\/pages\/13395\/revisions\/13399"}],"up":[{"embeddable":true,"href":"https:\/\/elfsight.com\/fr\/wp-json\/wp\/v2\/pages\/1415"}],"wp:attachment":[{"href":"https:\/\/elfsight.com\/fr\/wp-json\/wp\/v2\/media?parent=13395"}],"curies":[{"name":"wp","href":"https:\/\/api.w.org\/{rel}","templated":true}]}}