{"id":13388,"date":"2024-05-03T06:35:31","date_gmt":"2024-05-03T06:35:31","guid":{"rendered":"https:\/\/elfsight.com\/fr\/?page_id=13388"},"modified":"2025-07-09T17:20:42","modified_gmt":"2025-07-09T17:20:42","slug":"drupal","status":"publish","type":"page","link":"https:\/\/elfsight.com\/fr\/facebook-chat-widget\/drupal\/","title":{"rendered":"Facebook Chat &#8211; Drupal"},"content":{"rendered":"<div class=\"application-platform-content-item-description application-platform-content-item\" id=\"description\" data-nav-section=\"description\"> <h2>Description<\/h2> <p>Le chat Facebook cr\u00e9\u00e9 par Elfsight est le moyen le plus simple pour la client\u00e8le de votre site Web de vous envoyer un message et d&rsquo;obtenir des r\u00e9ponses. \u00e0 leurs questions et demandes. Vous pouvez rester disponible en ligne dans l\u2019un de nos messagers bien-aim\u00e9s \u00e0 tout moment. Configurez le module de messagerie sur la page Web et il peut appara\u00eetre sur les pages les plus importantes ou pour des types particuliers de personnes, s\u00e9lectionnez les d\u00e9clencheurs de d\u00e9marrage du chat, affichez votre message de bienvenue personnalis\u00e9, modifiez les ic\u00f4nes et appliquez d&rsquo;autres personnalisations. Gr\u00e2ce au chat en direct install\u00e9 sur le site Web, vous resterez disponible pour votre client\u00e8le \u00e0 toute heure et depuis n&rsquo;importe quel endroit.<\/p> <div class=\"faq\" data-component=\"FAQ\"> <div class=\"faq-item\">\r\n\t\t\t\t\t<div class=\"faq-item-question\">\r\n\t\t\t\t\t\t<h3 class=\"faq-item-question-text\">O\u00f9 puis-je l'int\u00e9grer<\/h3>\r\n\r\n\t\t\t\t\t\t<div class=\"faq-item-question-icon\"><\/div>\r\n\t\t\t\t\t<\/div>\r\n\r\n\t\t\t\t\t<div class=\"faq-item-answer\">\r\n\t\t\t\t\t\t<div class=\"faq-item-answer-text\"> <p>Vous pouvez d\u00e9finir installez Facebook Chat sur chaque page de votre site Web, ou uniquement sur les pages que vous s\u00e9lectionnez. Il est \u00e9galement possible d\u2019exclure les pages s\u00e9lectionn\u00e9es si vous ne souhaitez pas que le widget s\u2019y trouve. <\/p> <\/div>\r\n\t\t\t\t\t<\/div>\r\n\t\t\t\t<\/div> <div class=\"faq-item\">\r\n\t\t\t\t\t<div class=\"faq-item-question\">\r\n\t\t\t\t\t\t<h3 class=\"faq-item-question-text\">Quels sont les avantages d'avoir le widget pour moi ?<\/h3>\r\n\r\n\t\t\t\t\t\t<div class=\"faq-item-question-icon\"><\/div>\r\n\t\t\t\t\t<\/div>\r\n\r\n\t\t\t\t\t<div class=\"faq-item-answer\">\r\n\t\t\t\t\t\t<div class=\"faq-item-answer-text\"> <p>Cela aidera davantage de visiteurs du site Web \u00e0 vous contacter avec leurs questions et demandes. Soutenez la communication en direct et augmentez le nombre de prospects et d\u2019achats. De plus, une r\u00e9ponse rapide et une approche personnelle augmenteront le niveau de votre support client. <\/p> <\/div>\r\n\t\t\t\t\t<\/div>\r\n\t\t\t\t<\/div> <div class=\"faq-item\">\r\n\t\t\t\t\t<div class=\"faq-item-question\">\r\n\t\t\t\t\t\t<h3 class=\"faq-item-question-text\">De quoi ai-je besoin pour ajouter Facebook Chat sur mon site Web ?<\/h3>\r\n\r\n\t\t\t\t\t\t<div class=\"faq-item-question-icon\"><\/div>\r\n\t\t\t\t\t<\/div>\r\n\r\n\t\t\t\t\t<div class=\"faq-item-answer\">\r\n\t\t\t\t\t\t<div class=\"faq-item-answer-text\"> <p>Vous n&rsquo;aurez besoin que de trois minutes de votre temps pour int\u00e9grer le widget. C&rsquo;est super rapide, gratuit et sans codage. <\/p> <p>Le module Elfsight Chat peut \u00eatre int\u00e9gr\u00e9 via notre service ou sur la place de march\u00e9. Vous pouvez en savoir plus sur ces variantes et choisir la v\u00f4tre. <\/p> <\/div>\r\n\t\t\t\t\t<\/div>\r\n\t\t\t\t<\/div> <\/div> <\/div> <div class=\"application-platform-content-item-features application-platform-content-item\" id=\"features\" data-nav-section=\"features\"> <h2>Fonctionnalit\u00e9s<\/h2> <p>Pour mieux comprendre Facebook Messenger pour Drupal, consultez la liste des les principales caract\u00e9ristiques. Ils rendent notre module incroyablement b\u00e9n\u00e9fique pour votre entreprise\u00a0: <\/p> <ul><li>Placez le chat sur votre site pour rester en contact avec les clients\u00a0; <\/li><li>Fournissez une r\u00e9ponse directement depuis votre page Facebook\u00a0; <\/li><li>Choisissez entre 3 options de position de discussion\u00a0: sous forme de bulle flottante, bulle int\u00e9gr\u00e9e et fen\u00eatre de discussion int\u00e9gr\u00e9e\u00a0; <\/li><li>Choisissez votre ic\u00f4ne de bulle dans la collection d&rsquo;ic\u00f4nes disponibles\u00a0; <\/li><li>Modifiez le texte de la bulle de discussion. <\/li><\/ul><p><a href=\"#demo\">Voir la liste compl\u00e8te des fonctionnalit\u00e9s dans notre d\u00e9mo en direct<\/a><\/p> <\/div> <div class=\"application-platform-content-item-installation application-platform-content-item\" id=\"installation\" data-nav-section=\"installation\"> <h2>Comment ajouter le module Facebook Messenger \u00e0 votre page Drupal<\/h2> <p>Suivez simplement les \u00e9tapes suivantes pr\u00e9sent\u00e9es ci-dessous pour ajouter le module sur Drupal.<\/p> <ol><li><b>Utilisez de notre d\u00e9mo gratuite et commencez \u00e0 cr\u00e9er votre propre outil. <\/b><br> Sp\u00e9cifiez le formulaire personnalis\u00e9 et les fonctionnalit\u00e9s du module et enregistrez les modifications. <\/li> <li><b>Obtenez votre code personnel r\u00e9v\u00e9l\u00e9 dans la fen\u00eatre des applications Elfsight. <\/b><br> Une fois la g\u00e9n\u00e9ration de votre module Facebook Chat termin\u00e9e, copiez le code exclusif dans la fen\u00eatre contextuelle qui appara\u00eet et enregistrez-le pour une utilisation ult\u00e9rieure. <\/li> <li><b>Initier l&rsquo;utilisation de l&rsquo;outil sur le site Web Drupal. <\/b><br> Ins\u00e9rez le code copi\u00e9 r\u00e9cemment dans votre page et appliquez les corrections. <\/li> <li><b>L&rsquo;installation est enti\u00e8rement effectu\u00e9e. <\/b><br> Visitez votre site Web pour voir en action le travail du module. <\/li><\/ol><p>Vous n&rsquo;arrivez toujours pas \u00e0 vous d\u00e9cider\u00a0? Ou vous avez des questions ? Envoyez simplement une demande \u00e0 notre service client. Nous fournissons de l&rsquo;aide pour tout type de probl\u00e8me.<\/p> <\/div><p><\/p><!-- \/ wp:paragraphe -->","protected":false},"excerpt":{"rendered":"","protected":false},"author":9,"featured_media":0,"parent":1415,"menu_order":0,"comment_status":"closed","ping_status":"closed","template":"templates\/template-application-platform.php","meta":{"publish_to_discourse":"","publish_post_category":"","wpdc_auto_publish_overridden":"","wpdc_topic_tags":"","wpdc_pin_topic":"","wpdc_pin_until":"","discourse_post_id":"","discourse_permalink":"","wpdc_publishing_response":"","wpdc_publishing_error":"","footnotes":""},"class_list":["post-13388","page","type-page","status-publish","hentry"],"yoast_head":"<!-- This site is optimized with the Yoast SEO plugin v25.3.1 - https:\/\/yoast.com\/wordpress\/plugins\/seo\/ -->\n<title>Facebook Chat - ajouter le module Messenger au site Drupal (en 2 minutes)<\/title>\n<meta name=\"description\" content=\"Voici une chance de concevoir Facebook Chat et d\u2019int\u00e9grer le module Messenger \u00e0 votre site Web Drupal. Vous b\u00e9n\u00e9ficierez d&#039;une assistance gratuite et d&#039;autres bonus d&#039;Elfsight.\" \/>\n<meta name=\"robots\" content=\"index, follow, max-snippet:-1, max-image-preview:large, max-video-preview:-1\" \/>\n<link rel=\"canonical\" href=\"https:\/\/elfsight.com\/fr\/facebook-chat-widget\/drupal\/\" \/>\n<meta property=\"og:locale\" content=\"fr_FR\" \/>\n<meta property=\"og:type\" content=\"article\" \/>\n<meta property=\"og:title\" content=\"Facebook Chat - ajouter le module Messenger au site Drupal (en 2 minutes)\" \/>\n<meta property=\"og:description\" content=\"Voici une chance de concevoir Facebook Chat et d\u2019int\u00e9grer le module Messenger \u00e0 votre site Web Drupal. Vous b\u00e9n\u00e9ficierez d&#039;une assistance gratuite et d&#039;autres bonus d&#039;Elfsight.\" \/>\n<meta property=\"og:url\" content=\"https:\/\/elfsight.com\/fr\/facebook-chat-widget\/drupal\/\" \/>\n<meta property=\"og:site_name\" content=\"Elfsight FR\" \/>\n<meta property=\"article:modified_time\" content=\"2025-07-09T17:20:42+00:00\" \/>\n<meta name=\"twitter:card\" content=\"summary_large_image\" \/>\n<meta name=\"twitter:label1\" content=\"Dur\u00e9e de lecture estim\u00e9e\" \/>\n\t<meta name=\"twitter:data1\" content=\"3 minutes\" \/>\n<!-- \/ Yoast SEO plugin. -->","yoast_head_json":{"title":"Facebook Chat - ajouter le module Messenger au site Drupal (en 2 minutes)","description":"Voici une chance de concevoir Facebook Chat et d\u2019int\u00e9grer le module Messenger \u00e0 votre site Web Drupal. Vous b\u00e9n\u00e9ficierez d'une assistance gratuite et d'autres bonus d'Elfsight.","robots":{"index":"index","follow":"follow","max-snippet":"max-snippet:-1","max-image-preview":"max-image-preview:large","max-video-preview":"max-video-preview:-1"},"canonical":"https:\/\/elfsight.com\/fr\/facebook-chat-widget\/drupal\/","og_locale":"fr_FR","og_type":"article","og_title":"Facebook Chat - ajouter le module Messenger au site Drupal (en 2 minutes)","og_description":"Voici une chance de concevoir Facebook Chat et d\u2019int\u00e9grer le module Messenger \u00e0 votre site Web Drupal. Vous b\u00e9n\u00e9ficierez d'une assistance gratuite et d'autres bonus d'Elfsight.","og_url":"https:\/\/elfsight.com\/fr\/facebook-chat-widget\/drupal\/","og_site_name":"Elfsight FR","article_modified_time":"2025-07-09T17:20:42+00:00","twitter_card":"summary_large_image","twitter_misc":{"Dur\u00e9e de lecture estim\u00e9e":"3 minutes"},"schema":{"@context":"https:\/\/schema.org","@graph":[{"@type":"WebPage","@id":"https:\/\/elfsight.com\/fr\/facebook-chat-widget\/drupal\/","url":"https:\/\/elfsight.com\/fr\/facebook-chat-widget\/drupal\/","name":"Facebook Chat - ajouter le module Messenger au site Drupal (en 2 minutes)","isPartOf":{"@id":"https:\/\/elfsight.com\/fr\/#website"},"datePublished":"2024-05-03T06:35:31+00:00","dateModified":"2025-07-09T17:20:42+00:00","description":"Voici une chance de concevoir Facebook Chat et d\u2019int\u00e9grer le module Messenger \u00e0 votre site Web Drupal. Vous b\u00e9n\u00e9ficierez d'une assistance gratuite et d'autres bonus d'Elfsight.","breadcrumb":{"@id":"https:\/\/elfsight.com\/fr\/facebook-chat-widget\/drupal\/#breadcrumb"},"inLanguage":"fr-FR","potentialAction":[{"@type":"ReadAction","target":["https:\/\/elfsight.com\/fr\/facebook-chat-widget\/drupal\/"]}]},{"@type":"BreadcrumbList","@id":"https:\/\/elfsight.com\/fr\/facebook-chat-widget\/drupal\/#breadcrumb","itemListElement":[{"@type":"ListItem","position":1,"name":"Home","item":"https:\/\/elfsight.com\/fr\/"},{"@type":"ListItem","position":2,"name":"Facebook Chat","item":"https:\/\/elfsight.com\/fr\/facebook-chat-widget\/"},{"@type":"ListItem","position":3,"name":"Facebook Chat &#8211; Drupal"}]},{"@type":"WebSite","@id":"https:\/\/elfsight.com\/fr\/#website","url":"https:\/\/elfsight.com\/fr\/","name":"Elfsight FR","description":"","potentialAction":[{"@type":"SearchAction","target":{"@type":"EntryPoint","urlTemplate":"https:\/\/elfsight.com\/fr\/?s={search_term_string}"},"query-input":{"@type":"PropertyValueSpecification","valueRequired":true,"valueName":"search_term_string"}}],"inLanguage":"fr-FR"}]}},"meta_box":{"industry":"","seo_heading":"","heading":"","description":"","cta_heading":"","cta_description":"","application":"1406","h1":"Module Drupal Facebook Messenger","h1_caption":"Ajoutez un module de discussion Facebook Messenger \u00e0 votre site Web, offrant ainsi aux utilisateurs un moyen simple de vous contacter sans effort sur votre site Web Drupal.","application_category":[],"applications_title":"","applications_request_title":"","applications_request_button_text":"","hero_text":"","hero_video":"","hero_video_schema_markup":"","selling_points_title":"","selling_points_caption":"","selling_points":[],"selling_points_cta_text":"","features_title":"","features":"","ed_cta_examples_text":"","ed_cta_examples_hidden":"","ed_cta_demo_text":"","ed_cta_demo_hidden":"","why_caption":"","why_editor_title":"","why_editor_text":"","why_team_title":"","why_team_text":"","why_service_title":"","why_service_text":"","template_catalog_visible":"","template_catalog_title":"","template_catalog_text":"","template_catalog_categories_visible":"","demo_title":"Cr\u00e9ez votre module de chat Facebook","demo_caption":"Configurez votre chat Facebook et ajoutez-le gratuitement \u00e0 votre site Drupal !","default_faq_hidden":"","app_template_category":[],"platform":"351","template_public_id":"","codecanyon_url":"","codecanyon_item_id":"","codecanyon_price":"","pricing_caption":"","pricing_elfsight_apps_hide_column":"","pricing_elfsight_apps_url":"","pricing_codecanyon_price_caption":"","integration_category":[],"integration_request_title":"","integration_request_cta":"","integration_platform":"","integrations":[],"platform_category":[],"video_schema_markup":"","price":"\u00e0 partir de 0$ \/ mois","trial":"","benefits":[{"text":"Aide \u00e0 l'installation gratuite"},{"text":"Service client comp\u00e9tent"},{"text":"Garantie de remboursement de 14 jours"},{"text":"Mises \u00e0 jour \u00e0 vie"}],"button_url":"#demo","button_target_blank":"","button_nofollow":"","attributes":[{"name":"Installations","content":"10,000 - 100,000"},{"name":"Sensible","content":"Oui"},{"name":"Navigateurs compatibles","content":"IE11, Firefox, Safari, Opera, Chrome, Edge"}],"tags":[],"tags_disable_links":"","hide_more_platforms":"","video_object":"","demo_hide_cta":"","demo_hide_cloud_options":"","pricing_title":"","pricing":[{"pricing_icon":"platform","pricing_title":"Elfsight Apps","pricing_title_caption":"Logiciel ind\u00e9pendant de la plate-forme qui convient \u00e0 n'importe quel site Web","pricing_price":"from $0 \/ month","pricing_price_caption":"commencez avec un forfait gratuit","pricing_benefits":[{"text":"Domaines illimit\u00e9s"},{"text":"Accompagnement professionnel et bien document\u00e9"},{"text":"Assistance \u00e0 l'installation gratuite"},{"text":"Assistance \u00e0 l'installation gratuite"}],"pricing_button_text":"Ajouter au site Web","pricing_button_url":"#demo"}],"related_apps_title":"","related_apps_hidden":"","author":"","image":[],"title":"","job":"","social_networks":[]},"_links":{"self":[{"href":"https:\/\/elfsight.com\/fr\/wp-json\/wp\/v2\/pages\/13388","targetHints":{"allow":["GET"]}}],"collection":[{"href":"https:\/\/elfsight.com\/fr\/wp-json\/wp\/v2\/pages"}],"about":[{"href":"https:\/\/elfsight.com\/fr\/wp-json\/wp\/v2\/types\/page"}],"author":[{"embeddable":true,"href":"https:\/\/elfsight.com\/fr\/wp-json\/wp\/v2\/users\/9"}],"replies":[{"embeddable":true,"href":"https:\/\/elfsight.com\/fr\/wp-json\/wp\/v2\/comments?post=13388"}],"version-history":[{"count":1,"href":"https:\/\/elfsight.com\/fr\/wp-json\/wp\/v2\/pages\/13388\/revisions"}],"predecessor-version":[{"id":13392,"href":"https:\/\/elfsight.com\/fr\/wp-json\/wp\/v2\/pages\/13388\/revisions\/13392"}],"up":[{"embeddable":true,"href":"https:\/\/elfsight.com\/fr\/wp-json\/wp\/v2\/pages\/1415"}],"wp:attachment":[{"href":"https:\/\/elfsight.com\/fr\/wp-json\/wp\/v2\/media?parent=13388"}],"curies":[{"name":"wp","href":"https:\/\/api.w.org\/{rel}","templated":true}]}}