{"id":13387,"date":"2024-05-03T06:35:30","date_gmt":"2024-05-03T06:35:30","guid":{"rendered":"https:\/\/elfsight.com\/fr\/?page_id=13387"},"modified":"2025-07-09T17:22:20","modified_gmt":"2025-07-09T17:22:20","slug":"weebly","status":"publish","type":"page","link":"https:\/\/elfsight.com\/fr\/facebook-chat-widget\/weebly\/","title":{"rendered":"Facebook Chat &#8211; Weebly"},"content":{"rendered":"<div class=\"application-platform-content-item-description application-platform-content-item\" id=\"description\" data-nav-section=\"description\"> <h2>Description<\/h2> <p>Facebook Chat Box d\u00e9velopp\u00e9 par Elfsight est un moyen simple pour le public de votre site Web de rester en contact avec vous et d&rsquo;obtenir leurs questions ont r\u00e9pondu. Restez disponible d\u00e8s maintenant pour vos visiteurs dans la messagerie populaire o\u00f9 que vous soyez. Ajoutez le Live Chat sur votre boutique et laissez-le appara\u00eetre sans limitations, ou uniquement sur des pages sp\u00e9cifiques ou pour des types de clients choisis\u00a0; attribuez des d\u00e9clencheurs de d\u00e9marrage de discussion, cr\u00e9ez votre propre message de bienvenue, alignez les ic\u00f4nes et bien plus encore. Gr\u00e2ce \u00e0 Facebook Messenger, vous resterez en contact avec vos clients \u00e0 tout moment et de n&rsquo;importe o\u00f9. <\/p> <div class=\"faq\" data-component=\"FAQ\"> <div class=\"faq-item\">\r\n\t\t\t\t\t<div class=\"faq-item-question\">\r\n\t\t\t\t\t\t<h3 class=\"faq-item-question-text\">O\u00f9 sur mon site puis-je int\u00e9grer le chat Facebook<\/h3>\r\n\r\n\t\t\t\t\t\t<div class=\"faq-item-question-icon\"><\/div>\r\n\t\t\t\t\t<\/div>\r\n\r\n\t\t\t\t\t<div class=\"faq-item-answer\">\r\n\t\t\t\t\t\t<div class=\"faq-item-answer-text\"> <p>Notre messagerie peut tr\u00e8s bien fonctionner \u00e0 la fois sur toutes les pages de votre site et sur les pages s\u00e9lectionn\u00e9es uniquement. Une autre option consiste simplement \u00e0 exclure les pages sur lesquelles vous n\u2019avez pas besoin du widget. <\/p> <\/div>\r\n\t\t\t\t\t<\/div>\r\n\t\t\t\t<\/div> <div class=\"faq-item\">\r\n\t\t\t\t\t<div class=\"faq-item-question\">\r\n\t\t\t\t\t\t<h3 class=\"faq-item-question-text\">Quels sont les avantages d'avoir un chat en direct pour moi ?<\/h3>\r\n\r\n\t\t\t\t\t\t<div class=\"faq-item-question-icon\"><\/div>\r\n\t\t\t\t\t<\/div>\r\n\r\n\t\t\t\t\t<div class=\"faq-item-answer\">\r\n\t\t\t\t\t\t<div class=\"faq-item-answer-text\"> <p>Ce plugin permettra aux visiteurs de vous joindre plus facilement avec leurs questions, demandes de renseignements ou probl\u00e8mes. Cela peut aider \u00e0 augmenter le nombre de prospects et d\u2019achats dans votre magasin. De plus, des r\u00e9ponses rapides et une approche personnalis\u00e9e des personnes \u00e9l\u00e8veront le niveau de vos relations clients. <\/p> <\/div>\r\n\t\t\t\t\t<\/div>\r\n\t\t\t\t<\/div> <div class=\"faq-item\">\r\n\t\t\t\t\t<div class=\"faq-item-question\">\r\n\t\t\t\t\t\t<h3 class=\"faq-item-question-text\">Comment ajouter Facebook Chat \u00e0 mon site Weebly ?<\/h3>\r\n\r\n\t\t\t\t\t\t<div class=\"faq-item-question-icon\"><\/div>\r\n\t\t\t\t\t<\/div>\r\n\r\n\t\t\t\t\t<div class=\"faq-item-answer\">\r\n\t\t\t\t\t\t<div class=\"faq-item-answer-text\"> <p>Vous n&rsquo;avez besoin que d&rsquo;une minute de votre temps pour que le widget soit op\u00e9rationnel. Son int\u00e9gration est tr\u00e8s rapide, gratuite et sans codage. <\/p> <p>La messagerie Facebook Elfsight peut \u00eatre ajout\u00e9e via notre service ou via la place de march\u00e9. Vous pouvez en savoir plus sur les deux variantes et d\u00e9cider laquelle est la v\u00f4tre. <\/p> <\/div>\r\n\t\t\t\t\t<\/div>\r\n\t\t\t\t<\/div> <\/div> <\/div> <div class=\"application-platform-content-item-features application-platform-content-item\" id=\"features\" data-nav-section=\"features\"> <h2>Fonctionnalit\u00e9s<\/h2> <p>Pour bien comprendre la fonctionnalit\u00e9 du widget, consultez la liste des ses caract\u00e9ristiques essentielles. Ils rendent ce widget incroyablement b\u00e9n\u00e9fique pour votre site Web\u00a0: <\/p> <ul><li>Introduisez Facebook Messenger sur votre site Web pour rester en contact avec les visiteurs\u00a0; <\/li><li>R\u00e9pondez aux messages directement depuis votre page Facebook\u00a0; <\/li><li>Utilisez 3 types d&#8217;emplacement de discussion\u00a0: bulle flottante, bulle int\u00e9gr\u00e9e et fen\u00eatre de discussion int\u00e9gr\u00e9e\u00a0; <\/li><li>Explorez une biblioth\u00e8que d&rsquo;ic\u00f4nes de bulles parmi lesquelles choisir\u00a0; <\/li><li>Entrez votre texte unique de la bulle de discussion. <\/li><\/ul><p><a href=\"#demo\">Voir la liste compl\u00e8te des fonctionnalit\u00e9s dans notre d\u00e9mo en direct<\/a><\/p> <\/div><div class=\"application-platform-content-item-installation application-platform-content-item\" id=\"installation\" data-nav-section=\"installation\"> <h2>D\u00e9couvrez comment ajouter le chat Facebook \u00e0 votre site Web Weebly<\/h2><div class=\"video-container\"><iframe width=\"720\" height=\"405\" src=\"https:\/\/www.youtube.com\/embed\/BWvWoNWaFFw\" frameborder=\"0\" allowfullscreen=\"\"><\/iframe><\/div><p>Effectuez simplement plusieurs actions d\u00e9crites ci-dessous pour que le widget soit op\u00e9rationnel. <\/p> <ol><li><b>G\u00e9rez notre d\u00e9mo gratuite et commencez \u00e0 cr\u00e9er votre application personnalis\u00e9e. <\/b><br> Recherchez l&rsquo;interface et les options appropri\u00e9es de l&rsquo;application et enregistrez toutes les modifications. <\/li> <li><b>Copiez votre code personnel affich\u00e9 dans la fen\u00eatre sur les applications Elfsight. <\/b><br> Juste une fois la cr\u00e9ation de votre application personnelle termin\u00e9e, copiez votre code de la bo\u00eete qui appara\u00eet et conservez-le pour d&rsquo;autres besoins. <\/li> <li><b>Commencez l&rsquo;application de l&rsquo;application sur la page Web Weebly. <\/b><br> Ajoutez le code que vous avez copi\u00e9 r\u00e9cemment dans votre page et enregistrez les ajustements. <\/li> <li><b>Fait\u00a0! L&rsquo;installation est termin\u00e9e avec succ\u00e8s. <\/b><br> Acc\u00e9dez \u00e0 votre site Web pour voir comment fonctionne l&rsquo;application. <\/li><\/ol><p>Vous n&rsquo;arrivez toujours pas \u00e0 vous d\u00e9cider\u00a0? Ou vous avez des questions ? Une simple demande \u00e0 notre \u00e9quipe d&rsquo;assistance r\u00e9soudra tout probl\u00e8me. <\/p> <\/div>","protected":false},"excerpt":{"rendered":"","protected":false},"author":9,"featured_media":0,"parent":1415,"menu_order":0,"comment_status":"closed","ping_status":"closed","template":"templates\/template-application-platform.php","meta":{"publish_to_discourse":"","publish_post_category":"","wpdc_auto_publish_overridden":"","wpdc_topic_tags":"","wpdc_pin_topic":"","wpdc_pin_until":"","discourse_post_id":"","discourse_permalink":"","wpdc_publishing_response":"","wpdc_publishing_error":"","footnotes":""},"class_list":["post-13387","page","type-page","status-publish","hentry"],"yoast_head":"<!-- This site is optimized with the Yoast SEO plugin v25.3.1 - https:\/\/yoast.com\/wordpress\/plugins\/seo\/ -->\n<title>Facebook Chat - ajoutez l&#039;application Messenger au site Web Weebly (en 2 minutes)<\/title>\n<meta name=\"description\" content=\"Avec Elfsight, fa\u00e7onnez votre chat Facebook et publiez-le sur le site Weebly rapidement et facilement. Nous disposons d&#039;un support client gratuit et d&#039;autres bonus.\" \/>\n<meta name=\"robots\" content=\"index, follow, max-snippet:-1, max-image-preview:large, max-video-preview:-1\" \/>\n<link rel=\"canonical\" href=\"https:\/\/elfsight.com\/fr\/facebook-chat-widget\/weebly\/\" \/>\n<meta property=\"og:locale\" content=\"fr_FR\" \/>\n<meta property=\"og:type\" content=\"article\" \/>\n<meta property=\"og:title\" content=\"Facebook Chat - ajoutez l&#039;application Messenger au site Web Weebly (en 2 minutes)\" \/>\n<meta property=\"og:description\" content=\"Avec Elfsight, fa\u00e7onnez votre chat Facebook et publiez-le sur le site Weebly rapidement et facilement. Nous disposons d&#039;un support client gratuit et d&#039;autres bonus.\" \/>\n<meta property=\"og:url\" content=\"https:\/\/elfsight.com\/fr\/facebook-chat-widget\/weebly\/\" \/>\n<meta property=\"og:site_name\" content=\"Elfsight FR\" \/>\n<meta property=\"article:modified_time\" content=\"2025-07-09T17:22:20+00:00\" \/>\n<meta name=\"twitter:card\" content=\"summary_large_image\" \/>\n<meta name=\"twitter:label1\" content=\"Dur\u00e9e de lecture estim\u00e9e\" \/>\n\t<meta name=\"twitter:data1\" content=\"3 minutes\" \/>\n<!-- \/ Yoast SEO plugin. -->","yoast_head_json":{"title":"Facebook Chat - ajoutez l'application Messenger au site Web Weebly (en 2 minutes)","description":"Avec Elfsight, fa\u00e7onnez votre chat Facebook et publiez-le sur le site Weebly rapidement et facilement. Nous disposons d'un support client gratuit et d'autres bonus.","robots":{"index":"index","follow":"follow","max-snippet":"max-snippet:-1","max-image-preview":"max-image-preview:large","max-video-preview":"max-video-preview:-1"},"canonical":"https:\/\/elfsight.com\/fr\/facebook-chat-widget\/weebly\/","og_locale":"fr_FR","og_type":"article","og_title":"Facebook Chat - ajoutez l'application Messenger au site Web Weebly (en 2 minutes)","og_description":"Avec Elfsight, fa\u00e7onnez votre chat Facebook et publiez-le sur le site Weebly rapidement et facilement. Nous disposons d'un support client gratuit et d'autres bonus.","og_url":"https:\/\/elfsight.com\/fr\/facebook-chat-widget\/weebly\/","og_site_name":"Elfsight FR","article_modified_time":"2025-07-09T17:22:20+00:00","twitter_card":"summary_large_image","twitter_misc":{"Dur\u00e9e de lecture estim\u00e9e":"3 minutes"},"schema":{"@context":"https:\/\/schema.org","@graph":[{"@type":"WebPage","@id":"https:\/\/elfsight.com\/fr\/facebook-chat-widget\/weebly\/","url":"https:\/\/elfsight.com\/fr\/facebook-chat-widget\/weebly\/","name":"Facebook Chat - ajoutez l'application Messenger au site Web Weebly (en 2 minutes)","isPartOf":{"@id":"https:\/\/elfsight.com\/fr\/#website"},"datePublished":"2024-05-03T06:35:30+00:00","dateModified":"2025-07-09T17:22:20+00:00","description":"Avec Elfsight, fa\u00e7onnez votre chat Facebook et publiez-le sur le site Weebly rapidement et facilement. Nous disposons d'un support client gratuit et d'autres bonus.","breadcrumb":{"@id":"https:\/\/elfsight.com\/fr\/facebook-chat-widget\/weebly\/#breadcrumb"},"inLanguage":"fr-FR","potentialAction":[{"@type":"ReadAction","target":["https:\/\/elfsight.com\/fr\/facebook-chat-widget\/weebly\/"]}]},{"@type":"BreadcrumbList","@id":"https:\/\/elfsight.com\/fr\/facebook-chat-widget\/weebly\/#breadcrumb","itemListElement":[{"@type":"ListItem","position":1,"name":"Home","item":"https:\/\/elfsight.com\/fr\/"},{"@type":"ListItem","position":2,"name":"Facebook Chat","item":"https:\/\/elfsight.com\/fr\/facebook-chat-widget\/"},{"@type":"ListItem","position":3,"name":"Facebook Chat &#8211; Weebly"}]},{"@type":"WebSite","@id":"https:\/\/elfsight.com\/fr\/#website","url":"https:\/\/elfsight.com\/fr\/","name":"Elfsight FR","description":"","potentialAction":[{"@type":"SearchAction","target":{"@type":"EntryPoint","urlTemplate":"https:\/\/elfsight.com\/fr\/?s={search_term_string}"},"query-input":{"@type":"PropertyValueSpecification","valueRequired":true,"valueName":"search_term_string"}}],"inLanguage":"fr-FR"}]}},"meta_box":{"industry":"","seo_heading":"","heading":"","description":"","cta_heading":"","cta_description":"","application":"1406","h1":"Application Weebly Facebook Messenger","h1_caption":"Ajoutez une application de chat Facebook Messenger \u00e0 votre site Web, offrant ainsi aux utilisateurs un moyen simple de vous contacter sans effort sur votre site Web Weebly.","application_category":[],"applications_title":"","applications_request_title":"","applications_request_button_text":"","hero_text":"","hero_video":"","hero_video_schema_markup":"","selling_points_title":"","selling_points_caption":"","selling_points":[],"selling_points_cta_text":"","features_title":"","features":"","ed_cta_examples_text":"","ed_cta_examples_hidden":"","ed_cta_demo_text":"","ed_cta_demo_hidden":"","why_caption":"","why_editor_title":"","why_editor_text":"","why_team_title":"","why_team_text":"","why_service_title":"","why_service_text":"","template_catalog_visible":"","template_catalog_title":"","template_catalog_text":"","template_catalog_categories_visible":"","demo_title":"Cr\u00e9ez votre application Facebook Chat","demo_caption":"Configurez votre chat Facebook et ajoutez-le \u00e0 votre site Web Weebly gratuitement !","default_faq_hidden":"","app_template_category":[],"platform":"363","template_public_id":"","codecanyon_url":"","codecanyon_item_id":"","codecanyon_price":"","pricing_caption":"","pricing_elfsight_apps_hide_column":"","pricing_elfsight_apps_url":"","pricing_codecanyon_price_caption":"","integration_category":[],"integration_request_title":"","integration_request_cta":"","integration_platform":"","integrations":[],"platform_category":[],"video_schema_markup":"","price":"\u00e0 partir de 0$ \/ mois","trial":"","benefits":[{"text":"Aide \u00e0 l'installation gratuite"},{"text":"Service client comp\u00e9tent"},{"text":"Garantie de remboursement de 14 jours"},{"text":"Am\u00e9liorations gratuites \u00e0 vie"}],"button_url":"#demo","button_target_blank":"","button_nofollow":"","attributes":[{"name":"Installations","content":"10,000 - 100,000"},{"name":"Sensible","content":"Oui"},{"name":"Navigateurs compatibles","content":"Firefox, Safari, Opera, Chrome, Edge"}],"tags":[],"tags_disable_links":"","hide_more_platforms":"","video_object":"","demo_hide_cta":"","demo_hide_cloud_options":"","pricing_title":"","pricing":[{"pricing_icon":"cloud","pricing_title":"Elfsight Apps","pricing_title_caption":"Solution num\u00e9rique multiplateforme","pricing_price":"from $0 \/ month","pricing_price_caption":"commencez avec un forfait gratuit","pricing_benefits":[{"text":"Sites Web illimit\u00e9s"},{"text":"Assistance rapide de l'entreprise"},{"text":"Aide \u00e0 l'installation gratuite"},{"text":"Conception flexible"}],"pricing_button_text":"Ajouter au site Web","pricing_button_url":"#demo"}],"related_apps_title":"","related_apps_hidden":"","author":"","image":[],"title":"","job":"","social_networks":[]},"_links":{"self":[{"href":"https:\/\/elfsight.com\/fr\/wp-json\/wp\/v2\/pages\/13387","targetHints":{"allow":["GET"]}}],"collection":[{"href":"https:\/\/elfsight.com\/fr\/wp-json\/wp\/v2\/pages"}],"about":[{"href":"https:\/\/elfsight.com\/fr\/wp-json\/wp\/v2\/types\/page"}],"author":[{"embeddable":true,"href":"https:\/\/elfsight.com\/fr\/wp-json\/wp\/v2\/users\/9"}],"replies":[{"embeddable":true,"href":"https:\/\/elfsight.com\/fr\/wp-json\/wp\/v2\/comments?post=13387"}],"version-history":[{"count":2,"href":"https:\/\/elfsight.com\/fr\/wp-json\/wp\/v2\/pages\/13387\/revisions"}],"predecessor-version":[{"id":15193,"href":"https:\/\/elfsight.com\/fr\/wp-json\/wp\/v2\/pages\/13387\/revisions\/15193"}],"up":[{"embeddable":true,"href":"https:\/\/elfsight.com\/fr\/wp-json\/wp\/v2\/pages\/1415"}],"wp:attachment":[{"href":"https:\/\/elfsight.com\/fr\/wp-json\/wp\/v2\/media?parent=13387"}],"curies":[{"name":"wp","href":"https:\/\/api.w.org\/{rel}","templated":true}]}}